{"id":17852,"date":"2024-11-01T11:09:16","date_gmt":"2024-11-01T11:09:16","guid":{"rendered":"https:\/\/barrsell.com\/?post_type=product&#038;p=17852"},"modified":"2024-11-26T10:50:42","modified_gmt":"2024-11-26T10:50:42","slug":"carel-dp045d30ru-buhar-dagitim-borusu","status":"publish","type":"product","link":"https:\/\/barrsell.com\/en\/product\/carel-dp045d30ru-steam-distribution-pipe\/","title":{"rendered":"Carel DP045D30RU Steam Distribution Tube"},"content":{"rendered":"<h2><strong>Carel DP045D30RU Steam Distribution Tube<\/strong><\/h2>\n<p class=\" translation-block\">Carel DP045D30RU Steam Distribution Pipe is a component designed for efficient and reliable distribution of steam in industrial and commercial HVAC (Heating, Ventilation and Air Conditioning) systems. It consists of high quality material. At the same time, its robust construction ensures maximum performance even under harsh operating conditions. Specifically developed to ensure energy efficiency and increase the safety of systems, <a href=\"\/\/barrsell.com\/kategoriler\/buhar-jeneratorleri-nemlendiriciler\/carel-buharli-nemlendirici\/\u201d\" target=\"\u201c_self\u201d\">Carel<\/a> DP045D30RU offers an ideal solution to meet the needs of the industry.<\/p>\n<p><strong>Features<\/strong><\/p>\n<table width=\"0\">\n<tbody>\n<tr>\n<td colspan=\"2\">Learn More<\/td>\n<\/tr>\n<tr>\n<td>Manufacturer<\/td>\n<td>Carel<\/td>\n<\/tr>\n<tr>\n<td>Product Type<\/td>\n<td><a href=\"https:\/\/barrsell.com\/en\/kategoriler\/buhar-jeneratorleri-nemlendiriciler\/carel-buharli-nemlendirici\/\">Humidification<\/a><\/td>\n<\/tr>\n<tr>\n<td>Product Length<\/td>\n<td>20.5 inches (52,070 cm)<\/td>\n<\/tr>\n<tr>\n<td>Product Width<\/td>\n<td>3.95 inches (10.033 cm)<\/td>\n<\/tr>\n<tr>\n<td>Product Height<\/td>\n<td>3.95 inches (10.033 cm)<\/td>\n<\/tr>\n<tr>\n<td>Product Weight<\/td>\n<td>1,47 lbs (0,667 kg)<\/td>\n<\/tr>\n<tr>\n<td>Shipping Length<\/td>\n<td>22.1 inches (56.134 cm)<\/td>\n<\/tr>\n<tr>\n<td>Transmission Width<\/td>\n<td>5.2 inches (13.208 cm)<\/td>\n<\/tr>\n<tr>\n<td>Transportation Height<\/td>\n<td>5.2 inches (13.208 cm)<\/td>\n<\/tr>\n<\/tbody>\n<\/table>\n<h4><strong>Technical Specifications<\/strong><\/h4>\n<ul>\n<li class=\" translation-block\"><strong>Material:<\/strong> Carel DP045D30RU has high temperature and pressure resistance. It consists of special formula metallic material. This ensures safe transportation of steam.<\/li>\n<li><strong>Measurements:<\/strong>\n<ul>\n<li><strong>Diameter:<\/strong> 45 mm<\/li>\n<li><strong>Length<\/strong> 3000 mm (3 metre)<\/li>\n<\/ul>\n<\/li>\n<\/ul>\n<p>These dimensions allow it to be used in a wide range of applications and offer flexible mounting options.<\/p>\n<ul>\n<li class=\" translation-block\"><strong>Temperature Range:<\/strong> Operates smoothly between 0 \u00b0C and 180 \u00b0C. This makes it suitable for many industrial applications.<\/li>\n<li class=\" translation-block\"><strong>Pressure Resistance:<\/strong> Withstands a maximum pressure of 10 bar. It also increases safety in high efficiency systems.<\/li>\n<li class=\" translation-block\"><strong>Corrosion Resistance: The special coating of Steam Distribution Pipe<\/strong> makes it resistant to corrosion and abrasion, making it ideal for long-term use.<\/li>\n<\/ul>","protected":false},"excerpt":{"rendered":"<ul>\n<li>Product Length 20.5 inches (52.070 cm)<\/li>\n<li>Product Width3.95 inches (10.033 cm)<\/li>\n<li>Product Height3.95 inches (10.033 cm)<\/li>\n<\/ul>","protected":false},"featured_media":17853,"template":"","meta":[],"product_cat":[136],"product_tag":[],"class_list":{"0":"post-17852","1":"product","2":"type-product","3":"status-publish","4":"has-post-thumbnail","6":"product_cat-carel-yedek-parcalari","8":"first","9":"instock","10":"shipping-taxable","11":"product-type-external"},"yoast_head":"<!-- This site is optimized with the Yoast SEO Premium plugin v23.2 (Yoast SEO v23.2) - https:\/\/yoast.com\/wordpress\/plugins\/seo\/ -->\n<title>Carel DP045D30RU Buhar Da\u011f\u0131t\u0131m Borusu | Barrsell End\u00fcstri<\/title>\n<meta name=\"description\" content=\"Carel DP045D30RU Buhar Da\u011f\u0131t\u0131m Borusu, HVAC sistemlerinde buhar\u0131n etkin ve g\u00fcvenilir bir \u015fekilde da\u011f\u0131t\u0131lmas\u0131 amac\u0131yla tasarlanm\u0131\u015ft\u0131r.\" \/>\n<meta name=\"robots\" content=\"index, follow, max-snippet:-1, max-image-preview:large, max-video-preview:-1\" \/>\n<link rel=\"canonical\" href=\"https:\/\/barrsell.com\/en\/product\/carel-dp045d30ru-steam-distribution-pipe\/\" \/>\n<meta property=\"og:locale\" content=\"en_US\" \/>\n<meta property=\"og:type\" content=\"article\" \/>\n<meta property=\"og:title\" content=\"Carel DP045D30RU Buhar Da\u011f\u0131t\u0131m Borusu\" \/>\n<meta property=\"og:description\" content=\"Carel DP045D30RU Buhar Da\u011f\u0131t\u0131m Borusu, HVAC sistemlerinde buhar\u0131n etkin ve g\u00fcvenilir bir \u015fekilde da\u011f\u0131t\u0131lmas\u0131 amac\u0131yla tasarlanm\u0131\u015ft\u0131r.\" \/>\n<meta property=\"og:url\" content=\"https:\/\/barrsell.com\/en\/product\/carel-dp045d30ru-steam-distribution-pipe\/\" \/>\n<meta property=\"og:site_name\" content=\"Barrsell\" \/>\n<meta property=\"article:modified_time\" content=\"2024-11-26T10:50:42+00:00\" \/>\n<meta property=\"og:image\" content=\"https:\/\/barrsell.com\/wp-content\/uploads\/2024\/11\/Carel-DP045D30RU-Buhar-Dagitim-Borusu.png\" \/>\n\t<meta property=\"og:image:width\" content=\"1200\" \/>\n\t<meta property=\"og:image:height\" content=\"1200\" \/>\n\t<meta property=\"og:image:type\" content=\"image\/png\" \/>\n<meta name=\"twitter:card\" content=\"summary_large_image\" \/>\n<meta name=\"twitter:label1\" content=\"Est. reading time\" \/>\n\t<meta name=\"twitter:data1\" content=\"2 minutes\" \/>\n<script type=\"application\/ld+json\" class=\"yoast-schema-graph\">{\"@context\":\"https:\/\/schema.org\",\"@graph\":[{\"@type\":\"WebPage\",\"@id\":\"https:\/\/barrsell.com\/urun\/carel-dp045d30ru-buhar-dagitim-borusu\/\",\"url\":\"https:\/\/barrsell.com\/urun\/carel-dp045d30ru-buhar-dagitim-borusu\/\",\"name\":\"Carel DP045D30RU Buhar Da\u011f\u0131t\u0131m Borusu | Barrsell End\u00fcstri\",\"isPartOf\":{\"@id\":\"https:\/\/barrsell.com\/#website\"},\"primaryImageOfPage\":{\"@id\":\"https:\/\/barrsell.com\/urun\/carel-dp045d30ru-buhar-dagitim-borusu\/#primaryimage\"},\"image\":{\"@id\":\"https:\/\/barrsell.com\/urun\/carel-dp045d30ru-buhar-dagitim-borusu\/#primaryimage\"},\"thumbnailUrl\":\"https:\/\/barrsell.com\/wp-content\/uploads\/2024\/11\/Carel-DP045D30RU-Buhar-Dagitim-Borusu.png\",\"datePublished\":\"2024-11-01T11:09:16+00:00\",\"dateModified\":\"2024-11-26T10:50:42+00:00\",\"description\":\"Carel DP045D30RU Buhar Da\u011f\u0131t\u0131m Borusu, HVAC sistemlerinde buhar\u0131n etkin ve g\u00fcvenilir bir \u015fekilde da\u011f\u0131t\u0131lmas\u0131 amac\u0131yla tasarlanm\u0131\u015ft\u0131r.\",\"breadcrumb\":{\"@id\":\"https:\/\/barrsell.com\/urun\/carel-dp045d30ru-buhar-dagitim-borusu\/#breadcrumb\"},\"inLanguage\":\"en-US\",\"potentialAction\":[{\"@type\":\"ReadAction\",\"target\":[\"https:\/\/barrsell.com\/urun\/carel-dp045d30ru-buhar-dagitim-borusu\/\"]}]},{\"@type\":\"ImageObject\",\"inLanguage\":\"en-US\",\"@id\":\"https:\/\/barrsell.com\/urun\/carel-dp045d30ru-buhar-dagitim-borusu\/#primaryimage\",\"url\":\"https:\/\/barrsell.com\/wp-content\/uploads\/2024\/11\/Carel-DP045D30RU-Buhar-Dagitim-Borusu.png\",\"contentUrl\":\"https:\/\/barrsell.com\/wp-content\/uploads\/2024\/11\/Carel-DP045D30RU-Buhar-Dagitim-Borusu.png\",\"width\":1200,\"height\":1200,\"caption\":\"Carel DP045D30RU Buhar Da\u011f\u0131t\u0131m Borusu\"},{\"@type\":\"BreadcrumbList\",\"@id\":\"https:\/\/barrsell.com\/urun\/carel-dp045d30ru-buhar-dagitim-borusu\/#breadcrumb\",\"itemListElement\":[{\"@type\":\"ListItem\",\"position\":1,\"name\":\"Home\",\"item\":\"https:\/\/barrsell.com\/\"},{\"@type\":\"ListItem\",\"position\":2,\"name\":\"\u00dcr\u00fcnler\",\"item\":\"https:\/\/barrsell.com\/en\/products\/\"},{\"@type\":\"ListItem\",\"position\":3,\"name\":\"Carel DP045D30RU Buhar Da\u011f\u0131t\u0131m Borusu\"}]},{\"@type\":\"WebSite\",\"@id\":\"https:\/\/barrsell.com\/#website\",\"url\":\"https:\/\/barrsell.com\/\",\"name\":\"Barrsell End\u00fcstri Makine\",\"description\":\"Teknolojiyle G\u00fc\u00e7lenen End\u00fcstriyel \u00c7\u00f6z\u00fcmler!\",\"potentialAction\":[{\"@type\":\"SearchAction\",\"target\":{\"@type\":\"EntryPoint\",\"urlTemplate\":\"https:\/\/barrsell.com\/?s={search_term_string}\"},\"query-input\":\"required name=search_term_string\"}],\"inLanguage\":\"en-US\"}]}<\/script>\n<!-- \/ Yoast SEO Premium plugin. -->","yoast_head_json":{"title":"Carel DP045D30RU Buhar Da\u011f\u0131t\u0131m Borusu | Barrsell End\u00fcstri","description":"Carel DP045D30RU Buhar Da\u011f\u0131t\u0131m Borusu, HVAC sistemlerinde buhar\u0131n etkin ve g\u00fcvenilir bir \u015fekilde da\u011f\u0131t\u0131lmas\u0131 amac\u0131yla tasarlanm\u0131\u015ft\u0131r.","robots":{"index":"index","follow":"follow","max-snippet":"max-snippet:-1","max-image-preview":"max-image-preview:large","max-video-preview":"max-video-preview:-1"},"canonical":"https:\/\/barrsell.com\/en\/product\/carel-dp045d30ru-steam-distribution-pipe\/","og_locale":"en_US","og_type":"article","og_title":"Carel DP045D30RU Buhar Da\u011f\u0131t\u0131m Borusu","og_description":"Carel DP045D30RU Buhar Da\u011f\u0131t\u0131m Borusu, HVAC sistemlerinde buhar\u0131n etkin ve g\u00fcvenilir bir \u015fekilde da\u011f\u0131t\u0131lmas\u0131 amac\u0131yla tasarlanm\u0131\u015ft\u0131r.","og_url":"https:\/\/barrsell.com\/en\/product\/carel-dp045d30ru-steam-distribution-pipe\/","og_site_name":"Barrsell","article_modified_time":"2024-11-26T10:50:42+00:00","og_image":[{"width":1200,"height":1200,"url":"https:\/\/barrsell.com\/wp-content\/uploads\/2024\/11\/Carel-DP045D30RU-Buhar-Dagitim-Borusu.png","type":"image\/png"}],"twitter_card":"summary_large_image","twitter_misc":{"Est. reading time":"2 minutes"},"schema":{"@context":"https:\/\/schema.org","@graph":[{"@type":"WebPage","@id":"https:\/\/barrsell.com\/urun\/carel-dp045d30ru-buhar-dagitim-borusu\/","url":"https:\/\/barrsell.com\/urun\/carel-dp045d30ru-buhar-dagitim-borusu\/","name":"Carel DP045D30RU Buhar Da\u011f\u0131t\u0131m Borusu | Barrsell End\u00fcstri","isPartOf":{"@id":"https:\/\/barrsell.com\/#website"},"primaryImageOfPage":{"@id":"https:\/\/barrsell.com\/urun\/carel-dp045d30ru-buhar-dagitim-borusu\/#primaryimage"},"image":{"@id":"https:\/\/barrsell.com\/urun\/carel-dp045d30ru-buhar-dagitim-borusu\/#primaryimage"},"thumbnailUrl":"https:\/\/barrsell.com\/wp-content\/uploads\/2024\/11\/Carel-DP045D30RU-Buhar-Dagitim-Borusu.png","datePublished":"2024-11-01T11:09:16+00:00","dateModified":"2024-11-26T10:50:42+00:00","description":"Carel DP045D30RU Buhar Da\u011f\u0131t\u0131m Borusu, HVAC sistemlerinde buhar\u0131n etkin ve g\u00fcvenilir bir \u015fekilde da\u011f\u0131t\u0131lmas\u0131 amac\u0131yla tasarlanm\u0131\u015ft\u0131r.","breadcrumb":{"@id":"https:\/\/barrsell.com\/urun\/carel-dp045d30ru-buhar-dagitim-borusu\/#breadcrumb"},"inLanguage":"en-US","potentialAction":[{"@type":"ReadAction","target":["https:\/\/barrsell.com\/urun\/carel-dp045d30ru-buhar-dagitim-borusu\/"]}]},{"@type":"ImageObject","inLanguage":"en-US","@id":"https:\/\/barrsell.com\/urun\/carel-dp045d30ru-buhar-dagitim-borusu\/#primaryimage","url":"https:\/\/barrsell.com\/wp-content\/uploads\/2024\/11\/Carel-DP045D30RU-Buhar-Dagitim-Borusu.png","contentUrl":"https:\/\/barrsell.com\/wp-content\/uploads\/2024\/11\/Carel-DP045D30RU-Buhar-Dagitim-Borusu.png","width":1200,"height":1200,"caption":"Carel DP045D30RU Buhar Da\u011f\u0131t\u0131m Borusu"},{"@type":"BreadcrumbList","@id":"https:\/\/barrsell.com\/urun\/carel-dp045d30ru-buhar-dagitim-borusu\/#breadcrumb","itemListElement":[{"@type":"ListItem","position":1,"name":"Home","item":"https:\/\/barrsell.com\/"},{"@type":"ListItem","position":2,"name":"\u00dcr\u00fcnler","item":"https:\/\/barrsell.com\/en\/products\/"},{"@type":"ListItem","position":3,"name":"Carel DP045D30RU Buhar Da\u011f\u0131t\u0131m Borusu"}]},{"@type":"WebSite","@id":"https:\/\/barrsell.com\/#website","url":"https:\/\/barrsell.com\/","name":"Barrsell End\u00fcstri Makine","description":"Teknolojiyle G\u00fc\u00e7lenen End\u00fcstriyel \u00c7\u00f6z\u00fcmler!","potentialAction":[{"@type":"SearchAction","target":{"@type":"EntryPoint","urlTemplate":"https:\/\/barrsell.com\/?s={search_term_string}"},"query-input":"required name=search_term_string"}],"inLanguage":"en-US"}]}},"_links":{"self":[{"href":"https:\/\/barrsell.com\/en\/wp-json\/wp\/v2\/product\/17852","targetHints":{"allow":["GET"]}}],"collection":[{"href":"https:\/\/barrsell.com\/en\/wp-json\/wp\/v2\/product"}],"about":[{"href":"https:\/\/barrsell.com\/en\/wp-json\/wp\/v2\/types\/product"}],"version-history":[{"count":8,"href":"https:\/\/barrsell.com\/en\/wp-json\/wp\/v2\/product\/17852\/revisions"}],"predecessor-version":[{"id":18593,"href":"https:\/\/barrsell.com\/en\/wp-json\/wp\/v2\/product\/17852\/revisions\/18593"}],"wp:featuredmedia":[{"embeddable":true,"href":"https:\/\/barrsell.com\/en\/wp-json\/wp\/v2\/media\/17853"}],"wp:attachment":[{"href":"https:\/\/barrsell.com\/en\/wp-json\/wp\/v2\/media?parent=17852"}],"wp:term":[{"taxonomy":"product_cat","embeddable":true,"href":"https:\/\/barrsell.com\/en\/wp-json\/wp\/v2\/product_cat?post=17852"},{"taxonomy":"product_tag","embeddable":true,"href":"https:\/\/barrsell.com\/en\/wp-json\/wp\/v2\/product_tag?post=17852"}],"curies":[{"name":"wp","href":"https:\/\/api.w.org\/{rel}","templated":true}]}}