{"id":17848,"date":"2024-11-01T10:12:34","date_gmt":"2024-11-01T10:12:34","guid":{"rendered":"https:\/\/barrsell.com\/?post_type=product&#038;p=17848"},"modified":"2024-11-26T10:53:20","modified_gmt":"2024-11-26T10:53:20","slug":"carel-ugkts00000-buhar-borusu","status":"publish","type":"product","link":"https:\/\/barrsell.com\/en\/product\/carel-ugkts00000-steam-pipe\/","title":{"rendered":"Carel UGKTS00000 Steam Tube"},"content":{"rendered":"<h2><strong>Carel UGKTS00000 Steam Tube<\/strong><\/h2>\n<p class=\" translation-block\">Carel UGKTS00000 <strong>Steam Pipe<\/strong> is a high quality component for the efficient transportation of steam in HVAC (Heating, Ventilation and Air Conditioning) systems. It offers a reliable solution in industrial and commercial applications, especially with its durable structure and superior performance. This pipe also helps steam distribution systems to operate safely and efficiently. However, it is designed to provide energy efficiency.<\/p>\n<h4><strong>Features<\/strong><\/h4>\n<table style=\"height: 682px;\" width=\"327\">\n<tbody>\n<tr>\n<td colspan=\"2\">Learn More<\/td>\n<\/tr>\n<tr>\n<td>Manufacturer<\/td>\n<td>Carel<\/td>\n<\/tr>\n<tr>\n<td>Product Type<\/td>\n<td><a href=\"https:\/\/barrsell.com\/en\/kategoriler\/buhar-jeneratorleri-nemlendiriciler\/carel-buharli-nemlendirici\/\">Humidification<\/a><\/td>\n<\/tr>\n<tr>\n<td>Included Quantity<\/td>\n<td>1<\/td>\n<\/tr>\n<tr>\n<td>Product Length<\/td>\n<td>67,5 in\u00e7 (171,450 cm)<\/td>\n<\/tr>\n<tr>\n<td>Product Width<\/td>\n<td>1,25 in\u00e7 (3,175 cm)<\/td>\n<\/tr>\n<tr>\n<td>Product Height<\/td>\n<td>1,25 in\u00e7 (3,175 cm)<\/td>\n<\/tr>\n<tr>\n<td>Product Weight<\/td>\n<td>1,75 lbs (0,794 kg)<\/td>\n<\/tr>\n<tr>\n<td>Shipping Length<\/td>\n<td>15 in\u00e7 (38.100 cm)<\/td>\n<\/tr>\n<tr>\n<td>Transmission Width<\/td>\n<td>15 in\u00e7 (38.100 cm)<\/td>\n<\/tr>\n<tr>\n<td>Transportation Height<\/td>\n<td>4 in\u00e7 (10,160 cm)<\/td>\n<\/tr>\n<\/tbody>\n<\/table>\n<h4><strong>Technical Specifications<\/strong><\/h4>\n<ul>\n<li class=\" translation-block\"><strong>Material Quality:<\/strong> Carel UGKTS00000 is made of special materials resistant to high temperature and pressure. It also ensures safe transportation of steam and offers long-lasting use at the same time.<\/li>\n<li class=\" translation-block\"><strong>Capacity:<\/strong> This pipe is designed to support high flow rate steam flow. It provides the high performance required in industrial applications.<\/li>\n<li class=\" translation-block\"><strong>Size and Length:<\/strong> <em>Carel UGKTS00000<\/em> is available in various size and length options. As a result, this allows users to choose a solution to suit their system requirements.<\/li>\n<li class=\" translation-block\"><strong>Easy Assembly:<\/strong> Thanks to its user-friendly design, you can perform assembly operations quickly and easily. This feature therefore reduces installation time and increases operational efficiency.<\/li>\n<li class=\" translation-block\"><strong>Low Energy Loss:<\/strong> The steam pipe is designed to minimize energy loss during the transportation of steam. This also helps businesses to reduce energy costs.<\/li>\n<\/ul>\n<h4><strong>Application Areas<\/strong><\/h4>\n<ul>\n<li class=\" translation-block\"><strong>HVAC Systems:<\/strong> You can use it for steam transportation in air conditioning and ventilation systems. The high capacity steam pipe offers an effective solution especially in these systems.<\/li>\n<li class=\" translation-block\"><strong>Industrial Applications:<\/strong> Ideal for meeting steam requirements in production plants. High flow rate steam flow increases the efficiency of industrial processes.<\/li>\n<li class=\" translation-block\"><strong>Food and Pharmaceutical Industry:<\/strong> Preferred in applications requiring the use of steam under hygienic conditions. High temperature resistance offers a critical advantage in these industries.<\/li>\n<li class=\" translation-block\"><strong>Chemical and Petro-Chemical Industry:<\/strong> It can be used for the safe transportation and distribution of steam. Another noteworthy issue is its reliable performance thanks to its resistance to abrasive and corrosion effects.<\/li>\n<li class=\" translation-block\"><strong>Building Automation:<\/strong> In building management systems, it is important to use steam pipes to provide humidity control.<\/li>\n<\/ul>","protected":false},"excerpt":{"rendered":"<h4>Compatible Humidifier Models<\/h4>\n<ul>\n<li>UG045<\/li>\n<li>UG090<\/li>\n<li>UG150<\/li>\n<li>UG180<\/li>\n<li>UG300<\/li>\n<\/ul>","protected":false},"featured_media":17849,"template":"","meta":[],"product_cat":[136],"product_tag":[],"class_list":{"0":"post-17848","1":"product","2":"type-product","3":"status-publish","4":"has-post-thumbnail","6":"product_cat-carel-yedek-parcalari","8":"first","9":"instock","10":"shipping-taxable","11":"product-type-external"},"yoast_head":"<!-- This site is optimized with the Yoast SEO Premium plugin v23.2 (Yoast SEO v23.2) - https:\/\/yoast.com\/wordpress\/plugins\/seo\/ -->\n<title>Carel UGKTS00000 Buhar Borusu | Barrsell End\u00fcstri<\/title>\n<meta name=\"description\" content=\"Carel UGKTS00000 Buhar Borusu, HVAC (Is\u0131tma, Havaland\u0131rma ve \u0130klimlendirme) sistemlerinde buhar\u0131n etkili bir \u015fekilde ta\u015f\u0131nmas\u0131n\u0131 sa\u011flar.\" \/>\n<meta name=\"robots\" content=\"index, follow, max-snippet:-1, max-image-preview:large, max-video-preview:-1\" \/>\n<link rel=\"canonical\" href=\"https:\/\/barrsell.com\/en\/product\/carel-ugkts00000-steam-pipe\/\" \/>\n<meta property=\"og:locale\" content=\"en_US\" \/>\n<meta property=\"og:type\" content=\"article\" \/>\n<meta property=\"og:title\" content=\"Carel UGKTS00000 Buhar Borusu\" \/>\n<meta property=\"og:description\" content=\"Carel UGKTS00000 Buhar Borusu, HVAC (Is\u0131tma, Havaland\u0131rma ve \u0130klimlendirme) sistemlerinde buhar\u0131n etkili bir \u015fekilde ta\u015f\u0131nmas\u0131n\u0131 sa\u011flar.\" \/>\n<meta property=\"og:url\" content=\"https:\/\/barrsell.com\/en\/product\/carel-ugkts00000-steam-pipe\/\" \/>\n<meta property=\"og:site_name\" content=\"Barrsell\" \/>\n<meta property=\"article:modified_time\" content=\"2024-11-26T10:53:20+00:00\" \/>\n<meta property=\"og:image\" content=\"https:\/\/barrsell.com\/wp-content\/uploads\/2024\/11\/Carel-UGKTS00000-Buhar-Borusu.png\" \/>\n\t<meta property=\"og:image:width\" content=\"1200\" \/>\n\t<meta property=\"og:image:height\" content=\"1200\" \/>\n\t<meta property=\"og:image:type\" content=\"image\/png\" \/>\n<meta name=\"twitter:card\" content=\"summary_large_image\" \/>\n<meta name=\"twitter:label1\" content=\"Est. reading time\" \/>\n\t<meta name=\"twitter:data1\" content=\"3 minutes\" \/>\n<script type=\"application\/ld+json\" class=\"yoast-schema-graph\">{\"@context\":\"https:\/\/schema.org\",\"@graph\":[{\"@type\":\"WebPage\",\"@id\":\"https:\/\/barrsell.com\/urun\/carel-ugkts00000-buhar-borusu\/\",\"url\":\"https:\/\/barrsell.com\/urun\/carel-ugkts00000-buhar-borusu\/\",\"name\":\"Carel UGKTS00000 Buhar Borusu | Barrsell End\u00fcstri\",\"isPartOf\":{\"@id\":\"https:\/\/barrsell.com\/#website\"},\"primaryImageOfPage\":{\"@id\":\"https:\/\/barrsell.com\/urun\/carel-ugkts00000-buhar-borusu\/#primaryimage\"},\"image\":{\"@id\":\"https:\/\/barrsell.com\/urun\/carel-ugkts00000-buhar-borusu\/#primaryimage\"},\"thumbnailUrl\":\"https:\/\/barrsell.com\/wp-content\/uploads\/2024\/11\/Carel-UGKTS00000-Buhar-Borusu.png\",\"datePublished\":\"2024-11-01T10:12:34+00:00\",\"dateModified\":\"2024-11-26T10:53:20+00:00\",\"description\":\"Carel UGKTS00000 Buhar Borusu, HVAC (Is\u0131tma, Havaland\u0131rma ve \u0130klimlendirme) sistemlerinde buhar\u0131n etkili bir \u015fekilde ta\u015f\u0131nmas\u0131n\u0131 sa\u011flar.\",\"breadcrumb\":{\"@id\":\"https:\/\/barrsell.com\/urun\/carel-ugkts00000-buhar-borusu\/#breadcrumb\"},\"inLanguage\":\"en-US\",\"potentialAction\":[{\"@type\":\"ReadAction\",\"target\":[\"https:\/\/barrsell.com\/urun\/carel-ugkts00000-buhar-borusu\/\"]}]},{\"@type\":\"ImageObject\",\"inLanguage\":\"en-US\",\"@id\":\"https:\/\/barrsell.com\/urun\/carel-ugkts00000-buhar-borusu\/#primaryimage\",\"url\":\"https:\/\/barrsell.com\/wp-content\/uploads\/2024\/11\/Carel-UGKTS00000-Buhar-Borusu.png\",\"contentUrl\":\"https:\/\/barrsell.com\/wp-content\/uploads\/2024\/11\/Carel-UGKTS00000-Buhar-Borusu.png\",\"width\":1200,\"height\":1200,\"caption\":\"Carel UGKTS00000 Buhar Borusu\"},{\"@type\":\"BreadcrumbList\",\"@id\":\"https:\/\/barrsell.com\/urun\/carel-ugkts00000-buhar-borusu\/#breadcrumb\",\"itemListElement\":[{\"@type\":\"ListItem\",\"position\":1,\"name\":\"Home\",\"item\":\"https:\/\/barrsell.com\/\"},{\"@type\":\"ListItem\",\"position\":2,\"name\":\"\u00dcr\u00fcnler\",\"item\":\"https:\/\/barrsell.com\/en\/products\/\"},{\"@type\":\"ListItem\",\"position\":3,\"name\":\"Carel UGKTS00000 Buhar Borusu\"}]},{\"@type\":\"WebSite\",\"@id\":\"https:\/\/barrsell.com\/#website\",\"url\":\"https:\/\/barrsell.com\/\",\"name\":\"Barrsell End\u00fcstri Makine\",\"description\":\"Teknolojiyle G\u00fc\u00e7lenen End\u00fcstriyel \u00c7\u00f6z\u00fcmler!\",\"potentialAction\":[{\"@type\":\"SearchAction\",\"target\":{\"@type\":\"EntryPoint\",\"urlTemplate\":\"https:\/\/barrsell.com\/?s={search_term_string}\"},\"query-input\":\"required name=search_term_string\"}],\"inLanguage\":\"en-US\"}]}<\/script>\n<!-- \/ Yoast SEO Premium plugin. -->","yoast_head_json":{"title":"Carel UGKTS00000 Buhar Borusu | Barrsell End\u00fcstri","description":"Carel UGKTS00000 Buhar Borusu, HVAC (Is\u0131tma, Havaland\u0131rma ve \u0130klimlendirme) sistemlerinde buhar\u0131n etkili bir \u015fekilde ta\u015f\u0131nmas\u0131n\u0131 sa\u011flar.","robots":{"index":"index","follow":"follow","max-snippet":"max-snippet:-1","max-image-preview":"max-image-preview:large","max-video-preview":"max-video-preview:-1"},"canonical":"https:\/\/barrsell.com\/en\/product\/carel-ugkts00000-steam-pipe\/","og_locale":"en_US","og_type":"article","og_title":"Carel UGKTS00000 Buhar Borusu","og_description":"Carel UGKTS00000 Buhar Borusu, HVAC (Is\u0131tma, Havaland\u0131rma ve \u0130klimlendirme) sistemlerinde buhar\u0131n etkili bir \u015fekilde ta\u015f\u0131nmas\u0131n\u0131 sa\u011flar.","og_url":"https:\/\/barrsell.com\/en\/product\/carel-ugkts00000-steam-pipe\/","og_site_name":"Barrsell","article_modified_time":"2024-11-26T10:53:20+00:00","og_image":[{"width":1200,"height":1200,"url":"https:\/\/barrsell.com\/wp-content\/uploads\/2024\/11\/Carel-UGKTS00000-Buhar-Borusu.png","type":"image\/png"}],"twitter_card":"summary_large_image","twitter_misc":{"Est. reading time":"3 minutes"},"schema":{"@context":"https:\/\/schema.org","@graph":[{"@type":"WebPage","@id":"https:\/\/barrsell.com\/urun\/carel-ugkts00000-buhar-borusu\/","url":"https:\/\/barrsell.com\/urun\/carel-ugkts00000-buhar-borusu\/","name":"Carel UGKTS00000 Buhar Borusu | Barrsell End\u00fcstri","isPartOf":{"@id":"https:\/\/barrsell.com\/#website"},"primaryImageOfPage":{"@id":"https:\/\/barrsell.com\/urun\/carel-ugkts00000-buhar-borusu\/#primaryimage"},"image":{"@id":"https:\/\/barrsell.com\/urun\/carel-ugkts00000-buhar-borusu\/#primaryimage"},"thumbnailUrl":"https:\/\/barrsell.com\/wp-content\/uploads\/2024\/11\/Carel-UGKTS00000-Buhar-Borusu.png","datePublished":"2024-11-01T10:12:34+00:00","dateModified":"2024-11-26T10:53:20+00:00","description":"Carel UGKTS00000 Buhar Borusu, HVAC (Is\u0131tma, Havaland\u0131rma ve \u0130klimlendirme) sistemlerinde buhar\u0131n etkili bir \u015fekilde ta\u015f\u0131nmas\u0131n\u0131 sa\u011flar.","breadcrumb":{"@id":"https:\/\/barrsell.com\/urun\/carel-ugkts00000-buhar-borusu\/#breadcrumb"},"inLanguage":"en-US","potentialAction":[{"@type":"ReadAction","target":["https:\/\/barrsell.com\/urun\/carel-ugkts00000-buhar-borusu\/"]}]},{"@type":"ImageObject","inLanguage":"en-US","@id":"https:\/\/barrsell.com\/urun\/carel-ugkts00000-buhar-borusu\/#primaryimage","url":"https:\/\/barrsell.com\/wp-content\/uploads\/2024\/11\/Carel-UGKTS00000-Buhar-Borusu.png","contentUrl":"https:\/\/barrsell.com\/wp-content\/uploads\/2024\/11\/Carel-UGKTS00000-Buhar-Borusu.png","width":1200,"height":1200,"caption":"Carel UGKTS00000 Buhar Borusu"},{"@type":"BreadcrumbList","@id":"https:\/\/barrsell.com\/urun\/carel-ugkts00000-buhar-borusu\/#breadcrumb","itemListElement":[{"@type":"ListItem","position":1,"name":"Home","item":"https:\/\/barrsell.com\/"},{"@type":"ListItem","position":2,"name":"\u00dcr\u00fcnler","item":"https:\/\/barrsell.com\/en\/products\/"},{"@type":"ListItem","position":3,"name":"Carel UGKTS00000 Buhar Borusu"}]},{"@type":"WebSite","@id":"https:\/\/barrsell.com\/#website","url":"https:\/\/barrsell.com\/","name":"Barrsell End\u00fcstri Makine","description":"Teknolojiyle G\u00fc\u00e7lenen End\u00fcstriyel \u00c7\u00f6z\u00fcmler!","potentialAction":[{"@type":"SearchAction","target":{"@type":"EntryPoint","urlTemplate":"https:\/\/barrsell.com\/?s={search_term_string}"},"query-input":"required name=search_term_string"}],"inLanguage":"en-US"}]}},"_links":{"self":[{"href":"https:\/\/barrsell.com\/en\/wp-json\/wp\/v2\/product\/17848","targetHints":{"allow":["GET"]}}],"collection":[{"href":"https:\/\/barrsell.com\/en\/wp-json\/wp\/v2\/product"}],"about":[{"href":"https:\/\/barrsell.com\/en\/wp-json\/wp\/v2\/types\/product"}],"version-history":[{"count":5,"href":"https:\/\/barrsell.com\/en\/wp-json\/wp\/v2\/product\/17848\/revisions"}],"predecessor-version":[{"id":18594,"href":"https:\/\/barrsell.com\/en\/wp-json\/wp\/v2\/product\/17848\/revisions\/18594"}],"wp:featuredmedia":[{"embeddable":true,"href":"https:\/\/barrsell.com\/en\/wp-json\/wp\/v2\/media\/17849"}],"wp:attachment":[{"href":"https:\/\/barrsell.com\/en\/wp-json\/wp\/v2\/media?parent=17848"}],"wp:term":[{"taxonomy":"product_cat","embeddable":true,"href":"https:\/\/barrsell.com\/en\/wp-json\/wp\/v2\/product_cat?post=17848"},{"taxonomy":"product_tag","embeddable":true,"href":"https:\/\/barrsell.com\/en\/wp-json\/wp\/v2\/product_tag?post=17848"}],"curies":[{"name":"wp","href":"https:\/\/api.w.org\/{rel}","templated":true}]}}