{"id":17844,"date":"2024-11-01T10:06:16","date_gmt":"2024-11-01T10:06:16","guid":{"rendered":"https:\/\/barrsell.com\/?post_type=product&#038;p=17844"},"modified":"2024-11-26T10:57:50","modified_gmt":"2024-11-26T10:57:50","slug":"carel-ueky40x400-buhar-cikisi-kiti","status":"publish","type":"product","link":"https:\/\/barrsell.com\/en\/product\/carel-ueky40x400-steam-outlet-kit\/","title":{"rendered":"Carel UEKY40X400 Steam Outlet Kit"},"content":{"rendered":"<h2><strong>Carel UEKY40X400 Steam Exit Kit:\u00a0<\/strong><\/h2>\n<p>Carel UEKY40X400 Steam Outlet Kit provides efficient and reliable distribution of steam in HVAC (Heating, Ventilation and Air Conditioning) systems. At the same time, this kit includes all the necessary components for the proper routing and utilization of steam from steam generation systems. Energy efficiency and performance are at the forefront. Thus, Carel UEKY40X400 stands out as an indispensable part in industrial and commercial applications.<\/p>\n<div id=\"product.attributes\" class=\"data item content\" role=\"tabpanel\" data-role=\"content\" aria-labelledby=\"tab-label-product.attributes\" aria-hidden=\"false\">\n<div class=\"additional-attributes-wrapper table-wrapper\">\n<p><strong>Features<\/strong><\/p>\n<table style=\"height: 322px;\" width=\"307\">\n<tbody>\n<tr>\n<td colspan=\"2\">Learn More<\/td>\n<\/tr>\n<tr>\n<td>Manufacturer<\/td>\n<td>Carel<\/td>\n<\/tr>\n<tr>\n<td>Product Type<\/td>\n<td>Humidification<\/td>\n<\/tr>\n<tr>\n<td>Product Length<\/td>\n<td>12 in\u00e7 (30,480 cm)<\/td>\n<\/tr>\n<tr>\n<td>Product Width<\/td>\n<td>40.000 MM INTER<\/td>\n<\/tr>\n<tr>\n<td>Product Height<\/td>\n<td>53.000 MM OD<\/td>\n<\/tr>\n<tr>\n<td>Product Weight<\/td>\n<td>1,5 lbs (0,680 kg)<\/td>\n<\/tr>\n<tr>\n<td>Color<\/td>\n<td>Blue<\/td>\n<\/tr>\n<tr>\n<td>Shipping Length<\/td>\n<td>15 in\u00e7 (38.100 cm)<\/td>\n<\/tr>\n<tr>\n<td>Transmission Width<\/td>\n<td>6 in\u00e7 (15,240 cm)<\/td>\n<\/tr>\n<tr>\n<td>Transportation Height<\/td>\n<td>6 in\u00e7 (15,240 cm)<\/td>\n<\/tr>\n<\/tbody>\n<\/table>\n<\/div>\n<\/div>\n<h4><strong>Technical Specifications<\/strong><\/h4>\n<ul>\n<li class=\" translation-block\"><strong>Comprehensive Component Kit:<\/strong> The Carel UEKY40X400 offers a comprehensive kit that includes all the necessary components for steam output. This simplifies the installation process and also ensures efficient operation of the system.<\/li>\n<li class=\" translation-block\"><strong>High Temperature and Pressure Resistance:<\/strong> The product is specifically designed to withstand high temperature and pressure conditions. This increases the safety of the system and ensures a long service life.<\/li>\n<li class=\" translation-block\"><strong>Easy Installation:<\/strong> <em>UEKY40X400<\/em> offers fast and easy installation thanks to its user-friendly design. This feature shortens installation times and increases operational efficiency.<\/li>\n<li class=\" translation-block\"><strong>Energy Efficiency:<\/strong> The design of the steam outlet kit improves the overall efficiency of the system by minimizing energy consumption. This helps businesses to reduce their energy costs.<\/li>\n<li class=\" translation-block\"><strong>Advanced Control Mechanism:<\/strong> This kit is equipped with the ability to precisely control the flow of steam. This ensures that the system operates at optimum levels and increases user comfort.<\/li>\n<\/ul>\n<h4><strong>Conclusion<\/strong><\/h4>\n<p class=\" translation-block\"><a href=\"\/\/barrsell.com\/kategoriler\/buhar-jeneratorleri-nemlendiriciler\/carel-buharli-nemlendirici\/\u201d\" target=\"\u201c_self\u201d\">Carel<\/a> UEKY40X400 Steam Outlet Kit can be used for efficient and reliable distribution of steam in HVAC and industrial applications. It also features high temperature and pressure resistance, energy efficiency and easy installation. <em>Carel UEKY40X400<\/em> helps businesses improve performance and reduce costs. It provides an effective performance in steam systems with its long-lasting structure and comprehensive component set. It also offers a reliable steam flow. Thus, Carel UEKY40X400 is an ideal choice for anyone looking for steam control and distribution.<\/p>","protected":false},"excerpt":{"rendered":"<ul>\n<li>Product Length: 12 inches (30,480 cm)<\/li>\n<li>Product Width: 40,000 MM INTERIOR<\/li>\n<li>Product Height: 53,000 MM OD<\/li>\n<\/ul>","protected":false},"featured_media":17845,"template":"","meta":[],"product_cat":[136],"product_tag":[],"class_list":{"0":"post-17844","1":"product","2":"type-product","3":"status-publish","4":"has-post-thumbnail","6":"product_cat-carel-yedek-parcalari","8":"first","9":"instock","10":"shipping-taxable","11":"product-type-external"},"yoast_head":"<!-- This site is optimized with the Yoast SEO Premium plugin v23.2 (Yoast SEO v23.2) - https:\/\/yoast.com\/wordpress\/plugins\/seo\/ -->\n<title>Carel UEKY40X400 Buhar \u00c7\u0131k\u0131\u015f\u0131 Kiti | Barrsell End\u00fcstri<\/title>\n<meta name=\"description\" content=\"Carel UEKY40X400 Buhar \u00c7\u0131k\u0131\u015f\u0131 Kiti, HVAC (Is\u0131tma, Havaland\u0131rma ve \u0130klimlendirme) sistemlerinde buhar\u0131n etkin ve g\u00fcvenilir bir \u015fekilde da\u011f\u0131t\u0131lmas\u0131n\u0131 sa\u011flar.\" \/>\n<meta name=\"robots\" content=\"index, follow, max-snippet:-1, max-image-preview:large, max-video-preview:-1\" \/>\n<link rel=\"canonical\" href=\"https:\/\/barrsell.com\/en\/product\/carel-ueky40x400-steam-outlet-kit\/\" \/>\n<meta property=\"og:locale\" content=\"en_US\" \/>\n<meta property=\"og:type\" content=\"article\" \/>\n<meta property=\"og:title\" content=\"Carel UEKY40X400 Buhar \u00c7\u0131k\u0131\u015f\u0131 Kiti\" \/>\n<meta property=\"og:description\" content=\"Carel UEKY40X400 Buhar \u00c7\u0131k\u0131\u015f\u0131 Kiti, HVAC (Is\u0131tma, Havaland\u0131rma ve \u0130klimlendirme) sistemlerinde buhar\u0131n etkin ve g\u00fcvenilir bir \u015fekilde da\u011f\u0131t\u0131lmas\u0131n\u0131 sa\u011flar.\" \/>\n<meta property=\"og:url\" content=\"https:\/\/barrsell.com\/en\/product\/carel-ueky40x400-steam-outlet-kit\/\" \/>\n<meta property=\"og:site_name\" content=\"Barrsell\" \/>\n<meta property=\"article:modified_time\" content=\"2024-11-26T10:57:50+00:00\" \/>\n<meta property=\"og:image\" content=\"https:\/\/barrsell.com\/wp-content\/uploads\/2024\/11\/Carel-UEKY40X400-Buhar-Cikisi-Kiti.png\" \/>\n\t<meta property=\"og:image:width\" content=\"1200\" \/>\n\t<meta property=\"og:image:height\" content=\"1200\" \/>\n\t<meta property=\"og:image:type\" content=\"image\/png\" \/>\n<meta name=\"twitter:card\" content=\"summary_large_image\" \/>\n<meta name=\"twitter:label1\" content=\"Est. reading time\" \/>\n\t<meta name=\"twitter:data1\" content=\"3 minutes\" \/>\n<script type=\"application\/ld+json\" class=\"yoast-schema-graph\">{\"@context\":\"https:\/\/schema.org\",\"@graph\":[{\"@type\":\"WebPage\",\"@id\":\"https:\/\/barrsell.com\/urun\/carel-ueky40x400-buhar-cikisi-kiti\/\",\"url\":\"https:\/\/barrsell.com\/urun\/carel-ueky40x400-buhar-cikisi-kiti\/\",\"name\":\"Carel UEKY40X400 Buhar \u00c7\u0131k\u0131\u015f\u0131 Kiti | Barrsell End\u00fcstri\",\"isPartOf\":{\"@id\":\"https:\/\/barrsell.com\/#website\"},\"primaryImageOfPage\":{\"@id\":\"https:\/\/barrsell.com\/urun\/carel-ueky40x400-buhar-cikisi-kiti\/#primaryimage\"},\"image\":{\"@id\":\"https:\/\/barrsell.com\/urun\/carel-ueky40x400-buhar-cikisi-kiti\/#primaryimage\"},\"thumbnailUrl\":\"https:\/\/barrsell.com\/wp-content\/uploads\/2024\/11\/Carel-UEKY40X400-Buhar-Cikisi-Kiti.png\",\"datePublished\":\"2024-11-01T10:06:16+00:00\",\"dateModified\":\"2024-11-26T10:57:50+00:00\",\"description\":\"Carel UEKY40X400 Buhar \u00c7\u0131k\u0131\u015f\u0131 Kiti, HVAC (Is\u0131tma, Havaland\u0131rma ve \u0130klimlendirme) sistemlerinde buhar\u0131n etkin ve g\u00fcvenilir bir \u015fekilde da\u011f\u0131t\u0131lmas\u0131n\u0131 sa\u011flar.\",\"breadcrumb\":{\"@id\":\"https:\/\/barrsell.com\/urun\/carel-ueky40x400-buhar-cikisi-kiti\/#breadcrumb\"},\"inLanguage\":\"en-US\",\"potentialAction\":[{\"@type\":\"ReadAction\",\"target\":[\"https:\/\/barrsell.com\/urun\/carel-ueky40x400-buhar-cikisi-kiti\/\"]}]},{\"@type\":\"ImageObject\",\"inLanguage\":\"en-US\",\"@id\":\"https:\/\/barrsell.com\/urun\/carel-ueky40x400-buhar-cikisi-kiti\/#primaryimage\",\"url\":\"https:\/\/barrsell.com\/wp-content\/uploads\/2024\/11\/Carel-UEKY40X400-Buhar-Cikisi-Kiti.png\",\"contentUrl\":\"https:\/\/barrsell.com\/wp-content\/uploads\/2024\/11\/Carel-UEKY40X400-Buhar-Cikisi-Kiti.png\",\"width\":1200,\"height\":1200,\"caption\":\"Carel UEKY40X400 Buhar \u00c7\u0131k\u0131\u015f\u0131 Kiti\"},{\"@type\":\"BreadcrumbList\",\"@id\":\"https:\/\/barrsell.com\/urun\/carel-ueky40x400-buhar-cikisi-kiti\/#breadcrumb\",\"itemListElement\":[{\"@type\":\"ListItem\",\"position\":1,\"name\":\"Home\",\"item\":\"https:\/\/barrsell.com\/\"},{\"@type\":\"ListItem\",\"position\":2,\"name\":\"\u00dcr\u00fcnler\",\"item\":\"https:\/\/barrsell.com\/en\/products\/\"},{\"@type\":\"ListItem\",\"position\":3,\"name\":\"Carel UEKY40X400 Buhar \u00c7\u0131k\u0131\u015f\u0131 Kiti\"}]},{\"@type\":\"WebSite\",\"@id\":\"https:\/\/barrsell.com\/#website\",\"url\":\"https:\/\/barrsell.com\/\",\"name\":\"Barrsell End\u00fcstri Makine\",\"description\":\"Teknolojiyle G\u00fc\u00e7lenen End\u00fcstriyel \u00c7\u00f6z\u00fcmler!\",\"potentialAction\":[{\"@type\":\"SearchAction\",\"target\":{\"@type\":\"EntryPoint\",\"urlTemplate\":\"https:\/\/barrsell.com\/?s={search_term_string}\"},\"query-input\":\"required name=search_term_string\"}],\"inLanguage\":\"en-US\"}]}<\/script>\n<!-- \/ Yoast SEO Premium plugin. -->","yoast_head_json":{"title":"Carel UEKY40X400 Buhar \u00c7\u0131k\u0131\u015f\u0131 Kiti | Barrsell End\u00fcstri","description":"Carel UEKY40X400 Buhar \u00c7\u0131k\u0131\u015f\u0131 Kiti, HVAC (Is\u0131tma, Havaland\u0131rma ve \u0130klimlendirme) sistemlerinde buhar\u0131n etkin ve g\u00fcvenilir bir \u015fekilde da\u011f\u0131t\u0131lmas\u0131n\u0131 sa\u011flar.","robots":{"index":"index","follow":"follow","max-snippet":"max-snippet:-1","max-image-preview":"max-image-preview:large","max-video-preview":"max-video-preview:-1"},"canonical":"https:\/\/barrsell.com\/en\/product\/carel-ueky40x400-steam-outlet-kit\/","og_locale":"en_US","og_type":"article","og_title":"Carel UEKY40X400 Buhar \u00c7\u0131k\u0131\u015f\u0131 Kiti","og_description":"Carel UEKY40X400 Buhar \u00c7\u0131k\u0131\u015f\u0131 Kiti, HVAC (Is\u0131tma, Havaland\u0131rma ve \u0130klimlendirme) sistemlerinde buhar\u0131n etkin ve g\u00fcvenilir bir \u015fekilde da\u011f\u0131t\u0131lmas\u0131n\u0131 sa\u011flar.","og_url":"https:\/\/barrsell.com\/en\/product\/carel-ueky40x400-steam-outlet-kit\/","og_site_name":"Barrsell","article_modified_time":"2024-11-26T10:57:50+00:00","og_image":[{"width":1200,"height":1200,"url":"https:\/\/barrsell.com\/wp-content\/uploads\/2024\/11\/Carel-UEKY40X400-Buhar-Cikisi-Kiti.png","type":"image\/png"}],"twitter_card":"summary_large_image","twitter_misc":{"Est. reading time":"3 minutes"},"schema":{"@context":"https:\/\/schema.org","@graph":[{"@type":"WebPage","@id":"https:\/\/barrsell.com\/urun\/carel-ueky40x400-buhar-cikisi-kiti\/","url":"https:\/\/barrsell.com\/urun\/carel-ueky40x400-buhar-cikisi-kiti\/","name":"Carel UEKY40X400 Buhar \u00c7\u0131k\u0131\u015f\u0131 Kiti | Barrsell End\u00fcstri","isPartOf":{"@id":"https:\/\/barrsell.com\/#website"},"primaryImageOfPage":{"@id":"https:\/\/barrsell.com\/urun\/carel-ueky40x400-buhar-cikisi-kiti\/#primaryimage"},"image":{"@id":"https:\/\/barrsell.com\/urun\/carel-ueky40x400-buhar-cikisi-kiti\/#primaryimage"},"thumbnailUrl":"https:\/\/barrsell.com\/wp-content\/uploads\/2024\/11\/Carel-UEKY40X400-Buhar-Cikisi-Kiti.png","datePublished":"2024-11-01T10:06:16+00:00","dateModified":"2024-11-26T10:57:50+00:00","description":"Carel UEKY40X400 Buhar \u00c7\u0131k\u0131\u015f\u0131 Kiti, HVAC (Is\u0131tma, Havaland\u0131rma ve \u0130klimlendirme) sistemlerinde buhar\u0131n etkin ve g\u00fcvenilir bir \u015fekilde da\u011f\u0131t\u0131lmas\u0131n\u0131 sa\u011flar.","breadcrumb":{"@id":"https:\/\/barrsell.com\/urun\/carel-ueky40x400-buhar-cikisi-kiti\/#breadcrumb"},"inLanguage":"en-US","potentialAction":[{"@type":"ReadAction","target":["https:\/\/barrsell.com\/urun\/carel-ueky40x400-buhar-cikisi-kiti\/"]}]},{"@type":"ImageObject","inLanguage":"en-US","@id":"https:\/\/barrsell.com\/urun\/carel-ueky40x400-buhar-cikisi-kiti\/#primaryimage","url":"https:\/\/barrsell.com\/wp-content\/uploads\/2024\/11\/Carel-UEKY40X400-Buhar-Cikisi-Kiti.png","contentUrl":"https:\/\/barrsell.com\/wp-content\/uploads\/2024\/11\/Carel-UEKY40X400-Buhar-Cikisi-Kiti.png","width":1200,"height":1200,"caption":"Carel UEKY40X400 Buhar \u00c7\u0131k\u0131\u015f\u0131 Kiti"},{"@type":"BreadcrumbList","@id":"https:\/\/barrsell.com\/urun\/carel-ueky40x400-buhar-cikisi-kiti\/#breadcrumb","itemListElement":[{"@type":"ListItem","position":1,"name":"Home","item":"https:\/\/barrsell.com\/"},{"@type":"ListItem","position":2,"name":"\u00dcr\u00fcnler","item":"https:\/\/barrsell.com\/en\/products\/"},{"@type":"ListItem","position":3,"name":"Carel UEKY40X400 Buhar \u00c7\u0131k\u0131\u015f\u0131 Kiti"}]},{"@type":"WebSite","@id":"https:\/\/barrsell.com\/#website","url":"https:\/\/barrsell.com\/","name":"Barrsell End\u00fcstri Makine","description":"Teknolojiyle G\u00fc\u00e7lenen End\u00fcstriyel \u00c7\u00f6z\u00fcmler!","potentialAction":[{"@type":"SearchAction","target":{"@type":"EntryPoint","urlTemplate":"https:\/\/barrsell.com\/?s={search_term_string}"},"query-input":"required name=search_term_string"}],"inLanguage":"en-US"}]}},"_links":{"self":[{"href":"https:\/\/barrsell.com\/en\/wp-json\/wp\/v2\/product\/17844","targetHints":{"allow":["GET"]}}],"collection":[{"href":"https:\/\/barrsell.com\/en\/wp-json\/wp\/v2\/product"}],"about":[{"href":"https:\/\/barrsell.com\/en\/wp-json\/wp\/v2\/types\/product"}],"version-history":[{"count":8,"href":"https:\/\/barrsell.com\/en\/wp-json\/wp\/v2\/product\/17844\/revisions"}],"predecessor-version":[{"id":18596,"href":"https:\/\/barrsell.com\/en\/wp-json\/wp\/v2\/product\/17844\/revisions\/18596"}],"wp:featuredmedia":[{"embeddable":true,"href":"https:\/\/barrsell.com\/en\/wp-json\/wp\/v2\/media\/17845"}],"wp:attachment":[{"href":"https:\/\/barrsell.com\/en\/wp-json\/wp\/v2\/media?parent=17844"}],"wp:term":[{"taxonomy":"product_cat","embeddable":true,"href":"https:\/\/barrsell.com\/en\/wp-json\/wp\/v2\/product_cat?post=17844"},{"taxonomy":"product_tag","embeddable":true,"href":"https:\/\/barrsell.com\/en\/wp-json\/wp\/v2\/product_tag?post=17844"}],"curies":[{"name":"wp","href":"https:\/\/api.w.org\/{rel}","templated":true}]}}