{"id":17840,"date":"2024-11-01T09:56:12","date_gmt":"2024-11-01T09:56:12","guid":{"rendered":"https:\/\/barrsell.com\/?post_type=product&#038;p=17840"},"modified":"2024-11-26T11:07:38","modified_gmt":"2024-11-26T11:07:38","slug":"carel-bl0t4d00h2-buhar-silindiri","status":"publish","type":"product","link":"https:\/\/barrsell.com\/en\/product\/carel-bl0t4d00h2-steam-roller\/","title":{"rendered":"Carel BL0T4D00H2 Steam Cylinder"},"content":{"rendered":"<h2><strong>Carel BL0T4D00H2 Steam Cylinder<\/strong><\/h2>\n<p>Carel BL0T4D00H2 Steam Cylinder is a high performance component for reliable steam generation and distribution in industrial and commercial HVAC (Heating, Ventilation and Air Conditioning) systems. Designed for moisture control and energy efficiency, this steam cylinder is characterized by its durability and efficient performance. At the same time, Carel's engineering expertise ensures that the BL0T4D00H2 offers long life and trouble-free operation.<\/p>\n<h4><strong>Features<\/strong><\/h4>\n<table width=\"0\">\n<tbody>\n<tr>\n<td colspan=\"2\">Learn More<\/td>\n<\/tr>\n<tr>\n<td>Manufacturer<\/td>\n<td>Carel<\/td>\n<\/tr>\n<tr>\n<td>Product Type<\/td>\n<td>Humidification<\/td>\n<\/tr>\n<tr>\n<td>Steam Hose Connection Size<\/td>\n<td>40 mm (1,57 in\u00e7)<\/td>\n<\/tr>\n<tr>\n<td>Service Range<\/td>\n<td>3 to 12 Month<\/td>\n<\/tr>\n<tr>\n<td>Product Length<\/td>\n<td>21 in\u00e7 (53,340 cm)<\/td>\n<\/tr>\n<tr>\n<td>Product Width<\/td>\n<td>12 in\u00e7 (30,480 cm)<\/td>\n<\/tr>\n<tr>\n<td>Product Height<\/td>\n<td>12 in\u00e7 (30,480 cm)<\/td>\n<\/tr>\n<tr>\n<td>Product Weight<\/td>\n<td>12,5 lbs (5,670 kg)<\/td>\n<\/tr>\n<tr>\n<td>Material<\/td>\n<td>Plastic<\/td>\n<\/tr>\n<tr>\n<td>Color<\/td>\n<td>White<\/td>\n<\/tr>\n<tr>\n<td>Shipping Length<\/td>\n<td>23 in\u00e7 (58,420 cm)<\/td>\n<\/tr>\n<tr>\n<td>Transmission Width<\/td>\n<td>14 in\u00e7 (35,560 cm)<\/td>\n<\/tr>\n<tr>\n<td>Transportation Height<\/td>\n<td>14 in\u00e7 (35,560 cm)<\/td>\n<\/tr>\n<\/tbody>\n<\/table>\n<p>&nbsp;<\/p>\n<h4><strong>Technical Specifications<\/strong><\/h4>\n<ul>\n<li class=\" translation-block\"><strong>High Temperature Resistance:<\/strong> <em>Carel BL0T4D00H2<\/em> is made with special materials that can withstand high temperatures. This additionally ensures safe storage and distribution of vapor.<\/li>\n<li class=\" translation-block\"><strong>Advanced Capacity:<\/strong> This steam cylinder supports high flow rate steam flow. It is also designed to meet the requirements for large volumes of steam in industrial applications.<\/li>\n<li class=\" translation-block\"><strong>Compact and Lightweight Design:<\/strong> The compact design allows easy installation in limited spaces. It also provides light weight, portability and ease of installation.<\/li>\n<li class=\" translation-block\"><strong>Low Energy Consumption:<\/strong> <em>Carel BL0T4D00H2<\/em> minimizes energy consumption by providing high efficiency. Thus, this helps businesses to reduce their energy costs.<\/li>\n<li class=\" translation-block\"><strong>Precise Control Mechanism:<\/strong> Equipped with the ability to precisely control the steam flow. This feature ensures that the system constantly operates at an optimum level.<\/li>\n<\/ul>\n<h4><strong>Conclusion<\/strong><\/h4>\n<p class=\" translation-block\">Carel BL0T4D00H2 Steam Cylinder offers a reliable, efficient and durable solution for steam generation and distribution in HVAC and industrial applications. With its high temperature resistance, low energy consumption and easy installation features, <a href=\"\/\/barrsell.com\/kategoriler\/buhar-jeneratorleri-nemlendiriciler\/carel-buharli-nemlendirici\/\u201d\" target=\"\u201c_self\u201d\">Carel<\/a> BL0T4D00H2. helps businesses increase energy efficiency and reduce costs. In short, it provides an effective performance in steam systems with its long-lasting structure and precise control.<\/p>","protected":false},"excerpt":{"rendered":"<ul>\n<li>UE025HM Series- UE025HN Series- UE025XM Series- UE025XN Series- UE025YL Series- UE035HM Series- UE035HN Series- UE035XM Series<\/li>\n<li>UE035XN Series- UE035YL Series- UE045HM Series- UE045HN Series- UE045XM Series- UE045XN Series- UE090HM Series- UE090HN Series<\/li>\n<\/ul>","protected":false},"featured_media":17841,"template":"","meta":[],"product_cat":[136],"product_tag":[],"class_list":{"0":"post-17840","1":"product","2":"type-product","3":"status-publish","4":"has-post-thumbnail","6":"product_cat-carel-yedek-parcalari","8":"first","9":"instock","10":"shipping-taxable","11":"product-type-external"},"yoast_head":"<!-- This site is optimized with the Yoast SEO Premium plugin v23.2 (Yoast SEO v23.2) - https:\/\/yoast.com\/wordpress\/plugins\/seo\/ -->\n<title>Carel BL0T4D00H2 Buhar Silindiri | Barrsell End\u00fcstri<\/title>\n<meta name=\"description\" content=\"Carel BL0T4D00H2 Buhar Silindiri, end\u00fcstriyel ve ticari HVAC (Is\u0131tma, Havaland\u0131rma ve \u0130klimlendirme) sistemlerinde g\u00fcvenilir buhar \u00fcretimi.\" \/>\n<meta name=\"robots\" content=\"index, follow, max-snippet:-1, max-image-preview:large, max-video-preview:-1\" \/>\n<link rel=\"canonical\" href=\"https:\/\/barrsell.com\/en\/product\/carel-bl0t4d00h2-steam-roller\/\" \/>\n<meta property=\"og:locale\" content=\"en_US\" \/>\n<meta property=\"og:type\" content=\"article\" \/>\n<meta property=\"og:title\" content=\"Carel BL0T4D00H2 Buhar Silindiri\" \/>\n<meta property=\"og:description\" content=\"Carel BL0T4D00H2 Buhar Silindiri, end\u00fcstriyel ve ticari HVAC (Is\u0131tma, Havaland\u0131rma ve \u0130klimlendirme) sistemlerinde g\u00fcvenilir buhar \u00fcretimi.\" \/>\n<meta property=\"og:url\" content=\"https:\/\/barrsell.com\/en\/product\/carel-bl0t4d00h2-steam-roller\/\" \/>\n<meta property=\"og:site_name\" content=\"Barrsell\" \/>\n<meta property=\"article:modified_time\" content=\"2024-11-26T11:07:38+00:00\" \/>\n<meta property=\"og:image\" content=\"https:\/\/barrsell.com\/wp-content\/uploads\/2024\/11\/Carel-BL0T4D00H2-Steam-Cylinder.png\" \/>\n\t<meta property=\"og:image:width\" content=\"1200\" \/>\n\t<meta property=\"og:image:height\" content=\"1200\" \/>\n\t<meta property=\"og:image:type\" content=\"image\/png\" \/>\n<meta name=\"twitter:card\" content=\"summary_large_image\" \/>\n<meta name=\"twitter:label1\" content=\"Est. reading time\" \/>\n\t<meta name=\"twitter:data1\" content=\"2 minutes\" \/>\n<script type=\"application\/ld+json\" class=\"yoast-schema-graph\">{\"@context\":\"https:\/\/schema.org\",\"@graph\":[{\"@type\":\"WebPage\",\"@id\":\"https:\/\/barrsell.com\/urun\/carel-bl0t4d00h2-buhar-silindiri\/\",\"url\":\"https:\/\/barrsell.com\/urun\/carel-bl0t4d00h2-buhar-silindiri\/\",\"name\":\"Carel BL0T4D00H2 Buhar Silindiri | Barrsell End\u00fcstri\",\"isPartOf\":{\"@id\":\"https:\/\/barrsell.com\/#website\"},\"primaryImageOfPage\":{\"@id\":\"https:\/\/barrsell.com\/urun\/carel-bl0t4d00h2-buhar-silindiri\/#primaryimage\"},\"image\":{\"@id\":\"https:\/\/barrsell.com\/urun\/carel-bl0t4d00h2-buhar-silindiri\/#primaryimage\"},\"thumbnailUrl\":\"https:\/\/barrsell.com\/wp-content\/uploads\/2024\/11\/Carel-BL0T4D00H2-Steam-Cylinder.png\",\"datePublished\":\"2024-11-01T09:56:12+00:00\",\"dateModified\":\"2024-11-26T11:07:38+00:00\",\"description\":\"Carel BL0T4D00H2 Buhar Silindiri, end\u00fcstriyel ve ticari HVAC (Is\u0131tma, Havaland\u0131rma ve \u0130klimlendirme) sistemlerinde g\u00fcvenilir buhar \u00fcretimi.\",\"breadcrumb\":{\"@id\":\"https:\/\/barrsell.com\/urun\/carel-bl0t4d00h2-buhar-silindiri\/#breadcrumb\"},\"inLanguage\":\"en-US\",\"potentialAction\":[{\"@type\":\"ReadAction\",\"target\":[\"https:\/\/barrsell.com\/urun\/carel-bl0t4d00h2-buhar-silindiri\/\"]}]},{\"@type\":\"ImageObject\",\"inLanguage\":\"en-US\",\"@id\":\"https:\/\/barrsell.com\/urun\/carel-bl0t4d00h2-buhar-silindiri\/#primaryimage\",\"url\":\"https:\/\/barrsell.com\/wp-content\/uploads\/2024\/11\/Carel-BL0T4D00H2-Steam-Cylinder.png\",\"contentUrl\":\"https:\/\/barrsell.com\/wp-content\/uploads\/2024\/11\/Carel-BL0T4D00H2-Steam-Cylinder.png\",\"width\":1200,\"height\":1200,\"caption\":\"Carel BL0T4D00H2 Steam Cylinder\"},{\"@type\":\"BreadcrumbList\",\"@id\":\"https:\/\/barrsell.com\/urun\/carel-bl0t4d00h2-buhar-silindiri\/#breadcrumb\",\"itemListElement\":[{\"@type\":\"ListItem\",\"position\":1,\"name\":\"Home\",\"item\":\"https:\/\/barrsell.com\/\"},{\"@type\":\"ListItem\",\"position\":2,\"name\":\"\u00dcr\u00fcnler\",\"item\":\"https:\/\/barrsell.com\/en\/products\/\"},{\"@type\":\"ListItem\",\"position\":3,\"name\":\"Carel BL0T4D00H2 Buhar Silindiri\"}]},{\"@type\":\"WebSite\",\"@id\":\"https:\/\/barrsell.com\/#website\",\"url\":\"https:\/\/barrsell.com\/\",\"name\":\"Barrsell End\u00fcstri Makine\",\"description\":\"Teknolojiyle G\u00fc\u00e7lenen End\u00fcstriyel \u00c7\u00f6z\u00fcmler!\",\"potentialAction\":[{\"@type\":\"SearchAction\",\"target\":{\"@type\":\"EntryPoint\",\"urlTemplate\":\"https:\/\/barrsell.com\/?s={search_term_string}\"},\"query-input\":\"required name=search_term_string\"}],\"inLanguage\":\"en-US\"}]}<\/script>\n<!-- \/ Yoast SEO Premium plugin. -->","yoast_head_json":{"title":"Carel BL0T4D00H2 Buhar Silindiri | Barrsell End\u00fcstri","description":"Carel BL0T4D00H2 Buhar Silindiri, end\u00fcstriyel ve ticari HVAC (Is\u0131tma, Havaland\u0131rma ve \u0130klimlendirme) sistemlerinde g\u00fcvenilir buhar \u00fcretimi.","robots":{"index":"index","follow":"follow","max-snippet":"max-snippet:-1","max-image-preview":"max-image-preview:large","max-video-preview":"max-video-preview:-1"},"canonical":"https:\/\/barrsell.com\/en\/product\/carel-bl0t4d00h2-steam-roller\/","og_locale":"en_US","og_type":"article","og_title":"Carel BL0T4D00H2 Buhar Silindiri","og_description":"Carel BL0T4D00H2 Buhar Silindiri, end\u00fcstriyel ve ticari HVAC (Is\u0131tma, Havaland\u0131rma ve \u0130klimlendirme) sistemlerinde g\u00fcvenilir buhar \u00fcretimi.","og_url":"https:\/\/barrsell.com\/en\/product\/carel-bl0t4d00h2-steam-roller\/","og_site_name":"Barrsell","article_modified_time":"2024-11-26T11:07:38+00:00","og_image":[{"width":1200,"height":1200,"url":"https:\/\/barrsell.com\/wp-content\/uploads\/2024\/11\/Carel-BL0T4D00H2-Steam-Cylinder.png","type":"image\/png"}],"twitter_card":"summary_large_image","twitter_misc":{"Est. reading time":"2 minutes"},"schema":{"@context":"https:\/\/schema.org","@graph":[{"@type":"WebPage","@id":"https:\/\/barrsell.com\/urun\/carel-bl0t4d00h2-buhar-silindiri\/","url":"https:\/\/barrsell.com\/urun\/carel-bl0t4d00h2-buhar-silindiri\/","name":"Carel BL0T4D00H2 Buhar Silindiri | Barrsell End\u00fcstri","isPartOf":{"@id":"https:\/\/barrsell.com\/#website"},"primaryImageOfPage":{"@id":"https:\/\/barrsell.com\/urun\/carel-bl0t4d00h2-buhar-silindiri\/#primaryimage"},"image":{"@id":"https:\/\/barrsell.com\/urun\/carel-bl0t4d00h2-buhar-silindiri\/#primaryimage"},"thumbnailUrl":"https:\/\/barrsell.com\/wp-content\/uploads\/2024\/11\/Carel-BL0T4D00H2-Steam-Cylinder.png","datePublished":"2024-11-01T09:56:12+00:00","dateModified":"2024-11-26T11:07:38+00:00","description":"Carel BL0T4D00H2 Buhar Silindiri, end\u00fcstriyel ve ticari HVAC (Is\u0131tma, Havaland\u0131rma ve \u0130klimlendirme) sistemlerinde g\u00fcvenilir buhar \u00fcretimi.","breadcrumb":{"@id":"https:\/\/barrsell.com\/urun\/carel-bl0t4d00h2-buhar-silindiri\/#breadcrumb"},"inLanguage":"en-US","potentialAction":[{"@type":"ReadAction","target":["https:\/\/barrsell.com\/urun\/carel-bl0t4d00h2-buhar-silindiri\/"]}]},{"@type":"ImageObject","inLanguage":"en-US","@id":"https:\/\/barrsell.com\/urun\/carel-bl0t4d00h2-buhar-silindiri\/#primaryimage","url":"https:\/\/barrsell.com\/wp-content\/uploads\/2024\/11\/Carel-BL0T4D00H2-Steam-Cylinder.png","contentUrl":"https:\/\/barrsell.com\/wp-content\/uploads\/2024\/11\/Carel-BL0T4D00H2-Steam-Cylinder.png","width":1200,"height":1200,"caption":"Carel BL0T4D00H2 Steam Cylinder"},{"@type":"BreadcrumbList","@id":"https:\/\/barrsell.com\/urun\/carel-bl0t4d00h2-buhar-silindiri\/#breadcrumb","itemListElement":[{"@type":"ListItem","position":1,"name":"Home","item":"https:\/\/barrsell.com\/"},{"@type":"ListItem","position":2,"name":"\u00dcr\u00fcnler","item":"https:\/\/barrsell.com\/en\/products\/"},{"@type":"ListItem","position":3,"name":"Carel BL0T4D00H2 Buhar Silindiri"}]},{"@type":"WebSite","@id":"https:\/\/barrsell.com\/#website","url":"https:\/\/barrsell.com\/","name":"Barrsell End\u00fcstri Makine","description":"Teknolojiyle G\u00fc\u00e7lenen End\u00fcstriyel \u00c7\u00f6z\u00fcmler!","potentialAction":[{"@type":"SearchAction","target":{"@type":"EntryPoint","urlTemplate":"https:\/\/barrsell.com\/?s={search_term_string}"},"query-input":"required name=search_term_string"}],"inLanguage":"en-US"}]}},"_links":{"self":[{"href":"https:\/\/barrsell.com\/en\/wp-json\/wp\/v2\/product\/17840","targetHints":{"allow":["GET"]}}],"collection":[{"href":"https:\/\/barrsell.com\/en\/wp-json\/wp\/v2\/product"}],"about":[{"href":"https:\/\/barrsell.com\/en\/wp-json\/wp\/v2\/types\/product"}],"version-history":[{"count":6,"href":"https:\/\/barrsell.com\/en\/wp-json\/wp\/v2\/product\/17840\/revisions"}],"predecessor-version":[{"id":18597,"href":"https:\/\/barrsell.com\/en\/wp-json\/wp\/v2\/product\/17840\/revisions\/18597"}],"wp:featuredmedia":[{"embeddable":true,"href":"https:\/\/barrsell.com\/en\/wp-json\/wp\/v2\/media\/17841"}],"wp:attachment":[{"href":"https:\/\/barrsell.com\/en\/wp-json\/wp\/v2\/media?parent=17840"}],"wp:term":[{"taxonomy":"product_cat","embeddable":true,"href":"https:\/\/barrsell.com\/en\/wp-json\/wp\/v2\/product_cat?post=17840"},{"taxonomy":"product_tag","embeddable":true,"href":"https:\/\/barrsell.com\/en\/wp-json\/wp\/v2\/product_tag?post=17840"}],"curies":[{"name":"wp","href":"https:\/\/api.w.org\/{rel}","templated":true}]}}