{"id":17831,"date":"2024-11-01T09:13:38","date_gmt":"2024-11-01T09:13:38","guid":{"rendered":"https:\/\/barrsell.com\/?post_type=product&#038;p=17831"},"modified":"2024-11-27T09:35:58","modified_gmt":"2024-11-27T09:35:58","slug":"carel-uekdrain02-drenaj-pompasi-takimi","status":"publish","type":"product","link":"https:\/\/barrsell.com\/en\/product\/carel-uekdrain02-drainage-pump-set\/","title":{"rendered":"Carel UEKDRAIN02 Drainage Pump Kit"},"content":{"rendered":"<h2><strong>Carel UEKDRAIN02 Drainage Pump Kit<\/strong><\/h2>\n<p>Carel UEKDRAIN02 Drainage Pump Kit offers a high performance solution developed for water drainage in HVAC (Heating, Ventilation and Air Conditioning) systems. It is specifically designed to meet humidity control and water management requirements. It also provides reliable and effective drainage. With its durable construction, high efficiency and user-friendly features, Carel UEKDRAIN02 is an ideal choice for industrial and commercial applications.<\/p>\n<h4><strong>Features<\/strong><\/h4>\n<table width=\"0\">\n<tbody>\n<tr>\n<td colspan=\"2\">Learn More<\/td>\n<\/tr>\n<tr>\n<td>Manufacturer<\/td>\n<td>Carel<\/td>\n<\/tr>\n<tr>\n<td>Product Type<\/td>\n<td><a href=\"https:\/\/barrsell.com\/en\/kategoriler\/buhar-jeneratorleri-nemlendiriciler\/carel-buharli-nemlendirici\/\">Humidification<\/a><\/td>\n<\/tr>\n<tr>\n<td>Product Length<\/td>\n<td>5,45 in\u00e7 (13,843 cm)<\/td>\n<\/tr>\n<tr>\n<td>Product Width<\/td>\n<td>4,85 in\u00e7 (12,319 cm)<\/td>\n<\/tr>\n<tr>\n<td>Product Height<\/td>\n<td>3,55 in\u00e7 (9,017 cm)<\/td>\n<\/tr>\n<tr>\n<td>Product Weight<\/td>\n<td>1,025 lbs (0,465 kg)<\/td>\n<\/tr>\n<tr>\n<td>Shipping Length<\/td>\n<td>6,6 in\u00e7 (16,764 cm)<\/td>\n<\/tr>\n<tr>\n<td>Transmission Width<\/td>\n<td>6,5 in\u00e7 (16,510 cm)<\/td>\n<\/tr>\n<tr>\n<td>Transportation Height<\/td>\n<td>6,5 in\u00e7 (16,510 cm)<\/td>\n<\/tr>\n<\/tbody>\n<\/table>\n<h4><strong>Technical Specifications<\/strong><\/h4>\n<ul>\n<li class=\" translation-block\"><strong>High Performance Engine:<\/strong> <em>Drain Pump Set<\/em> ensures effective water discharge. It is also equipped with a powerful and efficient engine. The motor enhances system capabilities by delivering reliable performance even under continuous operating conditions.<\/li>\n<li class=\" translation-block\"><strong>Compact Design:<\/strong> <em>Drain pump<\/em> has a compact design for easy installation in limited spaces. This feature allows it to be used easily in various application areas.<\/li>\n<li class=\" translation-block\"><strong>Automatic Operation Feature:<\/strong> UEKDRAIN02 pump detects the water level. And right after that, it automatically activates and drains the water. This feature ensures continuous and reliable drainage without requiring user intervention.<\/li>\n<li class=\" translation-block\"><strong>High Drainage Capacity:<\/strong> Designed for high flow rate. Thus, it has the capacity to drain large amounts of water in a short time. This provides a significant advantage, especially when dealing with puddles.<\/li>\n<li class=\" translation-block\"><strong>Use of Durable Materials:<\/strong> The pump is manufactured with materials resistant to water and chemicals. This ensures the pump has a long life and works effectively even in harsh conditions.<\/li>\n<\/ul>\n<h4><strong>Advantages<\/strong><\/h4>\n<ol>\n<li class=\" translation-block\"><strong>Reliable Water Discharge:<\/strong><em> Carel UEKDRAIN02<\/em> provides continuous and reliable water discharge and especially eliminates moisture and puddle problems. This supports the healthy operation of HVAC systems.<\/li>\n<li class=\" translation-block\"><strong>Energy Efficiency:<\/strong> Thanks to its highly efficient engine, it offers high performance with low energy consumption. This also saves energy by reducing operating costs.<\/li>\n<li class=\" translation-block\"><strong>Easy Installation and Maintenance:<\/strong> Its compact design and user-friendly features simplify installation and maintenance processes. At the same time, the fact that the Drainage Pump Set can be easily installed is a great advantage for users.<\/li>\n<li class=\" translation-block\"><strong>Long Term Use:<\/strong> <em>Carel UEKDRAIN02 d<\/em>durable material structure ensures long-term performance of the pump even under harsh conditions. This reduces maintenance requirements and lowers operating costs.<\/li>\n<li class=\" translation-block\"><strong>Automatic Control:<\/strong> The automatic operation feature that detects the water level provides safe drainage without the need for users to constantly check the water level.<\/li>\n<\/ol>","protected":false},"excerpt":{"rendered":"<h4>Compatible Humidifier Models<\/h4>\n<ul>\n<li>UE001XD \u2013 UE001XU \u2013 UE003XD-UE003XK-UE003XM-UE003XU-UE003XW-nUE005XD- UE005XK UE005XM-UE005XN-UE005XU-UE005XW-UE008XK- UE008XM-UE008XN-UE008XW-UE009XD-UE009XU-UE010XK-UE010XM- UE010XN-UE010XW-UE015XK-UE015XM-UE015XN-UE015XW UE018XM-UE018XN<\/li>\n<\/ul>","protected":false},"featured_media":17832,"template":"","meta":[],"product_cat":[136],"product_tag":[],"class_list":{"0":"post-17831","1":"product","2":"type-product","3":"status-publish","4":"has-post-thumbnail","6":"product_cat-carel-yedek-parcalari","8":"first","9":"instock","10":"shipping-taxable","11":"product-type-external"},"yoast_head":"<!-- This site is optimized with the Yoast SEO Premium plugin v23.2 (Yoast SEO v23.2) - https:\/\/yoast.com\/wordpress\/plugins\/seo\/ -->\n<title>Carel UEKDRAIN02 Drenaj Pompas\u0131 Tak\u0131m\u0131 | Barrsell End\u00fcstri<\/title>\n<meta name=\"description\" content=\"Carel UEKDRAIN02 Drenaj Pompas\u0131 Tak\u0131m\u0131, HVAC (Is\u0131tma, Havaland\u0131rma ve \u0130klimlendirme) sistemlerinde su tahliyesi i\u00e7in geli\u015ftirilmi\u015ftir.\" \/>\n<meta name=\"robots\" content=\"index, follow, max-snippet:-1, max-image-preview:large, max-video-preview:-1\" \/>\n<link rel=\"canonical\" href=\"https:\/\/barrsell.com\/en\/product\/carel-uekdrain02-drainage-pump-set\/\" \/>\n<meta property=\"og:locale\" content=\"en_US\" \/>\n<meta property=\"og:type\" content=\"article\" \/>\n<meta property=\"og:title\" content=\"Carel UEKDRAIN02 Drenaj Pompas\u0131 Tak\u0131m\u0131\" \/>\n<meta property=\"og:description\" content=\"Carel UEKDRAIN02 Drenaj Pompas\u0131 Tak\u0131m\u0131, HVAC (Is\u0131tma, Havaland\u0131rma ve \u0130klimlendirme) sistemlerinde su tahliyesi i\u00e7in geli\u015ftirilmi\u015ftir.\" \/>\n<meta property=\"og:url\" content=\"https:\/\/barrsell.com\/en\/product\/carel-uekdrain02-drainage-pump-set\/\" \/>\n<meta property=\"og:site_name\" content=\"Barrsell\" \/>\n<meta property=\"article:modified_time\" content=\"2024-11-27T09:35:58+00:00\" \/>\n<meta property=\"og:image\" content=\"https:\/\/barrsell.com\/wp-content\/uploads\/2024\/11\/Carel-UEKDRAIN02-Drenaj-Pompasi-Takimi.png\" \/>\n\t<meta property=\"og:image:width\" content=\"1200\" \/>\n\t<meta property=\"og:image:height\" content=\"1200\" \/>\n\t<meta property=\"og:image:type\" content=\"image\/png\" \/>\n<meta name=\"twitter:card\" content=\"summary_large_image\" \/>\n<meta name=\"twitter:label1\" content=\"Est. reading time\" \/>\n\t<meta name=\"twitter:data1\" content=\"3 minutes\" \/>\n<script type=\"application\/ld+json\" class=\"yoast-schema-graph\">{\"@context\":\"https:\/\/schema.org\",\"@graph\":[{\"@type\":\"WebPage\",\"@id\":\"https:\/\/barrsell.com\/urun\/carel-uekdrain02-drenaj-pompasi-takimi\/\",\"url\":\"https:\/\/barrsell.com\/urun\/carel-uekdrain02-drenaj-pompasi-takimi\/\",\"name\":\"Carel UEKDRAIN02 Drenaj Pompas\u0131 Tak\u0131m\u0131 | Barrsell End\u00fcstri\",\"isPartOf\":{\"@id\":\"https:\/\/barrsell.com\/#website\"},\"primaryImageOfPage\":{\"@id\":\"https:\/\/barrsell.com\/urun\/carel-uekdrain02-drenaj-pompasi-takimi\/#primaryimage\"},\"image\":{\"@id\":\"https:\/\/barrsell.com\/urun\/carel-uekdrain02-drenaj-pompasi-takimi\/#primaryimage\"},\"thumbnailUrl\":\"https:\/\/barrsell.com\/wp-content\/uploads\/2024\/11\/Carel-UEKDRAIN02-Drenaj-Pompasi-Takimi.png\",\"datePublished\":\"2024-11-01T09:13:38+00:00\",\"dateModified\":\"2024-11-27T09:35:58+00:00\",\"description\":\"Carel UEKDRAIN02 Drenaj Pompas\u0131 Tak\u0131m\u0131, HVAC (Is\u0131tma, Havaland\u0131rma ve \u0130klimlendirme) sistemlerinde su tahliyesi i\u00e7in geli\u015ftirilmi\u015ftir.\",\"breadcrumb\":{\"@id\":\"https:\/\/barrsell.com\/urun\/carel-uekdrain02-drenaj-pompasi-takimi\/#breadcrumb\"},\"inLanguage\":\"en-US\",\"potentialAction\":[{\"@type\":\"ReadAction\",\"target\":[\"https:\/\/barrsell.com\/urun\/carel-uekdrain02-drenaj-pompasi-takimi\/\"]}]},{\"@type\":\"ImageObject\",\"inLanguage\":\"en-US\",\"@id\":\"https:\/\/barrsell.com\/urun\/carel-uekdrain02-drenaj-pompasi-takimi\/#primaryimage\",\"url\":\"https:\/\/barrsell.com\/wp-content\/uploads\/2024\/11\/Carel-UEKDRAIN02-Drenaj-Pompasi-Takimi.png\",\"contentUrl\":\"https:\/\/barrsell.com\/wp-content\/uploads\/2024\/11\/Carel-UEKDRAIN02-Drenaj-Pompasi-Takimi.png\",\"width\":1200,\"height\":1200,\"caption\":\"Carel UEKDRAIN02 Drenaj Pompas\u0131 Tak\u0131m\u0131\"},{\"@type\":\"BreadcrumbList\",\"@id\":\"https:\/\/barrsell.com\/urun\/carel-uekdrain02-drenaj-pompasi-takimi\/#breadcrumb\",\"itemListElement\":[{\"@type\":\"ListItem\",\"position\":1,\"name\":\"Home\",\"item\":\"https:\/\/barrsell.com\/\"},{\"@type\":\"ListItem\",\"position\":2,\"name\":\"\u00dcr\u00fcnler\",\"item\":\"https:\/\/barrsell.com\/en\/products\/\"},{\"@type\":\"ListItem\",\"position\":3,\"name\":\"Carel UEKDRAIN02 Drenaj Pompas\u0131 Tak\u0131m\u0131\"}]},{\"@type\":\"WebSite\",\"@id\":\"https:\/\/barrsell.com\/#website\",\"url\":\"https:\/\/barrsell.com\/\",\"name\":\"Barrsell End\u00fcstri Makine\",\"description\":\"Teknolojiyle G\u00fc\u00e7lenen End\u00fcstriyel \u00c7\u00f6z\u00fcmler!\",\"potentialAction\":[{\"@type\":\"SearchAction\",\"target\":{\"@type\":\"EntryPoint\",\"urlTemplate\":\"https:\/\/barrsell.com\/?s={search_term_string}\"},\"query-input\":\"required name=search_term_string\"}],\"inLanguage\":\"en-US\"}]}<\/script>\n<!-- \/ Yoast SEO Premium plugin. -->","yoast_head_json":{"title":"Carel UEKDRAIN02 Drenaj Pompas\u0131 Tak\u0131m\u0131 | Barrsell End\u00fcstri","description":"Carel UEKDRAIN02 Drenaj Pompas\u0131 Tak\u0131m\u0131, HVAC (Is\u0131tma, Havaland\u0131rma ve \u0130klimlendirme) sistemlerinde su tahliyesi i\u00e7in geli\u015ftirilmi\u015ftir.","robots":{"index":"index","follow":"follow","max-snippet":"max-snippet:-1","max-image-preview":"max-image-preview:large","max-video-preview":"max-video-preview:-1"},"canonical":"https:\/\/barrsell.com\/en\/product\/carel-uekdrain02-drainage-pump-set\/","og_locale":"en_US","og_type":"article","og_title":"Carel UEKDRAIN02 Drenaj Pompas\u0131 Tak\u0131m\u0131","og_description":"Carel UEKDRAIN02 Drenaj Pompas\u0131 Tak\u0131m\u0131, HVAC (Is\u0131tma, Havaland\u0131rma ve \u0130klimlendirme) sistemlerinde su tahliyesi i\u00e7in geli\u015ftirilmi\u015ftir.","og_url":"https:\/\/barrsell.com\/en\/product\/carel-uekdrain02-drainage-pump-set\/","og_site_name":"Barrsell","article_modified_time":"2024-11-27T09:35:58+00:00","og_image":[{"width":1200,"height":1200,"url":"https:\/\/barrsell.com\/wp-content\/uploads\/2024\/11\/Carel-UEKDRAIN02-Drenaj-Pompasi-Takimi.png","type":"image\/png"}],"twitter_card":"summary_large_image","twitter_misc":{"Est. reading time":"3 minutes"},"schema":{"@context":"https:\/\/schema.org","@graph":[{"@type":"WebPage","@id":"https:\/\/barrsell.com\/urun\/carel-uekdrain02-drenaj-pompasi-takimi\/","url":"https:\/\/barrsell.com\/urun\/carel-uekdrain02-drenaj-pompasi-takimi\/","name":"Carel UEKDRAIN02 Drenaj Pompas\u0131 Tak\u0131m\u0131 | Barrsell End\u00fcstri","isPartOf":{"@id":"https:\/\/barrsell.com\/#website"},"primaryImageOfPage":{"@id":"https:\/\/barrsell.com\/urun\/carel-uekdrain02-drenaj-pompasi-takimi\/#primaryimage"},"image":{"@id":"https:\/\/barrsell.com\/urun\/carel-uekdrain02-drenaj-pompasi-takimi\/#primaryimage"},"thumbnailUrl":"https:\/\/barrsell.com\/wp-content\/uploads\/2024\/11\/Carel-UEKDRAIN02-Drenaj-Pompasi-Takimi.png","datePublished":"2024-11-01T09:13:38+00:00","dateModified":"2024-11-27T09:35:58+00:00","description":"Carel UEKDRAIN02 Drenaj Pompas\u0131 Tak\u0131m\u0131, HVAC (Is\u0131tma, Havaland\u0131rma ve \u0130klimlendirme) sistemlerinde su tahliyesi i\u00e7in geli\u015ftirilmi\u015ftir.","breadcrumb":{"@id":"https:\/\/barrsell.com\/urun\/carel-uekdrain02-drenaj-pompasi-takimi\/#breadcrumb"},"inLanguage":"en-US","potentialAction":[{"@type":"ReadAction","target":["https:\/\/barrsell.com\/urun\/carel-uekdrain02-drenaj-pompasi-takimi\/"]}]},{"@type":"ImageObject","inLanguage":"en-US","@id":"https:\/\/barrsell.com\/urun\/carel-uekdrain02-drenaj-pompasi-takimi\/#primaryimage","url":"https:\/\/barrsell.com\/wp-content\/uploads\/2024\/11\/Carel-UEKDRAIN02-Drenaj-Pompasi-Takimi.png","contentUrl":"https:\/\/barrsell.com\/wp-content\/uploads\/2024\/11\/Carel-UEKDRAIN02-Drenaj-Pompasi-Takimi.png","width":1200,"height":1200,"caption":"Carel UEKDRAIN02 Drenaj Pompas\u0131 Tak\u0131m\u0131"},{"@type":"BreadcrumbList","@id":"https:\/\/barrsell.com\/urun\/carel-uekdrain02-drenaj-pompasi-takimi\/#breadcrumb","itemListElement":[{"@type":"ListItem","position":1,"name":"Home","item":"https:\/\/barrsell.com\/"},{"@type":"ListItem","position":2,"name":"\u00dcr\u00fcnler","item":"https:\/\/barrsell.com\/en\/products\/"},{"@type":"ListItem","position":3,"name":"Carel UEKDRAIN02 Drenaj Pompas\u0131 Tak\u0131m\u0131"}]},{"@type":"WebSite","@id":"https:\/\/barrsell.com\/#website","url":"https:\/\/barrsell.com\/","name":"Barrsell End\u00fcstri Makine","description":"Teknolojiyle G\u00fc\u00e7lenen End\u00fcstriyel \u00c7\u00f6z\u00fcmler!","potentialAction":[{"@type":"SearchAction","target":{"@type":"EntryPoint","urlTemplate":"https:\/\/barrsell.com\/?s={search_term_string}"},"query-input":"required name=search_term_string"}],"inLanguage":"en-US"}]}},"_links":{"self":[{"href":"https:\/\/barrsell.com\/en\/wp-json\/wp\/v2\/product\/17831","targetHints":{"allow":["GET"]}}],"collection":[{"href":"https:\/\/barrsell.com\/en\/wp-json\/wp\/v2\/product"}],"about":[{"href":"https:\/\/barrsell.com\/en\/wp-json\/wp\/v2\/types\/product"}],"version-history":[{"count":5,"href":"https:\/\/barrsell.com\/en\/wp-json\/wp\/v2\/product\/17831\/revisions"}],"predecessor-version":[{"id":18605,"href":"https:\/\/barrsell.com\/en\/wp-json\/wp\/v2\/product\/17831\/revisions\/18605"}],"wp:featuredmedia":[{"embeddable":true,"href":"https:\/\/barrsell.com\/en\/wp-json\/wp\/v2\/media\/17832"}],"wp:attachment":[{"href":"https:\/\/barrsell.com\/en\/wp-json\/wp\/v2\/media?parent=17831"}],"wp:term":[{"taxonomy":"product_cat","embeddable":true,"href":"https:\/\/barrsell.com\/en\/wp-json\/wp\/v2\/product_cat?post=17831"},{"taxonomy":"product_tag","embeddable":true,"href":"https:\/\/barrsell.com\/en\/wp-json\/wp\/v2\/product_tag?post=17831"}],"curies":[{"name":"wp","href":"https:\/\/api.w.org\/{rel}","templated":true}]}}