{"id":17827,"date":"2024-11-01T09:05:42","date_gmt":"2024-11-01T09:05:42","guid":{"rendered":"https:\/\/barrsell.com\/?post_type=product&#038;p=17827"},"modified":"2024-11-27T10:05:58","modified_gmt":"2024-11-27T10:05:58","slug":"carel-sh75-buhar-hortumu","status":"publish","type":"product","link":"https:\/\/barrsell.com\/en\/product\/carel-sh75-steam-hose\/","title":{"rendered":"Carel SH75 Steam Hose"},"content":{"rendered":"<h2><strong>Carel SH75 Buhar Hortumu:<\/strong><\/h2>\n<p>Carel SH75 Steam Hose has been developed for high performance steam transmission in HVAC (Heating, Ventilation and Air Conditioning) systems. It is also a durable hose solution. It has the flexibility, heat resistance and high pressure capacity to carry steam flow safely and efficiently in systems. Carel steam hose is also designed to suit the needs of industrial environments. It is a hose that is especially optimized for humidification systems. High quality materials and a technological production process ensure a long service life.\n\nTranslated with DeepL.com (free version)<\/p>\n<h4><strong>Features<\/strong><\/h4>\n<table width=\"0\">\n<tbody>\n<tr>\n<td colspan=\"2\">Learn More<\/td>\n<\/tr>\n<tr>\n<td>Manufacturer<\/td>\n<td>Carel<\/td>\n<\/tr>\n<tr>\n<td>Product Type<\/td>\n<td><a href=\"https:\/\/barrsell.com\/en\/kategoriler\/buhar-jeneratorleri-nemlendiriciler\/carel-buharli-nemlendirici\/\">Humidification<\/a><\/td>\n<\/tr>\n<\/tbody>\n<\/table>\n<h4><strong>Technical Specifications<\/strong><\/h4>\n<ul>\n<li class=\" translation-block\"><strong>High Temperature Resistance:<\/strong> <em>Carel SH75<\/em> is produced with special heat-resistant materials. And thus maintains resistance to high temperatures. This feature also increases the durability of the hose when evaporated. In short, it provides long-lasting use.<\/li>\n<li class=\" translation-block\"><strong>High Pressure Capability:<\/strong> With its ability to operate under high pressure, the SH75 performs pressurized vapor handling operations in HVAC systems without any problems. This pressure resistance is especially important for system safety and performance in industrial applications.<\/li>\n<li class=\" translation-block\"><strong>Flexibility and Durability:<\/strong> Steam Hose offers easy assembly and maneuvering thanks to its flexible structure. With its durable materials, it serves for a long time without deformation even in harsh conditions.<\/li>\n<li class=\" translation-block\"><strong>Resistance to Corrosive Effects:<\/strong> It has a structure resistant to chemicals and corrosion. It allows the hose to be used safely in industrial environments. It offers effective performance even in corrosive vapor conditions.<\/li>\n<li class=\" translation-block\"><strong>Insulated Exterior:<\/strong> The outer surface of the steam unit hose ensures safe use even when operating at high temperatures.  This feature prevents damage to the equipment around the hose.<\/li>\n<\/ul>","protected":false},"excerpt":{"rendered":"<h4>Compatible Humidifier Models<\/h4>\n<ul>\n<li>MS103CL Series<\/li>\n<li>MS105CL Series<\/li>\n<li>SC103CL Series<\/li>\n<li>SC105CL Series<\/li>\n<\/ul>","protected":false},"featured_media":17828,"template":"","meta":[],"product_cat":[136],"product_tag":[],"class_list":{"0":"post-17827","1":"product","2":"type-product","3":"status-publish","4":"has-post-thumbnail","6":"product_cat-carel-yedek-parcalari","8":"first","9":"instock","10":"shipping-taxable","11":"product-type-external"},"yoast_head":"<!-- This site is optimized with the Yoast SEO Premium plugin v23.2 (Yoast SEO v23.2) - https:\/\/yoast.com\/wordpress\/plugins\/seo\/ -->\n<title>Carel SH75 Buhar Hortumu | Barrsell End\u00fcstri<\/title>\n<meta name=\"description\" content=\"Carel SH75 Buhar Hortumu, HVAC (Is\u0131tma, Havaland\u0131rma ve \u0130klimlendirme) sistemlerinde y\u00fcksek performansl\u0131 buhar iletimine y\u00f6nelik olarak geli\u015ftirilmi\u015ftir.\" \/>\n<meta name=\"robots\" content=\"index, follow, max-snippet:-1, max-image-preview:large, max-video-preview:-1\" \/>\n<link rel=\"canonical\" href=\"https:\/\/barrsell.com\/en\/product\/carel-sh75-steam-hose\/\" \/>\n<meta property=\"og:locale\" content=\"en_US\" \/>\n<meta property=\"og:type\" content=\"article\" \/>\n<meta property=\"og:title\" content=\"Carel SH75 Buhar Hortumu\" \/>\n<meta property=\"og:description\" content=\"Carel SH75 Buhar Hortumu, HVAC (Is\u0131tma, Havaland\u0131rma ve \u0130klimlendirme) sistemlerinde y\u00fcksek performansl\u0131 buhar iletimine y\u00f6nelik olarak geli\u015ftirilmi\u015ftir.\" \/>\n<meta property=\"og:url\" content=\"https:\/\/barrsell.com\/en\/product\/carel-sh75-steam-hose\/\" \/>\n<meta property=\"og:site_name\" content=\"Barrsell\" \/>\n<meta property=\"article:modified_time\" content=\"2024-11-27T10:05:58+00:00\" \/>\n<meta property=\"og:image\" content=\"https:\/\/barrsell.com\/wp-content\/uploads\/2024\/11\/Carel-SH75-Buhar-Hortumu.png\" \/>\n\t<meta property=\"og:image:width\" content=\"1200\" \/>\n\t<meta property=\"og:image:height\" content=\"1200\" \/>\n\t<meta property=\"og:image:type\" content=\"image\/png\" \/>\n<meta name=\"twitter:card\" content=\"summary_large_image\" \/>\n<meta name=\"twitter:label1\" content=\"Est. reading time\" \/>\n\t<meta name=\"twitter:data1\" content=\"2 minutes\" \/>\n<script type=\"application\/ld+json\" class=\"yoast-schema-graph\">{\"@context\":\"https:\/\/schema.org\",\"@graph\":[{\"@type\":\"WebPage\",\"@id\":\"https:\/\/barrsell.com\/urun\/carel-sh75-buhar-hortumu\/\",\"url\":\"https:\/\/barrsell.com\/urun\/carel-sh75-buhar-hortumu\/\",\"name\":\"Carel SH75 Buhar Hortumu | Barrsell End\u00fcstri\",\"isPartOf\":{\"@id\":\"https:\/\/barrsell.com\/#website\"},\"primaryImageOfPage\":{\"@id\":\"https:\/\/barrsell.com\/urun\/carel-sh75-buhar-hortumu\/#primaryimage\"},\"image\":{\"@id\":\"https:\/\/barrsell.com\/urun\/carel-sh75-buhar-hortumu\/#primaryimage\"},\"thumbnailUrl\":\"https:\/\/barrsell.com\/wp-content\/uploads\/2024\/11\/Carel-SH75-Buhar-Hortumu.png\",\"datePublished\":\"2024-11-01T09:05:42+00:00\",\"dateModified\":\"2024-11-27T10:05:58+00:00\",\"description\":\"Carel SH75 Buhar Hortumu, HVAC (Is\u0131tma, Havaland\u0131rma ve \u0130klimlendirme) sistemlerinde y\u00fcksek performansl\u0131 buhar iletimine y\u00f6nelik olarak geli\u015ftirilmi\u015ftir.\",\"breadcrumb\":{\"@id\":\"https:\/\/barrsell.com\/urun\/carel-sh75-buhar-hortumu\/#breadcrumb\"},\"inLanguage\":\"en-US\",\"potentialAction\":[{\"@type\":\"ReadAction\",\"target\":[\"https:\/\/barrsell.com\/urun\/carel-sh75-buhar-hortumu\/\"]}]},{\"@type\":\"ImageObject\",\"inLanguage\":\"en-US\",\"@id\":\"https:\/\/barrsell.com\/urun\/carel-sh75-buhar-hortumu\/#primaryimage\",\"url\":\"https:\/\/barrsell.com\/wp-content\/uploads\/2024\/11\/Carel-SH75-Buhar-Hortumu.png\",\"contentUrl\":\"https:\/\/barrsell.com\/wp-content\/uploads\/2024\/11\/Carel-SH75-Buhar-Hortumu.png\",\"width\":1200,\"height\":1200,\"caption\":\"Carel SH75 Buhar Hortumu\"},{\"@type\":\"BreadcrumbList\",\"@id\":\"https:\/\/barrsell.com\/urun\/carel-sh75-buhar-hortumu\/#breadcrumb\",\"itemListElement\":[{\"@type\":\"ListItem\",\"position\":1,\"name\":\"Home\",\"item\":\"https:\/\/barrsell.com\/\"},{\"@type\":\"ListItem\",\"position\":2,\"name\":\"\u00dcr\u00fcnler\",\"item\":\"https:\/\/barrsell.com\/en\/products\/\"},{\"@type\":\"ListItem\",\"position\":3,\"name\":\"Carel SH75 Buhar Hortumu\"}]},{\"@type\":\"WebSite\",\"@id\":\"https:\/\/barrsell.com\/#website\",\"url\":\"https:\/\/barrsell.com\/\",\"name\":\"Barrsell End\u00fcstri Makine\",\"description\":\"Teknolojiyle G\u00fc\u00e7lenen End\u00fcstriyel \u00c7\u00f6z\u00fcmler!\",\"potentialAction\":[{\"@type\":\"SearchAction\",\"target\":{\"@type\":\"EntryPoint\",\"urlTemplate\":\"https:\/\/barrsell.com\/?s={search_term_string}\"},\"query-input\":\"required name=search_term_string\"}],\"inLanguage\":\"en-US\"}]}<\/script>\n<!-- \/ Yoast SEO Premium plugin. -->","yoast_head_json":{"title":"Carel SH75 Buhar Hortumu | Barrsell End\u00fcstri","description":"Carel SH75 Buhar Hortumu, HVAC (Is\u0131tma, Havaland\u0131rma ve \u0130klimlendirme) sistemlerinde y\u00fcksek performansl\u0131 buhar iletimine y\u00f6nelik olarak geli\u015ftirilmi\u015ftir.","robots":{"index":"index","follow":"follow","max-snippet":"max-snippet:-1","max-image-preview":"max-image-preview:large","max-video-preview":"max-video-preview:-1"},"canonical":"https:\/\/barrsell.com\/en\/product\/carel-sh75-steam-hose\/","og_locale":"en_US","og_type":"article","og_title":"Carel SH75 Buhar Hortumu","og_description":"Carel SH75 Buhar Hortumu, HVAC (Is\u0131tma, Havaland\u0131rma ve \u0130klimlendirme) sistemlerinde y\u00fcksek performansl\u0131 buhar iletimine y\u00f6nelik olarak geli\u015ftirilmi\u015ftir.","og_url":"https:\/\/barrsell.com\/en\/product\/carel-sh75-steam-hose\/","og_site_name":"Barrsell","article_modified_time":"2024-11-27T10:05:58+00:00","og_image":[{"width":1200,"height":1200,"url":"https:\/\/barrsell.com\/wp-content\/uploads\/2024\/11\/Carel-SH75-Buhar-Hortumu.png","type":"image\/png"}],"twitter_card":"summary_large_image","twitter_misc":{"Est. reading time":"2 minutes"},"schema":{"@context":"https:\/\/schema.org","@graph":[{"@type":"WebPage","@id":"https:\/\/barrsell.com\/urun\/carel-sh75-buhar-hortumu\/","url":"https:\/\/barrsell.com\/urun\/carel-sh75-buhar-hortumu\/","name":"Carel SH75 Buhar Hortumu | Barrsell End\u00fcstri","isPartOf":{"@id":"https:\/\/barrsell.com\/#website"},"primaryImageOfPage":{"@id":"https:\/\/barrsell.com\/urun\/carel-sh75-buhar-hortumu\/#primaryimage"},"image":{"@id":"https:\/\/barrsell.com\/urun\/carel-sh75-buhar-hortumu\/#primaryimage"},"thumbnailUrl":"https:\/\/barrsell.com\/wp-content\/uploads\/2024\/11\/Carel-SH75-Buhar-Hortumu.png","datePublished":"2024-11-01T09:05:42+00:00","dateModified":"2024-11-27T10:05:58+00:00","description":"Carel SH75 Buhar Hortumu, HVAC (Is\u0131tma, Havaland\u0131rma ve \u0130klimlendirme) sistemlerinde y\u00fcksek performansl\u0131 buhar iletimine y\u00f6nelik olarak geli\u015ftirilmi\u015ftir.","breadcrumb":{"@id":"https:\/\/barrsell.com\/urun\/carel-sh75-buhar-hortumu\/#breadcrumb"},"inLanguage":"en-US","potentialAction":[{"@type":"ReadAction","target":["https:\/\/barrsell.com\/urun\/carel-sh75-buhar-hortumu\/"]}]},{"@type":"ImageObject","inLanguage":"en-US","@id":"https:\/\/barrsell.com\/urun\/carel-sh75-buhar-hortumu\/#primaryimage","url":"https:\/\/barrsell.com\/wp-content\/uploads\/2024\/11\/Carel-SH75-Buhar-Hortumu.png","contentUrl":"https:\/\/barrsell.com\/wp-content\/uploads\/2024\/11\/Carel-SH75-Buhar-Hortumu.png","width":1200,"height":1200,"caption":"Carel SH75 Buhar Hortumu"},{"@type":"BreadcrumbList","@id":"https:\/\/barrsell.com\/urun\/carel-sh75-buhar-hortumu\/#breadcrumb","itemListElement":[{"@type":"ListItem","position":1,"name":"Home","item":"https:\/\/barrsell.com\/"},{"@type":"ListItem","position":2,"name":"\u00dcr\u00fcnler","item":"https:\/\/barrsell.com\/en\/products\/"},{"@type":"ListItem","position":3,"name":"Carel SH75 Buhar Hortumu"}]},{"@type":"WebSite","@id":"https:\/\/barrsell.com\/#website","url":"https:\/\/barrsell.com\/","name":"Barrsell End\u00fcstri Makine","description":"Teknolojiyle G\u00fc\u00e7lenen End\u00fcstriyel \u00c7\u00f6z\u00fcmler!","potentialAction":[{"@type":"SearchAction","target":{"@type":"EntryPoint","urlTemplate":"https:\/\/barrsell.com\/?s={search_term_string}"},"query-input":"required name=search_term_string"}],"inLanguage":"en-US"}]}},"_links":{"self":[{"href":"https:\/\/barrsell.com\/en\/wp-json\/wp\/v2\/product\/17827","targetHints":{"allow":["GET"]}}],"collection":[{"href":"https:\/\/barrsell.com\/en\/wp-json\/wp\/v2\/product"}],"about":[{"href":"https:\/\/barrsell.com\/en\/wp-json\/wp\/v2\/types\/product"}],"version-history":[{"count":4,"href":"https:\/\/barrsell.com\/en\/wp-json\/wp\/v2\/product\/17827\/revisions"}],"predecessor-version":[{"id":18606,"href":"https:\/\/barrsell.com\/en\/wp-json\/wp\/v2\/product\/17827\/revisions\/18606"}],"wp:featuredmedia":[{"embeddable":true,"href":"https:\/\/barrsell.com\/en\/wp-json\/wp\/v2\/media\/17828"}],"wp:attachment":[{"href":"https:\/\/barrsell.com\/en\/wp-json\/wp\/v2\/media?parent=17827"}],"wp:term":[{"taxonomy":"product_cat","embeddable":true,"href":"https:\/\/barrsell.com\/en\/wp-json\/wp\/v2\/product_cat?post=17827"},{"taxonomy":"product_tag","embeddable":true,"href":"https:\/\/barrsell.com\/en\/wp-json\/wp\/v2\/product_tag?post=17827"}],"curies":[{"name":"wp","href":"https:\/\/api.w.org\/{rel}","templated":true}]}}