{"id":17820,"date":"2024-11-01T08:33:14","date_gmt":"2024-11-01T08:33:14","guid":{"rendered":"https:\/\/barrsell.com\/?post_type=product&#038;p=17820"},"modified":"2024-11-28T10:28:02","modified_gmt":"2024-11-28T10:28:02","slug":"carel-kitvscomp0-tahliye-vanasi-takimi","status":"publish","type":"product","link":"https:\/\/barrsell.com\/en\/product\/carel-kitvscomp0-drain-valve-kit\/","title":{"rendered":"Carel KITVSCOMP0 Relief Valve Kit"},"content":{"rendered":"<h2><strong>Carel KITVSCOMP0 Relief Valve Kit:\u00a0<\/strong><\/h2>\n<p class=\" translation-block\">Carel KITVSCOMP0 Relief Valve Kit is an advanced technology product developed to ensure safe and efficient operation of cooling and ventilation components in HVAC (Heating, Ventilation and Air Conditioning) systems. This set provides pressure regulation and liquid drainage functions, protecting system components against overpressure. And thus optimizes the performance of the system.<\/p>\n<h4><strong>Features<\/strong><\/h4>\n<table width=\"0\">\n<tbody>\n<tr>\n<td colspan=\"2\">Learn More<\/td>\n<\/tr>\n<tr>\n<td>Manufacturer<\/td>\n<td>Carel<\/td>\n<\/tr>\n<tr>\n<td>Product Type<\/td>\n<td><a href=\"https:\/\/barrsell.com\/en\/kategoriler\/buhar-jeneratorleri-nemlendiriciler\/carel-buharli-nemlendirici\/\">Humidification<\/a><\/td>\n<\/tr>\n<tr>\n<td>Product Length<\/td>\n<td>4,15 in\u00e7 (10,541 cm)<\/td>\n<\/tr>\n<tr>\n<td>Product Width<\/td>\n<td>2,3 in\u00e7 (5,842 cm)<\/td>\n<\/tr>\n<tr>\n<td>Product Height<\/td>\n<td>1,55 in\u00e7 (3,937 cm)<\/td>\n<\/tr>\n<tr>\n<td>Product Weight<\/td>\n<td>0,27 lbs (0,122 kg)<\/td>\n<\/tr>\n<tr>\n<td>Shipping Length<\/td>\n<td>4,25 in\u00e7 (10,795 cm)<\/td>\n<\/tr>\n<tr>\n<td>Transmission Width<\/td>\n<td>4,05 in\u00e7 (10,287 cm)<\/td>\n<\/tr>\n<tr>\n<td>Transportation Height<\/td>\n<td>3,3 in\u00e7 (8,382 cm)<\/td>\n<\/tr>\n<\/tbody>\n<\/table>\n<h4><strong>Technical Specifications<\/strong><\/h4>\n<ul>\n<li class=\" translation-block\"><strong>High Pressure Resistance:<\/strong> Carel KITVSCOMP0 is manufactured from high pressure resistant materials. It allows safe evacuation of HVAC systems in overpressure situations. Thus, it prevents damage to system components.<\/li>\n<li class=\" translation-block\"><strong>Precise Control Mechanism:<\/strong> Thanks to the precise control mechanism, the valve set evacuation operations are carried out accurately. This feature also provides a fast evacuation by reacting instantly to pressure changes. And thus supports the continuous operation of the system at optimum level.<\/li>\n<li class=\" translation-block\"><strong>Durable Material Structure: <\/strong>Especially suitable for industrial conditions. Manufactured with materials that provide high durability. It offers long-lasting use with its structure resistant to extreme temperature, humidity and chemical effects.<\/li>\n<li class=\" translation-block\"><strong>Compact and Flexible Design:<strong> <em>Carel KITVSCOMP0 relief valve kit can be easily installed even in tight spaces thanks to its compact design. And it also works in harmony with different HVAC systems. This flexibility ensures a comfortable installation in various application areas.<\/li>\n<li class=\" translation-block\"><strong>Easy Maintenance:<\/strong> The Drain Valve is designed to facilitate maintenance and repair operations. This feature shortens maintenance time and reduces maintenance costs.<\/li>\n<\/ul>","protected":false},"excerpt":{"rendered":"<h4>Compatible Humidifier Models<\/h4>\n<ul>\n<li>MS103CL Series<\/li>\n<li>MS105CL Series<\/li>\n<li>SC103CL Series<\/li>\n<li>SC105CL Series<\/li>\n<\/ul>","protected":false},"featured_media":17821,"template":"","meta":[],"product_cat":[136],"product_tag":[],"class_list":{"0":"post-17820","1":"product","2":"type-product","3":"status-publish","4":"has-post-thumbnail","6":"product_cat-carel-yedek-parcalari","8":"first","9":"instock","10":"shipping-taxable","11":"product-type-external"},"yoast_head":"<!-- This site is optimized with the Yoast SEO Premium plugin v23.2 (Yoast SEO v23.2) - https:\/\/yoast.com\/wordpress\/plugins\/seo\/ -->\n<title>Carel KITVSCOMP0 Tahliye Vanas\u0131 Tak\u0131m\u0131 | Barrsell End\u00fcstri<\/title>\n<meta name=\"description\" content=\"Carel KITVSCOMP0 Tahliye Vanas\u0131 Tak\u0131m\u0131, HVAC (Is\u0131tma, Havaland\u0131rma ve \u0130klimlendirme) sistemlerinde, so\u011futma ve havaland\u0131rma bile\u015fenlerinde.\" \/>\n<meta name=\"robots\" content=\"index, follow, max-snippet:-1, max-image-preview:large, max-video-preview:-1\" \/>\n<link rel=\"canonical\" href=\"https:\/\/barrsell.com\/en\/product\/carel-kitvscomp0-drain-valve-kit\/\" \/>\n<meta property=\"og:locale\" content=\"en_US\" \/>\n<meta property=\"og:type\" content=\"article\" \/>\n<meta property=\"og:title\" content=\"Carel KITVSCOMP0 Tahliye Vanas\u0131 Tak\u0131m\u0131\" \/>\n<meta property=\"og:description\" content=\"Carel KITVSCOMP0 Tahliye Vanas\u0131 Tak\u0131m\u0131, HVAC (Is\u0131tma, Havaland\u0131rma ve \u0130klimlendirme) sistemlerinde, so\u011futma ve havaland\u0131rma bile\u015fenlerinde.\" \/>\n<meta property=\"og:url\" content=\"https:\/\/barrsell.com\/en\/product\/carel-kitvscomp0-drain-valve-kit\/\" \/>\n<meta property=\"og:site_name\" content=\"Barrsell\" \/>\n<meta property=\"article:modified_time\" content=\"2024-11-28T10:28:02+00:00\" \/>\n<meta property=\"og:image\" content=\"https:\/\/barrsell.com\/wp-content\/uploads\/2024\/11\/Carel-KITVSCOMP0-Tahliye-Vanasi-Takimi.png\" \/>\n\t<meta property=\"og:image:width\" content=\"1200\" \/>\n\t<meta property=\"og:image:height\" content=\"1200\" \/>\n\t<meta property=\"og:image:type\" content=\"image\/png\" \/>\n<meta name=\"twitter:card\" content=\"summary_large_image\" \/>\n<meta name=\"twitter:label1\" content=\"Est. reading time\" \/>\n\t<meta name=\"twitter:data1\" content=\"2 minutes\" \/>\n<script type=\"application\/ld+json\" class=\"yoast-schema-graph\">{\"@context\":\"https:\/\/schema.org\",\"@graph\":[{\"@type\":\"WebPage\",\"@id\":\"https:\/\/barrsell.com\/urun\/carel-kitvscomp0-tahliye-vanasi-takimi\/\",\"url\":\"https:\/\/barrsell.com\/urun\/carel-kitvscomp0-tahliye-vanasi-takimi\/\",\"name\":\"Carel KITVSCOMP0 Tahliye Vanas\u0131 Tak\u0131m\u0131 | Barrsell End\u00fcstri\",\"isPartOf\":{\"@id\":\"https:\/\/barrsell.com\/#website\"},\"primaryImageOfPage\":{\"@id\":\"https:\/\/barrsell.com\/urun\/carel-kitvscomp0-tahliye-vanasi-takimi\/#primaryimage\"},\"image\":{\"@id\":\"https:\/\/barrsell.com\/urun\/carel-kitvscomp0-tahliye-vanasi-takimi\/#primaryimage\"},\"thumbnailUrl\":\"https:\/\/barrsell.com\/wp-content\/uploads\/2024\/11\/Carel-KITVSCOMP0-Tahliye-Vanasi-Takimi.png\",\"datePublished\":\"2024-11-01T08:33:14+00:00\",\"dateModified\":\"2024-11-28T10:28:02+00:00\",\"description\":\"Carel KITVSCOMP0 Tahliye Vanas\u0131 Tak\u0131m\u0131, HVAC (Is\u0131tma, Havaland\u0131rma ve \u0130klimlendirme) sistemlerinde, so\u011futma ve havaland\u0131rma bile\u015fenlerinde.\",\"breadcrumb\":{\"@id\":\"https:\/\/barrsell.com\/urun\/carel-kitvscomp0-tahliye-vanasi-takimi\/#breadcrumb\"},\"inLanguage\":\"en-US\",\"potentialAction\":[{\"@type\":\"ReadAction\",\"target\":[\"https:\/\/barrsell.com\/urun\/carel-kitvscomp0-tahliye-vanasi-takimi\/\"]}]},{\"@type\":\"ImageObject\",\"inLanguage\":\"en-US\",\"@id\":\"https:\/\/barrsell.com\/urun\/carel-kitvscomp0-tahliye-vanasi-takimi\/#primaryimage\",\"url\":\"https:\/\/barrsell.com\/wp-content\/uploads\/2024\/11\/Carel-KITVSCOMP0-Tahliye-Vanasi-Takimi.png\",\"contentUrl\":\"https:\/\/barrsell.com\/wp-content\/uploads\/2024\/11\/Carel-KITVSCOMP0-Tahliye-Vanasi-Takimi.png\",\"width\":1200,\"height\":1200,\"caption\":\"Carel KITVSCOMP0 Tahliye Vanas\u0131 Tak\u0131m\u0131\"},{\"@type\":\"BreadcrumbList\",\"@id\":\"https:\/\/barrsell.com\/urun\/carel-kitvscomp0-tahliye-vanasi-takimi\/#breadcrumb\",\"itemListElement\":[{\"@type\":\"ListItem\",\"position\":1,\"name\":\"Home\",\"item\":\"https:\/\/barrsell.com\/\"},{\"@type\":\"ListItem\",\"position\":2,\"name\":\"\u00dcr\u00fcnler\",\"item\":\"https:\/\/barrsell.com\/en\/products\/\"},{\"@type\":\"ListItem\",\"position\":3,\"name\":\"Carel KITVSCOMP0 Tahliye Vanas\u0131 Tak\u0131m\u0131\"}]},{\"@type\":\"WebSite\",\"@id\":\"https:\/\/barrsell.com\/#website\",\"url\":\"https:\/\/barrsell.com\/\",\"name\":\"Barrsell End\u00fcstri Makine\",\"description\":\"Teknolojiyle G\u00fc\u00e7lenen End\u00fcstriyel \u00c7\u00f6z\u00fcmler!\",\"potentialAction\":[{\"@type\":\"SearchAction\",\"target\":{\"@type\":\"EntryPoint\",\"urlTemplate\":\"https:\/\/barrsell.com\/?s={search_term_string}\"},\"query-input\":\"required name=search_term_string\"}],\"inLanguage\":\"en-US\"}]}<\/script>\n<!-- \/ Yoast SEO Premium plugin. -->","yoast_head_json":{"title":"Carel KITVSCOMP0 Tahliye Vanas\u0131 Tak\u0131m\u0131 | Barrsell End\u00fcstri","description":"Carel KITVSCOMP0 Tahliye Vanas\u0131 Tak\u0131m\u0131, HVAC (Is\u0131tma, Havaland\u0131rma ve \u0130klimlendirme) sistemlerinde, so\u011futma ve havaland\u0131rma bile\u015fenlerinde.","robots":{"index":"index","follow":"follow","max-snippet":"max-snippet:-1","max-image-preview":"max-image-preview:large","max-video-preview":"max-video-preview:-1"},"canonical":"https:\/\/barrsell.com\/en\/product\/carel-kitvscomp0-drain-valve-kit\/","og_locale":"en_US","og_type":"article","og_title":"Carel KITVSCOMP0 Tahliye Vanas\u0131 Tak\u0131m\u0131","og_description":"Carel KITVSCOMP0 Tahliye Vanas\u0131 Tak\u0131m\u0131, HVAC (Is\u0131tma, Havaland\u0131rma ve \u0130klimlendirme) sistemlerinde, so\u011futma ve havaland\u0131rma bile\u015fenlerinde.","og_url":"https:\/\/barrsell.com\/en\/product\/carel-kitvscomp0-drain-valve-kit\/","og_site_name":"Barrsell","article_modified_time":"2024-11-28T10:28:02+00:00","og_image":[{"width":1200,"height":1200,"url":"https:\/\/barrsell.com\/wp-content\/uploads\/2024\/11\/Carel-KITVSCOMP0-Tahliye-Vanasi-Takimi.png","type":"image\/png"}],"twitter_card":"summary_large_image","twitter_misc":{"Est. reading time":"2 minutes"},"schema":{"@context":"https:\/\/schema.org","@graph":[{"@type":"WebPage","@id":"https:\/\/barrsell.com\/urun\/carel-kitvscomp0-tahliye-vanasi-takimi\/","url":"https:\/\/barrsell.com\/urun\/carel-kitvscomp0-tahliye-vanasi-takimi\/","name":"Carel KITVSCOMP0 Tahliye Vanas\u0131 Tak\u0131m\u0131 | Barrsell End\u00fcstri","isPartOf":{"@id":"https:\/\/barrsell.com\/#website"},"primaryImageOfPage":{"@id":"https:\/\/barrsell.com\/urun\/carel-kitvscomp0-tahliye-vanasi-takimi\/#primaryimage"},"image":{"@id":"https:\/\/barrsell.com\/urun\/carel-kitvscomp0-tahliye-vanasi-takimi\/#primaryimage"},"thumbnailUrl":"https:\/\/barrsell.com\/wp-content\/uploads\/2024\/11\/Carel-KITVSCOMP0-Tahliye-Vanasi-Takimi.png","datePublished":"2024-11-01T08:33:14+00:00","dateModified":"2024-11-28T10:28:02+00:00","description":"Carel KITVSCOMP0 Tahliye Vanas\u0131 Tak\u0131m\u0131, HVAC (Is\u0131tma, Havaland\u0131rma ve \u0130klimlendirme) sistemlerinde, so\u011futma ve havaland\u0131rma bile\u015fenlerinde.","breadcrumb":{"@id":"https:\/\/barrsell.com\/urun\/carel-kitvscomp0-tahliye-vanasi-takimi\/#breadcrumb"},"inLanguage":"en-US","potentialAction":[{"@type":"ReadAction","target":["https:\/\/barrsell.com\/urun\/carel-kitvscomp0-tahliye-vanasi-takimi\/"]}]},{"@type":"ImageObject","inLanguage":"en-US","@id":"https:\/\/barrsell.com\/urun\/carel-kitvscomp0-tahliye-vanasi-takimi\/#primaryimage","url":"https:\/\/barrsell.com\/wp-content\/uploads\/2024\/11\/Carel-KITVSCOMP0-Tahliye-Vanasi-Takimi.png","contentUrl":"https:\/\/barrsell.com\/wp-content\/uploads\/2024\/11\/Carel-KITVSCOMP0-Tahliye-Vanasi-Takimi.png","width":1200,"height":1200,"caption":"Carel KITVSCOMP0 Tahliye Vanas\u0131 Tak\u0131m\u0131"},{"@type":"BreadcrumbList","@id":"https:\/\/barrsell.com\/urun\/carel-kitvscomp0-tahliye-vanasi-takimi\/#breadcrumb","itemListElement":[{"@type":"ListItem","position":1,"name":"Home","item":"https:\/\/barrsell.com\/"},{"@type":"ListItem","position":2,"name":"\u00dcr\u00fcnler","item":"https:\/\/barrsell.com\/en\/products\/"},{"@type":"ListItem","position":3,"name":"Carel KITVSCOMP0 Tahliye Vanas\u0131 Tak\u0131m\u0131"}]},{"@type":"WebSite","@id":"https:\/\/barrsell.com\/#website","url":"https:\/\/barrsell.com\/","name":"Barrsell End\u00fcstri Makine","description":"Teknolojiyle G\u00fc\u00e7lenen End\u00fcstriyel \u00c7\u00f6z\u00fcmler!","potentialAction":[{"@type":"SearchAction","target":{"@type":"EntryPoint","urlTemplate":"https:\/\/barrsell.com\/?s={search_term_string}"},"query-input":"required name=search_term_string"}],"inLanguage":"en-US"}]}},"_links":{"self":[{"href":"https:\/\/barrsell.com\/en\/wp-json\/wp\/v2\/product\/17820","targetHints":{"allow":["GET"]}}],"collection":[{"href":"https:\/\/barrsell.com\/en\/wp-json\/wp\/v2\/product"}],"about":[{"href":"https:\/\/barrsell.com\/en\/wp-json\/wp\/v2\/types\/product"}],"version-history":[{"count":7,"href":"https:\/\/barrsell.com\/en\/wp-json\/wp\/v2\/product\/17820\/revisions"}],"predecessor-version":[{"id":18611,"href":"https:\/\/barrsell.com\/en\/wp-json\/wp\/v2\/product\/17820\/revisions\/18611"}],"wp:featuredmedia":[{"embeddable":true,"href":"https:\/\/barrsell.com\/en\/wp-json\/wp\/v2\/media\/17821"}],"wp:attachment":[{"href":"https:\/\/barrsell.com\/en\/wp-json\/wp\/v2\/media?parent=17820"}],"wp:term":[{"taxonomy":"product_cat","embeddable":true,"href":"https:\/\/barrsell.com\/en\/wp-json\/wp\/v2\/product_cat?post=17820"},{"taxonomy":"product_tag","embeddable":true,"href":"https:\/\/barrsell.com\/en\/wp-json\/wp\/v2\/product_tag?post=17820"}],"curies":[{"name":"wp","href":"https:\/\/api.w.org\/{rel}","templated":true}]}}