{"id":17814,"date":"2024-11-01T08:21:04","date_gmt":"2024-11-01T08:21:04","guid":{"rendered":"https:\/\/barrsell.com\/?post_type=product&#038;p=17814"},"modified":"2024-11-28T10:45:32","modified_gmt":"2024-11-28T10:45:32","slug":"carel-urktr20000-transformator","status":"publish","type":"product","link":"https:\/\/barrsell.com\/en\/product\/carel-urktr20000-transformator\/","title":{"rendered":"Carel URKTR20000 Transformat\u00f6r"},"content":{"rendered":"<h2><strong>Carel URKTR20000 Transformer:\u00a0<\/strong><\/h2>\n<p class=\" translation-block\">Carel URKTR20000 Transformer provides reliable energy transfer in HVAC (Heating, Ventilation and Air Conditioning) systems and industrial automation applications. And it is also a high performance product. By performing voltage conversion effectively, it provides the correct electric current that the systems especially need. At the same time, with its durable structure and energy efficiency-oriented design, URKTR20000 is safely preferred in a wide range of applications.<\/p>\n<h4><strong>Features<\/strong><\/h4>\n<table width=\"0\">\n<tbody>\n<tr>\n<td colspan=\"2\">Learn More<\/td>\n<\/tr>\n<tr>\n<td>Manufacturer<\/td>\n<td>Carel<\/td>\n<\/tr>\n<tr>\n<td>Product Type<\/td>\n<td><a href=\"https:\/\/barrsell.com\/en\/kategoriler\/buhar-jeneratorleri-nemlendiriciler\/carel-buharli-nemlendirici\/\">Humidification<\/a><\/td>\n<\/tr>\n<tr>\n<td>Product Length<\/td>\n<td>3,5 in\u00e7 (8,890 cm)<\/td>\n<\/tr>\n<tr>\n<td>Product Width<\/td>\n<td>3,35 in\u00e7 (8,509 cm)<\/td>\n<\/tr>\n<tr>\n<td>Product Height<\/td>\n<td>2,85 in\u00e7 (7,239 cm)<\/td>\n<\/tr>\n<tr>\n<td>Product Weight<\/td>\n<td>4,52 lbs (2,050 kg)<\/td>\n<\/tr>\n<tr>\n<td>Shipping Length<\/td>\n<td>6,7 in\u00e7 (17,018 cm)<\/td>\n<\/tr>\n<tr>\n<td>Transmission Width<\/td>\n<td>6,5 in\u00e7 (16,510 cm)<\/td>\n<\/tr>\n<tr>\n<td>Transportation Height<\/td>\n<td>6,3 in\u00e7 (16,002 cm)<\/td>\n<\/tr>\n<\/tbody>\n<\/table>\n<h4><strong>Technical Specifications<\/strong><\/h4>\n<ul>\n<li class=\" translation-block\"><strong>High Conversion Efficiency:<\/strong> Carel URKTR20000 minimizes energy loss. And thus it is a transformer that provides high conversion efficiency. This feature makes a great contribution to businesses by reducing energy costs in long-term use.<\/li>\n<li class=\" translation-block\"><strong>Durable Design:<\/strong> Made of high quality materials, the transformer is resistant to the harsh conditions of industrial environments. It offers a reliable performance by maintaining its durability throughout the working period.<\/li>\n<li class=\" translation-block\"><strong>Wide Input and Output Voltage Range:<\/strong>\u00a0<i>F<\/i> It offers different levels of input and output options. This feature allows it to work in harmony with various HVAC systems and automation projects.<\/li>\n<li class=\" translation-block\"><strong>Overload Protection:<\/strong> The transformer ensures safe operation under conditions such as high load and overcurrent. It is especially equipped with protection features. Overload protection extends the life of the device and system and ensures user safety.<\/li>\n<li class=\" translation-block\"><strong>Heat Insulated Construction: <\/strong> \n With its special design that provides thermal insulation, Carel Power Adapter prevents overheating. And in this way, it allows uninterrupted operation for a long time. This feature ensures safe use even in high power demanding applications.<\/li>\n<li class=\" translation-block\"><strong>Compact and Ease of Installation:<\/strong> Thanks to its compact structure, it can be easily installed even in tight spaces. The ease of installation of the Voltage Regulator shortens the installation time and saves the user time.<\/li>\n<\/ul>","protected":false},"excerpt":{"rendered":"<h4><strong>Compatibility<\/strong><\/h4>\n<ul>\n<li>EC005****U 230V 1 Phase 60HZ- EC010****U 230V 1 Phase 60HZ- EC020****U 230V 1 Phase 60HZ-EC040****U 230V 1 Phase 60HZ-EC080****U 230V 1 Phase 60HZ-EC1000****U 230V 1 Phase 60HZ-<\/li>\n<li>UA humiFog direct Template-UR002HU**1 - 208V 1 Phase 1 Required-UR004HU**1 - 208V 1 Phase 1 Required-UR006HM**1 - 460V 3 Phase 1 Required-UR006HN**1 - 575V 3 Phase 1 Required-<\/li>\n<li>UR006HU**1 - 208V 1 Phase-UR006HW**1 - 208V 3 Phase 1 Required-UR010HM**1 - 460V 3 Phase 1 Required-UR010HN**1 - 575V 3 Phase 1 Required-UR010HW**1 - 208V 3 Phase<\/li>\n<\/ul>","protected":false},"featured_media":17815,"template":"","meta":[],"product_cat":[136],"product_tag":[],"class_list":{"0":"post-17814","1":"product","2":"type-product","3":"status-publish","4":"has-post-thumbnail","6":"product_cat-carel-yedek-parcalari","8":"first","9":"instock","10":"shipping-taxable","11":"product-type-external"},"yoast_head":"<!-- This site is optimized with the Yoast SEO Premium plugin v23.2 (Yoast SEO v23.2) - https:\/\/yoast.com\/wordpress\/plugins\/seo\/ -->\n<title>Carel URKTR20000 Transformat\u00f6r | Barrsell End\u00fcstri<\/title>\n<meta name=\"description\" content=\"Carel URKTR20000 Transformat\u00f6r, HVAC (Is\u0131tma, Havaland\u0131rma ve \u0130klimlendirme) sistemleri ve end\u00fcstriyel otomasyon uygulamalar\u0131nda, g\u00fcvenilir enerji aktar\u0131m\u0131.\" \/>\n<meta name=\"robots\" content=\"index, follow, max-snippet:-1, max-image-preview:large, max-video-preview:-1\" \/>\n<link rel=\"canonical\" href=\"https:\/\/barrsell.com\/en\/product\/carel-urktr20000-transformator\/\" \/>\n<meta property=\"og:locale\" content=\"en_US\" \/>\n<meta property=\"og:type\" content=\"article\" \/>\n<meta property=\"og:title\" content=\"Carel URKTR20000 Transformat\u00f6r\" \/>\n<meta property=\"og:description\" content=\"Carel URKTR20000 Transformat\u00f6r, HVAC (Is\u0131tma, Havaland\u0131rma ve \u0130klimlendirme) sistemleri ve end\u00fcstriyel otomasyon uygulamalar\u0131nda, g\u00fcvenilir enerji aktar\u0131m\u0131.\" \/>\n<meta property=\"og:url\" content=\"https:\/\/barrsell.com\/en\/product\/carel-urktr20000-transformator\/\" \/>\n<meta property=\"og:site_name\" content=\"Barrsell\" \/>\n<meta property=\"article:modified_time\" content=\"2024-11-28T10:45:32+00:00\" \/>\n<meta property=\"og:image\" content=\"https:\/\/barrsell.com\/wp-content\/uploads\/2024\/11\/Carel-URKTR20000-Transformator.png\" \/>\n\t<meta property=\"og:image:width\" content=\"1200\" \/>\n\t<meta property=\"og:image:height\" content=\"1200\" \/>\n\t<meta property=\"og:image:type\" content=\"image\/png\" \/>\n<meta name=\"twitter:card\" content=\"summary_large_image\" \/>\n<meta name=\"twitter:label1\" content=\"Est. reading time\" \/>\n\t<meta name=\"twitter:data1\" content=\"2 minutes\" \/>\n<script type=\"application\/ld+json\" class=\"yoast-schema-graph\">{\"@context\":\"https:\/\/schema.org\",\"@graph\":[{\"@type\":\"WebPage\",\"@id\":\"https:\/\/barrsell.com\/urun\/carel-urktr20000-transformator\/\",\"url\":\"https:\/\/barrsell.com\/urun\/carel-urktr20000-transformator\/\",\"name\":\"Carel URKTR20000 Transformat\u00f6r | Barrsell End\u00fcstri\",\"isPartOf\":{\"@id\":\"https:\/\/barrsell.com\/#website\"},\"primaryImageOfPage\":{\"@id\":\"https:\/\/barrsell.com\/urun\/carel-urktr20000-transformator\/#primaryimage\"},\"image\":{\"@id\":\"https:\/\/barrsell.com\/urun\/carel-urktr20000-transformator\/#primaryimage\"},\"thumbnailUrl\":\"https:\/\/barrsell.com\/wp-content\/uploads\/2024\/11\/Carel-URKTR20000-Transformator.png\",\"datePublished\":\"2024-11-01T08:21:04+00:00\",\"dateModified\":\"2024-11-28T10:45:32+00:00\",\"description\":\"Carel URKTR20000 Transformat\u00f6r, HVAC (Is\u0131tma, Havaland\u0131rma ve \u0130klimlendirme) sistemleri ve end\u00fcstriyel otomasyon uygulamalar\u0131nda, g\u00fcvenilir enerji aktar\u0131m\u0131.\",\"breadcrumb\":{\"@id\":\"https:\/\/barrsell.com\/urun\/carel-urktr20000-transformator\/#breadcrumb\"},\"inLanguage\":\"en-US\",\"potentialAction\":[{\"@type\":\"ReadAction\",\"target\":[\"https:\/\/barrsell.com\/urun\/carel-urktr20000-transformator\/\"]}]},{\"@type\":\"ImageObject\",\"inLanguage\":\"en-US\",\"@id\":\"https:\/\/barrsell.com\/urun\/carel-urktr20000-transformator\/#primaryimage\",\"url\":\"https:\/\/barrsell.com\/wp-content\/uploads\/2024\/11\/Carel-URKTR20000-Transformator.png\",\"contentUrl\":\"https:\/\/barrsell.com\/wp-content\/uploads\/2024\/11\/Carel-URKTR20000-Transformator.png\",\"width\":1200,\"height\":1200,\"caption\":\"Carel URKTR20000 Transformat\u00f6r\"},{\"@type\":\"BreadcrumbList\",\"@id\":\"https:\/\/barrsell.com\/urun\/carel-urktr20000-transformator\/#breadcrumb\",\"itemListElement\":[{\"@type\":\"ListItem\",\"position\":1,\"name\":\"Home\",\"item\":\"https:\/\/barrsell.com\/\"},{\"@type\":\"ListItem\",\"position\":2,\"name\":\"\u00dcr\u00fcnler\",\"item\":\"https:\/\/barrsell.com\/en\/products\/\"},{\"@type\":\"ListItem\",\"position\":3,\"name\":\"Carel URKTR20000 Transformat\u00f6r\"}]},{\"@type\":\"WebSite\",\"@id\":\"https:\/\/barrsell.com\/#website\",\"url\":\"https:\/\/barrsell.com\/\",\"name\":\"Barrsell End\u00fcstri Makine\",\"description\":\"Teknolojiyle G\u00fc\u00e7lenen End\u00fcstriyel \u00c7\u00f6z\u00fcmler!\",\"potentialAction\":[{\"@type\":\"SearchAction\",\"target\":{\"@type\":\"EntryPoint\",\"urlTemplate\":\"https:\/\/barrsell.com\/?s={search_term_string}\"},\"query-input\":\"required name=search_term_string\"}],\"inLanguage\":\"en-US\"}]}<\/script>\n<!-- \/ Yoast SEO Premium plugin. -->","yoast_head_json":{"title":"Carel URKTR20000 Transformat\u00f6r | Barrsell End\u00fcstri","description":"Carel URKTR20000 Transformat\u00f6r, HVAC (Is\u0131tma, Havaland\u0131rma ve \u0130klimlendirme) sistemleri ve end\u00fcstriyel otomasyon uygulamalar\u0131nda, g\u00fcvenilir enerji aktar\u0131m\u0131.","robots":{"index":"index","follow":"follow","max-snippet":"max-snippet:-1","max-image-preview":"max-image-preview:large","max-video-preview":"max-video-preview:-1"},"canonical":"https:\/\/barrsell.com\/en\/product\/carel-urktr20000-transformator\/","og_locale":"en_US","og_type":"article","og_title":"Carel URKTR20000 Transformat\u00f6r","og_description":"Carel URKTR20000 Transformat\u00f6r, HVAC (Is\u0131tma, Havaland\u0131rma ve \u0130klimlendirme) sistemleri ve end\u00fcstriyel otomasyon uygulamalar\u0131nda, g\u00fcvenilir enerji aktar\u0131m\u0131.","og_url":"https:\/\/barrsell.com\/en\/product\/carel-urktr20000-transformator\/","og_site_name":"Barrsell","article_modified_time":"2024-11-28T10:45:32+00:00","og_image":[{"width":1200,"height":1200,"url":"https:\/\/barrsell.com\/wp-content\/uploads\/2024\/11\/Carel-URKTR20000-Transformator.png","type":"image\/png"}],"twitter_card":"summary_large_image","twitter_misc":{"Est. reading time":"2 minutes"},"schema":{"@context":"https:\/\/schema.org","@graph":[{"@type":"WebPage","@id":"https:\/\/barrsell.com\/urun\/carel-urktr20000-transformator\/","url":"https:\/\/barrsell.com\/urun\/carel-urktr20000-transformator\/","name":"Carel URKTR20000 Transformat\u00f6r | Barrsell End\u00fcstri","isPartOf":{"@id":"https:\/\/barrsell.com\/#website"},"primaryImageOfPage":{"@id":"https:\/\/barrsell.com\/urun\/carel-urktr20000-transformator\/#primaryimage"},"image":{"@id":"https:\/\/barrsell.com\/urun\/carel-urktr20000-transformator\/#primaryimage"},"thumbnailUrl":"https:\/\/barrsell.com\/wp-content\/uploads\/2024\/11\/Carel-URKTR20000-Transformator.png","datePublished":"2024-11-01T08:21:04+00:00","dateModified":"2024-11-28T10:45:32+00:00","description":"Carel URKTR20000 Transformat\u00f6r, HVAC (Is\u0131tma, Havaland\u0131rma ve \u0130klimlendirme) sistemleri ve end\u00fcstriyel otomasyon uygulamalar\u0131nda, g\u00fcvenilir enerji aktar\u0131m\u0131.","breadcrumb":{"@id":"https:\/\/barrsell.com\/urun\/carel-urktr20000-transformator\/#breadcrumb"},"inLanguage":"en-US","potentialAction":[{"@type":"ReadAction","target":["https:\/\/barrsell.com\/urun\/carel-urktr20000-transformator\/"]}]},{"@type":"ImageObject","inLanguage":"en-US","@id":"https:\/\/barrsell.com\/urun\/carel-urktr20000-transformator\/#primaryimage","url":"https:\/\/barrsell.com\/wp-content\/uploads\/2024\/11\/Carel-URKTR20000-Transformator.png","contentUrl":"https:\/\/barrsell.com\/wp-content\/uploads\/2024\/11\/Carel-URKTR20000-Transformator.png","width":1200,"height":1200,"caption":"Carel URKTR20000 Transformat\u00f6r"},{"@type":"BreadcrumbList","@id":"https:\/\/barrsell.com\/urun\/carel-urktr20000-transformator\/#breadcrumb","itemListElement":[{"@type":"ListItem","position":1,"name":"Home","item":"https:\/\/barrsell.com\/"},{"@type":"ListItem","position":2,"name":"\u00dcr\u00fcnler","item":"https:\/\/barrsell.com\/en\/products\/"},{"@type":"ListItem","position":3,"name":"Carel URKTR20000 Transformat\u00f6r"}]},{"@type":"WebSite","@id":"https:\/\/barrsell.com\/#website","url":"https:\/\/barrsell.com\/","name":"Barrsell End\u00fcstri Makine","description":"Teknolojiyle G\u00fc\u00e7lenen End\u00fcstriyel \u00c7\u00f6z\u00fcmler!","potentialAction":[{"@type":"SearchAction","target":{"@type":"EntryPoint","urlTemplate":"https:\/\/barrsell.com\/?s={search_term_string}"},"query-input":"required name=search_term_string"}],"inLanguage":"en-US"}]}},"_links":{"self":[{"href":"https:\/\/barrsell.com\/en\/wp-json\/wp\/v2\/product\/17814","targetHints":{"allow":["GET"]}}],"collection":[{"href":"https:\/\/barrsell.com\/en\/wp-json\/wp\/v2\/product"}],"about":[{"href":"https:\/\/barrsell.com\/en\/wp-json\/wp\/v2\/types\/product"}],"version-history":[{"count":6,"href":"https:\/\/barrsell.com\/en\/wp-json\/wp\/v2\/product\/17814\/revisions"}],"predecessor-version":[{"id":18614,"href":"https:\/\/barrsell.com\/en\/wp-json\/wp\/v2\/product\/17814\/revisions\/18614"}],"wp:featuredmedia":[{"embeddable":true,"href":"https:\/\/barrsell.com\/en\/wp-json\/wp\/v2\/media\/17815"}],"wp:attachment":[{"href":"https:\/\/barrsell.com\/en\/wp-json\/wp\/v2\/media?parent=17814"}],"wp:term":[{"taxonomy":"product_cat","embeddable":true,"href":"https:\/\/barrsell.com\/en\/wp-json\/wp\/v2\/product_cat?post=17814"},{"taxonomy":"product_tag","embeddable":true,"href":"https:\/\/barrsell.com\/en\/wp-json\/wp\/v2\/product_tag?post=17814"}],"curies":[{"name":"wp","href":"https:\/\/api.w.org\/{rel}","templated":true}]}}