{"id":17810,"date":"2024-11-01T08:12:57","date_gmt":"2024-11-01T08:12:57","guid":{"rendered":"https:\/\/barrsell.com\/?post_type=product&#038;p=17810"},"modified":"2024-11-28T11:04:31","modified_gmt":"2024-11-28T11:04:31","slug":"carel-pgde000f00-ekran-karti","status":"publish","type":"product","link":"https:\/\/barrsell.com\/en\/product\/carel-pgde000f00-graphics-card\/","title":{"rendered":"Carel PGDE000F00 Ekran Kart\u0131"},"content":{"rendered":"<h2><strong>Carel PGDE000F00 Display Card: Technical Data and Product Review<\/strong><\/h2>\n<p>Carel PGDE000F00 Display Board is a high-tech product that allows users to visually monitor system status and performance, especially in HVAC (Heating, Ventilation and Air Conditioning) and industrial automation systems. Standing out with its user-friendly interface, clear display features and durable structure, this display card optimizes energy efficiency and management by facilitating the control of system parameters.<\/p>\n<h4><strong>Features<\/strong><\/h4>\n<table width=\"0\">\n<tbody>\n<tr>\n<td colspan=\"2\">Learn More<\/td>\n<\/tr>\n<tr>\n<td>Manufacturer<\/td>\n<td>Carel<\/td>\n<\/tr>\n<tr>\n<td>Product Type<\/td>\n<td><a href=\"https:\/\/barrsell.com\/en\/kategoriler\/buhar-jeneratorleri-nemlendiriciler\/carel-buharli-nemlendirici\/\">Humidification<\/a><\/td>\n<\/tr>\n<tr>\n<td>Product Length<\/td>\n<td>6,125 in\u00e7 (15,558 cm)<\/td>\n<\/tr>\n<tr>\n<td>Product Width<\/td>\n<td>3,125 in\u00e7 (7,938 cm)<\/td>\n<\/tr>\n<tr>\n<td>Product Height<\/td>\n<td>1,125 in\u00e7 (2,858 cm)<\/td>\n<\/tr>\n<tr>\n<td>Product Weight<\/td>\n<td>0,4 lb (0,181 kg)<\/td>\n<\/tr>\n<tr>\n<td>Shipping Length<\/td>\n<td>7 in\u00e7 (17.780 cm)<\/td>\n<\/tr>\n<tr>\n<td>Transmission Width<\/td>\n<td>5,5 in\u00e7 (13,970 cm)<\/td>\n<\/tr>\n<tr>\n<td>Transportation Height<\/td>\n<td>2,5 in\u00e7 (6,350 cm)<\/td>\n<\/tr>\n<\/tbody>\n<\/table>\n<h4><strong>Technical Specifications<\/strong><\/h4>\n<ul>\n<li class=\" translation-block\"><strong>High Resolution LCD Display:<\/strong> <em>The Carel PGDE000F00 delivers detailed and clear images. Y\u00fcksek \u00e7\u00f6z\u00fcn\u00fcrl\u00fckl\u00fc bir LCD ekran ile donat\u0131lm\u0131\u015ft\u0131r. In addition, this display provides visual monitoring of system parameters and allows users to read data quickly.<\/li>\n<li class=\" translation-block\"><strong>User Friendly Interface:<\/strong> The interface of the video card is designed with easy-to-understand icons and menus. This helps users to easily access system parameters and adjust settings with ease.<\/li>\n<li class=\" translation-block\"><strong>Durable Material and Design:<\/strong> <em>PGDE000F00 delivers reliable performance even in harsh industrial conditions. In addition, the housing is coated with durable materials to protect the display from shock, dust and moisture.<\/li>\n<li class=\" translation-block\"><strong>Wide Compatible Operating Range: <\/strong> It is adapted to integrate with different HVAC and automation systems. Carel display board can also be used with various controllers and sensors. Thus, it provides a flexible installation in the system.<\/li>\n<li class=\" translation-block\"><strong>Energy Efficient Operation: <\/strong>Designed with low energy consumption, the PGDE000F00 increases the energy efficiency of the system. It saves money in long-term use.<\/li>\n<li class=\" translation-block\"><strong>Wide Viewing Angle and Brightness Adjustment:<\/strong> The display's wide viewing angle and brightness features deliver clear images in any environment. This makes it especially easy to use in bright light or in dark environments.<\/li>\n<\/ul>","protected":false},"excerpt":{"rendered":"<h4>Compatibility<\/h4>\n<ul class=\"compatibility-models\">\n<li class=\"compatibility-model\"><span>EC005****U 230V 1 Faz 60HZ<\/span><\/li>\n<li class=\"compatibility-model\"><span>EC010****U 230V 1 Faz 60HZ<\/span><\/li>\n<li class=\"compatibility-model\"><span>EC020****U 230V 1 Faz 60HZ<\/span><\/li>\n<li class=\"compatibility-model\"><span>EC040****U 230V 1 Faz 60HZ<\/span><\/li>\n<li class=\"compatibility-model\"><span>EC080****U 230V 1 Faz 60HZ<\/span><\/li>\n<li class=\"compatibility-model\"><span>EC1000****U 230V 1 Faz 60HZ<\/span><\/li>\n<\/ul>","protected":false},"featured_media":17811,"template":"","meta":[],"product_cat":[136],"product_tag":[],"class_list":{"0":"post-17810","1":"product","2":"type-product","3":"status-publish","4":"has-post-thumbnail","6":"product_cat-carel-yedek-parcalari","8":"first","9":"instock","10":"shipping-taxable","11":"product-type-external"},"yoast_head":"<!-- This site is optimized with the Yoast SEO Premium plugin v23.2 (Yoast SEO v23.2) - https:\/\/yoast.com\/wordpress\/plugins\/seo\/ -->\n<title>Carel PGDE000F00 Ekran Kart\u0131 | Barrsell End\u00fcstri<\/title>\n<meta name=\"description\" content=\"Carel PGDE000F00 Ekran Kart\u0131, HVAC (Is\u0131tma, Havaland\u0131rma ve \u0130klimlendirme) ve end\u00fcstriyel otomasyon sistemlerinde kullan\u0131l\u0131r.\" \/>\n<meta name=\"robots\" content=\"index, follow, max-snippet:-1, max-image-preview:large, max-video-preview:-1\" \/>\n<link rel=\"canonical\" href=\"https:\/\/barrsell.com\/en\/product\/carel-pgde000f00-graphics-card\/\" \/>\n<meta property=\"og:locale\" content=\"en_US\" \/>\n<meta property=\"og:type\" content=\"article\" \/>\n<meta property=\"og:title\" content=\"Carel PGDE000F00 Ekran Kart\u0131\" \/>\n<meta property=\"og:description\" content=\"Carel PGDE000F00 Ekran Kart\u0131, HVAC (Is\u0131tma, Havaland\u0131rma ve \u0130klimlendirme) ve end\u00fcstriyel otomasyon sistemlerinde kullan\u0131l\u0131r.\" \/>\n<meta property=\"og:url\" content=\"https:\/\/barrsell.com\/en\/product\/carel-pgde000f00-graphics-card\/\" \/>\n<meta property=\"og:site_name\" content=\"Barrsell\" \/>\n<meta property=\"article:modified_time\" content=\"2024-11-28T11:04:31+00:00\" \/>\n<meta property=\"og:image\" content=\"https:\/\/barrsell.com\/wp-content\/uploads\/2024\/11\/Carel-PGDE000F00-Ekran-Karti.png\" \/>\n\t<meta property=\"og:image:width\" content=\"1200\" \/>\n\t<meta property=\"og:image:height\" content=\"1200\" \/>\n\t<meta property=\"og:image:type\" content=\"image\/png\" \/>\n<meta name=\"twitter:card\" content=\"summary_large_image\" \/>\n<meta name=\"twitter:label1\" content=\"Est. reading time\" \/>\n\t<meta name=\"twitter:data1\" content=\"2 minutes\" \/>\n<script type=\"application\/ld+json\" class=\"yoast-schema-graph\">{\"@context\":\"https:\/\/schema.org\",\"@graph\":[{\"@type\":\"WebPage\",\"@id\":\"https:\/\/barrsell.com\/urun\/carel-pgde000f00-ekran-karti\/\",\"url\":\"https:\/\/barrsell.com\/urun\/carel-pgde000f00-ekran-karti\/\",\"name\":\"Carel PGDE000F00 Ekran Kart\u0131 | Barrsell End\u00fcstri\",\"isPartOf\":{\"@id\":\"https:\/\/barrsell.com\/#website\"},\"primaryImageOfPage\":{\"@id\":\"https:\/\/barrsell.com\/urun\/carel-pgde000f00-ekran-karti\/#primaryimage\"},\"image\":{\"@id\":\"https:\/\/barrsell.com\/urun\/carel-pgde000f00-ekran-karti\/#primaryimage\"},\"thumbnailUrl\":\"https:\/\/barrsell.com\/wp-content\/uploads\/2024\/11\/Carel-PGDE000F00-Ekran-Karti.png\",\"datePublished\":\"2024-11-01T08:12:57+00:00\",\"dateModified\":\"2024-11-28T11:04:31+00:00\",\"description\":\"Carel PGDE000F00 Ekran Kart\u0131, HVAC (Is\u0131tma, Havaland\u0131rma ve \u0130klimlendirme) ve end\u00fcstriyel otomasyon sistemlerinde kullan\u0131l\u0131r.\",\"breadcrumb\":{\"@id\":\"https:\/\/barrsell.com\/urun\/carel-pgde000f00-ekran-karti\/#breadcrumb\"},\"inLanguage\":\"en-US\",\"potentialAction\":[{\"@type\":\"ReadAction\",\"target\":[\"https:\/\/barrsell.com\/urun\/carel-pgde000f00-ekran-karti\/\"]}]},{\"@type\":\"ImageObject\",\"inLanguage\":\"en-US\",\"@id\":\"https:\/\/barrsell.com\/urun\/carel-pgde000f00-ekran-karti\/#primaryimage\",\"url\":\"https:\/\/barrsell.com\/wp-content\/uploads\/2024\/11\/Carel-PGDE000F00-Ekran-Karti.png\",\"contentUrl\":\"https:\/\/barrsell.com\/wp-content\/uploads\/2024\/11\/Carel-PGDE000F00-Ekran-Karti.png\",\"width\":1200,\"height\":1200,\"caption\":\"Carel PGDE000F00 Ekran Kart\u0131\"},{\"@type\":\"BreadcrumbList\",\"@id\":\"https:\/\/barrsell.com\/urun\/carel-pgde000f00-ekran-karti\/#breadcrumb\",\"itemListElement\":[{\"@type\":\"ListItem\",\"position\":1,\"name\":\"Home\",\"item\":\"https:\/\/barrsell.com\/\"},{\"@type\":\"ListItem\",\"position\":2,\"name\":\"\u00dcr\u00fcnler\",\"item\":\"https:\/\/barrsell.com\/en\/products\/\"},{\"@type\":\"ListItem\",\"position\":3,\"name\":\"Carel PGDE000F00 Ekran Kart\u0131\"}]},{\"@type\":\"WebSite\",\"@id\":\"https:\/\/barrsell.com\/#website\",\"url\":\"https:\/\/barrsell.com\/\",\"name\":\"Barrsell End\u00fcstri Makine\",\"description\":\"Teknolojiyle G\u00fc\u00e7lenen End\u00fcstriyel \u00c7\u00f6z\u00fcmler!\",\"potentialAction\":[{\"@type\":\"SearchAction\",\"target\":{\"@type\":\"EntryPoint\",\"urlTemplate\":\"https:\/\/barrsell.com\/?s={search_term_string}\"},\"query-input\":\"required name=search_term_string\"}],\"inLanguage\":\"en-US\"}]}<\/script>\n<!-- \/ Yoast SEO Premium plugin. -->","yoast_head_json":{"title":"Carel PGDE000F00 Ekran Kart\u0131 | Barrsell End\u00fcstri","description":"Carel PGDE000F00 Ekran Kart\u0131, HVAC (Is\u0131tma, Havaland\u0131rma ve \u0130klimlendirme) ve end\u00fcstriyel otomasyon sistemlerinde kullan\u0131l\u0131r.","robots":{"index":"index","follow":"follow","max-snippet":"max-snippet:-1","max-image-preview":"max-image-preview:large","max-video-preview":"max-video-preview:-1"},"canonical":"https:\/\/barrsell.com\/en\/product\/carel-pgde000f00-graphics-card\/","og_locale":"en_US","og_type":"article","og_title":"Carel PGDE000F00 Ekran Kart\u0131","og_description":"Carel PGDE000F00 Ekran Kart\u0131, HVAC (Is\u0131tma, Havaland\u0131rma ve \u0130klimlendirme) ve end\u00fcstriyel otomasyon sistemlerinde kullan\u0131l\u0131r.","og_url":"https:\/\/barrsell.com\/en\/product\/carel-pgde000f00-graphics-card\/","og_site_name":"Barrsell","article_modified_time":"2024-11-28T11:04:31+00:00","og_image":[{"width":1200,"height":1200,"url":"https:\/\/barrsell.com\/wp-content\/uploads\/2024\/11\/Carel-PGDE000F00-Ekran-Karti.png","type":"image\/png"}],"twitter_card":"summary_large_image","twitter_misc":{"Est. reading time":"2 minutes"},"schema":{"@context":"https:\/\/schema.org","@graph":[{"@type":"WebPage","@id":"https:\/\/barrsell.com\/urun\/carel-pgde000f00-ekran-karti\/","url":"https:\/\/barrsell.com\/urun\/carel-pgde000f00-ekran-karti\/","name":"Carel PGDE000F00 Ekran Kart\u0131 | Barrsell End\u00fcstri","isPartOf":{"@id":"https:\/\/barrsell.com\/#website"},"primaryImageOfPage":{"@id":"https:\/\/barrsell.com\/urun\/carel-pgde000f00-ekran-karti\/#primaryimage"},"image":{"@id":"https:\/\/barrsell.com\/urun\/carel-pgde000f00-ekran-karti\/#primaryimage"},"thumbnailUrl":"https:\/\/barrsell.com\/wp-content\/uploads\/2024\/11\/Carel-PGDE000F00-Ekran-Karti.png","datePublished":"2024-11-01T08:12:57+00:00","dateModified":"2024-11-28T11:04:31+00:00","description":"Carel PGDE000F00 Ekran Kart\u0131, HVAC (Is\u0131tma, Havaland\u0131rma ve \u0130klimlendirme) ve end\u00fcstriyel otomasyon sistemlerinde kullan\u0131l\u0131r.","breadcrumb":{"@id":"https:\/\/barrsell.com\/urun\/carel-pgde000f00-ekran-karti\/#breadcrumb"},"inLanguage":"en-US","potentialAction":[{"@type":"ReadAction","target":["https:\/\/barrsell.com\/urun\/carel-pgde000f00-ekran-karti\/"]}]},{"@type":"ImageObject","inLanguage":"en-US","@id":"https:\/\/barrsell.com\/urun\/carel-pgde000f00-ekran-karti\/#primaryimage","url":"https:\/\/barrsell.com\/wp-content\/uploads\/2024\/11\/Carel-PGDE000F00-Ekran-Karti.png","contentUrl":"https:\/\/barrsell.com\/wp-content\/uploads\/2024\/11\/Carel-PGDE000F00-Ekran-Karti.png","width":1200,"height":1200,"caption":"Carel PGDE000F00 Ekran Kart\u0131"},{"@type":"BreadcrumbList","@id":"https:\/\/barrsell.com\/urun\/carel-pgde000f00-ekran-karti\/#breadcrumb","itemListElement":[{"@type":"ListItem","position":1,"name":"Home","item":"https:\/\/barrsell.com\/"},{"@type":"ListItem","position":2,"name":"\u00dcr\u00fcnler","item":"https:\/\/barrsell.com\/en\/products\/"},{"@type":"ListItem","position":3,"name":"Carel PGDE000F00 Ekran Kart\u0131"}]},{"@type":"WebSite","@id":"https:\/\/barrsell.com\/#website","url":"https:\/\/barrsell.com\/","name":"Barrsell End\u00fcstri Makine","description":"Teknolojiyle G\u00fc\u00e7lenen End\u00fcstriyel \u00c7\u00f6z\u00fcmler!","potentialAction":[{"@type":"SearchAction","target":{"@type":"EntryPoint","urlTemplate":"https:\/\/barrsell.com\/?s={search_term_string}"},"query-input":"required name=search_term_string"}],"inLanguage":"en-US"}]}},"_links":{"self":[{"href":"https:\/\/barrsell.com\/en\/wp-json\/wp\/v2\/product\/17810","targetHints":{"allow":["GET"]}}],"collection":[{"href":"https:\/\/barrsell.com\/en\/wp-json\/wp\/v2\/product"}],"about":[{"href":"https:\/\/barrsell.com\/en\/wp-json\/wp\/v2\/types\/product"}],"version-history":[{"count":6,"href":"https:\/\/barrsell.com\/en\/wp-json\/wp\/v2\/product\/17810\/revisions"}],"predecessor-version":[{"id":18619,"href":"https:\/\/barrsell.com\/en\/wp-json\/wp\/v2\/product\/17810\/revisions\/18619"}],"wp:featuredmedia":[{"embeddable":true,"href":"https:\/\/barrsell.com\/en\/wp-json\/wp\/v2\/media\/17811"}],"wp:attachment":[{"href":"https:\/\/barrsell.com\/en\/wp-json\/wp\/v2\/media?parent=17810"}],"wp:term":[{"taxonomy":"product_cat","embeddable":true,"href":"https:\/\/barrsell.com\/en\/wp-json\/wp\/v2\/product_cat?post=17810"},{"taxonomy":"product_tag","embeddable":true,"href":"https:\/\/barrsell.com\/en\/wp-json\/wp\/v2\/product_tag?post=17810"}],"curies":[{"name":"wp","href":"https:\/\/api.w.org\/{rel}","templated":true}]}}