{"id":17806,"date":"2024-11-01T08:05:06","date_gmt":"2024-11-01T08:05:06","guid":{"rendered":"https:\/\/barrsell.com\/?post_type=product&#038;p=17806"},"modified":"2024-11-28T11:39:28","modified_gmt":"2024-11-28T11:39:28","slug":"carel-chksw16000-acma-kapama-anahtari-takimi","status":"publish","type":"product","link":"https:\/\/barrsell.com\/en\/product\/carel-chksw16000-on-off-switch-set\/","title":{"rendered":"Carel CHKSW16000 On\/Off Switch Set"},"content":{"rendered":"<h2><strong>Carel CHKSW16000 On\/Off Switch Set<\/strong><\/h2>\n<p>Carel CHKSW16000 On\/Off Switch Set has been developed to provide reliable, long-lasting and durable switch solutions in HVAC (Heating, Ventilation and Air Conditioning) systems and various industrial automation applications. This switch set ensures safe and efficient operation of the systems. And thus offers the user flexible control options. It stands out with its advantages such as easy installation and high durability. CHKSW16000 also contributes to the safety and operational efficiency of businesses.<\/p>\n<h4>Features<\/h4>\n<table width=\"0\">\n<tbody>\n<tr>\n<td colspan=\"2\">Learn More<\/td>\n<\/tr>\n<tr>\n<td>Manufacturer<\/td>\n<td>Carel<\/td>\n<\/tr>\n<tr>\n<td>Product Type<\/td>\n<td><a href=\"https:\/\/barrsell.com\/en\/kategoriler\/buhar-jeneratorleri-nemlendiriciler\/carel-buharli-nemlendirici\/\">Humidification<\/a><\/td>\n<\/tr>\n<\/tbody>\n<\/table>\n<h4><strong>Technical Specifications<\/strong><\/h4>\n<ul>\n<li class=\" translation-block\"><strong>High Durability:<\/strong> The Carel CHKSW16000 is made of high quality materials that ensure long-lasting performance even under intensive use. Thanks to its particularly durable construction, it is resistant to extreme temperatures, humidity and impact, so you can use it safely in industrial environments.<\/li>\n<li class=\" translation-block\"><strong>Strong Electrical Insulation:<\/strong> The switch set is designed with materials with strong electrical insulation, ensuring a secure electrical connection. It provides protection against high currents, increasing the safety of the system and protecting the user against possible electrical accidents.<\/li>\n<li class=\" translation-block\"><strong>Easy Installation and Operation: <\/strong> The easy-to-install CHKSW16000 can be integrated into different types of HVAC and automation systems. This enables a quick installation for users and at the same time reduces operating costs.<\/li>\n<li class=\" translation-block\"><strong>Flexible Control Functionality:<\/strong> You can perform opening and closing functions quickly and reliably. In addition, the switch provides the user with instant control, enabling quick intervention in emergency situations.<\/li>\n<li class=\" translation-block\"><strong>High Current and Voltage Capacity:<\/strong> <em>CHKSW16000 can be easily used in industrial power systems as a switch set with high current and voltage capacity. This capacity ensures a safe and efficient connection in large-scale applications.<\/li>\n<li class=\" translation-block\"><strong>Ergonomic Design:<\/strong> The user-friendly, ergonomic design makes the switch easy to use.<\/li>\n<\/ul>","protected":false},"excerpt":{"rendered":"<ul>\n<li>High Durability<\/li>\n<li>Strong Electrical Insulation<\/li>\n<li>High Current and Voltage Capacity<\/li>\n<\/ul>","protected":false},"featured_media":17807,"template":"","meta":[],"product_cat":[136],"product_tag":[],"class_list":{"0":"post-17806","1":"product","2":"type-product","3":"status-publish","4":"has-post-thumbnail","6":"product_cat-carel-yedek-parcalari","8":"first","9":"instock","10":"shipping-taxable","11":"product-type-external"},"yoast_head":"<!-- This site is optimized with the Yoast SEO Premium plugin v23.2 (Yoast SEO v23.2) - https:\/\/yoast.com\/wordpress\/plugins\/seo\/ -->\n<title>Carel CHKSW16000 A\u00e7ma\/Kapama Anahtar\u0131 Tak\u0131m\u0131 | Barrsell End\u00fcstri<\/title>\n<meta name=\"description\" content=\"Carel CHKSW16000 A\u00e7ma\/Kapama Anahtar\u0131 Tak\u0131m\u0131, HVAC (Is\u0131tma, Havaland\u0131rma ve \u0130klimlendirme) sistemleri ve \u00e7e\u015fitli end\u00fcstriyel otomasyon uygulamalar\u0131\" \/>\n<meta name=\"robots\" content=\"index, follow, max-snippet:-1, max-image-preview:large, max-video-preview:-1\" \/>\n<link rel=\"canonical\" href=\"https:\/\/barrsell.com\/en\/product\/carel-chksw16000-on-off-switch-set\/\" \/>\n<meta property=\"og:locale\" content=\"en_US\" \/>\n<meta property=\"og:type\" content=\"article\" \/>\n<meta property=\"og:title\" content=\"Carel CHKSW16000 A\u00e7ma\/Kapama Anahtar\u0131 Tak\u0131m\u0131\" \/>\n<meta property=\"og:description\" content=\"Carel CHKSW16000 A\u00e7ma\/Kapama Anahtar\u0131 Tak\u0131m\u0131, HVAC (Is\u0131tma, Havaland\u0131rma ve \u0130klimlendirme) sistemleri ve \u00e7e\u015fitli end\u00fcstriyel otomasyon uygulamalar\u0131\" \/>\n<meta property=\"og:url\" content=\"https:\/\/barrsell.com\/en\/product\/carel-chksw16000-on-off-switch-set\/\" \/>\n<meta property=\"og:site_name\" content=\"Barrsell\" \/>\n<meta property=\"article:modified_time\" content=\"2024-11-28T11:39:28+00:00\" \/>\n<meta property=\"og:image\" content=\"https:\/\/barrsell.com\/wp-content\/uploads\/2024\/11\/Carel-CHKSW16000-Acma-Kapama-Anahtari-Takimi.png\" \/>\n\t<meta property=\"og:image:width\" content=\"1200\" \/>\n\t<meta property=\"og:image:height\" content=\"1200\" \/>\n\t<meta property=\"og:image:type\" content=\"image\/png\" \/>\n<meta name=\"twitter:card\" content=\"summary_large_image\" \/>\n<meta name=\"twitter:label1\" content=\"Est. reading time\" \/>\n\t<meta name=\"twitter:data1\" content=\"2 minutes\" \/>\n<script type=\"application\/ld+json\" class=\"yoast-schema-graph\">{\"@context\":\"https:\/\/schema.org\",\"@graph\":[{\"@type\":\"WebPage\",\"@id\":\"https:\/\/barrsell.com\/urun\/carel-chksw16000-acma-kapama-anahtari-takimi\/\",\"url\":\"https:\/\/barrsell.com\/urun\/carel-chksw16000-acma-kapama-anahtari-takimi\/\",\"name\":\"Carel CHKSW16000 A\u00e7ma\/Kapama Anahtar\u0131 Tak\u0131m\u0131 | Barrsell End\u00fcstri\",\"isPartOf\":{\"@id\":\"https:\/\/barrsell.com\/#website\"},\"primaryImageOfPage\":{\"@id\":\"https:\/\/barrsell.com\/urun\/carel-chksw16000-acma-kapama-anahtari-takimi\/#primaryimage\"},\"image\":{\"@id\":\"https:\/\/barrsell.com\/urun\/carel-chksw16000-acma-kapama-anahtari-takimi\/#primaryimage\"},\"thumbnailUrl\":\"https:\/\/barrsell.com\/wp-content\/uploads\/2024\/11\/Carel-CHKSW16000-Acma-Kapama-Anahtari-Takimi.png\",\"datePublished\":\"2024-11-01T08:05:06+00:00\",\"dateModified\":\"2024-11-28T11:39:28+00:00\",\"description\":\"Carel CHKSW16000 A\u00e7ma\/Kapama Anahtar\u0131 Tak\u0131m\u0131, HVAC (Is\u0131tma, Havaland\u0131rma ve \u0130klimlendirme) sistemleri ve \u00e7e\u015fitli end\u00fcstriyel otomasyon uygulamalar\u0131\",\"breadcrumb\":{\"@id\":\"https:\/\/barrsell.com\/urun\/carel-chksw16000-acma-kapama-anahtari-takimi\/#breadcrumb\"},\"inLanguage\":\"en-US\",\"potentialAction\":[{\"@type\":\"ReadAction\",\"target\":[\"https:\/\/barrsell.com\/urun\/carel-chksw16000-acma-kapama-anahtari-takimi\/\"]}]},{\"@type\":\"ImageObject\",\"inLanguage\":\"en-US\",\"@id\":\"https:\/\/barrsell.com\/urun\/carel-chksw16000-acma-kapama-anahtari-takimi\/#primaryimage\",\"url\":\"https:\/\/barrsell.com\/wp-content\/uploads\/2024\/11\/Carel-CHKSW16000-Acma-Kapama-Anahtari-Takimi.png\",\"contentUrl\":\"https:\/\/barrsell.com\/wp-content\/uploads\/2024\/11\/Carel-CHKSW16000-Acma-Kapama-Anahtari-Takimi.png\",\"width\":1200,\"height\":1200,\"caption\":\"Carel CHKSW16000 A\u00e7ma-Kapama Anahtar\u0131 Tak\u0131m\u0131\"},{\"@type\":\"BreadcrumbList\",\"@id\":\"https:\/\/barrsell.com\/urun\/carel-chksw16000-acma-kapama-anahtari-takimi\/#breadcrumb\",\"itemListElement\":[{\"@type\":\"ListItem\",\"position\":1,\"name\":\"Home\",\"item\":\"https:\/\/barrsell.com\/\"},{\"@type\":\"ListItem\",\"position\":2,\"name\":\"\u00dcr\u00fcnler\",\"item\":\"https:\/\/barrsell.com\/en\/products\/\"},{\"@type\":\"ListItem\",\"position\":3,\"name\":\"Carel CHKSW16000 A\u00e7ma\/Kapama Anahtar\u0131 Tak\u0131m\u0131\"}]},{\"@type\":\"WebSite\",\"@id\":\"https:\/\/barrsell.com\/#website\",\"url\":\"https:\/\/barrsell.com\/\",\"name\":\"Barrsell End\u00fcstri Makine\",\"description\":\"Teknolojiyle G\u00fc\u00e7lenen End\u00fcstriyel \u00c7\u00f6z\u00fcmler!\",\"potentialAction\":[{\"@type\":\"SearchAction\",\"target\":{\"@type\":\"EntryPoint\",\"urlTemplate\":\"https:\/\/barrsell.com\/?s={search_term_string}\"},\"query-input\":\"required name=search_term_string\"}],\"inLanguage\":\"en-US\"}]}<\/script>\n<!-- \/ Yoast SEO Premium plugin. -->","yoast_head_json":{"title":"Carel CHKSW16000 A\u00e7ma\/Kapama Anahtar\u0131 Tak\u0131m\u0131 | Barrsell End\u00fcstri","description":"Carel CHKSW16000 A\u00e7ma\/Kapama Anahtar\u0131 Tak\u0131m\u0131, HVAC (Is\u0131tma, Havaland\u0131rma ve \u0130klimlendirme) sistemleri ve \u00e7e\u015fitli end\u00fcstriyel otomasyon uygulamalar\u0131","robots":{"index":"index","follow":"follow","max-snippet":"max-snippet:-1","max-image-preview":"max-image-preview:large","max-video-preview":"max-video-preview:-1"},"canonical":"https:\/\/barrsell.com\/en\/product\/carel-chksw16000-on-off-switch-set\/","og_locale":"en_US","og_type":"article","og_title":"Carel CHKSW16000 A\u00e7ma\/Kapama Anahtar\u0131 Tak\u0131m\u0131","og_description":"Carel CHKSW16000 A\u00e7ma\/Kapama Anahtar\u0131 Tak\u0131m\u0131, HVAC (Is\u0131tma, Havaland\u0131rma ve \u0130klimlendirme) sistemleri ve \u00e7e\u015fitli end\u00fcstriyel otomasyon uygulamalar\u0131","og_url":"https:\/\/barrsell.com\/en\/product\/carel-chksw16000-on-off-switch-set\/","og_site_name":"Barrsell","article_modified_time":"2024-11-28T11:39:28+00:00","og_image":[{"width":1200,"height":1200,"url":"https:\/\/barrsell.com\/wp-content\/uploads\/2024\/11\/Carel-CHKSW16000-Acma-Kapama-Anahtari-Takimi.png","type":"image\/png"}],"twitter_card":"summary_large_image","twitter_misc":{"Est. reading time":"2 minutes"},"schema":{"@context":"https:\/\/schema.org","@graph":[{"@type":"WebPage","@id":"https:\/\/barrsell.com\/urun\/carel-chksw16000-acma-kapama-anahtari-takimi\/","url":"https:\/\/barrsell.com\/urun\/carel-chksw16000-acma-kapama-anahtari-takimi\/","name":"Carel CHKSW16000 A\u00e7ma\/Kapama Anahtar\u0131 Tak\u0131m\u0131 | Barrsell End\u00fcstri","isPartOf":{"@id":"https:\/\/barrsell.com\/#website"},"primaryImageOfPage":{"@id":"https:\/\/barrsell.com\/urun\/carel-chksw16000-acma-kapama-anahtari-takimi\/#primaryimage"},"image":{"@id":"https:\/\/barrsell.com\/urun\/carel-chksw16000-acma-kapama-anahtari-takimi\/#primaryimage"},"thumbnailUrl":"https:\/\/barrsell.com\/wp-content\/uploads\/2024\/11\/Carel-CHKSW16000-Acma-Kapama-Anahtari-Takimi.png","datePublished":"2024-11-01T08:05:06+00:00","dateModified":"2024-11-28T11:39:28+00:00","description":"Carel CHKSW16000 A\u00e7ma\/Kapama Anahtar\u0131 Tak\u0131m\u0131, HVAC (Is\u0131tma, Havaland\u0131rma ve \u0130klimlendirme) sistemleri ve \u00e7e\u015fitli end\u00fcstriyel otomasyon uygulamalar\u0131","breadcrumb":{"@id":"https:\/\/barrsell.com\/urun\/carel-chksw16000-acma-kapama-anahtari-takimi\/#breadcrumb"},"inLanguage":"en-US","potentialAction":[{"@type":"ReadAction","target":["https:\/\/barrsell.com\/urun\/carel-chksw16000-acma-kapama-anahtari-takimi\/"]}]},{"@type":"ImageObject","inLanguage":"en-US","@id":"https:\/\/barrsell.com\/urun\/carel-chksw16000-acma-kapama-anahtari-takimi\/#primaryimage","url":"https:\/\/barrsell.com\/wp-content\/uploads\/2024\/11\/Carel-CHKSW16000-Acma-Kapama-Anahtari-Takimi.png","contentUrl":"https:\/\/barrsell.com\/wp-content\/uploads\/2024\/11\/Carel-CHKSW16000-Acma-Kapama-Anahtari-Takimi.png","width":1200,"height":1200,"caption":"Carel CHKSW16000 A\u00e7ma-Kapama Anahtar\u0131 Tak\u0131m\u0131"},{"@type":"BreadcrumbList","@id":"https:\/\/barrsell.com\/urun\/carel-chksw16000-acma-kapama-anahtari-takimi\/#breadcrumb","itemListElement":[{"@type":"ListItem","position":1,"name":"Home","item":"https:\/\/barrsell.com\/"},{"@type":"ListItem","position":2,"name":"\u00dcr\u00fcnler","item":"https:\/\/barrsell.com\/en\/products\/"},{"@type":"ListItem","position":3,"name":"Carel CHKSW16000 A\u00e7ma\/Kapama Anahtar\u0131 Tak\u0131m\u0131"}]},{"@type":"WebSite","@id":"https:\/\/barrsell.com\/#website","url":"https:\/\/barrsell.com\/","name":"Barrsell End\u00fcstri Makine","description":"Teknolojiyle G\u00fc\u00e7lenen End\u00fcstriyel \u00c7\u00f6z\u00fcmler!","potentialAction":[{"@type":"SearchAction","target":{"@type":"EntryPoint","urlTemplate":"https:\/\/barrsell.com\/?s={search_term_string}"},"query-input":"required name=search_term_string"}],"inLanguage":"en-US"}]}},"_links":{"self":[{"href":"https:\/\/barrsell.com\/en\/wp-json\/wp\/v2\/product\/17806","targetHints":{"allow":["GET"]}}],"collection":[{"href":"https:\/\/barrsell.com\/en\/wp-json\/wp\/v2\/product"}],"about":[{"href":"https:\/\/barrsell.com\/en\/wp-json\/wp\/v2\/types\/product"}],"version-history":[{"count":5,"href":"https:\/\/barrsell.com\/en\/wp-json\/wp\/v2\/product\/17806\/revisions"}],"predecessor-version":[{"id":18623,"href":"https:\/\/barrsell.com\/en\/wp-json\/wp\/v2\/product\/17806\/revisions\/18623"}],"wp:featuredmedia":[{"embeddable":true,"href":"https:\/\/barrsell.com\/en\/wp-json\/wp\/v2\/media\/17807"}],"wp:attachment":[{"href":"https:\/\/barrsell.com\/en\/wp-json\/wp\/v2\/media?parent=17806"}],"wp:term":[{"taxonomy":"product_cat","embeddable":true,"href":"https:\/\/barrsell.com\/en\/wp-json\/wp\/v2\/product_cat?post=17806"},{"taxonomy":"product_tag","embeddable":true,"href":"https:\/\/barrsell.com\/en\/wp-json\/wp\/v2\/product_tag?post=17806"}],"curies":[{"name":"wp","href":"https:\/\/api.w.org\/{rel}","templated":true}]}}