{"id":17796,"date":"2024-11-01T07:45:22","date_gmt":"2024-11-01T07:45:22","guid":{"rendered":"https:\/\/barrsell.com\/?post_type=product&#038;p=17796"},"modified":"2024-11-28T12:21:15","modified_gmt":"2024-11-28T12:21:15","slug":"chkcon1000-konnektor-ve-dogrultucu-kit","status":"publish","type":"product","link":"https:\/\/barrsell.com\/en\/product\/chkcon1000-connector-and-rectifier-kit\/","title":{"rendered":"CHKCON1000 Connector And Rectifier Kit"},"content":{"rendered":"<h2><strong>Carel CHKCON1000 Connector and Rectifier Kit<\/strong><\/h2>\n<p>Carel CHKCON1000 Connector and Rectifier Kit is a product specially designed for applications requiring signal accuracy, reliable connection and high performance in electrical and electronic systems. This kit is manufactured to ensure connection stability in systems and increase the reliability of electrical flow<\/p>\n<h4><strong>Features<\/strong><\/h4>\n<table width=\"0\">\n<tbody>\n<tr>\n<td colspan=\"2\">Learn More<\/td>\n<\/tr>\n<tr>\n<td>Manufacturer<\/td>\n<td><a href=\"https:\/\/barrsell.com\/en\/kategoriler\/buhar-jeneratorleri-nemlendiriciler\/carel-buharli-nemlendirici\/\">Carel<\/a><\/td>\n<\/tr>\n<tr>\n<td>Product Type<\/td>\n<td><a href=\"https:\/\/wdteknoloji.com\/kategori\/hygromatik-nemlendirici-urunler\/\">Humidification<\/a><\/td>\n<\/tr>\n<\/tbody>\n<\/table>\n<h4><strong>Technical Specifications<\/strong><\/h4>\n<ul>\n<li class=\" translation-block\"><strong>High Quality Material Construction:<\/strong> Maintain connection quality and resist abrasion and corrosion. Manufactured using metal and high quality insulation materials. These properties ensure that the connections are long-lasting and reliable.<\/li>\n<li class=\" translation-block\"><strong>Signal Rectification Feature:<\/strong> The elements in the Carel kit convert alternating current (AC) to direct current (DC), minimizing signal loss and maintaining current stability in sensitive electronic devices. This feature increases system efficiency by reducing energy loss.<\/li>\n<li class=\" translation-block\"><strong>Wide Operating Temperature Range: <\/strong> <em>The CHKCON1000 is designed to operate over a wide temperature range to ensure high performance even in harsh conditions. Thanks to its structure resistant to temperature changes, you can use it safely especially in industrial environments.<\/li>\n<li class=\" translation-block\"><strong>Easy Installation and Connection Options: <\/strong> With its standard connection ports and practical structure, it is easy to integrate into different systems. Thanks to the CHKCON1000 connector's easy assembly features, you can quickly install it and maintenance can be done easily.<\/li>\n<\/ul>","protected":false},"excerpt":{"rendered":"<h4>Compatibility<\/h4>\n<ul>\n<li>CH001V1000 Series<\/li>\n<li>CH002V1000 Series<\/li>\n<li>CHF01V1000 Series<\/li>\n<li>CHF02V1000 Series<\/li>\n<\/ul>","protected":false},"featured_media":17797,"template":"","meta":[],"product_cat":[136],"product_tag":[],"class_list":{"0":"post-17796","1":"product","2":"type-product","3":"status-publish","4":"has-post-thumbnail","6":"product_cat-carel-yedek-parcalari","8":"first","9":"instock","10":"shipping-taxable","11":"product-type-external"},"yoast_head":"<!-- This site is optimized with the Yoast SEO Premium plugin v23.2 (Yoast SEO v23.2) - https:\/\/yoast.com\/wordpress\/plugins\/seo\/ -->\n<title>CHKCON1000 Konnekt\u00f6r Ve Do\u011frultucu Kit | Barrsell End\u00fcstri<\/title>\n<meta name=\"description\" content=\"Carel CHKCON1000 Konnekt\u00f6r ve Do\u011frultucu Kit, elektrik ve elektronik sistemlerde sinyal do\u011frulu\u011fu, g\u00fcvenilir ba\u011flant\u0131 ve y\u00fcksek performans.\" \/>\n<meta name=\"robots\" content=\"index, follow, max-snippet:-1, max-image-preview:large, max-video-preview:-1\" \/>\n<link rel=\"canonical\" href=\"https:\/\/barrsell.com\/en\/product\/chkcon1000-connector-and-rectifier-kit\/\" \/>\n<meta property=\"og:locale\" content=\"en_US\" \/>\n<meta property=\"og:type\" content=\"article\" \/>\n<meta property=\"og:title\" content=\"CHKCON1000 Konnekt\u00f6r Ve Do\u011frultucu Kit\" \/>\n<meta property=\"og:description\" content=\"Carel CHKCON1000 Konnekt\u00f6r ve Do\u011frultucu Kit, elektrik ve elektronik sistemlerde sinyal do\u011frulu\u011fu, g\u00fcvenilir ba\u011flant\u0131 ve y\u00fcksek performans.\" \/>\n<meta property=\"og:url\" content=\"https:\/\/barrsell.com\/en\/product\/chkcon1000-connector-and-rectifier-kit\/\" \/>\n<meta property=\"og:site_name\" content=\"Barrsell\" \/>\n<meta property=\"article:modified_time\" content=\"2024-11-28T12:21:15+00:00\" \/>\n<meta property=\"og:image\" content=\"https:\/\/barrsell.com\/wp-content\/uploads\/2024\/11\/CHKCON1000-Konnektor-Ve-Dogrultucu-Kit.png\" \/>\n\t<meta property=\"og:image:width\" content=\"1200\" \/>\n\t<meta property=\"og:image:height\" content=\"1200\" \/>\n\t<meta property=\"og:image:type\" content=\"image\/png\" \/>\n<meta name=\"twitter:card\" content=\"summary_large_image\" \/>\n<meta name=\"twitter:label1\" content=\"Est. reading time\" \/>\n\t<meta name=\"twitter:data1\" content=\"2 minutes\" \/>\n<script type=\"application\/ld+json\" class=\"yoast-schema-graph\">{\"@context\":\"https:\/\/schema.org\",\"@graph\":[{\"@type\":\"WebPage\",\"@id\":\"https:\/\/barrsell.com\/urun\/chkcon1000-konnektor-ve-dogrultucu-kit\/\",\"url\":\"https:\/\/barrsell.com\/urun\/chkcon1000-konnektor-ve-dogrultucu-kit\/\",\"name\":\"CHKCON1000 Konnekt\u00f6r Ve Do\u011frultucu Kit | Barrsell End\u00fcstri\",\"isPartOf\":{\"@id\":\"https:\/\/barrsell.com\/#website\"},\"primaryImageOfPage\":{\"@id\":\"https:\/\/barrsell.com\/urun\/chkcon1000-konnektor-ve-dogrultucu-kit\/#primaryimage\"},\"image\":{\"@id\":\"https:\/\/barrsell.com\/urun\/chkcon1000-konnektor-ve-dogrultucu-kit\/#primaryimage\"},\"thumbnailUrl\":\"https:\/\/barrsell.com\/wp-content\/uploads\/2024\/11\/CHKCON1000-Konnektor-Ve-Dogrultucu-Kit.png\",\"datePublished\":\"2024-11-01T07:45:22+00:00\",\"dateModified\":\"2024-11-28T12:21:15+00:00\",\"description\":\"Carel CHKCON1000 Konnekt\u00f6r ve Do\u011frultucu Kit, elektrik ve elektronik sistemlerde sinyal do\u011frulu\u011fu, g\u00fcvenilir ba\u011flant\u0131 ve y\u00fcksek performans.\",\"breadcrumb\":{\"@id\":\"https:\/\/barrsell.com\/urun\/chkcon1000-konnektor-ve-dogrultucu-kit\/#breadcrumb\"},\"inLanguage\":\"en-US\",\"potentialAction\":[{\"@type\":\"ReadAction\",\"target\":[\"https:\/\/barrsell.com\/urun\/chkcon1000-konnektor-ve-dogrultucu-kit\/\"]}]},{\"@type\":\"ImageObject\",\"inLanguage\":\"en-US\",\"@id\":\"https:\/\/barrsell.com\/urun\/chkcon1000-konnektor-ve-dogrultucu-kit\/#primaryimage\",\"url\":\"https:\/\/barrsell.com\/wp-content\/uploads\/2024\/11\/CHKCON1000-Konnektor-Ve-Dogrultucu-Kit.png\",\"contentUrl\":\"https:\/\/barrsell.com\/wp-content\/uploads\/2024\/11\/CHKCON1000-Konnektor-Ve-Dogrultucu-Kit.png\",\"width\":1200,\"height\":1200,\"caption\":\"CHKCON1000 Konnekt\u00f6r Ve Do\u011frultucu Kit\"},{\"@type\":\"BreadcrumbList\",\"@id\":\"https:\/\/barrsell.com\/urun\/chkcon1000-konnektor-ve-dogrultucu-kit\/#breadcrumb\",\"itemListElement\":[{\"@type\":\"ListItem\",\"position\":1,\"name\":\"Home\",\"item\":\"https:\/\/barrsell.com\/\"},{\"@type\":\"ListItem\",\"position\":2,\"name\":\"\u00dcr\u00fcnler\",\"item\":\"https:\/\/barrsell.com\/en\/products\/\"},{\"@type\":\"ListItem\",\"position\":3,\"name\":\"CHKCON1000 Konnekt\u00f6r Ve Do\u011frultucu Kit\"}]},{\"@type\":\"WebSite\",\"@id\":\"https:\/\/barrsell.com\/#website\",\"url\":\"https:\/\/barrsell.com\/\",\"name\":\"Barrsell End\u00fcstri Makine\",\"description\":\"Teknolojiyle G\u00fc\u00e7lenen End\u00fcstriyel \u00c7\u00f6z\u00fcmler!\",\"potentialAction\":[{\"@type\":\"SearchAction\",\"target\":{\"@type\":\"EntryPoint\",\"urlTemplate\":\"https:\/\/barrsell.com\/?s={search_term_string}\"},\"query-input\":\"required name=search_term_string\"}],\"inLanguage\":\"en-US\"}]}<\/script>\n<!-- \/ Yoast SEO Premium plugin. -->","yoast_head_json":{"title":"CHKCON1000 Konnekt\u00f6r Ve Do\u011frultucu Kit | Barrsell End\u00fcstri","description":"Carel CHKCON1000 Konnekt\u00f6r ve Do\u011frultucu Kit, elektrik ve elektronik sistemlerde sinyal do\u011frulu\u011fu, g\u00fcvenilir ba\u011flant\u0131 ve y\u00fcksek performans.","robots":{"index":"index","follow":"follow","max-snippet":"max-snippet:-1","max-image-preview":"max-image-preview:large","max-video-preview":"max-video-preview:-1"},"canonical":"https:\/\/barrsell.com\/en\/product\/chkcon1000-connector-and-rectifier-kit\/","og_locale":"en_US","og_type":"article","og_title":"CHKCON1000 Konnekt\u00f6r Ve Do\u011frultucu Kit","og_description":"Carel CHKCON1000 Konnekt\u00f6r ve Do\u011frultucu Kit, elektrik ve elektronik sistemlerde sinyal do\u011frulu\u011fu, g\u00fcvenilir ba\u011flant\u0131 ve y\u00fcksek performans.","og_url":"https:\/\/barrsell.com\/en\/product\/chkcon1000-connector-and-rectifier-kit\/","og_site_name":"Barrsell","article_modified_time":"2024-11-28T12:21:15+00:00","og_image":[{"width":1200,"height":1200,"url":"https:\/\/barrsell.com\/wp-content\/uploads\/2024\/11\/CHKCON1000-Konnektor-Ve-Dogrultucu-Kit.png","type":"image\/png"}],"twitter_card":"summary_large_image","twitter_misc":{"Est. reading time":"2 minutes"},"schema":{"@context":"https:\/\/schema.org","@graph":[{"@type":"WebPage","@id":"https:\/\/barrsell.com\/urun\/chkcon1000-konnektor-ve-dogrultucu-kit\/","url":"https:\/\/barrsell.com\/urun\/chkcon1000-konnektor-ve-dogrultucu-kit\/","name":"CHKCON1000 Konnekt\u00f6r Ve Do\u011frultucu Kit | Barrsell End\u00fcstri","isPartOf":{"@id":"https:\/\/barrsell.com\/#website"},"primaryImageOfPage":{"@id":"https:\/\/barrsell.com\/urun\/chkcon1000-konnektor-ve-dogrultucu-kit\/#primaryimage"},"image":{"@id":"https:\/\/barrsell.com\/urun\/chkcon1000-konnektor-ve-dogrultucu-kit\/#primaryimage"},"thumbnailUrl":"https:\/\/barrsell.com\/wp-content\/uploads\/2024\/11\/CHKCON1000-Konnektor-Ve-Dogrultucu-Kit.png","datePublished":"2024-11-01T07:45:22+00:00","dateModified":"2024-11-28T12:21:15+00:00","description":"Carel CHKCON1000 Konnekt\u00f6r ve Do\u011frultucu Kit, elektrik ve elektronik sistemlerde sinyal do\u011frulu\u011fu, g\u00fcvenilir ba\u011flant\u0131 ve y\u00fcksek performans.","breadcrumb":{"@id":"https:\/\/barrsell.com\/urun\/chkcon1000-konnektor-ve-dogrultucu-kit\/#breadcrumb"},"inLanguage":"en-US","potentialAction":[{"@type":"ReadAction","target":["https:\/\/barrsell.com\/urun\/chkcon1000-konnektor-ve-dogrultucu-kit\/"]}]},{"@type":"ImageObject","inLanguage":"en-US","@id":"https:\/\/barrsell.com\/urun\/chkcon1000-konnektor-ve-dogrultucu-kit\/#primaryimage","url":"https:\/\/barrsell.com\/wp-content\/uploads\/2024\/11\/CHKCON1000-Konnektor-Ve-Dogrultucu-Kit.png","contentUrl":"https:\/\/barrsell.com\/wp-content\/uploads\/2024\/11\/CHKCON1000-Konnektor-Ve-Dogrultucu-Kit.png","width":1200,"height":1200,"caption":"CHKCON1000 Konnekt\u00f6r Ve Do\u011frultucu Kit"},{"@type":"BreadcrumbList","@id":"https:\/\/barrsell.com\/urun\/chkcon1000-konnektor-ve-dogrultucu-kit\/#breadcrumb","itemListElement":[{"@type":"ListItem","position":1,"name":"Home","item":"https:\/\/barrsell.com\/"},{"@type":"ListItem","position":2,"name":"\u00dcr\u00fcnler","item":"https:\/\/barrsell.com\/en\/products\/"},{"@type":"ListItem","position":3,"name":"CHKCON1000 Konnekt\u00f6r Ve Do\u011frultucu Kit"}]},{"@type":"WebSite","@id":"https:\/\/barrsell.com\/#website","url":"https:\/\/barrsell.com\/","name":"Barrsell End\u00fcstri Makine","description":"Teknolojiyle G\u00fc\u00e7lenen End\u00fcstriyel \u00c7\u00f6z\u00fcmler!","potentialAction":[{"@type":"SearchAction","target":{"@type":"EntryPoint","urlTemplate":"https:\/\/barrsell.com\/?s={search_term_string}"},"query-input":"required name=search_term_string"}],"inLanguage":"en-US"}]}},"_links":{"self":[{"href":"https:\/\/barrsell.com\/en\/wp-json\/wp\/v2\/product\/17796","targetHints":{"allow":["GET"]}}],"collection":[{"href":"https:\/\/barrsell.com\/en\/wp-json\/wp\/v2\/product"}],"about":[{"href":"https:\/\/barrsell.com\/en\/wp-json\/wp\/v2\/types\/product"}],"version-history":[{"count":10,"href":"https:\/\/barrsell.com\/en\/wp-json\/wp\/v2\/product\/17796\/revisions"}],"predecessor-version":[{"id":18635,"href":"https:\/\/barrsell.com\/en\/wp-json\/wp\/v2\/product\/17796\/revisions\/18635"}],"wp:featuredmedia":[{"embeddable":true,"href":"https:\/\/barrsell.com\/en\/wp-json\/wp\/v2\/media\/17797"}],"wp:attachment":[{"href":"https:\/\/barrsell.com\/en\/wp-json\/wp\/v2\/media?parent=17796"}],"wp:term":[{"taxonomy":"product_cat","embeddable":true,"href":"https:\/\/barrsell.com\/en\/wp-json\/wp\/v2\/product_cat?post=17796"},{"taxonomy":"product_tag","embeddable":true,"href":"https:\/\/barrsell.com\/en\/wp-json\/wp\/v2\/product_tag?post=17796"}],"curies":[{"name":"wp","href":"https:\/\/api.w.org\/{rel}","templated":true}]}}