{"id":17790,"date":"2024-11-01T07:21:43","date_gmt":"2024-11-01T07:21:43","guid":{"rendered":"https:\/\/barrsell.com\/?post_type=product&#038;p=17790"},"modified":"2024-11-28T12:45:38","modified_gmt":"2024-11-28T12:45:38","slug":"carel-13c499a030-tahliye-vanasi-takimi","status":"publish","type":"product","link":"https:\/\/barrsell.com\/en\/product\/carel-13c499a030-drain-valve-set\/","title":{"rendered":"Carel 13C499A030 Relief Valve Kit"},"content":{"rendered":"<h2><strong>Carel 13C499A030 Drain Valve Kit:<\/strong><\/h2>\n<p>Carel 13C499A030 relief valve kit is a high performance relief valve solution developed to optimize safety, control and maintenance functions in HVAC (Heating, Ventilation and Air Conditioning) and industrial systems. Designed to control overpressure and unwanted fluid accumulation in systems, these valves are essential for the safety and functionality of system components.<\/p>\n<h4><strong>Features<\/strong><\/h4>\n<table width=\"0\">\n<tbody>\n<tr>\n<td colspan=\"2\">Learn More<\/td>\n<\/tr>\n<tr>\n<td>Manufacturer<\/td>\n<td><a href=\"https:\/\/barrsell.com\/en\/kategoriler\/buhar-jeneratorleri-nemlendiriciler\/carel-buharli-nemlendirici\/\">Carel<\/a><\/td>\n<\/tr>\n<tr>\n<td>Product Type<\/td>\n<td>Humidification<\/td>\n<\/tr>\n<tr>\n<td>Product Length<\/td>\n<td>4,95 in\u00e7 (12,573 cm)<\/td>\n<\/tr>\n<tr>\n<td>Product Width<\/td>\n<td>3.95 inches (10.033 cm)<\/td>\n<\/tr>\n<tr>\n<td>Product Height<\/td>\n<td>2,15 in\u00e7 (5,461 cm)<\/td>\n<\/tr>\n<tr>\n<td>Product Weight<\/td>\n<td>0,375 lbs (0,170 kg)<\/td>\n<\/tr>\n<tr>\n<td>Elektriksel Giri\u015f<\/td>\n<td>24 VAC<\/td>\n<\/tr>\n<tr>\n<td>Shipping Length<\/td>\n<td>7,15 in\u00e7 (18,161 cm)<\/td>\n<\/tr>\n<tr>\n<td>Transmission Width<\/td>\n<td>5,65 in\u00e7 (14,351 cm)<\/td>\n<\/tr>\n<tr>\n<td>Transportation Height<\/td>\n<td>2,6 in\u00e7 (6,604 cm)<\/td>\n<\/tr>\n<\/tbody>\n<\/table>\n<h4><strong>Technical Specifications<\/strong><\/h4>\n<ul>\n<li class=\" translation-block\"><strong>Pressure Capacity:<\/strong> The Carel 13C499A030 relief valve automatically relieves excess pressure in systems. It therefore ensures that the pressure remains at a safe level. This is a critical safety feature, especially for high pressure HVAC applications.<\/li>\n<li class=\" translation-block\"><strong>High Durability:<\/strong> The valve body is made of materials resistant to abrasion, corrosion and high pressure. This durability allows the valve to operate effectively for a long time. And it also ensures reliable performance even under harsh operating conditions.<\/li>\n<li class=\" translation-block\"><strong>Compact and Modular Design:<\/strong><em>Carel 13C499A030<\/em> has a compact and modular design. So you can easily install it even in tight spaces. Thanks to its modular design, it can work in harmony with other components in the system and can be easily replaced when needed.<\/li>\n<li class=\" translation-block\"><strong>Easy Maintenance and Installation:<\/strong> Simple structure provides quick installation and maintenance. You can quickly perform routine maintenance of valves. And thus minimizes system downtime.<\/li>\n<li class=\" translation-block\"><strong>High Temperature Resistance:<\/strong> This relief valve performs stably even under high temperature. This feature increases system security in industrial environments or intensive operating conditions.<\/li>\n<li class=\" translation-block\"><strong>Automatic Release Mechanism:<\/strong> The automatic release mechanism in the valve activates in case of excessive pressure and provides rapid release. This mechanism helps automatically ensure system security and prevents possible malfunctions.<\/li>\n<\/ul>","protected":false},"excerpt":{"rendered":"<h4>Compatibility<\/h4>\n<ul>\n<li>UE001HU Series- UE003HD Series- UE003HK Series- UE003HM Series- UE003HN Series -UE003HU Series- UE005HU Seriesi-UE005HW Seriesi-UE008HM Series-UE008HW Series<\/li>\n<li>UE003HW Series -UE003PD Series- UE005HD Series-UE005HK Series-UE005HM Series-UE005HN Series-UE005PD Series-UE008HK Seriesi-UE008HN Seriesi-UE009HD Series<\/li>\n<\/ul>","protected":false},"featured_media":17792,"template":"","meta":[],"product_cat":[136],"product_tag":[],"class_list":{"0":"post-17790","1":"product","2":"type-product","3":"status-publish","4":"has-post-thumbnail","6":"product_cat-carel-yedek-parcalari","8":"first","9":"instock","10":"shipping-taxable","11":"product-type-external"},"yoast_head":"<!-- This site is optimized with the Yoast SEO Premium plugin v23.2 (Yoast SEO v23.2) - https:\/\/yoast.com\/wordpress\/plugins\/seo\/ -->\n<title>Carel 13C499A030 Tahliye Vanas\u0131 Tak\u0131m\u0131 | Barrsell End\u00fcstri<\/title>\n<meta name=\"description\" content=\"Carel 13C499A030 tahliye vanas\u0131 tak\u0131m\u0131, HVAC (Is\u0131tma, Havaland\u0131rma ve \u0130klimlendirme) ve end\u00fcstriyel sistemlerde g\u00fcvenlik.\" \/>\n<meta name=\"robots\" content=\"index, follow, max-snippet:-1, max-image-preview:large, max-video-preview:-1\" \/>\n<link rel=\"canonical\" href=\"https:\/\/barrsell.com\/en\/product\/carel-13c499a030-drain-valve-set\/\" \/>\n<meta property=\"og:locale\" content=\"en_US\" \/>\n<meta property=\"og:type\" content=\"article\" \/>\n<meta property=\"og:title\" content=\"Carel 13C499A030 Tahliye Vanas\u0131 Tak\u0131m\u0131\" \/>\n<meta property=\"og:description\" content=\"Carel 13C499A030 tahliye vanas\u0131 tak\u0131m\u0131, HVAC (Is\u0131tma, Havaland\u0131rma ve \u0130klimlendirme) ve end\u00fcstriyel sistemlerde g\u00fcvenlik.\" \/>\n<meta property=\"og:url\" content=\"https:\/\/barrsell.com\/en\/product\/carel-13c499a030-drain-valve-set\/\" \/>\n<meta property=\"og:site_name\" content=\"Barrsell\" \/>\n<meta property=\"article:modified_time\" content=\"2024-11-28T12:45:38+00:00\" \/>\n<meta property=\"og:image\" content=\"https:\/\/barrsell.com\/wp-content\/uploads\/2024\/11\/Carel-13C499A030-Tahliye-Vanasi-Takimi-1.png\" \/>\n\t<meta property=\"og:image:width\" content=\"1200\" \/>\n\t<meta property=\"og:image:height\" content=\"1200\" \/>\n\t<meta property=\"og:image:type\" content=\"image\/png\" \/>\n<meta name=\"twitter:card\" content=\"summary_large_image\" \/>\n<meta name=\"twitter:label1\" content=\"Est. reading time\" \/>\n\t<meta name=\"twitter:data1\" content=\"2 minutes\" \/>\n<script type=\"application\/ld+json\" class=\"yoast-schema-graph\">{\"@context\":\"https:\/\/schema.org\",\"@graph\":[{\"@type\":\"WebPage\",\"@id\":\"https:\/\/barrsell.com\/urun\/carel-13c499a030-tahliye-vanasi-takimi\/\",\"url\":\"https:\/\/barrsell.com\/urun\/carel-13c499a030-tahliye-vanasi-takimi\/\",\"name\":\"Carel 13C499A030 Tahliye Vanas\u0131 Tak\u0131m\u0131 | Barrsell End\u00fcstri\",\"isPartOf\":{\"@id\":\"https:\/\/barrsell.com\/#website\"},\"primaryImageOfPage\":{\"@id\":\"https:\/\/barrsell.com\/urun\/carel-13c499a030-tahliye-vanasi-takimi\/#primaryimage\"},\"image\":{\"@id\":\"https:\/\/barrsell.com\/urun\/carel-13c499a030-tahliye-vanasi-takimi\/#primaryimage\"},\"thumbnailUrl\":\"https:\/\/barrsell.com\/wp-content\/uploads\/2024\/11\/Carel-13C499A030-Tahliye-Vanasi-Takimi-1.png\",\"datePublished\":\"2024-11-01T07:21:43+00:00\",\"dateModified\":\"2024-11-28T12:45:38+00:00\",\"description\":\"Carel 13C499A030 tahliye vanas\u0131 tak\u0131m\u0131, HVAC (Is\u0131tma, Havaland\u0131rma ve \u0130klimlendirme) ve end\u00fcstriyel sistemlerde g\u00fcvenlik.\",\"breadcrumb\":{\"@id\":\"https:\/\/barrsell.com\/urun\/carel-13c499a030-tahliye-vanasi-takimi\/#breadcrumb\"},\"inLanguage\":\"en-US\",\"potentialAction\":[{\"@type\":\"ReadAction\",\"target\":[\"https:\/\/barrsell.com\/urun\/carel-13c499a030-tahliye-vanasi-takimi\/\"]}]},{\"@type\":\"ImageObject\",\"inLanguage\":\"en-US\",\"@id\":\"https:\/\/barrsell.com\/urun\/carel-13c499a030-tahliye-vanasi-takimi\/#primaryimage\",\"url\":\"https:\/\/barrsell.com\/wp-content\/uploads\/2024\/11\/Carel-13C499A030-Tahliye-Vanasi-Takimi-1.png\",\"contentUrl\":\"https:\/\/barrsell.com\/wp-content\/uploads\/2024\/11\/Carel-13C499A030-Tahliye-Vanasi-Takimi-1.png\",\"width\":1200,\"height\":1200,\"caption\":\"Carel 13C499A030 Tahliye Vanas\u0131 Tak\u0131m\u0131\"},{\"@type\":\"BreadcrumbList\",\"@id\":\"https:\/\/barrsell.com\/urun\/carel-13c499a030-tahliye-vanasi-takimi\/#breadcrumb\",\"itemListElement\":[{\"@type\":\"ListItem\",\"position\":1,\"name\":\"Home\",\"item\":\"https:\/\/barrsell.com\/\"},{\"@type\":\"ListItem\",\"position\":2,\"name\":\"\u00dcr\u00fcnler\",\"item\":\"https:\/\/barrsell.com\/en\/products\/\"},{\"@type\":\"ListItem\",\"position\":3,\"name\":\"Carel 13C499A030 Tahliye Vanas\u0131 Tak\u0131m\u0131\"}]},{\"@type\":\"WebSite\",\"@id\":\"https:\/\/barrsell.com\/#website\",\"url\":\"https:\/\/barrsell.com\/\",\"name\":\"Barrsell End\u00fcstri Makine\",\"description\":\"Teknolojiyle G\u00fc\u00e7lenen End\u00fcstriyel \u00c7\u00f6z\u00fcmler!\",\"potentialAction\":[{\"@type\":\"SearchAction\",\"target\":{\"@type\":\"EntryPoint\",\"urlTemplate\":\"https:\/\/barrsell.com\/?s={search_term_string}\"},\"query-input\":\"required name=search_term_string\"}],\"inLanguage\":\"en-US\"}]}<\/script>\n<!-- \/ Yoast SEO Premium plugin. -->","yoast_head_json":{"title":"Carel 13C499A030 Tahliye Vanas\u0131 Tak\u0131m\u0131 | Barrsell End\u00fcstri","description":"Carel 13C499A030 tahliye vanas\u0131 tak\u0131m\u0131, HVAC (Is\u0131tma, Havaland\u0131rma ve \u0130klimlendirme) ve end\u00fcstriyel sistemlerde g\u00fcvenlik.","robots":{"index":"index","follow":"follow","max-snippet":"max-snippet:-1","max-image-preview":"max-image-preview:large","max-video-preview":"max-video-preview:-1"},"canonical":"https:\/\/barrsell.com\/en\/product\/carel-13c499a030-drain-valve-set\/","og_locale":"en_US","og_type":"article","og_title":"Carel 13C499A030 Tahliye Vanas\u0131 Tak\u0131m\u0131","og_description":"Carel 13C499A030 tahliye vanas\u0131 tak\u0131m\u0131, HVAC (Is\u0131tma, Havaland\u0131rma ve \u0130klimlendirme) ve end\u00fcstriyel sistemlerde g\u00fcvenlik.","og_url":"https:\/\/barrsell.com\/en\/product\/carel-13c499a030-drain-valve-set\/","og_site_name":"Barrsell","article_modified_time":"2024-11-28T12:45:38+00:00","og_image":[{"width":1200,"height":1200,"url":"https:\/\/barrsell.com\/wp-content\/uploads\/2024\/11\/Carel-13C499A030-Tahliye-Vanasi-Takimi-1.png","type":"image\/png"}],"twitter_card":"summary_large_image","twitter_misc":{"Est. reading time":"2 minutes"},"schema":{"@context":"https:\/\/schema.org","@graph":[{"@type":"WebPage","@id":"https:\/\/barrsell.com\/urun\/carel-13c499a030-tahliye-vanasi-takimi\/","url":"https:\/\/barrsell.com\/urun\/carel-13c499a030-tahliye-vanasi-takimi\/","name":"Carel 13C499A030 Tahliye Vanas\u0131 Tak\u0131m\u0131 | Barrsell End\u00fcstri","isPartOf":{"@id":"https:\/\/barrsell.com\/#website"},"primaryImageOfPage":{"@id":"https:\/\/barrsell.com\/urun\/carel-13c499a030-tahliye-vanasi-takimi\/#primaryimage"},"image":{"@id":"https:\/\/barrsell.com\/urun\/carel-13c499a030-tahliye-vanasi-takimi\/#primaryimage"},"thumbnailUrl":"https:\/\/barrsell.com\/wp-content\/uploads\/2024\/11\/Carel-13C499A030-Tahliye-Vanasi-Takimi-1.png","datePublished":"2024-11-01T07:21:43+00:00","dateModified":"2024-11-28T12:45:38+00:00","description":"Carel 13C499A030 tahliye vanas\u0131 tak\u0131m\u0131, HVAC (Is\u0131tma, Havaland\u0131rma ve \u0130klimlendirme) ve end\u00fcstriyel sistemlerde g\u00fcvenlik.","breadcrumb":{"@id":"https:\/\/barrsell.com\/urun\/carel-13c499a030-tahliye-vanasi-takimi\/#breadcrumb"},"inLanguage":"en-US","potentialAction":[{"@type":"ReadAction","target":["https:\/\/barrsell.com\/urun\/carel-13c499a030-tahliye-vanasi-takimi\/"]}]},{"@type":"ImageObject","inLanguage":"en-US","@id":"https:\/\/barrsell.com\/urun\/carel-13c499a030-tahliye-vanasi-takimi\/#primaryimage","url":"https:\/\/barrsell.com\/wp-content\/uploads\/2024\/11\/Carel-13C499A030-Tahliye-Vanasi-Takimi-1.png","contentUrl":"https:\/\/barrsell.com\/wp-content\/uploads\/2024\/11\/Carel-13C499A030-Tahliye-Vanasi-Takimi-1.png","width":1200,"height":1200,"caption":"Carel 13C499A030 Tahliye Vanas\u0131 Tak\u0131m\u0131"},{"@type":"BreadcrumbList","@id":"https:\/\/barrsell.com\/urun\/carel-13c499a030-tahliye-vanasi-takimi\/#breadcrumb","itemListElement":[{"@type":"ListItem","position":1,"name":"Home","item":"https:\/\/barrsell.com\/"},{"@type":"ListItem","position":2,"name":"\u00dcr\u00fcnler","item":"https:\/\/barrsell.com\/en\/products\/"},{"@type":"ListItem","position":3,"name":"Carel 13C499A030 Tahliye Vanas\u0131 Tak\u0131m\u0131"}]},{"@type":"WebSite","@id":"https:\/\/barrsell.com\/#website","url":"https:\/\/barrsell.com\/","name":"Barrsell End\u00fcstri Makine","description":"Teknolojiyle G\u00fc\u00e7lenen End\u00fcstriyel \u00c7\u00f6z\u00fcmler!","potentialAction":[{"@type":"SearchAction","target":{"@type":"EntryPoint","urlTemplate":"https:\/\/barrsell.com\/?s={search_term_string}"},"query-input":"required name=search_term_string"}],"inLanguage":"en-US"}]}},"_links":{"self":[{"href":"https:\/\/barrsell.com\/en\/wp-json\/wp\/v2\/product\/17790","targetHints":{"allow":["GET"]}}],"collection":[{"href":"https:\/\/barrsell.com\/en\/wp-json\/wp\/v2\/product"}],"about":[{"href":"https:\/\/barrsell.com\/en\/wp-json\/wp\/v2\/types\/product"}],"version-history":[{"count":8,"href":"https:\/\/barrsell.com\/en\/wp-json\/wp\/v2\/product\/17790\/revisions"}],"predecessor-version":[{"id":18643,"href":"https:\/\/barrsell.com\/en\/wp-json\/wp\/v2\/product\/17790\/revisions\/18643"}],"wp:featuredmedia":[{"embeddable":true,"href":"https:\/\/barrsell.com\/en\/wp-json\/wp\/v2\/media\/17792"}],"wp:attachment":[{"href":"https:\/\/barrsell.com\/en\/wp-json\/wp\/v2\/media?parent=17790"}],"wp:term":[{"taxonomy":"product_cat","embeddable":true,"href":"https:\/\/barrsell.com\/en\/wp-json\/wp\/v2\/product_cat?post=17790"},{"taxonomy":"product_tag","embeddable":true,"href":"https:\/\/barrsell.com\/en\/wp-json\/wp\/v2\/product_tag?post=17790"}],"curies":[{"name":"wp","href":"https:\/\/api.w.org\/{rel}","templated":true}]}}