{"id":17786,"date":"2024-11-01T07:12:34","date_gmt":"2024-11-01T07:12:34","guid":{"rendered":"https:\/\/barrsell.com\/?post_type=product&#038;p=17786"},"modified":"2024-11-29T09:25:05","modified_gmt":"2024-11-29T09:25:05","slug":"carel-uakp1k0d12-pompa-takimi","status":"publish","type":"product","link":"https:\/\/barrsell.com\/en\/product\/carel-uakp1k0d12-pump-set\/","title":{"rendered":"Carel UAKP1K0D12 Pompa Tak\u0131m\u0131"},"content":{"rendered":"<h2><strong>Carel UAKP1K0D12 Pump Kit: Product Introduction and Technical Specifications<\/strong><\/h2>\n<p>The Carel UAKP1K0D12 pump assembly stands out for its reliability and efficiency in industrial and commercial refrigeration systems. It is a high performance product. specially designed for HVAC (Heating, Ventilation and Air Conditioning) applications. This pump kit in particular offers an ideal solution for industry professionals with its precision water pressure management, durability and easy maintenance. Enables systems to run longer and more efficiently. In addition, Carel UAKP1K0D12 is preferred in many environments thanks to its performance criteria and low energy consumption.<\/p>\n<p><strong>Features<\/strong><\/p>\n<table width=\"0\">\n<tbody>\n<tr>\n<td colspan=\"2\">Learn More<\/td>\n<\/tr>\n<tr>\n<td>Manufacturer<\/td>\n<td>Carel<\/td>\n<\/tr>\n<tr>\n<td>Product Type<\/td>\n<td><a href=\"https:\/\/barrsell.com\/en\/kategoriler\/buhar-jeneratorleri-nemlendiriciler\/carel-buharli-nemlendirici\/\">Humidification<\/a><\/td>\n<\/tr>\n<tr>\n<td>Product Length<\/td>\n<td>15,5 in\u00e7 (39,370 cm)<\/td>\n<\/tr>\n<tr>\n<td>Product Width<\/td>\n<td>13,5 in\u00e7 (34,290 cm)<\/td>\n<\/tr>\n<tr>\n<td>Product Height<\/td>\n<td>8,75 in\u00e7 (22,225 cm)<\/td>\n<\/tr>\n<tr>\n<td>Product Weight<\/td>\n<td>28,1 lbs (12,746 kg)<\/td>\n<\/tr>\n<tr>\n<td>Shipping Length<\/td>\n<td>25,5 in\u00e7 (64,770 cm)<\/td>\n<\/tr>\n<tr>\n<td>Transmission Width<\/td>\n<td>18 in\u00e7 (45,720 cm)<\/td>\n<\/tr>\n<tr>\n<td>Transportation Height<\/td>\n<td>18 in\u00e7 (45,720 cm)<\/td>\n<\/tr>\n<\/tbody>\n<\/table>\n<h4><strong>Technical Specifications<\/strong><\/h4>\n<ul>\n<li class=\" translation-block\"><strong>Pump Type and Power:<\/strong> Carel UAKP1K0D12 pump assembly has a high efficiency motor power. And also specially designed to meet industrial demands. The strong pressure generated by the engine makes the fluid transfer fast and efficient.<\/li>\n<li class=\" translation-block\"><strong>Material Quality:<\/strong> Built using durable and wear-resistant materials. In particular, the pump body provides long-lasting protection against corrosion and chemical interactions. In addition, this durable construction allows the pump to maintain its performance even in harsh working<\/li>\n<li class=\" translation-block\"><strong>Uium and Integration:<\/strong> <em>Carel Pump Kit<\/em> is designed to work in a manner compatible with various HVAC systems.<\/li>\n<li class=\" translation-block\"><strong>Silent Operation Technology:<\/strong> The pump is optimized to operate with low noise level. This feature also provides a significant advantage for commercial areas and sensitive industrial applications that require a quiet environment.<\/li>\n<li class=\" translation-block\"><strong>High Flow Rate and Pressure Capacity:<\/strong> <em>UAKP1K0D12<\/em> model has high flow rate and pressure capacity. For example, it ensures efficient operation of the pump in cooling and air conditioning systems where large volume water or liquid flows are managed.<\/li>\n<\/ul>","protected":false},"excerpt":{"rendered":"<h4>Compatibility<\/h4>\n<ul class=\"compatibility-models\">\n<li class=\"compatibility-model\">UA humiFog Multizone<\/li>\n<\/ul>","protected":false},"featured_media":17787,"template":"","meta":[],"product_cat":[136],"product_tag":[],"class_list":{"0":"post-17786","1":"product","2":"type-product","3":"status-publish","4":"has-post-thumbnail","6":"product_cat-carel-yedek-parcalari","8":"first","9":"instock","10":"shipping-taxable","11":"product-type-external"},"yoast_head":"<!-- This site is optimized with the Yoast SEO Premium plugin v23.2 (Yoast SEO v23.2) - https:\/\/yoast.com\/wordpress\/plugins\/seo\/ -->\n<title>Carel UAKP1K0D12 Pompa Tak\u0131m\u0131 | Barrsell End\u00fcstri<\/title>\n<meta name=\"description\" content=\"Carel UAKP1K0D12 pompa tak\u0131m\u0131, end\u00fcstriyel ve ticari so\u011futma sistemlerinde g\u00fcvenilirli\u011fi ve verimlili\u011fi ile \u00f6ne \u00e7\u0131kan, y\u00fcksek performansl\u0131 bir \u00fcr\u00fcnd\u00fcr.\" \/>\n<meta name=\"robots\" content=\"index, follow, max-snippet:-1, max-image-preview:large, max-video-preview:-1\" \/>\n<link rel=\"canonical\" href=\"https:\/\/barrsell.com\/en\/product\/carel-uakp1k0d12-pump-set\/\" \/>\n<meta property=\"og:locale\" content=\"en_US\" \/>\n<meta property=\"og:type\" content=\"article\" \/>\n<meta property=\"og:title\" content=\"Carel UAKP1K0D12 Pompa Tak\u0131m\u0131\" \/>\n<meta property=\"og:description\" content=\"Carel UAKP1K0D12 pompa tak\u0131m\u0131, end\u00fcstriyel ve ticari so\u011futma sistemlerinde g\u00fcvenilirli\u011fi ve verimlili\u011fi ile \u00f6ne \u00e7\u0131kan, y\u00fcksek performansl\u0131 bir \u00fcr\u00fcnd\u00fcr.\" \/>\n<meta property=\"og:url\" content=\"https:\/\/barrsell.com\/en\/product\/carel-uakp1k0d12-pump-set\/\" \/>\n<meta property=\"og:site_name\" content=\"Barrsell\" \/>\n<meta property=\"article:modified_time\" content=\"2024-11-29T09:25:05+00:00\" \/>\n<meta property=\"og:image\" content=\"https:\/\/barrsell.com\/wp-content\/uploads\/2024\/11\/Carel-UAKP1K0D12-Pompa-Takimi.png\" \/>\n\t<meta property=\"og:image:width\" content=\"1200\" \/>\n\t<meta property=\"og:image:height\" content=\"1200\" \/>\n\t<meta property=\"og:image:type\" content=\"image\/png\" \/>\n<meta name=\"twitter:card\" content=\"summary_large_image\" \/>\n<meta name=\"twitter:label1\" content=\"Est. reading time\" \/>\n\t<meta name=\"twitter:data1\" content=\"2 minutes\" \/>\n<script type=\"application\/ld+json\" class=\"yoast-schema-graph\">{\"@context\":\"https:\/\/schema.org\",\"@graph\":[{\"@type\":\"WebPage\",\"@id\":\"https:\/\/barrsell.com\/urun\/carel-uakp1k0d12-pompa-takimi\/\",\"url\":\"https:\/\/barrsell.com\/urun\/carel-uakp1k0d12-pompa-takimi\/\",\"name\":\"Carel UAKP1K0D12 Pompa Tak\u0131m\u0131 | Barrsell End\u00fcstri\",\"isPartOf\":{\"@id\":\"https:\/\/barrsell.com\/#website\"},\"primaryImageOfPage\":{\"@id\":\"https:\/\/barrsell.com\/urun\/carel-uakp1k0d12-pompa-takimi\/#primaryimage\"},\"image\":{\"@id\":\"https:\/\/barrsell.com\/urun\/carel-uakp1k0d12-pompa-takimi\/#primaryimage\"},\"thumbnailUrl\":\"https:\/\/barrsell.com\/wp-content\/uploads\/2024\/11\/Carel-UAKP1K0D12-Pompa-Takimi.png\",\"datePublished\":\"2024-11-01T07:12:34+00:00\",\"dateModified\":\"2024-11-29T09:25:05+00:00\",\"description\":\"Carel UAKP1K0D12 pompa tak\u0131m\u0131, end\u00fcstriyel ve ticari so\u011futma sistemlerinde g\u00fcvenilirli\u011fi ve verimlili\u011fi ile \u00f6ne \u00e7\u0131kan, y\u00fcksek performansl\u0131 bir \u00fcr\u00fcnd\u00fcr.\",\"breadcrumb\":{\"@id\":\"https:\/\/barrsell.com\/urun\/carel-uakp1k0d12-pompa-takimi\/#breadcrumb\"},\"inLanguage\":\"en-US\",\"potentialAction\":[{\"@type\":\"ReadAction\",\"target\":[\"https:\/\/barrsell.com\/urun\/carel-uakp1k0d12-pompa-takimi\/\"]}]},{\"@type\":\"ImageObject\",\"inLanguage\":\"en-US\",\"@id\":\"https:\/\/barrsell.com\/urun\/carel-uakp1k0d12-pompa-takimi\/#primaryimage\",\"url\":\"https:\/\/barrsell.com\/wp-content\/uploads\/2024\/11\/Carel-UAKP1K0D12-Pompa-Takimi.png\",\"contentUrl\":\"https:\/\/barrsell.com\/wp-content\/uploads\/2024\/11\/Carel-UAKP1K0D12-Pompa-Takimi.png\",\"width\":1200,\"height\":1200,\"caption\":\"Carel UAKP1K0D12 Pompa Tak\u0131m\u0131\"},{\"@type\":\"BreadcrumbList\",\"@id\":\"https:\/\/barrsell.com\/urun\/carel-uakp1k0d12-pompa-takimi\/#breadcrumb\",\"itemListElement\":[{\"@type\":\"ListItem\",\"position\":1,\"name\":\"Home\",\"item\":\"https:\/\/barrsell.com\/\"},{\"@type\":\"ListItem\",\"position\":2,\"name\":\"\u00dcr\u00fcnler\",\"item\":\"https:\/\/barrsell.com\/en\/products\/\"},{\"@type\":\"ListItem\",\"position\":3,\"name\":\"Carel UAKP1K0D12 Pompa Tak\u0131m\u0131\"}]},{\"@type\":\"WebSite\",\"@id\":\"https:\/\/barrsell.com\/#website\",\"url\":\"https:\/\/barrsell.com\/\",\"name\":\"Barrsell End\u00fcstri Makine\",\"description\":\"Teknolojiyle G\u00fc\u00e7lenen End\u00fcstriyel \u00c7\u00f6z\u00fcmler!\",\"potentialAction\":[{\"@type\":\"SearchAction\",\"target\":{\"@type\":\"EntryPoint\",\"urlTemplate\":\"https:\/\/barrsell.com\/?s={search_term_string}\"},\"query-input\":\"required name=search_term_string\"}],\"inLanguage\":\"en-US\"}]}<\/script>\n<!-- \/ Yoast SEO Premium plugin. -->","yoast_head_json":{"title":"Carel UAKP1K0D12 Pompa Tak\u0131m\u0131 | Barrsell End\u00fcstri","description":"Carel UAKP1K0D12 pompa tak\u0131m\u0131, end\u00fcstriyel ve ticari so\u011futma sistemlerinde g\u00fcvenilirli\u011fi ve verimlili\u011fi ile \u00f6ne \u00e7\u0131kan, y\u00fcksek performansl\u0131 bir \u00fcr\u00fcnd\u00fcr.","robots":{"index":"index","follow":"follow","max-snippet":"max-snippet:-1","max-image-preview":"max-image-preview:large","max-video-preview":"max-video-preview:-1"},"canonical":"https:\/\/barrsell.com\/en\/product\/carel-uakp1k0d12-pump-set\/","og_locale":"en_US","og_type":"article","og_title":"Carel UAKP1K0D12 Pompa Tak\u0131m\u0131","og_description":"Carel UAKP1K0D12 pompa tak\u0131m\u0131, end\u00fcstriyel ve ticari so\u011futma sistemlerinde g\u00fcvenilirli\u011fi ve verimlili\u011fi ile \u00f6ne \u00e7\u0131kan, y\u00fcksek performansl\u0131 bir \u00fcr\u00fcnd\u00fcr.","og_url":"https:\/\/barrsell.com\/en\/product\/carel-uakp1k0d12-pump-set\/","og_site_name":"Barrsell","article_modified_time":"2024-11-29T09:25:05+00:00","og_image":[{"width":1200,"height":1200,"url":"https:\/\/barrsell.com\/wp-content\/uploads\/2024\/11\/Carel-UAKP1K0D12-Pompa-Takimi.png","type":"image\/png"}],"twitter_card":"summary_large_image","twitter_misc":{"Est. reading time":"2 minutes"},"schema":{"@context":"https:\/\/schema.org","@graph":[{"@type":"WebPage","@id":"https:\/\/barrsell.com\/urun\/carel-uakp1k0d12-pompa-takimi\/","url":"https:\/\/barrsell.com\/urun\/carel-uakp1k0d12-pompa-takimi\/","name":"Carel UAKP1K0D12 Pompa Tak\u0131m\u0131 | Barrsell End\u00fcstri","isPartOf":{"@id":"https:\/\/barrsell.com\/#website"},"primaryImageOfPage":{"@id":"https:\/\/barrsell.com\/urun\/carel-uakp1k0d12-pompa-takimi\/#primaryimage"},"image":{"@id":"https:\/\/barrsell.com\/urun\/carel-uakp1k0d12-pompa-takimi\/#primaryimage"},"thumbnailUrl":"https:\/\/barrsell.com\/wp-content\/uploads\/2024\/11\/Carel-UAKP1K0D12-Pompa-Takimi.png","datePublished":"2024-11-01T07:12:34+00:00","dateModified":"2024-11-29T09:25:05+00:00","description":"Carel UAKP1K0D12 pompa tak\u0131m\u0131, end\u00fcstriyel ve ticari so\u011futma sistemlerinde g\u00fcvenilirli\u011fi ve verimlili\u011fi ile \u00f6ne \u00e7\u0131kan, y\u00fcksek performansl\u0131 bir \u00fcr\u00fcnd\u00fcr.","breadcrumb":{"@id":"https:\/\/barrsell.com\/urun\/carel-uakp1k0d12-pompa-takimi\/#breadcrumb"},"inLanguage":"en-US","potentialAction":[{"@type":"ReadAction","target":["https:\/\/barrsell.com\/urun\/carel-uakp1k0d12-pompa-takimi\/"]}]},{"@type":"ImageObject","inLanguage":"en-US","@id":"https:\/\/barrsell.com\/urun\/carel-uakp1k0d12-pompa-takimi\/#primaryimage","url":"https:\/\/barrsell.com\/wp-content\/uploads\/2024\/11\/Carel-UAKP1K0D12-Pompa-Takimi.png","contentUrl":"https:\/\/barrsell.com\/wp-content\/uploads\/2024\/11\/Carel-UAKP1K0D12-Pompa-Takimi.png","width":1200,"height":1200,"caption":"Carel UAKP1K0D12 Pompa Tak\u0131m\u0131"},{"@type":"BreadcrumbList","@id":"https:\/\/barrsell.com\/urun\/carel-uakp1k0d12-pompa-takimi\/#breadcrumb","itemListElement":[{"@type":"ListItem","position":1,"name":"Home","item":"https:\/\/barrsell.com\/"},{"@type":"ListItem","position":2,"name":"\u00dcr\u00fcnler","item":"https:\/\/barrsell.com\/en\/products\/"},{"@type":"ListItem","position":3,"name":"Carel UAKP1K0D12 Pompa Tak\u0131m\u0131"}]},{"@type":"WebSite","@id":"https:\/\/barrsell.com\/#website","url":"https:\/\/barrsell.com\/","name":"Barrsell End\u00fcstri Makine","description":"Teknolojiyle G\u00fc\u00e7lenen End\u00fcstriyel \u00c7\u00f6z\u00fcmler!","potentialAction":[{"@type":"SearchAction","target":{"@type":"EntryPoint","urlTemplate":"https:\/\/barrsell.com\/?s={search_term_string}"},"query-input":"required name=search_term_string"}],"inLanguage":"en-US"}]}},"_links":{"self":[{"href":"https:\/\/barrsell.com\/en\/wp-json\/wp\/v2\/product\/17786","targetHints":{"allow":["GET"]}}],"collection":[{"href":"https:\/\/barrsell.com\/en\/wp-json\/wp\/v2\/product"}],"about":[{"href":"https:\/\/barrsell.com\/en\/wp-json\/wp\/v2\/types\/product"}],"version-history":[{"count":6,"href":"https:\/\/barrsell.com\/en\/wp-json\/wp\/v2\/product\/17786\/revisions"}],"predecessor-version":[{"id":18648,"href":"https:\/\/barrsell.com\/en\/wp-json\/wp\/v2\/product\/17786\/revisions\/18648"}],"wp:featuredmedia":[{"embeddable":true,"href":"https:\/\/barrsell.com\/en\/wp-json\/wp\/v2\/media\/17787"}],"wp:attachment":[{"href":"https:\/\/barrsell.com\/en\/wp-json\/wp\/v2\/media?parent=17786"}],"wp:term":[{"taxonomy":"product_cat","embeddable":true,"href":"https:\/\/barrsell.com\/en\/wp-json\/wp\/v2\/product_cat?post=17786"},{"taxonomy":"product_tag","embeddable":true,"href":"https:\/\/barrsell.com\/en\/wp-json\/wp\/v2\/product_tag?post=17786"}],"curies":[{"name":"wp","href":"https:\/\/api.w.org\/{rel}","templated":true}]}}