{"id":17780,"date":"2024-11-01T06:50:16","date_gmt":"2024-11-01T06:50:16","guid":{"rendered":"https:\/\/barrsell.com\/?post_type=product&#038;p=17780"},"modified":"2024-11-29T09:53:35","modified_gmt":"2024-11-29T09:53:35","slug":"carel-mcwf-su-filtresi","status":"publish","type":"product","link":"https:\/\/barrsell.com\/en\/product\/carel-mcwf-water-filter\/","title":{"rendered":"Carel MCWF Water Filter"},"content":{"rendered":"<h2><strong>Carel MCWF Water Filter\u00a0<\/strong><\/h2>\n<p>The Carel MCWF water filter is a filtration solution manufactured to high quality standards and developed specifically to ensure the long-lasting and efficient operation of HVAC (Heating, Ventilation and Air Conditioning) systems. Its prominent features include precision water filter structure, low maintenance requirement and wide application areas. The product can be used in many different environments, from industrial facilities to commercial buildings.<\/p>\n<p><strong>Features<\/strong><\/p>\n<table width=\"0\">\n<tbody>\n<tr>\n<td colspan=\"2\">Learn More<\/td>\n<\/tr>\n<tr>\n<td>Manufacturer<\/td>\n<td><a href=\"https:\/\/barrsell.com\/en\/kategoriler\/buhar-jeneratorleri-nemlendiriciler\/carel-buharli-nemlendirici\/\">Carel<\/a><\/td>\n<\/tr>\n<tr>\n<td>Product Type<\/td>\n<td>Humidification<\/td>\n<\/tr>\n<tr>\n<td>Product Length<\/td>\n<td>14,25 in\u00e7 (36,195 cm)<\/td>\n<\/tr>\n<tr>\n<td>Product Width<\/td>\n<td>4,25 in\u00e7 (10,795 cm)<\/td>\n<\/tr>\n<tr>\n<td>Product Height<\/td>\n<td>4 in\u00e7 (10,160 cm)<\/td>\n<\/tr>\n<tr>\n<td>Product Weight<\/td>\n<td>2,1 lbs (0,953 kg)<\/td>\n<\/tr>\n<tr>\n<td>Production Country<\/td>\n<td>Meksika<\/td>\n<\/tr>\n<tr>\n<td>Shipping Length<\/td>\n<td>15 in\u00e7 (38.100 cm)<\/td>\n<\/tr>\n<tr>\n<td>Transmission Width<\/td>\n<td>5 in\u00e7 (12.700 cm)<\/td>\n<\/tr>\n<tr>\n<td>Transportation Height<\/td>\n<td>5 in\u00e7 (12.700 cm)<\/td>\n<\/tr>\n<\/tbody>\n<\/table>\n<h4><strong>Technical Specifications<\/strong><\/h4>\n<ul>\n<li class=\" translation-block\"><strong>Filtration Precision:<\/strong> Carel MCWF filters provide high precision filtration. It effectively removes microscopic particles, sediments and foreign matter in the water and contributes to the protection of the system. It helps HVAC systems run longer without failures and require less maintenance.<\/li>\n<li class=\" translation-block\"><strong>Material Quality: <\/strong>Durable materials used in the product are resistant to corrosive effects. The outer body made of stainless steel or hard plastic provides resistance to chemical reactions and corrosion. These features extend the service life of the Carel filter.<\/li>\n<li class=\" translation-block\"><strong>Easy Maintenance:<\/strong> Maintenance requirements are kept to a minimum.It is ideal for industrial applications that cannot be maintained as often. At the same time, MCWF filters show long-term durability between maintenance periods.<\/li>\n<li class=\" translation-block\"><strong>Modular Design:<\/strong> <em>Carel MCWF water filter is designed in <\/em> modular structure. This allows multiple filters to be combined to be used or easily removed from the system when needed. Thus, you can be expanded in accordance with different capacity needs and integrated into the system.<\/li>\n<li class=\" translation-block\"><strong>Bas\u0131n\u00e7 Direnci:<\/strong> <em>Carel MCWF filtreleri y\u00fcksek bas\u0131nca dayan\u0131kl\u0131 yap\u0131ya sahip,<\/em> \u00e7e\u015fitli \u00e7al\u0131\u015fma ko\u015fullar\u0131nda en iyi performans\u0131 g\u00f6sterir. Filtreler, end\u00fcstriyel ortamlarda y\u00fcksek bas\u0131n\u00e7l\u0131 sistemlerle uyumlu \u00e7al\u0131\u015f\u0131r.<\/li>\n<li class=\" translation-block\"><strong>Wide Filtration Surface:<\/strong> Large surface area allows water to float with maximum efficiency during filtration process. This feature provides a high rate of filtration without obstructing the flow of water. Thus, the process continues without loss in the water flow of the system.<\/li>\n<li class=\" translation-block\"><strong>Wide Application Area: <\/strong> Carel Filter,cooling systems, heat pumps, chiller units, all HVAC systems where water is present and water is transported, you can also use it safely in industrial processes.<\/li>\n<\/ul>","protected":false},"excerpt":{"rendered":"<h2>Compatibility<\/h2>\n<ul>\n<li>UR002HD**3 &#8211; 230V-UR002HD**4 &#8211; 230V-UR002HU**3 &#8211; 208V-UR002HU**4 &#8211; 208V -UR004HD**3 &#8211; 230V-UR004HD**4 &#8211; 230V-UR004HU**3 &#8211; 208V-UR004HU**4 &#8211; 208V-UR006HD**4 &#8211; 230V UR006HK**3 &#8211; 230V 3 -UR006HK**4 &#8211; 230V 3- UR006HL**3 &#8211; 400V-UR006HD**3 &#8211; 230V-UR006HL**4 &#8211; 400V 3-UR006HM**3 &#8211; 460V 3 -UR006HN**3 &#8211; 575V 3-UR006HU**3 &#8211; 208V 1-<\/li>\n<li>Please contact us about all other compatible devices.<\/li>\n<\/ul>","protected":false},"featured_media":17782,"template":"","meta":[],"product_cat":[136],"product_tag":[],"class_list":{"0":"post-17780","1":"product","2":"type-product","3":"status-publish","4":"has-post-thumbnail","6":"product_cat-carel-yedek-parcalari","8":"first","9":"instock","10":"shipping-taxable","11":"product-type-external"},"yoast_head":"<!-- This site is optimized with the Yoast SEO Premium plugin v23.2 (Yoast SEO v23.2) - https:\/\/yoast.com\/wordpress\/plugins\/seo\/ -->\n<title>Carel MCWF Su Filtresi | Barrsell End\u00fcstri<\/title>\n<meta name=\"description\" content=\"Carel MCWF su filtresi, y\u00fcksek kalite standartlar\u0131nda \u00fcretilmi\u015f ve \u00f6zellikle HVAC (Is\u0131tma, Havaland\u0131rma ve \u0130klimlendirme) sistemlerinin uzun \u00f6m\u00fcrl\u00fc.\" \/>\n<meta name=\"robots\" content=\"index, follow, max-snippet:-1, max-image-preview:large, max-video-preview:-1\" \/>\n<link rel=\"canonical\" href=\"https:\/\/barrsell.com\/en\/product\/carel-mcwf-water-filter\/\" \/>\n<meta property=\"og:locale\" content=\"en_US\" \/>\n<meta property=\"og:type\" content=\"article\" \/>\n<meta property=\"og:title\" content=\"Carel MCWF Su Filtresi\" \/>\n<meta property=\"og:description\" content=\"Carel MCWF su filtresi, y\u00fcksek kalite standartlar\u0131nda \u00fcretilmi\u015f ve \u00f6zellikle HVAC (Is\u0131tma, Havaland\u0131rma ve \u0130klimlendirme) sistemlerinin uzun \u00f6m\u00fcrl\u00fc.\" \/>\n<meta property=\"og:url\" content=\"https:\/\/barrsell.com\/en\/product\/carel-mcwf-water-filter\/\" \/>\n<meta property=\"og:site_name\" content=\"Barrsell\" \/>\n<meta property=\"article:modified_time\" content=\"2024-11-29T09:53:35+00:00\" \/>\n<meta property=\"og:image\" content=\"https:\/\/barrsell.com\/wp-content\/uploads\/2024\/11\/Carel-MCWF-Su-Filtresi-1.png\" \/>\n\t<meta property=\"og:image:width\" content=\"1200\" \/>\n\t<meta property=\"og:image:height\" content=\"1200\" \/>\n\t<meta property=\"og:image:type\" content=\"image\/png\" \/>\n<meta name=\"twitter:card\" content=\"summary_large_image\" \/>\n<meta name=\"twitter:label1\" content=\"Est. reading time\" \/>\n\t<meta name=\"twitter:data1\" content=\"3 minutes\" \/>\n<script type=\"application\/ld+json\" class=\"yoast-schema-graph\">{\"@context\":\"https:\/\/schema.org\",\"@graph\":[{\"@type\":\"WebPage\",\"@id\":\"https:\/\/barrsell.com\/urun\/carel-mcwf-su-filtresi\/\",\"url\":\"https:\/\/barrsell.com\/urun\/carel-mcwf-su-filtresi\/\",\"name\":\"Carel MCWF Su Filtresi | Barrsell End\u00fcstri\",\"isPartOf\":{\"@id\":\"https:\/\/barrsell.com\/#website\"},\"primaryImageOfPage\":{\"@id\":\"https:\/\/barrsell.com\/urun\/carel-mcwf-su-filtresi\/#primaryimage\"},\"image\":{\"@id\":\"https:\/\/barrsell.com\/urun\/carel-mcwf-su-filtresi\/#primaryimage\"},\"thumbnailUrl\":\"https:\/\/barrsell.com\/wp-content\/uploads\/2024\/11\/Carel-MCWF-Su-Filtresi-1.png\",\"datePublished\":\"2024-11-01T06:50:16+00:00\",\"dateModified\":\"2024-11-29T09:53:35+00:00\",\"description\":\"Carel MCWF su filtresi, y\u00fcksek kalite standartlar\u0131nda \u00fcretilmi\u015f ve \u00f6zellikle HVAC (Is\u0131tma, Havaland\u0131rma ve \u0130klimlendirme) sistemlerinin uzun \u00f6m\u00fcrl\u00fc.\",\"breadcrumb\":{\"@id\":\"https:\/\/barrsell.com\/urun\/carel-mcwf-su-filtresi\/#breadcrumb\"},\"inLanguage\":\"en-US\",\"potentialAction\":[{\"@type\":\"ReadAction\",\"target\":[\"https:\/\/barrsell.com\/urun\/carel-mcwf-su-filtresi\/\"]}]},{\"@type\":\"ImageObject\",\"inLanguage\":\"en-US\",\"@id\":\"https:\/\/barrsell.com\/urun\/carel-mcwf-su-filtresi\/#primaryimage\",\"url\":\"https:\/\/barrsell.com\/wp-content\/uploads\/2024\/11\/Carel-MCWF-Su-Filtresi-1.png\",\"contentUrl\":\"https:\/\/barrsell.com\/wp-content\/uploads\/2024\/11\/Carel-MCWF-Su-Filtresi-1.png\",\"width\":1200,\"height\":1200,\"caption\":\"Carel MCWF Su Filtresi\"},{\"@type\":\"BreadcrumbList\",\"@id\":\"https:\/\/barrsell.com\/urun\/carel-mcwf-su-filtresi\/#breadcrumb\",\"itemListElement\":[{\"@type\":\"ListItem\",\"position\":1,\"name\":\"Home\",\"item\":\"https:\/\/barrsell.com\/\"},{\"@type\":\"ListItem\",\"position\":2,\"name\":\"\u00dcr\u00fcnler\",\"item\":\"https:\/\/barrsell.com\/en\/products\/\"},{\"@type\":\"ListItem\",\"position\":3,\"name\":\"Carel MCWF Su Filtresi\"}]},{\"@type\":\"WebSite\",\"@id\":\"https:\/\/barrsell.com\/#website\",\"url\":\"https:\/\/barrsell.com\/\",\"name\":\"Barrsell End\u00fcstri Makine\",\"description\":\"Teknolojiyle G\u00fc\u00e7lenen End\u00fcstriyel \u00c7\u00f6z\u00fcmler!\",\"potentialAction\":[{\"@type\":\"SearchAction\",\"target\":{\"@type\":\"EntryPoint\",\"urlTemplate\":\"https:\/\/barrsell.com\/?s={search_term_string}\"},\"query-input\":\"required name=search_term_string\"}],\"inLanguage\":\"en-US\"}]}<\/script>\n<!-- \/ Yoast SEO Premium plugin. -->","yoast_head_json":{"title":"Carel MCWF Su Filtresi | Barrsell End\u00fcstri","description":"Carel MCWF su filtresi, y\u00fcksek kalite standartlar\u0131nda \u00fcretilmi\u015f ve \u00f6zellikle HVAC (Is\u0131tma, Havaland\u0131rma ve \u0130klimlendirme) sistemlerinin uzun \u00f6m\u00fcrl\u00fc.","robots":{"index":"index","follow":"follow","max-snippet":"max-snippet:-1","max-image-preview":"max-image-preview:large","max-video-preview":"max-video-preview:-1"},"canonical":"https:\/\/barrsell.com\/en\/product\/carel-mcwf-water-filter\/","og_locale":"en_US","og_type":"article","og_title":"Carel MCWF Su Filtresi","og_description":"Carel MCWF su filtresi, y\u00fcksek kalite standartlar\u0131nda \u00fcretilmi\u015f ve \u00f6zellikle HVAC (Is\u0131tma, Havaland\u0131rma ve \u0130klimlendirme) sistemlerinin uzun \u00f6m\u00fcrl\u00fc.","og_url":"https:\/\/barrsell.com\/en\/product\/carel-mcwf-water-filter\/","og_site_name":"Barrsell","article_modified_time":"2024-11-29T09:53:35+00:00","og_image":[{"width":1200,"height":1200,"url":"https:\/\/barrsell.com\/wp-content\/uploads\/2024\/11\/Carel-MCWF-Su-Filtresi-1.png","type":"image\/png"}],"twitter_card":"summary_large_image","twitter_misc":{"Est. reading time":"3 minutes"},"schema":{"@context":"https:\/\/schema.org","@graph":[{"@type":"WebPage","@id":"https:\/\/barrsell.com\/urun\/carel-mcwf-su-filtresi\/","url":"https:\/\/barrsell.com\/urun\/carel-mcwf-su-filtresi\/","name":"Carel MCWF Su Filtresi | Barrsell End\u00fcstri","isPartOf":{"@id":"https:\/\/barrsell.com\/#website"},"primaryImageOfPage":{"@id":"https:\/\/barrsell.com\/urun\/carel-mcwf-su-filtresi\/#primaryimage"},"image":{"@id":"https:\/\/barrsell.com\/urun\/carel-mcwf-su-filtresi\/#primaryimage"},"thumbnailUrl":"https:\/\/barrsell.com\/wp-content\/uploads\/2024\/11\/Carel-MCWF-Su-Filtresi-1.png","datePublished":"2024-11-01T06:50:16+00:00","dateModified":"2024-11-29T09:53:35+00:00","description":"Carel MCWF su filtresi, y\u00fcksek kalite standartlar\u0131nda \u00fcretilmi\u015f ve \u00f6zellikle HVAC (Is\u0131tma, Havaland\u0131rma ve \u0130klimlendirme) sistemlerinin uzun \u00f6m\u00fcrl\u00fc.","breadcrumb":{"@id":"https:\/\/barrsell.com\/urun\/carel-mcwf-su-filtresi\/#breadcrumb"},"inLanguage":"en-US","potentialAction":[{"@type":"ReadAction","target":["https:\/\/barrsell.com\/urun\/carel-mcwf-su-filtresi\/"]}]},{"@type":"ImageObject","inLanguage":"en-US","@id":"https:\/\/barrsell.com\/urun\/carel-mcwf-su-filtresi\/#primaryimage","url":"https:\/\/barrsell.com\/wp-content\/uploads\/2024\/11\/Carel-MCWF-Su-Filtresi-1.png","contentUrl":"https:\/\/barrsell.com\/wp-content\/uploads\/2024\/11\/Carel-MCWF-Su-Filtresi-1.png","width":1200,"height":1200,"caption":"Carel MCWF Su Filtresi"},{"@type":"BreadcrumbList","@id":"https:\/\/barrsell.com\/urun\/carel-mcwf-su-filtresi\/#breadcrumb","itemListElement":[{"@type":"ListItem","position":1,"name":"Home","item":"https:\/\/barrsell.com\/"},{"@type":"ListItem","position":2,"name":"\u00dcr\u00fcnler","item":"https:\/\/barrsell.com\/en\/products\/"},{"@type":"ListItem","position":3,"name":"Carel MCWF Su Filtresi"}]},{"@type":"WebSite","@id":"https:\/\/barrsell.com\/#website","url":"https:\/\/barrsell.com\/","name":"Barrsell End\u00fcstri Makine","description":"Teknolojiyle G\u00fc\u00e7lenen End\u00fcstriyel \u00c7\u00f6z\u00fcmler!","potentialAction":[{"@type":"SearchAction","target":{"@type":"EntryPoint","urlTemplate":"https:\/\/barrsell.com\/?s={search_term_string}"},"query-input":"required name=search_term_string"}],"inLanguage":"en-US"}]}},"_links":{"self":[{"href":"https:\/\/barrsell.com\/en\/wp-json\/wp\/v2\/product\/17780","targetHints":{"allow":["GET"]}}],"collection":[{"href":"https:\/\/barrsell.com\/en\/wp-json\/wp\/v2\/product"}],"about":[{"href":"https:\/\/barrsell.com\/en\/wp-json\/wp\/v2\/types\/product"}],"version-history":[{"count":6,"href":"https:\/\/barrsell.com\/en\/wp-json\/wp\/v2\/product\/17780\/revisions"}],"predecessor-version":[{"id":18654,"href":"https:\/\/barrsell.com\/en\/wp-json\/wp\/v2\/product\/17780\/revisions\/18654"}],"wp:featuredmedia":[{"embeddable":true,"href":"https:\/\/barrsell.com\/en\/wp-json\/wp\/v2\/media\/17782"}],"wp:attachment":[{"href":"https:\/\/barrsell.com\/en\/wp-json\/wp\/v2\/media?parent=17780"}],"wp:term":[{"taxonomy":"product_cat","embeddable":true,"href":"https:\/\/barrsell.com\/en\/wp-json\/wp\/v2\/product_cat?post=17780"},{"taxonomy":"product_tag","embeddable":true,"href":"https:\/\/barrsell.com\/en\/wp-json\/wp\/v2\/product_tag?post=17780"}],"curies":[{"name":"wp","href":"https:\/\/api.w.org\/{rel}","templated":true}]}}