{"id":17772,"date":"2024-10-31T20:33:48","date_gmt":"2024-10-31T20:33:48","guid":{"rendered":"https:\/\/barrsell.com\/?post_type=product&#038;p=17772"},"modified":"2024-11-29T10:34:39","modified_gmt":"2024-11-29T10:34:39","slug":"carel-dpdc114000-nem-sensoru","status":"publish","type":"product","link":"https:\/\/barrsell.com\/en\/product\/carel-dpdc114000-humidity-sensor\/","title":{"rendered":"Carel DPDC114000 Nem Sens\u00f6r\u00fc"},"content":{"rendered":"<h2><strong>Carel DPDC114000 Humidity Sensor Spare Part:\u00a0<\/strong><\/h2>\n<p class=\" translation-block\">The Carel DPDC114000 Humidity Sensor is a high-quality sensor designed for precise monitoring of humidity levels in industrial and commercial applications. As a key component of humidity control systems, this sensor delivers effective performance in a variety of environments, improving energy efficiency and ensuring the reliability of the system. Here's the detailed information about the technical characteristics, advantages and application areas of Carel DPDC114000 Moisture Sensor<\/em>&lt;.<\/p>\n<h4><strong>Features<\/strong><\/h4>\n<table width=\"0\">\n<tbody>\n<tr>\n<td colspan=\"2\">Learn More<\/td>\n<\/tr>\n<tr>\n<td>Manufacturer<\/td>\n<td><a href=\"https:\/\/barrsell.com\/en\/kategoriler\/buhar-jeneratorleri-nemlendiriciler\/carel-buharli-nemlendirici\/\">Carel<\/a><\/td>\n<\/tr>\n<tr>\n<td>Product Type<\/td>\n<td>Humidification<\/td>\n<\/tr>\n<\/tbody>\n<\/table>\n<h4>Basic Technical Specifications<\/h4>\n<h4>1. <strong>high precision and accuracy<\/strong><\/h4>\n<ul>\n<li class=\" translation-block\"><strong>Nem Measurement Precision:<\/strong> <em>Carel DPDC114000<\/em> can measure humidity levels with an error margin of below 2%\u2019. In addition, this high sensitivity allows the correct monitoring of the humidity balance of the environment.<\/li>\n<li><strong>Wide Measuring Range:<\/strong> Sens\u00f6r, %0 ile %100 ba\u011f\u0131l nem aral\u0131\u011f\u0131nda \u00e7al\u0131\u015f\u0131r. Bundan dolay\u0131 geni\u015f \u00f6l\u00e7\u00fcm aral\u0131\u011f\u0131, farkl\u0131 uygulama ihtiya\u00e7lar\u0131na cevap verir.<\/li>\n<\/ul>\n<h4>2. <strong>Advanced Measurement Technology<\/strong><\/h4>\n<ul>\n<li class=\" translation-block\"><strong>Capacitive Measurement Principle:<\/strong> DPDC114000 detects humidity using capacitive measurement technology. Thus, this method increases the reliability of the system by offering high accuracy and stability.<\/li>\n<li class=\" translation-block\"><strong>Low Power Consumption:<\/strong> Sensor reduces energy costs by working with low energy consumption. It provides significant cost advantages to businesses, especially with long-term use.<\/li>\n<\/ul>\n<h4>3. <strong>Durable and Long Lasting Structure<\/strong><\/h4>\n<ul>\n<li class=\" translation-block\"><strong>Corrosion Resistant Material:<\/strong><em> Carel DPDC114000<\/em> is made of materials resistant to harsh conditions that may be encountered in industrial environments. In addition, this feature ensures the long life of the sensor.<\/li>\n<li class=\" translation-block\"><strong>Wide Temperature Range:<\/strong> Sensor is capable of operating in a wide temperature range from -20\u00b0C to +60\u00b0C. It also offers a reliable solution in different climatic conditions.<\/li>\n<\/ul>","protected":false},"excerpt":{"rendered":"<ul>\n<li>Moisture Measurement Precision<\/li>\n<li>Wide Measuring Range<\/li>\n<\/ul>","protected":false},"featured_media":17773,"template":"","meta":[],"product_cat":[136],"product_tag":[],"class_list":{"0":"post-17772","1":"product","2":"type-product","3":"status-publish","4":"has-post-thumbnail","6":"product_cat-carel-yedek-parcalari","8":"first","9":"instock","10":"shipping-taxable","11":"product-type-external"},"yoast_head":"<!-- This site is optimized with the Yoast SEO Premium plugin v23.2 (Yoast SEO v23.2) - https:\/\/yoast.com\/wordpress\/plugins\/seo\/ -->\n<title>Carel DPDC114000 Nem Sens\u00f6r\u00fc | Barrsell End\u00fcstri<\/title>\n<meta name=\"description\" content=\"Carel DPDC114000 Nem Sens\u00f6r\u00fc, end\u00fcstriyel ve ticari uygulamalarda nem seviyelerinin hassas bir \u015fekilde izlenmesi i\u00e7in tasarlanm\u0131\u015ft\u0131r.\" \/>\n<meta name=\"robots\" content=\"index, follow, max-snippet:-1, max-image-preview:large, max-video-preview:-1\" \/>\n<link rel=\"canonical\" href=\"https:\/\/barrsell.com\/en\/product\/carel-dpdc114000-humidity-sensor\/\" \/>\n<meta property=\"og:locale\" content=\"en_US\" \/>\n<meta property=\"og:type\" content=\"article\" \/>\n<meta property=\"og:title\" content=\"Carel DPDC114000 Nem Sens\u00f6r\u00fc\" \/>\n<meta property=\"og:description\" content=\"Carel DPDC114000 Nem Sens\u00f6r\u00fc, end\u00fcstriyel ve ticari uygulamalarda nem seviyelerinin hassas bir \u015fekilde izlenmesi i\u00e7in tasarlanm\u0131\u015ft\u0131r.\" \/>\n<meta property=\"og:url\" content=\"https:\/\/barrsell.com\/en\/product\/carel-dpdc114000-humidity-sensor\/\" \/>\n<meta property=\"og:site_name\" content=\"Barrsell\" \/>\n<meta property=\"article:modified_time\" content=\"2024-11-29T10:34:39+00:00\" \/>\n<meta property=\"og:image\" content=\"https:\/\/barrsell.com\/wp-content\/uploads\/2024\/10\/Carel-DPDC114000-Nem-Sensoru.png\" \/>\n\t<meta property=\"og:image:width\" content=\"1200\" \/>\n\t<meta property=\"og:image:height\" content=\"1200\" \/>\n\t<meta property=\"og:image:type\" content=\"image\/png\" \/>\n<meta name=\"twitter:card\" content=\"summary_large_image\" \/>\n<meta name=\"twitter:label1\" content=\"Est. reading time\" \/>\n\t<meta name=\"twitter:data1\" content=\"2 minutes\" \/>\n<script type=\"application\/ld+json\" class=\"yoast-schema-graph\">{\"@context\":\"https:\/\/schema.org\",\"@graph\":[{\"@type\":\"WebPage\",\"@id\":\"https:\/\/barrsell.com\/urun\/carel-dpdc114000-nem-sensoru\/\",\"url\":\"https:\/\/barrsell.com\/urun\/carel-dpdc114000-nem-sensoru\/\",\"name\":\"Carel DPDC114000 Nem Sens\u00f6r\u00fc | Barrsell End\u00fcstri\",\"isPartOf\":{\"@id\":\"https:\/\/barrsell.com\/#website\"},\"primaryImageOfPage\":{\"@id\":\"https:\/\/barrsell.com\/urun\/carel-dpdc114000-nem-sensoru\/#primaryimage\"},\"image\":{\"@id\":\"https:\/\/barrsell.com\/urun\/carel-dpdc114000-nem-sensoru\/#primaryimage\"},\"thumbnailUrl\":\"https:\/\/barrsell.com\/wp-content\/uploads\/2024\/10\/Carel-DPDC114000-Nem-Sensoru.png\",\"datePublished\":\"2024-10-31T20:33:48+00:00\",\"dateModified\":\"2024-11-29T10:34:39+00:00\",\"description\":\"Carel DPDC114000 Nem Sens\u00f6r\u00fc, end\u00fcstriyel ve ticari uygulamalarda nem seviyelerinin hassas bir \u015fekilde izlenmesi i\u00e7in tasarlanm\u0131\u015ft\u0131r.\",\"breadcrumb\":{\"@id\":\"https:\/\/barrsell.com\/urun\/carel-dpdc114000-nem-sensoru\/#breadcrumb\"},\"inLanguage\":\"en-US\",\"potentialAction\":[{\"@type\":\"ReadAction\",\"target\":[\"https:\/\/barrsell.com\/urun\/carel-dpdc114000-nem-sensoru\/\"]}]},{\"@type\":\"ImageObject\",\"inLanguage\":\"en-US\",\"@id\":\"https:\/\/barrsell.com\/urun\/carel-dpdc114000-nem-sensoru\/#primaryimage\",\"url\":\"https:\/\/barrsell.com\/wp-content\/uploads\/2024\/10\/Carel-DPDC114000-Nem-Sensoru.png\",\"contentUrl\":\"https:\/\/barrsell.com\/wp-content\/uploads\/2024\/10\/Carel-DPDC114000-Nem-Sensoru.png\",\"width\":1200,\"height\":1200,\"caption\":\"Carel DPDC114000 Nem Sens\u00f6r\u00fc\"},{\"@type\":\"BreadcrumbList\",\"@id\":\"https:\/\/barrsell.com\/urun\/carel-dpdc114000-nem-sensoru\/#breadcrumb\",\"itemListElement\":[{\"@type\":\"ListItem\",\"position\":1,\"name\":\"Home\",\"item\":\"https:\/\/barrsell.com\/\"},{\"@type\":\"ListItem\",\"position\":2,\"name\":\"\u00dcr\u00fcnler\",\"item\":\"https:\/\/barrsell.com\/en\/products\/\"},{\"@type\":\"ListItem\",\"position\":3,\"name\":\"Carel DPDC114000 Nem Sens\u00f6r\u00fc\"}]},{\"@type\":\"WebSite\",\"@id\":\"https:\/\/barrsell.com\/#website\",\"url\":\"https:\/\/barrsell.com\/\",\"name\":\"Barrsell End\u00fcstri Makine\",\"description\":\"Teknolojiyle G\u00fc\u00e7lenen End\u00fcstriyel \u00c7\u00f6z\u00fcmler!\",\"potentialAction\":[{\"@type\":\"SearchAction\",\"target\":{\"@type\":\"EntryPoint\",\"urlTemplate\":\"https:\/\/barrsell.com\/?s={search_term_string}\"},\"query-input\":\"required name=search_term_string\"}],\"inLanguage\":\"en-US\"}]}<\/script>\n<!-- \/ Yoast SEO Premium plugin. -->","yoast_head_json":{"title":"Carel DPDC114000 Nem Sens\u00f6r\u00fc | Barrsell End\u00fcstri","description":"Carel DPDC114000 Nem Sens\u00f6r\u00fc, end\u00fcstriyel ve ticari uygulamalarda nem seviyelerinin hassas bir \u015fekilde izlenmesi i\u00e7in tasarlanm\u0131\u015ft\u0131r.","robots":{"index":"index","follow":"follow","max-snippet":"max-snippet:-1","max-image-preview":"max-image-preview:large","max-video-preview":"max-video-preview:-1"},"canonical":"https:\/\/barrsell.com\/en\/product\/carel-dpdc114000-humidity-sensor\/","og_locale":"en_US","og_type":"article","og_title":"Carel DPDC114000 Nem Sens\u00f6r\u00fc","og_description":"Carel DPDC114000 Nem Sens\u00f6r\u00fc, end\u00fcstriyel ve ticari uygulamalarda nem seviyelerinin hassas bir \u015fekilde izlenmesi i\u00e7in tasarlanm\u0131\u015ft\u0131r.","og_url":"https:\/\/barrsell.com\/en\/product\/carel-dpdc114000-humidity-sensor\/","og_site_name":"Barrsell","article_modified_time":"2024-11-29T10:34:39+00:00","og_image":[{"width":1200,"height":1200,"url":"https:\/\/barrsell.com\/wp-content\/uploads\/2024\/10\/Carel-DPDC114000-Nem-Sensoru.png","type":"image\/png"}],"twitter_card":"summary_large_image","twitter_misc":{"Est. reading time":"2 minutes"},"schema":{"@context":"https:\/\/schema.org","@graph":[{"@type":"WebPage","@id":"https:\/\/barrsell.com\/urun\/carel-dpdc114000-nem-sensoru\/","url":"https:\/\/barrsell.com\/urun\/carel-dpdc114000-nem-sensoru\/","name":"Carel DPDC114000 Nem Sens\u00f6r\u00fc | Barrsell End\u00fcstri","isPartOf":{"@id":"https:\/\/barrsell.com\/#website"},"primaryImageOfPage":{"@id":"https:\/\/barrsell.com\/urun\/carel-dpdc114000-nem-sensoru\/#primaryimage"},"image":{"@id":"https:\/\/barrsell.com\/urun\/carel-dpdc114000-nem-sensoru\/#primaryimage"},"thumbnailUrl":"https:\/\/barrsell.com\/wp-content\/uploads\/2024\/10\/Carel-DPDC114000-Nem-Sensoru.png","datePublished":"2024-10-31T20:33:48+00:00","dateModified":"2024-11-29T10:34:39+00:00","description":"Carel DPDC114000 Nem Sens\u00f6r\u00fc, end\u00fcstriyel ve ticari uygulamalarda nem seviyelerinin hassas bir \u015fekilde izlenmesi i\u00e7in tasarlanm\u0131\u015ft\u0131r.","breadcrumb":{"@id":"https:\/\/barrsell.com\/urun\/carel-dpdc114000-nem-sensoru\/#breadcrumb"},"inLanguage":"en-US","potentialAction":[{"@type":"ReadAction","target":["https:\/\/barrsell.com\/urun\/carel-dpdc114000-nem-sensoru\/"]}]},{"@type":"ImageObject","inLanguage":"en-US","@id":"https:\/\/barrsell.com\/urun\/carel-dpdc114000-nem-sensoru\/#primaryimage","url":"https:\/\/barrsell.com\/wp-content\/uploads\/2024\/10\/Carel-DPDC114000-Nem-Sensoru.png","contentUrl":"https:\/\/barrsell.com\/wp-content\/uploads\/2024\/10\/Carel-DPDC114000-Nem-Sensoru.png","width":1200,"height":1200,"caption":"Carel DPDC114000 Nem Sens\u00f6r\u00fc"},{"@type":"BreadcrumbList","@id":"https:\/\/barrsell.com\/urun\/carel-dpdc114000-nem-sensoru\/#breadcrumb","itemListElement":[{"@type":"ListItem","position":1,"name":"Home","item":"https:\/\/barrsell.com\/"},{"@type":"ListItem","position":2,"name":"\u00dcr\u00fcnler","item":"https:\/\/barrsell.com\/en\/products\/"},{"@type":"ListItem","position":3,"name":"Carel DPDC114000 Nem Sens\u00f6r\u00fc"}]},{"@type":"WebSite","@id":"https:\/\/barrsell.com\/#website","url":"https:\/\/barrsell.com\/","name":"Barrsell End\u00fcstri Makine","description":"Teknolojiyle G\u00fc\u00e7lenen End\u00fcstriyel \u00c7\u00f6z\u00fcmler!","potentialAction":[{"@type":"SearchAction","target":{"@type":"EntryPoint","urlTemplate":"https:\/\/barrsell.com\/?s={search_term_string}"},"query-input":"required name=search_term_string"}],"inLanguage":"en-US"}]}},"_links":{"self":[{"href":"https:\/\/barrsell.com\/en\/wp-json\/wp\/v2\/product\/17772","targetHints":{"allow":["GET"]}}],"collection":[{"href":"https:\/\/barrsell.com\/en\/wp-json\/wp\/v2\/product"}],"about":[{"href":"https:\/\/barrsell.com\/en\/wp-json\/wp\/v2\/types\/product"}],"version-history":[{"count":6,"href":"https:\/\/barrsell.com\/en\/wp-json\/wp\/v2\/product\/17772\/revisions"}],"predecessor-version":[{"id":18661,"href":"https:\/\/barrsell.com\/en\/wp-json\/wp\/v2\/product\/17772\/revisions\/18661"}],"wp:featuredmedia":[{"embeddable":true,"href":"https:\/\/barrsell.com\/en\/wp-json\/wp\/v2\/media\/17773"}],"wp:attachment":[{"href":"https:\/\/barrsell.com\/en\/wp-json\/wp\/v2\/media?parent=17772"}],"wp:term":[{"taxonomy":"product_cat","embeddable":true,"href":"https:\/\/barrsell.com\/en\/wp-json\/wp\/v2\/product_cat?post=17772"},{"taxonomy":"product_tag","embeddable":true,"href":"https:\/\/barrsell.com\/en\/wp-json\/wp\/v2\/product_tag?post=17772"}],"curies":[{"name":"wp","href":"https:\/\/api.w.org\/{rel}","templated":true}]}}