{"id":17768,"date":"2024-10-31T20:30:16","date_gmt":"2024-10-31T20:30:16","guid":{"rendered":"https:\/\/barrsell.com\/?post_type=product&#038;p=17768"},"modified":"2024-11-29T10:46:11","modified_gmt":"2024-11-29T10:46:11","slug":"carel-dpdc111000-nem-sensoru","status":"publish","type":"product","link":"https:\/\/barrsell.com\/en\/product\/carel-dpdc111000-humidity-sensor\/","title":{"rendered":"Carel DPDC111000 Nem Sens\u00f6r\u00fc"},"content":{"rendered":"<h2><strong>Carel DPDC111000 Humidity Sensor Spare Part<\/strong><\/h2>\n<p>The Carel DPDC111000 Humidity Sensor is designed as an effective part of humidity control systems to precisely monitor and control humidity levels in industrial and commercial applications. Offering particularly high performance and reliability, this sensor provides optimum humidity control in a variety of environments and conditions. Here is detailed information about the Carel DPDC111000 Moisture Sensor technical specifications, advantages and application areas.<\/p>\n<h4><strong>Features<\/strong><\/h4>\n<table width=\"0\">\n<tbody>\n<tr>\n<td colspan=\"2\">Learn More<\/td>\n<\/tr>\n<tr>\n<td>Manufacturer<\/td>\n<td><a href=\"https:\/\/barrsell.com\/en\/kategoriler\/buhar-jeneratorleri-nemlendiriciler\/carel-buharli-nemlendirici\/\">Carel<\/a><\/td>\n<\/tr>\n<tr>\n<td>Product Type<\/td>\n<td>Humidification<\/td>\n<\/tr>\n<tr>\n<td>Product Length<\/td>\n<td>13,25 in\u00e7 (33,655 cm)<\/td>\n<\/tr>\n<tr>\n<td>Product Width<\/td>\n<td>4,75 in\u00e7 (12,065 cm)<\/td>\n<\/tr>\n<tr>\n<td>Product Height<\/td>\n<td>3,85 in\u00e7 (9,779 cm)<\/td>\n<\/tr>\n<tr>\n<td>Product Weight<\/td>\n<td>0,51 lbs (0,231 kg)<\/td>\n<\/tr>\n<tr>\n<td>Shipping Length<\/td>\n<td>14,2 in\u00e7 (36,068 cm)<\/td>\n<\/tr>\n<tr>\n<td>Transmission Width<\/td>\n<td>5,8 in\u00e7 (14,732 cm)<\/td>\n<\/tr>\n<tr>\n<td>Transportation Height<\/td>\n<td>5,6 in\u00e7 (14,224 cm)<\/td>\n<\/tr>\n<\/tbody>\n<\/table>\n<h4>Basic Technical Specifications<\/h4>\n<h4>1. <strong>high precision and accuracy<\/strong><\/h4>\n<ul>\n<li class=\" translation-block\"><strong>Nem Measurement Precision:<\/strong> Carel DPDC111000 can measure humidity levels with \u00b12% accuracy. In addition, this feature allows the correct monitoring of the humidity balance of the environment.<\/li>\n<li><strong>Wide Measuring Range:<\/strong> <em>Carel Nem Sens\u00f6r\u00fc<\/em>, %0 ile %100 ba\u011f\u0131l nem aral\u0131\u011f\u0131nda \u00e7al\u0131\u015fabilmektedir. Bu \u00f6zellikle farkl\u0131 uygulama ihtiya\u00e7lar\u0131na uygun kullan\u0131m sa\u011flar.<\/li>\n<\/ul>\n<h4>2. <strong>Advanced Measurement Technology<\/strong><\/h4>\n<ul>\n<li><strong>Capacitive Measurement Principle:<\/strong> The DPDC111000 detects humidity, primarily using capacitive measuring technology. This method ensures high accuracy and stability, thereby increasing the reliability of the system.<\/li>\n<li><strong>Low power consumption:<\/strong> The sensor is designed to provide energy efficiency and also works with low power consumption. Therefore, it reduces energy costs in long-term use.<\/li>\n<\/ul>\n<h4>3. <strong>Durable and Long Lasting Structure<\/strong><\/h4>\n<ul>\n<li><strong>Corrosion Resistant Material:<\/strong> The sensor is made of particularly high-quality material that is resistant to the harsh conditions it may encounter in industrial environments. This ensures long life and reliability of the sensor.<\/li>\n<li><strong>Various Temperature Conditions:<\/strong> The DPDC111000 is capable of operating in a wide temperature range from -20\u00b0C to +60\u00b0C. This makes it a reliable solution in various climatic conditions.<\/li>\n<\/ul>","protected":false},"excerpt":{"rendered":"<ul>\n<li>Moisture Measurement Precision<\/li>\n<li>Wide Measuring Range<\/li>\n<\/ul>","protected":false},"featured_media":17769,"template":"","meta":[],"product_cat":[136],"product_tag":[],"class_list":{"0":"post-17768","1":"product","2":"type-product","3":"status-publish","4":"has-post-thumbnail","6":"product_cat-carel-yedek-parcalari","8":"first","9":"instock","10":"shipping-taxable","11":"product-type-external"},"yoast_head":"<!-- This site is optimized with the Yoast SEO Premium plugin v23.2 (Yoast SEO v23.2) - https:\/\/yoast.com\/wordpress\/plugins\/seo\/ -->\n<title>Carel DPDC111000 Nem Sens\u00f6r\u00fc | Barrsell End\u00fcstri<\/title>\n<meta name=\"description\" content=\"Carel DPDC111000 Nem Sens\u00f6r\u00fc, end\u00fcstriyel ve ticari uygulamalarda nem seviyelerini hassas bir \u015fekilde izlemek ve kontrol etmek i\u00e7in tasarlanm\u0131\u015ft\u0131r.\" \/>\n<meta name=\"robots\" content=\"index, follow, max-snippet:-1, max-image-preview:large, max-video-preview:-1\" \/>\n<link rel=\"canonical\" href=\"https:\/\/barrsell.com\/en\/product\/carel-dpdc111000-humidity-sensor\/\" \/>\n<meta property=\"og:locale\" content=\"en_US\" \/>\n<meta property=\"og:type\" content=\"article\" \/>\n<meta property=\"og:title\" content=\"Carel DPDC111000 Nem Sens\u00f6r\u00fc\" \/>\n<meta property=\"og:description\" content=\"Carel DPDC111000 Nem Sens\u00f6r\u00fc, end\u00fcstriyel ve ticari uygulamalarda nem seviyelerini hassas bir \u015fekilde izlemek ve kontrol etmek i\u00e7in tasarlanm\u0131\u015ft\u0131r.\" \/>\n<meta property=\"og:url\" content=\"https:\/\/barrsell.com\/en\/product\/carel-dpdc111000-humidity-sensor\/\" \/>\n<meta property=\"og:site_name\" content=\"Barrsell\" \/>\n<meta property=\"article:modified_time\" content=\"2024-11-29T10:46:11+00:00\" \/>\n<meta property=\"og:image\" content=\"https:\/\/barrsell.com\/wp-content\/uploads\/2024\/10\/Carel-DPDC111000-Nem-Sensoru.png\" \/>\n\t<meta property=\"og:image:width\" content=\"1200\" \/>\n\t<meta property=\"og:image:height\" content=\"1200\" \/>\n\t<meta property=\"og:image:type\" content=\"image\/png\" \/>\n<meta name=\"twitter:card\" content=\"summary_large_image\" \/>\n<meta name=\"twitter:label1\" content=\"Est. reading time\" \/>\n\t<meta name=\"twitter:data1\" content=\"2 minutes\" \/>\n<script type=\"application\/ld+json\" class=\"yoast-schema-graph\">{\"@context\":\"https:\/\/schema.org\",\"@graph\":[{\"@type\":\"WebPage\",\"@id\":\"https:\/\/barrsell.com\/urun\/carel-dpdc111000-nem-sensoru\/\",\"url\":\"https:\/\/barrsell.com\/urun\/carel-dpdc111000-nem-sensoru\/\",\"name\":\"Carel DPDC111000 Nem Sens\u00f6r\u00fc | Barrsell End\u00fcstri\",\"isPartOf\":{\"@id\":\"https:\/\/barrsell.com\/#website\"},\"primaryImageOfPage\":{\"@id\":\"https:\/\/barrsell.com\/urun\/carel-dpdc111000-nem-sensoru\/#primaryimage\"},\"image\":{\"@id\":\"https:\/\/barrsell.com\/urun\/carel-dpdc111000-nem-sensoru\/#primaryimage\"},\"thumbnailUrl\":\"https:\/\/barrsell.com\/wp-content\/uploads\/2024\/10\/Carel-DPDC111000-Nem-Sensoru.png\",\"datePublished\":\"2024-10-31T20:30:16+00:00\",\"dateModified\":\"2024-11-29T10:46:11+00:00\",\"description\":\"Carel DPDC111000 Nem Sens\u00f6r\u00fc, end\u00fcstriyel ve ticari uygulamalarda nem seviyelerini hassas bir \u015fekilde izlemek ve kontrol etmek i\u00e7in tasarlanm\u0131\u015ft\u0131r.\",\"breadcrumb\":{\"@id\":\"https:\/\/barrsell.com\/urun\/carel-dpdc111000-nem-sensoru\/#breadcrumb\"},\"inLanguage\":\"en-US\",\"potentialAction\":[{\"@type\":\"ReadAction\",\"target\":[\"https:\/\/barrsell.com\/urun\/carel-dpdc111000-nem-sensoru\/\"]}]},{\"@type\":\"ImageObject\",\"inLanguage\":\"en-US\",\"@id\":\"https:\/\/barrsell.com\/urun\/carel-dpdc111000-nem-sensoru\/#primaryimage\",\"url\":\"https:\/\/barrsell.com\/wp-content\/uploads\/2024\/10\/Carel-DPDC111000-Nem-Sensoru.png\",\"contentUrl\":\"https:\/\/barrsell.com\/wp-content\/uploads\/2024\/10\/Carel-DPDC111000-Nem-Sensoru.png\",\"width\":1200,\"height\":1200,\"caption\":\"Carel DPDC111000 Nem Sens\u00f6r\u00fc\"},{\"@type\":\"BreadcrumbList\",\"@id\":\"https:\/\/barrsell.com\/urun\/carel-dpdc111000-nem-sensoru\/#breadcrumb\",\"itemListElement\":[{\"@type\":\"ListItem\",\"position\":1,\"name\":\"Home\",\"item\":\"https:\/\/barrsell.com\/\"},{\"@type\":\"ListItem\",\"position\":2,\"name\":\"\u00dcr\u00fcnler\",\"item\":\"https:\/\/barrsell.com\/en\/products\/\"},{\"@type\":\"ListItem\",\"position\":3,\"name\":\"Carel DPDC111000 Nem Sens\u00f6r\u00fc\"}]},{\"@type\":\"WebSite\",\"@id\":\"https:\/\/barrsell.com\/#website\",\"url\":\"https:\/\/barrsell.com\/\",\"name\":\"Barrsell End\u00fcstri Makine\",\"description\":\"Teknolojiyle G\u00fc\u00e7lenen End\u00fcstriyel \u00c7\u00f6z\u00fcmler!\",\"potentialAction\":[{\"@type\":\"SearchAction\",\"target\":{\"@type\":\"EntryPoint\",\"urlTemplate\":\"https:\/\/barrsell.com\/?s={search_term_string}\"},\"query-input\":\"required name=search_term_string\"}],\"inLanguage\":\"en-US\"}]}<\/script>\n<!-- \/ Yoast SEO Premium plugin. -->","yoast_head_json":{"title":"Carel DPDC111000 Nem Sens\u00f6r\u00fc | Barrsell End\u00fcstri","description":"Carel DPDC111000 Nem Sens\u00f6r\u00fc, end\u00fcstriyel ve ticari uygulamalarda nem seviyelerini hassas bir \u015fekilde izlemek ve kontrol etmek i\u00e7in tasarlanm\u0131\u015ft\u0131r.","robots":{"index":"index","follow":"follow","max-snippet":"max-snippet:-1","max-image-preview":"max-image-preview:large","max-video-preview":"max-video-preview:-1"},"canonical":"https:\/\/barrsell.com\/en\/product\/carel-dpdc111000-humidity-sensor\/","og_locale":"en_US","og_type":"article","og_title":"Carel DPDC111000 Nem Sens\u00f6r\u00fc","og_description":"Carel DPDC111000 Nem Sens\u00f6r\u00fc, end\u00fcstriyel ve ticari uygulamalarda nem seviyelerini hassas bir \u015fekilde izlemek ve kontrol etmek i\u00e7in tasarlanm\u0131\u015ft\u0131r.","og_url":"https:\/\/barrsell.com\/en\/product\/carel-dpdc111000-humidity-sensor\/","og_site_name":"Barrsell","article_modified_time":"2024-11-29T10:46:11+00:00","og_image":[{"width":1200,"height":1200,"url":"https:\/\/barrsell.com\/wp-content\/uploads\/2024\/10\/Carel-DPDC111000-Nem-Sensoru.png","type":"image\/png"}],"twitter_card":"summary_large_image","twitter_misc":{"Est. reading time":"2 minutes"},"schema":{"@context":"https:\/\/schema.org","@graph":[{"@type":"WebPage","@id":"https:\/\/barrsell.com\/urun\/carel-dpdc111000-nem-sensoru\/","url":"https:\/\/barrsell.com\/urun\/carel-dpdc111000-nem-sensoru\/","name":"Carel DPDC111000 Nem Sens\u00f6r\u00fc | Barrsell End\u00fcstri","isPartOf":{"@id":"https:\/\/barrsell.com\/#website"},"primaryImageOfPage":{"@id":"https:\/\/barrsell.com\/urun\/carel-dpdc111000-nem-sensoru\/#primaryimage"},"image":{"@id":"https:\/\/barrsell.com\/urun\/carel-dpdc111000-nem-sensoru\/#primaryimage"},"thumbnailUrl":"https:\/\/barrsell.com\/wp-content\/uploads\/2024\/10\/Carel-DPDC111000-Nem-Sensoru.png","datePublished":"2024-10-31T20:30:16+00:00","dateModified":"2024-11-29T10:46:11+00:00","description":"Carel DPDC111000 Nem Sens\u00f6r\u00fc, end\u00fcstriyel ve ticari uygulamalarda nem seviyelerini hassas bir \u015fekilde izlemek ve kontrol etmek i\u00e7in tasarlanm\u0131\u015ft\u0131r.","breadcrumb":{"@id":"https:\/\/barrsell.com\/urun\/carel-dpdc111000-nem-sensoru\/#breadcrumb"},"inLanguage":"en-US","potentialAction":[{"@type":"ReadAction","target":["https:\/\/barrsell.com\/urun\/carel-dpdc111000-nem-sensoru\/"]}]},{"@type":"ImageObject","inLanguage":"en-US","@id":"https:\/\/barrsell.com\/urun\/carel-dpdc111000-nem-sensoru\/#primaryimage","url":"https:\/\/barrsell.com\/wp-content\/uploads\/2024\/10\/Carel-DPDC111000-Nem-Sensoru.png","contentUrl":"https:\/\/barrsell.com\/wp-content\/uploads\/2024\/10\/Carel-DPDC111000-Nem-Sensoru.png","width":1200,"height":1200,"caption":"Carel DPDC111000 Nem Sens\u00f6r\u00fc"},{"@type":"BreadcrumbList","@id":"https:\/\/barrsell.com\/urun\/carel-dpdc111000-nem-sensoru\/#breadcrumb","itemListElement":[{"@type":"ListItem","position":1,"name":"Home","item":"https:\/\/barrsell.com\/"},{"@type":"ListItem","position":2,"name":"\u00dcr\u00fcnler","item":"https:\/\/barrsell.com\/en\/products\/"},{"@type":"ListItem","position":3,"name":"Carel DPDC111000 Nem Sens\u00f6r\u00fc"}]},{"@type":"WebSite","@id":"https:\/\/barrsell.com\/#website","url":"https:\/\/barrsell.com\/","name":"Barrsell End\u00fcstri Makine","description":"Teknolojiyle G\u00fc\u00e7lenen End\u00fcstriyel \u00c7\u00f6z\u00fcmler!","potentialAction":[{"@type":"SearchAction","target":{"@type":"EntryPoint","urlTemplate":"https:\/\/barrsell.com\/?s={search_term_string}"},"query-input":"required name=search_term_string"}],"inLanguage":"en-US"}]}},"_links":{"self":[{"href":"https:\/\/barrsell.com\/en\/wp-json\/wp\/v2\/product\/17768","targetHints":{"allow":["GET"]}}],"collection":[{"href":"https:\/\/barrsell.com\/en\/wp-json\/wp\/v2\/product"}],"about":[{"href":"https:\/\/barrsell.com\/en\/wp-json\/wp\/v2\/types\/product"}],"version-history":[{"count":5,"href":"https:\/\/barrsell.com\/en\/wp-json\/wp\/v2\/product\/17768\/revisions"}],"predecessor-version":[{"id":18669,"href":"https:\/\/barrsell.com\/en\/wp-json\/wp\/v2\/product\/17768\/revisions\/18669"}],"wp:featuredmedia":[{"embeddable":true,"href":"https:\/\/barrsell.com\/en\/wp-json\/wp\/v2\/media\/17769"}],"wp:attachment":[{"href":"https:\/\/barrsell.com\/en\/wp-json\/wp\/v2\/media?parent=17768"}],"wp:term":[{"taxonomy":"product_cat","embeddable":true,"href":"https:\/\/barrsell.com\/en\/wp-json\/wp\/v2\/product_cat?post=17768"},{"taxonomy":"product_tag","embeddable":true,"href":"https:\/\/barrsell.com\/en\/wp-json\/wp\/v2\/product_tag?post=17768"}],"curies":[{"name":"wp","href":"https:\/\/api.w.org\/{rel}","templated":true}]}}