{"id":17761,"date":"2024-10-31T20:22:46","date_gmt":"2024-10-31T20:22:46","guid":{"rendered":"https:\/\/barrsell.com\/?post_type=product&#038;p=17761"},"modified":"2024-11-29T11:59:23","modified_gmt":"2024-11-29T11:59:23","slug":"carel-dpdc110000-nem-sensoru","status":"publish","type":"product","link":"https:\/\/barrsell.com\/en\/product\/carel-dpdc110000-humidity-sensor\/","title":{"rendered":"Carel DPDC110000 Humidity Sensor"},"content":{"rendered":"<h2><strong>Carel DPDC110000 Humidity Sensor Spare Part: Technical Specifications and Performance Advantages<\/strong><\/h2>\n<p>The Carel DPDC110000 Humidity Sensor is a critical component of humidity control systems. Especially in industrial and commercial areas, it is designed to accurately monitor and control the humidity level in the environment. This sensor saves energy by improving the efficiency of humidification and ventilation systems. Here is detailed information about the technical characteristics and benefits of the Carel DPDC110000 Moisture Sensor.<\/p>\n<h4><strong>Features<\/strong><\/h4>\n<table width=\"0\">\n<tbody>\n<tr>\n<td colspan=\"2\">Learn More<\/td>\n<\/tr>\n<tr>\n<td>Manufacturer<\/td>\n<td>Carel<\/td>\n<\/tr>\n<tr>\n<td>Product Type<\/td>\n<td><a href=\"https:\/\/barrsell.com\/en\/kategoriler\/buhar-jeneratorleri-nemlendiriciler\/carel-buharli-nemlendirici\/\">Humidification<\/a><\/td>\n<\/tr>\n<tr>\n<td>Product Length<\/td>\n<td>13,4 in\u00e7 (34,036 cm)<\/td>\n<\/tr>\n<tr>\n<td>Product Width<\/td>\n<td>4,7 in\u00e7 (11,938 cm)<\/td>\n<\/tr>\n<tr>\n<td>Product Height<\/td>\n<td>4 in\u00e7 (10,160 cm)<\/td>\n<\/tr>\n<tr>\n<td>Product Weight<\/td>\n<td>0,485 lbs (0,220 kg)<\/td>\n<\/tr>\n<tr>\n<td>Shipping Length<\/td>\n<td>14,25 in\u00e7 (36,195 cm)<\/td>\n<\/tr>\n<tr>\n<td>Transmission Width<\/td>\n<td>5,85 in\u00e7 (14,859 cm)<\/td>\n<\/tr>\n<tr>\n<td>Transportation Height<\/td>\n<td>5,65 in\u00e7 (14,351 cm)<\/td>\n<\/tr>\n<\/tbody>\n<\/table>\n<h4>Basic Technical Specifications<\/h4>\n<h4>1. <strong>High sensitivity<\/strong><\/h4>\n<ul>\n<li class=\" translation-block\"><strong>Nem Measurement Precision:<\/strong> Carel DPDC110000 measures humidity levels with a high precision, such as \u00b12. Therefore, this allows the humidity in the environment to be accurately monitored and also controlled.<\/li>\n<li><strong>Wide Measuring Range:<\/strong> Sens\u00f6r, %0 ile %100 ba\u011f\u0131l nem aral\u0131\u011f\u0131nda \u00e7al\u0131\u015fabilme kapasitesine sahiptir. Ayn\u0131 zamanda\u00a0 \u00e7e\u015fitli uygulama alanlar\u0131nda kullan\u0131lmas\u0131n\u0131 sa\u011flar.<\/li>\n<\/ul>\n<h4>2. <strong>Advanced Sensor Technology<\/strong><\/h4>\n<ul>\n<li class=\" translation-block\"><strong>Capacitive Measurement Principle:<\/strong><em> Carel sensor<\/em> detects humidity levels using the capacitive measurement principle. In addition, the technology offers high accuracy and stability.<\/li>\n<li class=\" translation-block\"><strong>Low Energy Consumption:<\/strong> DPDC110000 reduces operating costs by working with low energy consumption. Thus, it saves energy in long-term use.<\/li>\n<\/ul>\n<h4>3. <strong>Durable construction<\/strong><\/h4>\n<ul>\n<li class=\" translation-block\"><strong>Corrosion Resistant Material:<\/strong> The sensor is designed to withstand the harsh conditions one may encounter in industrial environments and is also made of high-quality material. This feature ensures the long life of the sensor.<\/li>\n<li class=\" translation-block\"><strong>Various Working Conditions:<\/strong> DPDC110000 can work in a wide temperature range (usually - \u00b020+C to \u00b060C). This makes it a reliable solution in different climatic conditions.<\/li>\n<\/ul>\n<div id=\"product.attributes\" class=\"data item content\" role=\"tabpanel\" data-role=\"content\" aria-labelledby=\"tab-label-product.attributes\" aria-hidden=\"false\">\n<div class=\"additional-attributes-wrapper table-wrapper\"><\/div>\n<\/div>","protected":false},"excerpt":{"rendered":"<ul>\n<li>Moisture Measurement Precision<\/li>\n<li>Wide Measuring Range<\/li>\n<\/ul>","protected":false},"featured_media":17762,"template":"","meta":[],"product_cat":[136],"product_tag":[],"class_list":{"0":"post-17761","1":"product","2":"type-product","3":"status-publish","4":"has-post-thumbnail","6":"product_cat-carel-yedek-parcalari","8":"first","9":"instock","10":"shipping-taxable","11":"product-type-external"},"yoast_head":"<!-- This site is optimized with the Yoast SEO Premium plugin v23.2 (Yoast SEO v23.2) - https:\/\/yoast.com\/wordpress\/plugins\/seo\/ -->\n<title>Carel DPDC110000 Nem Sens\u00f6r\u00fc | Barrsell End\u00fcstri<\/title>\n<meta name=\"description\" content=\"Carel DPDC110000 Nem Sens\u00f6r\u00fc, End\u00fcstriyel ve ticari alanlarda, ortamdaki nem seviyesini do\u011fru bir \u015fekilde izlemek ve kontrol etmek i\u00e7in tasarlanm\u0131\u015ft\u0131r.\" \/>\n<meta name=\"robots\" content=\"index, follow, max-snippet:-1, max-image-preview:large, max-video-preview:-1\" \/>\n<link rel=\"canonical\" href=\"https:\/\/barrsell.com\/en\/product\/carel-dpdc110000-humidity-sensor\/\" \/>\n<meta property=\"og:locale\" content=\"en_US\" \/>\n<meta property=\"og:type\" content=\"article\" \/>\n<meta property=\"og:title\" content=\"Carel DPDC110000 Nem Sens\u00f6r\u00fc\" \/>\n<meta property=\"og:description\" content=\"Carel DPDC110000 Nem Sens\u00f6r\u00fc, End\u00fcstriyel ve ticari alanlarda, ortamdaki nem seviyesini do\u011fru bir \u015fekilde izlemek ve kontrol etmek i\u00e7in tasarlanm\u0131\u015ft\u0131r.\" \/>\n<meta property=\"og:url\" content=\"https:\/\/barrsell.com\/en\/product\/carel-dpdc110000-humidity-sensor\/\" \/>\n<meta property=\"og:site_name\" content=\"Barrsell\" \/>\n<meta property=\"article:modified_time\" content=\"2024-11-29T11:59:23+00:00\" \/>\n<meta property=\"og:image\" content=\"https:\/\/barrsell.com\/wp-content\/uploads\/2024\/10\/Carel-DPDC110000-Nem-Sensoru.png\" \/>\n\t<meta property=\"og:image:width\" content=\"1200\" \/>\n\t<meta property=\"og:image:height\" content=\"1200\" \/>\n\t<meta property=\"og:image:type\" content=\"image\/png\" \/>\n<meta name=\"twitter:card\" content=\"summary_large_image\" \/>\n<meta name=\"twitter:label1\" content=\"Est. reading time\" \/>\n\t<meta name=\"twitter:data1\" content=\"2 minutes\" \/>\n<script type=\"application\/ld+json\" class=\"yoast-schema-graph\">{\"@context\":\"https:\/\/schema.org\",\"@graph\":[{\"@type\":\"WebPage\",\"@id\":\"https:\/\/barrsell.com\/urun\/carel-dpdc110000-nem-sensoru\/\",\"url\":\"https:\/\/barrsell.com\/urun\/carel-dpdc110000-nem-sensoru\/\",\"name\":\"Carel DPDC110000 Nem Sens\u00f6r\u00fc | Barrsell End\u00fcstri\",\"isPartOf\":{\"@id\":\"https:\/\/barrsell.com\/#website\"},\"primaryImageOfPage\":{\"@id\":\"https:\/\/barrsell.com\/urun\/carel-dpdc110000-nem-sensoru\/#primaryimage\"},\"image\":{\"@id\":\"https:\/\/barrsell.com\/urun\/carel-dpdc110000-nem-sensoru\/#primaryimage\"},\"thumbnailUrl\":\"https:\/\/barrsell.com\/wp-content\/uploads\/2024\/10\/Carel-DPDC110000-Nem-Sensoru.png\",\"datePublished\":\"2024-10-31T20:22:46+00:00\",\"dateModified\":\"2024-11-29T11:59:23+00:00\",\"description\":\"Carel DPDC110000 Nem Sens\u00f6r\u00fc, End\u00fcstriyel ve ticari alanlarda, ortamdaki nem seviyesini do\u011fru bir \u015fekilde izlemek ve kontrol etmek i\u00e7in tasarlanm\u0131\u015ft\u0131r.\",\"breadcrumb\":{\"@id\":\"https:\/\/barrsell.com\/urun\/carel-dpdc110000-nem-sensoru\/#breadcrumb\"},\"inLanguage\":\"en-US\",\"potentialAction\":[{\"@type\":\"ReadAction\",\"target\":[\"https:\/\/barrsell.com\/urun\/carel-dpdc110000-nem-sensoru\/\"]}]},{\"@type\":\"ImageObject\",\"inLanguage\":\"en-US\",\"@id\":\"https:\/\/barrsell.com\/urun\/carel-dpdc110000-nem-sensoru\/#primaryimage\",\"url\":\"https:\/\/barrsell.com\/wp-content\/uploads\/2024\/10\/Carel-DPDC110000-Nem-Sensoru.png\",\"contentUrl\":\"https:\/\/barrsell.com\/wp-content\/uploads\/2024\/10\/Carel-DPDC110000-Nem-Sensoru.png\",\"width\":1200,\"height\":1200,\"caption\":\"Carel DPDC110000 Nem Sens\u00f6r\u00fc\"},{\"@type\":\"BreadcrumbList\",\"@id\":\"https:\/\/barrsell.com\/urun\/carel-dpdc110000-nem-sensoru\/#breadcrumb\",\"itemListElement\":[{\"@type\":\"ListItem\",\"position\":1,\"name\":\"Home\",\"item\":\"https:\/\/barrsell.com\/\"},{\"@type\":\"ListItem\",\"position\":2,\"name\":\"\u00dcr\u00fcnler\",\"item\":\"https:\/\/barrsell.com\/en\/products\/\"},{\"@type\":\"ListItem\",\"position\":3,\"name\":\"Carel DPDC110000 Nem Sens\u00f6r\u00fc\"}]},{\"@type\":\"WebSite\",\"@id\":\"https:\/\/barrsell.com\/#website\",\"url\":\"https:\/\/barrsell.com\/\",\"name\":\"Barrsell End\u00fcstri Makine\",\"description\":\"Teknolojiyle G\u00fc\u00e7lenen End\u00fcstriyel \u00c7\u00f6z\u00fcmler!\",\"potentialAction\":[{\"@type\":\"SearchAction\",\"target\":{\"@type\":\"EntryPoint\",\"urlTemplate\":\"https:\/\/barrsell.com\/?s={search_term_string}\"},\"query-input\":\"required name=search_term_string\"}],\"inLanguage\":\"en-US\"}]}<\/script>\n<!-- \/ Yoast SEO Premium plugin. -->","yoast_head_json":{"title":"Carel DPDC110000 Nem Sens\u00f6r\u00fc | Barrsell End\u00fcstri","description":"Carel DPDC110000 Nem Sens\u00f6r\u00fc, End\u00fcstriyel ve ticari alanlarda, ortamdaki nem seviyesini do\u011fru bir \u015fekilde izlemek ve kontrol etmek i\u00e7in tasarlanm\u0131\u015ft\u0131r.","robots":{"index":"index","follow":"follow","max-snippet":"max-snippet:-1","max-image-preview":"max-image-preview:large","max-video-preview":"max-video-preview:-1"},"canonical":"https:\/\/barrsell.com\/en\/product\/carel-dpdc110000-humidity-sensor\/","og_locale":"en_US","og_type":"article","og_title":"Carel DPDC110000 Nem Sens\u00f6r\u00fc","og_description":"Carel DPDC110000 Nem Sens\u00f6r\u00fc, End\u00fcstriyel ve ticari alanlarda, ortamdaki nem seviyesini do\u011fru bir \u015fekilde izlemek ve kontrol etmek i\u00e7in tasarlanm\u0131\u015ft\u0131r.","og_url":"https:\/\/barrsell.com\/en\/product\/carel-dpdc110000-humidity-sensor\/","og_site_name":"Barrsell","article_modified_time":"2024-11-29T11:59:23+00:00","og_image":[{"width":1200,"height":1200,"url":"https:\/\/barrsell.com\/wp-content\/uploads\/2024\/10\/Carel-DPDC110000-Nem-Sensoru.png","type":"image\/png"}],"twitter_card":"summary_large_image","twitter_misc":{"Est. reading time":"2 minutes"},"schema":{"@context":"https:\/\/schema.org","@graph":[{"@type":"WebPage","@id":"https:\/\/barrsell.com\/urun\/carel-dpdc110000-nem-sensoru\/","url":"https:\/\/barrsell.com\/urun\/carel-dpdc110000-nem-sensoru\/","name":"Carel DPDC110000 Nem Sens\u00f6r\u00fc | Barrsell End\u00fcstri","isPartOf":{"@id":"https:\/\/barrsell.com\/#website"},"primaryImageOfPage":{"@id":"https:\/\/barrsell.com\/urun\/carel-dpdc110000-nem-sensoru\/#primaryimage"},"image":{"@id":"https:\/\/barrsell.com\/urun\/carel-dpdc110000-nem-sensoru\/#primaryimage"},"thumbnailUrl":"https:\/\/barrsell.com\/wp-content\/uploads\/2024\/10\/Carel-DPDC110000-Nem-Sensoru.png","datePublished":"2024-10-31T20:22:46+00:00","dateModified":"2024-11-29T11:59:23+00:00","description":"Carel DPDC110000 Nem Sens\u00f6r\u00fc, End\u00fcstriyel ve ticari alanlarda, ortamdaki nem seviyesini do\u011fru bir \u015fekilde izlemek ve kontrol etmek i\u00e7in tasarlanm\u0131\u015ft\u0131r.","breadcrumb":{"@id":"https:\/\/barrsell.com\/urun\/carel-dpdc110000-nem-sensoru\/#breadcrumb"},"inLanguage":"en-US","potentialAction":[{"@type":"ReadAction","target":["https:\/\/barrsell.com\/urun\/carel-dpdc110000-nem-sensoru\/"]}]},{"@type":"ImageObject","inLanguage":"en-US","@id":"https:\/\/barrsell.com\/urun\/carel-dpdc110000-nem-sensoru\/#primaryimage","url":"https:\/\/barrsell.com\/wp-content\/uploads\/2024\/10\/Carel-DPDC110000-Nem-Sensoru.png","contentUrl":"https:\/\/barrsell.com\/wp-content\/uploads\/2024\/10\/Carel-DPDC110000-Nem-Sensoru.png","width":1200,"height":1200,"caption":"Carel DPDC110000 Nem Sens\u00f6r\u00fc"},{"@type":"BreadcrumbList","@id":"https:\/\/barrsell.com\/urun\/carel-dpdc110000-nem-sensoru\/#breadcrumb","itemListElement":[{"@type":"ListItem","position":1,"name":"Home","item":"https:\/\/barrsell.com\/"},{"@type":"ListItem","position":2,"name":"\u00dcr\u00fcnler","item":"https:\/\/barrsell.com\/en\/products\/"},{"@type":"ListItem","position":3,"name":"Carel DPDC110000 Nem Sens\u00f6r\u00fc"}]},{"@type":"WebSite","@id":"https:\/\/barrsell.com\/#website","url":"https:\/\/barrsell.com\/","name":"Barrsell End\u00fcstri Makine","description":"Teknolojiyle G\u00fc\u00e7lenen End\u00fcstriyel \u00c7\u00f6z\u00fcmler!","potentialAction":[{"@type":"SearchAction","target":{"@type":"EntryPoint","urlTemplate":"https:\/\/barrsell.com\/?s={search_term_string}"},"query-input":"required name=search_term_string"}],"inLanguage":"en-US"}]}},"_links":{"self":[{"href":"https:\/\/barrsell.com\/en\/wp-json\/wp\/v2\/product\/17761","targetHints":{"allow":["GET"]}}],"collection":[{"href":"https:\/\/barrsell.com\/en\/wp-json\/wp\/v2\/product"}],"about":[{"href":"https:\/\/barrsell.com\/en\/wp-json\/wp\/v2\/types\/product"}],"version-history":[{"count":6,"href":"https:\/\/barrsell.com\/en\/wp-json\/wp\/v2\/product\/17761\/revisions"}],"predecessor-version":[{"id":18670,"href":"https:\/\/barrsell.com\/en\/wp-json\/wp\/v2\/product\/17761\/revisions\/18670"}],"wp:featuredmedia":[{"embeddable":true,"href":"https:\/\/barrsell.com\/en\/wp-json\/wp\/v2\/media\/17762"}],"wp:attachment":[{"href":"https:\/\/barrsell.com\/en\/wp-json\/wp\/v2\/media?parent=17761"}],"wp:term":[{"taxonomy":"product_cat","embeddable":true,"href":"https:\/\/barrsell.com\/en\/wp-json\/wp\/v2\/product_cat?post=17761"},{"taxonomy":"product_tag","embeddable":true,"href":"https:\/\/barrsell.com\/en\/wp-json\/wp\/v2\/product_tag?post=17761"}],"curies":[{"name":"wp","href":"https:\/\/api.w.org\/{rel}","templated":true}]}}