{"id":17756,"date":"2024-10-31T20:08:03","date_gmt":"2024-10-31T20:08:03","guid":{"rendered":"https:\/\/barrsell.com\/?post_type=product&#038;p=17756"},"modified":"2024-11-29T12:08:54","modified_gmt":"2024-11-29T12:08:54","slug":"carel-sdpoem0022-buhar-nozulu","status":"publish","type":"product","link":"https:\/\/barrsell.com\/en\/product\/carel-sdpoem0022-steam-nozzle\/","title":{"rendered":"Carel SDPOEM0022 Buhar Nozulu"},"content":{"rendered":"<h2><strong>Carel SDPOEM0022 Steam Nozzle Spare Part<\/strong><\/h2>\n<p>The Carel SDPOEM0022 Steam Nozzle is a critical component of industrial steam distribution systems. This part is designed specifically to ensure uniform distribution of steam in humidification applications. Also offering high performance and reliability, this steam nozzle helps users to optimize their humidity levels in various industrial and commercial areas. Here are the technical details and specifications of Carel SDPOEM0022 Steam Nozzle.<\/p>\n<h4><strong>Features<\/strong><\/h4>\n<table width=\"0\">\n<tbody>\n<tr>\n<td colspan=\"2\">Learn More<\/td>\n<\/tr>\n<tr>\n<td>Manufacturer<\/td>\n<td><a href=\"https:\/\/barrsell.com\/en\/kategoriler\/buhar-jeneratorleri-nemlendiriciler\/carel-buharli-nemlendirici\/\">Carel<\/a><\/td>\n<\/tr>\n<tr>\n<td>Product Type<\/td>\n<td>Humidification<\/td>\n<\/tr>\n<tr>\n<td>Buhar Da\u011f\u0131t\u0131c\u0131s\u0131 Maksimum Buhar Kapasitesi<\/td>\n<td>4 Kg\/hour (8.8 lbs\/hour)<\/td>\n<\/tr>\n<tr>\n<td>Buhar Da\u011f\u0131t\u0131c\u0131 Uzunlu\u011fu<\/td>\n<td>1 in\u00e7<\/td>\n<\/tr>\n<tr>\n<td>Product Length<\/td>\n<td>5,3 in\u00e7 (13,462 cm)<\/td>\n<\/tr>\n<tr>\n<td>Product Width<\/td>\n<td>3,937 in\u00e7 (10.000 cm)<\/td>\n<\/tr>\n<tr>\n<td>Product Height<\/td>\n<td>3,937 in\u00e7 (10.000 cm)<\/td>\n<\/tr>\n<tr>\n<td>Product Weight<\/td>\n<td>0,37 lbs (0,168 kg)<\/td>\n<\/tr>\n<tr>\n<td>Material<\/td>\n<td>Plastic<\/td>\n<\/tr>\n<tr>\n<td>Color<\/td>\n<td>Black<\/td>\n<\/tr>\n<tr>\n<td>Shipping Length<\/td>\n<td>7,15 in\u00e7 (18,161 cm)<\/td>\n<\/tr>\n<tr>\n<td>Transmission Width<\/td>\n<td>4,9 in\u00e7 (12,446 cm)<\/td>\n<\/tr>\n<tr>\n<td>Transportation Height<\/td>\n<td>4,15 in\u00e7 (10,541 cm)<\/td>\n<\/tr>\n<\/tbody>\n<\/table>\n<h4>Basic Technical Specifications<\/h4>\n<h4>1. <strong>Material &amp; Structure<\/strong><\/h4>\n<ul>\n<li class=\" translation-block\"><strong>Durable Material:<\/strong><em> Carel SDPOEM0022<\/em>, made of high quality stainless steel. This material is resistant to corrosion and therefore offers long-lasting performance.<\/li>\n<li class=\" translation-block\"><strong>High Temperature Durability:<\/strong> Nozzle is designed to withstand high temperatures, so that the steam can work safely in the production process.<\/li>\n<\/ul>\n<h4>2. <strong>Steam Distribution Efficiency<\/strong><\/h4>\n<ul>\n<li class=\" translation-block\"><strong>Homogen Distribution:<\/strong> SDPOEM0022 ensures equal and homogeneous distribution of steam across all areas. It also makes it easier to control moisture levels and thus creates a stable moisture balance in the targeted environment.<\/li>\n<li class=\" translation-block\"><strong>Low Pressure Loss:<\/strong> These nozzles improve energy efficiency by working with low pressure loss.<\/li>\n<\/ul>\n<h4>3. <strong>Ease of Connection and Assembly<\/strong><\/h4>\n<ul>\n<li class=\" translation-block\"><strong>Standard Connection Size:<\/strong> Carel Steam nozzle can be widely used especially in industrial applications. It has standard connection sizes. This makes the assembly and integration processes simple.<\/li>\n<li class=\" translation-block\"><strong>Easy Installation:<\/strong> Nozulu , user-friendly design allows you to install quickly and easily. It also reduces maintenance times and improves operational efficiency.<\/li>\n<\/ul>\n<h2 tabindex=\"0\" role=\"tab\" aria-labeledby=\"tab-label-product.attributes-title\" data-role=\"title\" aria-controls=\"product.attributes\" aria-selected=\"true\" aria-expanded=\"true\"><\/h2>\n<div id=\"product.attributes\" class=\"data item content\" role=\"tabpanel\" data-role=\"content\" aria-labelledby=\"tab-label-product.attributes\" aria-hidden=\"false\">\n<div class=\"additional-attributes-wrapper table-wrapper\"><\/div>\n<\/div>","protected":false},"excerpt":{"rendered":"<ul>\n<li>Durable Material<\/li>\n<li>High Temperature Durability<\/li>\n<\/ul>","protected":false},"featured_media":17758,"template":"","meta":[],"product_cat":[136],"product_tag":[],"class_list":{"0":"post-17756","1":"product","2":"type-product","3":"status-publish","4":"has-post-thumbnail","6":"product_cat-carel-yedek-parcalari","8":"first","9":"instock","10":"shipping-taxable","11":"product-type-external"},"yoast_head":"<!-- This site is optimized with the Yoast SEO Premium plugin v23.2 (Yoast SEO v23.2) - https:\/\/yoast.com\/wordpress\/plugins\/seo\/ -->\n<title>Carel SDPOEM0022 Buhar Nozulu | Barrsell End\u00fcstri<\/title>\n<meta name=\"description\" content=\"Carel SDPOEM0022 Buhar Nozulu, end\u00fcstriyel buhar da\u011f\u0131t\u0131m sistemlerinin nemlendirme uygulamalar\u0131nda kritik bir bile\u015fenidir.\" \/>\n<meta name=\"robots\" content=\"index, follow, max-snippet:-1, max-image-preview:large, max-video-preview:-1\" \/>\n<link rel=\"canonical\" href=\"https:\/\/barrsell.com\/en\/product\/carel-sdpoem0022-steam-nozzle\/\" \/>\n<meta property=\"og:locale\" content=\"en_US\" \/>\n<meta property=\"og:type\" content=\"article\" \/>\n<meta property=\"og:title\" content=\"Carel SDPOEM0022 Buhar Nozulu\" \/>\n<meta property=\"og:description\" content=\"Carel SDPOEM0022 Buhar Nozulu, end\u00fcstriyel buhar da\u011f\u0131t\u0131m sistemlerinin nemlendirme uygulamalar\u0131nda kritik bir bile\u015fenidir.\" \/>\n<meta property=\"og:url\" content=\"https:\/\/barrsell.com\/en\/product\/carel-sdpoem0022-steam-nozzle\/\" \/>\n<meta property=\"og:site_name\" content=\"Barrsell\" \/>\n<meta property=\"article:modified_time\" content=\"2024-11-29T12:08:54+00:00\" \/>\n<meta property=\"og:image\" content=\"https:\/\/barrsell.com\/wp-content\/uploads\/2024\/10\/Carel-SDPOEM0022-Buhar-Nozulu-1.png\" \/>\n\t<meta property=\"og:image:width\" content=\"1200\" \/>\n\t<meta property=\"og:image:height\" content=\"1200\" \/>\n\t<meta property=\"og:image:type\" content=\"image\/png\" \/>\n<meta name=\"twitter:card\" content=\"summary_large_image\" \/>\n<meta name=\"twitter:label1\" content=\"Est. reading time\" \/>\n\t<meta name=\"twitter:data1\" content=\"2 minutes\" \/>\n<script type=\"application\/ld+json\" class=\"yoast-schema-graph\">{\"@context\":\"https:\/\/schema.org\",\"@graph\":[{\"@type\":\"WebPage\",\"@id\":\"https:\/\/barrsell.com\/urun\/carel-sdpoem0022-buhar-nozulu\/\",\"url\":\"https:\/\/barrsell.com\/urun\/carel-sdpoem0022-buhar-nozulu\/\",\"name\":\"Carel SDPOEM0022 Buhar Nozulu | Barrsell End\u00fcstri\",\"isPartOf\":{\"@id\":\"https:\/\/barrsell.com\/#website\"},\"primaryImageOfPage\":{\"@id\":\"https:\/\/barrsell.com\/urun\/carel-sdpoem0022-buhar-nozulu\/#primaryimage\"},\"image\":{\"@id\":\"https:\/\/barrsell.com\/urun\/carel-sdpoem0022-buhar-nozulu\/#primaryimage\"},\"thumbnailUrl\":\"https:\/\/barrsell.com\/wp-content\/uploads\/2024\/10\/Carel-SDPOEM0022-Buhar-Nozulu-1.png\",\"datePublished\":\"2024-10-31T20:08:03+00:00\",\"dateModified\":\"2024-11-29T12:08:54+00:00\",\"description\":\"Carel SDPOEM0022 Buhar Nozulu, end\u00fcstriyel buhar da\u011f\u0131t\u0131m sistemlerinin nemlendirme uygulamalar\u0131nda kritik bir bile\u015fenidir.\",\"breadcrumb\":{\"@id\":\"https:\/\/barrsell.com\/urun\/carel-sdpoem0022-buhar-nozulu\/#breadcrumb\"},\"inLanguage\":\"en-US\",\"potentialAction\":[{\"@type\":\"ReadAction\",\"target\":[\"https:\/\/barrsell.com\/urun\/carel-sdpoem0022-buhar-nozulu\/\"]}]},{\"@type\":\"ImageObject\",\"inLanguage\":\"en-US\",\"@id\":\"https:\/\/barrsell.com\/urun\/carel-sdpoem0022-buhar-nozulu\/#primaryimage\",\"url\":\"https:\/\/barrsell.com\/wp-content\/uploads\/2024\/10\/Carel-SDPOEM0022-Buhar-Nozulu-1.png\",\"contentUrl\":\"https:\/\/barrsell.com\/wp-content\/uploads\/2024\/10\/Carel-SDPOEM0022-Buhar-Nozulu-1.png\",\"width\":1200,\"height\":1200,\"caption\":\"Carel SDPOEM0022 Buhar Nozulu-1\"},{\"@type\":\"BreadcrumbList\",\"@id\":\"https:\/\/barrsell.com\/urun\/carel-sdpoem0022-buhar-nozulu\/#breadcrumb\",\"itemListElement\":[{\"@type\":\"ListItem\",\"position\":1,\"name\":\"Home\",\"item\":\"https:\/\/barrsell.com\/\"},{\"@type\":\"ListItem\",\"position\":2,\"name\":\"\u00dcr\u00fcnler\",\"item\":\"https:\/\/barrsell.com\/en\/products\/\"},{\"@type\":\"ListItem\",\"position\":3,\"name\":\"Carel SDPOEM0022 Buhar Nozulu\"}]},{\"@type\":\"WebSite\",\"@id\":\"https:\/\/barrsell.com\/#website\",\"url\":\"https:\/\/barrsell.com\/\",\"name\":\"Barrsell End\u00fcstri Makine\",\"description\":\"Teknolojiyle G\u00fc\u00e7lenen End\u00fcstriyel \u00c7\u00f6z\u00fcmler!\",\"potentialAction\":[{\"@type\":\"SearchAction\",\"target\":{\"@type\":\"EntryPoint\",\"urlTemplate\":\"https:\/\/barrsell.com\/?s={search_term_string}\"},\"query-input\":\"required name=search_term_string\"}],\"inLanguage\":\"en-US\"}]}<\/script>\n<!-- \/ Yoast SEO Premium plugin. -->","yoast_head_json":{"title":"Carel SDPOEM0022 Buhar Nozulu | Barrsell End\u00fcstri","description":"Carel SDPOEM0022 Buhar Nozulu, end\u00fcstriyel buhar da\u011f\u0131t\u0131m sistemlerinin nemlendirme uygulamalar\u0131nda kritik bir bile\u015fenidir.","robots":{"index":"index","follow":"follow","max-snippet":"max-snippet:-1","max-image-preview":"max-image-preview:large","max-video-preview":"max-video-preview:-1"},"canonical":"https:\/\/barrsell.com\/en\/product\/carel-sdpoem0022-steam-nozzle\/","og_locale":"en_US","og_type":"article","og_title":"Carel SDPOEM0022 Buhar Nozulu","og_description":"Carel SDPOEM0022 Buhar Nozulu, end\u00fcstriyel buhar da\u011f\u0131t\u0131m sistemlerinin nemlendirme uygulamalar\u0131nda kritik bir bile\u015fenidir.","og_url":"https:\/\/barrsell.com\/en\/product\/carel-sdpoem0022-steam-nozzle\/","og_site_name":"Barrsell","article_modified_time":"2024-11-29T12:08:54+00:00","og_image":[{"width":1200,"height":1200,"url":"https:\/\/barrsell.com\/wp-content\/uploads\/2024\/10\/Carel-SDPOEM0022-Buhar-Nozulu-1.png","type":"image\/png"}],"twitter_card":"summary_large_image","twitter_misc":{"Est. reading time":"2 minutes"},"schema":{"@context":"https:\/\/schema.org","@graph":[{"@type":"WebPage","@id":"https:\/\/barrsell.com\/urun\/carel-sdpoem0022-buhar-nozulu\/","url":"https:\/\/barrsell.com\/urun\/carel-sdpoem0022-buhar-nozulu\/","name":"Carel SDPOEM0022 Buhar Nozulu | Barrsell End\u00fcstri","isPartOf":{"@id":"https:\/\/barrsell.com\/#website"},"primaryImageOfPage":{"@id":"https:\/\/barrsell.com\/urun\/carel-sdpoem0022-buhar-nozulu\/#primaryimage"},"image":{"@id":"https:\/\/barrsell.com\/urun\/carel-sdpoem0022-buhar-nozulu\/#primaryimage"},"thumbnailUrl":"https:\/\/barrsell.com\/wp-content\/uploads\/2024\/10\/Carel-SDPOEM0022-Buhar-Nozulu-1.png","datePublished":"2024-10-31T20:08:03+00:00","dateModified":"2024-11-29T12:08:54+00:00","description":"Carel SDPOEM0022 Buhar Nozulu, end\u00fcstriyel buhar da\u011f\u0131t\u0131m sistemlerinin nemlendirme uygulamalar\u0131nda kritik bir bile\u015fenidir.","breadcrumb":{"@id":"https:\/\/barrsell.com\/urun\/carel-sdpoem0022-buhar-nozulu\/#breadcrumb"},"inLanguage":"en-US","potentialAction":[{"@type":"ReadAction","target":["https:\/\/barrsell.com\/urun\/carel-sdpoem0022-buhar-nozulu\/"]}]},{"@type":"ImageObject","inLanguage":"en-US","@id":"https:\/\/barrsell.com\/urun\/carel-sdpoem0022-buhar-nozulu\/#primaryimage","url":"https:\/\/barrsell.com\/wp-content\/uploads\/2024\/10\/Carel-SDPOEM0022-Buhar-Nozulu-1.png","contentUrl":"https:\/\/barrsell.com\/wp-content\/uploads\/2024\/10\/Carel-SDPOEM0022-Buhar-Nozulu-1.png","width":1200,"height":1200,"caption":"Carel SDPOEM0022 Buhar Nozulu-1"},{"@type":"BreadcrumbList","@id":"https:\/\/barrsell.com\/urun\/carel-sdpoem0022-buhar-nozulu\/#breadcrumb","itemListElement":[{"@type":"ListItem","position":1,"name":"Home","item":"https:\/\/barrsell.com\/"},{"@type":"ListItem","position":2,"name":"\u00dcr\u00fcnler","item":"https:\/\/barrsell.com\/en\/products\/"},{"@type":"ListItem","position":3,"name":"Carel SDPOEM0022 Buhar Nozulu"}]},{"@type":"WebSite","@id":"https:\/\/barrsell.com\/#website","url":"https:\/\/barrsell.com\/","name":"Barrsell End\u00fcstri Makine","description":"Teknolojiyle G\u00fc\u00e7lenen End\u00fcstriyel \u00c7\u00f6z\u00fcmler!","potentialAction":[{"@type":"SearchAction","target":{"@type":"EntryPoint","urlTemplate":"https:\/\/barrsell.com\/?s={search_term_string}"},"query-input":"required name=search_term_string"}],"inLanguage":"en-US"}]}},"_links":{"self":[{"href":"https:\/\/barrsell.com\/en\/wp-json\/wp\/v2\/product\/17756","targetHints":{"allow":["GET"]}}],"collection":[{"href":"https:\/\/barrsell.com\/en\/wp-json\/wp\/v2\/product"}],"about":[{"href":"https:\/\/barrsell.com\/en\/wp-json\/wp\/v2\/types\/product"}],"version-history":[{"count":7,"href":"https:\/\/barrsell.com\/en\/wp-json\/wp\/v2\/product\/17756\/revisions"}],"predecessor-version":[{"id":18677,"href":"https:\/\/barrsell.com\/en\/wp-json\/wp\/v2\/product\/17756\/revisions\/18677"}],"wp:featuredmedia":[{"embeddable":true,"href":"https:\/\/barrsell.com\/en\/wp-json\/wp\/v2\/media\/17758"}],"wp:attachment":[{"href":"https:\/\/barrsell.com\/en\/wp-json\/wp\/v2\/media?parent=17756"}],"wp:term":[{"taxonomy":"product_cat","embeddable":true,"href":"https:\/\/barrsell.com\/en\/wp-json\/wp\/v2\/product_cat?post=17756"},{"taxonomy":"product_tag","embeddable":true,"href":"https:\/\/barrsell.com\/en\/wp-json\/wp\/v2\/product_tag?post=17756"}],"curies":[{"name":"wp","href":"https:\/\/api.w.org\/{rel}","templated":true}]}}