{"id":17741,"date":"2024-10-31T19:37:15","date_gmt":"2024-10-31T19:37:15","guid":{"rendered":"https:\/\/barrsell.com\/?post_type=product&#038;p=17741"},"modified":"2024-11-29T15:15:43","modified_gmt":"2024-11-29T15:15:43","slug":"carel-dp060d40ru-buhar-dagiticisi","status":"publish","type":"product","link":"https:\/\/barrsell.com\/en\/product\/carel-dp060d40ru-steam-distributor\/","title":{"rendered":"Carel DP060D40RU Buhar Da\u011f\u0131t\u0131c\u0131s\u0131"},"content":{"rendered":"<h3><strong>Carel DP060D40RU Steam Distributor: Innovative Humidification Solution<\/strong><\/h3>\n<p class=\" translation-block\">The Carel DP060D40RU steam dispenser in particular offers a state-of-the-art humidification unit, high-precision steam distribution. It also offers an ideal solution in industrial and commercial areas. It also combines the advantages of homogeneous steam.<\/p>\n<h4><strong>Features<\/strong><\/h4>\n<table width=\"0\">\n<tbody>\n<tr>\n<td colspan=\"2\">Learn More<\/td>\n<\/tr>\n<tr>\n<td>Manufacturer<\/td>\n<td><a href=\"https:\/\/barrsell.com\/en\/kategoriler\/buhar-jeneratorleri-nemlendiriciler\/carel-buharli-nemlendirici\/\">Carel<\/a><\/td>\n<\/tr>\n<tr>\n<td>Product Type<\/td>\n<td>Nemlendirme\/ Buhar Da\u011f\u0131t\u0131c\u0131<\/td>\n<\/tr>\n<tr>\n<td>Steam Hose Connection Size<\/td>\n<td>40 mm (1,57 in\u00e7)<\/td>\n<\/tr>\n<tr>\n<td>Buhar Da\u011f\u0131t\u0131c\u0131s\u0131 veya Maksimum Kapasitesi<\/td>\n<td>45 kg\/saat (99 lbs\/saat)<\/td>\n<\/tr>\n<tr>\n<td>Buhar Da\u011f\u0131t\u0131c\u0131 Uzunlu\u011fu<\/td>\n<td>600 mm (23,6 in\u00e7)<\/td>\n<\/tr>\n<\/tbody>\n<\/table>\n<h3><strong>Technical Data and Specifications<\/strong><\/h3>\n<h4><strong>1. High Steam Distribution Capacity:<\/strong><\/h4>\n<ul>\n<li class=\" translation-block\">It offers 60 kg of steam emissions per hour, so that <strong> provides effective humidification<\/strong> over large areas.<\/li>\n<li class=\" translation-block\"><strong>Industrial steam dispenser<\/strong> is an especially ideal option for those in search.<\/li>\n<\/ul>\n<h4><strong>2. Durable and Quality Material:<\/strong><\/h4>\n<ul>\n<li class=\" translation-block\"><strong>Stainless is manufactured using steel<\/strong> and additionally high strength composite materials.<\/li>\n<li class=\" translation-block\"><strong>Corrosion resistant steam dispenser long life as<\/strong>.<\/li>\n<\/ul>\n<h4><strong>3. Homogeneous Vapor Spread:<\/strong><\/h4>\n<ul>\n<li class=\" translation-block\">Due to its advanced design, it distributes steam evenly. So it provides <strong>optimal humidity control<\/strong> in the environment.<\/li>\n<li class=\" translation-block\"><strong>Removing control system <\/strong> plays an active role.<\/li>\n<\/ul>\n<h4><strong>4. Modular and Compatible Design:<\/strong><\/h4>\n<ul>\n<li>DP060D40RU Carel&#8217;in di\u011fer <strong>HVAC sistemleri<\/strong> ile ayr\u0131ca tam uyumlu \u00e7al\u0131\u015f\u0131r.<\/li>\n<li class=\" translation-block\"><strong>Flexible assembly solutions with<\/strong> easily recognize the availability in different areas.<\/li>\n<\/ul>","protected":false},"excerpt":{"rendered":"<ul>\n<li>Stainless steel<\/li>\n<li>Corrosion resistant steam dispenser<\/li>\n<\/ul>","protected":false},"featured_media":17742,"template":"","meta":[],"product_cat":[136],"product_tag":[],"class_list":{"0":"post-17741","1":"product","2":"type-product","3":"status-publish","4":"has-post-thumbnail","6":"product_cat-carel-yedek-parcalari","8":"first","9":"instock","10":"shipping-taxable","11":"product-type-external"},"yoast_head":"<!-- This site is optimized with the Yoast SEO Premium plugin v23.2 (Yoast SEO v23.2) - https:\/\/yoast.com\/wordpress\/plugins\/seo\/ -->\n<title>Carel DP060D40RU Buhar Da\u011f\u0131t\u0131c\u0131s\u0131 | Barrsell End\u00fcstri<\/title>\n<meta name=\"description\" content=\"Carel DP060D40RU Buhar Da\u011f\u0131t\u0131c\u0131s\u0131, b\u00fcy\u00fck end\u00fcstriyel ve ticari alanlarda verimli ve g\u00fcvenilir nemlendirme i\u00e7in tasarlanm\u0131\u015ft\u0131r.\" \/>\n<meta name=\"robots\" content=\"index, follow, max-snippet:-1, max-image-preview:large, max-video-preview:-1\" \/>\n<link rel=\"canonical\" href=\"https:\/\/barrsell.com\/en\/product\/carel-dp060d40ru-steam-distributor\/\" \/>\n<meta property=\"og:locale\" content=\"en_US\" \/>\n<meta property=\"og:type\" content=\"article\" \/>\n<meta property=\"og:title\" content=\"Carel DP060D40RU Buhar Da\u011f\u0131t\u0131c\u0131s\u0131\" \/>\n<meta property=\"og:description\" content=\"Carel DP060D40RU Buhar Da\u011f\u0131t\u0131c\u0131s\u0131, b\u00fcy\u00fck end\u00fcstriyel ve ticari alanlarda verimli ve g\u00fcvenilir nemlendirme i\u00e7in tasarlanm\u0131\u015ft\u0131r.\" \/>\n<meta property=\"og:url\" content=\"https:\/\/barrsell.com\/en\/product\/carel-dp060d40ru-steam-distributor\/\" \/>\n<meta property=\"og:site_name\" content=\"Barrsell\" \/>\n<meta property=\"article:modified_time\" content=\"2024-11-29T15:15:43+00:00\" \/>\n<meta property=\"og:image\" content=\"https:\/\/barrsell.com\/wp-content\/uploads\/2024\/10\/Nemlendirici-DP060D40RU-Buhar-Dagiticisi.png\" \/>\n\t<meta property=\"og:image:width\" content=\"1200\" \/>\n\t<meta property=\"og:image:height\" content=\"1200\" \/>\n\t<meta property=\"og:image:type\" content=\"image\/png\" \/>\n<meta name=\"twitter:card\" content=\"summary_large_image\" \/>\n<meta name=\"twitter:label1\" content=\"Est. reading time\" \/>\n\t<meta name=\"twitter:data1\" content=\"2 minutes\" \/>\n<script type=\"application\/ld+json\" class=\"yoast-schema-graph\">{\"@context\":\"https:\/\/schema.org\",\"@graph\":[{\"@type\":\"WebPage\",\"@id\":\"https:\/\/barrsell.com\/urun\/carel-dp060d40ru-buhar-dagiticisi\/\",\"url\":\"https:\/\/barrsell.com\/urun\/carel-dp060d40ru-buhar-dagiticisi\/\",\"name\":\"Carel DP060D40RU Buhar Da\u011f\u0131t\u0131c\u0131s\u0131 | Barrsell End\u00fcstri\",\"isPartOf\":{\"@id\":\"https:\/\/barrsell.com\/#website\"},\"primaryImageOfPage\":{\"@id\":\"https:\/\/barrsell.com\/urun\/carel-dp060d40ru-buhar-dagiticisi\/#primaryimage\"},\"image\":{\"@id\":\"https:\/\/barrsell.com\/urun\/carel-dp060d40ru-buhar-dagiticisi\/#primaryimage\"},\"thumbnailUrl\":\"https:\/\/barrsell.com\/wp-content\/uploads\/2024\/10\/Nemlendirici-DP060D40RU-Buhar-Dagiticisi.png\",\"datePublished\":\"2024-10-31T19:37:15+00:00\",\"dateModified\":\"2024-11-29T15:15:43+00:00\",\"description\":\"Carel DP060D40RU Buhar Da\u011f\u0131t\u0131c\u0131s\u0131, b\u00fcy\u00fck end\u00fcstriyel ve ticari alanlarda verimli ve g\u00fcvenilir nemlendirme i\u00e7in tasarlanm\u0131\u015ft\u0131r.\",\"breadcrumb\":{\"@id\":\"https:\/\/barrsell.com\/urun\/carel-dp060d40ru-buhar-dagiticisi\/#breadcrumb\"},\"inLanguage\":\"en-US\",\"potentialAction\":[{\"@type\":\"ReadAction\",\"target\":[\"https:\/\/barrsell.com\/urun\/carel-dp060d40ru-buhar-dagiticisi\/\"]}]},{\"@type\":\"ImageObject\",\"inLanguage\":\"en-US\",\"@id\":\"https:\/\/barrsell.com\/urun\/carel-dp060d40ru-buhar-dagiticisi\/#primaryimage\",\"url\":\"https:\/\/barrsell.com\/wp-content\/uploads\/2024\/10\/Nemlendirici-DP060D40RU-Buhar-Dagiticisi.png\",\"contentUrl\":\"https:\/\/barrsell.com\/wp-content\/uploads\/2024\/10\/Nemlendirici-DP060D40RU-Buhar-Dagiticisi.png\",\"width\":1200,\"height\":1200,\"caption\":\"Nemlendirici DP060D40RU Buhar Da\u011f\u0131t\u0131c\u0131s\u0131\"},{\"@type\":\"BreadcrumbList\",\"@id\":\"https:\/\/barrsell.com\/urun\/carel-dp060d40ru-buhar-dagiticisi\/#breadcrumb\",\"itemListElement\":[{\"@type\":\"ListItem\",\"position\":1,\"name\":\"Home\",\"item\":\"https:\/\/barrsell.com\/\"},{\"@type\":\"ListItem\",\"position\":2,\"name\":\"\u00dcr\u00fcnler\",\"item\":\"https:\/\/barrsell.com\/en\/products\/\"},{\"@type\":\"ListItem\",\"position\":3,\"name\":\"Carel DP060D40RU Buhar Da\u011f\u0131t\u0131c\u0131s\u0131\"}]},{\"@type\":\"WebSite\",\"@id\":\"https:\/\/barrsell.com\/#website\",\"url\":\"https:\/\/barrsell.com\/\",\"name\":\"Barrsell End\u00fcstri Makine\",\"description\":\"Teknolojiyle G\u00fc\u00e7lenen End\u00fcstriyel \u00c7\u00f6z\u00fcmler!\",\"potentialAction\":[{\"@type\":\"SearchAction\",\"target\":{\"@type\":\"EntryPoint\",\"urlTemplate\":\"https:\/\/barrsell.com\/?s={search_term_string}\"},\"query-input\":\"required name=search_term_string\"}],\"inLanguage\":\"en-US\"}]}<\/script>\n<!-- \/ Yoast SEO Premium plugin. -->","yoast_head_json":{"title":"Carel DP060D40RU Buhar Da\u011f\u0131t\u0131c\u0131s\u0131 | Barrsell End\u00fcstri","description":"Carel DP060D40RU Buhar Da\u011f\u0131t\u0131c\u0131s\u0131, b\u00fcy\u00fck end\u00fcstriyel ve ticari alanlarda verimli ve g\u00fcvenilir nemlendirme i\u00e7in tasarlanm\u0131\u015ft\u0131r.","robots":{"index":"index","follow":"follow","max-snippet":"max-snippet:-1","max-image-preview":"max-image-preview:large","max-video-preview":"max-video-preview:-1"},"canonical":"https:\/\/barrsell.com\/en\/product\/carel-dp060d40ru-steam-distributor\/","og_locale":"en_US","og_type":"article","og_title":"Carel DP060D40RU Buhar Da\u011f\u0131t\u0131c\u0131s\u0131","og_description":"Carel DP060D40RU Buhar Da\u011f\u0131t\u0131c\u0131s\u0131, b\u00fcy\u00fck end\u00fcstriyel ve ticari alanlarda verimli ve g\u00fcvenilir nemlendirme i\u00e7in tasarlanm\u0131\u015ft\u0131r.","og_url":"https:\/\/barrsell.com\/en\/product\/carel-dp060d40ru-steam-distributor\/","og_site_name":"Barrsell","article_modified_time":"2024-11-29T15:15:43+00:00","og_image":[{"width":1200,"height":1200,"url":"https:\/\/barrsell.com\/wp-content\/uploads\/2024\/10\/Nemlendirici-DP060D40RU-Buhar-Dagiticisi.png","type":"image\/png"}],"twitter_card":"summary_large_image","twitter_misc":{"Est. reading time":"2 minutes"},"schema":{"@context":"https:\/\/schema.org","@graph":[{"@type":"WebPage","@id":"https:\/\/barrsell.com\/urun\/carel-dp060d40ru-buhar-dagiticisi\/","url":"https:\/\/barrsell.com\/urun\/carel-dp060d40ru-buhar-dagiticisi\/","name":"Carel DP060D40RU Buhar Da\u011f\u0131t\u0131c\u0131s\u0131 | Barrsell End\u00fcstri","isPartOf":{"@id":"https:\/\/barrsell.com\/#website"},"primaryImageOfPage":{"@id":"https:\/\/barrsell.com\/urun\/carel-dp060d40ru-buhar-dagiticisi\/#primaryimage"},"image":{"@id":"https:\/\/barrsell.com\/urun\/carel-dp060d40ru-buhar-dagiticisi\/#primaryimage"},"thumbnailUrl":"https:\/\/barrsell.com\/wp-content\/uploads\/2024\/10\/Nemlendirici-DP060D40RU-Buhar-Dagiticisi.png","datePublished":"2024-10-31T19:37:15+00:00","dateModified":"2024-11-29T15:15:43+00:00","description":"Carel DP060D40RU Buhar Da\u011f\u0131t\u0131c\u0131s\u0131, b\u00fcy\u00fck end\u00fcstriyel ve ticari alanlarda verimli ve g\u00fcvenilir nemlendirme i\u00e7in tasarlanm\u0131\u015ft\u0131r.","breadcrumb":{"@id":"https:\/\/barrsell.com\/urun\/carel-dp060d40ru-buhar-dagiticisi\/#breadcrumb"},"inLanguage":"en-US","potentialAction":[{"@type":"ReadAction","target":["https:\/\/barrsell.com\/urun\/carel-dp060d40ru-buhar-dagiticisi\/"]}]},{"@type":"ImageObject","inLanguage":"en-US","@id":"https:\/\/barrsell.com\/urun\/carel-dp060d40ru-buhar-dagiticisi\/#primaryimage","url":"https:\/\/barrsell.com\/wp-content\/uploads\/2024\/10\/Nemlendirici-DP060D40RU-Buhar-Dagiticisi.png","contentUrl":"https:\/\/barrsell.com\/wp-content\/uploads\/2024\/10\/Nemlendirici-DP060D40RU-Buhar-Dagiticisi.png","width":1200,"height":1200,"caption":"Nemlendirici DP060D40RU Buhar Da\u011f\u0131t\u0131c\u0131s\u0131"},{"@type":"BreadcrumbList","@id":"https:\/\/barrsell.com\/urun\/carel-dp060d40ru-buhar-dagiticisi\/#breadcrumb","itemListElement":[{"@type":"ListItem","position":1,"name":"Home","item":"https:\/\/barrsell.com\/"},{"@type":"ListItem","position":2,"name":"\u00dcr\u00fcnler","item":"https:\/\/barrsell.com\/en\/products\/"},{"@type":"ListItem","position":3,"name":"Carel DP060D40RU Buhar Da\u011f\u0131t\u0131c\u0131s\u0131"}]},{"@type":"WebSite","@id":"https:\/\/barrsell.com\/#website","url":"https:\/\/barrsell.com\/","name":"Barrsell End\u00fcstri Makine","description":"Teknolojiyle G\u00fc\u00e7lenen End\u00fcstriyel \u00c7\u00f6z\u00fcmler!","potentialAction":[{"@type":"SearchAction","target":{"@type":"EntryPoint","urlTemplate":"https:\/\/barrsell.com\/?s={search_term_string}"},"query-input":"required name=search_term_string"}],"inLanguage":"en-US"}]}},"_links":{"self":[{"href":"https:\/\/barrsell.com\/en\/wp-json\/wp\/v2\/product\/17741","targetHints":{"allow":["GET"]}}],"collection":[{"href":"https:\/\/barrsell.com\/en\/wp-json\/wp\/v2\/product"}],"about":[{"href":"https:\/\/barrsell.com\/en\/wp-json\/wp\/v2\/types\/product"}],"version-history":[{"count":10,"href":"https:\/\/barrsell.com\/en\/wp-json\/wp\/v2\/product\/17741\/revisions"}],"predecessor-version":[{"id":18683,"href":"https:\/\/barrsell.com\/en\/wp-json\/wp\/v2\/product\/17741\/revisions\/18683"}],"wp:featuredmedia":[{"embeddable":true,"href":"https:\/\/barrsell.com\/en\/wp-json\/wp\/v2\/media\/17742"}],"wp:attachment":[{"href":"https:\/\/barrsell.com\/en\/wp-json\/wp\/v2\/media?parent=17741"}],"wp:term":[{"taxonomy":"product_cat","embeddable":true,"href":"https:\/\/barrsell.com\/en\/wp-json\/wp\/v2\/product_cat?post=17741"},{"taxonomy":"product_tag","embeddable":true,"href":"https:\/\/barrsell.com\/en\/wp-json\/wp\/v2\/product_tag?post=17741"}],"curies":[{"name":"wp","href":"https:\/\/api.w.org\/{rel}","templated":true}]}}