{"id":17737,"date":"2024-10-31T19:29:19","date_gmt":"2024-10-31T19:29:19","guid":{"rendered":"https:\/\/barrsell.com\/?post_type=product&#038;p=17737"},"modified":"2024-11-29T15:15:33","modified_gmt":"2024-11-29T15:15:33","slug":"carel-dp045d22r0-buhar-dagiticisi","status":"publish","type":"product","link":"https:\/\/barrsell.com\/en\/product\/carel-dp045d22r0-steam-distributor\/","title":{"rendered":"Carel DP045D22R0 Steam Distributor"},"content":{"rendered":"<h2>Carel DP045D22R0 Steam Distributor<\/h2>\n<p>Carel DP045D22R0 steam dispenser is an industrial grade steam dispenser, primarily designed to provide high performance humidification, especially in large areas. This model, which stands out with its precise humidity control, energy efficiency and safety features, offers an ideal solution especially in industrial, commercial and institutional areas.<\/p>\n<h4><strong>Features<\/strong><\/h4>\n<table width=\"0\">\n<tbody>\n<tr>\n<td colspan=\"2\">Learn More<\/td>\n<\/tr>\n<tr>\n<td>Manufacturer<\/td>\n<td><a href=\"https:\/\/barrsell.com\/en\/kategoriler\/buhar-jeneratorleri-nemlendiriciler\/carel-buharli-nemlendirici\/\">Carel<\/a><\/td>\n<\/tr>\n<tr>\n<td>Product Type<\/td>\n<td>Humidification<\/td>\n<\/tr>\n<tr>\n<td>Steam Hose Connection Size<\/td>\n<td>22 mm (0,86 in\u00e7)<\/td>\n<\/tr>\n<tr>\n<td>Buhar Da\u011f\u0131t\u0131c\u0131s\u0131 Maksimum Buhar Kapasitesi<\/td>\n<td>6 kg\/saat (13,2 lbs\/saat)<\/td>\n<\/tr>\n<tr>\n<td>Buhar Da\u011f\u0131t\u0131c\u0131 Uzunlu\u011fu<\/td>\n<td>450 mm (17,7 in\u00e7)<\/td>\n<\/tr>\n<tr>\n<td>Product Length<\/td>\n<td>20 in\u00e7 (50.800 cm)<\/td>\n<\/tr>\n<tr>\n<td>Product Width<\/td>\n<td>3,5 in\u00e7 (8,890 cm)<\/td>\n<\/tr>\n<tr>\n<td>Product Height<\/td>\n<td>3,5 in\u00e7 (8,890 cm)<\/td>\n<\/tr>\n<tr>\n<td>Product Weight<\/td>\n<td>1,1 lbs (0,499 kg)<\/td>\n<\/tr>\n<tr>\n<td>Material<\/td>\n<td>Stainless steel<\/td>\n<\/tr>\n<tr>\n<td>Color<\/td>\n<td>G\u00fcm\u00fc\u015f<\/td>\n<\/tr>\n<tr>\n<td>Garanti<\/td>\n<td>1 Y\u0131l S\u0131n\u0131rl\u0131<\/td>\n<\/tr>\n<tr>\n<td>Shipping Length<\/td>\n<td>22 in\u00e7 (55,880 cm)<\/td>\n<\/tr>\n<tr>\n<td>Transmission Width<\/td>\n<td>5 in\u00e7 (12.700 cm)<\/td>\n<\/tr>\n<tr>\n<td>Transportation Height<\/td>\n<td>5 in\u00e7 (12.700 cm)<\/td>\n<\/tr>\n<\/tbody>\n<\/table>\n<h4><strong>Carel DP045D22R0 Specifications and Advantages<\/strong><\/h4>\n<h4><strong>1. High Performance Steam Distribution<\/strong><\/h4>\n<ul>\n<li>It has a steam capacity of 45 kg per hour.<\/li>\n<li>Highly suitable for medium-sized industrial or commercial areas <strong>verimli nemlendirme<\/strong> sa\u011flar.<\/li>\n<li class=\" translation-block\">Thus, the <strong>buhar distribution system offers a reliable solution in<\/strong>.<\/li>\n<\/ul>\n<h4><strong>2. Durable Structure and Quality Material<\/strong><\/h4>\n<ul>\n<li class=\" translation-block\"><strong>Stainless is made with steel<\/strong> and high strength composite materials.<\/li>\n<li class=\" translation-block\">At the same time, <strong> is long-lasting as corrosion-resistant steam distributor<\/strong>.<\/li>\n<\/ul>\n<h4><strong>3. Homogeneous Vapor Spread<\/strong><\/h4>\n<ul>\n<li>Its advanced design allows for even distribution of steam in particular.<\/li>\n<li class=\" translation-block\"><strong>Precision humidity controller<\/strong> is an ideal choice.<\/li>\n<\/ul>\n<h4><strong>4. Easy Integration<\/strong><\/h4>\n<ul>\n<li class=\" translation-block\">Carelin provides full compatibility<\/strong> with other <strong>HVAC and humidification solutions.<\/li>\n<li class=\" translation-block\"><strong>Modular steam distributor<\/strong>, also can easily integrate into diffe<\/li>\n<\/ul>\n<h4><strong>5. Energy Saving Design<\/strong><\/h4>\n<ul>\n<li>Provides energy efficiency by minimizing steam loss.<\/li>\n<li class=\" translation-block\"><strong>Sustainable humidification solutionssuitable for<\/strong>.<\/li>\n<\/ul>\n<h4><strong>6. Easy Installation and Maintenance<\/strong><\/h4>\n<ul>\n<li>Thanks to its lightweight and compact design, you can set up especially fast.<\/li>\n<li>Reduces labor costs with easy cleaning and also maintenance features.<\/li>\n<\/ul>\n<h4><strong>7. Operating Temperature Range<\/strong><\/h4>\n<ul>\n<li>It performs stably, especially over a wide temperature range.<\/li>\n<li class=\" translation-block\">Versatile <em><strong>Carel DP045D22R0<\/strong><\/em><\/li>\n<\/ul>\n<h4>General features<\/h4>\n<ul>\n<li><strong>Product Model:<\/strong> <em>DP045D22R0<\/em><\/li>\n<li><strong>Type:<\/strong> Industrial Steam Distributor<\/li>\n<li class=\" translation-block\"><strong>Nutrition Capacity:<\/strong> up to 4.5 kg\/h<\/li>\n<li class=\" translation-block\"><strong>Energy Consumption:<\/strong> Works with electricity (resistance based evaporation)<\/li>\n<li class=\" translation-block\"><strong>Montage:<\/strong> Compatible with wall or ceiling mounting<\/li>\n<li class=\" translation-block\"><strong>Usage Area:<\/strong> Industrial facilities, hospitals, laboratories, warehouse areas and also large commercial areas<\/li>\n<\/ul>","protected":false},"excerpt":{"rendered":"<ul>\n<li><strong>Type:<\/strong> Industrial Steam Distributor<\/li>\n<li class=\" translation-block\"><strong>Nutrition Capacity:<\/strong> up to 4.5 kg\/h<\/li>\n<\/ul>","protected":false},"featured_media":17738,"template":"","meta":[],"product_cat":[136],"product_tag":[],"class_list":{"0":"post-17737","1":"product","2":"type-product","3":"status-publish","4":"has-post-thumbnail","6":"product_cat-carel-yedek-parcalari","8":"first","9":"instock","10":"shipping-taxable","11":"product-type-external"},"yoast_head":"<!-- This site is optimized with the Yoast SEO Premium plugin v23.2 (Yoast SEO v23.2) - https:\/\/yoast.com\/wordpress\/plugins\/seo\/ -->\n<title>Carel DP045D22R0 Buhar Da\u011f\u0131t\u0131c\u0131s\u0131 | Barrsell End\u00fcstri<\/title>\n<meta name=\"description\" content=\"Carel DP045D22R0 buhar da\u011f\u0131t\u0131c\u0131s\u0131, geni\u015f alanlarda y\u00fcksek performansl\u0131 nemlendirme sa\u011flamak amac\u0131yla tasarlanm\u0131\u015f, end\u00fcstriyel s\u0131n\u0131f bir buhar da\u011f\u0131t\u0131c\u0131d\u0131r.\" \/>\n<meta name=\"robots\" content=\"index, follow, max-snippet:-1, max-image-preview:large, max-video-preview:-1\" \/>\n<link rel=\"canonical\" href=\"https:\/\/barrsell.com\/en\/product\/carel-dp045d22r0-steam-distributor\/\" \/>\n<meta property=\"og:locale\" content=\"en_US\" \/>\n<meta property=\"og:type\" content=\"article\" \/>\n<meta property=\"og:title\" content=\"Carel DP045D22R0 Buhar Da\u011f\u0131t\u0131c\u0131s\u0131\" \/>\n<meta property=\"og:description\" content=\"Carel DP045D22R0 buhar da\u011f\u0131t\u0131c\u0131s\u0131, geni\u015f alanlarda y\u00fcksek performansl\u0131 nemlendirme sa\u011flamak amac\u0131yla tasarlanm\u0131\u015f, end\u00fcstriyel s\u0131n\u0131f bir buhar da\u011f\u0131t\u0131c\u0131d\u0131r.\" \/>\n<meta property=\"og:url\" content=\"https:\/\/barrsell.com\/en\/product\/carel-dp045d22r0-steam-distributor\/\" \/>\n<meta property=\"og:site_name\" content=\"Barrsell\" \/>\n<meta property=\"article:modified_time\" content=\"2024-11-29T15:15:33+00:00\" \/>\n<meta property=\"og:image\" content=\"https:\/\/barrsell.com\/wp-content\/uploads\/2024\/10\/Nemlendirici-DP045D22R0-Buhar-Dagiticisi.png\" \/>\n\t<meta property=\"og:image:width\" content=\"1200\" \/>\n\t<meta property=\"og:image:height\" content=\"1200\" \/>\n\t<meta property=\"og:image:type\" content=\"image\/png\" \/>\n<meta name=\"twitter:card\" content=\"summary_large_image\" \/>\n<meta name=\"twitter:label1\" content=\"Est. reading time\" \/>\n\t<meta name=\"twitter:data1\" content=\"3 minutes\" \/>\n<script type=\"application\/ld+json\" class=\"yoast-schema-graph\">{\"@context\":\"https:\/\/schema.org\",\"@graph\":[{\"@type\":\"WebPage\",\"@id\":\"https:\/\/barrsell.com\/urun\/carel-dp045d22r0-buhar-dagiticisi\/\",\"url\":\"https:\/\/barrsell.com\/urun\/carel-dp045d22r0-buhar-dagiticisi\/\",\"name\":\"Carel DP045D22R0 Buhar Da\u011f\u0131t\u0131c\u0131s\u0131 | Barrsell End\u00fcstri\",\"isPartOf\":{\"@id\":\"https:\/\/barrsell.com\/#website\"},\"primaryImageOfPage\":{\"@id\":\"https:\/\/barrsell.com\/urun\/carel-dp045d22r0-buhar-dagiticisi\/#primaryimage\"},\"image\":{\"@id\":\"https:\/\/barrsell.com\/urun\/carel-dp045d22r0-buhar-dagiticisi\/#primaryimage\"},\"thumbnailUrl\":\"https:\/\/barrsell.com\/wp-content\/uploads\/2024\/10\/Nemlendirici-DP045D22R0-Buhar-Dagiticisi.png\",\"datePublished\":\"2024-10-31T19:29:19+00:00\",\"dateModified\":\"2024-11-29T15:15:33+00:00\",\"description\":\"Carel DP045D22R0 buhar da\u011f\u0131t\u0131c\u0131s\u0131, geni\u015f alanlarda y\u00fcksek performansl\u0131 nemlendirme sa\u011flamak amac\u0131yla tasarlanm\u0131\u015f, end\u00fcstriyel s\u0131n\u0131f bir buhar da\u011f\u0131t\u0131c\u0131d\u0131r.\",\"breadcrumb\":{\"@id\":\"https:\/\/barrsell.com\/urun\/carel-dp045d22r0-buhar-dagiticisi\/#breadcrumb\"},\"inLanguage\":\"en-US\",\"potentialAction\":[{\"@type\":\"ReadAction\",\"target\":[\"https:\/\/barrsell.com\/urun\/carel-dp045d22r0-buhar-dagiticisi\/\"]}]},{\"@type\":\"ImageObject\",\"inLanguage\":\"en-US\",\"@id\":\"https:\/\/barrsell.com\/urun\/carel-dp045d22r0-buhar-dagiticisi\/#primaryimage\",\"url\":\"https:\/\/barrsell.com\/wp-content\/uploads\/2024\/10\/Nemlendirici-DP045D22R0-Buhar-Dagiticisi.png\",\"contentUrl\":\"https:\/\/barrsell.com\/wp-content\/uploads\/2024\/10\/Nemlendirici-DP045D22R0-Buhar-Dagiticisi.png\",\"width\":1200,\"height\":1200,\"caption\":\"Nemlendirici DP045D22R0 Buhar Da\u011f\u0131t\u0131c\u0131s\u0131\"},{\"@type\":\"BreadcrumbList\",\"@id\":\"https:\/\/barrsell.com\/urun\/carel-dp045d22r0-buhar-dagiticisi\/#breadcrumb\",\"itemListElement\":[{\"@type\":\"ListItem\",\"position\":1,\"name\":\"Home\",\"item\":\"https:\/\/barrsell.com\/\"},{\"@type\":\"ListItem\",\"position\":2,\"name\":\"\u00dcr\u00fcnler\",\"item\":\"https:\/\/barrsell.com\/en\/products\/\"},{\"@type\":\"ListItem\",\"position\":3,\"name\":\"Carel DP045D22R0 Buhar Da\u011f\u0131t\u0131c\u0131s\u0131\"}]},{\"@type\":\"WebSite\",\"@id\":\"https:\/\/barrsell.com\/#website\",\"url\":\"https:\/\/barrsell.com\/\",\"name\":\"Barrsell End\u00fcstri Makine\",\"description\":\"Teknolojiyle G\u00fc\u00e7lenen End\u00fcstriyel \u00c7\u00f6z\u00fcmler!\",\"potentialAction\":[{\"@type\":\"SearchAction\",\"target\":{\"@type\":\"EntryPoint\",\"urlTemplate\":\"https:\/\/barrsell.com\/?s={search_term_string}\"},\"query-input\":\"required name=search_term_string\"}],\"inLanguage\":\"en-US\"}]}<\/script>\n<!-- \/ Yoast SEO Premium plugin. -->","yoast_head_json":{"title":"Carel DP045D22R0 Buhar Da\u011f\u0131t\u0131c\u0131s\u0131 | Barrsell End\u00fcstri","description":"Carel DP045D22R0 buhar da\u011f\u0131t\u0131c\u0131s\u0131, geni\u015f alanlarda y\u00fcksek performansl\u0131 nemlendirme sa\u011flamak amac\u0131yla tasarlanm\u0131\u015f, end\u00fcstriyel s\u0131n\u0131f bir buhar da\u011f\u0131t\u0131c\u0131d\u0131r.","robots":{"index":"index","follow":"follow","max-snippet":"max-snippet:-1","max-image-preview":"max-image-preview:large","max-video-preview":"max-video-preview:-1"},"canonical":"https:\/\/barrsell.com\/en\/product\/carel-dp045d22r0-steam-distributor\/","og_locale":"en_US","og_type":"article","og_title":"Carel DP045D22R0 Buhar Da\u011f\u0131t\u0131c\u0131s\u0131","og_description":"Carel DP045D22R0 buhar da\u011f\u0131t\u0131c\u0131s\u0131, geni\u015f alanlarda y\u00fcksek performansl\u0131 nemlendirme sa\u011flamak amac\u0131yla tasarlanm\u0131\u015f, end\u00fcstriyel s\u0131n\u0131f bir buhar da\u011f\u0131t\u0131c\u0131d\u0131r.","og_url":"https:\/\/barrsell.com\/en\/product\/carel-dp045d22r0-steam-distributor\/","og_site_name":"Barrsell","article_modified_time":"2024-11-29T15:15:33+00:00","og_image":[{"width":1200,"height":1200,"url":"https:\/\/barrsell.com\/wp-content\/uploads\/2024\/10\/Nemlendirici-DP045D22R0-Buhar-Dagiticisi.png","type":"image\/png"}],"twitter_card":"summary_large_image","twitter_misc":{"Est. reading time":"3 minutes"},"schema":{"@context":"https:\/\/schema.org","@graph":[{"@type":"WebPage","@id":"https:\/\/barrsell.com\/urun\/carel-dp045d22r0-buhar-dagiticisi\/","url":"https:\/\/barrsell.com\/urun\/carel-dp045d22r0-buhar-dagiticisi\/","name":"Carel DP045D22R0 Buhar Da\u011f\u0131t\u0131c\u0131s\u0131 | Barrsell End\u00fcstri","isPartOf":{"@id":"https:\/\/barrsell.com\/#website"},"primaryImageOfPage":{"@id":"https:\/\/barrsell.com\/urun\/carel-dp045d22r0-buhar-dagiticisi\/#primaryimage"},"image":{"@id":"https:\/\/barrsell.com\/urun\/carel-dp045d22r0-buhar-dagiticisi\/#primaryimage"},"thumbnailUrl":"https:\/\/barrsell.com\/wp-content\/uploads\/2024\/10\/Nemlendirici-DP045D22R0-Buhar-Dagiticisi.png","datePublished":"2024-10-31T19:29:19+00:00","dateModified":"2024-11-29T15:15:33+00:00","description":"Carel DP045D22R0 buhar da\u011f\u0131t\u0131c\u0131s\u0131, geni\u015f alanlarda y\u00fcksek performansl\u0131 nemlendirme sa\u011flamak amac\u0131yla tasarlanm\u0131\u015f, end\u00fcstriyel s\u0131n\u0131f bir buhar da\u011f\u0131t\u0131c\u0131d\u0131r.","breadcrumb":{"@id":"https:\/\/barrsell.com\/urun\/carel-dp045d22r0-buhar-dagiticisi\/#breadcrumb"},"inLanguage":"en-US","potentialAction":[{"@type":"ReadAction","target":["https:\/\/barrsell.com\/urun\/carel-dp045d22r0-buhar-dagiticisi\/"]}]},{"@type":"ImageObject","inLanguage":"en-US","@id":"https:\/\/barrsell.com\/urun\/carel-dp045d22r0-buhar-dagiticisi\/#primaryimage","url":"https:\/\/barrsell.com\/wp-content\/uploads\/2024\/10\/Nemlendirici-DP045D22R0-Buhar-Dagiticisi.png","contentUrl":"https:\/\/barrsell.com\/wp-content\/uploads\/2024\/10\/Nemlendirici-DP045D22R0-Buhar-Dagiticisi.png","width":1200,"height":1200,"caption":"Nemlendirici DP045D22R0 Buhar Da\u011f\u0131t\u0131c\u0131s\u0131"},{"@type":"BreadcrumbList","@id":"https:\/\/barrsell.com\/urun\/carel-dp045d22r0-buhar-dagiticisi\/#breadcrumb","itemListElement":[{"@type":"ListItem","position":1,"name":"Home","item":"https:\/\/barrsell.com\/"},{"@type":"ListItem","position":2,"name":"\u00dcr\u00fcnler","item":"https:\/\/barrsell.com\/en\/products\/"},{"@type":"ListItem","position":3,"name":"Carel DP045D22R0 Buhar Da\u011f\u0131t\u0131c\u0131s\u0131"}]},{"@type":"WebSite","@id":"https:\/\/barrsell.com\/#website","url":"https:\/\/barrsell.com\/","name":"Barrsell End\u00fcstri Makine","description":"Teknolojiyle G\u00fc\u00e7lenen End\u00fcstriyel \u00c7\u00f6z\u00fcmler!","potentialAction":[{"@type":"SearchAction","target":{"@type":"EntryPoint","urlTemplate":"https:\/\/barrsell.com\/?s={search_term_string}"},"query-input":"required name=search_term_string"}],"inLanguage":"en-US"}]}},"_links":{"self":[{"href":"https:\/\/barrsell.com\/en\/wp-json\/wp\/v2\/product\/17737","targetHints":{"allow":["GET"]}}],"collection":[{"href":"https:\/\/barrsell.com\/en\/wp-json\/wp\/v2\/product"}],"about":[{"href":"https:\/\/barrsell.com\/en\/wp-json\/wp\/v2\/types\/product"}],"version-history":[{"count":8,"href":"https:\/\/barrsell.com\/en\/wp-json\/wp\/v2\/product\/17737\/revisions"}],"predecessor-version":[{"id":18689,"href":"https:\/\/barrsell.com\/en\/wp-json\/wp\/v2\/product\/17737\/revisions\/18689"}],"wp:featuredmedia":[{"embeddable":true,"href":"https:\/\/barrsell.com\/en\/wp-json\/wp\/v2\/media\/17738"}],"wp:attachment":[{"href":"https:\/\/barrsell.com\/en\/wp-json\/wp\/v2\/media?parent=17737"}],"wp:term":[{"taxonomy":"product_cat","embeddable":true,"href":"https:\/\/barrsell.com\/en\/wp-json\/wp\/v2\/product_cat?post=17737"},{"taxonomy":"product_tag","embeddable":true,"href":"https:\/\/barrsell.com\/en\/wp-json\/wp\/v2\/product_tag?post=17737"}],"curies":[{"name":"wp","href":"https:\/\/api.w.org\/{rel}","templated":true}]}}