{"id":17733,"date":"2024-10-31T19:17:45","date_gmt":"2024-10-31T19:17:45","guid":{"rendered":"https:\/\/barrsell.com\/?post_type=product&#038;p=17733"},"modified":"2024-11-29T15:19:38","modified_gmt":"2024-11-29T15:19:38","slug":"carel-dp030d30ru-buhar-dagiticisi","status":"publish","type":"product","link":"https:\/\/barrsell.com\/en\/product\/carel-dp030d30ru-steam-distributor\/","title":{"rendered":"Carel DP030D30RU Steam Distributor"},"content":{"rendered":"<h2>Carel DP030D30RU Steam Distributor<\/h2>\n<p>The Carel DP030D30RU Steam Distributor is designed specifically to provide precise humidification requirements and effective humidification in large areas. It also stands out for its energy efficiency, durability and precise control features. The DP030D30RU offers an optimized solution for many businesses with different application areas.<\/p>\n<h4><strong>Features<\/strong><\/h4>\n<table width=\"0\">\n<tbody>\n<tr>\n<td colspan=\"2\">Learn More<\/td>\n<\/tr>\n<tr>\n<td>Manufacturer<\/td>\n<td><a href=\"https:\/\/barrsell.com\/en\/kategoriler\/buhar-jeneratorleri-nemlendiriciler\/carel-buharli-nemlendirici\/\">Carel<\/a><\/td>\n<\/tr>\n<tr>\n<td>Product Type<\/td>\n<td>Humidification<\/td>\n<\/tr>\n<tr>\n<td>Steam Hose Connection Size<\/td>\n<td>30 mm (1,18 in\u00e7)<\/td>\n<\/tr>\n<tr>\n<td>Buhar Da\u011f\u0131t\u0131c\u0131s\u0131 Maksimum Buhar Kapasitesi<\/td>\n<td>15 kg\/saat (33 lbs\/saat)<\/td>\n<\/tr>\n<tr>\n<td>Buhar Da\u011f\u0131t\u0131c\u0131 Uzunlu\u011fu<\/td>\n<td>300 mm (11,8 in\u00e7)<\/td>\n<\/tr>\n<tr>\n<td>Product Length<\/td>\n<td>14,6 in\u00e7 (37,084 cm)<\/td>\n<\/tr>\n<tr>\n<td>Product Width<\/td>\n<td>3.95 inches (10.033 cm)<\/td>\n<\/tr>\n<tr>\n<td>Product Height<\/td>\n<td>3,9 in\u00e7 (9,906 cm)<\/td>\n<\/tr>\n<tr>\n<td>Product Weight<\/td>\n<td>1,25 lbs (0,567 kg)<\/td>\n<\/tr>\n<tr>\n<td>Shipping Length<\/td>\n<td>16,3 in\u00e7 (41,402 cm)<\/td>\n<\/tr>\n<tr>\n<td>Transmission Width<\/td>\n<td>5,5 in\u00e7 (13,970 cm)<\/td>\n<\/tr>\n<tr>\n<td>Transportation Height<\/td>\n<td>5,4 in\u00e7 (13,716 cm)<\/td>\n<\/tr>\n<\/tbody>\n<\/table>\n<h4>General features<\/h4>\n<ul>\n<li><strong>Product Model:<\/strong> DP030D30RU<\/li>\n<li class=\" translation-block\"><strong>Type:<\/strong> Industrial Steam Distributor<\/li>\n<li class=\" translation-block\"><strong>Rating Capacity:<\/strong> up to 3 kg\/h<\/li>\n<li class=\" translation-block\"><strong>Energy Source:<\/strong> Electric (Electricity resistant)<\/li>\n<li class=\" translation-block\"><strong>Assembly Options:<\/strong> Wall or ceiling mount minimizes total cost of ownership.<\/li>\n<\/ul>\n<h4><strong>Resistance Elements<\/strong><\/h4>\n<ul>\n<li class=\" translation-block\"><strong>Power &amp; Performance:<\/strong> <em>DP030D30RU resistor elements located in the heart of the buz<\/em> distributor, increase the heating capacity of the device, ensuring fast and at the same time effectiv<\/li>\n<li class=\" translation-block\"><strong>Durable:<\/strong> Made from materials with high temperature resistance. It works efficiently for a long time. Regular replacement of resistors improves the total efficiency of the device.<\/li>\n<li class=\" translation-block\"><strong>Energy Efficiency:<\/strong> Resistance elements offer energy-efficient operation, both reducing energy consumption and saving operating costs.<\/li>\n<\/ul>\n<h4>Importance and Advantages of Spare Parts Replacement<\/h4>\n<p class=\" translation-block\"><em>DP030D30RU steam distributor<\/em> spare parts help to reduce operating costs while increasing the life and efficiency of the device. In addition, regular replacement of spare parts ensures that the device works in high performance. And so it offers an environmentally friendly use.<\/p>","protected":false},"excerpt":{"rendered":"<ul>\n<li class=\" translation-block\"><strong>Type:<\/strong> Industrial Steam Distributor<\/li>\n<li class=\" translation-block\"><strong>Rating Capacity:<\/strong> up to 3 kg\/h<\/li>\n<\/ul>","protected":false},"featured_media":17734,"template":"","meta":[],"product_cat":[136],"product_tag":[],"class_list":{"0":"post-17733","1":"product","2":"type-product","3":"status-publish","4":"has-post-thumbnail","6":"product_cat-carel-yedek-parcalari","8":"first","9":"instock","10":"shipping-taxable","11":"product-type-external"},"yoast_head":"<!-- This site is optimized with the Yoast SEO Premium plugin v23.2 (Yoast SEO v23.2) - https:\/\/yoast.com\/wordpress\/plugins\/seo\/ -->\n<title>Carel DP030D30RU Buhar Da\u011f\u0131t\u0131c\u0131s\u0131 | Barrsell End\u00fcstri<\/title>\n<meta name=\"description\" content=\"Carel DP030D30RU Buhar Da\u011f\u0131t\u0131c\u0131s\u0131 , \u00f6zellikle hassas nemlendirme gereksinimleri ve geni\u015f alanlarda etkili bir nemlendirme sa\u011flar.\" \/>\n<meta name=\"robots\" content=\"index, follow, max-snippet:-1, max-image-preview:large, max-video-preview:-1\" \/>\n<link rel=\"canonical\" href=\"https:\/\/barrsell.com\/en\/product\/carel-dp030d30ru-steam-distributor\/\" \/>\n<meta property=\"og:locale\" content=\"en_US\" \/>\n<meta property=\"og:type\" content=\"article\" \/>\n<meta property=\"og:title\" content=\"Carel DP030D30RU Buhar Da\u011f\u0131t\u0131c\u0131s\u0131\" \/>\n<meta property=\"og:description\" content=\"Carel DP030D30RU Buhar Da\u011f\u0131t\u0131c\u0131s\u0131 , \u00f6zellikle hassas nemlendirme gereksinimleri ve geni\u015f alanlarda etkili bir nemlendirme sa\u011flar.\" \/>\n<meta property=\"og:url\" content=\"https:\/\/barrsell.com\/en\/product\/carel-dp030d30ru-steam-distributor\/\" \/>\n<meta property=\"og:site_name\" content=\"Barrsell\" \/>\n<meta property=\"article:modified_time\" content=\"2024-11-29T15:19:38+00:00\" \/>\n<meta property=\"og:image\" content=\"https:\/\/barrsell.com\/wp-content\/uploads\/2024\/10\/Carel-DP030D30RU-Buhar-Dagitici.png\" \/>\n\t<meta property=\"og:image:width\" content=\"1200\" \/>\n\t<meta property=\"og:image:height\" content=\"1200\" \/>\n\t<meta property=\"og:image:type\" content=\"image\/png\" \/>\n<meta name=\"twitter:card\" content=\"summary_large_image\" \/>\n<meta name=\"twitter:label1\" content=\"Est. reading time\" \/>\n\t<meta name=\"twitter:data1\" content=\"2 minutes\" \/>\n<script type=\"application\/ld+json\" class=\"yoast-schema-graph\">{\"@context\":\"https:\/\/schema.org\",\"@graph\":[{\"@type\":\"WebPage\",\"@id\":\"https:\/\/barrsell.com\/urun\/carel-dp030d30ru-buhar-dagiticisi\/\",\"url\":\"https:\/\/barrsell.com\/urun\/carel-dp030d30ru-buhar-dagiticisi\/\",\"name\":\"Carel DP030D30RU Buhar Da\u011f\u0131t\u0131c\u0131s\u0131 | Barrsell End\u00fcstri\",\"isPartOf\":{\"@id\":\"https:\/\/barrsell.com\/#website\"},\"primaryImageOfPage\":{\"@id\":\"https:\/\/barrsell.com\/urun\/carel-dp030d30ru-buhar-dagiticisi\/#primaryimage\"},\"image\":{\"@id\":\"https:\/\/barrsell.com\/urun\/carel-dp030d30ru-buhar-dagiticisi\/#primaryimage\"},\"thumbnailUrl\":\"https:\/\/barrsell.com\/wp-content\/uploads\/2024\/10\/Carel-DP030D30RU-Buhar-Dagitici.png\",\"datePublished\":\"2024-10-31T19:17:45+00:00\",\"dateModified\":\"2024-11-29T15:19:38+00:00\",\"description\":\"Carel DP030D30RU Buhar Da\u011f\u0131t\u0131c\u0131s\u0131 , \u00f6zellikle hassas nemlendirme gereksinimleri ve geni\u015f alanlarda etkili bir nemlendirme sa\u011flar.\",\"breadcrumb\":{\"@id\":\"https:\/\/barrsell.com\/urun\/carel-dp030d30ru-buhar-dagiticisi\/#breadcrumb\"},\"inLanguage\":\"en-US\",\"potentialAction\":[{\"@type\":\"ReadAction\",\"target\":[\"https:\/\/barrsell.com\/urun\/carel-dp030d30ru-buhar-dagiticisi\/\"]}]},{\"@type\":\"ImageObject\",\"inLanguage\":\"en-US\",\"@id\":\"https:\/\/barrsell.com\/urun\/carel-dp030d30ru-buhar-dagiticisi\/#primaryimage\",\"url\":\"https:\/\/barrsell.com\/wp-content\/uploads\/2024\/10\/Carel-DP030D30RU-Buhar-Dagitici.png\",\"contentUrl\":\"https:\/\/barrsell.com\/wp-content\/uploads\/2024\/10\/Carel-DP030D30RU-Buhar-Dagitici.png\",\"width\":1200,\"height\":1200,\"caption\":\"Carel DP030D30RU Buhar Da\u011f\u0131t\u0131c\u0131\"},{\"@type\":\"BreadcrumbList\",\"@id\":\"https:\/\/barrsell.com\/urun\/carel-dp030d30ru-buhar-dagiticisi\/#breadcrumb\",\"itemListElement\":[{\"@type\":\"ListItem\",\"position\":1,\"name\":\"Home\",\"item\":\"https:\/\/barrsell.com\/\"},{\"@type\":\"ListItem\",\"position\":2,\"name\":\"\u00dcr\u00fcnler\",\"item\":\"https:\/\/barrsell.com\/en\/products\/\"},{\"@type\":\"ListItem\",\"position\":3,\"name\":\"Carel DP030D30RU Buhar Da\u011f\u0131t\u0131c\u0131s\u0131\"}]},{\"@type\":\"WebSite\",\"@id\":\"https:\/\/barrsell.com\/#website\",\"url\":\"https:\/\/barrsell.com\/\",\"name\":\"Barrsell End\u00fcstri Makine\",\"description\":\"Teknolojiyle G\u00fc\u00e7lenen End\u00fcstriyel \u00c7\u00f6z\u00fcmler!\",\"potentialAction\":[{\"@type\":\"SearchAction\",\"target\":{\"@type\":\"EntryPoint\",\"urlTemplate\":\"https:\/\/barrsell.com\/?s={search_term_string}\"},\"query-input\":\"required name=search_term_string\"}],\"inLanguage\":\"en-US\"}]}<\/script>\n<!-- \/ Yoast SEO Premium plugin. -->","yoast_head_json":{"title":"Carel DP030D30RU Buhar Da\u011f\u0131t\u0131c\u0131s\u0131 | Barrsell End\u00fcstri","description":"Carel DP030D30RU Buhar Da\u011f\u0131t\u0131c\u0131s\u0131 , \u00f6zellikle hassas nemlendirme gereksinimleri ve geni\u015f alanlarda etkili bir nemlendirme sa\u011flar.","robots":{"index":"index","follow":"follow","max-snippet":"max-snippet:-1","max-image-preview":"max-image-preview:large","max-video-preview":"max-video-preview:-1"},"canonical":"https:\/\/barrsell.com\/en\/product\/carel-dp030d30ru-steam-distributor\/","og_locale":"en_US","og_type":"article","og_title":"Carel DP030D30RU Buhar Da\u011f\u0131t\u0131c\u0131s\u0131","og_description":"Carel DP030D30RU Buhar Da\u011f\u0131t\u0131c\u0131s\u0131 , \u00f6zellikle hassas nemlendirme gereksinimleri ve geni\u015f alanlarda etkili bir nemlendirme sa\u011flar.","og_url":"https:\/\/barrsell.com\/en\/product\/carel-dp030d30ru-steam-distributor\/","og_site_name":"Barrsell","article_modified_time":"2024-11-29T15:19:38+00:00","og_image":[{"width":1200,"height":1200,"url":"https:\/\/barrsell.com\/wp-content\/uploads\/2024\/10\/Carel-DP030D30RU-Buhar-Dagitici.png","type":"image\/png"}],"twitter_card":"summary_large_image","twitter_misc":{"Est. reading time":"2 minutes"},"schema":{"@context":"https:\/\/schema.org","@graph":[{"@type":"WebPage","@id":"https:\/\/barrsell.com\/urun\/carel-dp030d30ru-buhar-dagiticisi\/","url":"https:\/\/barrsell.com\/urun\/carel-dp030d30ru-buhar-dagiticisi\/","name":"Carel DP030D30RU Buhar Da\u011f\u0131t\u0131c\u0131s\u0131 | Barrsell End\u00fcstri","isPartOf":{"@id":"https:\/\/barrsell.com\/#website"},"primaryImageOfPage":{"@id":"https:\/\/barrsell.com\/urun\/carel-dp030d30ru-buhar-dagiticisi\/#primaryimage"},"image":{"@id":"https:\/\/barrsell.com\/urun\/carel-dp030d30ru-buhar-dagiticisi\/#primaryimage"},"thumbnailUrl":"https:\/\/barrsell.com\/wp-content\/uploads\/2024\/10\/Carel-DP030D30RU-Buhar-Dagitici.png","datePublished":"2024-10-31T19:17:45+00:00","dateModified":"2024-11-29T15:19:38+00:00","description":"Carel DP030D30RU Buhar Da\u011f\u0131t\u0131c\u0131s\u0131 , \u00f6zellikle hassas nemlendirme gereksinimleri ve geni\u015f alanlarda etkili bir nemlendirme sa\u011flar.","breadcrumb":{"@id":"https:\/\/barrsell.com\/urun\/carel-dp030d30ru-buhar-dagiticisi\/#breadcrumb"},"inLanguage":"en-US","potentialAction":[{"@type":"ReadAction","target":["https:\/\/barrsell.com\/urun\/carel-dp030d30ru-buhar-dagiticisi\/"]}]},{"@type":"ImageObject","inLanguage":"en-US","@id":"https:\/\/barrsell.com\/urun\/carel-dp030d30ru-buhar-dagiticisi\/#primaryimage","url":"https:\/\/barrsell.com\/wp-content\/uploads\/2024\/10\/Carel-DP030D30RU-Buhar-Dagitici.png","contentUrl":"https:\/\/barrsell.com\/wp-content\/uploads\/2024\/10\/Carel-DP030D30RU-Buhar-Dagitici.png","width":1200,"height":1200,"caption":"Carel DP030D30RU Buhar Da\u011f\u0131t\u0131c\u0131"},{"@type":"BreadcrumbList","@id":"https:\/\/barrsell.com\/urun\/carel-dp030d30ru-buhar-dagiticisi\/#breadcrumb","itemListElement":[{"@type":"ListItem","position":1,"name":"Home","item":"https:\/\/barrsell.com\/"},{"@type":"ListItem","position":2,"name":"\u00dcr\u00fcnler","item":"https:\/\/barrsell.com\/en\/products\/"},{"@type":"ListItem","position":3,"name":"Carel DP030D30RU Buhar Da\u011f\u0131t\u0131c\u0131s\u0131"}]},{"@type":"WebSite","@id":"https:\/\/barrsell.com\/#website","url":"https:\/\/barrsell.com\/","name":"Barrsell End\u00fcstri Makine","description":"Teknolojiyle G\u00fc\u00e7lenen End\u00fcstriyel \u00c7\u00f6z\u00fcmler!","potentialAction":[{"@type":"SearchAction","target":{"@type":"EntryPoint","urlTemplate":"https:\/\/barrsell.com\/?s={search_term_string}"},"query-input":"required name=search_term_string"}],"inLanguage":"en-US"}]}},"_links":{"self":[{"href":"https:\/\/barrsell.com\/en\/wp-json\/wp\/v2\/product\/17733","targetHints":{"allow":["GET"]}}],"collection":[{"href":"https:\/\/barrsell.com\/en\/wp-json\/wp\/v2\/product"}],"about":[{"href":"https:\/\/barrsell.com\/en\/wp-json\/wp\/v2\/types\/product"}],"version-history":[{"count":10,"href":"https:\/\/barrsell.com\/en\/wp-json\/wp\/v2\/product\/17733\/revisions"}],"predecessor-version":[{"id":18695,"href":"https:\/\/barrsell.com\/en\/wp-json\/wp\/v2\/product\/17733\/revisions\/18695"}],"wp:featuredmedia":[{"embeddable":true,"href":"https:\/\/barrsell.com\/en\/wp-json\/wp\/v2\/media\/17734"}],"wp:attachment":[{"href":"https:\/\/barrsell.com\/en\/wp-json\/wp\/v2\/media?parent=17733"}],"wp:term":[{"taxonomy":"product_cat","embeddable":true,"href":"https:\/\/barrsell.com\/en\/wp-json\/wp\/v2\/product_cat?post=17733"},{"taxonomy":"product_tag","embeddable":true,"href":"https:\/\/barrsell.com\/en\/wp-json\/wp\/v2\/product_tag?post=17733"}],"curies":[{"name":"wp","href":"https:\/\/api.w.org\/{rel}","templated":true}]}}