{"id":17729,"date":"2024-10-31T19:07:33","date_gmt":"2024-10-31T19:07:33","guid":{"rendered":"https:\/\/barrsell.com\/?post_type=product&#038;p=17729"},"modified":"2024-11-29T16:05:21","modified_gmt":"2024-11-29T16:05:21","slug":"carel-dp030d22ru-buhar-dagiticisi","status":"publish","type":"product","link":"https:\/\/barrsell.com\/en\/product\/carel-dp030d22ru-steam-distributor\/","title":{"rendered":"Carel DP030D22RU Steam Distributor"},"content":{"rendered":"<h2>Carel DP030D22RU Steam Distributor<\/h2>\n<p class=\" translation-block\"><strong>Carel DP030D22RU steam dispenser<\/strong> is a compact device designed to provide <strong>homogen moisture control<\/strong>, especially in small and medium-sized areas. It also responds perfectly to the needs of enterprises with the technology<\/strong>, which saves <strong>, high performance<\/strong>, long life-span material quality<\/strong>, and <strong>energy, energy-saving technology. This device, which can be used in both commercial and industrial applications, creates a comfortable and controlled environment, especially by offering <strong>hassasasas steam distribution<\/strong>.<\/p>\n<h4><strong>Features<\/strong><\/h4>\n<table width=\"0\">\n<tbody>\n<tr>\n<td colspan=\"2\">Learn More<\/td>\n<\/tr>\n<tr>\n<td>Manufacturer<\/td>\n<td><a href=\"https:\/\/barrsell.com\/en\/kategoriler\/buhar-jeneratorleri-nemlendiriciler\/carel-buharli-nemlendirici\/\">Carel<\/a><\/td>\n<\/tr>\n<tr>\n<td>Product Type<\/td>\n<td>Humidification<\/td>\n<\/tr>\n<tr>\n<td>Steam Hose Connection Size<\/td>\n<td>22 mm (0,86 in\u00e7)<\/td>\n<\/tr>\n<tr>\n<td>Buhar Da\u011f\u0131t\u0131c\u0131s\u0131 Maksimum Buhar Kapasitesi<\/td>\n<td>4 Kg\/hour (8.8 lbs\/hour)<\/td>\n<\/tr>\n<tr>\n<td>Buhar Da\u011f\u0131t\u0131c\u0131 Uzunlu\u011fu<\/td>\n<td>300 mm (11,8 in\u00e7)<\/td>\n<\/tr>\n<\/tbody>\n<\/table>\n<h3><strong>Technical Features and Benefits<\/strong><\/h3>\n<h4><strong>1. Steam Distribution Capacity<\/strong><\/h4>\n<ul>\n<li class=\" translation-block\"><em>DP030D22RU<\/em> offers a humidification solution<\/strong> with a steam capacity of 30 kg per hour.<\/li>\n<li class=\" translation-block\">For small or medium-sized areas, a steam distribution device with a <strong>verte is featured as<\/strong>.<\/li>\n<\/ul>\n<h4><strong>2. Compact and Ergonomic Design<\/strong><\/h4>\n<ul>\n<li class=\" translation-block\"><strong>Compact steam dispenser design<\/strong> provides easy installation, even in particularly tight spaces.<\/li>\n<li>Thanks to its lightweight structure, you can move it comfortably and make it easy to install.<\/li>\n<\/ul>\n<h4><strong>3. Homogeneous Steam Distribution<\/strong><\/h4>\n<ul>\n<li>Carel DP030D22RU diffuses steam evenly thanks to its advanced distribution mechanism.<\/li>\n<li class=\" translation-block\">Therefore, <strong>hassas moisture control<\/strong> and provides a comfortable environment.<\/li>\n<\/ul>\n<h4><strong>4. High Durability<\/strong><\/h4>\n<ul>\n<li class=\" translation-block\"><strong>Stainless steel material<\/strong> usage, also ensure the device long life and corrosion resistant.<\/li>\n<li class=\" translation-block\"><strong>Especially the industrial steam distributor<\/strong>, offers a reliable option for those in search.<\/li>\n<\/ul>\n<h4><strong>5. Energy Efficiency<\/strong><\/h4>\n<ul>\n<li>Low energy consumption reduces operating costs. In addition, the optimised steam output of the device keeps the hourly energy consumption to a minimum by increasing energy efficiency, which leads to long-term savings.<\/li>\n<li class=\" translation-block\"><strong>Environmental friendly steam distribution systems are located between<\/strong>.<\/li>\n<\/ul>\n<h4><strong>6. Easy Integration<\/strong><\/h4>\n<ul>\n<li class=\" translation-block\"><em>Carel DP030D22RU<\/em> Carelabin works as <strong>tam compatible<\/strong> with other HVAC systems.<\/li>\n<li class=\" translation-block\"><strong>Modular humidification solutions<\/strong> are ideal for users looking for.<\/li>\n<\/ul>","protected":false},"excerpt":{"rendered":"<ul>\n<li>30 Kg per hour steam capacity<\/li>\n<li>Stainless steel material<\/li>\n<\/ul>","protected":false},"featured_media":17730,"template":"","meta":[],"product_cat":[136],"product_tag":[],"class_list":{"0":"post-17729","1":"product","2":"type-product","3":"status-publish","4":"has-post-thumbnail","6":"product_cat-carel-yedek-parcalari","8":"first","9":"instock","10":"shipping-taxable","11":"product-type-external"},"yoast_head":"<!-- This site is optimized with the Yoast SEO Premium plugin v23.2 (Yoast SEO v23.2) - https:\/\/yoast.com\/wordpress\/plugins\/seo\/ -->\n<title>Carel DP030D22RU Buhar Da\u011f\u0131t\u0131c\u0131s\u0131 | Barrsell End\u00fcstri<\/title>\n<meta name=\"description\" content=\"Carel DP030D22RU buhar da\u011f\u0131t\u0131c\u0131s\u0131, \u00f6zellikle k\u00fc\u00e7\u00fck ve orta \u00f6l\u00e7ekli alanlarda homojen nem kontrol\u00fc sa\u011flamak i\u00e7in tasarlanm\u0131\u015f kompakt bir cihazd\u0131r.\" \/>\n<meta name=\"robots\" content=\"index, follow, max-snippet:-1, max-image-preview:large, max-video-preview:-1\" \/>\n<link rel=\"canonical\" href=\"https:\/\/barrsell.com\/en\/product\/carel-dp030d22ru-steam-distributor\/\" \/>\n<meta property=\"og:locale\" content=\"en_US\" \/>\n<meta property=\"og:type\" content=\"article\" \/>\n<meta property=\"og:title\" content=\"Carel DP030D22RU Buhar Da\u011f\u0131t\u0131c\u0131s\u0131\" \/>\n<meta property=\"og:description\" content=\"Carel DP030D22RU buhar da\u011f\u0131t\u0131c\u0131s\u0131, \u00f6zellikle k\u00fc\u00e7\u00fck ve orta \u00f6l\u00e7ekli alanlarda homojen nem kontrol\u00fc sa\u011flamak i\u00e7in tasarlanm\u0131\u015f kompakt bir cihazd\u0131r.\" \/>\n<meta property=\"og:url\" content=\"https:\/\/barrsell.com\/en\/product\/carel-dp030d22ru-steam-distributor\/\" \/>\n<meta property=\"og:site_name\" content=\"Barrsell\" \/>\n<meta property=\"article:modified_time\" content=\"2024-11-29T16:05:21+00:00\" \/>\n<meta property=\"og:image\" content=\"https:\/\/barrsell.com\/wp-content\/uploads\/2024\/10\/Nemlendirici-DP030D22RU-Buhar-Dagiticisi.png\" \/>\n\t<meta property=\"og:image:width\" content=\"1200\" \/>\n\t<meta property=\"og:image:height\" content=\"1200\" \/>\n\t<meta property=\"og:image:type\" content=\"image\/png\" \/>\n<meta name=\"twitter:card\" content=\"summary_large_image\" \/>\n<meta name=\"twitter:label1\" content=\"Est. reading time\" \/>\n\t<meta name=\"twitter:data1\" content=\"2 minutes\" \/>\n<script type=\"application\/ld+json\" class=\"yoast-schema-graph\">{\"@context\":\"https:\/\/schema.org\",\"@graph\":[{\"@type\":\"WebPage\",\"@id\":\"https:\/\/barrsell.com\/urun\/carel-dp030d22ru-buhar-dagiticisi\/\",\"url\":\"https:\/\/barrsell.com\/urun\/carel-dp030d22ru-buhar-dagiticisi\/\",\"name\":\"Carel DP030D22RU Buhar Da\u011f\u0131t\u0131c\u0131s\u0131 | Barrsell End\u00fcstri\",\"isPartOf\":{\"@id\":\"https:\/\/barrsell.com\/#website\"},\"primaryImageOfPage\":{\"@id\":\"https:\/\/barrsell.com\/urun\/carel-dp030d22ru-buhar-dagiticisi\/#primaryimage\"},\"image\":{\"@id\":\"https:\/\/barrsell.com\/urun\/carel-dp030d22ru-buhar-dagiticisi\/#primaryimage\"},\"thumbnailUrl\":\"https:\/\/barrsell.com\/wp-content\/uploads\/2024\/10\/Nemlendirici-DP030D22RU-Buhar-Dagiticisi.png\",\"datePublished\":\"2024-10-31T19:07:33+00:00\",\"dateModified\":\"2024-11-29T16:05:21+00:00\",\"description\":\"Carel DP030D22RU buhar da\u011f\u0131t\u0131c\u0131s\u0131, \u00f6zellikle k\u00fc\u00e7\u00fck ve orta \u00f6l\u00e7ekli alanlarda homojen nem kontrol\u00fc sa\u011flamak i\u00e7in tasarlanm\u0131\u015f kompakt bir cihazd\u0131r.\",\"breadcrumb\":{\"@id\":\"https:\/\/barrsell.com\/urun\/carel-dp030d22ru-buhar-dagiticisi\/#breadcrumb\"},\"inLanguage\":\"en-US\",\"potentialAction\":[{\"@type\":\"ReadAction\",\"target\":[\"https:\/\/barrsell.com\/urun\/carel-dp030d22ru-buhar-dagiticisi\/\"]}]},{\"@type\":\"ImageObject\",\"inLanguage\":\"en-US\",\"@id\":\"https:\/\/barrsell.com\/urun\/carel-dp030d22ru-buhar-dagiticisi\/#primaryimage\",\"url\":\"https:\/\/barrsell.com\/wp-content\/uploads\/2024\/10\/Nemlendirici-DP030D22RU-Buhar-Dagiticisi.png\",\"contentUrl\":\"https:\/\/barrsell.com\/wp-content\/uploads\/2024\/10\/Nemlendirici-DP030D22RU-Buhar-Dagiticisi.png\",\"width\":1200,\"height\":1200,\"caption\":\"Nemlendirici DP030D22RU Buhar Da\u011f\u0131t\u0131c\u0131s\u0131\"},{\"@type\":\"BreadcrumbList\",\"@id\":\"https:\/\/barrsell.com\/urun\/carel-dp030d22ru-buhar-dagiticisi\/#breadcrumb\",\"itemListElement\":[{\"@type\":\"ListItem\",\"position\":1,\"name\":\"Home\",\"item\":\"https:\/\/barrsell.com\/\"},{\"@type\":\"ListItem\",\"position\":2,\"name\":\"\u00dcr\u00fcnler\",\"item\":\"https:\/\/barrsell.com\/en\/products\/\"},{\"@type\":\"ListItem\",\"position\":3,\"name\":\"Carel DP030D22RU Buhar Da\u011f\u0131t\u0131c\u0131s\u0131\"}]},{\"@type\":\"WebSite\",\"@id\":\"https:\/\/barrsell.com\/#website\",\"url\":\"https:\/\/barrsell.com\/\",\"name\":\"Barrsell End\u00fcstri Makine\",\"description\":\"Teknolojiyle G\u00fc\u00e7lenen End\u00fcstriyel \u00c7\u00f6z\u00fcmler!\",\"potentialAction\":[{\"@type\":\"SearchAction\",\"target\":{\"@type\":\"EntryPoint\",\"urlTemplate\":\"https:\/\/barrsell.com\/?s={search_term_string}\"},\"query-input\":\"required name=search_term_string\"}],\"inLanguage\":\"en-US\"}]}<\/script>\n<!-- \/ Yoast SEO Premium plugin. -->","yoast_head_json":{"title":"Carel DP030D22RU Buhar Da\u011f\u0131t\u0131c\u0131s\u0131 | Barrsell End\u00fcstri","description":"Carel DP030D22RU buhar da\u011f\u0131t\u0131c\u0131s\u0131, \u00f6zellikle k\u00fc\u00e7\u00fck ve orta \u00f6l\u00e7ekli alanlarda homojen nem kontrol\u00fc sa\u011flamak i\u00e7in tasarlanm\u0131\u015f kompakt bir cihazd\u0131r.","robots":{"index":"index","follow":"follow","max-snippet":"max-snippet:-1","max-image-preview":"max-image-preview:large","max-video-preview":"max-video-preview:-1"},"canonical":"https:\/\/barrsell.com\/en\/product\/carel-dp030d22ru-steam-distributor\/","og_locale":"en_US","og_type":"article","og_title":"Carel DP030D22RU Buhar Da\u011f\u0131t\u0131c\u0131s\u0131","og_description":"Carel DP030D22RU buhar da\u011f\u0131t\u0131c\u0131s\u0131, \u00f6zellikle k\u00fc\u00e7\u00fck ve orta \u00f6l\u00e7ekli alanlarda homojen nem kontrol\u00fc sa\u011flamak i\u00e7in tasarlanm\u0131\u015f kompakt bir cihazd\u0131r.","og_url":"https:\/\/barrsell.com\/en\/product\/carel-dp030d22ru-steam-distributor\/","og_site_name":"Barrsell","article_modified_time":"2024-11-29T16:05:21+00:00","og_image":[{"width":1200,"height":1200,"url":"https:\/\/barrsell.com\/wp-content\/uploads\/2024\/10\/Nemlendirici-DP030D22RU-Buhar-Dagiticisi.png","type":"image\/png"}],"twitter_card":"summary_large_image","twitter_misc":{"Est. reading time":"2 minutes"},"schema":{"@context":"https:\/\/schema.org","@graph":[{"@type":"WebPage","@id":"https:\/\/barrsell.com\/urun\/carel-dp030d22ru-buhar-dagiticisi\/","url":"https:\/\/barrsell.com\/urun\/carel-dp030d22ru-buhar-dagiticisi\/","name":"Carel DP030D22RU Buhar Da\u011f\u0131t\u0131c\u0131s\u0131 | Barrsell End\u00fcstri","isPartOf":{"@id":"https:\/\/barrsell.com\/#website"},"primaryImageOfPage":{"@id":"https:\/\/barrsell.com\/urun\/carel-dp030d22ru-buhar-dagiticisi\/#primaryimage"},"image":{"@id":"https:\/\/barrsell.com\/urun\/carel-dp030d22ru-buhar-dagiticisi\/#primaryimage"},"thumbnailUrl":"https:\/\/barrsell.com\/wp-content\/uploads\/2024\/10\/Nemlendirici-DP030D22RU-Buhar-Dagiticisi.png","datePublished":"2024-10-31T19:07:33+00:00","dateModified":"2024-11-29T16:05:21+00:00","description":"Carel DP030D22RU buhar da\u011f\u0131t\u0131c\u0131s\u0131, \u00f6zellikle k\u00fc\u00e7\u00fck ve orta \u00f6l\u00e7ekli alanlarda homojen nem kontrol\u00fc sa\u011flamak i\u00e7in tasarlanm\u0131\u015f kompakt bir cihazd\u0131r.","breadcrumb":{"@id":"https:\/\/barrsell.com\/urun\/carel-dp030d22ru-buhar-dagiticisi\/#breadcrumb"},"inLanguage":"en-US","potentialAction":[{"@type":"ReadAction","target":["https:\/\/barrsell.com\/urun\/carel-dp030d22ru-buhar-dagiticisi\/"]}]},{"@type":"ImageObject","inLanguage":"en-US","@id":"https:\/\/barrsell.com\/urun\/carel-dp030d22ru-buhar-dagiticisi\/#primaryimage","url":"https:\/\/barrsell.com\/wp-content\/uploads\/2024\/10\/Nemlendirici-DP030D22RU-Buhar-Dagiticisi.png","contentUrl":"https:\/\/barrsell.com\/wp-content\/uploads\/2024\/10\/Nemlendirici-DP030D22RU-Buhar-Dagiticisi.png","width":1200,"height":1200,"caption":"Nemlendirici DP030D22RU Buhar Da\u011f\u0131t\u0131c\u0131s\u0131"},{"@type":"BreadcrumbList","@id":"https:\/\/barrsell.com\/urun\/carel-dp030d22ru-buhar-dagiticisi\/#breadcrumb","itemListElement":[{"@type":"ListItem","position":1,"name":"Home","item":"https:\/\/barrsell.com\/"},{"@type":"ListItem","position":2,"name":"\u00dcr\u00fcnler","item":"https:\/\/barrsell.com\/en\/products\/"},{"@type":"ListItem","position":3,"name":"Carel DP030D22RU Buhar Da\u011f\u0131t\u0131c\u0131s\u0131"}]},{"@type":"WebSite","@id":"https:\/\/barrsell.com\/#website","url":"https:\/\/barrsell.com\/","name":"Barrsell End\u00fcstri Makine","description":"Teknolojiyle G\u00fc\u00e7lenen End\u00fcstriyel \u00c7\u00f6z\u00fcmler!","potentialAction":[{"@type":"SearchAction","target":{"@type":"EntryPoint","urlTemplate":"https:\/\/barrsell.com\/?s={search_term_string}"},"query-input":"required name=search_term_string"}],"inLanguage":"en-US"}]}},"_links":{"self":[{"href":"https:\/\/barrsell.com\/en\/wp-json\/wp\/v2\/product\/17729","targetHints":{"allow":["GET"]}}],"collection":[{"href":"https:\/\/barrsell.com\/en\/wp-json\/wp\/v2\/product"}],"about":[{"href":"https:\/\/barrsell.com\/en\/wp-json\/wp\/v2\/types\/product"}],"version-history":[{"count":11,"href":"https:\/\/barrsell.com\/en\/wp-json\/wp\/v2\/product\/17729\/revisions"}],"predecessor-version":[{"id":18702,"href":"https:\/\/barrsell.com\/en\/wp-json\/wp\/v2\/product\/17729\/revisions\/18702"}],"wp:featuredmedia":[{"embeddable":true,"href":"https:\/\/barrsell.com\/en\/wp-json\/wp\/v2\/media\/17730"}],"wp:attachment":[{"href":"https:\/\/barrsell.com\/en\/wp-json\/wp\/v2\/media?parent=17729"}],"wp:term":[{"taxonomy":"product_cat","embeddable":true,"href":"https:\/\/barrsell.com\/en\/wp-json\/wp\/v2\/product_cat?post=17729"},{"taxonomy":"product_tag","embeddable":true,"href":"https:\/\/barrsell.com\/en\/wp-json\/wp\/v2\/product_tag?post=17729"}],"curies":[{"name":"wp","href":"https:\/\/api.w.org\/{rel}","templated":true}]}}