{"id":17724,"date":"2024-10-31T13:01:28","date_gmt":"2024-10-31T13:01:28","guid":{"rendered":"https:\/\/barrsell.com\/?post_type=product&#038;p=17724"},"modified":"2024-11-29T16:22:14","modified_gmt":"2024-11-29T16:22:14","slug":"carel-dp000g3000-conta-takimi","status":"publish","type":"product","link":"https:\/\/barrsell.com\/en\/product\/carel-dp000g3000-gasket-set\/","title":{"rendered":"Carel DP000G3000 Seal Kit"},"content":{"rendered":"<h2>Carel DP000G3000 Seal Kit<\/h2>\n<p class=\" translation-block\">Carel DP000G3000 Seal Kit is a specially designed seal kit that provides high performance and reliable sealing in HVAC (Heating, Ventilation and Air Conditioning) and cooling systems. This kit, which is especially compatible with Carel brand distributors, has been developed to improve system efficiency, ensure tightness and reduce maintenance needs. At the same time, <em>DP000G3000<\/em> is preferred in both commercial and industrial applications thanks to its resistance to harsh temperature and pressure conditions.<\/p>\n<h4><strong>Features<\/strong><\/h4>\n<table width=\"0\">\n<tbody>\n<tr>\n<td colspan=\"2\">Learn More<\/td>\n<\/tr>\n<tr>\n<td>Manufacturer<\/td>\n<td><a href=\"https:\/\/barrsell.com\/en\/kategoriler\/buhar-jeneratorleri-nemlendiriciler\/carel-buharli-nemlendirici\/\">Carel<\/a><\/td>\n<\/tr>\n<tr>\n<td>Product Type<\/td>\n<td>Humidification<\/td>\n<\/tr>\n<tr>\n<td>Steam Hose Connection Size<\/td>\n<td>30 mm (1,18 in\u00e7)<\/td>\n<\/tr>\n<tr>\n<td>Product Length<\/td>\n<td>6,8 in\u00e7 (17,272 cm)<\/td>\n<\/tr>\n<tr>\n<td>Product Width<\/td>\n<td>4,35 in\u00e7 (11,049 cm)<\/td>\n<\/tr>\n<tr>\n<td>Product Height<\/td>\n<td>0,65 in\u00e7 (1,651 cm)<\/td>\n<\/tr>\n<tr>\n<td>Product Weight<\/td>\n<td>0,03 lbs (0,014 kg)<\/td>\n<\/tr>\n<tr>\n<td>Shipping Length<\/td>\n<td>6,8 in\u00e7 (17,272 cm)<\/td>\n<\/tr>\n<tr>\n<td>Transmission Width<\/td>\n<td>4,35 in\u00e7 (11,049 cm)<\/td>\n<\/tr>\n<tr>\n<td>Transportation Height<\/td>\n<td>0,65 in\u00e7 (1,651 cm)<\/td>\n<\/tr>\n<\/tbody>\n<\/table>\n<h4><strong>Technical Features and Benefits<\/strong><\/h4>\n<h4><strong>1. High Durability<\/strong><\/h4>\n<ul>\n<li class=\" translation-block\"><strong>Temperature and pressure resistant material<\/strong> <em>DP000G3000 seal assembly with <\/em>structure provides especially long-lasting performance.<\/li>\n<li class=\" translation-block\"><strong>Industrial steam systems are suitable for<\/strong> and are resistant to abrasion.<\/li>\n<\/ul>\n<h4><strong>2. Sealing Performance<\/strong><\/h4>\n<ul>\n<li>It provides full sealing in steam systems and also improves efficiency.<\/li>\n<li class=\" translation-block\"><strong>Carel spare parts precision seal design<\/strong> prevents energy loss and also steam leaks.<\/li>\n<\/ul>\n<h4><strong>3. Compatible Design<\/strong><\/h4>\n<ul>\n<li class=\" translation-block\"><strong>Carel steam dispensers are fully compatible with<\/strong> and humidification devices.<\/li>\n<li class=\" translation-block\">Thanks to the modular structure, the Carel sealing kit offers easy assembly or replacement parts.<\/li>\n<\/ul>\n<h4><strong>4. Wide Temperature Range<\/strong><\/h4>\n<ul>\n<li>It offers an effective seal at temperatures between -20\u00b0C and 150\u00b0C.<\/li>\n<li class=\" translation-block\">This makes it ideal for <strong>versatile steam systems<\/strong>.<\/li>\n<\/ul>\n<div id=\"product.attributes\" class=\"data item content\" role=\"tabpanel\" data-role=\"content\" aria-labelledby=\"tab-label-product.attributes\" aria-hidden=\"false\">\n<div class=\"additional-attributes-wrapper table-wrapper\"><\/div>\n<\/div>","protected":false},"excerpt":{"rendered":"<ul>\n<li>Temperature and pressure resistant material<\/li>\n<li>Carel spare parts precision gasket design<\/li>\n<\/ul>","protected":false},"featured_media":17725,"template":"","meta":[],"product_cat":[136],"product_tag":[],"class_list":{"0":"post-17724","1":"product","2":"type-product","3":"status-publish","4":"has-post-thumbnail","6":"product_cat-carel-yedek-parcalari","8":"first","9":"instock","10":"shipping-taxable","11":"product-type-external"},"yoast_head":"<!-- This site is optimized with the Yoast SEO Premium plugin v23.2 (Yoast SEO v23.2) - https:\/\/yoast.com\/wordpress\/plugins\/seo\/ -->\n<title>Carel DP000G3000 Conta Tak\u0131m\u0131 | Barrsell End\u00fcstri<\/title>\n<meta name=\"description\" content=\"Carel DP000G3000 Conta Tak\u0131m\u0131 HVAC (Is\u0131tma, Havaland\u0131rma ve \u0130klimlendirme) ve so\u011futma sistemlerinde y\u00fcksek performans ve g\u00fcvenilir.\" \/>\n<meta name=\"robots\" content=\"index, follow, max-snippet:-1, max-image-preview:large, max-video-preview:-1\" \/>\n<link rel=\"canonical\" href=\"https:\/\/barrsell.com\/en\/product\/carel-dp000g3000-gasket-set\/\" \/>\n<meta property=\"og:locale\" content=\"en_US\" \/>\n<meta property=\"og:type\" content=\"article\" \/>\n<meta property=\"og:title\" content=\"Carel DP000G3000 Conta Tak\u0131m\u0131\" \/>\n<meta property=\"og:description\" content=\"Carel DP000G3000 Conta Tak\u0131m\u0131 HVAC (Is\u0131tma, Havaland\u0131rma ve \u0130klimlendirme) ve so\u011futma sistemlerinde y\u00fcksek performans ve g\u00fcvenilir.\" \/>\n<meta property=\"og:url\" content=\"https:\/\/barrsell.com\/en\/product\/carel-dp000g3000-gasket-set\/\" \/>\n<meta property=\"og:site_name\" content=\"Barrsell\" \/>\n<meta property=\"article:modified_time\" content=\"2024-11-29T16:22:14+00:00\" \/>\n<meta property=\"og:image\" content=\"https:\/\/barrsell.com\/wp-content\/uploads\/2024\/10\/Nemlendirici-DP000G3000-Conta-Takimi.png\" \/>\n\t<meta property=\"og:image:width\" content=\"1200\" \/>\n\t<meta property=\"og:image:height\" content=\"1200\" \/>\n\t<meta property=\"og:image:type\" content=\"image\/png\" \/>\n<meta name=\"twitter:card\" content=\"summary_large_image\" \/>\n<meta name=\"twitter:label1\" content=\"Est. reading time\" \/>\n\t<meta name=\"twitter:data1\" content=\"2 minutes\" \/>\n<script type=\"application\/ld+json\" class=\"yoast-schema-graph\">{\"@context\":\"https:\/\/schema.org\",\"@graph\":[{\"@type\":\"WebPage\",\"@id\":\"https:\/\/barrsell.com\/urun\/carel-dp000g3000-conta-takimi\/\",\"url\":\"https:\/\/barrsell.com\/urun\/carel-dp000g3000-conta-takimi\/\",\"name\":\"Carel DP000G3000 Conta Tak\u0131m\u0131 | Barrsell End\u00fcstri\",\"isPartOf\":{\"@id\":\"https:\/\/barrsell.com\/#website\"},\"primaryImageOfPage\":{\"@id\":\"https:\/\/barrsell.com\/urun\/carel-dp000g3000-conta-takimi\/#primaryimage\"},\"image\":{\"@id\":\"https:\/\/barrsell.com\/urun\/carel-dp000g3000-conta-takimi\/#primaryimage\"},\"thumbnailUrl\":\"https:\/\/barrsell.com\/wp-content\/uploads\/2024\/10\/Nemlendirici-DP000G3000-Conta-Takimi.png\",\"datePublished\":\"2024-10-31T13:01:28+00:00\",\"dateModified\":\"2024-11-29T16:22:14+00:00\",\"description\":\"Carel DP000G3000 Conta Tak\u0131m\u0131 HVAC (Is\u0131tma, Havaland\u0131rma ve \u0130klimlendirme) ve so\u011futma sistemlerinde y\u00fcksek performans ve g\u00fcvenilir.\",\"breadcrumb\":{\"@id\":\"https:\/\/barrsell.com\/urun\/carel-dp000g3000-conta-takimi\/#breadcrumb\"},\"inLanguage\":\"en-US\",\"potentialAction\":[{\"@type\":\"ReadAction\",\"target\":[\"https:\/\/barrsell.com\/urun\/carel-dp000g3000-conta-takimi\/\"]}]},{\"@type\":\"ImageObject\",\"inLanguage\":\"en-US\",\"@id\":\"https:\/\/barrsell.com\/urun\/carel-dp000g3000-conta-takimi\/#primaryimage\",\"url\":\"https:\/\/barrsell.com\/wp-content\/uploads\/2024\/10\/Nemlendirici-DP000G3000-Conta-Takimi.png\",\"contentUrl\":\"https:\/\/barrsell.com\/wp-content\/uploads\/2024\/10\/Nemlendirici-DP000G3000-Conta-Takimi.png\",\"width\":1200,\"height\":1200,\"caption\":\"Nemlendirici DP000G3000 Conta Tak\u0131m\u0131\"},{\"@type\":\"BreadcrumbList\",\"@id\":\"https:\/\/barrsell.com\/urun\/carel-dp000g3000-conta-takimi\/#breadcrumb\",\"itemListElement\":[{\"@type\":\"ListItem\",\"position\":1,\"name\":\"Home\",\"item\":\"https:\/\/barrsell.com\/\"},{\"@type\":\"ListItem\",\"position\":2,\"name\":\"\u00dcr\u00fcnler\",\"item\":\"https:\/\/barrsell.com\/en\/products\/\"},{\"@type\":\"ListItem\",\"position\":3,\"name\":\"Carel DP000G3000 Conta Tak\u0131m\u0131\"}]},{\"@type\":\"WebSite\",\"@id\":\"https:\/\/barrsell.com\/#website\",\"url\":\"https:\/\/barrsell.com\/\",\"name\":\"Barrsell End\u00fcstri Makine\",\"description\":\"Teknolojiyle G\u00fc\u00e7lenen End\u00fcstriyel \u00c7\u00f6z\u00fcmler!\",\"potentialAction\":[{\"@type\":\"SearchAction\",\"target\":{\"@type\":\"EntryPoint\",\"urlTemplate\":\"https:\/\/barrsell.com\/?s={search_term_string}\"},\"query-input\":\"required name=search_term_string\"}],\"inLanguage\":\"en-US\"}]}<\/script>\n<!-- \/ Yoast SEO Premium plugin. -->","yoast_head_json":{"title":"Carel DP000G3000 Conta Tak\u0131m\u0131 | Barrsell End\u00fcstri","description":"Carel DP000G3000 Conta Tak\u0131m\u0131 HVAC (Is\u0131tma, Havaland\u0131rma ve \u0130klimlendirme) ve so\u011futma sistemlerinde y\u00fcksek performans ve g\u00fcvenilir.","robots":{"index":"index","follow":"follow","max-snippet":"max-snippet:-1","max-image-preview":"max-image-preview:large","max-video-preview":"max-video-preview:-1"},"canonical":"https:\/\/barrsell.com\/en\/product\/carel-dp000g3000-gasket-set\/","og_locale":"en_US","og_type":"article","og_title":"Carel DP000G3000 Conta Tak\u0131m\u0131","og_description":"Carel DP000G3000 Conta Tak\u0131m\u0131 HVAC (Is\u0131tma, Havaland\u0131rma ve \u0130klimlendirme) ve so\u011futma sistemlerinde y\u00fcksek performans ve g\u00fcvenilir.","og_url":"https:\/\/barrsell.com\/en\/product\/carel-dp000g3000-gasket-set\/","og_site_name":"Barrsell","article_modified_time":"2024-11-29T16:22:14+00:00","og_image":[{"width":1200,"height":1200,"url":"https:\/\/barrsell.com\/wp-content\/uploads\/2024\/10\/Nemlendirici-DP000G3000-Conta-Takimi.png","type":"image\/png"}],"twitter_card":"summary_large_image","twitter_misc":{"Est. reading time":"2 minutes"},"schema":{"@context":"https:\/\/schema.org","@graph":[{"@type":"WebPage","@id":"https:\/\/barrsell.com\/urun\/carel-dp000g3000-conta-takimi\/","url":"https:\/\/barrsell.com\/urun\/carel-dp000g3000-conta-takimi\/","name":"Carel DP000G3000 Conta Tak\u0131m\u0131 | Barrsell End\u00fcstri","isPartOf":{"@id":"https:\/\/barrsell.com\/#website"},"primaryImageOfPage":{"@id":"https:\/\/barrsell.com\/urun\/carel-dp000g3000-conta-takimi\/#primaryimage"},"image":{"@id":"https:\/\/barrsell.com\/urun\/carel-dp000g3000-conta-takimi\/#primaryimage"},"thumbnailUrl":"https:\/\/barrsell.com\/wp-content\/uploads\/2024\/10\/Nemlendirici-DP000G3000-Conta-Takimi.png","datePublished":"2024-10-31T13:01:28+00:00","dateModified":"2024-11-29T16:22:14+00:00","description":"Carel DP000G3000 Conta Tak\u0131m\u0131 HVAC (Is\u0131tma, Havaland\u0131rma ve \u0130klimlendirme) ve so\u011futma sistemlerinde y\u00fcksek performans ve g\u00fcvenilir.","breadcrumb":{"@id":"https:\/\/barrsell.com\/urun\/carel-dp000g3000-conta-takimi\/#breadcrumb"},"inLanguage":"en-US","potentialAction":[{"@type":"ReadAction","target":["https:\/\/barrsell.com\/urun\/carel-dp000g3000-conta-takimi\/"]}]},{"@type":"ImageObject","inLanguage":"en-US","@id":"https:\/\/barrsell.com\/urun\/carel-dp000g3000-conta-takimi\/#primaryimage","url":"https:\/\/barrsell.com\/wp-content\/uploads\/2024\/10\/Nemlendirici-DP000G3000-Conta-Takimi.png","contentUrl":"https:\/\/barrsell.com\/wp-content\/uploads\/2024\/10\/Nemlendirici-DP000G3000-Conta-Takimi.png","width":1200,"height":1200,"caption":"Nemlendirici DP000G3000 Conta Tak\u0131m\u0131"},{"@type":"BreadcrumbList","@id":"https:\/\/barrsell.com\/urun\/carel-dp000g3000-conta-takimi\/#breadcrumb","itemListElement":[{"@type":"ListItem","position":1,"name":"Home","item":"https:\/\/barrsell.com\/"},{"@type":"ListItem","position":2,"name":"\u00dcr\u00fcnler","item":"https:\/\/barrsell.com\/en\/products\/"},{"@type":"ListItem","position":3,"name":"Carel DP000G3000 Conta Tak\u0131m\u0131"}]},{"@type":"WebSite","@id":"https:\/\/barrsell.com\/#website","url":"https:\/\/barrsell.com\/","name":"Barrsell End\u00fcstri Makine","description":"Teknolojiyle G\u00fc\u00e7lenen End\u00fcstriyel \u00c7\u00f6z\u00fcmler!","potentialAction":[{"@type":"SearchAction","target":{"@type":"EntryPoint","urlTemplate":"https:\/\/barrsell.com\/?s={search_term_string}"},"query-input":"required name=search_term_string"}],"inLanguage":"en-US"}]}},"_links":{"self":[{"href":"https:\/\/barrsell.com\/en\/wp-json\/wp\/v2\/product\/17724","targetHints":{"allow":["GET"]}}],"collection":[{"href":"https:\/\/barrsell.com\/en\/wp-json\/wp\/v2\/product"}],"about":[{"href":"https:\/\/barrsell.com\/en\/wp-json\/wp\/v2\/types\/product"}],"version-history":[{"count":9,"href":"https:\/\/barrsell.com\/en\/wp-json\/wp\/v2\/product\/17724\/revisions"}],"predecessor-version":[{"id":18710,"href":"https:\/\/barrsell.com\/en\/wp-json\/wp\/v2\/product\/17724\/revisions\/18710"}],"wp:featuredmedia":[{"embeddable":true,"href":"https:\/\/barrsell.com\/en\/wp-json\/wp\/v2\/media\/17725"}],"wp:attachment":[{"href":"https:\/\/barrsell.com\/en\/wp-json\/wp\/v2\/media?parent=17724"}],"wp:term":[{"taxonomy":"product_cat","embeddable":true,"href":"https:\/\/barrsell.com\/en\/wp-json\/wp\/v2\/product_cat?post=17724"},{"taxonomy":"product_tag","embeddable":true,"href":"https:\/\/barrsell.com\/en\/wp-json\/wp\/v2\/product_tag?post=17724"}],"curies":[{"name":"wp","href":"https:\/\/api.w.org\/{rel}","templated":true}]}}