{"id":17719,"date":"2024-10-31T12:56:44","date_gmt":"2024-10-31T12:56:44","guid":{"rendered":"https:\/\/barrsell.com\/?post_type=product&#038;p=17719"},"modified":"2024-11-29T16:38:22","modified_gmt":"2024-11-29T16:38:22","slug":"carel-dp000g2200-conta-takimi","status":"publish","type":"product","link":"https:\/\/barrsell.com\/en\/product\/carel-dp000g2200-gasket-set\/","title":{"rendered":"Carel DP000G2200 Gasket Kit"},"content":{"rendered":"<h2>Carel DP000G2200 Gasket Kit<\/h2>\n<p>Carel DP000G2200 Gasket Kit is a high quality kit designed for use in HVAC (Heating, Ventilation and Air Conditioning) systems. In particular, the Carel gasket kit ensures efficient operation of the devices, optimizes sealing and ensures long durability.<\/p>\n<h4><strong>Features<\/strong><\/h4>\n<table width=\"0\">\n<tbody>\n<tr>\n<td colspan=\"2\">Learn More<\/td>\n<\/tr>\n<tr>\n<td>Manufacturer<\/td>\n<td><a href=\"https:\/\/barrsell.com\/en\/kategoriler\/buhar-jeneratorleri-nemlendiriciler\/carel-buharli-nemlendirici\/\">Carel<\/a><\/td>\n<\/tr>\n<tr>\n<td>Product Type<\/td>\n<td>Humidification<\/td>\n<\/tr>\n<tr>\n<td>Steam Hose Connection Size<\/td>\n<td>22 mm (0,86 in\u00e7)<\/td>\n<\/tr>\n<tr>\n<td>Product Length<\/td>\n<td>6,3 in\u00e7 (16,002 cm)<\/td>\n<\/tr>\n<tr>\n<td>Product Width<\/td>\n<td>4,55 in\u00e7 (11,557 cm)<\/td>\n<\/tr>\n<tr>\n<td>Product Height<\/td>\n<td>0,5 in\u00e7 (1,270 cm)<\/td>\n<\/tr>\n<tr>\n<td>Product Weight<\/td>\n<td>0,02 lb (0,009 kg)<\/td>\n<\/tr>\n<tr>\n<td>Shipping Length<\/td>\n<td>6,3 in\u00e7 (16,002 cm)<\/td>\n<\/tr>\n<tr>\n<td>Transmission Width<\/td>\n<td>4,55 in\u00e7 (11,557 cm)<\/td>\n<\/tr>\n<tr>\n<td>Transportation Height<\/td>\n<td>0,45 in\u00e7 (1,143 cm)<\/td>\n<\/tr>\n<\/tbody>\n<\/table>\n<h4>Technical Specifications<\/h4>\n<ol>\n<li class=\" translation-block\"><strong>High Quality Materials <\/strong>: <em>The Carel DP000G2200 seal kit is resistant to high temperature and pressure. In addition, this gasket kit ensures that performance does not degrade even in long-term use.<\/li>\n<li class=\" translation-block\"><strong>Sealing Performance<\/strong>: The kit provides a high level of sealing in HVAC systems. This prevents refrigerant or air from escaping and increases energy efficiency.<\/li>\n<li class=\" translation-block\"><strong>Heat and Pressure Resistance<\/strong>: Resistant to high temperature and pressure conditions. In this way, you can safely use it in commercial and industrial applications.<\/li>\n<li class=\" translation-block\">Size and Fit The Carel DP000G2200 gasket kit is manufactured to be compatible with a variety of systems. The gaskets in the kit are ideally sized to work with Carel brand distributors.<\/li>\n<li class=\" translation-block\"><strong>Long Lasting Use<\/strong>: Thanks to its robust construction, the seal kit reduces the frequency of maintenance. And thus ensures a long-lasting performance.<\/li>\n<\/ol>\n<h4 id=\"tab-label-product.attributes\" class=\"data item title\" tabindex=\"0\" role=\"tab\" aria-labeledby=\"tab-label-product.attributes-title\" data-role=\"title\" aria-controls=\"product.attributes\" aria-selected=\"true\" aria-expanded=\"true\"><\/h4>","protected":false},"excerpt":{"rendered":"<ul>\n<li>Sealing Performance<\/li>\n<li>Heat and Pressure Resistance<\/li>\n<\/ul>","protected":false},"featured_media":17721,"template":"","meta":[],"product_cat":[136],"product_tag":[],"class_list":{"0":"post-17719","1":"product","2":"type-product","3":"status-publish","4":"has-post-thumbnail","6":"product_cat-carel-yedek-parcalari","8":"first","9":"instock","10":"shipping-taxable","11":"product-type-external"},"yoast_head":"<!-- This site is optimized with the Yoast SEO Premium plugin v23.2 (Yoast SEO v23.2) - https:\/\/yoast.com\/wordpress\/plugins\/seo\/ -->\n<title>Carel DP000G2200 Conta Tak\u0131m\u0131 | Barrsell End\u00fcstri<\/title>\n<meta name=\"description\" content=\"Carel DP000G2200 Conta Tak\u0131m\u0131 \u00f6zellikle HVAC (Is\u0131tma, Havaland\u0131rma ve \u0130klimlendirme) sistemlerinde kullan\u0131lmak \u00fczere tasarlanm\u0131\u015ft\u0131r.\" \/>\n<meta name=\"robots\" content=\"index, follow, max-snippet:-1, max-image-preview:large, max-video-preview:-1\" \/>\n<link rel=\"canonical\" href=\"https:\/\/barrsell.com\/en\/product\/carel-dp000g2200-gasket-set\/\" \/>\n<meta property=\"og:locale\" content=\"en_US\" \/>\n<meta property=\"og:type\" content=\"article\" \/>\n<meta property=\"og:title\" content=\"Carel DP000G2200 Conta Tak\u0131m\u0131\" \/>\n<meta property=\"og:description\" content=\"Carel DP000G2200 Conta Tak\u0131m\u0131 \u00f6zellikle HVAC (Is\u0131tma, Havaland\u0131rma ve \u0130klimlendirme) sistemlerinde kullan\u0131lmak \u00fczere tasarlanm\u0131\u015ft\u0131r.\" \/>\n<meta property=\"og:url\" content=\"https:\/\/barrsell.com\/en\/product\/carel-dp000g2200-gasket-set\/\" \/>\n<meta property=\"og:site_name\" content=\"Barrsell\" \/>\n<meta property=\"article:modified_time\" content=\"2024-11-29T16:38:22+00:00\" \/>\n<meta property=\"og:image\" content=\"https:\/\/barrsell.com\/wp-content\/uploads\/2024\/10\/Nemlendirici-DP000G2200-Conta-Takimi.png\" \/>\n\t<meta property=\"og:image:width\" content=\"1200\" \/>\n\t<meta property=\"og:image:height\" content=\"1200\" \/>\n\t<meta property=\"og:image:type\" content=\"image\/png\" \/>\n<meta name=\"twitter:card\" content=\"summary_large_image\" \/>\n<meta name=\"twitter:label1\" content=\"Est. reading time\" \/>\n\t<meta name=\"twitter:data1\" content=\"2 minutes\" \/>\n<script type=\"application\/ld+json\" class=\"yoast-schema-graph\">{\"@context\":\"https:\/\/schema.org\",\"@graph\":[{\"@type\":\"WebPage\",\"@id\":\"https:\/\/barrsell.com\/urun\/carel-dp000g2200-conta-takimi\/\",\"url\":\"https:\/\/barrsell.com\/urun\/carel-dp000g2200-conta-takimi\/\",\"name\":\"Carel DP000G2200 Conta Tak\u0131m\u0131 | Barrsell End\u00fcstri\",\"isPartOf\":{\"@id\":\"https:\/\/barrsell.com\/#website\"},\"primaryImageOfPage\":{\"@id\":\"https:\/\/barrsell.com\/urun\/carel-dp000g2200-conta-takimi\/#primaryimage\"},\"image\":{\"@id\":\"https:\/\/barrsell.com\/urun\/carel-dp000g2200-conta-takimi\/#primaryimage\"},\"thumbnailUrl\":\"https:\/\/barrsell.com\/wp-content\/uploads\/2024\/10\/Nemlendirici-DP000G2200-Conta-Takimi.png\",\"datePublished\":\"2024-10-31T12:56:44+00:00\",\"dateModified\":\"2024-11-29T16:38:22+00:00\",\"description\":\"Carel DP000G2200 Conta Tak\u0131m\u0131 \u00f6zellikle HVAC (Is\u0131tma, Havaland\u0131rma ve \u0130klimlendirme) sistemlerinde kullan\u0131lmak \u00fczere tasarlanm\u0131\u015ft\u0131r.\",\"breadcrumb\":{\"@id\":\"https:\/\/barrsell.com\/urun\/carel-dp000g2200-conta-takimi\/#breadcrumb\"},\"inLanguage\":\"en-US\",\"potentialAction\":[{\"@type\":\"ReadAction\",\"target\":[\"https:\/\/barrsell.com\/urun\/carel-dp000g2200-conta-takimi\/\"]}]},{\"@type\":\"ImageObject\",\"inLanguage\":\"en-US\",\"@id\":\"https:\/\/barrsell.com\/urun\/carel-dp000g2200-conta-takimi\/#primaryimage\",\"url\":\"https:\/\/barrsell.com\/wp-content\/uploads\/2024\/10\/Nemlendirici-DP000G2200-Conta-Takimi.png\",\"contentUrl\":\"https:\/\/barrsell.com\/wp-content\/uploads\/2024\/10\/Nemlendirici-DP000G2200-Conta-Takimi.png\",\"width\":1200,\"height\":1200,\"caption\":\"Nemlendirici DP000G2200 Conta Tak\u0131m\u0131\"},{\"@type\":\"BreadcrumbList\",\"@id\":\"https:\/\/barrsell.com\/urun\/carel-dp000g2200-conta-takimi\/#breadcrumb\",\"itemListElement\":[{\"@type\":\"ListItem\",\"position\":1,\"name\":\"Home\",\"item\":\"https:\/\/barrsell.com\/\"},{\"@type\":\"ListItem\",\"position\":2,\"name\":\"\u00dcr\u00fcnler\",\"item\":\"https:\/\/barrsell.com\/en\/products\/\"},{\"@type\":\"ListItem\",\"position\":3,\"name\":\"Carel DP000G2200 Conta Tak\u0131m\u0131\"}]},{\"@type\":\"WebSite\",\"@id\":\"https:\/\/barrsell.com\/#website\",\"url\":\"https:\/\/barrsell.com\/\",\"name\":\"Barrsell End\u00fcstri Makine\",\"description\":\"Teknolojiyle G\u00fc\u00e7lenen End\u00fcstriyel \u00c7\u00f6z\u00fcmler!\",\"potentialAction\":[{\"@type\":\"SearchAction\",\"target\":{\"@type\":\"EntryPoint\",\"urlTemplate\":\"https:\/\/barrsell.com\/?s={search_term_string}\"},\"query-input\":\"required name=search_term_string\"}],\"inLanguage\":\"en-US\"}]}<\/script>\n<!-- \/ Yoast SEO Premium plugin. -->","yoast_head_json":{"title":"Carel DP000G2200 Conta Tak\u0131m\u0131 | Barrsell End\u00fcstri","description":"Carel DP000G2200 Conta Tak\u0131m\u0131 \u00f6zellikle HVAC (Is\u0131tma, Havaland\u0131rma ve \u0130klimlendirme) sistemlerinde kullan\u0131lmak \u00fczere tasarlanm\u0131\u015ft\u0131r.","robots":{"index":"index","follow":"follow","max-snippet":"max-snippet:-1","max-image-preview":"max-image-preview:large","max-video-preview":"max-video-preview:-1"},"canonical":"https:\/\/barrsell.com\/en\/product\/carel-dp000g2200-gasket-set\/","og_locale":"en_US","og_type":"article","og_title":"Carel DP000G2200 Conta Tak\u0131m\u0131","og_description":"Carel DP000G2200 Conta Tak\u0131m\u0131 \u00f6zellikle HVAC (Is\u0131tma, Havaland\u0131rma ve \u0130klimlendirme) sistemlerinde kullan\u0131lmak \u00fczere tasarlanm\u0131\u015ft\u0131r.","og_url":"https:\/\/barrsell.com\/en\/product\/carel-dp000g2200-gasket-set\/","og_site_name":"Barrsell","article_modified_time":"2024-11-29T16:38:22+00:00","og_image":[{"width":1200,"height":1200,"url":"https:\/\/barrsell.com\/wp-content\/uploads\/2024\/10\/Nemlendirici-DP000G2200-Conta-Takimi.png","type":"image\/png"}],"twitter_card":"summary_large_image","twitter_misc":{"Est. reading time":"2 minutes"},"schema":{"@context":"https:\/\/schema.org","@graph":[{"@type":"WebPage","@id":"https:\/\/barrsell.com\/urun\/carel-dp000g2200-conta-takimi\/","url":"https:\/\/barrsell.com\/urun\/carel-dp000g2200-conta-takimi\/","name":"Carel DP000G2200 Conta Tak\u0131m\u0131 | Barrsell End\u00fcstri","isPartOf":{"@id":"https:\/\/barrsell.com\/#website"},"primaryImageOfPage":{"@id":"https:\/\/barrsell.com\/urun\/carel-dp000g2200-conta-takimi\/#primaryimage"},"image":{"@id":"https:\/\/barrsell.com\/urun\/carel-dp000g2200-conta-takimi\/#primaryimage"},"thumbnailUrl":"https:\/\/barrsell.com\/wp-content\/uploads\/2024\/10\/Nemlendirici-DP000G2200-Conta-Takimi.png","datePublished":"2024-10-31T12:56:44+00:00","dateModified":"2024-11-29T16:38:22+00:00","description":"Carel DP000G2200 Conta Tak\u0131m\u0131 \u00f6zellikle HVAC (Is\u0131tma, Havaland\u0131rma ve \u0130klimlendirme) sistemlerinde kullan\u0131lmak \u00fczere tasarlanm\u0131\u015ft\u0131r.","breadcrumb":{"@id":"https:\/\/barrsell.com\/urun\/carel-dp000g2200-conta-takimi\/#breadcrumb"},"inLanguage":"en-US","potentialAction":[{"@type":"ReadAction","target":["https:\/\/barrsell.com\/urun\/carel-dp000g2200-conta-takimi\/"]}]},{"@type":"ImageObject","inLanguage":"en-US","@id":"https:\/\/barrsell.com\/urun\/carel-dp000g2200-conta-takimi\/#primaryimage","url":"https:\/\/barrsell.com\/wp-content\/uploads\/2024\/10\/Nemlendirici-DP000G2200-Conta-Takimi.png","contentUrl":"https:\/\/barrsell.com\/wp-content\/uploads\/2024\/10\/Nemlendirici-DP000G2200-Conta-Takimi.png","width":1200,"height":1200,"caption":"Nemlendirici DP000G2200 Conta Tak\u0131m\u0131"},{"@type":"BreadcrumbList","@id":"https:\/\/barrsell.com\/urun\/carel-dp000g2200-conta-takimi\/#breadcrumb","itemListElement":[{"@type":"ListItem","position":1,"name":"Home","item":"https:\/\/barrsell.com\/"},{"@type":"ListItem","position":2,"name":"\u00dcr\u00fcnler","item":"https:\/\/barrsell.com\/en\/products\/"},{"@type":"ListItem","position":3,"name":"Carel DP000G2200 Conta Tak\u0131m\u0131"}]},{"@type":"WebSite","@id":"https:\/\/barrsell.com\/#website","url":"https:\/\/barrsell.com\/","name":"Barrsell End\u00fcstri Makine","description":"Teknolojiyle G\u00fc\u00e7lenen End\u00fcstriyel \u00c7\u00f6z\u00fcmler!","potentialAction":[{"@type":"SearchAction","target":{"@type":"EntryPoint","urlTemplate":"https:\/\/barrsell.com\/?s={search_term_string}"},"query-input":"required name=search_term_string"}],"inLanguage":"en-US"}]}},"_links":{"self":[{"href":"https:\/\/barrsell.com\/en\/wp-json\/wp\/v2\/product\/17719","targetHints":{"allow":["GET"]}}],"collection":[{"href":"https:\/\/barrsell.com\/en\/wp-json\/wp\/v2\/product"}],"about":[{"href":"https:\/\/barrsell.com\/en\/wp-json\/wp\/v2\/types\/product"}],"version-history":[{"count":7,"href":"https:\/\/barrsell.com\/en\/wp-json\/wp\/v2\/product\/17719\/revisions"}],"predecessor-version":[{"id":18715,"href":"https:\/\/barrsell.com\/en\/wp-json\/wp\/v2\/product\/17719\/revisions\/18715"}],"wp:featuredmedia":[{"embeddable":true,"href":"https:\/\/barrsell.com\/en\/wp-json\/wp\/v2\/media\/17721"}],"wp:attachment":[{"href":"https:\/\/barrsell.com\/en\/wp-json\/wp\/v2\/media?parent=17719"}],"wp:term":[{"taxonomy":"product_cat","embeddable":true,"href":"https:\/\/barrsell.com\/en\/wp-json\/wp\/v2\/product_cat?post=17719"},{"taxonomy":"product_tag","embeddable":true,"href":"https:\/\/barrsell.com\/en\/wp-json\/wp\/v2\/product_tag?post=17719"}],"curies":[{"name":"wp","href":"https:\/\/api.w.org\/{rel}","templated":true}]}}