{"id":17712,"date":"2024-10-31T09:02:04","date_gmt":"2024-10-31T09:02:04","guid":{"rendered":"https:\/\/barrsell.com\/?post_type=product&#038;p=17712"},"modified":"2024-12-04T11:16:16","modified_gmt":"2024-12-04T11:16:16","slug":"tuz-terapi-kabini-1-kisilik","status":"publish","type":"product","link":"https:\/\/barrsell.com\/en\/product\/salt-therapy-cabinet-1-person\/","title":{"rendered":"Salt Therapy Cabin for 1 Person"},"content":{"rendered":"<h2>Construction and Technical Specifications of Salt Therapy Cabin for 1 Person<\/h2>\n<p>Salt Therapy Cabin 1 person design are private spaces designed to benefit from the healing properties of salt. These cabins are usually built for individual use and aim to promote health, relaxation and stress reduction. In this article, we will give information about how salt therapy cabins for 1 person are built, their construction processes and technical details.<\/p>\n<div id=\"attachment_18716\" style=\"width: 1034px\" class=\"wp-caption aligncenter\"><a href=\"https:\/\/barrsell.com\/wp-content\/uploads\/2024\/10\/tuz-terapi.png\"><img fetchpriority=\"high\" decoding=\"async\" aria-describedby=\"caption-attachment-18716\" class=\"wp-image-18716 size-large\" src=\"https:\/\/barrsell.com\/wp-content\/uploads\/2024\/10\/tuz-terapi-1024x1024.png\" alt=\"\" width=\"1024\" height=\"1024\" srcset=\"https:\/\/barrsell.com\/wp-content\/uploads\/2024\/10\/tuz-terapi-1024x1024.png 1024w, https:\/\/barrsell.com\/wp-content\/uploads\/2024\/10\/tuz-terapi-300x300.png 300w, https:\/\/barrsell.com\/wp-content\/uploads\/2024\/10\/tuz-terapi-150x150.png 150w, https:\/\/barrsell.com\/wp-content\/uploads\/2024\/10\/tuz-terapi-768x768.png 768w, https:\/\/barrsell.com\/wp-content\/uploads\/2024\/10\/tuz-terapi-12x12.png 12w, https:\/\/barrsell.com\/wp-content\/uploads\/2024\/10\/tuz-terapi-600x600.png 600w, https:\/\/barrsell.com\/wp-content\/uploads\/2024\/10\/tuz-terapi-50x50.png 50w, https:\/\/barrsell.com\/wp-content\/uploads\/2024\/10\/tuz-terapi-100x100.png 100w, https:\/\/barrsell.com\/wp-content\/uploads\/2024\/10\/tuz-terapi.png 1200w\" sizes=\"(max-width: 1024px) 100vw, 1024px\" \/><\/a><p id=\"caption-attachment-18716\" class=\"wp-caption-text\">salt therapy<\/p><\/div>\n<h4>What is a Salt Therapy Cabinet?<\/h4>\n<p>The purpose of these cabins is to use the negative ions derived from salt to open the respiratory tract, support skin health and increase overall well-being. The cabins usually have interiors lined with natural salt blocks, ensuring that users have a comfortable experience.<\/p>\n<h4>Salt Therapy Cabinet Construction Process<\/h4>\n<h4>1. Design Phase<\/h4>\n<p>The construction of a salt therapy cabin starts with a detailed design process. At this stage, we determine the dimensions of the cabin, the interior layout and the necessary equipment. In particular, cabins for 1 person should generally have dimensions of 1.2 x 1.2 x 2.0 meters. In addition, this design is ideal so that the user can sit comfortably and the salt therapy can be carried out effectively.<\/p>\n<h4>2. Material Selection<\/h4>\n<p class=\" translation-block\">The materials used in the construction of the cabin maximize the effect of the salt.<strong>Materials commonly used include:<\/strong><\/p>\n<ul>\n<li class=\" translation-block\"><strong>Natural Salt Blocks<\/strong>: These are materials used to line the interior surface of the cabin. These blocks increase the release of salt and ionize the air.<\/li>\n<li class=\" translation-block\"><strong>Wood and Metal Structures<\/strong>: The cabin frame is usually made of wood or metal. In addition, wood offers a natural aesthetic, while metal structures provide durability.<\/li>\n<li class=\" translation-block\"><strong>Insulation Materials<\/strong>: Special insulation materials are used to provide sound and temperature insulation on the outer surface of the cabins.<\/li>\n<\/ul>\n<h4>3. Construction Process<\/h4>\n<p>The construction process includes the following steps:<\/p>\n<ul>\n<li class=\" translation-block\"><strong>Foundation and Frame Building<\/strong>: First, the basic structure of the cabinet is formed. In addition, a wooden or metal frame increases the durability of the cabin.<\/li>\n<li class=\" translation-block\"><strong><font style=\"vertical-align: inherit\"><font style=\"vertical-align: inherit\">Insulation <\/font><\/font><\/strong>:Appropriate insulation materials should be installed to maintain the temperature of the interior and to ensure sound insulation.<\/li>\n<li><strong>Placement of Salt Blocks<\/strong>: The interior is covered with salt blocks. These blocks offer an aesthetic appearance and increase the effectiveness of the therapy.<\/li>\n<li class=\" translation-block\"><strong>Ventilation and Lighting<\/strong>: Appropriate ventilation systems and lighting are provided inside the cabin. This in turn provides a relaxing environment for the user.<\/li>\n<li class=\" translation-block\"><strong>Control Systems<\/strong>: We integrate digital control systems to adjust the temperature and humidity levels inside the cabin. This increases user comfort.<\/li>\n<\/ul>\n<h4>Salt Therapy Cabinet Technical Specifications<\/h4>\n<ol>\n<li class=\" translation-block\"><strong>Boyut ve Kapasite<\/strong>: Salt therapy cabins for 1 person <a href=\"https:\/\/wdteknoloji.com\/tuz-odasi\/\" target=\"_self\">tuz terapi kabinleri<\/a>usually measure 1.2 m x 1.2 m x 2.0 m, which provides enough space for one person to sit comfortably.<\/li>\n<li><strong>Temperature and Humidity Control<\/strong>The temperature inside the cabin is usually in the range of 20-25 \u00b0C. At the same time, the humidity is between 50-60%. This allows the salt to be released efficiently.<\/li>\n<li><strong>Air Filtration System<\/strong>There are high-quality filtration systems for cleaning indoor air. This system also filters allergens and pollutants from the air.<\/li>\n<li><strong>Sound Insulation<\/strong>: By providing sound insulation inside the cabin, external sounds are blocked and therapy is provided in a quiet environment.<\/li>\n<li><strong>Safety Features<\/strong>: Cabins will be designed with user safety in mind. Electrical systems, heating and lighting equipment comply with safety standards.<\/li>\n<\/ol>\n<div id=\"attachment_18718\" style=\"width: 1034px\" class=\"wp-caption aligncenter\"><a href=\"https:\/\/barrsell.com\/wp-content\/uploads\/2024\/10\/tuz-terapi-odasi-1-kisilik.webp\"><img decoding=\"async\" aria-describedby=\"caption-attachment-18718\" class=\"wp-image-18718 size-full\" src=\"https:\/\/barrsell.com\/wp-content\/uploads\/2024\/10\/tuz-terapi-odasi-1-kisilik.webp\" alt=\"\" width=\"1024\" height=\"1024\" srcset=\"https:\/\/barrsell.com\/wp-content\/uploads\/2024\/10\/tuz-terapi-odasi-1-kisilik.webp 1024w, https:\/\/barrsell.com\/wp-content\/uploads\/2024\/10\/tuz-terapi-odasi-1-kisilik-300x300.webp 300w, https:\/\/barrsell.com\/wp-content\/uploads\/2024\/10\/tuz-terapi-odasi-1-kisilik-150x150.webp 150w, https:\/\/barrsell.com\/wp-content\/uploads\/2024\/10\/tuz-terapi-odasi-1-kisilik-768x768.webp 768w, https:\/\/barrsell.com\/wp-content\/uploads\/2024\/10\/tuz-terapi-odasi-1-kisilik-12x12.webp 12w, https:\/\/barrsell.com\/wp-content\/uploads\/2024\/10\/tuz-terapi-odasi-1-kisilik-600x600.webp 600w, https:\/\/barrsell.com\/wp-content\/uploads\/2024\/10\/tuz-terapi-odasi-1-kisilik-50x50.webp 50w, https:\/\/barrsell.com\/wp-content\/uploads\/2024\/10\/tuz-terapi-odasi-1-kisilik-100x100.webp 100w\" sizes=\"(max-width: 1024px) 100vw, 1024px\" \/><\/a><p id=\"caption-attachment-18718\" class=\"wp-caption-text\">salt therapy room for 1 person<\/p><\/div>","protected":false},"excerpt":{"rendered":"<ul>\n<li><strong>LED Lighting:<\/strong> A peaceful environment with adjustable color and brightness options.<\/li>\n<li class=\" translation-block\"><strong>Easy Installation:<\/strong> Fast and practical assembly thanks to modular structure.<\/li>\n<\/ul>","protected":false},"featured_media":17714,"template":"","meta":[],"product_cat":[762],"product_tag":[],"class_list":{"0":"post-17712","1":"product","2":"type-product","3":"status-publish","4":"has-post-thumbnail","6":"product_cat-tuz-terapi-kabinleri","8":"first","9":"instock","10":"shipping-taxable","11":"product-type-external"},"yoast_head":"<!-- This site is optimized with the Yoast SEO Premium plugin v23.2 (Yoast SEO v23.2) - https:\/\/yoast.com\/wordpress\/plugins\/seo\/ -->\n<title>Tuz Terapi Kabini 1 Ki\u015filik | Barrsell End\u00fcstri<\/title>\n<meta name=\"description\" content=\"Tuz Terapi Kabini 1 ki\u015filik tasar\u0131m, tuzun iyile\u015ftirici \u00f6zelliklerinden yararlanmak amac\u0131yla tasarlanm\u0131\u015f \u00f6zel alanlard\u0131r.\" \/>\n<meta name=\"robots\" content=\"index, follow, max-snippet:-1, max-image-preview:large, max-video-preview:-1\" \/>\n<link rel=\"canonical\" href=\"https:\/\/barrsell.com\/en\/product\/salt-therapy-cabinet-1-person\/\" \/>\n<meta property=\"og:locale\" content=\"en_US\" \/>\n<meta property=\"og:type\" content=\"article\" \/>\n<meta property=\"og:title\" content=\"Tuz Terapi Kabini 1 Ki\u015filik\" \/>\n<meta property=\"og:description\" content=\"Tuz Terapi Kabini 1 ki\u015filik tasar\u0131m, tuzun iyile\u015ftirici \u00f6zelliklerinden yararlanmak amac\u0131yla tasarlanm\u0131\u015f \u00f6zel alanlard\u0131r.\" \/>\n<meta property=\"og:url\" content=\"https:\/\/barrsell.com\/en\/product\/salt-therapy-cabinet-1-person\/\" \/>\n<meta property=\"og:site_name\" content=\"Barrsell\" \/>\n<meta property=\"article:modified_time\" content=\"2024-12-04T11:16:16+00:00\" \/>\n<meta property=\"og:image\" content=\"https:\/\/barrsell.com\/wp-content\/uploads\/2024\/10\/Tuz-Terapi-Kabini-1-Kisilik-1024x1024.png\" \/>\n\t<meta property=\"og:image:width\" content=\"1024\" \/>\n\t<meta property=\"og:image:height\" content=\"1024\" \/>\n\t<meta property=\"og:image:type\" content=\"image\/png\" \/>\n<meta name=\"twitter:card\" content=\"summary_large_image\" \/>\n<meta name=\"twitter:label1\" content=\"Est. reading time\" \/>\n\t<meta name=\"twitter:data1\" content=\"4 minutes\" \/>\n<script type=\"application\/ld+json\" class=\"yoast-schema-graph\">{\"@context\":\"https:\/\/schema.org\",\"@graph\":[{\"@type\":\"WebPage\",\"@id\":\"https:\/\/barrsell.com\/urun\/tuz-terapi-kabini-1-kisilik\/\",\"url\":\"https:\/\/barrsell.com\/urun\/tuz-terapi-kabini-1-kisilik\/\",\"name\":\"Tuz Terapi Kabini 1 Ki\u015filik | Barrsell End\u00fcstri\",\"isPartOf\":{\"@id\":\"https:\/\/barrsell.com\/#website\"},\"primaryImageOfPage\":{\"@id\":\"https:\/\/barrsell.com\/urun\/tuz-terapi-kabini-1-kisilik\/#primaryimage\"},\"image\":{\"@id\":\"https:\/\/barrsell.com\/urun\/tuz-terapi-kabini-1-kisilik\/#primaryimage\"},\"thumbnailUrl\":\"https:\/\/barrsell.com\/wp-content\/uploads\/2024\/10\/Tuz-Terapi-Kabini-1-Kisilik.png\",\"datePublished\":\"2024-10-31T09:02:04+00:00\",\"dateModified\":\"2024-12-04T11:16:16+00:00\",\"description\":\"Tuz Terapi Kabini 1 ki\u015filik tasar\u0131m, tuzun iyile\u015ftirici \u00f6zelliklerinden yararlanmak amac\u0131yla tasarlanm\u0131\u015f \u00f6zel alanlard\u0131r.\",\"breadcrumb\":{\"@id\":\"https:\/\/barrsell.com\/urun\/tuz-terapi-kabini-1-kisilik\/#breadcrumb\"},\"inLanguage\":\"en-US\",\"potentialAction\":[{\"@type\":\"ReadAction\",\"target\":[\"https:\/\/barrsell.com\/urun\/tuz-terapi-kabini-1-kisilik\/\"]}]},{\"@type\":\"ImageObject\",\"inLanguage\":\"en-US\",\"@id\":\"https:\/\/barrsell.com\/urun\/tuz-terapi-kabini-1-kisilik\/#primaryimage\",\"url\":\"https:\/\/barrsell.com\/wp-content\/uploads\/2024\/10\/Tuz-Terapi-Kabini-1-Kisilik.png\",\"contentUrl\":\"https:\/\/barrsell.com\/wp-content\/uploads\/2024\/10\/Tuz-Terapi-Kabini-1-Kisilik.png\",\"width\":1200,\"height\":1200,\"caption\":\"Tuz Terapi Kabini 1 Ki\u015filik\"},{\"@type\":\"BreadcrumbList\",\"@id\":\"https:\/\/barrsell.com\/urun\/tuz-terapi-kabini-1-kisilik\/#breadcrumb\",\"itemListElement\":[{\"@type\":\"ListItem\",\"position\":1,\"name\":\"Home\",\"item\":\"https:\/\/barrsell.com\/\"},{\"@type\":\"ListItem\",\"position\":2,\"name\":\"\u00dcr\u00fcnler\",\"item\":\"https:\/\/barrsell.com\/en\/products\/\"},{\"@type\":\"ListItem\",\"position\":3,\"name\":\"Tuz Terapi Kabini 1 Ki\u015filik\"}]},{\"@type\":\"WebSite\",\"@id\":\"https:\/\/barrsell.com\/#website\",\"url\":\"https:\/\/barrsell.com\/\",\"name\":\"Barrsell End\u00fcstri Makine\",\"description\":\"Teknolojiyle G\u00fc\u00e7lenen End\u00fcstriyel \u00c7\u00f6z\u00fcmler!\",\"potentialAction\":[{\"@type\":\"SearchAction\",\"target\":{\"@type\":\"EntryPoint\",\"urlTemplate\":\"https:\/\/barrsell.com\/?s={search_term_string}\"},\"query-input\":\"required name=search_term_string\"}],\"inLanguage\":\"en-US\"}]}<\/script>\n<!-- \/ Yoast SEO Premium plugin. -->","yoast_head_json":{"title":"Tuz Terapi Kabini 1 Ki\u015filik | Barrsell End\u00fcstri","description":"Tuz Terapi Kabini 1 ki\u015filik tasar\u0131m, tuzun iyile\u015ftirici \u00f6zelliklerinden yararlanmak amac\u0131yla tasarlanm\u0131\u015f \u00f6zel alanlard\u0131r.","robots":{"index":"index","follow":"follow","max-snippet":"max-snippet:-1","max-image-preview":"max-image-preview:large","max-video-preview":"max-video-preview:-1"},"canonical":"https:\/\/barrsell.com\/en\/product\/salt-therapy-cabinet-1-person\/","og_locale":"en_US","og_type":"article","og_title":"Tuz Terapi Kabini 1 Ki\u015filik","og_description":"Tuz Terapi Kabini 1 ki\u015filik tasar\u0131m, tuzun iyile\u015ftirici \u00f6zelliklerinden yararlanmak amac\u0131yla tasarlanm\u0131\u015f \u00f6zel alanlard\u0131r.","og_url":"https:\/\/barrsell.com\/en\/product\/salt-therapy-cabinet-1-person\/","og_site_name":"Barrsell","article_modified_time":"2024-12-04T11:16:16+00:00","og_image":[{"width":1024,"height":1024,"url":"https:\/\/barrsell.com\/wp-content\/uploads\/2024\/10\/Tuz-Terapi-Kabini-1-Kisilik-1024x1024.png","type":"image\/png"}],"twitter_card":"summary_large_image","twitter_misc":{"Est. reading time":"4 minutes"},"schema":{"@context":"https:\/\/schema.org","@graph":[{"@type":"WebPage","@id":"https:\/\/barrsell.com\/urun\/tuz-terapi-kabini-1-kisilik\/","url":"https:\/\/barrsell.com\/urun\/tuz-terapi-kabini-1-kisilik\/","name":"Tuz Terapi Kabini 1 Ki\u015filik | Barrsell End\u00fcstri","isPartOf":{"@id":"https:\/\/barrsell.com\/#website"},"primaryImageOfPage":{"@id":"https:\/\/barrsell.com\/urun\/tuz-terapi-kabini-1-kisilik\/#primaryimage"},"image":{"@id":"https:\/\/barrsell.com\/urun\/tuz-terapi-kabini-1-kisilik\/#primaryimage"},"thumbnailUrl":"https:\/\/barrsell.com\/wp-content\/uploads\/2024\/10\/Tuz-Terapi-Kabini-1-Kisilik.png","datePublished":"2024-10-31T09:02:04+00:00","dateModified":"2024-12-04T11:16:16+00:00","description":"Tuz Terapi Kabini 1 ki\u015filik tasar\u0131m, tuzun iyile\u015ftirici \u00f6zelliklerinden yararlanmak amac\u0131yla tasarlanm\u0131\u015f \u00f6zel alanlard\u0131r.","breadcrumb":{"@id":"https:\/\/barrsell.com\/urun\/tuz-terapi-kabini-1-kisilik\/#breadcrumb"},"inLanguage":"en-US","potentialAction":[{"@type":"ReadAction","target":["https:\/\/barrsell.com\/urun\/tuz-terapi-kabini-1-kisilik\/"]}]},{"@type":"ImageObject","inLanguage":"en-US","@id":"https:\/\/barrsell.com\/urun\/tuz-terapi-kabini-1-kisilik\/#primaryimage","url":"https:\/\/barrsell.com\/wp-content\/uploads\/2024\/10\/Tuz-Terapi-Kabini-1-Kisilik.png","contentUrl":"https:\/\/barrsell.com\/wp-content\/uploads\/2024\/10\/Tuz-Terapi-Kabini-1-Kisilik.png","width":1200,"height":1200,"caption":"Tuz Terapi Kabini 1 Ki\u015filik"},{"@type":"BreadcrumbList","@id":"https:\/\/barrsell.com\/urun\/tuz-terapi-kabini-1-kisilik\/#breadcrumb","itemListElement":[{"@type":"ListItem","position":1,"name":"Home","item":"https:\/\/barrsell.com\/"},{"@type":"ListItem","position":2,"name":"\u00dcr\u00fcnler","item":"https:\/\/barrsell.com\/en\/products\/"},{"@type":"ListItem","position":3,"name":"Tuz Terapi Kabini 1 Ki\u015filik"}]},{"@type":"WebSite","@id":"https:\/\/barrsell.com\/#website","url":"https:\/\/barrsell.com\/","name":"Barrsell End\u00fcstri Makine","description":"Teknolojiyle G\u00fc\u00e7lenen End\u00fcstriyel \u00c7\u00f6z\u00fcmler!","potentialAction":[{"@type":"SearchAction","target":{"@type":"EntryPoint","urlTemplate":"https:\/\/barrsell.com\/?s={search_term_string}"},"query-input":"required name=search_term_string"}],"inLanguage":"en-US"}]}},"_links":{"self":[{"href":"https:\/\/barrsell.com\/en\/wp-json\/wp\/v2\/product\/17712","targetHints":{"allow":["GET"]}}],"collection":[{"href":"https:\/\/barrsell.com\/en\/wp-json\/wp\/v2\/product"}],"about":[{"href":"https:\/\/barrsell.com\/en\/wp-json\/wp\/v2\/types\/product"}],"version-history":[{"count":6,"href":"https:\/\/barrsell.com\/en\/wp-json\/wp\/v2\/product\/17712\/revisions"}],"predecessor-version":[{"id":18732,"href":"https:\/\/barrsell.com\/en\/wp-json\/wp\/v2\/product\/17712\/revisions\/18732"}],"wp:featuredmedia":[{"embeddable":true,"href":"https:\/\/barrsell.com\/en\/wp-json\/wp\/v2\/media\/17714"}],"wp:attachment":[{"href":"https:\/\/barrsell.com\/en\/wp-json\/wp\/v2\/media?parent=17712"}],"wp:term":[{"taxonomy":"product_cat","embeddable":true,"href":"https:\/\/barrsell.com\/en\/wp-json\/wp\/v2\/product_cat?post=17712"},{"taxonomy":"product_tag","embeddable":true,"href":"https:\/\/barrsell.com\/en\/wp-json\/wp\/v2\/product_tag?post=17712"}],"curies":[{"name":"wp","href":"https:\/\/api.w.org\/{rel}","templated":true}]}}