{"id":17696,"date":"2024-10-31T08:49:26","date_gmt":"2024-10-31T08:49:26","guid":{"rendered":"https:\/\/barrsell.com\/?post_type=product&#038;p=17696"},"modified":"2024-12-04T11:26:27","modified_gmt":"2024-12-04T11:26:27","slug":"tuz-terapi-kabini-3-kisilik","status":"publish","type":"product","link":"https:\/\/barrsell.com\/en\/product\/salt-therapy-cabinet-3-person\/","title":{"rendered":"Salt Therapy Cabin for 3 Persons"},"content":{"rendered":"<h2>Salt Therapy Cabin for 3 Persons: Construction Process and Stages<\/h2>\n<p>The first step of the salt therapy cabin 3 Personality is the design phase. Especially at this stage, the dimensions, shape and internal layout of the cabin should be determined. At the same time, ergonomic and aesthetic elements should be considered to increase user comfort. In addition, elements such as the placement of salt inside the cabin, ventilation systems and lighting are also taken into consideration in the design.<\/p>\n<div id=\"attachment_18729\" style=\"width: 1034px\" class=\"wp-caption alignnone\"><a href=\"https:\/\/barrsell.com\/wp-content\/uploads\/2024\/10\/Tuz-Terapi-Kabini-3-kisilik-tuz-odasi.webp\"><img fetchpriority=\"high\" decoding=\"async\" aria-describedby=\"caption-attachment-18729\" class=\"wp-image-18729 size-large\" src=\"https:\/\/barrsell.com\/wp-content\/uploads\/2024\/10\/Tuz-Terapi-Kabini-3-kisilik-tuz-odasi-1024x585.webp\" alt=\"\" width=\"1024\" height=\"585\" srcset=\"https:\/\/barrsell.com\/wp-content\/uploads\/2024\/10\/Tuz-Terapi-Kabini-3-kisilik-tuz-odasi-1024x585.webp 1024w, https:\/\/barrsell.com\/wp-content\/uploads\/2024\/10\/Tuz-Terapi-Kabini-3-kisilik-tuz-odasi-300x171.webp 300w, https:\/\/barrsell.com\/wp-content\/uploads\/2024\/10\/Tuz-Terapi-Kabini-3-kisilik-tuz-odasi-768x439.webp 768w, https:\/\/barrsell.com\/wp-content\/uploads\/2024\/10\/Tuz-Terapi-Kabini-3-kisilik-tuz-odasi-1536x878.webp 1536w, https:\/\/barrsell.com\/wp-content\/uploads\/2024\/10\/Tuz-Terapi-Kabini-3-kisilik-tuz-odasi-18x10.webp 18w, https:\/\/barrsell.com\/wp-content\/uploads\/2024\/10\/Tuz-Terapi-Kabini-3-kisilik-tuz-odasi-1200x686.webp 1200w, https:\/\/barrsell.com\/wp-content\/uploads\/2024\/10\/Tuz-Terapi-Kabini-3-kisilik-tuz-odasi-150x86.webp 150w, https:\/\/barrsell.com\/wp-content\/uploads\/2024\/10\/Tuz-Terapi-Kabini-3-kisilik-tuz-odasi.webp 1792w\" sizes=\"(max-width: 1024px) 100vw, 1024px\" \/><\/a><p id=\"caption-attachment-18729\" class=\"wp-caption-text\">Salt Therapy Cabin for 3 persons - salt room<\/p><\/div>\n<h3><strong>Design and Technical Specifications<\/strong><\/h3>\n<h4><strong>1. Salt Therapy Cabinet Dimensions<\/strong><\/h4>\n<ul>\n<li><strong>Space Requirement:<\/strong>\n<ul>\n<li class=\" translation-block\"><strong>Minimum Internal Dimensions:<\/strong> 3 m\u00b2 (e.g. 2m x 1.5m x 2.2m height)<\/li>\n<li class=\" translation-block\"><strong>Door Width:<\/strong> At least 80 cm, wide glass door.<\/li>\n<li class=\" translation-block\"><strong>Capacity:<\/strong> Seating for 3 people. Also space for comfortable armchairs or horizontal position.<\/li>\n<\/ul>\n<\/li>\n<\/ul>\n<h4><strong>2. Structural Materials<\/strong><\/h4>\n<ul>\n<li><strong>Wall Cladding<\/strong>\n<ul>\n<li>Salt room himalayan rock salt panels (3-5 cm thickness).<\/li>\n<li>Decorative salt stones with LED lighting on the back panel.<\/li>\n<li>Side or roof surfaces, heat-resistant wood (e.g. cedar or pine).<\/li>\n<\/ul>\n<\/li>\n<li><strong>Floor:<\/strong>\n<ul>\n<li>Covered with anti-bacterial, easy-to-clean salt granules.<\/li>\n<\/ul>\n<\/li>\n<li><strong>Insulation<\/strong>\n<ul>\n<li class=\" translation-block\"><em>Salt cabinet<\/em> acoustic panels for noise isolation.<\/li>\n<li>Insulation layer for temperature and humidity control.<\/li>\n<\/ul>\n<\/li>\n<\/ul>\n<h4><strong>Material Selection<\/strong><\/h4>\n<p>The features used in salt therapy cabins are of great importance. This is why we typically opt for materials such as natural salt, wood and glass.<\/p>\n<h4><strong>Construction Process<\/strong><\/h4>\n<div class=\"flex max-w-full flex-col flex-grow\">\n<div class=\"min-h-8 text-message flex w-full flex-col items-end gap-2 whitespace-normal break-words [.text-message+&amp;]:mt-5\" dir=\"auto\" data-message-author-role=\"assistant\" data-message-id=\"5a9937ea-a51c-4c6f-bde1-6f0620b07620\" data-message-model-slug=\"gpt-4o\">\n<div class=\"flex w-full flex-col gap-1 empty:hidden first:pt-[3px]\">\n<div class=\"markdown prose w-full break-words dark:prose-invert light\">\n<p>Once the materials have been identified, we start to implement the construction systems. Also, the replacement of wooden leaves starts with the construction of the walls and ceiling. We cover the walls with special salt blocks to organize the salt layers. This stage is therefore critical to maximize the therapeutic duration of the salt.<\/p>\n<\/div>\n<\/div>\n<\/div>\n<\/div>\n<h4><strong>Testing and Tuning<\/strong><\/h4>\n<p>After the construction of the halotherapy cabin is completed, various tests are carried out. Thus, factors such as the effectiveness of the ventilation system, the diffusion of salt and the characteristics of the indoor environment are reviewed. We make the necessary adjustments to improve user comfort. At this stage, the safe and effective assembly of the cabin<\/p>","protected":false},"excerpt":{"rendered":"<ul>\n<li><strong>Space Requirement:<\/strong>\n<ul>\n<li class=\" translation-block\"><strong>Minimum Internal Dimensions:<\/strong> 3 m\u00b2 (e.g. 2m x 1.5m x 2.2m height)<\/li>\n<li class=\" translation-block\"><strong>Door Width:<\/strong> At least 80 cm, wide glass door.<\/li>\n<li class=\" translation-block\"><strong>Capacity:<\/strong> Seating for 3 people. Also space for comfortable armchairs or horizontal position.<\/li>\n<\/ul>\n<\/li>\n<\/ul>","protected":false},"featured_media":17697,"template":"","meta":[],"product_cat":[762],"product_tag":[],"class_list":{"0":"post-17696","1":"product","2":"type-product","3":"status-publish","4":"has-post-thumbnail","6":"product_cat-tuz-terapi-kabinleri","8":"first","9":"instock","10":"shipping-taxable","11":"product-type-simple"},"yoast_head":"<!-- This site is optimized with the Yoast SEO Premium plugin v23.2 (Yoast SEO v23.2) - https:\/\/yoast.com\/wordpress\/plugins\/seo\/ -->\n<title>Tuz Terapi Kabini 3 Ki\u015filik | Barrsell End\u00fcstri<\/title>\n<meta name=\"description\" content=\"Tuz Terapi Kabini 3 Ki\u015filik ilk ad\u0131m\u0131, tasar\u0131m a\u015famas\u0131d\u0131r. Bu a\u015famada kabinin boyutlar\u0131, \u015fekli ve i\u00e7 d\u00fczeni belirlenir. Ard\u0131ndan tuzun yerle\u015fimi ayarlan\u0131r.\" \/>\n<meta name=\"robots\" content=\"index, follow, max-snippet:-1, max-image-preview:large, max-video-preview:-1\" \/>\n<link rel=\"canonical\" href=\"https:\/\/barrsell.com\/en\/product\/salt-therapy-cabinet-3-person\/\" \/>\n<meta property=\"og:locale\" content=\"en_US\" \/>\n<meta property=\"og:type\" content=\"article\" \/>\n<meta property=\"og:title\" content=\"Tuz Terapi Kabini 3 Ki\u015filik\" \/>\n<meta property=\"og:description\" content=\"Tuz Terapi Kabini 3 Ki\u015filik ilk ad\u0131m\u0131, tasar\u0131m a\u015famas\u0131d\u0131r. Bu a\u015famada kabinin boyutlar\u0131, \u015fekli ve i\u00e7 d\u00fczeni belirlenir. Ard\u0131ndan tuzun yerle\u015fimi ayarlan\u0131r.\" \/>\n<meta property=\"og:url\" content=\"https:\/\/barrsell.com\/en\/product\/salt-therapy-cabinet-3-person\/\" \/>\n<meta property=\"og:site_name\" content=\"Barrsell\" \/>\n<meta property=\"article:modified_time\" content=\"2024-12-04T11:26:27+00:00\" \/>\n<meta property=\"og:image\" content=\"https:\/\/barrsell.com\/wp-content\/uploads\/2024\/10\/Tuz-Terapi-Kabini-3-Kisilik.webp\" \/>\n\t<meta property=\"og:image:width\" content=\"1024\" \/>\n\t<meta property=\"og:image:height\" content=\"1024\" \/>\n\t<meta property=\"og:image:type\" content=\"image\/webp\" \/>\n<meta name=\"twitter:card\" content=\"summary_large_image\" \/>\n<meta name=\"twitter:label1\" content=\"Est. reading time\" \/>\n\t<meta name=\"twitter:data1\" content=\"3 minutes\" \/>\n<script type=\"application\/ld+json\" class=\"yoast-schema-graph\">{\"@context\":\"https:\/\/schema.org\",\"@graph\":[{\"@type\":\"WebPage\",\"@id\":\"https:\/\/barrsell.com\/urun\/tuz-terapi-kabini-3-kisilik\/\",\"url\":\"https:\/\/barrsell.com\/urun\/tuz-terapi-kabini-3-kisilik\/\",\"name\":\"Tuz Terapi Kabini 3 Ki\u015filik | Barrsell End\u00fcstri\",\"isPartOf\":{\"@id\":\"https:\/\/barrsell.com\/#website\"},\"primaryImageOfPage\":{\"@id\":\"https:\/\/barrsell.com\/urun\/tuz-terapi-kabini-3-kisilik\/#primaryimage\"},\"image\":{\"@id\":\"https:\/\/barrsell.com\/urun\/tuz-terapi-kabini-3-kisilik\/#primaryimage\"},\"thumbnailUrl\":\"https:\/\/barrsell.com\/wp-content\/uploads\/2024\/10\/Tuz-Terapi-Kabini-3-Kisilik.webp\",\"datePublished\":\"2024-10-31T08:49:26+00:00\",\"dateModified\":\"2024-12-04T11:26:27+00:00\",\"description\":\"Tuz Terapi Kabini 3 Ki\u015filik ilk ad\u0131m\u0131, tasar\u0131m a\u015famas\u0131d\u0131r. Bu a\u015famada kabinin boyutlar\u0131, \u015fekli ve i\u00e7 d\u00fczeni belirlenir. Ard\u0131ndan tuzun yerle\u015fimi ayarlan\u0131r.\",\"breadcrumb\":{\"@id\":\"https:\/\/barrsell.com\/urun\/tuz-terapi-kabini-3-kisilik\/#breadcrumb\"},\"inLanguage\":\"en-US\",\"potentialAction\":[{\"@type\":\"ReadAction\",\"target\":[\"https:\/\/barrsell.com\/urun\/tuz-terapi-kabini-3-kisilik\/\"]}]},{\"@type\":\"ImageObject\",\"inLanguage\":\"en-US\",\"@id\":\"https:\/\/barrsell.com\/urun\/tuz-terapi-kabini-3-kisilik\/#primaryimage\",\"url\":\"https:\/\/barrsell.com\/wp-content\/uploads\/2024\/10\/Tuz-Terapi-Kabini-3-Kisilik.webp\",\"contentUrl\":\"https:\/\/barrsell.com\/wp-content\/uploads\/2024\/10\/Tuz-Terapi-Kabini-3-Kisilik.webp\",\"width\":1024,\"height\":1024,\"caption\":\"Tuz Terapi Kabini 3 Ki\u015filik\"},{\"@type\":\"BreadcrumbList\",\"@id\":\"https:\/\/barrsell.com\/urun\/tuz-terapi-kabini-3-kisilik\/#breadcrumb\",\"itemListElement\":[{\"@type\":\"ListItem\",\"position\":1,\"name\":\"Home\",\"item\":\"https:\/\/barrsell.com\/\"},{\"@type\":\"ListItem\",\"position\":2,\"name\":\"\u00dcr\u00fcnler\",\"item\":\"https:\/\/barrsell.com\/en\/products\/\"},{\"@type\":\"ListItem\",\"position\":3,\"name\":\"Tuz Terapi Kabini 3 Ki\u015filik\"}]},{\"@type\":\"WebSite\",\"@id\":\"https:\/\/barrsell.com\/#website\",\"url\":\"https:\/\/barrsell.com\/\",\"name\":\"Barrsell End\u00fcstri Makine\",\"description\":\"Teknolojiyle G\u00fc\u00e7lenen End\u00fcstriyel \u00c7\u00f6z\u00fcmler!\",\"potentialAction\":[{\"@type\":\"SearchAction\",\"target\":{\"@type\":\"EntryPoint\",\"urlTemplate\":\"https:\/\/barrsell.com\/?s={search_term_string}\"},\"query-input\":\"required name=search_term_string\"}],\"inLanguage\":\"en-US\"}]}<\/script>\n<!-- \/ Yoast SEO Premium plugin. -->","yoast_head_json":{"title":"Tuz Terapi Kabini 3 Ki\u015filik | Barrsell End\u00fcstri","description":"Tuz Terapi Kabini 3 Ki\u015filik ilk ad\u0131m\u0131, tasar\u0131m a\u015famas\u0131d\u0131r. Bu a\u015famada kabinin boyutlar\u0131, \u015fekli ve i\u00e7 d\u00fczeni belirlenir. Ard\u0131ndan tuzun yerle\u015fimi ayarlan\u0131r.","robots":{"index":"index","follow":"follow","max-snippet":"max-snippet:-1","max-image-preview":"max-image-preview:large","max-video-preview":"max-video-preview:-1"},"canonical":"https:\/\/barrsell.com\/en\/product\/salt-therapy-cabinet-3-person\/","og_locale":"en_US","og_type":"article","og_title":"Tuz Terapi Kabini 3 Ki\u015filik","og_description":"Tuz Terapi Kabini 3 Ki\u015filik ilk ad\u0131m\u0131, tasar\u0131m a\u015famas\u0131d\u0131r. Bu a\u015famada kabinin boyutlar\u0131, \u015fekli ve i\u00e7 d\u00fczeni belirlenir. Ard\u0131ndan tuzun yerle\u015fimi ayarlan\u0131r.","og_url":"https:\/\/barrsell.com\/en\/product\/salt-therapy-cabinet-3-person\/","og_site_name":"Barrsell","article_modified_time":"2024-12-04T11:26:27+00:00","og_image":[{"width":1024,"height":1024,"url":"https:\/\/barrsell.com\/wp-content\/uploads\/2024\/10\/Tuz-Terapi-Kabini-3-Kisilik.webp","type":"image\/webp"}],"twitter_card":"summary_large_image","twitter_misc":{"Est. reading time":"3 minutes"},"schema":{"@context":"https:\/\/schema.org","@graph":[{"@type":"WebPage","@id":"https:\/\/barrsell.com\/urun\/tuz-terapi-kabini-3-kisilik\/","url":"https:\/\/barrsell.com\/urun\/tuz-terapi-kabini-3-kisilik\/","name":"Tuz Terapi Kabini 3 Ki\u015filik | Barrsell End\u00fcstri","isPartOf":{"@id":"https:\/\/barrsell.com\/#website"},"primaryImageOfPage":{"@id":"https:\/\/barrsell.com\/urun\/tuz-terapi-kabini-3-kisilik\/#primaryimage"},"image":{"@id":"https:\/\/barrsell.com\/urun\/tuz-terapi-kabini-3-kisilik\/#primaryimage"},"thumbnailUrl":"https:\/\/barrsell.com\/wp-content\/uploads\/2024\/10\/Tuz-Terapi-Kabini-3-Kisilik.webp","datePublished":"2024-10-31T08:49:26+00:00","dateModified":"2024-12-04T11:26:27+00:00","description":"Tuz Terapi Kabini 3 Ki\u015filik ilk ad\u0131m\u0131, tasar\u0131m a\u015famas\u0131d\u0131r. Bu a\u015famada kabinin boyutlar\u0131, \u015fekli ve i\u00e7 d\u00fczeni belirlenir. Ard\u0131ndan tuzun yerle\u015fimi ayarlan\u0131r.","breadcrumb":{"@id":"https:\/\/barrsell.com\/urun\/tuz-terapi-kabini-3-kisilik\/#breadcrumb"},"inLanguage":"en-US","potentialAction":[{"@type":"ReadAction","target":["https:\/\/barrsell.com\/urun\/tuz-terapi-kabini-3-kisilik\/"]}]},{"@type":"ImageObject","inLanguage":"en-US","@id":"https:\/\/barrsell.com\/urun\/tuz-terapi-kabini-3-kisilik\/#primaryimage","url":"https:\/\/barrsell.com\/wp-content\/uploads\/2024\/10\/Tuz-Terapi-Kabini-3-Kisilik.webp","contentUrl":"https:\/\/barrsell.com\/wp-content\/uploads\/2024\/10\/Tuz-Terapi-Kabini-3-Kisilik.webp","width":1024,"height":1024,"caption":"Tuz Terapi Kabini 3 Ki\u015filik"},{"@type":"BreadcrumbList","@id":"https:\/\/barrsell.com\/urun\/tuz-terapi-kabini-3-kisilik\/#breadcrumb","itemListElement":[{"@type":"ListItem","position":1,"name":"Home","item":"https:\/\/barrsell.com\/"},{"@type":"ListItem","position":2,"name":"\u00dcr\u00fcnler","item":"https:\/\/barrsell.com\/en\/products\/"},{"@type":"ListItem","position":3,"name":"Tuz Terapi Kabini 3 Ki\u015filik"}]},{"@type":"WebSite","@id":"https:\/\/barrsell.com\/#website","url":"https:\/\/barrsell.com\/","name":"Barrsell End\u00fcstri Makine","description":"Teknolojiyle G\u00fc\u00e7lenen End\u00fcstriyel \u00c7\u00f6z\u00fcmler!","potentialAction":[{"@type":"SearchAction","target":{"@type":"EntryPoint","urlTemplate":"https:\/\/barrsell.com\/?s={search_term_string}"},"query-input":"required name=search_term_string"}],"inLanguage":"en-US"}]}},"_links":{"self":[{"href":"https:\/\/barrsell.com\/en\/wp-json\/wp\/v2\/product\/17696","targetHints":{"allow":["GET"]}}],"collection":[{"href":"https:\/\/barrsell.com\/en\/wp-json\/wp\/v2\/product"}],"about":[{"href":"https:\/\/barrsell.com\/en\/wp-json\/wp\/v2\/types\/product"}],"version-history":[{"count":5,"href":"https:\/\/barrsell.com\/en\/wp-json\/wp\/v2\/product\/17696\/revisions"}],"predecessor-version":[{"id":18733,"href":"https:\/\/barrsell.com\/en\/wp-json\/wp\/v2\/product\/17696\/revisions\/18733"}],"wp:featuredmedia":[{"embeddable":true,"href":"https:\/\/barrsell.com\/en\/wp-json\/wp\/v2\/media\/17697"}],"wp:attachment":[{"href":"https:\/\/barrsell.com\/en\/wp-json\/wp\/v2\/media?parent=17696"}],"wp:term":[{"taxonomy":"product_cat","embeddable":true,"href":"https:\/\/barrsell.com\/en\/wp-json\/wp\/v2\/product_cat?post=17696"},{"taxonomy":"product_tag","embeddable":true,"href":"https:\/\/barrsell.com\/en\/wp-json\/wp\/v2\/product_tag?post=17696"}],"curies":[{"name":"wp","href":"https:\/\/api.w.org\/{rel}","templated":true}]}}