{"id":17689,"date":"2024-10-31T08:42:34","date_gmt":"2024-10-31T08:42:34","guid":{"rendered":"https:\/\/barrsell.com\/?post_type=product&#038;p=17689"},"modified":"2024-12-04T12:12:31","modified_gmt":"2024-12-04T12:12:31","slug":"tuz-terapi-kabini-2-kisilik","status":"publish","type":"product","link":"https:\/\/barrsell.com\/en\/product\/salt-therapy-cabinet-2-person\/","title":{"rendered":"Salt Therapy Cabin for 2 Persons"},"content":{"rendered":"<h2>Salt Therapy Cabin for 2 Persons<\/h2>\n<p>Salt therapy cabin for 2 people are professional wellness spaces that promote respiratory and skin health, providing both physical and mental relaxation. With halotherapy technology, the following technical steps must be followed to create the cabin.<\/p>\n<div id=\"attachment_18735\" style=\"width: 1034px\" class=\"wp-caption aligncenter\"><a href=\"https:\/\/barrsell.com\/wp-content\/uploads\/2024\/10\/Tuz-Terapi-Kabini-2-Kisilik-1.webp\"><img fetchpriority=\"high\" decoding=\"async\" aria-describedby=\"caption-attachment-18735\" class=\"wp-image-18735 size-large\" src=\"https:\/\/barrsell.com\/wp-content\/uploads\/2024\/10\/Tuz-Terapi-Kabini-2-Kisilik-1-1024x585.webp\" alt=\"\" width=\"1024\" height=\"585\" srcset=\"https:\/\/barrsell.com\/wp-content\/uploads\/2024\/10\/Tuz-Terapi-Kabini-2-Kisilik-1-1024x585.webp 1024w, https:\/\/barrsell.com\/wp-content\/uploads\/2024\/10\/Tuz-Terapi-Kabini-2-Kisilik-1-300x171.webp 300w, https:\/\/barrsell.com\/wp-content\/uploads\/2024\/10\/Tuz-Terapi-Kabini-2-Kisilik-1-768x439.webp 768w, https:\/\/barrsell.com\/wp-content\/uploads\/2024\/10\/Tuz-Terapi-Kabini-2-Kisilik-1-1536x878.webp 1536w, https:\/\/barrsell.com\/wp-content\/uploads\/2024\/10\/Tuz-Terapi-Kabini-2-Kisilik-1-18x10.webp 18w, https:\/\/barrsell.com\/wp-content\/uploads\/2024\/10\/Tuz-Terapi-Kabini-2-Kisilik-1-1200x686.webp 1200w, https:\/\/barrsell.com\/wp-content\/uploads\/2024\/10\/Tuz-Terapi-Kabini-2-Kisilik-1-150x86.webp 150w, https:\/\/barrsell.com\/wp-content\/uploads\/2024\/10\/Tuz-Terapi-Kabini-2-Kisilik-1.webp 1792w\" sizes=\"(max-width: 1024px) 100vw, 1024px\" \/><\/a><p id=\"caption-attachment-18735\" class=\"wp-caption-text\">Salt Therapy Cabin for 2 Persons<\/p><\/div>\n<ul>\n<li><strong>Internal Dimensions:<\/strong>\n<ul>\n<li><strong>Space Requirement:<\/strong> 2 m\u00b2 (e.g. 1.5m x 2m x 2.2m x 2.2m height)<\/li>\n<li><strong>Capacity:<\/strong> Comfortable seating for 2 people, ergonomic seats.<\/li>\n<li class=\" translation-block\"><strong>Door:<\/strong> High quality glass door, at least 80 cm wide and capable of opening and closing safely.<\/li>\n<\/ul>\n<\/li>\n<li><strong>External Dimensions:<\/strong>\n<ul>\n<li>Salt Therapy Area for 2 People Dimensions can be customized according to the area of use and placement requirements. It is usually located in areas ranging from 2.5 m\u00b2 to 3 m\u00b2.<\/li>\n<\/ul>\n<\/li>\n<\/ul>\n<h4>1. Structural Installation and Isolation<\/h4>\n<p>The Halotherapy Cabinet should be made of durable materials and have high insulation properties. This is important for maintaining microclimate conditions and ensuring proper humidity and temperature control inside. Insulation should be achieved by selecting quality materials for the walls and floor. We can also enrich the mineral structure of the environment by placing salt blocks or brick panels inside the cabin.<\/p>\n<h4>2. Halogenator System Installation<\/h4>\n<p>Halotherapy technology must be used to effectively distribute the salt particles in the therapy room. Thus, the Halogenator converts pure medical salts into micro-particles and makes them breathable. The dosage settings in the Halogenator system can be set manually or automatically, allowing you to manage parameters such as the size and density of the particles. The dosing settings can be customized according to the user, ensuring optimum health effects in every session.<\/p>\n<h4>3. Ventilation and Air Conditioning Control<\/h4>\n<p>The air circulation and temperature balance inside the Halotherapy Cabin for Two is maintained by specially designed ventilation systems. This system ensures homogeneous distribution of inhaled salt particles and optimizes the air quality inside the cabin. In addition, the filter systems require regular maintenance. Cleaning and replacing the filters is therefore important to maintain the purity and effectiveness of the salt particles.<\/p>\n<h4>4. Lighting and Visual Design<\/h4>\n<p>LED lighting and color therapy enhance the psychological and physical effects of the cabin on the user. At the same time, chromotherapy modules offer specific light settings to help users relax. For aesthetic details, we use acrylic coatings or salt panels to enhance user comfort and create a healthy atmosphere.<\/p>\n<h4>5. Automatic Control and Security Systems<\/h4>\n<p>Temperature, humidity and halogenator operating times are easily adjusted via the halotherapy control panel. These systems allow intuitive management of the cabin's functions. For safety, automatic sensors continuously monitor air quality and salt particle concentration, ensuring optimal conditions.<\/p>","protected":false},"excerpt":{"rendered":"<ul>\n<li><strong>Internal Dimensions:<\/strong>\n<ul>\n<li><strong>Space Requirement:<\/strong> 2 m\u00b2 (e.g. 1.5m x 2m x 2.2m x 2.2m height)<\/li>\n<li><strong>Capacity:<\/strong> Comfortable seating for 2 people, ergonomic seats.<\/li>\n<li class=\" translation-block\"><strong>Door:<\/strong> High quality glass door, at least 80 cm wide and capable of opening and closing safely.<\/li>\n<\/ul>\n<\/li>\n<\/ul>","protected":false},"featured_media":17694,"template":"","meta":[],"product_cat":[762],"product_tag":[],"class_list":{"0":"post-17689","1":"product","2":"type-product","3":"status-publish","4":"has-post-thumbnail","6":"product_cat-tuz-terapi-kabinleri","8":"first","9":"instock","10":"shipping-taxable","11":"product-type-simple"},"yoast_head":"<!-- This site is optimized with the Yoast SEO Premium plugin v23.2 (Yoast SEO v23.2) - https:\/\/yoast.com\/wordpress\/plugins\/seo\/ -->\n<title>Tuz Terapi Kabini 2 Ki\u015filik | Barrsell End\u00fcstri<\/title>\n<meta name=\"description\" content=\"Tuz terapi kabini 2 Ki\u015filik , solunum ve cilt sa\u011fl\u0131\u011f\u0131n\u0131 destekleyerek hem fiziksel hem de zihinsel rahatlama sa\u011flayan profesyonel sa\u011fl\u0131k alanlar\u0131d\u0131r.\" \/>\n<meta name=\"robots\" content=\"index, follow, max-snippet:-1, max-image-preview:large, max-video-preview:-1\" \/>\n<link rel=\"canonical\" href=\"https:\/\/barrsell.com\/en\/product\/salt-therapy-cabinet-2-person\/\" \/>\n<meta property=\"og:locale\" content=\"en_US\" \/>\n<meta property=\"og:type\" content=\"article\" \/>\n<meta property=\"og:title\" content=\"Tuz Terapi Kabini 2 Ki\u015filik\" \/>\n<meta property=\"og:description\" content=\"Tuz terapi kabini 2 Ki\u015filik , solunum ve cilt sa\u011fl\u0131\u011f\u0131n\u0131 destekleyerek hem fiziksel hem de zihinsel rahatlama sa\u011flayan profesyonel sa\u011fl\u0131k alanlar\u0131d\u0131r.\" \/>\n<meta property=\"og:url\" content=\"https:\/\/barrsell.com\/en\/product\/salt-therapy-cabinet-2-person\/\" \/>\n<meta property=\"og:site_name\" content=\"Barrsell\" \/>\n<meta property=\"article:modified_time\" content=\"2024-12-04T12:12:31+00:00\" \/>\n<meta property=\"og:image\" content=\"https:\/\/barrsell.com\/wp-content\/uploads\/2024\/10\/Tuz-Terapi-Kabini-2-Kisilik.webp\" \/>\n\t<meta property=\"og:image:width\" content=\"1024\" \/>\n\t<meta property=\"og:image:height\" content=\"1024\" \/>\n\t<meta property=\"og:image:type\" content=\"image\/webp\" \/>\n<meta name=\"twitter:card\" content=\"summary_large_image\" \/>\n<meta name=\"twitter:label1\" content=\"Est. reading time\" \/>\n\t<meta name=\"twitter:data1\" content=\"3 minutes\" \/>\n<script type=\"application\/ld+json\" class=\"yoast-schema-graph\">{\"@context\":\"https:\/\/schema.org\",\"@graph\":[{\"@type\":\"WebPage\",\"@id\":\"https:\/\/barrsell.com\/urun\/tuz-terapi-kabini-2-kisilik\/\",\"url\":\"https:\/\/barrsell.com\/urun\/tuz-terapi-kabini-2-kisilik\/\",\"name\":\"Tuz Terapi Kabini 2 Ki\u015filik | Barrsell End\u00fcstri\",\"isPartOf\":{\"@id\":\"https:\/\/barrsell.com\/#website\"},\"primaryImageOfPage\":{\"@id\":\"https:\/\/barrsell.com\/urun\/tuz-terapi-kabini-2-kisilik\/#primaryimage\"},\"image\":{\"@id\":\"https:\/\/barrsell.com\/urun\/tuz-terapi-kabini-2-kisilik\/#primaryimage\"},\"thumbnailUrl\":\"https:\/\/barrsell.com\/wp-content\/uploads\/2024\/10\/Tuz-Terapi-Kabini-2-Kisilik.webp\",\"datePublished\":\"2024-10-31T08:42:34+00:00\",\"dateModified\":\"2024-12-04T12:12:31+00:00\",\"description\":\"Tuz terapi kabini 2 Ki\u015filik , solunum ve cilt sa\u011fl\u0131\u011f\u0131n\u0131 destekleyerek hem fiziksel hem de zihinsel rahatlama sa\u011flayan profesyonel sa\u011fl\u0131k alanlar\u0131d\u0131r.\",\"breadcrumb\":{\"@id\":\"https:\/\/barrsell.com\/urun\/tuz-terapi-kabini-2-kisilik\/#breadcrumb\"},\"inLanguage\":\"en-US\",\"potentialAction\":[{\"@type\":\"ReadAction\",\"target\":[\"https:\/\/barrsell.com\/urun\/tuz-terapi-kabini-2-kisilik\/\"]}]},{\"@type\":\"ImageObject\",\"inLanguage\":\"en-US\",\"@id\":\"https:\/\/barrsell.com\/urun\/tuz-terapi-kabini-2-kisilik\/#primaryimage\",\"url\":\"https:\/\/barrsell.com\/wp-content\/uploads\/2024\/10\/Tuz-Terapi-Kabini-2-Kisilik.webp\",\"contentUrl\":\"https:\/\/barrsell.com\/wp-content\/uploads\/2024\/10\/Tuz-Terapi-Kabini-2-Kisilik.webp\",\"width\":1024,\"height\":1024,\"caption\":\"Tuz Terapi Kabini 2 Ki\u015filik\"},{\"@type\":\"BreadcrumbList\",\"@id\":\"https:\/\/barrsell.com\/urun\/tuz-terapi-kabini-2-kisilik\/#breadcrumb\",\"itemListElement\":[{\"@type\":\"ListItem\",\"position\":1,\"name\":\"Home\",\"item\":\"https:\/\/barrsell.com\/\"},{\"@type\":\"ListItem\",\"position\":2,\"name\":\"\u00dcr\u00fcnler\",\"item\":\"https:\/\/barrsell.com\/en\/products\/\"},{\"@type\":\"ListItem\",\"position\":3,\"name\":\"Tuz Terapi Kabini 2 Ki\u015filik\"}]},{\"@type\":\"WebSite\",\"@id\":\"https:\/\/barrsell.com\/#website\",\"url\":\"https:\/\/barrsell.com\/\",\"name\":\"Barrsell End\u00fcstri Makine\",\"description\":\"Teknolojiyle G\u00fc\u00e7lenen End\u00fcstriyel \u00c7\u00f6z\u00fcmler!\",\"potentialAction\":[{\"@type\":\"SearchAction\",\"target\":{\"@type\":\"EntryPoint\",\"urlTemplate\":\"https:\/\/barrsell.com\/?s={search_term_string}\"},\"query-input\":\"required name=search_term_string\"}],\"inLanguage\":\"en-US\"}]}<\/script>\n<!-- \/ Yoast SEO Premium plugin. -->","yoast_head_json":{"title":"Tuz Terapi Kabini 2 Ki\u015filik | Barrsell End\u00fcstri","description":"Tuz terapi kabini 2 Ki\u015filik , solunum ve cilt sa\u011fl\u0131\u011f\u0131n\u0131 destekleyerek hem fiziksel hem de zihinsel rahatlama sa\u011flayan profesyonel sa\u011fl\u0131k alanlar\u0131d\u0131r.","robots":{"index":"index","follow":"follow","max-snippet":"max-snippet:-1","max-image-preview":"max-image-preview:large","max-video-preview":"max-video-preview:-1"},"canonical":"https:\/\/barrsell.com\/en\/product\/salt-therapy-cabinet-2-person\/","og_locale":"en_US","og_type":"article","og_title":"Tuz Terapi Kabini 2 Ki\u015filik","og_description":"Tuz terapi kabini 2 Ki\u015filik , solunum ve cilt sa\u011fl\u0131\u011f\u0131n\u0131 destekleyerek hem fiziksel hem de zihinsel rahatlama sa\u011flayan profesyonel sa\u011fl\u0131k alanlar\u0131d\u0131r.","og_url":"https:\/\/barrsell.com\/en\/product\/salt-therapy-cabinet-2-person\/","og_site_name":"Barrsell","article_modified_time":"2024-12-04T12:12:31+00:00","og_image":[{"width":1024,"height":1024,"url":"https:\/\/barrsell.com\/wp-content\/uploads\/2024\/10\/Tuz-Terapi-Kabini-2-Kisilik.webp","type":"image\/webp"}],"twitter_card":"summary_large_image","twitter_misc":{"Est. reading time":"3 minutes"},"schema":{"@context":"https:\/\/schema.org","@graph":[{"@type":"WebPage","@id":"https:\/\/barrsell.com\/urun\/tuz-terapi-kabini-2-kisilik\/","url":"https:\/\/barrsell.com\/urun\/tuz-terapi-kabini-2-kisilik\/","name":"Tuz Terapi Kabini 2 Ki\u015filik | Barrsell End\u00fcstri","isPartOf":{"@id":"https:\/\/barrsell.com\/#website"},"primaryImageOfPage":{"@id":"https:\/\/barrsell.com\/urun\/tuz-terapi-kabini-2-kisilik\/#primaryimage"},"image":{"@id":"https:\/\/barrsell.com\/urun\/tuz-terapi-kabini-2-kisilik\/#primaryimage"},"thumbnailUrl":"https:\/\/barrsell.com\/wp-content\/uploads\/2024\/10\/Tuz-Terapi-Kabini-2-Kisilik.webp","datePublished":"2024-10-31T08:42:34+00:00","dateModified":"2024-12-04T12:12:31+00:00","description":"Tuz terapi kabini 2 Ki\u015filik , solunum ve cilt sa\u011fl\u0131\u011f\u0131n\u0131 destekleyerek hem fiziksel hem de zihinsel rahatlama sa\u011flayan profesyonel sa\u011fl\u0131k alanlar\u0131d\u0131r.","breadcrumb":{"@id":"https:\/\/barrsell.com\/urun\/tuz-terapi-kabini-2-kisilik\/#breadcrumb"},"inLanguage":"en-US","potentialAction":[{"@type":"ReadAction","target":["https:\/\/barrsell.com\/urun\/tuz-terapi-kabini-2-kisilik\/"]}]},{"@type":"ImageObject","inLanguage":"en-US","@id":"https:\/\/barrsell.com\/urun\/tuz-terapi-kabini-2-kisilik\/#primaryimage","url":"https:\/\/barrsell.com\/wp-content\/uploads\/2024\/10\/Tuz-Terapi-Kabini-2-Kisilik.webp","contentUrl":"https:\/\/barrsell.com\/wp-content\/uploads\/2024\/10\/Tuz-Terapi-Kabini-2-Kisilik.webp","width":1024,"height":1024,"caption":"Tuz Terapi Kabini 2 Ki\u015filik"},{"@type":"BreadcrumbList","@id":"https:\/\/barrsell.com\/urun\/tuz-terapi-kabini-2-kisilik\/#breadcrumb","itemListElement":[{"@type":"ListItem","position":1,"name":"Home","item":"https:\/\/barrsell.com\/"},{"@type":"ListItem","position":2,"name":"\u00dcr\u00fcnler","item":"https:\/\/barrsell.com\/en\/products\/"},{"@type":"ListItem","position":3,"name":"Tuz Terapi Kabini 2 Ki\u015filik"}]},{"@type":"WebSite","@id":"https:\/\/barrsell.com\/#website","url":"https:\/\/barrsell.com\/","name":"Barrsell End\u00fcstri Makine","description":"Teknolojiyle G\u00fc\u00e7lenen End\u00fcstriyel \u00c7\u00f6z\u00fcmler!","potentialAction":[{"@type":"SearchAction","target":{"@type":"EntryPoint","urlTemplate":"https:\/\/barrsell.com\/?s={search_term_string}"},"query-input":"required name=search_term_string"}],"inLanguage":"en-US"}]}},"_links":{"self":[{"href":"https:\/\/barrsell.com\/en\/wp-json\/wp\/v2\/product\/17689","targetHints":{"allow":["GET"]}}],"collection":[{"href":"https:\/\/barrsell.com\/en\/wp-json\/wp\/v2\/product"}],"about":[{"href":"https:\/\/barrsell.com\/en\/wp-json\/wp\/v2\/types\/product"}],"version-history":[{"count":7,"href":"https:\/\/barrsell.com\/en\/wp-json\/wp\/v2\/product\/17689\/revisions"}],"predecessor-version":[{"id":18740,"href":"https:\/\/barrsell.com\/en\/wp-json\/wp\/v2\/product\/17689\/revisions\/18740"}],"wp:featuredmedia":[{"embeddable":true,"href":"https:\/\/barrsell.com\/en\/wp-json\/wp\/v2\/media\/17694"}],"wp:attachment":[{"href":"https:\/\/barrsell.com\/en\/wp-json\/wp\/v2\/media?parent=17689"}],"wp:term":[{"taxonomy":"product_cat","embeddable":true,"href":"https:\/\/barrsell.com\/en\/wp-json\/wp\/v2\/product_cat?post=17689"},{"taxonomy":"product_tag","embeddable":true,"href":"https:\/\/barrsell.com\/en\/wp-json\/wp\/v2\/product_tag?post=17689"}],"curies":[{"name":"wp","href":"https:\/\/api.w.org\/{rel}","templated":true}]}}