{"id":17589,"date":"2024-10-28T18:04:48","date_gmt":"2024-10-28T18:04:48","guid":{"rendered":"https:\/\/barrsell.com\/?post_type=product&#038;p=17589"},"modified":"2024-12-04T12:42:17","modified_gmt":"2024-12-04T12:42:17","slug":"spa-yuzme-havuzu-1183x300","status":"publish","type":"product","link":"https:\/\/barrsell.com\/en\/product\/spa-swimming-pool-1183x300\/","title":{"rendered":"Spa Swimming Pool 1183\u00d7300"},"content":{"rendered":"<div class=\"flex max-w-full flex-col flex-grow\">\n<div class=\"min-h-8 text-message flex w-full flex-col items-end gap-2 whitespace-normal break-words [.text-message+&amp;]:mt-5\" dir=\"auto\" data-message-author-role=\"assistant\" data-message-id=\"ef45faa7-9ed1-4ab9-a732-20287d17fd02\" data-message-model-slug=\"gpt-4o\">\n<div class=\"flex w-full flex-col gap-1 empty:hidden first:pt-[3px]\">\n<div class=\"markdown prose w-full break-words dark:prose-invert light\">\n<h2>Spa Swimming Pool 1183\u00d7300<\/h2>\n<p>Spa Swimming Pool 1183\u00d7300 is ideal for spa centers and hotels with its large area and innovative features. It offers the user a high-level experience thanks to its large swimming area and versatile features. It has a length of 1183 cm and a width of 300 cm.  It provides a large usage area for swimming and water therapy.<\/p>\n<p>The pool features two underwater color lamps equipped with 22 LED lights. And also four illuminated air control units give the water a visual depth. Intuitive Gecko computer system integrated with color display. It offers 5 different operating modes. You can also create personalized programs, making control extremely easy.<\/p>\n<h4>Features and Advantages of Spa Swimming Pool 1183\u00d7300<\/h4>\n<ul>\n<li class=\" translation-block\"><strong>Wide and Ergonomic Design<\/strong>: It offers a spacious swimming experience with its 1183\u00d7300 cm dimensions. This large area provides the user with enough space for both swimming and resting. Thus, it allows more than one person to use it easily. Ideal for spa centers, luxury hotels and private use.<\/li>\n<li class=\" translation-block\"><strong>High Performance Water Jets and Massage Functions<\/strong>: High-pressure water jets help to relax muscles and provide deep relaxation. The water flow intensity and pressure can be adjusted according to personal preferences. Thus, it will offer a spa experience that suits the needs of every user.<\/li>\n<li class=\" translation-block\"><strong>Advanced Heating and Temperature Control<\/strong>: Spa pool, a heating system that can maintain the water temperature at the desired level. In accordance with heat pump integration, a comfortable temperature four seasons of the year. It also reduces usage costs by saving energy. In particular, the water temperature can be adjusted to the desired level with a 3 kW heater. In addition, it is suitable for heat pump integration. This increases energy efficiency.<\/li>\n<li class=\" translation-block\"><strong>Advanced Filtration and Water Treatment Systems<\/strong>: The programmable filter system keeps the water consistently clean and hygienic, while UV and ozone purification systems effectively eliminate bacteria and viruses. This protects both the cleanliness of the water and the health of the user.<\/li>\n<li><strong>Long Lasting and Durable Construction<\/strong>: <em>Spa Y\u00fczme Havuzu<\/em> 1183&#215;300, suya ve d\u0131\u015f etkilere dayan\u0131kl\u0131, y\u00fcksek kaliteli al\u00fcminyum yap\u0131 ile \u00fcretilmi\u015ftir. Antibakteriyel akrilik y\u00fczeyi sayesinde uzun \u00f6m\u00fcrl\u00fc kullan\u0131m sa\u011flar ve kolay temizlik imkan\u0131 sunar.<\/li>\n<li><strong>Modern Ayd\u0131nlatma Sistemleri<\/strong>: Su alt\u0131 LED \u0131\u015f\u0131klar\u0131 ve y\u00fczey ayd\u0131nlatmas\u0131 ile havuza estetik bir g\u00f6r\u00fcn\u00fcm kazand\u0131r\u0131r.<\/li>\n<\/ul>\n<\/div>\n<\/div>\n<\/div>\n<\/div>","protected":false},"excerpt":{"rendered":"<p>Spa Y\u00fczme Havuzu 1183&#215;300 Spa Y\u00fczme Havuzu 1183&#215;300, geni\u015f alan ve yenilik\u00e7i \u00f6zellikleri ile spa merkezleri ve oteller i\u00e7in idealdir.<\/p>","protected":false},"featured_media":17593,"template":"","meta":[],"product_cat":[96,761],"product_tag":[],"class_list":{"0":"post-17589","1":"product","2":"type-product","3":"status-publish","4":"has-post-thumbnail","6":"product_cat-jakuzi-ve-whirlpool","7":"product_cat-spa-yuzme-havuzlari","9":"first","10":"instock","11":"shipping-taxable","12":"product-type-external"},"yoast_head":"<!-- This site is optimized with the Yoast SEO Premium plugin v23.2 (Yoast SEO v23.2) - https:\/\/yoast.com\/wordpress\/plugins\/seo\/ -->\n<title>Spa Y\u00fczme Havuzu 1183x300 | Barrsell End\u00fcstri<\/title>\n<meta name=\"description\" content=\"Spa Y\u00fczme Havuzu 1183x300, 1183 cm uzunlu\u011fa ve 300 cm geni\u015fli\u011fe sahip bu model, y\u00fczme ve su terapisi i\u00e7in geni\u015f bir kullan\u0131m alan\u0131 sa\u011flar.\" \/>\n<meta name=\"robots\" content=\"index, follow, max-snippet:-1, max-image-preview:large, max-video-preview:-1\" \/>\n<link rel=\"canonical\" href=\"https:\/\/barrsell.com\/en\/product\/spa-swimming-pool-1183x300\/\" \/>\n<meta property=\"og:locale\" content=\"en_US\" \/>\n<meta property=\"og:type\" content=\"article\" \/>\n<meta property=\"og:title\" content=\"Spa Y\u00fczme Havuzu 1183x300\" \/>\n<meta property=\"og:description\" content=\"Spa Y\u00fczme Havuzu 1183x300, 1183 cm uzunlu\u011fa ve 300 cm geni\u015fli\u011fe sahip bu model, y\u00fczme ve su terapisi i\u00e7in geni\u015f bir kullan\u0131m alan\u0131 sa\u011flar.\" \/>\n<meta property=\"og:url\" content=\"https:\/\/barrsell.com\/en\/product\/spa-swimming-pool-1183x300\/\" \/>\n<meta property=\"og:site_name\" content=\"Barrsell\" \/>\n<meta property=\"article:modified_time\" content=\"2024-12-04T12:42:17+00:00\" \/>\n<meta property=\"og:image\" content=\"https:\/\/barrsell.com\/wp-content\/uploads\/2024\/10\/Spa-Yuzme-Havuzu-1183x300-4.png\" \/>\n\t<meta property=\"og:image:width\" content=\"1200\" \/>\n\t<meta property=\"og:image:height\" content=\"1200\" \/>\n\t<meta property=\"og:image:type\" content=\"image\/png\" \/>\n<meta name=\"twitter:card\" content=\"summary_large_image\" \/>\n<meta name=\"twitter:label1\" content=\"Est. reading time\" \/>\n\t<meta name=\"twitter:data1\" content=\"3 minutes\" \/>\n<script type=\"application\/ld+json\" class=\"yoast-schema-graph\">{\"@context\":\"https:\/\/schema.org\",\"@graph\":[{\"@type\":\"WebPage\",\"@id\":\"https:\/\/barrsell.com\/urun\/spa-yuzme-havuzu-1183x300\/\",\"url\":\"https:\/\/barrsell.com\/urun\/spa-yuzme-havuzu-1183x300\/\",\"name\":\"Spa Y\u00fczme Havuzu 1183x300 | Barrsell End\u00fcstri\",\"isPartOf\":{\"@id\":\"https:\/\/barrsell.com\/#website\"},\"primaryImageOfPage\":{\"@id\":\"https:\/\/barrsell.com\/urun\/spa-yuzme-havuzu-1183x300\/#primaryimage\"},\"image\":{\"@id\":\"https:\/\/barrsell.com\/urun\/spa-yuzme-havuzu-1183x300\/#primaryimage\"},\"thumbnailUrl\":\"https:\/\/barrsell.com\/wp-content\/uploads\/2024\/10\/Spa-Yuzme-Havuzu-1183x300-4.png\",\"datePublished\":\"2024-10-28T18:04:48+00:00\",\"dateModified\":\"2024-12-04T12:42:17+00:00\",\"description\":\"Spa Y\u00fczme Havuzu 1183x300, 1183 cm uzunlu\u011fa ve 300 cm geni\u015fli\u011fe sahip bu model, y\u00fczme ve su terapisi i\u00e7in geni\u015f bir kullan\u0131m alan\u0131 sa\u011flar.\",\"breadcrumb\":{\"@id\":\"https:\/\/barrsell.com\/urun\/spa-yuzme-havuzu-1183x300\/#breadcrumb\"},\"inLanguage\":\"en-US\",\"potentialAction\":[{\"@type\":\"ReadAction\",\"target\":[\"https:\/\/barrsell.com\/urun\/spa-yuzme-havuzu-1183x300\/\"]}]},{\"@type\":\"ImageObject\",\"inLanguage\":\"en-US\",\"@id\":\"https:\/\/barrsell.com\/urun\/spa-yuzme-havuzu-1183x300\/#primaryimage\",\"url\":\"https:\/\/barrsell.com\/wp-content\/uploads\/2024\/10\/Spa-Yuzme-Havuzu-1183x300-4.png\",\"contentUrl\":\"https:\/\/barrsell.com\/wp-content\/uploads\/2024\/10\/Spa-Yuzme-Havuzu-1183x300-4.png\",\"width\":1200,\"height\":1200},{\"@type\":\"BreadcrumbList\",\"@id\":\"https:\/\/barrsell.com\/urun\/spa-yuzme-havuzu-1183x300\/#breadcrumb\",\"itemListElement\":[{\"@type\":\"ListItem\",\"position\":1,\"name\":\"Home\",\"item\":\"https:\/\/barrsell.com\/\"},{\"@type\":\"ListItem\",\"position\":2,\"name\":\"\u00dcr\u00fcnler\",\"item\":\"https:\/\/barrsell.com\/en\/products\/\"},{\"@type\":\"ListItem\",\"position\":3,\"name\":\"Spa Y\u00fczme Havuzu 1183&#215;300\"}]},{\"@type\":\"WebSite\",\"@id\":\"https:\/\/barrsell.com\/#website\",\"url\":\"https:\/\/barrsell.com\/\",\"name\":\"Barrsell End\u00fcstri Makine\",\"description\":\"Teknolojiyle G\u00fc\u00e7lenen End\u00fcstriyel \u00c7\u00f6z\u00fcmler!\",\"potentialAction\":[{\"@type\":\"SearchAction\",\"target\":{\"@type\":\"EntryPoint\",\"urlTemplate\":\"https:\/\/barrsell.com\/?s={search_term_string}\"},\"query-input\":\"required name=search_term_string\"}],\"inLanguage\":\"en-US\"}]}<\/script>\n<!-- \/ Yoast SEO Premium plugin. -->","yoast_head_json":{"title":"Spa Y\u00fczme Havuzu 1183x300 | Barrsell End\u00fcstri","description":"Spa Y\u00fczme Havuzu 1183x300, 1183 cm uzunlu\u011fa ve 300 cm geni\u015fli\u011fe sahip bu model, y\u00fczme ve su terapisi i\u00e7in geni\u015f bir kullan\u0131m alan\u0131 sa\u011flar.","robots":{"index":"index","follow":"follow","max-snippet":"max-snippet:-1","max-image-preview":"max-image-preview:large","max-video-preview":"max-video-preview:-1"},"canonical":"https:\/\/barrsell.com\/en\/product\/spa-swimming-pool-1183x300\/","og_locale":"en_US","og_type":"article","og_title":"Spa Y\u00fczme Havuzu 1183x300","og_description":"Spa Y\u00fczme Havuzu 1183x300, 1183 cm uzunlu\u011fa ve 300 cm geni\u015fli\u011fe sahip bu model, y\u00fczme ve su terapisi i\u00e7in geni\u015f bir kullan\u0131m alan\u0131 sa\u011flar.","og_url":"https:\/\/barrsell.com\/en\/product\/spa-swimming-pool-1183x300\/","og_site_name":"Barrsell","article_modified_time":"2024-12-04T12:42:17+00:00","og_image":[{"width":1200,"height":1200,"url":"https:\/\/barrsell.com\/wp-content\/uploads\/2024\/10\/Spa-Yuzme-Havuzu-1183x300-4.png","type":"image\/png"}],"twitter_card":"summary_large_image","twitter_misc":{"Est. reading time":"3 minutes"},"schema":{"@context":"https:\/\/schema.org","@graph":[{"@type":"WebPage","@id":"https:\/\/barrsell.com\/urun\/spa-yuzme-havuzu-1183x300\/","url":"https:\/\/barrsell.com\/urun\/spa-yuzme-havuzu-1183x300\/","name":"Spa Y\u00fczme Havuzu 1183x300 | Barrsell End\u00fcstri","isPartOf":{"@id":"https:\/\/barrsell.com\/#website"},"primaryImageOfPage":{"@id":"https:\/\/barrsell.com\/urun\/spa-yuzme-havuzu-1183x300\/#primaryimage"},"image":{"@id":"https:\/\/barrsell.com\/urun\/spa-yuzme-havuzu-1183x300\/#primaryimage"},"thumbnailUrl":"https:\/\/barrsell.com\/wp-content\/uploads\/2024\/10\/Spa-Yuzme-Havuzu-1183x300-4.png","datePublished":"2024-10-28T18:04:48+00:00","dateModified":"2024-12-04T12:42:17+00:00","description":"Spa Y\u00fczme Havuzu 1183x300, 1183 cm uzunlu\u011fa ve 300 cm geni\u015fli\u011fe sahip bu model, y\u00fczme ve su terapisi i\u00e7in geni\u015f bir kullan\u0131m alan\u0131 sa\u011flar.","breadcrumb":{"@id":"https:\/\/barrsell.com\/urun\/spa-yuzme-havuzu-1183x300\/#breadcrumb"},"inLanguage":"en-US","potentialAction":[{"@type":"ReadAction","target":["https:\/\/barrsell.com\/urun\/spa-yuzme-havuzu-1183x300\/"]}]},{"@type":"ImageObject","inLanguage":"en-US","@id":"https:\/\/barrsell.com\/urun\/spa-yuzme-havuzu-1183x300\/#primaryimage","url":"https:\/\/barrsell.com\/wp-content\/uploads\/2024\/10\/Spa-Yuzme-Havuzu-1183x300-4.png","contentUrl":"https:\/\/barrsell.com\/wp-content\/uploads\/2024\/10\/Spa-Yuzme-Havuzu-1183x300-4.png","width":1200,"height":1200},{"@type":"BreadcrumbList","@id":"https:\/\/barrsell.com\/urun\/spa-yuzme-havuzu-1183x300\/#breadcrumb","itemListElement":[{"@type":"ListItem","position":1,"name":"Home","item":"https:\/\/barrsell.com\/"},{"@type":"ListItem","position":2,"name":"\u00dcr\u00fcnler","item":"https:\/\/barrsell.com\/en\/products\/"},{"@type":"ListItem","position":3,"name":"Spa Y\u00fczme Havuzu 1183&#215;300"}]},{"@type":"WebSite","@id":"https:\/\/barrsell.com\/#website","url":"https:\/\/barrsell.com\/","name":"Barrsell End\u00fcstri Makine","description":"Teknolojiyle G\u00fc\u00e7lenen End\u00fcstriyel \u00c7\u00f6z\u00fcmler!","potentialAction":[{"@type":"SearchAction","target":{"@type":"EntryPoint","urlTemplate":"https:\/\/barrsell.com\/?s={search_term_string}"},"query-input":"required name=search_term_string"}],"inLanguage":"en-US"}]}},"_links":{"self":[{"href":"https:\/\/barrsell.com\/en\/wp-json\/wp\/v2\/product\/17589","targetHints":{"allow":["GET"]}}],"collection":[{"href":"https:\/\/barrsell.com\/en\/wp-json\/wp\/v2\/product"}],"about":[{"href":"https:\/\/barrsell.com\/en\/wp-json\/wp\/v2\/types\/product"}],"version-history":[{"count":3,"href":"https:\/\/barrsell.com\/en\/wp-json\/wp\/v2\/product\/17589\/revisions"}],"predecessor-version":[{"id":18743,"href":"https:\/\/barrsell.com\/en\/wp-json\/wp\/v2\/product\/17589\/revisions\/18743"}],"wp:featuredmedia":[{"embeddable":true,"href":"https:\/\/barrsell.com\/en\/wp-json\/wp\/v2\/media\/17593"}],"wp:attachment":[{"href":"https:\/\/barrsell.com\/en\/wp-json\/wp\/v2\/media?parent=17589"}],"wp:term":[{"taxonomy":"product_cat","embeddable":true,"href":"https:\/\/barrsell.com\/en\/wp-json\/wp\/v2\/product_cat?post=17589"},{"taxonomy":"product_tag","embeddable":true,"href":"https:\/\/barrsell.com\/en\/wp-json\/wp\/v2\/product_tag?post=17589"}],"curies":[{"name":"wp","href":"https:\/\/api.w.org\/{rel}","templated":true}]}}