{"id":17580,"date":"2024-10-28T13:39:20","date_gmt":"2024-10-28T13:39:20","guid":{"rendered":"https:\/\/barrsell.com\/?post_type=product&#038;p=17580"},"modified":"2024-12-05T09:31:46","modified_gmt":"2024-12-05T09:31:46","slug":"spa-yuzme-havuzu-800x300","status":"publish","type":"product","link":"https:\/\/barrsell.com\/en\/product\/spa-swimming-pool-800x300\/","title":{"rendered":"Spa Swimming Pool 800\u00d7300"},"content":{"rendered":"<h2>Spa Swimming Pool 800\u00d7300<\/h2>\n<p>With its large volume and versatile features, the Spa Swimming Pool 800\u00d7300 is an ideal solution that offers the user a luxurious spa experience. It is especially preferred in Spa centers, luxury hotels and private properties. It has also been developed for swimming activities and recreational use. Thanks to its dimensions, it offers a wide usage area. At the same time, it maximizes relaxation with advanced technology functions such as water therapy and temperature control.<\/p>\n<h4>Main Features of Spa Swimming Pool 800\u00d7300<\/h4>\n<ul>\n<li class=\" translation-block\"><strong>Wide Usage Area<\/strong>: It offers a very large swimming area with 800\u00d7300 cm dimensions. This area provides the user with freedom of movement with both swimming activities and seating sections. Thanks to its high capacity structure, it is suitable for the use of many people at the same time. This feature makes it a perfect choice for hotels and spa centers.<\/li>\n<li class=\" translation-block\"><strong>Massage and Water Therapy Systems<\/strong>: High-pressure water jets provide the user with an in-depth massage experience. Speed and intensity options can be customized according to the individual needs of the users. Thus, muscle tension is reduced and general relaxation is achieved.<\/li>\n<li class=\" translation-block\"><strong>Automatic Temperature Control<\/strong>: The temperature control system ensures that the water is kept at the desired temperature. This allows you to swim and relax at a comfortable temperature at any time of the year. This feature allows the pool to be used in all seasons and brings the spa experience to the home environment.<\/li>\n<li class=\" translation-block\"><strong>Durable and Long Lasting Materials<\/strong>: Spa Swimming Pool 800\u00d7300 is resistant to water, moisture and external influences. It also offers high durability, ensuring long-lasting use and minimizing maintenance requirements.<\/li>\n<li class=\" translation-block\"><strong>Easy Cleaning and Maintenance System<\/strong>: The automatic filtration system ensures that the water stays clean at all times. This helps users maintain water quality with minimal effort. Therefore, it offers a professional level of hygiene.<\/li>\n<li class=\" translation-block\"><strong>Led Lighting System: <br>\n<\/strong>Two underwater LED lights and 22 LED lamps for surface illumination create a different atmosphere, while 4 illuminated buttons with air injection control take the user experience to the next level.<\/li>\n<li class=\" translation-block\"><strong>Heating System:<br>\n<\/strong>The spa pool is equipped with a 3kW heating system and can be adjusted to the desired temperature range. It is ready to be integrated with a heat pump, ensuring energy efficiency and long-term savings. There is also a sensor system that measures the water level to protect the pumps.<\/li>\n<\/ul>\n<p>&nbsp;<\/p>","protected":false},"excerpt":{"rendered":"<p>Spa Y\u00fczme Havuzu 800&#215;300 Geni\u015f hacmi ve \u00e7ok y\u00f6nl\u00fc \u00f6zellikleriyle Spa Y\u00fczme Havuzu 800&#215;300,kullan\u0131c\u0131ya l\u00fcks bir spa deneyimi sunan ideal<\/p>","protected":false},"featured_media":17587,"template":"","meta":[],"product_cat":[96,761],"product_tag":[],"class_list":{"0":"post-17580","1":"product","2":"type-product","3":"status-publish","4":"has-post-thumbnail","6":"product_cat-jakuzi-ve-whirlpool","7":"product_cat-spa-yuzme-havuzlari","9":"first","10":"instock","11":"shipping-taxable","12":"product-type-external"},"yoast_head":"<!-- This site is optimized with the Yoast SEO Premium plugin v23.2 (Yoast SEO v23.2) - https:\/\/yoast.com\/wordpress\/plugins\/seo\/ -->\n<title>Spa Y\u00fczme Havuzu 800x300 | Barrsell End\u00fcstri<\/title>\n<meta name=\"description\" content=\"Spa Y\u00fczme Havuzu 800x300, geni\u015f hacmi ve \u00e7ok y\u00f6nl\u00fc \u00f6zellikleriyle kullan\u0131c\u0131ya l\u00fcks bir spa deneyimi sunan ideal bir \u00e7\u00f6z\u00fcmd\u00fcr.\" \/>\n<meta name=\"robots\" content=\"index, follow, max-snippet:-1, max-image-preview:large, max-video-preview:-1\" \/>\n<link rel=\"canonical\" href=\"https:\/\/barrsell.com\/en\/product\/spa-swimming-pool-800x300\/\" \/>\n<meta property=\"og:locale\" content=\"en_US\" \/>\n<meta property=\"og:type\" content=\"article\" \/>\n<meta property=\"og:title\" content=\"Spa Y\u00fczme Havuzu 800x300\" \/>\n<meta property=\"og:description\" content=\"Spa Y\u00fczme Havuzu 800x300, geni\u015f hacmi ve \u00e7ok y\u00f6nl\u00fc \u00f6zellikleriyle kullan\u0131c\u0131ya l\u00fcks bir spa deneyimi sunan ideal bir \u00e7\u00f6z\u00fcmd\u00fcr.\" \/>\n<meta property=\"og:url\" content=\"https:\/\/barrsell.com\/en\/product\/spa-swimming-pool-800x300\/\" \/>\n<meta property=\"og:site_name\" content=\"Barrsell\" \/>\n<meta property=\"article:modified_time\" content=\"2024-12-05T09:31:46+00:00\" \/>\n<meta property=\"og:image\" content=\"https:\/\/barrsell.com\/wp-content\/uploads\/2024\/10\/Spa-Yuzme-Havuzu-800x300-3.png\" \/>\n\t<meta property=\"og:image:width\" content=\"1200\" \/>\n\t<meta property=\"og:image:height\" content=\"1200\" \/>\n\t<meta property=\"og:image:type\" content=\"image\/png\" \/>\n<meta name=\"twitter:card\" content=\"summary_large_image\" \/>\n<meta name=\"twitter:label1\" content=\"Est. reading time\" \/>\n\t<meta name=\"twitter:data1\" content=\"3 minutes\" \/>\n<script type=\"application\/ld+json\" class=\"yoast-schema-graph\">{\"@context\":\"https:\/\/schema.org\",\"@graph\":[{\"@type\":\"WebPage\",\"@id\":\"https:\/\/barrsell.com\/urun\/spa-yuzme-havuzu-800x300\/\",\"url\":\"https:\/\/barrsell.com\/urun\/spa-yuzme-havuzu-800x300\/\",\"name\":\"Spa Y\u00fczme Havuzu 800x300 | Barrsell End\u00fcstri\",\"isPartOf\":{\"@id\":\"https:\/\/barrsell.com\/#website\"},\"primaryImageOfPage\":{\"@id\":\"https:\/\/barrsell.com\/urun\/spa-yuzme-havuzu-800x300\/#primaryimage\"},\"image\":{\"@id\":\"https:\/\/barrsell.com\/urun\/spa-yuzme-havuzu-800x300\/#primaryimage\"},\"thumbnailUrl\":\"https:\/\/barrsell.com\/wp-content\/uploads\/2024\/10\/Spa-Yuzme-Havuzu-800x300-3.png\",\"datePublished\":\"2024-10-28T13:39:20+00:00\",\"dateModified\":\"2024-12-05T09:31:46+00:00\",\"description\":\"Spa Y\u00fczme Havuzu 800x300, geni\u015f hacmi ve \u00e7ok y\u00f6nl\u00fc \u00f6zellikleriyle kullan\u0131c\u0131ya l\u00fcks bir spa deneyimi sunan ideal bir \u00e7\u00f6z\u00fcmd\u00fcr.\",\"breadcrumb\":{\"@id\":\"https:\/\/barrsell.com\/urun\/spa-yuzme-havuzu-800x300\/#breadcrumb\"},\"inLanguage\":\"en-US\",\"potentialAction\":[{\"@type\":\"ReadAction\",\"target\":[\"https:\/\/barrsell.com\/urun\/spa-yuzme-havuzu-800x300\/\"]}]},{\"@type\":\"ImageObject\",\"inLanguage\":\"en-US\",\"@id\":\"https:\/\/barrsell.com\/urun\/spa-yuzme-havuzu-800x300\/#primaryimage\",\"url\":\"https:\/\/barrsell.com\/wp-content\/uploads\/2024\/10\/Spa-Yuzme-Havuzu-800x300-3.png\",\"contentUrl\":\"https:\/\/barrsell.com\/wp-content\/uploads\/2024\/10\/Spa-Yuzme-Havuzu-800x300-3.png\",\"width\":1200,\"height\":1200,\"caption\":\"Spa Y\u00fczme Havuzu 800x300-3\"},{\"@type\":\"BreadcrumbList\",\"@id\":\"https:\/\/barrsell.com\/urun\/spa-yuzme-havuzu-800x300\/#breadcrumb\",\"itemListElement\":[{\"@type\":\"ListItem\",\"position\":1,\"name\":\"Home\",\"item\":\"https:\/\/barrsell.com\/\"},{\"@type\":\"ListItem\",\"position\":2,\"name\":\"\u00dcr\u00fcnler\",\"item\":\"https:\/\/barrsell.com\/en\/products\/\"},{\"@type\":\"ListItem\",\"position\":3,\"name\":\"Spa Y\u00fczme Havuzu 800&#215;300\"}]},{\"@type\":\"WebSite\",\"@id\":\"https:\/\/barrsell.com\/#website\",\"url\":\"https:\/\/barrsell.com\/\",\"name\":\"Barrsell End\u00fcstri Makine\",\"description\":\"Teknolojiyle G\u00fc\u00e7lenen End\u00fcstriyel \u00c7\u00f6z\u00fcmler!\",\"potentialAction\":[{\"@type\":\"SearchAction\",\"target\":{\"@type\":\"EntryPoint\",\"urlTemplate\":\"https:\/\/barrsell.com\/?s={search_term_string}\"},\"query-input\":\"required name=search_term_string\"}],\"inLanguage\":\"en-US\"}]}<\/script>\n<!-- \/ Yoast SEO Premium plugin. -->","yoast_head_json":{"title":"Spa Y\u00fczme Havuzu 800x300 | Barrsell End\u00fcstri","description":"Spa Y\u00fczme Havuzu 800x300, geni\u015f hacmi ve \u00e7ok y\u00f6nl\u00fc \u00f6zellikleriyle kullan\u0131c\u0131ya l\u00fcks bir spa deneyimi sunan ideal bir \u00e7\u00f6z\u00fcmd\u00fcr.","robots":{"index":"index","follow":"follow","max-snippet":"max-snippet:-1","max-image-preview":"max-image-preview:large","max-video-preview":"max-video-preview:-1"},"canonical":"https:\/\/barrsell.com\/en\/product\/spa-swimming-pool-800x300\/","og_locale":"en_US","og_type":"article","og_title":"Spa Y\u00fczme Havuzu 800x300","og_description":"Spa Y\u00fczme Havuzu 800x300, geni\u015f hacmi ve \u00e7ok y\u00f6nl\u00fc \u00f6zellikleriyle kullan\u0131c\u0131ya l\u00fcks bir spa deneyimi sunan ideal bir \u00e7\u00f6z\u00fcmd\u00fcr.","og_url":"https:\/\/barrsell.com\/en\/product\/spa-swimming-pool-800x300\/","og_site_name":"Barrsell","article_modified_time":"2024-12-05T09:31:46+00:00","og_image":[{"width":1200,"height":1200,"url":"https:\/\/barrsell.com\/wp-content\/uploads\/2024\/10\/Spa-Yuzme-Havuzu-800x300-3.png","type":"image\/png"}],"twitter_card":"summary_large_image","twitter_misc":{"Est. reading time":"3 minutes"},"schema":{"@context":"https:\/\/schema.org","@graph":[{"@type":"WebPage","@id":"https:\/\/barrsell.com\/urun\/spa-yuzme-havuzu-800x300\/","url":"https:\/\/barrsell.com\/urun\/spa-yuzme-havuzu-800x300\/","name":"Spa Y\u00fczme Havuzu 800x300 | Barrsell End\u00fcstri","isPartOf":{"@id":"https:\/\/barrsell.com\/#website"},"primaryImageOfPage":{"@id":"https:\/\/barrsell.com\/urun\/spa-yuzme-havuzu-800x300\/#primaryimage"},"image":{"@id":"https:\/\/barrsell.com\/urun\/spa-yuzme-havuzu-800x300\/#primaryimage"},"thumbnailUrl":"https:\/\/barrsell.com\/wp-content\/uploads\/2024\/10\/Spa-Yuzme-Havuzu-800x300-3.png","datePublished":"2024-10-28T13:39:20+00:00","dateModified":"2024-12-05T09:31:46+00:00","description":"Spa Y\u00fczme Havuzu 800x300, geni\u015f hacmi ve \u00e7ok y\u00f6nl\u00fc \u00f6zellikleriyle kullan\u0131c\u0131ya l\u00fcks bir spa deneyimi sunan ideal bir \u00e7\u00f6z\u00fcmd\u00fcr.","breadcrumb":{"@id":"https:\/\/barrsell.com\/urun\/spa-yuzme-havuzu-800x300\/#breadcrumb"},"inLanguage":"en-US","potentialAction":[{"@type":"ReadAction","target":["https:\/\/barrsell.com\/urun\/spa-yuzme-havuzu-800x300\/"]}]},{"@type":"ImageObject","inLanguage":"en-US","@id":"https:\/\/barrsell.com\/urun\/spa-yuzme-havuzu-800x300\/#primaryimage","url":"https:\/\/barrsell.com\/wp-content\/uploads\/2024\/10\/Spa-Yuzme-Havuzu-800x300-3.png","contentUrl":"https:\/\/barrsell.com\/wp-content\/uploads\/2024\/10\/Spa-Yuzme-Havuzu-800x300-3.png","width":1200,"height":1200,"caption":"Spa Y\u00fczme Havuzu 800x300-3"},{"@type":"BreadcrumbList","@id":"https:\/\/barrsell.com\/urun\/spa-yuzme-havuzu-800x300\/#breadcrumb","itemListElement":[{"@type":"ListItem","position":1,"name":"Home","item":"https:\/\/barrsell.com\/"},{"@type":"ListItem","position":2,"name":"\u00dcr\u00fcnler","item":"https:\/\/barrsell.com\/en\/products\/"},{"@type":"ListItem","position":3,"name":"Spa Y\u00fczme Havuzu 800&#215;300"}]},{"@type":"WebSite","@id":"https:\/\/barrsell.com\/#website","url":"https:\/\/barrsell.com\/","name":"Barrsell End\u00fcstri Makine","description":"Teknolojiyle G\u00fc\u00e7lenen End\u00fcstriyel \u00c7\u00f6z\u00fcmler!","potentialAction":[{"@type":"SearchAction","target":{"@type":"EntryPoint","urlTemplate":"https:\/\/barrsell.com\/?s={search_term_string}"},"query-input":"required name=search_term_string"}],"inLanguage":"en-US"}]}},"_links":{"self":[{"href":"https:\/\/barrsell.com\/en\/wp-json\/wp\/v2\/product\/17580","targetHints":{"allow":["GET"]}}],"collection":[{"href":"https:\/\/barrsell.com\/en\/wp-json\/wp\/v2\/product"}],"about":[{"href":"https:\/\/barrsell.com\/en\/wp-json\/wp\/v2\/types\/product"}],"version-history":[{"count":5,"href":"https:\/\/barrsell.com\/en\/wp-json\/wp\/v2\/product\/17580\/revisions"}],"predecessor-version":[{"id":18745,"href":"https:\/\/barrsell.com\/en\/wp-json\/wp\/v2\/product\/17580\/revisions\/18745"}],"wp:featuredmedia":[{"embeddable":true,"href":"https:\/\/barrsell.com\/en\/wp-json\/wp\/v2\/media\/17587"}],"wp:attachment":[{"href":"https:\/\/barrsell.com\/en\/wp-json\/wp\/v2\/media?parent=17580"}],"wp:term":[{"taxonomy":"product_cat","embeddable":true,"href":"https:\/\/barrsell.com\/en\/wp-json\/wp\/v2\/product_cat?post=17580"},{"taxonomy":"product_tag","embeddable":true,"href":"https:\/\/barrsell.com\/en\/wp-json\/wp\/v2\/product_tag?post=17580"}],"curies":[{"name":"wp","href":"https:\/\/api.w.org\/{rel}","templated":true}]}}