{"id":17571,"date":"2024-10-28T12:37:16","date_gmt":"2024-10-28T12:37:16","guid":{"rendered":"https:\/\/barrsell.com\/?post_type=product&#038;p=17571"},"modified":"2024-12-05T09:46:49","modified_gmt":"2024-12-05T09:46:49","slug":"spa-yuzme-havuzu-590x235","status":"publish","type":"product","link":"https:\/\/barrsell.com\/en\/product\/spa-swimming-pool-590x235\/","title":{"rendered":"Spa Swimming Pool 590\u00d7235"},"content":{"rendered":"<h2>Spa Swimming Pool 590\u00d7235<\/h2>\n<p>Spa Swimming Pool 590\u00d7235 is designed for luxury spa centers, hotels and private properties. It is a superior spa solution that enriches the user experience. It is suitable for both swim training and relaxation. It also offers professional spa standards in the comfort of home with its large dimensions, multifunctional features and advanced technology.<\/p>\n<h4>Main Features of Spa Swimming Pool 590\u00d7235<\/h4>\n<ul>\n<li class=\" translation-block\"><strong>Optimized Large Space<\/strong>: With its 590\u00d7235 cm dimensions, it serves many users at the same time. Thus, it has a wide usage area with both swimming area and seating and massage areas. This special design provides an ergonomic swimming experience while supporting users' freedom of movement.<\/li>\n<li class=\" translation-block\"><strong>Advanced Massage and Water Therapy Systems<\/strong>: The high-pressure water jets in the pool can be adapted to individual needs with various speed and intensity settings. These jets relieve muscle tension, increase circulation and provide physical relaxation for users. The water therapy feature offers effective support for users seeking health and relaxation.<\/li>\n<li class=\" translation-block\"><strong>Heat Control System<\/strong>: A system that can keep the water temperature at the desired level. It also offers comfortable use throughout the four seasons, so you can adjust the water temperature according to your personal preferences.<\/li>\n<li class=\" translation-block\"><strong>Sturdy Construction and Durable Materials<\/strong>: Made of high quality materials. Spa Swimming Pool 590\u00d7235 is resistant to water, moisture and chemicals. This robust construction ensures the longevity of the pool and minimizes maintenance requirements.<\/li>\n<li class=\" translation-block\"><strong>Easy Maintenance and Cleaning System<\/strong>: The automatic filtration and cleaning system keeps the water clean and hygienic at all times. User-friendly filter systems keep water quality high with minimal effort. Thus, it offers a professional level hygiene standard.<\/li>\n<\/ul>\n<p>&nbsp;<\/p>","protected":false},"excerpt":{"rendered":"<p>Spa Y\u00fczme Havuzu 590&#215;235 Spa Y\u00fczme Havuzu 590&#215;235, l\u00fcks spa merkezleri, oteller ve \u00f6zel m\u00fclkler i\u00e7in tasarlanm\u0131\u015ft\u0131r. Kullan\u0131c\u0131 deneyimini zenginle\u015ftiren<\/p>","protected":false},"featured_media":17573,"template":"","meta":[],"product_cat":[96,761],"product_tag":[],"class_list":{"0":"post-17571","1":"product","2":"type-product","3":"status-publish","4":"has-post-thumbnail","6":"product_cat-jakuzi-ve-whirlpool","7":"product_cat-spa-yuzme-havuzlari","9":"first","10":"instock","11":"shipping-taxable","12":"product-type-external"},"yoast_head":"<!-- This site is optimized with the Yoast SEO Premium plugin v23.2 (Yoast SEO v23.2) - https:\/\/yoast.com\/wordpress\/plugins\/seo\/ -->\n<title>Spa Y\u00fczme Havuzu 590x235 | Barrsell End\u00fcstri<\/title>\n<meta name=\"description\" content=\"Spa Y\u00fczme Havuzu 590x235, l\u00fcks spa merkezleri, oteller ve \u00f6zel m\u00fclkler i\u00e7in tasarlanm\u0131\u015f, kullan\u0131c\u0131 deneyimini zenginle\u015ftiren \u00fcst\u00fcn bir spa \u00e7\u00f6z\u00fcm\u00fcd\u00fcr.\" \/>\n<meta name=\"robots\" content=\"index, follow, max-snippet:-1, max-image-preview:large, max-video-preview:-1\" \/>\n<link rel=\"canonical\" href=\"https:\/\/barrsell.com\/en\/product\/spa-swimming-pool-590x235\/\" \/>\n<meta property=\"og:locale\" content=\"en_US\" \/>\n<meta property=\"og:type\" content=\"article\" \/>\n<meta property=\"og:title\" content=\"Spa Y\u00fczme Havuzu 590x235\" \/>\n<meta property=\"og:description\" content=\"Spa Y\u00fczme Havuzu 590x235, l\u00fcks spa merkezleri, oteller ve \u00f6zel m\u00fclkler i\u00e7in tasarlanm\u0131\u015f, kullan\u0131c\u0131 deneyimini zenginle\u015ftiren \u00fcst\u00fcn bir spa \u00e7\u00f6z\u00fcm\u00fcd\u00fcr.\" \/>\n<meta property=\"og:url\" content=\"https:\/\/barrsell.com\/en\/product\/spa-swimming-pool-590x235\/\" \/>\n<meta property=\"og:site_name\" content=\"Barrsell\" \/>\n<meta property=\"article:modified_time\" content=\"2024-12-05T09:46:49+00:00\" \/>\n<meta property=\"og:image\" content=\"https:\/\/barrsell.com\/wp-content\/uploads\/2024\/10\/Spa-Yuzme-Havuzu-590x235-1.png\" \/>\n\t<meta property=\"og:image:width\" content=\"1200\" \/>\n\t<meta property=\"og:image:height\" content=\"1200\" \/>\n\t<meta property=\"og:image:type\" content=\"image\/png\" \/>\n<meta name=\"twitter:card\" content=\"summary_large_image\" \/>\n<meta name=\"twitter:label1\" content=\"Est. reading time\" \/>\n\t<meta name=\"twitter:data1\" content=\"2 minutes\" \/>\n<script type=\"application\/ld+json\" class=\"yoast-schema-graph\">{\"@context\":\"https:\/\/schema.org\",\"@graph\":[{\"@type\":\"WebPage\",\"@id\":\"https:\/\/barrsell.com\/urun\/spa-yuzme-havuzu-590x235\/\",\"url\":\"https:\/\/barrsell.com\/urun\/spa-yuzme-havuzu-590x235\/\",\"name\":\"Spa Y\u00fczme Havuzu 590x235 | Barrsell End\u00fcstri\",\"isPartOf\":{\"@id\":\"https:\/\/barrsell.com\/#website\"},\"primaryImageOfPage\":{\"@id\":\"https:\/\/barrsell.com\/urun\/spa-yuzme-havuzu-590x235\/#primaryimage\"},\"image\":{\"@id\":\"https:\/\/barrsell.com\/urun\/spa-yuzme-havuzu-590x235\/#primaryimage\"},\"thumbnailUrl\":\"https:\/\/barrsell.com\/wp-content\/uploads\/2024\/10\/Spa-Yuzme-Havuzu-590x235-1.png\",\"datePublished\":\"2024-10-28T12:37:16+00:00\",\"dateModified\":\"2024-12-05T09:46:49+00:00\",\"description\":\"Spa Y\u00fczme Havuzu 590x235, l\u00fcks spa merkezleri, oteller ve \u00f6zel m\u00fclkler i\u00e7in tasarlanm\u0131\u015f, kullan\u0131c\u0131 deneyimini zenginle\u015ftiren \u00fcst\u00fcn bir spa \u00e7\u00f6z\u00fcm\u00fcd\u00fcr.\",\"breadcrumb\":{\"@id\":\"https:\/\/barrsell.com\/urun\/spa-yuzme-havuzu-590x235\/#breadcrumb\"},\"inLanguage\":\"en-US\",\"potentialAction\":[{\"@type\":\"ReadAction\",\"target\":[\"https:\/\/barrsell.com\/urun\/spa-yuzme-havuzu-590x235\/\"]}]},{\"@type\":\"ImageObject\",\"inLanguage\":\"en-US\",\"@id\":\"https:\/\/barrsell.com\/urun\/spa-yuzme-havuzu-590x235\/#primaryimage\",\"url\":\"https:\/\/barrsell.com\/wp-content\/uploads\/2024\/10\/Spa-Yuzme-Havuzu-590x235-1.png\",\"contentUrl\":\"https:\/\/barrsell.com\/wp-content\/uploads\/2024\/10\/Spa-Yuzme-Havuzu-590x235-1.png\",\"width\":1200,\"height\":1200,\"caption\":\"Spa Y\u00fczme Havuzu 590x235-1\"},{\"@type\":\"BreadcrumbList\",\"@id\":\"https:\/\/barrsell.com\/urun\/spa-yuzme-havuzu-590x235\/#breadcrumb\",\"itemListElement\":[{\"@type\":\"ListItem\",\"position\":1,\"name\":\"Home\",\"item\":\"https:\/\/barrsell.com\/\"},{\"@type\":\"ListItem\",\"position\":2,\"name\":\"\u00dcr\u00fcnler\",\"item\":\"https:\/\/barrsell.com\/en\/products\/\"},{\"@type\":\"ListItem\",\"position\":3,\"name\":\"Spa Y\u00fczme Havuzu 590&#215;235\"}]},{\"@type\":\"WebSite\",\"@id\":\"https:\/\/barrsell.com\/#website\",\"url\":\"https:\/\/barrsell.com\/\",\"name\":\"Barrsell End\u00fcstri Makine\",\"description\":\"Teknolojiyle G\u00fc\u00e7lenen End\u00fcstriyel \u00c7\u00f6z\u00fcmler!\",\"potentialAction\":[{\"@type\":\"SearchAction\",\"target\":{\"@type\":\"EntryPoint\",\"urlTemplate\":\"https:\/\/barrsell.com\/?s={search_term_string}\"},\"query-input\":\"required name=search_term_string\"}],\"inLanguage\":\"en-US\"}]}<\/script>\n<!-- \/ Yoast SEO Premium plugin. -->","yoast_head_json":{"title":"Spa Y\u00fczme Havuzu 590x235 | Barrsell End\u00fcstri","description":"Spa Y\u00fczme Havuzu 590x235, l\u00fcks spa merkezleri, oteller ve \u00f6zel m\u00fclkler i\u00e7in tasarlanm\u0131\u015f, kullan\u0131c\u0131 deneyimini zenginle\u015ftiren \u00fcst\u00fcn bir spa \u00e7\u00f6z\u00fcm\u00fcd\u00fcr.","robots":{"index":"index","follow":"follow","max-snippet":"max-snippet:-1","max-image-preview":"max-image-preview:large","max-video-preview":"max-video-preview:-1"},"canonical":"https:\/\/barrsell.com\/en\/product\/spa-swimming-pool-590x235\/","og_locale":"en_US","og_type":"article","og_title":"Spa Y\u00fczme Havuzu 590x235","og_description":"Spa Y\u00fczme Havuzu 590x235, l\u00fcks spa merkezleri, oteller ve \u00f6zel m\u00fclkler i\u00e7in tasarlanm\u0131\u015f, kullan\u0131c\u0131 deneyimini zenginle\u015ftiren \u00fcst\u00fcn bir spa \u00e7\u00f6z\u00fcm\u00fcd\u00fcr.","og_url":"https:\/\/barrsell.com\/en\/product\/spa-swimming-pool-590x235\/","og_site_name":"Barrsell","article_modified_time":"2024-12-05T09:46:49+00:00","og_image":[{"width":1200,"height":1200,"url":"https:\/\/barrsell.com\/wp-content\/uploads\/2024\/10\/Spa-Yuzme-Havuzu-590x235-1.png","type":"image\/png"}],"twitter_card":"summary_large_image","twitter_misc":{"Est. reading time":"2 minutes"},"schema":{"@context":"https:\/\/schema.org","@graph":[{"@type":"WebPage","@id":"https:\/\/barrsell.com\/urun\/spa-yuzme-havuzu-590x235\/","url":"https:\/\/barrsell.com\/urun\/spa-yuzme-havuzu-590x235\/","name":"Spa Y\u00fczme Havuzu 590x235 | Barrsell End\u00fcstri","isPartOf":{"@id":"https:\/\/barrsell.com\/#website"},"primaryImageOfPage":{"@id":"https:\/\/barrsell.com\/urun\/spa-yuzme-havuzu-590x235\/#primaryimage"},"image":{"@id":"https:\/\/barrsell.com\/urun\/spa-yuzme-havuzu-590x235\/#primaryimage"},"thumbnailUrl":"https:\/\/barrsell.com\/wp-content\/uploads\/2024\/10\/Spa-Yuzme-Havuzu-590x235-1.png","datePublished":"2024-10-28T12:37:16+00:00","dateModified":"2024-12-05T09:46:49+00:00","description":"Spa Y\u00fczme Havuzu 590x235, l\u00fcks spa merkezleri, oteller ve \u00f6zel m\u00fclkler i\u00e7in tasarlanm\u0131\u015f, kullan\u0131c\u0131 deneyimini zenginle\u015ftiren \u00fcst\u00fcn bir spa \u00e7\u00f6z\u00fcm\u00fcd\u00fcr.","breadcrumb":{"@id":"https:\/\/barrsell.com\/urun\/spa-yuzme-havuzu-590x235\/#breadcrumb"},"inLanguage":"en-US","potentialAction":[{"@type":"ReadAction","target":["https:\/\/barrsell.com\/urun\/spa-yuzme-havuzu-590x235\/"]}]},{"@type":"ImageObject","inLanguage":"en-US","@id":"https:\/\/barrsell.com\/urun\/spa-yuzme-havuzu-590x235\/#primaryimage","url":"https:\/\/barrsell.com\/wp-content\/uploads\/2024\/10\/Spa-Yuzme-Havuzu-590x235-1.png","contentUrl":"https:\/\/barrsell.com\/wp-content\/uploads\/2024\/10\/Spa-Yuzme-Havuzu-590x235-1.png","width":1200,"height":1200,"caption":"Spa Y\u00fczme Havuzu 590x235-1"},{"@type":"BreadcrumbList","@id":"https:\/\/barrsell.com\/urun\/spa-yuzme-havuzu-590x235\/#breadcrumb","itemListElement":[{"@type":"ListItem","position":1,"name":"Home","item":"https:\/\/barrsell.com\/"},{"@type":"ListItem","position":2,"name":"\u00dcr\u00fcnler","item":"https:\/\/barrsell.com\/en\/products\/"},{"@type":"ListItem","position":3,"name":"Spa Y\u00fczme Havuzu 590&#215;235"}]},{"@type":"WebSite","@id":"https:\/\/barrsell.com\/#website","url":"https:\/\/barrsell.com\/","name":"Barrsell End\u00fcstri Makine","description":"Teknolojiyle G\u00fc\u00e7lenen End\u00fcstriyel \u00c7\u00f6z\u00fcmler!","potentialAction":[{"@type":"SearchAction","target":{"@type":"EntryPoint","urlTemplate":"https:\/\/barrsell.com\/?s={search_term_string}"},"query-input":"required name=search_term_string"}],"inLanguage":"en-US"}]}},"_links":{"self":[{"href":"https:\/\/barrsell.com\/en\/wp-json\/wp\/v2\/product\/17571","targetHints":{"allow":["GET"]}}],"collection":[{"href":"https:\/\/barrsell.com\/en\/wp-json\/wp\/v2\/product"}],"about":[{"href":"https:\/\/barrsell.com\/en\/wp-json\/wp\/v2\/types\/product"}],"version-history":[{"count":4,"href":"https:\/\/barrsell.com\/en\/wp-json\/wp\/v2\/product\/17571\/revisions"}],"predecessor-version":[{"id":18747,"href":"https:\/\/barrsell.com\/en\/wp-json\/wp\/v2\/product\/17571\/revisions\/18747"}],"wp:featuredmedia":[{"embeddable":true,"href":"https:\/\/barrsell.com\/en\/wp-json\/wp\/v2\/media\/17573"}],"wp:attachment":[{"href":"https:\/\/barrsell.com\/en\/wp-json\/wp\/v2\/media?parent=17571"}],"wp:term":[{"taxonomy":"product_cat","embeddable":true,"href":"https:\/\/barrsell.com\/en\/wp-json\/wp\/v2\/product_cat?post=17571"},{"taxonomy":"product_tag","embeddable":true,"href":"https:\/\/barrsell.com\/en\/wp-json\/wp\/v2\/product_tag?post=17571"}],"curies":[{"name":"wp","href":"https:\/\/api.w.org\/{rel}","templated":true}]}}