{"id":17422,"date":"2024-10-27T17:16:52","date_gmt":"2024-10-27T17:16:52","guid":{"rendered":"https:\/\/barrsell.com\/?post_type=product&#038;p=17422"},"modified":"2024-12-05T10:11:51","modified_gmt":"2024-12-05T10:11:51","slug":"dus-fonksiyon-plakasi-800x600","status":"publish","type":"product","link":"https:\/\/barrsell.com\/en\/product\/dus-function-plate-800x600\/","title":{"rendered":"Shower Function Plate 800\u00d7600"},"content":{"rendered":"<h2>Shower Function Plate 800\u00d7600<\/h2>\n<p>The Shower Function Plate 800\u00d7600 adds a new dimension to luxury bathroom experiences with its large surface area and superior function options. The function plate of this size provides an aesthetic appearance to bathrooms thanks to its minimalist design despite its large footprint. It appeals to a wide range of applications from spa centers to hotel bathrooms, from homes to luxury villa bathrooms. It also offers the user unparalleled control. Here are the highlights of this plate:<\/p>\n<h4>Shower System Plate Product Features and Advantages<\/h4>\n<ul>\n<li class=\" translation-block\"><strong>Wide Surface Area<\/strong>: With a large surface area measuring 800\u00d7600 mm, users have easy access to all control elements. This large plate provides ease of use, especially in multifunctional shower systems.<\/li>\n<li class=\" translation-block\"><strong>Multifunctional Control Options<\/strong>: Manage shower options such as rain, mist, massage from a single panel. You can also precisely adjust settings such as temperature, water flow and pressure.<\/li>\n<li class=\" translation-block\"><strong>Aesthetic and Modern Design<\/strong>: Despite its large size, it has an elegant and modern look.  The Shower Function Plate 800\u00d7600 adapts to any bathroom decoration. In addition, its sleek surface creates a modern feel in the bathroom. This feature complements the wall decoration.<\/li>\n<li class=\" translation-block\"><strong>High Durability<\/strong>: The shower function panel is made of durable materials such as stainless steel or high quality plastic. In addition, the plate is resistant to water and moisture, ensuring a long-lasting use. This durability is a great advantage for both commercial and home users.<\/li>\n<li class=\" translation-block\"><strong>Touch Screen and LED Light Features<\/strong>: Touchscreen and LED light options on some models allow users to easily adjust settings while adding a pleasant atmosphere to the bathroom. LED lights can be set in different colors and offer the user a special spa experience.<\/li>\n<\/ul>","protected":false},"excerpt":{"rendered":"<p>Du\u015f Fonksiyon Plakas\u0131 800&#215;600 Du\u015f Fonksiyon Plakas\u0131 800&#215;600, geni\u015f y\u00fczey alan\u0131 ve \u00fcst\u00fcn fonksiyon se\u00e7enekleriyle l\u00fcks banyo deneyimlerine yeni bir<\/p>","protected":false},"featured_media":17423,"template":"","meta":[],"product_cat":[200,758,203],"product_tag":[],"class_list":{"0":"post-17422","1":"product","2":"type-product","3":"status-publish","4":"has-post-thumbnail","6":"product_cat-dus-sistemi-elemanlari","7":"product_cat-fonksiyon-plakalari","8":"product_cat-dus-sistemi-yedek-parcalari","10":"first","11":"instock","12":"shipping-taxable","13":"product-type-external"},"yoast_head":"<!-- This site is optimized with the Yoast SEO Premium plugin v23.2 (Yoast SEO v23.2) - https:\/\/yoast.com\/wordpress\/plugins\/seo\/ -->\n<title>Du\u015f Fonksiyon Plakas\u0131 800x600 | Barrsell End\u00fcstri<\/title>\n<meta name=\"description\" content=\"Du\u015f Fonksiyon Plakas\u0131 800x600, geni\u015f y\u00fczey alan\u0131 ve \u00fcst\u00fcn fonksiyon se\u00e7enekleriyle l\u00fcks banyo deneyimlerine yeni bir boyut kazand\u0131r\u0131yor.\" \/>\n<meta name=\"robots\" content=\"index, follow, max-snippet:-1, max-image-preview:large, max-video-preview:-1\" \/>\n<link rel=\"canonical\" href=\"https:\/\/barrsell.com\/en\/product\/dus-function-plate-800x600\/\" \/>\n<meta property=\"og:locale\" content=\"en_US\" \/>\n<meta property=\"og:type\" content=\"article\" \/>\n<meta property=\"og:title\" content=\"Du\u015f Fonksiyon Plakas\u0131 800x600\" \/>\n<meta property=\"og:description\" content=\"Du\u015f Fonksiyon Plakas\u0131 800x600, geni\u015f y\u00fczey alan\u0131 ve \u00fcst\u00fcn fonksiyon se\u00e7enekleriyle l\u00fcks banyo deneyimlerine yeni bir boyut kazand\u0131r\u0131yor.\" \/>\n<meta property=\"og:url\" content=\"https:\/\/barrsell.com\/en\/product\/dus-function-plate-800x600\/\" \/>\n<meta property=\"og:site_name\" content=\"Barrsell\" \/>\n<meta property=\"article:modified_time\" content=\"2024-12-05T10:11:51+00:00\" \/>\n<meta property=\"og:image\" content=\"https:\/\/barrsell.com\/wp-content\/uploads\/2024\/10\/Dus-Fonksiyon-Plakasi-800x600-1.png\" \/>\n\t<meta property=\"og:image:width\" content=\"1200\" \/>\n\t<meta property=\"og:image:height\" content=\"1200\" \/>\n\t<meta property=\"og:image:type\" content=\"image\/png\" \/>\n<meta name=\"twitter:card\" content=\"summary_large_image\" \/>\n<meta name=\"twitter:label1\" content=\"Est. reading time\" \/>\n\t<meta name=\"twitter:data1\" content=\"2 minutes\" \/>\n<script type=\"application\/ld+json\" class=\"yoast-schema-graph\">{\"@context\":\"https:\/\/schema.org\",\"@graph\":[{\"@type\":\"WebPage\",\"@id\":\"https:\/\/barrsell.com\/urun\/dus-fonksiyon-plakasi-800x600\/\",\"url\":\"https:\/\/barrsell.com\/urun\/dus-fonksiyon-plakasi-800x600\/\",\"name\":\"Du\u015f Fonksiyon Plakas\u0131 800x600 | Barrsell End\u00fcstri\",\"isPartOf\":{\"@id\":\"https:\/\/barrsell.com\/#website\"},\"primaryImageOfPage\":{\"@id\":\"https:\/\/barrsell.com\/urun\/dus-fonksiyon-plakasi-800x600\/#primaryimage\"},\"image\":{\"@id\":\"https:\/\/barrsell.com\/urun\/dus-fonksiyon-plakasi-800x600\/#primaryimage\"},\"thumbnailUrl\":\"https:\/\/barrsell.com\/wp-content\/uploads\/2024\/10\/Dus-Fonksiyon-Plakasi-800x600-1.png\",\"datePublished\":\"2024-10-27T17:16:52+00:00\",\"dateModified\":\"2024-12-05T10:11:51+00:00\",\"description\":\"Du\u015f Fonksiyon Plakas\u0131 800x600, geni\u015f y\u00fczey alan\u0131 ve \u00fcst\u00fcn fonksiyon se\u00e7enekleriyle l\u00fcks banyo deneyimlerine yeni bir boyut kazand\u0131r\u0131yor.\",\"breadcrumb\":{\"@id\":\"https:\/\/barrsell.com\/urun\/dus-fonksiyon-plakasi-800x600\/#breadcrumb\"},\"inLanguage\":\"en-US\",\"potentialAction\":[{\"@type\":\"ReadAction\",\"target\":[\"https:\/\/barrsell.com\/urun\/dus-fonksiyon-plakasi-800x600\/\"]}]},{\"@type\":\"ImageObject\",\"inLanguage\":\"en-US\",\"@id\":\"https:\/\/barrsell.com\/urun\/dus-fonksiyon-plakasi-800x600\/#primaryimage\",\"url\":\"https:\/\/barrsell.com\/wp-content\/uploads\/2024\/10\/Dus-Fonksiyon-Plakasi-800x600-1.png\",\"contentUrl\":\"https:\/\/barrsell.com\/wp-content\/uploads\/2024\/10\/Dus-Fonksiyon-Plakasi-800x600-1.png\",\"width\":1200,\"height\":1200,\"caption\":\"Du\u015f Fonksiyon Plakas\u0131 800x600\"},{\"@type\":\"BreadcrumbList\",\"@id\":\"https:\/\/barrsell.com\/urun\/dus-fonksiyon-plakasi-800x600\/#breadcrumb\",\"itemListElement\":[{\"@type\":\"ListItem\",\"position\":1,\"name\":\"Home\",\"item\":\"https:\/\/barrsell.com\/\"},{\"@type\":\"ListItem\",\"position\":2,\"name\":\"\u00dcr\u00fcnler\",\"item\":\"https:\/\/barrsell.com\/en\/products\/\"},{\"@type\":\"ListItem\",\"position\":3,\"name\":\"Du\u015f Fonksiyon Plakas\u0131 800&#215;600\"}]},{\"@type\":\"WebSite\",\"@id\":\"https:\/\/barrsell.com\/#website\",\"url\":\"https:\/\/barrsell.com\/\",\"name\":\"Barrsell End\u00fcstri Makine\",\"description\":\"Teknolojiyle G\u00fc\u00e7lenen End\u00fcstriyel \u00c7\u00f6z\u00fcmler!\",\"potentialAction\":[{\"@type\":\"SearchAction\",\"target\":{\"@type\":\"EntryPoint\",\"urlTemplate\":\"https:\/\/barrsell.com\/?s={search_term_string}\"},\"query-input\":\"required name=search_term_string\"}],\"inLanguage\":\"en-US\"}]}<\/script>\n<!-- \/ Yoast SEO Premium plugin. -->","yoast_head_json":{"title":"Du\u015f Fonksiyon Plakas\u0131 800x600 | Barrsell End\u00fcstri","description":"Du\u015f Fonksiyon Plakas\u0131 800x600, geni\u015f y\u00fczey alan\u0131 ve \u00fcst\u00fcn fonksiyon se\u00e7enekleriyle l\u00fcks banyo deneyimlerine yeni bir boyut kazand\u0131r\u0131yor.","robots":{"index":"index","follow":"follow","max-snippet":"max-snippet:-1","max-image-preview":"max-image-preview:large","max-video-preview":"max-video-preview:-1"},"canonical":"https:\/\/barrsell.com\/en\/product\/dus-function-plate-800x600\/","og_locale":"en_US","og_type":"article","og_title":"Du\u015f Fonksiyon Plakas\u0131 800x600","og_description":"Du\u015f Fonksiyon Plakas\u0131 800x600, geni\u015f y\u00fczey alan\u0131 ve \u00fcst\u00fcn fonksiyon se\u00e7enekleriyle l\u00fcks banyo deneyimlerine yeni bir boyut kazand\u0131r\u0131yor.","og_url":"https:\/\/barrsell.com\/en\/product\/dus-function-plate-800x600\/","og_site_name":"Barrsell","article_modified_time":"2024-12-05T10:11:51+00:00","og_image":[{"width":1200,"height":1200,"url":"https:\/\/barrsell.com\/wp-content\/uploads\/2024\/10\/Dus-Fonksiyon-Plakasi-800x600-1.png","type":"image\/png"}],"twitter_card":"summary_large_image","twitter_misc":{"Est. reading time":"2 minutes"},"schema":{"@context":"https:\/\/schema.org","@graph":[{"@type":"WebPage","@id":"https:\/\/barrsell.com\/urun\/dus-fonksiyon-plakasi-800x600\/","url":"https:\/\/barrsell.com\/urun\/dus-fonksiyon-plakasi-800x600\/","name":"Du\u015f Fonksiyon Plakas\u0131 800x600 | Barrsell End\u00fcstri","isPartOf":{"@id":"https:\/\/barrsell.com\/#website"},"primaryImageOfPage":{"@id":"https:\/\/barrsell.com\/urun\/dus-fonksiyon-plakasi-800x600\/#primaryimage"},"image":{"@id":"https:\/\/barrsell.com\/urun\/dus-fonksiyon-plakasi-800x600\/#primaryimage"},"thumbnailUrl":"https:\/\/barrsell.com\/wp-content\/uploads\/2024\/10\/Dus-Fonksiyon-Plakasi-800x600-1.png","datePublished":"2024-10-27T17:16:52+00:00","dateModified":"2024-12-05T10:11:51+00:00","description":"Du\u015f Fonksiyon Plakas\u0131 800x600, geni\u015f y\u00fczey alan\u0131 ve \u00fcst\u00fcn fonksiyon se\u00e7enekleriyle l\u00fcks banyo deneyimlerine yeni bir boyut kazand\u0131r\u0131yor.","breadcrumb":{"@id":"https:\/\/barrsell.com\/urun\/dus-fonksiyon-plakasi-800x600\/#breadcrumb"},"inLanguage":"en-US","potentialAction":[{"@type":"ReadAction","target":["https:\/\/barrsell.com\/urun\/dus-fonksiyon-plakasi-800x600\/"]}]},{"@type":"ImageObject","inLanguage":"en-US","@id":"https:\/\/barrsell.com\/urun\/dus-fonksiyon-plakasi-800x600\/#primaryimage","url":"https:\/\/barrsell.com\/wp-content\/uploads\/2024\/10\/Dus-Fonksiyon-Plakasi-800x600-1.png","contentUrl":"https:\/\/barrsell.com\/wp-content\/uploads\/2024\/10\/Dus-Fonksiyon-Plakasi-800x600-1.png","width":1200,"height":1200,"caption":"Du\u015f Fonksiyon Plakas\u0131 800x600"},{"@type":"BreadcrumbList","@id":"https:\/\/barrsell.com\/urun\/dus-fonksiyon-plakasi-800x600\/#breadcrumb","itemListElement":[{"@type":"ListItem","position":1,"name":"Home","item":"https:\/\/barrsell.com\/"},{"@type":"ListItem","position":2,"name":"\u00dcr\u00fcnler","item":"https:\/\/barrsell.com\/en\/products\/"},{"@type":"ListItem","position":3,"name":"Du\u015f Fonksiyon Plakas\u0131 800&#215;600"}]},{"@type":"WebSite","@id":"https:\/\/barrsell.com\/#website","url":"https:\/\/barrsell.com\/","name":"Barrsell End\u00fcstri Makine","description":"Teknolojiyle G\u00fc\u00e7lenen End\u00fcstriyel \u00c7\u00f6z\u00fcmler!","potentialAction":[{"@type":"SearchAction","target":{"@type":"EntryPoint","urlTemplate":"https:\/\/barrsell.com\/?s={search_term_string}"},"query-input":"required name=search_term_string"}],"inLanguage":"en-US"}]}},"_links":{"self":[{"href":"https:\/\/barrsell.com\/en\/wp-json\/wp\/v2\/product\/17422","targetHints":{"allow":["GET"]}}],"collection":[{"href":"https:\/\/barrsell.com\/en\/wp-json\/wp\/v2\/product"}],"about":[{"href":"https:\/\/barrsell.com\/en\/wp-json\/wp\/v2\/types\/product"}],"version-history":[{"count":4,"href":"https:\/\/barrsell.com\/en\/wp-json\/wp\/v2\/product\/17422\/revisions"}],"predecessor-version":[{"id":18750,"href":"https:\/\/barrsell.com\/en\/wp-json\/wp\/v2\/product\/17422\/revisions\/18750"}],"wp:featuredmedia":[{"embeddable":true,"href":"https:\/\/barrsell.com\/en\/wp-json\/wp\/v2\/media\/17423"}],"wp:attachment":[{"href":"https:\/\/barrsell.com\/en\/wp-json\/wp\/v2\/media?parent=17422"}],"wp:term":[{"taxonomy":"product_cat","embeddable":true,"href":"https:\/\/barrsell.com\/en\/wp-json\/wp\/v2\/product_cat?post=17422"},{"taxonomy":"product_tag","embeddable":true,"href":"https:\/\/barrsell.com\/en\/wp-json\/wp\/v2\/product_tag?post=17422"}],"curies":[{"name":"wp","href":"https:\/\/api.w.org\/{rel}","templated":true}]}}