{"id":17389,"date":"2024-10-27T14:53:59","date_gmt":"2024-10-27T14:53:59","guid":{"rendered":"https:\/\/barrsell.com\/?post_type=product&#038;p=17389"},"modified":"2024-12-05T10:52:17","modified_gmt":"2024-12-05T10:52:17","slug":"dus-fonksiyon-plakasi-400x400","status":"publish","type":"product","link":"https:\/\/barrsell.com\/en\/product\/shower-function-plate\/","title":{"rendered":"Shower Function Plate 400\u00d7400"},"content":{"rendered":"<h2>Shower Function Plate 400\u00d7400<\/h2>\n<p>The Shower Function Plate 400\u00d7400 is a piece of modern bathroom technology that offers both aesthetics and functionality with its large surface and ergonomic design. This type of plate is particularly popular in spa and wellness centers or luxury home bathrooms. It offers the possibility to manage water flow, temperature and different shower features from a single panel.<\/p>\n<h4><strong>Technical Specifications<\/strong><\/h4>\n<ol>\n<li><strong>Dimensions:<\/strong><br \/>\nShower system plate 400 mm x 400 mm (square form). Thanks to its compact size, it saves space and offers ease of installation.<\/li>\n<li><strong>Material:<\/strong>\n<ul>\n<li>Stainless steel (ideal for durability and elegance).<\/li>\n<li>ABS plastic (lightweight and economical option).<\/li>\n<li>Aluminum alloy Compact shower plate (long lasting and rust resistant).<\/li>\n<\/ul>\n<\/li>\n<li><strong>Coating Types:<\/strong>\n<ul>\n<li>Matte or polished chrome finish.<\/li>\n<li>Black, white or nickel finishes.<\/li>\n<\/ul>\n<\/li>\n<\/ol>\n<h4>Features and Benefits<\/h4>\n<ul>\n<li class=\" translation-block\"><strong>Size and Design<\/strong>: The large 400\u00d7400 mm surface provides comfortable control. Its sleek and minimal design adds a modern touch to the bathroom decoration.<\/li>\n<li class=\" translation-block\"><strong>Multifunctional Control<\/strong>: From a single plate you can select different water outlets such as rain shower, mist effect or massage heads. You can also adjust the temperature and pressure of the water. This creates a more personalized and comfortable experience in the bathroom.<\/li>\n<li class=\" translation-block\"><strong>Smart Technology Compatibility<\/strong>: Some models are compatible with extras such as LED lighting and sound systems, allowing you to personalize the atmosphere of the bathroom with color and sound combinations. They are also extremely easy to use with a digital display and touch control panel.<\/li>\n<li class=\" translation-block\"><strong>Quality Material and Durability<\/strong>: Usually made of stainless steel or durable plastic, these plates are long-lasting and highly resistant to water. This makes them ideal for both home users and professional spas.<\/li>\n<\/ul>\n<p>&nbsp;<\/p>","protected":false},"excerpt":{"rendered":"<p>Du\u015f Fonksiyon Plakas\u0131 400&#215;400 Du\u015f Fonksiyon Plakas\u0131 400&#215;400, geni\u015f y\u00fczeyi ve ergonomik tasar\u0131m\u0131yla hem estetik hem de i\u015flevsellik sunan modern<\/p>","protected":false},"featured_media":17399,"template":"","meta":[],"product_cat":[200,758,203],"product_tag":[],"class_list":{"0":"post-17389","1":"product","2":"type-product","3":"status-publish","4":"has-post-thumbnail","6":"product_cat-dus-sistemi-elemanlari","7":"product_cat-fonksiyon-plakalari","8":"product_cat-dus-sistemi-yedek-parcalari","10":"first","11":"instock","12":"shipping-taxable","13":"product-type-external"},"yoast_head":"<!-- This site is optimized with the Yoast SEO Premium plugin v23.2 (Yoast SEO v23.2) - https:\/\/yoast.com\/wordpress\/plugins\/seo\/ -->\n<title>Du\u015f Fonksiyon Plakas\u0131 400x400 | Barrsell End\u00fcstri<\/title>\n<meta name=\"description\" content=\"Du\u015f Fonksiyon Plakas\u0131 400x400, geni\u015f y\u00fczeyi ve ergonomik tasar\u0131m\u0131yla hem estetik hem de i\u015flevsellik sunan modern banyo teknolojisinin bir par\u00e7as\u0131d\u0131r.\" \/>\n<meta name=\"robots\" content=\"index, follow, max-snippet:-1, max-image-preview:large, max-video-preview:-1\" \/>\n<link rel=\"canonical\" href=\"https:\/\/barrsell.com\/en\/product\/shower-function-plate\/\" \/>\n<meta property=\"og:locale\" content=\"en_US\" \/>\n<meta property=\"og:type\" content=\"article\" \/>\n<meta property=\"og:title\" content=\"Du\u015f Fonksiyon Plakas\u0131 400x400\" \/>\n<meta property=\"og:description\" content=\"Du\u015f Fonksiyon Plakas\u0131 400x400, geni\u015f y\u00fczeyi ve ergonomik tasar\u0131m\u0131yla hem estetik hem de i\u015flevsellik sunan modern banyo teknolojisinin bir par\u00e7as\u0131d\u0131r.\" \/>\n<meta property=\"og:url\" content=\"https:\/\/barrsell.com\/en\/product\/shower-function-plate\/\" \/>\n<meta property=\"og:site_name\" content=\"Barrsell\" \/>\n<meta property=\"article:modified_time\" content=\"2024-12-05T10:52:17+00:00\" \/>\n<meta property=\"og:image\" content=\"https:\/\/barrsell.com\/wp-content\/uploads\/2024\/10\/fonksiyon-plakasi-400x400-1.png\" \/>\n\t<meta property=\"og:image:width\" content=\"1200\" \/>\n\t<meta property=\"og:image:height\" content=\"1200\" \/>\n\t<meta property=\"og:image:type\" content=\"image\/png\" \/>\n<meta name=\"twitter:card\" content=\"summary_large_image\" \/>\n<meta name=\"twitter:label1\" content=\"Est. reading time\" \/>\n\t<meta name=\"twitter:data1\" content=\"2 minutes\" \/>\n<script type=\"application\/ld+json\" class=\"yoast-schema-graph\">{\"@context\":\"https:\/\/schema.org\",\"@graph\":[{\"@type\":\"WebPage\",\"@id\":\"https:\/\/barrsell.com\/urun\/dus-fonksiyon-plakasi-400x400\/\",\"url\":\"https:\/\/barrsell.com\/urun\/dus-fonksiyon-plakasi-400x400\/\",\"name\":\"Du\u015f Fonksiyon Plakas\u0131 400x400 | Barrsell End\u00fcstri\",\"isPartOf\":{\"@id\":\"https:\/\/barrsell.com\/#website\"},\"primaryImageOfPage\":{\"@id\":\"https:\/\/barrsell.com\/urun\/dus-fonksiyon-plakasi-400x400\/#primaryimage\"},\"image\":{\"@id\":\"https:\/\/barrsell.com\/urun\/dus-fonksiyon-plakasi-400x400\/#primaryimage\"},\"thumbnailUrl\":\"https:\/\/barrsell.com\/wp-content\/uploads\/2024\/10\/fonksiyon-plakasi-400x400-1.png\",\"datePublished\":\"2024-10-27T14:53:59+00:00\",\"dateModified\":\"2024-12-05T10:52:17+00:00\",\"description\":\"Du\u015f Fonksiyon Plakas\u0131 400x400, geni\u015f y\u00fczeyi ve ergonomik tasar\u0131m\u0131yla hem estetik hem de i\u015flevsellik sunan modern banyo teknolojisinin bir par\u00e7as\u0131d\u0131r.\",\"breadcrumb\":{\"@id\":\"https:\/\/barrsell.com\/urun\/dus-fonksiyon-plakasi-400x400\/#breadcrumb\"},\"inLanguage\":\"en-US\",\"potentialAction\":[{\"@type\":\"ReadAction\",\"target\":[\"https:\/\/barrsell.com\/urun\/dus-fonksiyon-plakasi-400x400\/\"]}]},{\"@type\":\"ImageObject\",\"inLanguage\":\"en-US\",\"@id\":\"https:\/\/barrsell.com\/urun\/dus-fonksiyon-plakasi-400x400\/#primaryimage\",\"url\":\"https:\/\/barrsell.com\/wp-content\/uploads\/2024\/10\/fonksiyon-plakasi-400x400-1.png\",\"contentUrl\":\"https:\/\/barrsell.com\/wp-content\/uploads\/2024\/10\/fonksiyon-plakasi-400x400-1.png\",\"width\":1200,\"height\":1200,\"caption\":\"fonksiyon plakas\u0131-400x400\"},{\"@type\":\"BreadcrumbList\",\"@id\":\"https:\/\/barrsell.com\/urun\/dus-fonksiyon-plakasi-400x400\/#breadcrumb\",\"itemListElement\":[{\"@type\":\"ListItem\",\"position\":1,\"name\":\"Home\",\"item\":\"https:\/\/barrsell.com\/\"},{\"@type\":\"ListItem\",\"position\":2,\"name\":\"\u00dcr\u00fcnler\",\"item\":\"https:\/\/barrsell.com\/en\/products\/\"},{\"@type\":\"ListItem\",\"position\":3,\"name\":\"Du\u015f Fonksiyon Plakas\u0131 400&#215;400\"}]},{\"@type\":\"WebSite\",\"@id\":\"https:\/\/barrsell.com\/#website\",\"url\":\"https:\/\/barrsell.com\/\",\"name\":\"Barrsell End\u00fcstri Makine\",\"description\":\"Teknolojiyle G\u00fc\u00e7lenen End\u00fcstriyel \u00c7\u00f6z\u00fcmler!\",\"potentialAction\":[{\"@type\":\"SearchAction\",\"target\":{\"@type\":\"EntryPoint\",\"urlTemplate\":\"https:\/\/barrsell.com\/?s={search_term_string}\"},\"query-input\":\"required name=search_term_string\"}],\"inLanguage\":\"en-US\"}]}<\/script>\n<!-- \/ Yoast SEO Premium plugin. -->","yoast_head_json":{"title":"Du\u015f Fonksiyon Plakas\u0131 400x400 | Barrsell End\u00fcstri","description":"Du\u015f Fonksiyon Plakas\u0131 400x400, geni\u015f y\u00fczeyi ve ergonomik tasar\u0131m\u0131yla hem estetik hem de i\u015flevsellik sunan modern banyo teknolojisinin bir par\u00e7as\u0131d\u0131r.","robots":{"index":"index","follow":"follow","max-snippet":"max-snippet:-1","max-image-preview":"max-image-preview:large","max-video-preview":"max-video-preview:-1"},"canonical":"https:\/\/barrsell.com\/en\/product\/shower-function-plate\/","og_locale":"en_US","og_type":"article","og_title":"Du\u015f Fonksiyon Plakas\u0131 400x400","og_description":"Du\u015f Fonksiyon Plakas\u0131 400x400, geni\u015f y\u00fczeyi ve ergonomik tasar\u0131m\u0131yla hem estetik hem de i\u015flevsellik sunan modern banyo teknolojisinin bir par\u00e7as\u0131d\u0131r.","og_url":"https:\/\/barrsell.com\/en\/product\/shower-function-plate\/","og_site_name":"Barrsell","article_modified_time":"2024-12-05T10:52:17+00:00","og_image":[{"width":1200,"height":1200,"url":"https:\/\/barrsell.com\/wp-content\/uploads\/2024\/10\/fonksiyon-plakasi-400x400-1.png","type":"image\/png"}],"twitter_card":"summary_large_image","twitter_misc":{"Est. reading time":"2 minutes"},"schema":{"@context":"https:\/\/schema.org","@graph":[{"@type":"WebPage","@id":"https:\/\/barrsell.com\/urun\/dus-fonksiyon-plakasi-400x400\/","url":"https:\/\/barrsell.com\/urun\/dus-fonksiyon-plakasi-400x400\/","name":"Du\u015f Fonksiyon Plakas\u0131 400x400 | Barrsell End\u00fcstri","isPartOf":{"@id":"https:\/\/barrsell.com\/#website"},"primaryImageOfPage":{"@id":"https:\/\/barrsell.com\/urun\/dus-fonksiyon-plakasi-400x400\/#primaryimage"},"image":{"@id":"https:\/\/barrsell.com\/urun\/dus-fonksiyon-plakasi-400x400\/#primaryimage"},"thumbnailUrl":"https:\/\/barrsell.com\/wp-content\/uploads\/2024\/10\/fonksiyon-plakasi-400x400-1.png","datePublished":"2024-10-27T14:53:59+00:00","dateModified":"2024-12-05T10:52:17+00:00","description":"Du\u015f Fonksiyon Plakas\u0131 400x400, geni\u015f y\u00fczeyi ve ergonomik tasar\u0131m\u0131yla hem estetik hem de i\u015flevsellik sunan modern banyo teknolojisinin bir par\u00e7as\u0131d\u0131r.","breadcrumb":{"@id":"https:\/\/barrsell.com\/urun\/dus-fonksiyon-plakasi-400x400\/#breadcrumb"},"inLanguage":"en-US","potentialAction":[{"@type":"ReadAction","target":["https:\/\/barrsell.com\/urun\/dus-fonksiyon-plakasi-400x400\/"]}]},{"@type":"ImageObject","inLanguage":"en-US","@id":"https:\/\/barrsell.com\/urun\/dus-fonksiyon-plakasi-400x400\/#primaryimage","url":"https:\/\/barrsell.com\/wp-content\/uploads\/2024\/10\/fonksiyon-plakasi-400x400-1.png","contentUrl":"https:\/\/barrsell.com\/wp-content\/uploads\/2024\/10\/fonksiyon-plakasi-400x400-1.png","width":1200,"height":1200,"caption":"fonksiyon plakas\u0131-400x400"},{"@type":"BreadcrumbList","@id":"https:\/\/barrsell.com\/urun\/dus-fonksiyon-plakasi-400x400\/#breadcrumb","itemListElement":[{"@type":"ListItem","position":1,"name":"Home","item":"https:\/\/barrsell.com\/"},{"@type":"ListItem","position":2,"name":"\u00dcr\u00fcnler","item":"https:\/\/barrsell.com\/en\/products\/"},{"@type":"ListItem","position":3,"name":"Du\u015f Fonksiyon Plakas\u0131 400&#215;400"}]},{"@type":"WebSite","@id":"https:\/\/barrsell.com\/#website","url":"https:\/\/barrsell.com\/","name":"Barrsell End\u00fcstri Makine","description":"Teknolojiyle G\u00fc\u00e7lenen End\u00fcstriyel \u00c7\u00f6z\u00fcmler!","potentialAction":[{"@type":"SearchAction","target":{"@type":"EntryPoint","urlTemplate":"https:\/\/barrsell.com\/?s={search_term_string}"},"query-input":"required name=search_term_string"}],"inLanguage":"en-US"}]}},"_links":{"self":[{"href":"https:\/\/barrsell.com\/en\/wp-json\/wp\/v2\/product\/17389","targetHints":{"allow":["GET"]}}],"collection":[{"href":"https:\/\/barrsell.com\/en\/wp-json\/wp\/v2\/product"}],"about":[{"href":"https:\/\/barrsell.com\/en\/wp-json\/wp\/v2\/types\/product"}],"version-history":[{"count":4,"href":"https:\/\/barrsell.com\/en\/wp-json\/wp\/v2\/product\/17389\/revisions"}],"predecessor-version":[{"id":18754,"href":"https:\/\/barrsell.com\/en\/wp-json\/wp\/v2\/product\/17389\/revisions\/18754"}],"wp:featuredmedia":[{"embeddable":true,"href":"https:\/\/barrsell.com\/en\/wp-json\/wp\/v2\/media\/17399"}],"wp:attachment":[{"href":"https:\/\/barrsell.com\/en\/wp-json\/wp\/v2\/media?parent=17389"}],"wp:term":[{"taxonomy":"product_cat","embeddable":true,"href":"https:\/\/barrsell.com\/en\/wp-json\/wp\/v2\/product_cat?post=17389"},{"taxonomy":"product_tag","embeddable":true,"href":"https:\/\/barrsell.com\/en\/wp-json\/wp\/v2\/product_tag?post=17389"}],"curies":[{"name":"wp","href":"https:\/\/api.w.org\/{rel}","templated":true}]}}