{"id":17360,"date":"2024-10-25T20:51:55","date_gmt":"2024-10-25T20:51:55","guid":{"rendered":"https:\/\/barrsell.com\/?post_type=product&#038;p=17360"},"modified":"2024-12-05T12:33:52","modified_gmt":"2024-12-05T12:33:52","slug":"dokunmatik-dus-kontrol-unitesi","status":"publish","type":"product","link":"https:\/\/barrsell.com\/en\/product\/touch-shower-control-union\/","title":{"rendered":"Touch Shower Control Unit"},"content":{"rendered":"<h2>Touch shower control unit<\/h2>\n<p>The touchscreen shower controller allows you to adjust the water temperature and flow quickly and easily. Advanced thermostat technology keeps the outlet water temperature constant with an accuracy of \u00b11\u00b0C. With your safety in mind, it automatically stops the water flow when the water temperature exceeds 50\u00b0C or when cold water is suddenly cut off, preventing the risk of scalding.<\/p>\n<ol>\n<li><strong>Touch Screen Technology:<\/strong>\n<ul>\n<li class=\" translation-block\"><strong>Precise Control:<\/strong> The high-precision display allows you to adjust the temperature and water flow with just one touch.<\/li>\n<li class=\" translation-block\"><strong>Intelligent shower control system LCD or LED Display:<\/strong> Ability to clearly display information such as temperature, timer, water flow rate.<\/li>\n<\/ul>\n<\/li>\n<li><strong>Material and Durability:<\/strong>\n<ul>\n<li>Water and moisture resistant glass or plastic screen.<\/li>\n<li class=\" translation-block\">Digital <a href=\"\/\/wdteknoloji.com\/kategori\/macera-duslari\/\u201d\" target=\"\u201c_self\u201d\">shower<\/a> control unit in stainless steel or aluminum alloy housing.<\/li>\n<\/ul>\n<\/li>\n<li><strong>Functions<\/strong>\n<ul>\n<li class=\" translation-block\">Temperature Adjustment: Allows you to easily reach the desired temperature.<\/li>\n<li class=\" translation-block\">Multiple Water Outlet Control: Direct different water outlets such as rain shower, hand shower, side jets.<\/li>\n<li class=\" translation-block\">Energy Saving Mode: Optimizes water and energy consumption.<\/li>\n<\/ul>\n<\/li>\n<\/ol>","protected":false},"excerpt":{"rendered":"<p>Dokunmatik du\u015f kontrol \u00fcnitesi Dokunmatik du\u015f kontrol \u00fcnitesi\u00a0 su s\u0131cakl\u0131\u011f\u0131n\u0131 ve ak\u0131\u015f\u0131n\u0131 h\u0131zl\u0131 ve kolay bir \u015fekilde ayarlaman\u0131za olanak tan\u0131r.<\/p>","protected":false},"featured_media":17361,"template":"","meta":[],"product_cat":[201,203],"product_tag":[],"class_list":{"0":"post-17360","1":"product","2":"type-product","3":"status-publish","4":"has-post-thumbnail","6":"product_cat-dus-sistemi-kontrol-uniteleri","7":"product_cat-dus-sistemi-yedek-parcalari","9":"first","10":"instock","11":"shipping-taxable","12":"product-type-external"},"yoast_head":"<!-- This site is optimized with the Yoast SEO Premium plugin v23.2 (Yoast SEO v23.2) - https:\/\/yoast.com\/wordpress\/plugins\/seo\/ -->\n<title>Dokunmatik Du\u015f Kontrol \u00dcnitesi | Barrsell End\u00fcstri<\/title>\n<meta name=\"description\" content=\"Dokunmatik du\u015f kontrol \u00fcnitesi\u00a0su s\u0131cakl\u0131\u011f\u0131n\u0131 ve ak\u0131\u015f\u0131n\u0131 h\u0131zl\u0131 ve kolay bir \u015fekilde ayarlaman\u0131za olanak tan\u0131r. Geli\u015fmi\u015f termostat teknolojisi.\" \/>\n<meta name=\"robots\" content=\"index, follow, max-snippet:-1, max-image-preview:large, max-video-preview:-1\" \/>\n<link rel=\"canonical\" href=\"https:\/\/barrsell.com\/en\/product\/touch-shower-control-union\/\" \/>\n<meta property=\"og:locale\" content=\"en_US\" \/>\n<meta property=\"og:type\" content=\"article\" \/>\n<meta property=\"og:title\" content=\"Dokunmatik Du\u015f Kontrol \u00dcnitesi\" \/>\n<meta property=\"og:description\" content=\"Dokunmatik du\u015f kontrol \u00fcnitesi\u00a0su s\u0131cakl\u0131\u011f\u0131n\u0131 ve ak\u0131\u015f\u0131n\u0131 h\u0131zl\u0131 ve kolay bir \u015fekilde ayarlaman\u0131za olanak tan\u0131r. Geli\u015fmi\u015f termostat teknolojisi.\" \/>\n<meta property=\"og:url\" content=\"https:\/\/barrsell.com\/en\/product\/touch-shower-control-union\/\" \/>\n<meta property=\"og:site_name\" content=\"Barrsell\" \/>\n<meta property=\"article:modified_time\" content=\"2024-12-05T12:33:52+00:00\" \/>\n<meta property=\"og:image\" content=\"https:\/\/barrsell.com\/wp-content\/uploads\/2024\/10\/Dokunmatik-Dus-Kontrol-Unitesi.png\" \/>\n\t<meta property=\"og:image:width\" content=\"1200\" \/>\n\t<meta property=\"og:image:height\" content=\"1200\" \/>\n\t<meta property=\"og:image:type\" content=\"image\/png\" \/>\n<meta name=\"twitter:card\" content=\"summary_large_image\" \/>\n<meta name=\"twitter:label1\" content=\"Est. reading time\" \/>\n\t<meta name=\"twitter:data1\" content=\"2 minutes\" \/>\n<script type=\"application\/ld+json\" class=\"yoast-schema-graph\">{\"@context\":\"https:\/\/schema.org\",\"@graph\":[{\"@type\":\"WebPage\",\"@id\":\"https:\/\/barrsell.com\/urun\/dokunmatik-dus-kontrol-unitesi\/\",\"url\":\"https:\/\/barrsell.com\/urun\/dokunmatik-dus-kontrol-unitesi\/\",\"name\":\"Dokunmatik Du\u015f Kontrol \u00dcnitesi | Barrsell End\u00fcstri\",\"isPartOf\":{\"@id\":\"https:\/\/barrsell.com\/#website\"},\"primaryImageOfPage\":{\"@id\":\"https:\/\/barrsell.com\/urun\/dokunmatik-dus-kontrol-unitesi\/#primaryimage\"},\"image\":{\"@id\":\"https:\/\/barrsell.com\/urun\/dokunmatik-dus-kontrol-unitesi\/#primaryimage\"},\"thumbnailUrl\":\"https:\/\/barrsell.com\/wp-content\/uploads\/2024\/10\/Dokunmatik-Dus-Kontrol-Unitesi.png\",\"datePublished\":\"2024-10-25T20:51:55+00:00\",\"dateModified\":\"2024-12-05T12:33:52+00:00\",\"description\":\"Dokunmatik du\u015f kontrol \u00fcnitesi\u00a0su s\u0131cakl\u0131\u011f\u0131n\u0131 ve ak\u0131\u015f\u0131n\u0131 h\u0131zl\u0131 ve kolay bir \u015fekilde ayarlaman\u0131za olanak tan\u0131r. Geli\u015fmi\u015f termostat teknolojisi.\",\"breadcrumb\":{\"@id\":\"https:\/\/barrsell.com\/urun\/dokunmatik-dus-kontrol-unitesi\/#breadcrumb\"},\"inLanguage\":\"en-US\",\"potentialAction\":[{\"@type\":\"ReadAction\",\"target\":[\"https:\/\/barrsell.com\/urun\/dokunmatik-dus-kontrol-unitesi\/\"]}]},{\"@type\":\"ImageObject\",\"inLanguage\":\"en-US\",\"@id\":\"https:\/\/barrsell.com\/urun\/dokunmatik-dus-kontrol-unitesi\/#primaryimage\",\"url\":\"https:\/\/barrsell.com\/wp-content\/uploads\/2024\/10\/Dokunmatik-Dus-Kontrol-Unitesi.png\",\"contentUrl\":\"https:\/\/barrsell.com\/wp-content\/uploads\/2024\/10\/Dokunmatik-Dus-Kontrol-Unitesi.png\",\"width\":1200,\"height\":1200,\"caption\":\"Dokunmatik Du\u015f Kontrol \u00dcnitesi\"},{\"@type\":\"BreadcrumbList\",\"@id\":\"https:\/\/barrsell.com\/urun\/dokunmatik-dus-kontrol-unitesi\/#breadcrumb\",\"itemListElement\":[{\"@type\":\"ListItem\",\"position\":1,\"name\":\"Home\",\"item\":\"https:\/\/barrsell.com\/\"},{\"@type\":\"ListItem\",\"position\":2,\"name\":\"\u00dcr\u00fcnler\",\"item\":\"https:\/\/barrsell.com\/en\/products\/\"},{\"@type\":\"ListItem\",\"position\":3,\"name\":\"Dokunmatik Du\u015f Kontrol \u00dcnitesi\"}]},{\"@type\":\"WebSite\",\"@id\":\"https:\/\/barrsell.com\/#website\",\"url\":\"https:\/\/barrsell.com\/\",\"name\":\"Barrsell End\u00fcstri Makine\",\"description\":\"Teknolojiyle G\u00fc\u00e7lenen End\u00fcstriyel \u00c7\u00f6z\u00fcmler!\",\"potentialAction\":[{\"@type\":\"SearchAction\",\"target\":{\"@type\":\"EntryPoint\",\"urlTemplate\":\"https:\/\/barrsell.com\/?s={search_term_string}\"},\"query-input\":\"required name=search_term_string\"}],\"inLanguage\":\"en-US\"}]}<\/script>\n<!-- \/ Yoast SEO Premium plugin. -->","yoast_head_json":{"title":"Dokunmatik Du\u015f Kontrol \u00dcnitesi | Barrsell End\u00fcstri","description":"Dokunmatik du\u015f kontrol \u00fcnitesi\u00a0su s\u0131cakl\u0131\u011f\u0131n\u0131 ve ak\u0131\u015f\u0131n\u0131 h\u0131zl\u0131 ve kolay bir \u015fekilde ayarlaman\u0131za olanak tan\u0131r. Geli\u015fmi\u015f termostat teknolojisi.","robots":{"index":"index","follow":"follow","max-snippet":"max-snippet:-1","max-image-preview":"max-image-preview:large","max-video-preview":"max-video-preview:-1"},"canonical":"https:\/\/barrsell.com\/en\/product\/touch-shower-control-union\/","og_locale":"en_US","og_type":"article","og_title":"Dokunmatik Du\u015f Kontrol \u00dcnitesi","og_description":"Dokunmatik du\u015f kontrol \u00fcnitesi\u00a0su s\u0131cakl\u0131\u011f\u0131n\u0131 ve ak\u0131\u015f\u0131n\u0131 h\u0131zl\u0131 ve kolay bir \u015fekilde ayarlaman\u0131za olanak tan\u0131r. Geli\u015fmi\u015f termostat teknolojisi.","og_url":"https:\/\/barrsell.com\/en\/product\/touch-shower-control-union\/","og_site_name":"Barrsell","article_modified_time":"2024-12-05T12:33:52+00:00","og_image":[{"width":1200,"height":1200,"url":"https:\/\/barrsell.com\/wp-content\/uploads\/2024\/10\/Dokunmatik-Dus-Kontrol-Unitesi.png","type":"image\/png"}],"twitter_card":"summary_large_image","twitter_misc":{"Est. reading time":"2 minutes"},"schema":{"@context":"https:\/\/schema.org","@graph":[{"@type":"WebPage","@id":"https:\/\/barrsell.com\/urun\/dokunmatik-dus-kontrol-unitesi\/","url":"https:\/\/barrsell.com\/urun\/dokunmatik-dus-kontrol-unitesi\/","name":"Dokunmatik Du\u015f Kontrol \u00dcnitesi | Barrsell End\u00fcstri","isPartOf":{"@id":"https:\/\/barrsell.com\/#website"},"primaryImageOfPage":{"@id":"https:\/\/barrsell.com\/urun\/dokunmatik-dus-kontrol-unitesi\/#primaryimage"},"image":{"@id":"https:\/\/barrsell.com\/urun\/dokunmatik-dus-kontrol-unitesi\/#primaryimage"},"thumbnailUrl":"https:\/\/barrsell.com\/wp-content\/uploads\/2024\/10\/Dokunmatik-Dus-Kontrol-Unitesi.png","datePublished":"2024-10-25T20:51:55+00:00","dateModified":"2024-12-05T12:33:52+00:00","description":"Dokunmatik du\u015f kontrol \u00fcnitesi\u00a0su s\u0131cakl\u0131\u011f\u0131n\u0131 ve ak\u0131\u015f\u0131n\u0131 h\u0131zl\u0131 ve kolay bir \u015fekilde ayarlaman\u0131za olanak tan\u0131r. Geli\u015fmi\u015f termostat teknolojisi.","breadcrumb":{"@id":"https:\/\/barrsell.com\/urun\/dokunmatik-dus-kontrol-unitesi\/#breadcrumb"},"inLanguage":"en-US","potentialAction":[{"@type":"ReadAction","target":["https:\/\/barrsell.com\/urun\/dokunmatik-dus-kontrol-unitesi\/"]}]},{"@type":"ImageObject","inLanguage":"en-US","@id":"https:\/\/barrsell.com\/urun\/dokunmatik-dus-kontrol-unitesi\/#primaryimage","url":"https:\/\/barrsell.com\/wp-content\/uploads\/2024\/10\/Dokunmatik-Dus-Kontrol-Unitesi.png","contentUrl":"https:\/\/barrsell.com\/wp-content\/uploads\/2024\/10\/Dokunmatik-Dus-Kontrol-Unitesi.png","width":1200,"height":1200,"caption":"Dokunmatik Du\u015f Kontrol \u00dcnitesi"},{"@type":"BreadcrumbList","@id":"https:\/\/barrsell.com\/urun\/dokunmatik-dus-kontrol-unitesi\/#breadcrumb","itemListElement":[{"@type":"ListItem","position":1,"name":"Home","item":"https:\/\/barrsell.com\/"},{"@type":"ListItem","position":2,"name":"\u00dcr\u00fcnler","item":"https:\/\/barrsell.com\/en\/products\/"},{"@type":"ListItem","position":3,"name":"Dokunmatik Du\u015f Kontrol \u00dcnitesi"}]},{"@type":"WebSite","@id":"https:\/\/barrsell.com\/#website","url":"https:\/\/barrsell.com\/","name":"Barrsell End\u00fcstri Makine","description":"Teknolojiyle G\u00fc\u00e7lenen End\u00fcstriyel \u00c7\u00f6z\u00fcmler!","potentialAction":[{"@type":"SearchAction","target":{"@type":"EntryPoint","urlTemplate":"https:\/\/barrsell.com\/?s={search_term_string}"},"query-input":"required name=search_term_string"}],"inLanguage":"en-US"}]}},"_links":{"self":[{"href":"https:\/\/barrsell.com\/en\/wp-json\/wp\/v2\/product\/17360","targetHints":{"allow":["GET"]}}],"collection":[{"href":"https:\/\/barrsell.com\/en\/wp-json\/wp\/v2\/product"}],"about":[{"href":"https:\/\/barrsell.com\/en\/wp-json\/wp\/v2\/types\/product"}],"version-history":[{"count":7,"href":"https:\/\/barrsell.com\/en\/wp-json\/wp\/v2\/product\/17360\/revisions"}],"predecessor-version":[{"id":18760,"href":"https:\/\/barrsell.com\/en\/wp-json\/wp\/v2\/product\/17360\/revisions\/18760"}],"wp:featuredmedia":[{"embeddable":true,"href":"https:\/\/barrsell.com\/en\/wp-json\/wp\/v2\/media\/17361"}],"wp:attachment":[{"href":"https:\/\/barrsell.com\/en\/wp-json\/wp\/v2\/media?parent=17360"}],"wp:term":[{"taxonomy":"product_cat","embeddable":true,"href":"https:\/\/barrsell.com\/en\/wp-json\/wp\/v2\/product_cat?post=17360"},{"taxonomy":"product_tag","embeddable":true,"href":"https:\/\/barrsell.com\/en\/wp-json\/wp\/v2\/product_tag?post=17360"}],"curies":[{"name":"wp","href":"https:\/\/api.w.org\/{rel}","templated":true}]}}