{"id":17352,"date":"2024-10-25T14:03:32","date_gmt":"2024-10-25T14:03:32","guid":{"rendered":"https:\/\/barrsell.com\/?post_type=product&#038;p=17352"},"modified":"2025-02-10T11:18:29","modified_gmt":"2025-02-10T11:18:29","slug":"yan-jet-nozul-kare","status":"publish","type":"product","link":"https:\/\/barrsell.com\/en\/product\/side-jet-nozzle-square\/","title":{"rendered":"Side Jet Nozzle Square"},"content":{"rendered":"<h2><strong>Side Jet Nozzle Square Inch Square Chrome Brass Shower Body Spray Jet Shower Head - Valve Required (Set of 6)<\/strong><\/h2>\n<p class=\" translation-block\"><strong>Side jet nozzle square material :<\/strong> Made of high quality brass, the product is durable and long lasting. The chrome plating offers a shiny and stylish look while protecting against rust. This finish adds an elegant modern touch to your bathroom design.<\/p>\n<p class=\" translation-block\"><strong>Adjustable Massage Spray:<\/strong> The shower spray can rotate 360 degrees, allowing you to direct the water up, down, left or right. Thanks to the adjustable direction feature, the water easily reaches every part of your body during the shower and at the same time provides relaxation with a massage effect.<\/p>\n<p class=\" translation-block\"><strong>Size and Area of Effect:<\/strong> The compact 2-inch spray surface ensures an effective and even flow of water. Thus, it distributes water powerfully. Thanks to this minimal surface area, it creates maximum effect in small areas. It also saves money.<\/p>\n<p class=\" translation-block\"><strong>Set Includes:<\/strong> The product consists of 6 body spray heads, each square and chrome plated. This set of 6 allows the water to spread evenly to different parts of your body. Thus, you will experience a spa feeling in your bathroom.<\/p>\n<p><strong>Jet Shower Nozzle Featured Advantages:<\/strong><\/p>\n<ul>\n<li class=\" translation-block\"><strong>Material:<\/strong> High quality brass body, durable and long lasting construction<\/li>\n<li class=\" translation-block\"><strong>Coating:<\/strong> Polished chrome finish, modern and stylish look<\/li>\n<li class=\" translation-block\"><strong>Silicone Nozzles:<\/strong> Easy to clean, healthy use<\/li>\n<li class=\" translation-block\"><strong>Rotating Head: <\/strong>The 360 degree rotating head adjusts the water flow in all directions. It also provides a relaxing massage effect to your body.<\/li>\n<li class=\" translation-block\"><strong>Easy Installation:<\/strong> Effortless installation with NPT1\/2\u201d connection compatibility<\/li>\n<li class=\" translation-block\"><strong>Set Includes:<\/strong> 6 shower sprays with square heads<\/li>\n<\/ul>","protected":false},"excerpt":{"rendered":"<p>Yan Jet Nozul Kare \u0130n\u00e7 Kare Krom Pirin\u00e7 Du\u015f G\u00f6vdesi Sprey Jet Du\u015f Ba\u015fl\u0131\u011f\u0131 &#8211; Vana Gereklidir (6\u2019l\u0131 Set) Yan<\/p>","protected":false},"featured_media":17353,"template":"","meta":[],"product_cat":[199,203],"product_tag":[],"class_list":{"0":"post-17352","1":"product","2":"type-product","3":"status-publish","4":"has-post-thumbnail","6":"product_cat-yatay-duslar","7":"product_cat-dus-sistemi-yedek-parcalari","9":"first","10":"instock","11":"shipping-taxable","12":"product-type-external"},"yoast_head":"<!-- This site is optimized with the Yoast SEO Premium plugin v23.2 (Yoast SEO v23.2) - https:\/\/yoast.com\/wordpress\/plugins\/seo\/ -->\n<title>Yan Jet Nozul Kare | Barrsell End\u00fcstri<\/title>\n<meta name=\"description\" content=\"Yan jet nozul kare malzeme ve kaplama: Y\u00fcksek kaliteli pirin\u00e7ten \u00fcretilen kare du\u015f sprey ba\u015fl\u0131\u011f\u0131, dayan\u0131kl\u0131l\u0131\u011f\u0131 ve uzun \u00f6m\u00fcrl\u00fc yap\u0131s\u0131yla \u00f6ne \u00e7\u0131k\u0131yor.\" \/>\n<meta name=\"robots\" content=\"index, follow, max-snippet:-1, max-image-preview:large, max-video-preview:-1\" \/>\n<link rel=\"canonical\" href=\"https:\/\/barrsell.com\/en\/product\/side-jet-nozzle-square\/\" \/>\n<meta property=\"og:locale\" content=\"en_US\" \/>\n<meta property=\"og:type\" content=\"article\" \/>\n<meta property=\"og:title\" content=\"Yan Jet Nozul Kare\" \/>\n<meta property=\"og:description\" content=\"Yan jet nozul kare malzeme ve kaplama: Y\u00fcksek kaliteli pirin\u00e7ten \u00fcretilen kare du\u015f sprey ba\u015fl\u0131\u011f\u0131, dayan\u0131kl\u0131l\u0131\u011f\u0131 ve uzun \u00f6m\u00fcrl\u00fc yap\u0131s\u0131yla \u00f6ne \u00e7\u0131k\u0131yor.\" \/>\n<meta property=\"og:url\" content=\"https:\/\/barrsell.com\/en\/product\/side-jet-nozzle-square\/\" \/>\n<meta property=\"og:site_name\" content=\"Barrsell\" \/>\n<meta property=\"article:modified_time\" content=\"2025-02-10T11:18:29+00:00\" \/>\n<meta property=\"og:image\" content=\"https:\/\/barrsell.com\/wp-content\/uploads\/2024\/10\/Yan-Jet-Nozul-Kare.png\" \/>\n\t<meta property=\"og:image:width\" content=\"1200\" \/>\n\t<meta property=\"og:image:height\" content=\"1200\" \/>\n\t<meta property=\"og:image:type\" content=\"image\/png\" \/>\n<meta name=\"twitter:card\" content=\"summary_large_image\" \/>\n<meta name=\"twitter:label1\" content=\"Est. reading time\" \/>\n\t<meta name=\"twitter:data1\" content=\"2 minutes\" \/>\n<script type=\"application\/ld+json\" class=\"yoast-schema-graph\">{\"@context\":\"https:\/\/schema.org\",\"@graph\":[{\"@type\":\"WebPage\",\"@id\":\"https:\/\/barrsell.com\/urun\/yan-jet-nozul-kare\/\",\"url\":\"https:\/\/barrsell.com\/urun\/yan-jet-nozul-kare\/\",\"name\":\"Yan Jet Nozul Kare | Barrsell End\u00fcstri\",\"isPartOf\":{\"@id\":\"https:\/\/barrsell.com\/#website\"},\"primaryImageOfPage\":{\"@id\":\"https:\/\/barrsell.com\/urun\/yan-jet-nozul-kare\/#primaryimage\"},\"image\":{\"@id\":\"https:\/\/barrsell.com\/urun\/yan-jet-nozul-kare\/#primaryimage\"},\"thumbnailUrl\":\"https:\/\/barrsell.com\/wp-content\/uploads\/2024\/10\/Yan-Jet-Nozul-Kare.png\",\"datePublished\":\"2024-10-25T14:03:32+00:00\",\"dateModified\":\"2025-02-10T11:18:29+00:00\",\"description\":\"Yan jet nozul kare malzeme ve kaplama: Y\u00fcksek kaliteli pirin\u00e7ten \u00fcretilen kare du\u015f sprey ba\u015fl\u0131\u011f\u0131, dayan\u0131kl\u0131l\u0131\u011f\u0131 ve uzun \u00f6m\u00fcrl\u00fc yap\u0131s\u0131yla \u00f6ne \u00e7\u0131k\u0131yor.\",\"breadcrumb\":{\"@id\":\"https:\/\/barrsell.com\/urun\/yan-jet-nozul-kare\/#breadcrumb\"},\"inLanguage\":\"en-US\",\"potentialAction\":[{\"@type\":\"ReadAction\",\"target\":[\"https:\/\/barrsell.com\/urun\/yan-jet-nozul-kare\/\"]}]},{\"@type\":\"ImageObject\",\"inLanguage\":\"en-US\",\"@id\":\"https:\/\/barrsell.com\/urun\/yan-jet-nozul-kare\/#primaryimage\",\"url\":\"https:\/\/barrsell.com\/wp-content\/uploads\/2024\/10\/Yan-Jet-Nozul-Kare.png\",\"contentUrl\":\"https:\/\/barrsell.com\/wp-content\/uploads\/2024\/10\/Yan-Jet-Nozul-Kare.png\",\"width\":1200,\"height\":1200,\"caption\":\"Yan Jet Nozul Kare\"},{\"@type\":\"BreadcrumbList\",\"@id\":\"https:\/\/barrsell.com\/urun\/yan-jet-nozul-kare\/#breadcrumb\",\"itemListElement\":[{\"@type\":\"ListItem\",\"position\":1,\"name\":\"Home\",\"item\":\"https:\/\/barrsell.com\/\"},{\"@type\":\"ListItem\",\"position\":2,\"name\":\"\u00dcr\u00fcnler\",\"item\":\"https:\/\/barrsell.com\/en\/products\/\"},{\"@type\":\"ListItem\",\"position\":3,\"name\":\"Yan Jet Nozul Kare\"}]},{\"@type\":\"WebSite\",\"@id\":\"https:\/\/barrsell.com\/#website\",\"url\":\"https:\/\/barrsell.com\/\",\"name\":\"Barrsell End\u00fcstri Makine\",\"description\":\"Teknolojiyle G\u00fc\u00e7lenen End\u00fcstriyel \u00c7\u00f6z\u00fcmler!\",\"potentialAction\":[{\"@type\":\"SearchAction\",\"target\":{\"@type\":\"EntryPoint\",\"urlTemplate\":\"https:\/\/barrsell.com\/?s={search_term_string}\"},\"query-input\":\"required name=search_term_string\"}],\"inLanguage\":\"en-US\"}]}<\/script>\n<!-- \/ Yoast SEO Premium plugin. -->","yoast_head_json":{"title":"Yan Jet Nozul Kare | Barrsell End\u00fcstri","description":"Yan jet nozul kare malzeme ve kaplama: Y\u00fcksek kaliteli pirin\u00e7ten \u00fcretilen kare du\u015f sprey ba\u015fl\u0131\u011f\u0131, dayan\u0131kl\u0131l\u0131\u011f\u0131 ve uzun \u00f6m\u00fcrl\u00fc yap\u0131s\u0131yla \u00f6ne \u00e7\u0131k\u0131yor.","robots":{"index":"index","follow":"follow","max-snippet":"max-snippet:-1","max-image-preview":"max-image-preview:large","max-video-preview":"max-video-preview:-1"},"canonical":"https:\/\/barrsell.com\/en\/product\/side-jet-nozzle-square\/","og_locale":"en_US","og_type":"article","og_title":"Yan Jet Nozul Kare","og_description":"Yan jet nozul kare malzeme ve kaplama: Y\u00fcksek kaliteli pirin\u00e7ten \u00fcretilen kare du\u015f sprey ba\u015fl\u0131\u011f\u0131, dayan\u0131kl\u0131l\u0131\u011f\u0131 ve uzun \u00f6m\u00fcrl\u00fc yap\u0131s\u0131yla \u00f6ne \u00e7\u0131k\u0131yor.","og_url":"https:\/\/barrsell.com\/en\/product\/side-jet-nozzle-square\/","og_site_name":"Barrsell","article_modified_time":"2025-02-10T11:18:29+00:00","og_image":[{"width":1200,"height":1200,"url":"https:\/\/barrsell.com\/wp-content\/uploads\/2024\/10\/Yan-Jet-Nozul-Kare.png","type":"image\/png"}],"twitter_card":"summary_large_image","twitter_misc":{"Est. reading time":"2 minutes"},"schema":{"@context":"https:\/\/schema.org","@graph":[{"@type":"WebPage","@id":"https:\/\/barrsell.com\/urun\/yan-jet-nozul-kare\/","url":"https:\/\/barrsell.com\/urun\/yan-jet-nozul-kare\/","name":"Yan Jet Nozul Kare | Barrsell End\u00fcstri","isPartOf":{"@id":"https:\/\/barrsell.com\/#website"},"primaryImageOfPage":{"@id":"https:\/\/barrsell.com\/urun\/yan-jet-nozul-kare\/#primaryimage"},"image":{"@id":"https:\/\/barrsell.com\/urun\/yan-jet-nozul-kare\/#primaryimage"},"thumbnailUrl":"https:\/\/barrsell.com\/wp-content\/uploads\/2024\/10\/Yan-Jet-Nozul-Kare.png","datePublished":"2024-10-25T14:03:32+00:00","dateModified":"2025-02-10T11:18:29+00:00","description":"Yan jet nozul kare malzeme ve kaplama: Y\u00fcksek kaliteli pirin\u00e7ten \u00fcretilen kare du\u015f sprey ba\u015fl\u0131\u011f\u0131, dayan\u0131kl\u0131l\u0131\u011f\u0131 ve uzun \u00f6m\u00fcrl\u00fc yap\u0131s\u0131yla \u00f6ne \u00e7\u0131k\u0131yor.","breadcrumb":{"@id":"https:\/\/barrsell.com\/urun\/yan-jet-nozul-kare\/#breadcrumb"},"inLanguage":"en-US","potentialAction":[{"@type":"ReadAction","target":["https:\/\/barrsell.com\/urun\/yan-jet-nozul-kare\/"]}]},{"@type":"ImageObject","inLanguage":"en-US","@id":"https:\/\/barrsell.com\/urun\/yan-jet-nozul-kare\/#primaryimage","url":"https:\/\/barrsell.com\/wp-content\/uploads\/2024\/10\/Yan-Jet-Nozul-Kare.png","contentUrl":"https:\/\/barrsell.com\/wp-content\/uploads\/2024\/10\/Yan-Jet-Nozul-Kare.png","width":1200,"height":1200,"caption":"Yan Jet Nozul Kare"},{"@type":"BreadcrumbList","@id":"https:\/\/barrsell.com\/urun\/yan-jet-nozul-kare\/#breadcrumb","itemListElement":[{"@type":"ListItem","position":1,"name":"Home","item":"https:\/\/barrsell.com\/"},{"@type":"ListItem","position":2,"name":"\u00dcr\u00fcnler","item":"https:\/\/barrsell.com\/en\/products\/"},{"@type":"ListItem","position":3,"name":"Yan Jet Nozul Kare"}]},{"@type":"WebSite","@id":"https:\/\/barrsell.com\/#website","url":"https:\/\/barrsell.com\/","name":"Barrsell End\u00fcstri Makine","description":"Teknolojiyle G\u00fc\u00e7lenen End\u00fcstriyel \u00c7\u00f6z\u00fcmler!","potentialAction":[{"@type":"SearchAction","target":{"@type":"EntryPoint","urlTemplate":"https:\/\/barrsell.com\/?s={search_term_string}"},"query-input":"required name=search_term_string"}],"inLanguage":"en-US"}]}},"_links":{"self":[{"href":"https:\/\/barrsell.com\/en\/wp-json\/wp\/v2\/product\/17352","targetHints":{"allow":["GET"]}}],"collection":[{"href":"https:\/\/barrsell.com\/en\/wp-json\/wp\/v2\/product"}],"about":[{"href":"https:\/\/barrsell.com\/en\/wp-json\/wp\/v2\/types\/product"}],"version-history":[{"count":6,"href":"https:\/\/barrsell.com\/en\/wp-json\/wp\/v2\/product\/17352\/revisions"}],"predecessor-version":[{"id":18765,"href":"https:\/\/barrsell.com\/en\/wp-json\/wp\/v2\/product\/17352\/revisions\/18765"}],"wp:featuredmedia":[{"embeddable":true,"href":"https:\/\/barrsell.com\/en\/wp-json\/wp\/v2\/media\/17353"}],"wp:attachment":[{"href":"https:\/\/barrsell.com\/en\/wp-json\/wp\/v2\/media?parent=17352"}],"wp:term":[{"taxonomy":"product_cat","embeddable":true,"href":"https:\/\/barrsell.com\/en\/wp-json\/wp\/v2\/product_cat?post=17352"},{"taxonomy":"product_tag","embeddable":true,"href":"https:\/\/barrsell.com\/en\/wp-json\/wp\/v2\/product_tag?post=17352"}],"curies":[{"name":"wp","href":"https:\/\/api.w.org\/{rel}","templated":true}]}}