{"id":16921,"date":"2024-10-25T09:57:27","date_gmt":"2024-10-25T09:57:27","guid":{"rendered":"https:\/\/barrsell.com\/?post_type=product&#038;p=16921"},"modified":"2025-02-10T11:19:08","modified_gmt":"2025-02-10T11:19:08","slug":"yan-jet-nozul-yuvarlak","status":"publish","type":"product","link":"https:\/\/barrsell.com\/en\/product\/side-jet-nozzle-round\/","title":{"rendered":"Side Jet Nozzle Round"},"content":{"rendered":"<h2><strong>Side Jet Nozzle Round Product Features: High Quality Brass Material and Chrome Plated Body Spray<\/strong><\/h2>\n<p class=\" translation-block\"><strong>Side Jet Nozzle Round quality material and stylish Finish:<\/strong> This body sprayer is made of high quality brass. Thanks to the chrome plating, it is both durable and long-lasting. This rust-resistant coating creates a modern and aesthetic look in your bathroom. In addition, the silicone nozzles offer a healthy use and are very practical in terms of cleaning.<\/p>\n<p class=\" translation-block\"><strong>Directed Massage Pleasure:<\/strong> With 360 degree rotation, this shower head can move up, down, left or right. This versatile adjustment ensures that the water makes contact with your skin in the most soothing way. And thus turns every shower into a massage. A truly special shower experience. At the same time, the spray jet is designed to make your bath time a spa-like experience.<\/p>\n<p class=\" translation-block\"><strong>Concealed Installation and Easy Compliance:<\/strong> Compatible with NPT1\/2\u201d standard connection size. It complies with American installation standards and allows for a fast, effortless installation. It requires minimum intervention to your walls with its hidden mounting feature that offers an aesthetic appearance.<\/p>\n<p class=\" translation-block\"><strong>Compact and Effective Size:<\/strong> With a 2-inch spray surface, it offers a powerful and balanced water flow. During installation, you should not drill unnecessary holes in the wall outside the specified area.<\/p>\n<p class=\" translation-block\"><strong>Pack Includes:<\/strong> 6 body sprays for a spa-quality bathing experience. It also transforms your bathroom into a relaxing atmosphere. This product is the perfect bathroom accessory with high quality material, orientation and easy installation. The ideal choice to bring the spa feeling to your bathroom!<\/p>\n<p>&nbsp;<\/p>","protected":false},"excerpt":{"rendered":"<p>Yan Jet Nozul Yuvarlak \u00dcr\u00fcn \u00d6zellikleri: Y\u00fcksek Kaliteli Pirin\u00e7 Malzeme ve Krom Kaplama V\u00fccut Spreyi Yan Jet Nozul Yuvarlak kaliteli<\/p>","protected":false},"featured_media":17356,"template":"","meta":[],"product_cat":[199,203],"product_tag":[],"class_list":{"0":"post-16921","1":"product","2":"type-product","3":"status-publish","4":"has-post-thumbnail","6":"product_cat-yatay-duslar","7":"product_cat-dus-sistemi-yedek-parcalari","9":"first","10":"instock","11":"shipping-taxable","12":"product-type-external"},"yoast_head":"<!-- This site is optimized with the Yoast SEO Premium plugin v23.2 (Yoast SEO v23.2) - https:\/\/yoast.com\/wordpress\/plugins\/seo\/ -->\n<title>Yan Jet Nozul Yuvarlak | Barrsell End\u00fcstri<\/title>\n<meta name=\"description\" content=\"Yan Jet Nozul Yuvarlak kaliteli malzeme ve \u015f\u0131k Kaplama. Y\u00fcksek kaliteli pirin\u00e7ten \u00fcretilmi\u015f olup krom kaplama sayesinde hem dayan\u0131kl\u0131l\u0131k sa\u011flar\" \/>\n<meta name=\"robots\" content=\"index, follow, max-snippet:-1, max-image-preview:large, max-video-preview:-1\" \/>\n<link rel=\"canonical\" href=\"https:\/\/barrsell.com\/en\/product\/side-jet-nozzle-round\/\" \/>\n<meta property=\"og:locale\" content=\"en_US\" \/>\n<meta property=\"og:type\" content=\"article\" \/>\n<meta property=\"og:title\" content=\"Yan Jet Nozul Yuvarlak\" \/>\n<meta property=\"og:description\" content=\"Yan Jet Nozul Yuvarlak kaliteli malzeme ve \u015f\u0131k Kaplama. Y\u00fcksek kaliteli pirin\u00e7ten \u00fcretilmi\u015f olup krom kaplama sayesinde hem dayan\u0131kl\u0131l\u0131k sa\u011flar\" \/>\n<meta property=\"og:url\" content=\"https:\/\/barrsell.com\/en\/product\/side-jet-nozzle-round\/\" \/>\n<meta property=\"og:site_name\" content=\"Barrsell\" \/>\n<meta property=\"article:modified_time\" content=\"2025-02-10T11:19:08+00:00\" \/>\n<meta property=\"og:image\" content=\"https:\/\/barrsell.com\/wp-content\/uploads\/2024\/10\/yan-jet-nozul-yuvarlak-2.png\" \/>\n\t<meta property=\"og:image:width\" content=\"1200\" \/>\n\t<meta property=\"og:image:height\" content=\"1200\" \/>\n\t<meta property=\"og:image:type\" content=\"image\/png\" \/>\n<meta name=\"twitter:card\" content=\"summary_large_image\" \/>\n<meta name=\"twitter:label1\" content=\"Est. reading time\" \/>\n\t<meta name=\"twitter:data1\" content=\"2 minutes\" \/>\n<script type=\"application\/ld+json\" class=\"yoast-schema-graph\">{\"@context\":\"https:\/\/schema.org\",\"@graph\":[{\"@type\":\"WebPage\",\"@id\":\"https:\/\/barrsell.com\/urun\/yan-jet-nozul-yuvarlak\/\",\"url\":\"https:\/\/barrsell.com\/urun\/yan-jet-nozul-yuvarlak\/\",\"name\":\"Yan Jet Nozul Yuvarlak | Barrsell End\u00fcstri\",\"isPartOf\":{\"@id\":\"https:\/\/barrsell.com\/#website\"},\"primaryImageOfPage\":{\"@id\":\"https:\/\/barrsell.com\/urun\/yan-jet-nozul-yuvarlak\/#primaryimage\"},\"image\":{\"@id\":\"https:\/\/barrsell.com\/urun\/yan-jet-nozul-yuvarlak\/#primaryimage\"},\"thumbnailUrl\":\"https:\/\/barrsell.com\/wp-content\/uploads\/2024\/10\/yan-jet-nozul-yuvarlak-2.png\",\"datePublished\":\"2024-10-25T09:57:27+00:00\",\"dateModified\":\"2025-02-10T11:19:08+00:00\",\"description\":\"Yan Jet Nozul Yuvarlak kaliteli malzeme ve \u015f\u0131k Kaplama. Y\u00fcksek kaliteli pirin\u00e7ten \u00fcretilmi\u015f olup krom kaplama sayesinde hem dayan\u0131kl\u0131l\u0131k sa\u011flar\",\"breadcrumb\":{\"@id\":\"https:\/\/barrsell.com\/urun\/yan-jet-nozul-yuvarlak\/#breadcrumb\"},\"inLanguage\":\"en-US\",\"potentialAction\":[{\"@type\":\"ReadAction\",\"target\":[\"https:\/\/barrsell.com\/urun\/yan-jet-nozul-yuvarlak\/\"]}]},{\"@type\":\"ImageObject\",\"inLanguage\":\"en-US\",\"@id\":\"https:\/\/barrsell.com\/urun\/yan-jet-nozul-yuvarlak\/#primaryimage\",\"url\":\"https:\/\/barrsell.com\/wp-content\/uploads\/2024\/10\/yan-jet-nozul-yuvarlak-2.png\",\"contentUrl\":\"https:\/\/barrsell.com\/wp-content\/uploads\/2024\/10\/yan-jet-nozul-yuvarlak-2.png\",\"width\":1200,\"height\":1200,\"caption\":\"yan jet nozul yuvarlak-2\"},{\"@type\":\"BreadcrumbList\",\"@id\":\"https:\/\/barrsell.com\/urun\/yan-jet-nozul-yuvarlak\/#breadcrumb\",\"itemListElement\":[{\"@type\":\"ListItem\",\"position\":1,\"name\":\"Home\",\"item\":\"https:\/\/barrsell.com\/\"},{\"@type\":\"ListItem\",\"position\":2,\"name\":\"\u00dcr\u00fcnler\",\"item\":\"https:\/\/barrsell.com\/en\/products\/\"},{\"@type\":\"ListItem\",\"position\":3,\"name\":\"Yan Jet Nozul Yuvarlak\"}]},{\"@type\":\"WebSite\",\"@id\":\"https:\/\/barrsell.com\/#website\",\"url\":\"https:\/\/barrsell.com\/\",\"name\":\"Barrsell End\u00fcstri Makine\",\"description\":\"Teknolojiyle G\u00fc\u00e7lenen End\u00fcstriyel \u00c7\u00f6z\u00fcmler!\",\"potentialAction\":[{\"@type\":\"SearchAction\",\"target\":{\"@type\":\"EntryPoint\",\"urlTemplate\":\"https:\/\/barrsell.com\/?s={search_term_string}\"},\"query-input\":\"required name=search_term_string\"}],\"inLanguage\":\"en-US\"}]}<\/script>\n<!-- \/ Yoast SEO Premium plugin. -->","yoast_head_json":{"title":"Yan Jet Nozul Yuvarlak | Barrsell End\u00fcstri","description":"Yan Jet Nozul Yuvarlak kaliteli malzeme ve \u015f\u0131k Kaplama. Y\u00fcksek kaliteli pirin\u00e7ten \u00fcretilmi\u015f olup krom kaplama sayesinde hem dayan\u0131kl\u0131l\u0131k sa\u011flar","robots":{"index":"index","follow":"follow","max-snippet":"max-snippet:-1","max-image-preview":"max-image-preview:large","max-video-preview":"max-video-preview:-1"},"canonical":"https:\/\/barrsell.com\/en\/product\/side-jet-nozzle-round\/","og_locale":"en_US","og_type":"article","og_title":"Yan Jet Nozul Yuvarlak","og_description":"Yan Jet Nozul Yuvarlak kaliteli malzeme ve \u015f\u0131k Kaplama. Y\u00fcksek kaliteli pirin\u00e7ten \u00fcretilmi\u015f olup krom kaplama sayesinde hem dayan\u0131kl\u0131l\u0131k sa\u011flar","og_url":"https:\/\/barrsell.com\/en\/product\/side-jet-nozzle-round\/","og_site_name":"Barrsell","article_modified_time":"2025-02-10T11:19:08+00:00","og_image":[{"width":1200,"height":1200,"url":"https:\/\/barrsell.com\/wp-content\/uploads\/2024\/10\/yan-jet-nozul-yuvarlak-2.png","type":"image\/png"}],"twitter_card":"summary_large_image","twitter_misc":{"Est. reading time":"2 minutes"},"schema":{"@context":"https:\/\/schema.org","@graph":[{"@type":"WebPage","@id":"https:\/\/barrsell.com\/urun\/yan-jet-nozul-yuvarlak\/","url":"https:\/\/barrsell.com\/urun\/yan-jet-nozul-yuvarlak\/","name":"Yan Jet Nozul Yuvarlak | Barrsell End\u00fcstri","isPartOf":{"@id":"https:\/\/barrsell.com\/#website"},"primaryImageOfPage":{"@id":"https:\/\/barrsell.com\/urun\/yan-jet-nozul-yuvarlak\/#primaryimage"},"image":{"@id":"https:\/\/barrsell.com\/urun\/yan-jet-nozul-yuvarlak\/#primaryimage"},"thumbnailUrl":"https:\/\/barrsell.com\/wp-content\/uploads\/2024\/10\/yan-jet-nozul-yuvarlak-2.png","datePublished":"2024-10-25T09:57:27+00:00","dateModified":"2025-02-10T11:19:08+00:00","description":"Yan Jet Nozul Yuvarlak kaliteli malzeme ve \u015f\u0131k Kaplama. Y\u00fcksek kaliteli pirin\u00e7ten \u00fcretilmi\u015f olup krom kaplama sayesinde hem dayan\u0131kl\u0131l\u0131k sa\u011flar","breadcrumb":{"@id":"https:\/\/barrsell.com\/urun\/yan-jet-nozul-yuvarlak\/#breadcrumb"},"inLanguage":"en-US","potentialAction":[{"@type":"ReadAction","target":["https:\/\/barrsell.com\/urun\/yan-jet-nozul-yuvarlak\/"]}]},{"@type":"ImageObject","inLanguage":"en-US","@id":"https:\/\/barrsell.com\/urun\/yan-jet-nozul-yuvarlak\/#primaryimage","url":"https:\/\/barrsell.com\/wp-content\/uploads\/2024\/10\/yan-jet-nozul-yuvarlak-2.png","contentUrl":"https:\/\/barrsell.com\/wp-content\/uploads\/2024\/10\/yan-jet-nozul-yuvarlak-2.png","width":1200,"height":1200,"caption":"yan jet nozul yuvarlak-2"},{"@type":"BreadcrumbList","@id":"https:\/\/barrsell.com\/urun\/yan-jet-nozul-yuvarlak\/#breadcrumb","itemListElement":[{"@type":"ListItem","position":1,"name":"Home","item":"https:\/\/barrsell.com\/"},{"@type":"ListItem","position":2,"name":"\u00dcr\u00fcnler","item":"https:\/\/barrsell.com\/en\/products\/"},{"@type":"ListItem","position":3,"name":"Yan Jet Nozul Yuvarlak"}]},{"@type":"WebSite","@id":"https:\/\/barrsell.com\/#website","url":"https:\/\/barrsell.com\/","name":"Barrsell End\u00fcstri Makine","description":"Teknolojiyle G\u00fc\u00e7lenen End\u00fcstriyel \u00c7\u00f6z\u00fcmler!","potentialAction":[{"@type":"SearchAction","target":{"@type":"EntryPoint","urlTemplate":"https:\/\/barrsell.com\/?s={search_term_string}"},"query-input":"required name=search_term_string"}],"inLanguage":"en-US"}]}},"_links":{"self":[{"href":"https:\/\/barrsell.com\/en\/wp-json\/wp\/v2\/product\/16921","targetHints":{"allow":["GET"]}}],"collection":[{"href":"https:\/\/barrsell.com\/en\/wp-json\/wp\/v2\/product"}],"about":[{"href":"https:\/\/barrsell.com\/en\/wp-json\/wp\/v2\/types\/product"}],"version-history":[{"count":5,"href":"https:\/\/barrsell.com\/en\/wp-json\/wp\/v2\/product\/16921\/revisions"}],"predecessor-version":[{"id":18766,"href":"https:\/\/barrsell.com\/en\/wp-json\/wp\/v2\/product\/16921\/revisions\/18766"}],"wp:featuredmedia":[{"embeddable":true,"href":"https:\/\/barrsell.com\/en\/wp-json\/wp\/v2\/media\/17356"}],"wp:attachment":[{"href":"https:\/\/barrsell.com\/en\/wp-json\/wp\/v2\/media?parent=16921"}],"wp:term":[{"taxonomy":"product_cat","embeddable":true,"href":"https:\/\/barrsell.com\/en\/wp-json\/wp\/v2\/product_cat?post=16921"},{"taxonomy":"product_tag","embeddable":true,"href":"https:\/\/barrsell.com\/en\/wp-json\/wp\/v2\/product_tag?post=16921"}],"curies":[{"name":"wp","href":"https:\/\/api.w.org\/{rel}","templated":true}]}}