{"id":16917,"date":"2024-10-22T07:50:53","date_gmt":"2024-10-22T07:50:53","guid":{"rendered":"https:\/\/barrsell.com\/?post_type=product&#038;p=16917"},"modified":"2024-12-05T13:07:53","modified_gmt":"2024-12-05T13:07:53","slug":"jakuzi-awt-ge109tsl-f","status":"publish","type":"product","link":"https:\/\/barrsell.com\/en\/product\/jacuzzi-awt-ge109tsl-f\/","title":{"rendered":"Jacuzzi AWT GE109TSL-F"},"content":{"rendered":"<h2>Jacuzzi AWT GE109TSL-F<\/h2>\n<p>Jacuzzi AWT GE109TSL-F Sydney Jacuzzi system offers the perfect massage with 14 lighted hydrojets on the walls. These consist of 4 adjustable turbojets and 10 massage jets located in the back\/foot area. In addition, thanks to the 8 lighted hydrojets on the floor, it combines water and air massage with a patented technology, providing a much stronger effect compared to traditional air nozzles. In particular, the Sydney hot tub system is equipped with a pulse massage feature, a very quiet LX pump, an ozone disinfection system and an LX heater with an output power of 1.5kW. You can also monitor the temperature on the screen with temperature display. Colored lights with fade function enrich the atmosphere with soft transitions. The computer-controlled panel allows you to easily manage the hot tub.<\/p>\n<h4><strong>TSL Control Element - All Functions Digital Control<\/strong><\/h4>\n<p class=\" translation-block\">One of the most critical elements that ensures the perfect functioning of your hot tub is high quality control electronics. At the same time, the new generation TSL control element allows you to manage all functions digitally. In addition, you can easily view all settings and instantly see which feature you have activated. Furthermore, thanks to the digital thermometer, you can constantly monitor the water temperature and activate the heating if necessary. This way, the system automatically senses the water temperature and turns off the heating when the desired bath temperature is reached, preventing the water from overcooling.<\/p>\n<h4><strong>Massage Strength and Pulse Massage<\/strong><\/h4>\n<p class=\" translation-block\">You can adjust the massage power on the panel separately for floor and wall jets. The TSL series provides relaxation with a unique pulse massage where the water alternates between hard and soft. This feature makes your massage experience more personalized and effective.<\/p>\n<h4><strong>Product Dimensions and Packaging<\/strong><\/h4>\n<p>Water capacity: 320 liters (without people, up to overflow).<\/p>\n<p>Dimensions: 1900mm x 900mm x 620mm (length x width x height).<\/p>\n<p>Sturdy wooden packaging dimensions: 2000mm x 1000mm x 690mm<\/p>","protected":false},"excerpt":{"rendered":"<p>Lighted Jets<br \/>\nOzone disinfection<br \/>\nMassage strength and pulse massage<\/p>","protected":false},"featured_media":16925,"template":"","meta":[],"product_cat":[750],"product_tag":[],"class_list":{"0":"post-16917","1":"product","2":"type-product","3":"status-publish","4":"has-post-thumbnail","6":"product_cat-jakuzi-cesitleri","8":"first","9":"instock","10":"shipping-taxable","11":"product-type-external"},"yoast_head":"<!-- This site is optimized with the Yoast SEO Premium plugin v23.2 (Yoast SEO v23.2) - https:\/\/yoast.com\/wordpress\/plugins\/seo\/ -->\n<title>Jakuzi AWT GE109TSL-F | Barrsell End\u00fcstri<\/title>\n<meta name=\"description\" content=\"Jakuzi AWT GE109TSL-F\u00a0 Sydney jakuzi sistemi, duvarlarda 14 \u0131\u015f\u0131kl\u0131 hidrojet ile m\u00fckemmel bir masaj sunuyor. 4 ayarlanabilir turbojet.\" \/>\n<meta name=\"robots\" content=\"index, follow, max-snippet:-1, max-image-preview:large, max-video-preview:-1\" \/>\n<link rel=\"canonical\" href=\"https:\/\/barrsell.com\/en\/product\/jacuzzi-awt-ge109tsl-f\/\" \/>\n<meta property=\"og:locale\" content=\"en_US\" \/>\n<meta property=\"og:type\" content=\"article\" \/>\n<meta property=\"og:title\" content=\"Jakuzi AWT GE109TSL-F\" \/>\n<meta property=\"og:description\" content=\"Jakuzi AWT GE109TSL-F\u00a0 Sydney jakuzi sistemi, duvarlarda 14 \u0131\u015f\u0131kl\u0131 hidrojet ile m\u00fckemmel bir masaj sunuyor. 4 ayarlanabilir turbojet.\" \/>\n<meta property=\"og:url\" content=\"https:\/\/barrsell.com\/en\/product\/jacuzzi-awt-ge109tsl-f\/\" \/>\n<meta property=\"og:site_name\" content=\"Barrsell\" \/>\n<meta property=\"article:modified_time\" content=\"2024-12-05T13:07:53+00:00\" \/>\n<meta property=\"og:image\" content=\"https:\/\/barrsell.com\/wp-content\/uploads\/2024\/10\/Jakuzi-AWT-GE109TSL-F.png\" \/>\n\t<meta property=\"og:image:width\" content=\"1200\" \/>\n\t<meta property=\"og:image:height\" content=\"1200\" \/>\n\t<meta property=\"og:image:type\" content=\"image\/png\" \/>\n<meta name=\"twitter:card\" content=\"summary_large_image\" \/>\n<meta name=\"twitter:label1\" content=\"Est. reading time\" \/>\n\t<meta name=\"twitter:data1\" content=\"2 minutes\" \/>\n<script type=\"application\/ld+json\" class=\"yoast-schema-graph\">{\"@context\":\"https:\/\/schema.org\",\"@graph\":[{\"@type\":\"WebPage\",\"@id\":\"https:\/\/barrsell.com\/urun\/jakuzi-awt-ge109tsl-f\/\",\"url\":\"https:\/\/barrsell.com\/urun\/jakuzi-awt-ge109tsl-f\/\",\"name\":\"Jakuzi AWT GE109TSL-F | Barrsell End\u00fcstri\",\"isPartOf\":{\"@id\":\"https:\/\/barrsell.com\/#website\"},\"primaryImageOfPage\":{\"@id\":\"https:\/\/barrsell.com\/urun\/jakuzi-awt-ge109tsl-f\/#primaryimage\"},\"image\":{\"@id\":\"https:\/\/barrsell.com\/urun\/jakuzi-awt-ge109tsl-f\/#primaryimage\"},\"thumbnailUrl\":\"https:\/\/barrsell.com\/wp-content\/uploads\/2024\/10\/Jakuzi-AWT-GE109TSL-F.png\",\"datePublished\":\"2024-10-22T07:50:53+00:00\",\"dateModified\":\"2024-12-05T13:07:53+00:00\",\"description\":\"Jakuzi AWT GE109TSL-F\u00a0 Sydney jakuzi sistemi, duvarlarda 14 \u0131\u015f\u0131kl\u0131 hidrojet ile m\u00fckemmel bir masaj sunuyor. 4 ayarlanabilir turbojet.\",\"breadcrumb\":{\"@id\":\"https:\/\/barrsell.com\/urun\/jakuzi-awt-ge109tsl-f\/#breadcrumb\"},\"inLanguage\":\"en-US\",\"potentialAction\":[{\"@type\":\"ReadAction\",\"target\":[\"https:\/\/barrsell.com\/urun\/jakuzi-awt-ge109tsl-f\/\"]}]},{\"@type\":\"ImageObject\",\"inLanguage\":\"en-US\",\"@id\":\"https:\/\/barrsell.com\/urun\/jakuzi-awt-ge109tsl-f\/#primaryimage\",\"url\":\"https:\/\/barrsell.com\/wp-content\/uploads\/2024\/10\/Jakuzi-AWT-GE109TSL-F.png\",\"contentUrl\":\"https:\/\/barrsell.com\/wp-content\/uploads\/2024\/10\/Jakuzi-AWT-GE109TSL-F.png\",\"width\":1200,\"height\":1200,\"caption\":\"Jakuzi AWT GE109TSL-F\"},{\"@type\":\"BreadcrumbList\",\"@id\":\"https:\/\/barrsell.com\/urun\/jakuzi-awt-ge109tsl-f\/#breadcrumb\",\"itemListElement\":[{\"@type\":\"ListItem\",\"position\":1,\"name\":\"Home\",\"item\":\"https:\/\/barrsell.com\/\"},{\"@type\":\"ListItem\",\"position\":2,\"name\":\"\u00dcr\u00fcnler\",\"item\":\"https:\/\/barrsell.com\/en\/products\/\"},{\"@type\":\"ListItem\",\"position\":3,\"name\":\"Jakuzi AWT GE109TSL-F\"}]},{\"@type\":\"WebSite\",\"@id\":\"https:\/\/barrsell.com\/#website\",\"url\":\"https:\/\/barrsell.com\/\",\"name\":\"Barrsell End\u00fcstri Makine\",\"description\":\"Teknolojiyle G\u00fc\u00e7lenen End\u00fcstriyel \u00c7\u00f6z\u00fcmler!\",\"potentialAction\":[{\"@type\":\"SearchAction\",\"target\":{\"@type\":\"EntryPoint\",\"urlTemplate\":\"https:\/\/barrsell.com\/?s={search_term_string}\"},\"query-input\":\"required name=search_term_string\"}],\"inLanguage\":\"en-US\"}]}<\/script>\n<!-- \/ Yoast SEO Premium plugin. -->","yoast_head_json":{"title":"Jakuzi AWT GE109TSL-F | Barrsell End\u00fcstri","description":"Jakuzi AWT GE109TSL-F\u00a0 Sydney jakuzi sistemi, duvarlarda 14 \u0131\u015f\u0131kl\u0131 hidrojet ile m\u00fckemmel bir masaj sunuyor. 4 ayarlanabilir turbojet.","robots":{"index":"index","follow":"follow","max-snippet":"max-snippet:-1","max-image-preview":"max-image-preview:large","max-video-preview":"max-video-preview:-1"},"canonical":"https:\/\/barrsell.com\/en\/product\/jacuzzi-awt-ge109tsl-f\/","og_locale":"en_US","og_type":"article","og_title":"Jakuzi AWT GE109TSL-F","og_description":"Jakuzi AWT GE109TSL-F\u00a0 Sydney jakuzi sistemi, duvarlarda 14 \u0131\u015f\u0131kl\u0131 hidrojet ile m\u00fckemmel bir masaj sunuyor. 4 ayarlanabilir turbojet.","og_url":"https:\/\/barrsell.com\/en\/product\/jacuzzi-awt-ge109tsl-f\/","og_site_name":"Barrsell","article_modified_time":"2024-12-05T13:07:53+00:00","og_image":[{"width":1200,"height":1200,"url":"https:\/\/barrsell.com\/wp-content\/uploads\/2024\/10\/Jakuzi-AWT-GE109TSL-F.png","type":"image\/png"}],"twitter_card":"summary_large_image","twitter_misc":{"Est. reading time":"2 minutes"},"schema":{"@context":"https:\/\/schema.org","@graph":[{"@type":"WebPage","@id":"https:\/\/barrsell.com\/urun\/jakuzi-awt-ge109tsl-f\/","url":"https:\/\/barrsell.com\/urun\/jakuzi-awt-ge109tsl-f\/","name":"Jakuzi AWT GE109TSL-F | Barrsell End\u00fcstri","isPartOf":{"@id":"https:\/\/barrsell.com\/#website"},"primaryImageOfPage":{"@id":"https:\/\/barrsell.com\/urun\/jakuzi-awt-ge109tsl-f\/#primaryimage"},"image":{"@id":"https:\/\/barrsell.com\/urun\/jakuzi-awt-ge109tsl-f\/#primaryimage"},"thumbnailUrl":"https:\/\/barrsell.com\/wp-content\/uploads\/2024\/10\/Jakuzi-AWT-GE109TSL-F.png","datePublished":"2024-10-22T07:50:53+00:00","dateModified":"2024-12-05T13:07:53+00:00","description":"Jakuzi AWT GE109TSL-F\u00a0 Sydney jakuzi sistemi, duvarlarda 14 \u0131\u015f\u0131kl\u0131 hidrojet ile m\u00fckemmel bir masaj sunuyor. 4 ayarlanabilir turbojet.","breadcrumb":{"@id":"https:\/\/barrsell.com\/urun\/jakuzi-awt-ge109tsl-f\/#breadcrumb"},"inLanguage":"en-US","potentialAction":[{"@type":"ReadAction","target":["https:\/\/barrsell.com\/urun\/jakuzi-awt-ge109tsl-f\/"]}]},{"@type":"ImageObject","inLanguage":"en-US","@id":"https:\/\/barrsell.com\/urun\/jakuzi-awt-ge109tsl-f\/#primaryimage","url":"https:\/\/barrsell.com\/wp-content\/uploads\/2024\/10\/Jakuzi-AWT-GE109TSL-F.png","contentUrl":"https:\/\/barrsell.com\/wp-content\/uploads\/2024\/10\/Jakuzi-AWT-GE109TSL-F.png","width":1200,"height":1200,"caption":"Jakuzi AWT GE109TSL-F"},{"@type":"BreadcrumbList","@id":"https:\/\/barrsell.com\/urun\/jakuzi-awt-ge109tsl-f\/#breadcrumb","itemListElement":[{"@type":"ListItem","position":1,"name":"Home","item":"https:\/\/barrsell.com\/"},{"@type":"ListItem","position":2,"name":"\u00dcr\u00fcnler","item":"https:\/\/barrsell.com\/en\/products\/"},{"@type":"ListItem","position":3,"name":"Jakuzi AWT GE109TSL-F"}]},{"@type":"WebSite","@id":"https:\/\/barrsell.com\/#website","url":"https:\/\/barrsell.com\/","name":"Barrsell End\u00fcstri Makine","description":"Teknolojiyle G\u00fc\u00e7lenen End\u00fcstriyel \u00c7\u00f6z\u00fcmler!","potentialAction":[{"@type":"SearchAction","target":{"@type":"EntryPoint","urlTemplate":"https:\/\/barrsell.com\/?s={search_term_string}"},"query-input":"required name=search_term_string"}],"inLanguage":"en-US"}]}},"_links":{"self":[{"href":"https:\/\/barrsell.com\/en\/wp-json\/wp\/v2\/product\/16917","targetHints":{"allow":["GET"]}}],"collection":[{"href":"https:\/\/barrsell.com\/en\/wp-json\/wp\/v2\/product"}],"about":[{"href":"https:\/\/barrsell.com\/en\/wp-json\/wp\/v2\/types\/product"}],"version-history":[{"count":3,"href":"https:\/\/barrsell.com\/en\/wp-json\/wp\/v2\/product\/16917\/revisions"}],"predecessor-version":[{"id":18768,"href":"https:\/\/barrsell.com\/en\/wp-json\/wp\/v2\/product\/16917\/revisions\/18768"}],"wp:featuredmedia":[{"embeddable":true,"href":"https:\/\/barrsell.com\/en\/wp-json\/wp\/v2\/media\/16925"}],"wp:attachment":[{"href":"https:\/\/barrsell.com\/en\/wp-json\/wp\/v2\/media?parent=16917"}],"wp:term":[{"taxonomy":"product_cat","embeddable":true,"href":"https:\/\/barrsell.com\/en\/wp-json\/wp\/v2\/product_cat?post=16917"},{"taxonomy":"product_tag","embeddable":true,"href":"https:\/\/barrsell.com\/en\/wp-json\/wp\/v2\/product_tag?post=16917"}],"curies":[{"name":"wp","href":"https:\/\/api.w.org\/{rel}","templated":true}]}}