{"id":16908,"date":"2024-10-21T17:55:29","date_gmt":"2024-10-21T17:55:29","guid":{"rendered":"https:\/\/barrsell.com\/?post_type=product&#038;p=16908"},"modified":"2024-12-05T14:01:48","modified_gmt":"2024-12-05T14:01:48","slug":"jakuzi-awt-ge115tsl","status":"publish","type":"product","link":"https:\/\/barrsell.com\/en\/product\/jacuzzi-awt-ge115tsl\/","title":{"rendered":"Jakuzi AWT GE115TSL"},"content":{"rendered":"<h2><strong>Jacuzzi AWT GE115TSL Sydney Jacuzzi System: Superior Technology and Luxury Massage Experience<\/strong><\/h2>\n<p class=\" translation-block\">Jacuzzi AWT GE115TSL Sydney Jacuzzi system offers you an unforgettable spa experience with modern design and advanced massage technologies. With 16 lighted hydrojets on the walls (6 adjustable turbojets, 10 massage jets in the foot and back area) and 16 lighted hydrojets on the floor, you feel the relaxing effect of the water at maximum level. At the same time, the patented technology allows you to apply water and air massage to the floor. And this provides a much more effective massage experience compared to traditional air nozzles.<\/p>\n<h4>Technical Specifications<\/h4>\n<ul>\n<li><strong>Dimensions<\/strong>: 1800 x 1300 x 620 mm<\/li>\n<li class=\" translation-block\"><strong>Water Capacity<\/strong>: 580 liters (up to overflow without people)<\/li>\n<li class=\" translation-block\"><strong>Packaging Dimensions<\/strong>: 1890 x 1390 x 690 mm<\/li>\n<li class=\" translation-block\">Assembly: Completely ready for connection including apron, you can assemble right or left.<\/li>\n<\/ul>\n<h4>Innovative Dual Pipe System<\/h4>\n<p class=\" translation-block\">The Sydney Jacuzzi is equipped with a special <strong>double pipe drainage system<\/strong> that prevents water from accumulating in the pipes. This feature maximizes hygiene standards and ensures a completely clean and hygienic environment after use.<\/p>\n<h4>Massage Options<\/h4>\n<p class=\" translation-block\">You can adjust the intensity of the hydro and ground jets in your jacuzzi separately via the control panel with the Venturi effect. In addition, with the pulse massage feature, you will experience a relaxing rhythmic massage of your jacuzzi body.<\/p>\n<h4>Quiet and Powerful Operation<\/h4>\n<p class=\" translation-block\">The Sydney hot tub is equipped with two silent pumps from LX. The sound insulation system is integrated into the pumps, eliminating annoying noise and providing an uninterrupted spa experience. In addition, the 1.5kW LX heater keeps the water temperature constant, ensuring your comfort even during long baths.<\/p>\n<h4>Hygiene and Cleanliness<\/h4>\n<p>Sydney jakuzi, suyu dezenfekte eden <strong>ozon sistemi<\/strong> Sydney jacuzzi is equipped with an ozone system that disinfects the water. This system purifies the water from harmful bacteria and provides a clean and healthy bathing environment.<\/p>","protected":false},"excerpt":{"rendered":"<ul>\n<li><strong>Dimensions<\/strong>: 1800 x 1300 x 620 mm<\/li>\n<li class=\" translation-block\"><strong>Water Capacity<\/strong>: 580 liters (up to overflow without people)<\/li>\n<li class=\" translation-block\"><strong>Packaging Dimensions<\/strong>: 1890 x 1390 x 690 mm<\/li>\n<\/ul>","protected":false},"featured_media":16930,"template":"","meta":[],"product_cat":[750],"product_tag":[],"class_list":{"0":"post-16908","1":"product","2":"type-product","3":"status-publish","4":"has-post-thumbnail","6":"product_cat-jakuzi-cesitleri","8":"first","9":"instock","10":"shipping-taxable","11":"product-type-external"},"yoast_head":"<!-- This site is optimized with the Yoast SEO Premium plugin v23.2 (Yoast SEO v23.2) - https:\/\/yoast.com\/wordpress\/plugins\/seo\/ -->\n<title>Jakuzi AWT GE115TSL | Barrsell End\u00fcstri<\/title>\n<meta name=\"description\" content=\"Jakuzi AWT GE115TSL Sydney jakuzi sistemi, modern tasar\u0131m ve geli\u015fmi\u015f masaj teknolojileri ile size unutulmaz bir spa deneyimi sunar.\" \/>\n<meta name=\"robots\" content=\"index, follow, max-snippet:-1, max-image-preview:large, max-video-preview:-1\" \/>\n<link rel=\"canonical\" href=\"https:\/\/barrsell.com\/en\/product\/jacuzzi-awt-ge115tsl\/\" \/>\n<meta property=\"og:locale\" content=\"en_US\" \/>\n<meta property=\"og:type\" content=\"article\" \/>\n<meta property=\"og:title\" content=\"Jakuzi AWT GE115TSL\" \/>\n<meta property=\"og:description\" content=\"Jakuzi AWT GE115TSL Sydney jakuzi sistemi, modern tasar\u0131m ve geli\u015fmi\u015f masaj teknolojileri ile size unutulmaz bir spa deneyimi sunar.\" \/>\n<meta property=\"og:url\" content=\"https:\/\/barrsell.com\/en\/product\/jacuzzi-awt-ge115tsl\/\" \/>\n<meta property=\"og:site_name\" content=\"Barrsell\" \/>\n<meta property=\"article:modified_time\" content=\"2024-12-05T14:01:48+00:00\" \/>\n<meta property=\"og:image\" content=\"https:\/\/barrsell.com\/wp-content\/uploads\/2024\/10\/Jakuzi-AWT-GE115TSL.png\" \/>\n\t<meta property=\"og:image:width\" content=\"1200\" \/>\n\t<meta property=\"og:image:height\" content=\"1200\" \/>\n\t<meta property=\"og:image:type\" content=\"image\/png\" \/>\n<meta name=\"twitter:card\" content=\"summary_large_image\" \/>\n<meta name=\"twitter:label1\" content=\"Est. reading time\" \/>\n\t<meta name=\"twitter:data1\" content=\"2 minutes\" \/>\n<script type=\"application\/ld+json\" class=\"yoast-schema-graph\">{\"@context\":\"https:\/\/schema.org\",\"@graph\":[{\"@type\":\"WebPage\",\"@id\":\"https:\/\/barrsell.com\/urun\/jakuzi-awt-ge115tsl\/\",\"url\":\"https:\/\/barrsell.com\/urun\/jakuzi-awt-ge115tsl\/\",\"name\":\"Jakuzi AWT GE115TSL | Barrsell End\u00fcstri\",\"isPartOf\":{\"@id\":\"https:\/\/barrsell.com\/#website\"},\"primaryImageOfPage\":{\"@id\":\"https:\/\/barrsell.com\/urun\/jakuzi-awt-ge115tsl\/#primaryimage\"},\"image\":{\"@id\":\"https:\/\/barrsell.com\/urun\/jakuzi-awt-ge115tsl\/#primaryimage\"},\"thumbnailUrl\":\"https:\/\/barrsell.com\/wp-content\/uploads\/2024\/10\/Jakuzi-AWT-GE115TSL.png\",\"datePublished\":\"2024-10-21T17:55:29+00:00\",\"dateModified\":\"2024-12-05T14:01:48+00:00\",\"description\":\"Jakuzi AWT GE115TSL Sydney jakuzi sistemi, modern tasar\u0131m ve geli\u015fmi\u015f masaj teknolojileri ile size unutulmaz bir spa deneyimi sunar.\",\"breadcrumb\":{\"@id\":\"https:\/\/barrsell.com\/urun\/jakuzi-awt-ge115tsl\/#breadcrumb\"},\"inLanguage\":\"en-US\",\"potentialAction\":[{\"@type\":\"ReadAction\",\"target\":[\"https:\/\/barrsell.com\/urun\/jakuzi-awt-ge115tsl\/\"]}]},{\"@type\":\"ImageObject\",\"inLanguage\":\"en-US\",\"@id\":\"https:\/\/barrsell.com\/urun\/jakuzi-awt-ge115tsl\/#primaryimage\",\"url\":\"https:\/\/barrsell.com\/wp-content\/uploads\/2024\/10\/Jakuzi-AWT-GE115TSL.png\",\"contentUrl\":\"https:\/\/barrsell.com\/wp-content\/uploads\/2024\/10\/Jakuzi-AWT-GE115TSL.png\",\"width\":1200,\"height\":1200,\"caption\":\"Jakuzi AWT GE115TSL\"},{\"@type\":\"BreadcrumbList\",\"@id\":\"https:\/\/barrsell.com\/urun\/jakuzi-awt-ge115tsl\/#breadcrumb\",\"itemListElement\":[{\"@type\":\"ListItem\",\"position\":1,\"name\":\"Home\",\"item\":\"https:\/\/barrsell.com\/\"},{\"@type\":\"ListItem\",\"position\":2,\"name\":\"\u00dcr\u00fcnler\",\"item\":\"https:\/\/barrsell.com\/en\/products\/\"},{\"@type\":\"ListItem\",\"position\":3,\"name\":\"Jakuzi AWT GE115TSL\"}]},{\"@type\":\"WebSite\",\"@id\":\"https:\/\/barrsell.com\/#website\",\"url\":\"https:\/\/barrsell.com\/\",\"name\":\"Barrsell End\u00fcstri Makine\",\"description\":\"Teknolojiyle G\u00fc\u00e7lenen End\u00fcstriyel \u00c7\u00f6z\u00fcmler!\",\"potentialAction\":[{\"@type\":\"SearchAction\",\"target\":{\"@type\":\"EntryPoint\",\"urlTemplate\":\"https:\/\/barrsell.com\/?s={search_term_string}\"},\"query-input\":\"required name=search_term_string\"}],\"inLanguage\":\"en-US\"}]}<\/script>\n<!-- \/ Yoast SEO Premium plugin. -->","yoast_head_json":{"title":"Jakuzi AWT GE115TSL | Barrsell End\u00fcstri","description":"Jakuzi AWT GE115TSL Sydney jakuzi sistemi, modern tasar\u0131m ve geli\u015fmi\u015f masaj teknolojileri ile size unutulmaz bir spa deneyimi sunar.","robots":{"index":"index","follow":"follow","max-snippet":"max-snippet:-1","max-image-preview":"max-image-preview:large","max-video-preview":"max-video-preview:-1"},"canonical":"https:\/\/barrsell.com\/en\/product\/jacuzzi-awt-ge115tsl\/","og_locale":"en_US","og_type":"article","og_title":"Jakuzi AWT GE115TSL","og_description":"Jakuzi AWT GE115TSL Sydney jakuzi sistemi, modern tasar\u0131m ve geli\u015fmi\u015f masaj teknolojileri ile size unutulmaz bir spa deneyimi sunar.","og_url":"https:\/\/barrsell.com\/en\/product\/jacuzzi-awt-ge115tsl\/","og_site_name":"Barrsell","article_modified_time":"2024-12-05T14:01:48+00:00","og_image":[{"width":1200,"height":1200,"url":"https:\/\/barrsell.com\/wp-content\/uploads\/2024\/10\/Jakuzi-AWT-GE115TSL.png","type":"image\/png"}],"twitter_card":"summary_large_image","twitter_misc":{"Est. reading time":"2 minutes"},"schema":{"@context":"https:\/\/schema.org","@graph":[{"@type":"WebPage","@id":"https:\/\/barrsell.com\/urun\/jakuzi-awt-ge115tsl\/","url":"https:\/\/barrsell.com\/urun\/jakuzi-awt-ge115tsl\/","name":"Jakuzi AWT GE115TSL | Barrsell End\u00fcstri","isPartOf":{"@id":"https:\/\/barrsell.com\/#website"},"primaryImageOfPage":{"@id":"https:\/\/barrsell.com\/urun\/jakuzi-awt-ge115tsl\/#primaryimage"},"image":{"@id":"https:\/\/barrsell.com\/urun\/jakuzi-awt-ge115tsl\/#primaryimage"},"thumbnailUrl":"https:\/\/barrsell.com\/wp-content\/uploads\/2024\/10\/Jakuzi-AWT-GE115TSL.png","datePublished":"2024-10-21T17:55:29+00:00","dateModified":"2024-12-05T14:01:48+00:00","description":"Jakuzi AWT GE115TSL Sydney jakuzi sistemi, modern tasar\u0131m ve geli\u015fmi\u015f masaj teknolojileri ile size unutulmaz bir spa deneyimi sunar.","breadcrumb":{"@id":"https:\/\/barrsell.com\/urun\/jakuzi-awt-ge115tsl\/#breadcrumb"},"inLanguage":"en-US","potentialAction":[{"@type":"ReadAction","target":["https:\/\/barrsell.com\/urun\/jakuzi-awt-ge115tsl\/"]}]},{"@type":"ImageObject","inLanguage":"en-US","@id":"https:\/\/barrsell.com\/urun\/jakuzi-awt-ge115tsl\/#primaryimage","url":"https:\/\/barrsell.com\/wp-content\/uploads\/2024\/10\/Jakuzi-AWT-GE115TSL.png","contentUrl":"https:\/\/barrsell.com\/wp-content\/uploads\/2024\/10\/Jakuzi-AWT-GE115TSL.png","width":1200,"height":1200,"caption":"Jakuzi AWT GE115TSL"},{"@type":"BreadcrumbList","@id":"https:\/\/barrsell.com\/urun\/jakuzi-awt-ge115tsl\/#breadcrumb","itemListElement":[{"@type":"ListItem","position":1,"name":"Home","item":"https:\/\/barrsell.com\/"},{"@type":"ListItem","position":2,"name":"\u00dcr\u00fcnler","item":"https:\/\/barrsell.com\/en\/products\/"},{"@type":"ListItem","position":3,"name":"Jakuzi AWT GE115TSL"}]},{"@type":"WebSite","@id":"https:\/\/barrsell.com\/#website","url":"https:\/\/barrsell.com\/","name":"Barrsell End\u00fcstri Makine","description":"Teknolojiyle G\u00fc\u00e7lenen End\u00fcstriyel \u00c7\u00f6z\u00fcmler!","potentialAction":[{"@type":"SearchAction","target":{"@type":"EntryPoint","urlTemplate":"https:\/\/barrsell.com\/?s={search_term_string}"},"query-input":"required name=search_term_string"}],"inLanguage":"en-US"}]}},"_links":{"self":[{"href":"https:\/\/barrsell.com\/en\/wp-json\/wp\/v2\/product\/16908","targetHints":{"allow":["GET"]}}],"collection":[{"href":"https:\/\/barrsell.com\/en\/wp-json\/wp\/v2\/product"}],"about":[{"href":"https:\/\/barrsell.com\/en\/wp-json\/wp\/v2\/types\/product"}],"version-history":[{"count":4,"href":"https:\/\/barrsell.com\/en\/wp-json\/wp\/v2\/product\/16908\/revisions"}],"predecessor-version":[{"id":18770,"href":"https:\/\/barrsell.com\/en\/wp-json\/wp\/v2\/product\/16908\/revisions\/18770"}],"wp:featuredmedia":[{"embeddable":true,"href":"https:\/\/barrsell.com\/en\/wp-json\/wp\/v2\/media\/16930"}],"wp:attachment":[{"href":"https:\/\/barrsell.com\/en\/wp-json\/wp\/v2\/media?parent=16908"}],"wp:term":[{"taxonomy":"product_cat","embeddable":true,"href":"https:\/\/barrsell.com\/en\/wp-json\/wp\/v2\/product_cat?post=16908"},{"taxonomy":"product_tag","embeddable":true,"href":"https:\/\/barrsell.com\/en\/wp-json\/wp\/v2\/product_tag?post=16908"}],"curies":[{"name":"wp","href":"https:\/\/api.w.org\/{rel}","templated":true}]}}