{"id":16904,"date":"2024-10-21T17:23:15","date_gmt":"2024-10-21T17:23:15","guid":{"rendered":"https:\/\/barrsell.com\/?post_type=product&#038;p=16904"},"modified":"2024-12-05T14:41:43","modified_gmt":"2024-12-05T14:41:43","slug":"whirlpool-awt-ge115e","status":"publish","type":"product","link":"https:\/\/barrsell.com\/en\/product\/whirlpool-awt-ge115e\/","title":{"rendered":"Wh\u0131rlpool AWT GE115E"},"content":{"rendered":"<h2>Wh\u0131rlpool AWT GE115E<\/h2>\n<p class=\" translation-block\">The Whirlpool AWT GE115E Sydney hot tub system brings the ultimate in relaxation and wellness, bringing the luxury spa experience into your home. 12 wall jets (6 adjustable turbojets, 6 massage jets on the feet and back) and 12 floor jets relax your body. Thanks to a patented technology, a combination of water and air massage is applied to the floor. This results in a much more effective massage than with conventional air nozzles.<\/p>\n<h4>Technical Specifications<\/h4>\n<ul>\n<li><strong>Dimensions<\/strong>: 1800 x 1300 x 620 mm<\/li>\n<li class=\" translation-block\"><strong>Water Capacity<\/strong>: 580 liters (up to overflow without people)<\/li>\n<li class=\" translation-block\"><strong>Packaging Dimensions<\/strong>: 1890 x 1390 x 690 mm<\/li>\n<li class=\" translation-block\">Fully ready for connection, including apron (right or left mounted)<\/li>\n<li class=\" translation-block\">With patented waste and overflow fittings, you can safely control the water level.<\/li>\n<\/ul>\n<h4>Personal Massage Experience<\/h4>\n<p class=\" translation-block\">The hydro and floor jets can be adjusted independently with 2 Venturi controllers. In this way, the hardness of the massage is easily adjusted according to the user's preference. Thus, it provides a personalized spa experience.<\/p>\n<h4>Quiet and Powerful Performance<\/h4>\n<p class=\" translation-block\">The silent LX pump, with its special sound insulation support, provides powerful water circulation without creating annoying noise. The 1.5kW LX heater keeps the water temperature constant. And so it can be easily controlled via the digital display.<\/p>\n<h4>Clean Water with Ozone Disinfection System<\/h4>\n<p class=\" translation-block\">This system in the Sydney hot tub keeps the water clean and hygienic. In addition, this system prioritizes user health by destroying harmful bacteria in the water.<\/p>\n<h4>Aesthetics and Durability<\/h4>\n<p class=\" translation-block\">The Whirlpool AWT GE115E features high-quality chrome-plated fittings and a stainless steel frame with adjustable legs, offering both aesthetics and durability. You can also add a soft atmosphere to your bathroom environment with the colored lighting system. The computer-controlled panel allows simple and quick management of all functions.<\/p>","protected":false},"excerpt":{"rendered":"<ul>\n<li>Dimensions 1800 x 1300 x 620 mm<\/li>\n<li class=\" translation-block\"><strong>Water Capacity<\/strong>: 580 liters (up to overflow without people)<\/li>\n<li class=\" translation-block\"><strong>Packaging Dimensions<\/strong>: 1890 x 1390 x 690 mm<\/li>\n<\/ul>","protected":false},"featured_media":16905,"template":"","meta":[],"product_cat":[751],"product_tag":[],"class_list":{"0":"post-16904","1":"product","2":"type-product","3":"status-publish","4":"has-post-thumbnail","6":"product_cat-whirlpool-cesitleri","8":"first","9":"instock","10":"shipping-taxable","11":"product-type-external"},"yoast_head":"<!-- This site is optimized with the Yoast SEO Premium plugin v23.2 (Yoast SEO v23.2) - https:\/\/yoast.com\/wordpress\/plugins\/seo\/ -->\n<title>Wh\u0131rlpool AWT GE115E | Barrsell End\u00fcstri<\/title>\n<meta name=\"description\" content=\"Wh\u0131rlpool AWT GE115E Sydney jakuzi sistemi, l\u00fcks spa deneyimini evinize getirerek rahatlama ve sa\u011fl\u0131k a\u00e7\u0131s\u0131ndan en \u00fcst d\u00fczeyde hizmet sunar.\" \/>\n<meta name=\"robots\" content=\"index, follow, max-snippet:-1, max-image-preview:large, max-video-preview:-1\" \/>\n<link rel=\"canonical\" href=\"https:\/\/barrsell.com\/en\/product\/whirlpool-awt-ge115e\/\" \/>\n<meta property=\"og:locale\" content=\"en_US\" \/>\n<meta property=\"og:type\" content=\"article\" \/>\n<meta property=\"og:title\" content=\"Wh\u0131rlpool AWT GE115E\" \/>\n<meta property=\"og:description\" content=\"Wh\u0131rlpool AWT GE115E Sydney jakuzi sistemi, l\u00fcks spa deneyimini evinize getirerek rahatlama ve sa\u011fl\u0131k a\u00e7\u0131s\u0131ndan en \u00fcst d\u00fczeyde hizmet sunar.\" \/>\n<meta property=\"og:url\" content=\"https:\/\/barrsell.com\/en\/product\/whirlpool-awt-ge115e\/\" \/>\n<meta property=\"og:site_name\" content=\"Barrsell\" \/>\n<meta property=\"article:modified_time\" content=\"2024-12-05T14:41:43+00:00\" \/>\n<meta property=\"og:image\" content=\"https:\/\/barrsell.com\/wp-content\/uploads\/2024\/10\/Whirlpool-AWT-GE115E.png\" \/>\n\t<meta property=\"og:image:width\" content=\"1200\" \/>\n\t<meta property=\"og:image:height\" content=\"1200\" \/>\n\t<meta property=\"og:image:type\" content=\"image\/png\" \/>\n<meta name=\"twitter:card\" content=\"summary_large_image\" \/>\n<meta name=\"twitter:label1\" content=\"Est. reading time\" \/>\n\t<meta name=\"twitter:data1\" content=\"2 minutes\" \/>\n<script type=\"application\/ld+json\" class=\"yoast-schema-graph\">{\"@context\":\"https:\/\/schema.org\",\"@graph\":[{\"@type\":\"WebPage\",\"@id\":\"https:\/\/barrsell.com\/urun\/whirlpool-awt-ge115e\/\",\"url\":\"https:\/\/barrsell.com\/urun\/whirlpool-awt-ge115e\/\",\"name\":\"Wh\u0131rlpool AWT GE115E | Barrsell End\u00fcstri\",\"isPartOf\":{\"@id\":\"https:\/\/barrsell.com\/#website\"},\"primaryImageOfPage\":{\"@id\":\"https:\/\/barrsell.com\/urun\/whirlpool-awt-ge115e\/#primaryimage\"},\"image\":{\"@id\":\"https:\/\/barrsell.com\/urun\/whirlpool-awt-ge115e\/#primaryimage\"},\"thumbnailUrl\":\"https:\/\/barrsell.com\/wp-content\/uploads\/2024\/10\/Whirlpool-AWT-GE115E.png\",\"datePublished\":\"2024-10-21T17:23:15+00:00\",\"dateModified\":\"2024-12-05T14:41:43+00:00\",\"description\":\"Wh\u0131rlpool AWT GE115E Sydney jakuzi sistemi, l\u00fcks spa deneyimini evinize getirerek rahatlama ve sa\u011fl\u0131k a\u00e7\u0131s\u0131ndan en \u00fcst d\u00fczeyde hizmet sunar.\",\"breadcrumb\":{\"@id\":\"https:\/\/barrsell.com\/urun\/whirlpool-awt-ge115e\/#breadcrumb\"},\"inLanguage\":\"en-US\",\"potentialAction\":[{\"@type\":\"ReadAction\",\"target\":[\"https:\/\/barrsell.com\/urun\/whirlpool-awt-ge115e\/\"]}]},{\"@type\":\"ImageObject\",\"inLanguage\":\"en-US\",\"@id\":\"https:\/\/barrsell.com\/urun\/whirlpool-awt-ge115e\/#primaryimage\",\"url\":\"https:\/\/barrsell.com\/wp-content\/uploads\/2024\/10\/Whirlpool-AWT-GE115E.png\",\"contentUrl\":\"https:\/\/barrsell.com\/wp-content\/uploads\/2024\/10\/Whirlpool-AWT-GE115E.png\",\"width\":1200,\"height\":1200,\"caption\":\"Wh\u0131rlpool AWT GE115E\"},{\"@type\":\"BreadcrumbList\",\"@id\":\"https:\/\/barrsell.com\/urun\/whirlpool-awt-ge115e\/#breadcrumb\",\"itemListElement\":[{\"@type\":\"ListItem\",\"position\":1,\"name\":\"Home\",\"item\":\"https:\/\/barrsell.com\/\"},{\"@type\":\"ListItem\",\"position\":2,\"name\":\"\u00dcr\u00fcnler\",\"item\":\"https:\/\/barrsell.com\/en\/products\/\"},{\"@type\":\"ListItem\",\"position\":3,\"name\":\"Wh\u0131rlpool AWT GE115E\"}]},{\"@type\":\"WebSite\",\"@id\":\"https:\/\/barrsell.com\/#website\",\"url\":\"https:\/\/barrsell.com\/\",\"name\":\"Barrsell End\u00fcstri Makine\",\"description\":\"Teknolojiyle G\u00fc\u00e7lenen End\u00fcstriyel \u00c7\u00f6z\u00fcmler!\",\"potentialAction\":[{\"@type\":\"SearchAction\",\"target\":{\"@type\":\"EntryPoint\",\"urlTemplate\":\"https:\/\/barrsell.com\/?s={search_term_string}\"},\"query-input\":\"required name=search_term_string\"}],\"inLanguage\":\"en-US\"}]}<\/script>\n<!-- \/ Yoast SEO Premium plugin. -->","yoast_head_json":{"title":"Wh\u0131rlpool AWT GE115E | Barrsell End\u00fcstri","description":"Wh\u0131rlpool AWT GE115E Sydney jakuzi sistemi, l\u00fcks spa deneyimini evinize getirerek rahatlama ve sa\u011fl\u0131k a\u00e7\u0131s\u0131ndan en \u00fcst d\u00fczeyde hizmet sunar.","robots":{"index":"index","follow":"follow","max-snippet":"max-snippet:-1","max-image-preview":"max-image-preview:large","max-video-preview":"max-video-preview:-1"},"canonical":"https:\/\/barrsell.com\/en\/product\/whirlpool-awt-ge115e\/","og_locale":"en_US","og_type":"article","og_title":"Wh\u0131rlpool AWT GE115E","og_description":"Wh\u0131rlpool AWT GE115E Sydney jakuzi sistemi, l\u00fcks spa deneyimini evinize getirerek rahatlama ve sa\u011fl\u0131k a\u00e7\u0131s\u0131ndan en \u00fcst d\u00fczeyde hizmet sunar.","og_url":"https:\/\/barrsell.com\/en\/product\/whirlpool-awt-ge115e\/","og_site_name":"Barrsell","article_modified_time":"2024-12-05T14:41:43+00:00","og_image":[{"width":1200,"height":1200,"url":"https:\/\/barrsell.com\/wp-content\/uploads\/2024\/10\/Whirlpool-AWT-GE115E.png","type":"image\/png"}],"twitter_card":"summary_large_image","twitter_misc":{"Est. reading time":"2 minutes"},"schema":{"@context":"https:\/\/schema.org","@graph":[{"@type":"WebPage","@id":"https:\/\/barrsell.com\/urun\/whirlpool-awt-ge115e\/","url":"https:\/\/barrsell.com\/urun\/whirlpool-awt-ge115e\/","name":"Wh\u0131rlpool AWT GE115E | Barrsell End\u00fcstri","isPartOf":{"@id":"https:\/\/barrsell.com\/#website"},"primaryImageOfPage":{"@id":"https:\/\/barrsell.com\/urun\/whirlpool-awt-ge115e\/#primaryimage"},"image":{"@id":"https:\/\/barrsell.com\/urun\/whirlpool-awt-ge115e\/#primaryimage"},"thumbnailUrl":"https:\/\/barrsell.com\/wp-content\/uploads\/2024\/10\/Whirlpool-AWT-GE115E.png","datePublished":"2024-10-21T17:23:15+00:00","dateModified":"2024-12-05T14:41:43+00:00","description":"Wh\u0131rlpool AWT GE115E Sydney jakuzi sistemi, l\u00fcks spa deneyimini evinize getirerek rahatlama ve sa\u011fl\u0131k a\u00e7\u0131s\u0131ndan en \u00fcst d\u00fczeyde hizmet sunar.","breadcrumb":{"@id":"https:\/\/barrsell.com\/urun\/whirlpool-awt-ge115e\/#breadcrumb"},"inLanguage":"en-US","potentialAction":[{"@type":"ReadAction","target":["https:\/\/barrsell.com\/urun\/whirlpool-awt-ge115e\/"]}]},{"@type":"ImageObject","inLanguage":"en-US","@id":"https:\/\/barrsell.com\/urun\/whirlpool-awt-ge115e\/#primaryimage","url":"https:\/\/barrsell.com\/wp-content\/uploads\/2024\/10\/Whirlpool-AWT-GE115E.png","contentUrl":"https:\/\/barrsell.com\/wp-content\/uploads\/2024\/10\/Whirlpool-AWT-GE115E.png","width":1200,"height":1200,"caption":"Wh\u0131rlpool AWT GE115E"},{"@type":"BreadcrumbList","@id":"https:\/\/barrsell.com\/urun\/whirlpool-awt-ge115e\/#breadcrumb","itemListElement":[{"@type":"ListItem","position":1,"name":"Home","item":"https:\/\/barrsell.com\/"},{"@type":"ListItem","position":2,"name":"\u00dcr\u00fcnler","item":"https:\/\/barrsell.com\/en\/products\/"},{"@type":"ListItem","position":3,"name":"Wh\u0131rlpool AWT GE115E"}]},{"@type":"WebSite","@id":"https:\/\/barrsell.com\/#website","url":"https:\/\/barrsell.com\/","name":"Barrsell End\u00fcstri Makine","description":"Teknolojiyle G\u00fc\u00e7lenen End\u00fcstriyel \u00c7\u00f6z\u00fcmler!","potentialAction":[{"@type":"SearchAction","target":{"@type":"EntryPoint","urlTemplate":"https:\/\/barrsell.com\/?s={search_term_string}"},"query-input":"required name=search_term_string"}],"inLanguage":"en-US"}]}},"_links":{"self":[{"href":"https:\/\/barrsell.com\/en\/wp-json\/wp\/v2\/product\/16904","targetHints":{"allow":["GET"]}}],"collection":[{"href":"https:\/\/barrsell.com\/en\/wp-json\/wp\/v2\/product"}],"about":[{"href":"https:\/\/barrsell.com\/en\/wp-json\/wp\/v2\/types\/product"}],"version-history":[{"count":5,"href":"https:\/\/barrsell.com\/en\/wp-json\/wp\/v2\/product\/16904\/revisions"}],"predecessor-version":[{"id":16909,"href":"https:\/\/barrsell.com\/en\/wp-json\/wp\/v2\/product\/16904\/revisions\/16909"}],"wp:featuredmedia":[{"embeddable":true,"href":"https:\/\/barrsell.com\/en\/wp-json\/wp\/v2\/media\/16905"}],"wp:attachment":[{"href":"https:\/\/barrsell.com\/en\/wp-json\/wp\/v2\/media?parent=16904"}],"wp:term":[{"taxonomy":"product_cat","embeddable":true,"href":"https:\/\/barrsell.com\/en\/wp-json\/wp\/v2\/product_cat?post=16904"},{"taxonomy":"product_tag","embeddable":true,"href":"https:\/\/barrsell.com\/en\/wp-json\/wp\/v2\/product_tag?post=16904"}],"curies":[{"name":"wp","href":"https:\/\/api.w.org\/{rel}","templated":true}]}}