{"id":16899,"date":"2024-10-21T16:59:06","date_gmt":"2024-10-21T16:59:06","guid":{"rendered":"https:\/\/barrsell.com\/?post_type=product&#038;p=16899"},"modified":"2024-12-05T16:48:25","modified_gmt":"2024-12-05T16:48:25","slug":"whirlpool-awt-ge123e","status":"publish","type":"product","link":"https:\/\/barrsell.com\/en\/product\/whirlpool-awt-ge123e\/","title":{"rendered":"Wh\u0131rlpool AWT GE123E"},"content":{"rendered":"<h2>Wh\u0131rlpool AWT GE123E<\/h2>\n<p class=\" translation-block\">The Whirlpool AWT GE123E whirlpool system offers an innovative solution that brings the modern spa and wellness experience into your home. With 12 hydrojets on the wall (6 turbojets and 6 massage jets in the back area), it provides the user with a high level of relaxation. In addition, thanks to 9 floor jets, it applies a combination of water and air massage with a patented technology. It offers a more effective massage experience than traditional air nozzles.<\/p>\n<h4>Patented Dual Pipe Routing and Drainage System<\/h4>\n<p class=\" translation-block\">The Sydney hot tub system eliminates the accumulation of water in the pipes thanks to its double pipe routing. This system, which completely drains the remaining water, maximizes hygiene standards.  It also makes cleaning the hot tub easier. This feature minimizes jacuzzi maintenance in long-term use and offers a healthy use to the user.<\/p>\n<h4>Hydro and Floor Jets: Customizable Massage Experience<\/h4>\n<p class=\" translation-block\">The Sydney hot tub offers the possibility to control the intensity of the hydro and ground jets separately thanks to Venturi controllers. In addition, it allows users to adjust the hardness and softness of the massage according to their personal preferences.<\/p>\n<h4><strong>E2 Control Element - All Functions Digital Management<\/strong><\/h4>\n<p class=\" translation-block\">One of the most critical elements for the uninterrupted and trouble-free operation of your hot tub is a high-quality electronic control system. At the same time, the E2 control element offers simple menu navigation with its user-friendly interface. All functions are visible at a glance and can also be easily managed. From colored lighting to hydromassage, all features are quickly activated at the touch of a button. At the same time, the built-in heater automatically detects the water temperature. And it also maintains the ideal bath temperature by switching the system off when it reaches the desired temperature.<\/p>","protected":false},"excerpt":{"rendered":"<div class=\"product-usp-attribute\">\n<ul>\n<li class=\" translation-block\"><strong>Size: <\/strong>188cm (length) x 125cm (width)<\/li>\n<li class=\" translation-block\"><strong>Water content: <\/strong>560 liters<\/li>\n<\/ul>\n<\/div>\n<div class=\"product-usp-attribute\">\n<div class=\"product-usp-title\" title=\"Su i\u00e7eri\u011fi (l)\"><\/div>\n<\/div>","protected":false},"featured_media":16900,"template":"","meta":[],"product_cat":[751],"product_tag":[],"class_list":{"0":"post-16899","1":"product","2":"type-product","3":"status-publish","4":"has-post-thumbnail","6":"product_cat-whirlpool-cesitleri","8":"first","9":"instock","10":"shipping-taxable","11":"product-type-external"},"yoast_head":"<!-- This site is optimized with the Yoast SEO Premium plugin v23.2 (Yoast SEO v23.2) - https:\/\/yoast.com\/wordpress\/plugins\/seo\/ -->\n<title>Wh\u0131rlpool AWT GE123E | Barrsell End\u00fcstri<\/title>\n<meta name=\"description\" content=\"Wh\u0131rlpool AWT GE123E jakuzi sistemi, modern spa ve wellness deneyimini evinize ve spa merkezinize getiren yenilik\u00e7i bir \u00e7\u00f6z\u00fcm sunuyor.\" \/>\n<meta name=\"robots\" content=\"index, follow, max-snippet:-1, max-image-preview:large, max-video-preview:-1\" \/>\n<link rel=\"canonical\" href=\"https:\/\/barrsell.com\/en\/product\/whirlpool-awt-ge123e\/\" \/>\n<meta property=\"og:locale\" content=\"en_US\" \/>\n<meta property=\"og:type\" content=\"article\" \/>\n<meta property=\"og:title\" content=\"Wh\u0131rlpool AWT GE123E\" \/>\n<meta property=\"og:description\" content=\"Wh\u0131rlpool AWT GE123E jakuzi sistemi, modern spa ve wellness deneyimini evinize ve spa merkezinize getiren yenilik\u00e7i bir \u00e7\u00f6z\u00fcm sunuyor.\" \/>\n<meta property=\"og:url\" content=\"https:\/\/barrsell.com\/en\/product\/whirlpool-awt-ge123e\/\" \/>\n<meta property=\"og:site_name\" content=\"Barrsell\" \/>\n<meta property=\"article:modified_time\" content=\"2024-12-05T16:48:25+00:00\" \/>\n<meta property=\"og:image\" content=\"https:\/\/barrsell.com\/wp-content\/uploads\/2024\/10\/Whirlpool-AWT-GE123E.png\" \/>\n\t<meta property=\"og:image:width\" content=\"1200\" \/>\n\t<meta property=\"og:image:height\" content=\"1200\" \/>\n\t<meta property=\"og:image:type\" content=\"image\/png\" \/>\n<meta name=\"twitter:card\" content=\"summary_large_image\" \/>\n<meta name=\"twitter:label1\" content=\"Est. reading time\" \/>\n\t<meta name=\"twitter:data1\" content=\"2 minutes\" \/>\n<script type=\"application\/ld+json\" class=\"yoast-schema-graph\">{\"@context\":\"https:\/\/schema.org\",\"@graph\":[{\"@type\":\"WebPage\",\"@id\":\"https:\/\/barrsell.com\/urun\/whirlpool-awt-ge123e\/\",\"url\":\"https:\/\/barrsell.com\/urun\/whirlpool-awt-ge123e\/\",\"name\":\"Wh\u0131rlpool AWT GE123E | Barrsell End\u00fcstri\",\"isPartOf\":{\"@id\":\"https:\/\/barrsell.com\/#website\"},\"primaryImageOfPage\":{\"@id\":\"https:\/\/barrsell.com\/urun\/whirlpool-awt-ge123e\/#primaryimage\"},\"image\":{\"@id\":\"https:\/\/barrsell.com\/urun\/whirlpool-awt-ge123e\/#primaryimage\"},\"thumbnailUrl\":\"https:\/\/barrsell.com\/wp-content\/uploads\/2024\/10\/Whirlpool-AWT-GE123E.png\",\"datePublished\":\"2024-10-21T16:59:06+00:00\",\"dateModified\":\"2024-12-05T16:48:25+00:00\",\"description\":\"Wh\u0131rlpool AWT GE123E jakuzi sistemi, modern spa ve wellness deneyimini evinize ve spa merkezinize getiren yenilik\u00e7i bir \u00e7\u00f6z\u00fcm sunuyor.\",\"breadcrumb\":{\"@id\":\"https:\/\/barrsell.com\/urun\/whirlpool-awt-ge123e\/#breadcrumb\"},\"inLanguage\":\"en-US\",\"potentialAction\":[{\"@type\":\"ReadAction\",\"target\":[\"https:\/\/barrsell.com\/urun\/whirlpool-awt-ge123e\/\"]}]},{\"@type\":\"ImageObject\",\"inLanguage\":\"en-US\",\"@id\":\"https:\/\/barrsell.com\/urun\/whirlpool-awt-ge123e\/#primaryimage\",\"url\":\"https:\/\/barrsell.com\/wp-content\/uploads\/2024\/10\/Whirlpool-AWT-GE123E.png\",\"contentUrl\":\"https:\/\/barrsell.com\/wp-content\/uploads\/2024\/10\/Whirlpool-AWT-GE123E.png\",\"width\":1200,\"height\":1200,\"caption\":\"Wh\u0131rlpool AWT GE123E\"},{\"@type\":\"BreadcrumbList\",\"@id\":\"https:\/\/barrsell.com\/urun\/whirlpool-awt-ge123e\/#breadcrumb\",\"itemListElement\":[{\"@type\":\"ListItem\",\"position\":1,\"name\":\"Home\",\"item\":\"https:\/\/barrsell.com\/\"},{\"@type\":\"ListItem\",\"position\":2,\"name\":\"\u00dcr\u00fcnler\",\"item\":\"https:\/\/barrsell.com\/en\/products\/\"},{\"@type\":\"ListItem\",\"position\":3,\"name\":\"Wh\u0131rlpool AWT GE123E\"}]},{\"@type\":\"WebSite\",\"@id\":\"https:\/\/barrsell.com\/#website\",\"url\":\"https:\/\/barrsell.com\/\",\"name\":\"Barrsell End\u00fcstri Makine\",\"description\":\"Teknolojiyle G\u00fc\u00e7lenen End\u00fcstriyel \u00c7\u00f6z\u00fcmler!\",\"potentialAction\":[{\"@type\":\"SearchAction\",\"target\":{\"@type\":\"EntryPoint\",\"urlTemplate\":\"https:\/\/barrsell.com\/?s={search_term_string}\"},\"query-input\":\"required name=search_term_string\"}],\"inLanguage\":\"en-US\"}]}<\/script>\n<!-- \/ Yoast SEO Premium plugin. -->","yoast_head_json":{"title":"Wh\u0131rlpool AWT GE123E | Barrsell End\u00fcstri","description":"Wh\u0131rlpool AWT GE123E jakuzi sistemi, modern spa ve wellness deneyimini evinize ve spa merkezinize getiren yenilik\u00e7i bir \u00e7\u00f6z\u00fcm sunuyor.","robots":{"index":"index","follow":"follow","max-snippet":"max-snippet:-1","max-image-preview":"max-image-preview:large","max-video-preview":"max-video-preview:-1"},"canonical":"https:\/\/barrsell.com\/en\/product\/whirlpool-awt-ge123e\/","og_locale":"en_US","og_type":"article","og_title":"Wh\u0131rlpool AWT GE123E","og_description":"Wh\u0131rlpool AWT GE123E jakuzi sistemi, modern spa ve wellness deneyimini evinize ve spa merkezinize getiren yenilik\u00e7i bir \u00e7\u00f6z\u00fcm sunuyor.","og_url":"https:\/\/barrsell.com\/en\/product\/whirlpool-awt-ge123e\/","og_site_name":"Barrsell","article_modified_time":"2024-12-05T16:48:25+00:00","og_image":[{"width":1200,"height":1200,"url":"https:\/\/barrsell.com\/wp-content\/uploads\/2024\/10\/Whirlpool-AWT-GE123E.png","type":"image\/png"}],"twitter_card":"summary_large_image","twitter_misc":{"Est. reading time":"2 minutes"},"schema":{"@context":"https:\/\/schema.org","@graph":[{"@type":"WebPage","@id":"https:\/\/barrsell.com\/urun\/whirlpool-awt-ge123e\/","url":"https:\/\/barrsell.com\/urun\/whirlpool-awt-ge123e\/","name":"Wh\u0131rlpool AWT GE123E | Barrsell End\u00fcstri","isPartOf":{"@id":"https:\/\/barrsell.com\/#website"},"primaryImageOfPage":{"@id":"https:\/\/barrsell.com\/urun\/whirlpool-awt-ge123e\/#primaryimage"},"image":{"@id":"https:\/\/barrsell.com\/urun\/whirlpool-awt-ge123e\/#primaryimage"},"thumbnailUrl":"https:\/\/barrsell.com\/wp-content\/uploads\/2024\/10\/Whirlpool-AWT-GE123E.png","datePublished":"2024-10-21T16:59:06+00:00","dateModified":"2024-12-05T16:48:25+00:00","description":"Wh\u0131rlpool AWT GE123E jakuzi sistemi, modern spa ve wellness deneyimini evinize ve spa merkezinize getiren yenilik\u00e7i bir \u00e7\u00f6z\u00fcm sunuyor.","breadcrumb":{"@id":"https:\/\/barrsell.com\/urun\/whirlpool-awt-ge123e\/#breadcrumb"},"inLanguage":"en-US","potentialAction":[{"@type":"ReadAction","target":["https:\/\/barrsell.com\/urun\/whirlpool-awt-ge123e\/"]}]},{"@type":"ImageObject","inLanguage":"en-US","@id":"https:\/\/barrsell.com\/urun\/whirlpool-awt-ge123e\/#primaryimage","url":"https:\/\/barrsell.com\/wp-content\/uploads\/2024\/10\/Whirlpool-AWT-GE123E.png","contentUrl":"https:\/\/barrsell.com\/wp-content\/uploads\/2024\/10\/Whirlpool-AWT-GE123E.png","width":1200,"height":1200,"caption":"Wh\u0131rlpool AWT GE123E"},{"@type":"BreadcrumbList","@id":"https:\/\/barrsell.com\/urun\/whirlpool-awt-ge123e\/#breadcrumb","itemListElement":[{"@type":"ListItem","position":1,"name":"Home","item":"https:\/\/barrsell.com\/"},{"@type":"ListItem","position":2,"name":"\u00dcr\u00fcnler","item":"https:\/\/barrsell.com\/en\/products\/"},{"@type":"ListItem","position":3,"name":"Wh\u0131rlpool AWT GE123E"}]},{"@type":"WebSite","@id":"https:\/\/barrsell.com\/#website","url":"https:\/\/barrsell.com\/","name":"Barrsell End\u00fcstri Makine","description":"Teknolojiyle G\u00fc\u00e7lenen End\u00fcstriyel \u00c7\u00f6z\u00fcmler!","potentialAction":[{"@type":"SearchAction","target":{"@type":"EntryPoint","urlTemplate":"https:\/\/barrsell.com\/?s={search_term_string}"},"query-input":"required name=search_term_string"}],"inLanguage":"en-US"}]}},"_links":{"self":[{"href":"https:\/\/barrsell.com\/en\/wp-json\/wp\/v2\/product\/16899","targetHints":{"allow":["GET"]}}],"collection":[{"href":"https:\/\/barrsell.com\/en\/wp-json\/wp\/v2\/product"}],"about":[{"href":"https:\/\/barrsell.com\/en\/wp-json\/wp\/v2\/types\/product"}],"version-history":[{"count":5,"href":"https:\/\/barrsell.com\/en\/wp-json\/wp\/v2\/product\/16899\/revisions"}],"predecessor-version":[{"id":18779,"href":"https:\/\/barrsell.com\/en\/wp-json\/wp\/v2\/product\/16899\/revisions\/18779"}],"wp:featuredmedia":[{"embeddable":true,"href":"https:\/\/barrsell.com\/en\/wp-json\/wp\/v2\/media\/16900"}],"wp:attachment":[{"href":"https:\/\/barrsell.com\/en\/wp-json\/wp\/v2\/media?parent=16899"}],"wp:term":[{"taxonomy":"product_cat","embeddable":true,"href":"https:\/\/barrsell.com\/en\/wp-json\/wp\/v2\/product_cat?post=16899"},{"taxonomy":"product_tag","embeddable":true,"href":"https:\/\/barrsell.com\/en\/wp-json\/wp\/v2\/product_tag?post=16899"}],"curies":[{"name":"wp","href":"https:\/\/api.w.org\/{rel}","templated":true}]}}