{"id":16893,"date":"2024-10-21T16:53:42","date_gmt":"2024-10-21T16:53:42","guid":{"rendered":"https:\/\/barrsell.com\/?post_type=product&#038;p=16893"},"modified":"2024-12-06T09:04:32","modified_gmt":"2024-12-06T09:04:32","slug":"whirlpool-awt-ge113e","status":"publish","type":"product","link":"https:\/\/barrsell.com\/en\/product\/whirlpool-awt-ge113e\/","title":{"rendered":"Wh\u0131rlpool AWT GE113E"},"content":{"rendered":"<h2><strong>Whirlpool AWT GE113E<\/strong><\/h2>\n<p>Whirlpool AWT GE113E is a hydromassage device that stands out in the spa and wellness industry for its superior performance and high durability. This device also allows users to maximize the therapeutic effects of water. It also maximizes the experience of relaxation and rejuvenation. Here are the technical details of Whirlpool AWT GE113E and the unique advantages it offers for the spa-wellness sector:<\/p>\n<h4>Technical Specifications<\/h4>\n<ol>\n<li><strong>Engine Power<\/strong>: 750W\n<ul>\n<li>Whirlpool AWT GE113E has a powerful motor capacity. In particular, the 750-watt motor ensures that the water circulates effectively, providing a powerful and balanced massage experience. This power ensures low energy consumption while supporting long-lasting use of the appliance.<\/li>\n<\/ul>\n<\/li>\n<li><strong>Water Jets<\/strong>: 8 Adjustable Jet\n<ul>\n<li>The device features 8 water jets, allowing the user to control the intensity and direction of the massage according to their preference. The device also relaxes the muscles by performing deep tissue massage on targeted areas. Thus, the jets enhance the therapeutic effect of water pressure in spa treatments.<\/li>\n<\/ul>\n<\/li>\n<li><strong>Speed Options<\/strong>: 3 Step Speed Adjustment\n<ul>\n<li class=\" translation-block\">Offering the user 3 different speed options, the GE113E provides a massage experience that suits the needs of each individual. The slow speed offers a calming massage, while the high speed provides a more intense relaxation effect.<\/li>\n<\/ul>\n<\/li>\n<li><strong>Water Capacity<\/strong>: 180 liters\n<ul>\n<li class=\" translation-block\">With a 180-liter water capacity, the AWT GE113E offers a large volume spa experience. The oversized water tank keeps the device running at a consistently high performance. This allows users to benefit from the natural therapeutic properties of water without interruption.<\/li>\n<\/ul>\n<\/li>\n<li><strong>Energy Efficiency<\/strong>: A+ Energy Class\n<ul>\n<li>In addition, the device, which has A+ class in terms of energy efficiency, saves money even in long-term use with its low energy consumption. It offers an environmentally friendly solution especially for spa and wellness businesses and reduces operating costs.<\/li>\n<\/ul>\n<\/li>\n<li><strong>Resilience<\/strong>: Corrosion Resistant Material\n<ul>\n<li>The Whirlpool AWT GE113E is made of high-quality and corrosion-resistant materials. In addition, this ensures long-lasting use in spa environments where the appliance is humid and in constant contact with water.<\/li>\n<\/ul>\n<\/li>\n<\/ol>","protected":false},"excerpt":{"rendered":"<ul>\n<li class=\"product-usp-attribute\"><strong>Engine Power<\/strong>: 750W<\/li>\n<li class=\"product-usp-attribute translation-block\"><strong>Water Jets<\/strong>: 8 Adjustable Jets<\/li>\n<li class=\"product-usp-attribute translation-block\"><strong>Speed Options<\/strong>: 3 Step Speed Adjustment<\/li>\n<\/ul>","protected":false},"featured_media":16894,"template":"","meta":[],"product_cat":[751],"product_tag":[],"class_list":{"0":"post-16893","1":"product","2":"type-product","3":"status-publish","4":"has-post-thumbnail","6":"product_cat-whirlpool-cesitleri","8":"first","9":"instock","10":"shipping-taxable","11":"product-type-external"},"yoast_head":"<!-- This site is optimized with the Yoast SEO Premium plugin v23.2 (Yoast SEO v23.2) - https:\/\/yoast.com\/wordpress\/plugins\/seo\/ -->\n<title>Wh\u0131rlpool AWT GE113E | Barrsell End\u00fcstri<\/title>\n<meta name=\"description\" content=\"Whirlpool AWT GE113E, spa ve wellness sekt\u00f6r\u00fcnde \u00fcst\u00fcn performans ve y\u00fcksek dayan\u0131kl\u0131l\u0131\u011f\u0131 ile dikkat \u00e7eken bir hidromasaj cihaz\u0131d\u0131r.\" \/>\n<meta name=\"robots\" content=\"index, follow, max-snippet:-1, max-image-preview:large, max-video-preview:-1\" \/>\n<link rel=\"canonical\" href=\"https:\/\/barrsell.com\/en\/product\/whirlpool-awt-ge113e\/\" \/>\n<meta property=\"og:locale\" content=\"en_US\" \/>\n<meta property=\"og:type\" content=\"article\" \/>\n<meta property=\"og:title\" content=\"Wh\u0131rlpool AWT GE113E\" \/>\n<meta property=\"og:description\" content=\"Whirlpool AWT GE113E, spa ve wellness sekt\u00f6r\u00fcnde \u00fcst\u00fcn performans ve y\u00fcksek dayan\u0131kl\u0131l\u0131\u011f\u0131 ile dikkat \u00e7eken bir hidromasaj cihaz\u0131d\u0131r.\" \/>\n<meta property=\"og:url\" content=\"https:\/\/barrsell.com\/en\/product\/whirlpool-awt-ge113e\/\" \/>\n<meta property=\"og:site_name\" content=\"Barrsell\" \/>\n<meta property=\"article:modified_time\" content=\"2024-12-06T09:04:32+00:00\" \/>\n<meta property=\"og:image\" content=\"https:\/\/barrsell.com\/wp-content\/uploads\/2024\/10\/Whirlpool-AWT-GE113E.jpg\" \/>\n\t<meta property=\"og:image:width\" content=\"750\" \/>\n\t<meta property=\"og:image:height\" content=\"750\" \/>\n\t<meta property=\"og:image:type\" content=\"image\/jpeg\" \/>\n<meta name=\"twitter:card\" content=\"summary_large_image\" \/>\n<meta name=\"twitter:label1\" content=\"Est. reading time\" \/>\n\t<meta name=\"twitter:data1\" content=\"2 minutes\" \/>\n<script type=\"application\/ld+json\" class=\"yoast-schema-graph\">{\"@context\":\"https:\/\/schema.org\",\"@graph\":[{\"@type\":\"WebPage\",\"@id\":\"https:\/\/barrsell.com\/urun\/whirlpool-awt-ge113e\/\",\"url\":\"https:\/\/barrsell.com\/urun\/whirlpool-awt-ge113e\/\",\"name\":\"Wh\u0131rlpool AWT GE113E | Barrsell End\u00fcstri\",\"isPartOf\":{\"@id\":\"https:\/\/barrsell.com\/#website\"},\"primaryImageOfPage\":{\"@id\":\"https:\/\/barrsell.com\/urun\/whirlpool-awt-ge113e\/#primaryimage\"},\"image\":{\"@id\":\"https:\/\/barrsell.com\/urun\/whirlpool-awt-ge113e\/#primaryimage\"},\"thumbnailUrl\":\"https:\/\/barrsell.com\/wp-content\/uploads\/2024\/10\/Whirlpool-AWT-GE113E.jpg\",\"datePublished\":\"2024-10-21T16:53:42+00:00\",\"dateModified\":\"2024-12-06T09:04:32+00:00\",\"description\":\"Whirlpool AWT GE113E, spa ve wellness sekt\u00f6r\u00fcnde \u00fcst\u00fcn performans ve y\u00fcksek dayan\u0131kl\u0131l\u0131\u011f\u0131 ile dikkat \u00e7eken bir hidromasaj cihaz\u0131d\u0131r.\",\"breadcrumb\":{\"@id\":\"https:\/\/barrsell.com\/urun\/whirlpool-awt-ge113e\/#breadcrumb\"},\"inLanguage\":\"en-US\",\"potentialAction\":[{\"@type\":\"ReadAction\",\"target\":[\"https:\/\/barrsell.com\/urun\/whirlpool-awt-ge113e\/\"]}]},{\"@type\":\"ImageObject\",\"inLanguage\":\"en-US\",\"@id\":\"https:\/\/barrsell.com\/urun\/whirlpool-awt-ge113e\/#primaryimage\",\"url\":\"https:\/\/barrsell.com\/wp-content\/uploads\/2024\/10\/Whirlpool-AWT-GE113E.jpg\",\"contentUrl\":\"https:\/\/barrsell.com\/wp-content\/uploads\/2024\/10\/Whirlpool-AWT-GE113E.jpg\",\"width\":750,\"height\":750,\"caption\":\"Wh\u0131rlpool AWT GE113E\"},{\"@type\":\"BreadcrumbList\",\"@id\":\"https:\/\/barrsell.com\/urun\/whirlpool-awt-ge113e\/#breadcrumb\",\"itemListElement\":[{\"@type\":\"ListItem\",\"position\":1,\"name\":\"Home\",\"item\":\"https:\/\/barrsell.com\/\"},{\"@type\":\"ListItem\",\"position\":2,\"name\":\"\u00dcr\u00fcnler\",\"item\":\"https:\/\/barrsell.com\/en\/products\/\"},{\"@type\":\"ListItem\",\"position\":3,\"name\":\"Wh\u0131rlpool AWT GE113E\"}]},{\"@type\":\"WebSite\",\"@id\":\"https:\/\/barrsell.com\/#website\",\"url\":\"https:\/\/barrsell.com\/\",\"name\":\"Barrsell End\u00fcstri Makine\",\"description\":\"Teknolojiyle G\u00fc\u00e7lenen End\u00fcstriyel \u00c7\u00f6z\u00fcmler!\",\"potentialAction\":[{\"@type\":\"SearchAction\",\"target\":{\"@type\":\"EntryPoint\",\"urlTemplate\":\"https:\/\/barrsell.com\/?s={search_term_string}\"},\"query-input\":\"required name=search_term_string\"}],\"inLanguage\":\"en-US\"}]}<\/script>\n<!-- \/ Yoast SEO Premium plugin. -->","yoast_head_json":{"title":"Wh\u0131rlpool AWT GE113E | Barrsell End\u00fcstri","description":"Whirlpool AWT GE113E, spa ve wellness sekt\u00f6r\u00fcnde \u00fcst\u00fcn performans ve y\u00fcksek dayan\u0131kl\u0131l\u0131\u011f\u0131 ile dikkat \u00e7eken bir hidromasaj cihaz\u0131d\u0131r.","robots":{"index":"index","follow":"follow","max-snippet":"max-snippet:-1","max-image-preview":"max-image-preview:large","max-video-preview":"max-video-preview:-1"},"canonical":"https:\/\/barrsell.com\/en\/product\/whirlpool-awt-ge113e\/","og_locale":"en_US","og_type":"article","og_title":"Wh\u0131rlpool AWT GE113E","og_description":"Whirlpool AWT GE113E, spa ve wellness sekt\u00f6r\u00fcnde \u00fcst\u00fcn performans ve y\u00fcksek dayan\u0131kl\u0131l\u0131\u011f\u0131 ile dikkat \u00e7eken bir hidromasaj cihaz\u0131d\u0131r.","og_url":"https:\/\/barrsell.com\/en\/product\/whirlpool-awt-ge113e\/","og_site_name":"Barrsell","article_modified_time":"2024-12-06T09:04:32+00:00","og_image":[{"width":750,"height":750,"url":"https:\/\/barrsell.com\/wp-content\/uploads\/2024\/10\/Whirlpool-AWT-GE113E.jpg","type":"image\/jpeg"}],"twitter_card":"summary_large_image","twitter_misc":{"Est. reading time":"2 minutes"},"schema":{"@context":"https:\/\/schema.org","@graph":[{"@type":"WebPage","@id":"https:\/\/barrsell.com\/urun\/whirlpool-awt-ge113e\/","url":"https:\/\/barrsell.com\/urun\/whirlpool-awt-ge113e\/","name":"Wh\u0131rlpool AWT GE113E | Barrsell End\u00fcstri","isPartOf":{"@id":"https:\/\/barrsell.com\/#website"},"primaryImageOfPage":{"@id":"https:\/\/barrsell.com\/urun\/whirlpool-awt-ge113e\/#primaryimage"},"image":{"@id":"https:\/\/barrsell.com\/urun\/whirlpool-awt-ge113e\/#primaryimage"},"thumbnailUrl":"https:\/\/barrsell.com\/wp-content\/uploads\/2024\/10\/Whirlpool-AWT-GE113E.jpg","datePublished":"2024-10-21T16:53:42+00:00","dateModified":"2024-12-06T09:04:32+00:00","description":"Whirlpool AWT GE113E, spa ve wellness sekt\u00f6r\u00fcnde \u00fcst\u00fcn performans ve y\u00fcksek dayan\u0131kl\u0131l\u0131\u011f\u0131 ile dikkat \u00e7eken bir hidromasaj cihaz\u0131d\u0131r.","breadcrumb":{"@id":"https:\/\/barrsell.com\/urun\/whirlpool-awt-ge113e\/#breadcrumb"},"inLanguage":"en-US","potentialAction":[{"@type":"ReadAction","target":["https:\/\/barrsell.com\/urun\/whirlpool-awt-ge113e\/"]}]},{"@type":"ImageObject","inLanguage":"en-US","@id":"https:\/\/barrsell.com\/urun\/whirlpool-awt-ge113e\/#primaryimage","url":"https:\/\/barrsell.com\/wp-content\/uploads\/2024\/10\/Whirlpool-AWT-GE113E.jpg","contentUrl":"https:\/\/barrsell.com\/wp-content\/uploads\/2024\/10\/Whirlpool-AWT-GE113E.jpg","width":750,"height":750,"caption":"Wh\u0131rlpool AWT GE113E"},{"@type":"BreadcrumbList","@id":"https:\/\/barrsell.com\/urun\/whirlpool-awt-ge113e\/#breadcrumb","itemListElement":[{"@type":"ListItem","position":1,"name":"Home","item":"https:\/\/barrsell.com\/"},{"@type":"ListItem","position":2,"name":"\u00dcr\u00fcnler","item":"https:\/\/barrsell.com\/en\/products\/"},{"@type":"ListItem","position":3,"name":"Wh\u0131rlpool AWT GE113E"}]},{"@type":"WebSite","@id":"https:\/\/barrsell.com\/#website","url":"https:\/\/barrsell.com\/","name":"Barrsell End\u00fcstri Makine","description":"Teknolojiyle G\u00fc\u00e7lenen End\u00fcstriyel \u00c7\u00f6z\u00fcmler!","potentialAction":[{"@type":"SearchAction","target":{"@type":"EntryPoint","urlTemplate":"https:\/\/barrsell.com\/?s={search_term_string}"},"query-input":"required name=search_term_string"}],"inLanguage":"en-US"}]}},"_links":{"self":[{"href":"https:\/\/barrsell.com\/en\/wp-json\/wp\/v2\/product\/16893","targetHints":{"allow":["GET"]}}],"collection":[{"href":"https:\/\/barrsell.com\/en\/wp-json\/wp\/v2\/product"}],"about":[{"href":"https:\/\/barrsell.com\/en\/wp-json\/wp\/v2\/types\/product"}],"version-history":[{"count":6,"href":"https:\/\/barrsell.com\/en\/wp-json\/wp\/v2\/product\/16893\/revisions"}],"predecessor-version":[{"id":18784,"href":"https:\/\/barrsell.com\/en\/wp-json\/wp\/v2\/product\/16893\/revisions\/18784"}],"wp:featuredmedia":[{"embeddable":true,"href":"https:\/\/barrsell.com\/en\/wp-json\/wp\/v2\/media\/16894"}],"wp:attachment":[{"href":"https:\/\/barrsell.com\/en\/wp-json\/wp\/v2\/media?parent=16893"}],"wp:term":[{"taxonomy":"product_cat","embeddable":true,"href":"https:\/\/barrsell.com\/en\/wp-json\/wp\/v2\/product_cat?post=16893"},{"taxonomy":"product_tag","embeddable":true,"href":"https:\/\/barrsell.com\/en\/wp-json\/wp\/v2\/product_tag?post=16893"}],"curies":[{"name":"wp","href":"https:\/\/api.w.org\/{rel}","templated":true}]}}