{"id":16663,"date":"2024-10-20T14:08:29","date_gmt":"2024-10-20T14:08:29","guid":{"rendered":"https:\/\/barrsell.com\/?post_type=product&#038;p=16663"},"modified":"2024-12-06T10:33:50","modified_gmt":"2024-12-06T10:33:50","slug":"vacuactivus-azot-tanki","status":"publish","type":"product","link":"https:\/\/barrsell.com\/en\/product\/vacuactivus-nitrogen-tank\/","title":{"rendered":"Vacuactivus Nitrogen Tank"},"content":{"rendered":"<h2><strong>Vacuactivus Nitrogen Tank: Cryogenic Storage Solution Providing High Efficiency and Safety<\/strong><\/h2>\n<p>Vacuactivus Nitrogen Tank is a high-performance product used in the storage and transportation of liquid nitrogen from Vacuactivus, one of the leading brands in cryogenic technologies. It provides reliability and longevity especially in sensitive processes such as cryotherapy, laboratory studies, medical applications and storage of biological samples.<\/p>\n<h4>Technical Specifications:<\/h4>\n<ol>\n<li class=\" translation-block\"><strong>Capacity Types<\/strong>: Vacuactivus Nitrogen Tank offers a variety of capacity options. With models ranging from 20 liters to 500 liters, it provides solutions of different sizes according to the need. There are a wide selection of tank volumes, especially for industrial and medical uses.<\/li>\n<li class=\" translation-block\"><strong>Insulation Technology<\/strong>: Minimizes heat loss thanks to superior vacuum insulation technology. Double-layer stainless steel structure provides long-term liquid nitrogen storage with low evaporation rate.<\/li>\n<li class=\" translation-block\"><strong>Pressure Control System<\/strong>: Vacuactivus Nitrogen Tank has a high-precision pressure control system. Thanks to this system, it ensures that liquid nitrogen is stored safely and discharged easily when necessary.<\/li>\n<li class=\" translation-block\"><strong>Low Evaporation Rate<\/strong>: The tank's superior engineering properties reduce the daily evaporation rate to below 0.1\u2019in. In this way, it is possible to maintain liquid nitrogen for a long time, which contributes to the reduction of costs.<\/li>\n<li class=\" translation-block\"><strong>Portability<\/strong>: Vacuactivus nitrogen tanks, easy to move. Especially practical to use. At the same time, wheeled models increase mobility, while providing flexibility in work sites thanks to their lightweight structure.<\/li>\n<\/ol>\n<h4>Application Field:<\/h4>\n<ul>\n<li class=\" translation-block\"><strong>Kriyotherapy<\/strong>: It is an ideal solution for cryotherapy operations using the low temperature characteristics of liquid nitrogen.<\/li>\n<li class=\" translation-block\"><strong>Biological Example Storage<\/strong>: Active in the long-term preservation of cells, tissue samples and other biological materials.<\/li>\n<li class=\" translation-block\"><strong>Industrial Applications<\/strong>: Provides a particularly reliable storage solution for industrial processes that require liquid nitrogen in metal hardening, gas separation and chemical processes.<\/li>\n<li class=\" translation-block\"><strong>Medical Areas<\/strong>: Used in sensitive applications such as low temperature drug and medical material containment.<\/li>\n<\/ul>","protected":false},"excerpt":{"rendered":"<ul>\n<li>Capacity Types<\/li>\n<li>\u0130solation technology<\/li>\n<li>Pressure monitoring system<\/li>\n<\/ul>","protected":false},"featured_media":16664,"template":"","meta":[],"product_cat":[726,746],"product_tag":[],"class_list":{"0":"post-16663","1":"product","2":"type-product","3":"status-publish","4":"has-post-thumbnail","6":"product_cat-azot-tanklari-ve-erisim-jeneratorleri","7":"product_cat-tum-urunler-azot-tanklari-ve-erisim-jeneratorleri","9":"first","10":"instock","11":"shipping-taxable","12":"product-type-external"},"yoast_head":"<!-- This site is optimized with the Yoast SEO Premium plugin v23.2 (Yoast SEO v23.2) - https:\/\/yoast.com\/wordpress\/plugins\/seo\/ -->\n<title>Vacuactivus Azot Tank\u0131 | Barrsell End\u00fcstri<\/title>\n<meta name=\"description\" content=\"Vacuactivus Azot Tank\u0131, Vacuactivus taraf\u0131ndan tasarlanm\u0131\u015f s\u0131v\u0131 azot depolama ve ta\u015f\u0131mada kullan\u0131lan y\u00fcksek performansl\u0131 bir \u00fcr\u00fcnd\u00fcr.\" \/>\n<meta name=\"robots\" content=\"index, follow, max-snippet:-1, max-image-preview:large, max-video-preview:-1\" \/>\n<link rel=\"canonical\" href=\"https:\/\/barrsell.com\/en\/product\/vacuactivus-nitrogen-tank\/\" \/>\n<meta property=\"og:locale\" content=\"en_US\" \/>\n<meta property=\"og:type\" content=\"article\" \/>\n<meta property=\"og:title\" content=\"Vacuactivus Azot Tank\u0131\" \/>\n<meta property=\"og:description\" content=\"Vacuactivus Azot Tank\u0131, Vacuactivus taraf\u0131ndan tasarlanm\u0131\u015f s\u0131v\u0131 azot depolama ve ta\u015f\u0131mada kullan\u0131lan y\u00fcksek performansl\u0131 bir \u00fcr\u00fcnd\u00fcr.\" \/>\n<meta property=\"og:url\" content=\"https:\/\/barrsell.com\/en\/product\/vacuactivus-nitrogen-tank\/\" \/>\n<meta property=\"og:site_name\" content=\"Barrsell\" \/>\n<meta property=\"article:modified_time\" content=\"2024-12-06T10:33:50+00:00\" \/>\n<meta property=\"og:image\" content=\"https:\/\/barrsell.com\/wp-content\/uploads\/2024\/10\/Vacuactivus-Azot-Tanki.png\" \/>\n\t<meta property=\"og:image:width\" content=\"1200\" \/>\n\t<meta property=\"og:image:height\" content=\"1200\" \/>\n\t<meta property=\"og:image:type\" content=\"image\/png\" \/>\n<meta name=\"twitter:card\" content=\"summary_large_image\" \/>\n<meta name=\"twitter:label1\" content=\"Est. reading time\" \/>\n\t<meta name=\"twitter:data1\" content=\"2 minutes\" \/>\n<script type=\"application\/ld+json\" class=\"yoast-schema-graph\">{\"@context\":\"https:\/\/schema.org\",\"@graph\":[{\"@type\":\"WebPage\",\"@id\":\"https:\/\/barrsell.com\/urun\/vacuactivus-azot-tanki\/\",\"url\":\"https:\/\/barrsell.com\/urun\/vacuactivus-azot-tanki\/\",\"name\":\"Vacuactivus Azot Tank\u0131 | Barrsell End\u00fcstri\",\"isPartOf\":{\"@id\":\"https:\/\/barrsell.com\/#website\"},\"primaryImageOfPage\":{\"@id\":\"https:\/\/barrsell.com\/urun\/vacuactivus-azot-tanki\/#primaryimage\"},\"image\":{\"@id\":\"https:\/\/barrsell.com\/urun\/vacuactivus-azot-tanki\/#primaryimage\"},\"thumbnailUrl\":\"https:\/\/barrsell.com\/wp-content\/uploads\/2024\/10\/Vacuactivus-Azot-Tanki.png\",\"datePublished\":\"2024-10-20T14:08:29+00:00\",\"dateModified\":\"2024-12-06T10:33:50+00:00\",\"description\":\"Vacuactivus Azot Tank\u0131, Vacuactivus taraf\u0131ndan tasarlanm\u0131\u015f s\u0131v\u0131 azot depolama ve ta\u015f\u0131mada kullan\u0131lan y\u00fcksek performansl\u0131 bir \u00fcr\u00fcnd\u00fcr.\",\"breadcrumb\":{\"@id\":\"https:\/\/barrsell.com\/urun\/vacuactivus-azot-tanki\/#breadcrumb\"},\"inLanguage\":\"en-US\",\"potentialAction\":[{\"@type\":\"ReadAction\",\"target\":[\"https:\/\/barrsell.com\/urun\/vacuactivus-azot-tanki\/\"]}]},{\"@type\":\"ImageObject\",\"inLanguage\":\"en-US\",\"@id\":\"https:\/\/barrsell.com\/urun\/vacuactivus-azot-tanki\/#primaryimage\",\"url\":\"https:\/\/barrsell.com\/wp-content\/uploads\/2024\/10\/Vacuactivus-Azot-Tanki.png\",\"contentUrl\":\"https:\/\/barrsell.com\/wp-content\/uploads\/2024\/10\/Vacuactivus-Azot-Tanki.png\",\"width\":1200,\"height\":1200,\"caption\":\"Vacuactivus Azot Tank\u0131\"},{\"@type\":\"BreadcrumbList\",\"@id\":\"https:\/\/barrsell.com\/urun\/vacuactivus-azot-tanki\/#breadcrumb\",\"itemListElement\":[{\"@type\":\"ListItem\",\"position\":1,\"name\":\"Home\",\"item\":\"https:\/\/barrsell.com\/\"},{\"@type\":\"ListItem\",\"position\":2,\"name\":\"\u00dcr\u00fcnler\",\"item\":\"https:\/\/barrsell.com\/en\/products\/\"},{\"@type\":\"ListItem\",\"position\":3,\"name\":\"Vacuactivus Azot Tank\u0131\"}]},{\"@type\":\"WebSite\",\"@id\":\"https:\/\/barrsell.com\/#website\",\"url\":\"https:\/\/barrsell.com\/\",\"name\":\"Barrsell End\u00fcstri Makine\",\"description\":\"Teknolojiyle G\u00fc\u00e7lenen End\u00fcstriyel \u00c7\u00f6z\u00fcmler!\",\"potentialAction\":[{\"@type\":\"SearchAction\",\"target\":{\"@type\":\"EntryPoint\",\"urlTemplate\":\"https:\/\/barrsell.com\/?s={search_term_string}\"},\"query-input\":\"required name=search_term_string\"}],\"inLanguage\":\"en-US\"}]}<\/script>\n<!-- \/ Yoast SEO Premium plugin. -->","yoast_head_json":{"title":"Vacuactivus Azot Tank\u0131 | Barrsell End\u00fcstri","description":"Vacuactivus Azot Tank\u0131, Vacuactivus taraf\u0131ndan tasarlanm\u0131\u015f s\u0131v\u0131 azot depolama ve ta\u015f\u0131mada kullan\u0131lan y\u00fcksek performansl\u0131 bir \u00fcr\u00fcnd\u00fcr.","robots":{"index":"index","follow":"follow","max-snippet":"max-snippet:-1","max-image-preview":"max-image-preview:large","max-video-preview":"max-video-preview:-1"},"canonical":"https:\/\/barrsell.com\/en\/product\/vacuactivus-nitrogen-tank\/","og_locale":"en_US","og_type":"article","og_title":"Vacuactivus Azot Tank\u0131","og_description":"Vacuactivus Azot Tank\u0131, Vacuactivus taraf\u0131ndan tasarlanm\u0131\u015f s\u0131v\u0131 azot depolama ve ta\u015f\u0131mada kullan\u0131lan y\u00fcksek performansl\u0131 bir \u00fcr\u00fcnd\u00fcr.","og_url":"https:\/\/barrsell.com\/en\/product\/vacuactivus-nitrogen-tank\/","og_site_name":"Barrsell","article_modified_time":"2024-12-06T10:33:50+00:00","og_image":[{"width":1200,"height":1200,"url":"https:\/\/barrsell.com\/wp-content\/uploads\/2024\/10\/Vacuactivus-Azot-Tanki.png","type":"image\/png"}],"twitter_card":"summary_large_image","twitter_misc":{"Est. reading time":"2 minutes"},"schema":{"@context":"https:\/\/schema.org","@graph":[{"@type":"WebPage","@id":"https:\/\/barrsell.com\/urun\/vacuactivus-azot-tanki\/","url":"https:\/\/barrsell.com\/urun\/vacuactivus-azot-tanki\/","name":"Vacuactivus Azot Tank\u0131 | Barrsell End\u00fcstri","isPartOf":{"@id":"https:\/\/barrsell.com\/#website"},"primaryImageOfPage":{"@id":"https:\/\/barrsell.com\/urun\/vacuactivus-azot-tanki\/#primaryimage"},"image":{"@id":"https:\/\/barrsell.com\/urun\/vacuactivus-azot-tanki\/#primaryimage"},"thumbnailUrl":"https:\/\/barrsell.com\/wp-content\/uploads\/2024\/10\/Vacuactivus-Azot-Tanki.png","datePublished":"2024-10-20T14:08:29+00:00","dateModified":"2024-12-06T10:33:50+00:00","description":"Vacuactivus Azot Tank\u0131, Vacuactivus taraf\u0131ndan tasarlanm\u0131\u015f s\u0131v\u0131 azot depolama ve ta\u015f\u0131mada kullan\u0131lan y\u00fcksek performansl\u0131 bir \u00fcr\u00fcnd\u00fcr.","breadcrumb":{"@id":"https:\/\/barrsell.com\/urun\/vacuactivus-azot-tanki\/#breadcrumb"},"inLanguage":"en-US","potentialAction":[{"@type":"ReadAction","target":["https:\/\/barrsell.com\/urun\/vacuactivus-azot-tanki\/"]}]},{"@type":"ImageObject","inLanguage":"en-US","@id":"https:\/\/barrsell.com\/urun\/vacuactivus-azot-tanki\/#primaryimage","url":"https:\/\/barrsell.com\/wp-content\/uploads\/2024\/10\/Vacuactivus-Azot-Tanki.png","contentUrl":"https:\/\/barrsell.com\/wp-content\/uploads\/2024\/10\/Vacuactivus-Azot-Tanki.png","width":1200,"height":1200,"caption":"Vacuactivus Azot Tank\u0131"},{"@type":"BreadcrumbList","@id":"https:\/\/barrsell.com\/urun\/vacuactivus-azot-tanki\/#breadcrumb","itemListElement":[{"@type":"ListItem","position":1,"name":"Home","item":"https:\/\/barrsell.com\/"},{"@type":"ListItem","position":2,"name":"\u00dcr\u00fcnler","item":"https:\/\/barrsell.com\/en\/products\/"},{"@type":"ListItem","position":3,"name":"Vacuactivus Azot Tank\u0131"}]},{"@type":"WebSite","@id":"https:\/\/barrsell.com\/#website","url":"https:\/\/barrsell.com\/","name":"Barrsell End\u00fcstri Makine","description":"Teknolojiyle G\u00fc\u00e7lenen End\u00fcstriyel \u00c7\u00f6z\u00fcmler!","potentialAction":[{"@type":"SearchAction","target":{"@type":"EntryPoint","urlTemplate":"https:\/\/barrsell.com\/?s={search_term_string}"},"query-input":"required name=search_term_string"}],"inLanguage":"en-US"}]}},"_links":{"self":[{"href":"https:\/\/barrsell.com\/en\/wp-json\/wp\/v2\/product\/16663","targetHints":{"allow":["GET"]}}],"collection":[{"href":"https:\/\/barrsell.com\/en\/wp-json\/wp\/v2\/product"}],"about":[{"href":"https:\/\/barrsell.com\/en\/wp-json\/wp\/v2\/types\/product"}],"version-history":[{"count":4,"href":"https:\/\/barrsell.com\/en\/wp-json\/wp\/v2\/product\/16663\/revisions"}],"predecessor-version":[{"id":18803,"href":"https:\/\/barrsell.com\/en\/wp-json\/wp\/v2\/product\/16663\/revisions\/18803"}],"wp:featuredmedia":[{"embeddable":true,"href":"https:\/\/barrsell.com\/en\/wp-json\/wp\/v2\/media\/16664"}],"wp:attachment":[{"href":"https:\/\/barrsell.com\/en\/wp-json\/wp\/v2\/media?parent=16663"}],"wp:term":[{"taxonomy":"product_cat","embeddable":true,"href":"https:\/\/barrsell.com\/en\/wp-json\/wp\/v2\/product_cat?post=16663"},{"taxonomy":"product_tag","embeddable":true,"href":"https:\/\/barrsell.com\/en\/wp-json\/wp\/v2\/product_tag?post=16663"}],"curies":[{"name":"wp","href":"https:\/\/api.w.org\/{rel}","templated":true}]}}