{"id":16658,"date":"2024-10-18T14:32:22","date_gmt":"2024-10-18T14:32:22","guid":{"rendered":"https:\/\/barrsell.com\/?post_type=product&#038;p=16658"},"modified":"2024-12-06T09:20:51","modified_gmt":"2024-12-06T09:20:51","slug":"vacuactivus-azot-jeneratoru","status":"publish","type":"product","link":"https:\/\/barrsell.com\/en\/product\/vacuactivus-nitrogen-generator\/","title":{"rendered":"Vacuactivus Nitrogen Generator"},"content":{"rendered":"<h2>Vacuactivus Nitrogen Generator High Performance Nitrogen Generation for Cryotherapy<\/h2>\n<p>Cryo chambers used in cryotherapy and cold therapy systems Vacuactivus Nitrogen Generator are innovative technologies that contribute to human health and aesthetic applications. Nitrogen gas, one of the key components of these systems, is used to create low temperatures. Vacuactivus Nitrogen Generator provides uninterrupted and reliable nitrogen supply for this critical need. In addition, it offers a wide range of uses from slimming and aesthetic centers to sports rehabilitation clinics.<\/p>\n<h4>Technical Specifications<\/h4>\n<ol>\n<li><strong>High Purity Nitrogen Production<\/strong>\n<ul>\n<li>The Vacuactivus Nitrogen Generator is capable of producing nitrogen gas with 99.999% purity. This high purity is essential for optimal performance and safe operation of cryotherapy devices. In addition, pure nitrogen allows cryo chambers to reach very low temperatures quickly.<\/li>\n<\/ul>\n<\/li>\n<li><strong>Low Energy Consumption<\/strong>\n<ul>\n<li>Thanks to innovative engineering solutions, the Vacuakt\u0131vus Nitrogen Generator realizes maximum nitrogen production using minimum energy. At the same time low energy consumption, for businesses with continuously operational devices, such as slimming and aesthetic centers.<\/li>\n<\/ul>\n<\/li>\n<li><strong>Compact and Modular Design<\/strong>\n<ul>\n<li>In particular, the generator is compact, making it suitable for installation even in confined spaces. In addition, thanks to its modular design, you can adapt it to different capacities and expand it according to your needs. This offers a flexible solution for small and large businesses.<\/li>\n<\/ul>\n<\/li>\n<li><strong>Automatic Monitoring and Control System<\/strong>\n<ul>\n<li>The Vacuactivus Nitrogen Generator is equipped with an integrated monitoring and control system. This system continuously monitors nitrogen production and provides early warnings of possible malfunctions. It also features intelligent control algorithms to optimize the operation process. This ensures that the generator always runs in the most efficient way.<\/li>\n<\/ul>\n<\/li>\n<\/ol>\n<h4>Application Areas<\/h4>\n<ul>\n<li class=\" translation-block\">Cryotherapy Chambers and Cryo-Saunas: Provides a continuous supply of nitrogen that allows cryo devices to operate stably at low temperatures.<\/li>\n<li class=\" translation-block\">Sports Rehabilitation Centers: It provides reliable nitrogen production for cryo devices used in the rapid recovery processes of athletes.<\/li>\n<li class=\" translation-block\">Aesthetic and Slimming Centers: It supports effective results in cryotherapy applications used for weight loss and skin tightening.<\/li>\n<li class=\" translation-block\">Health and Wellness Centers: Cryo treatments that improve body health and strengthen the immune system.<\/li>\n<\/ul>","protected":false},"excerpt":{"rendered":"<ul>\n<li>High Purity Nitrogen Production<\/li>\n<li>Automatic Monitoring and Control System<\/li>\n<li>Low Energy Consumption<strong><br \/>\n<\/strong><\/li>\n<\/ul>","protected":false},"featured_media":16659,"template":"","meta":[],"product_cat":[745,726,746],"product_tag":[],"class_list":{"0":"post-16658","1":"product","2":"type-product","3":"status-publish","4":"has-post-thumbnail","6":"product_cat-tum-urunler-kirmizi-isiklar","7":"product_cat-azot-tanklari-ve-erisim-jeneratorleri","8":"product_cat-tum-urunler-azot-tanklari-ve-erisim-jeneratorleri","10":"first","11":"instock","12":"shipping-taxable","13":"product-type-external"},"yoast_head":"<!-- This site is optimized with the Yoast SEO Premium plugin v23.2 (Yoast SEO v23.2) - https:\/\/yoast.com\/wordpress\/plugins\/seo\/ -->\n<title>Vacuactivus Azot Jenerat\u00f6r\u00fc | Barrsell End\u00fcstri<\/title>\n<meta name=\"description\" content=\"Vacuactivus Azot Jenerat\u00f6r\u00fc kriyoterapi ve so\u011fuk terapi sistemlerinde kullan\u0131lan kriyo odalar\u0131, insan sa\u011fl\u0131\u011f\u0131na ve estetik uygulamalara katk\u0131 sa\u011flayar.\" \/>\n<meta name=\"robots\" content=\"index, follow, max-snippet:-1, max-image-preview:large, max-video-preview:-1\" \/>\n<link rel=\"canonical\" href=\"https:\/\/barrsell.com\/en\/product\/vacuactivus-nitrogen-generator\/\" \/>\n<meta property=\"og:locale\" content=\"en_US\" \/>\n<meta property=\"og:type\" content=\"article\" \/>\n<meta property=\"og:title\" content=\"Vacuactivus Azot Jenerat\u00f6r\u00fc\" \/>\n<meta property=\"og:description\" content=\"Vacuactivus Azot Jenerat\u00f6r\u00fc kriyoterapi ve so\u011fuk terapi sistemlerinde kullan\u0131lan kriyo odalar\u0131, insan sa\u011fl\u0131\u011f\u0131na ve estetik uygulamalara katk\u0131 sa\u011flayar.\" \/>\n<meta property=\"og:url\" content=\"https:\/\/barrsell.com\/en\/product\/vacuactivus-nitrogen-generator\/\" \/>\n<meta property=\"og:site_name\" content=\"Barrsell\" \/>\n<meta property=\"article:modified_time\" content=\"2024-12-06T09:20:51+00:00\" \/>\n<meta property=\"og:image\" content=\"https:\/\/barrsell.com\/wp-content\/uploads\/2024\/10\/Vacuactivus-Azot-Jeneratoru.png\" \/>\n\t<meta property=\"og:image:width\" content=\"1200\" \/>\n\t<meta property=\"og:image:height\" content=\"1200\" \/>\n\t<meta property=\"og:image:type\" content=\"image\/png\" \/>\n<meta name=\"twitter:card\" content=\"summary_large_image\" \/>\n<meta name=\"twitter:label1\" content=\"Est. reading time\" \/>\n\t<meta name=\"twitter:data1\" content=\"2 minutes\" \/>\n<script type=\"application\/ld+json\" class=\"yoast-schema-graph\">{\"@context\":\"https:\/\/schema.org\",\"@graph\":[{\"@type\":\"WebPage\",\"@id\":\"https:\/\/barrsell.com\/urun\/vacuactivus-azot-jeneratoru\/\",\"url\":\"https:\/\/barrsell.com\/urun\/vacuactivus-azot-jeneratoru\/\",\"name\":\"Vacuactivus Azot Jenerat\u00f6r\u00fc | Barrsell End\u00fcstri\",\"isPartOf\":{\"@id\":\"https:\/\/barrsell.com\/#website\"},\"primaryImageOfPage\":{\"@id\":\"https:\/\/barrsell.com\/urun\/vacuactivus-azot-jeneratoru\/#primaryimage\"},\"image\":{\"@id\":\"https:\/\/barrsell.com\/urun\/vacuactivus-azot-jeneratoru\/#primaryimage\"},\"thumbnailUrl\":\"https:\/\/barrsell.com\/wp-content\/uploads\/2024\/10\/Vacuactivus-Azot-Jeneratoru.png\",\"datePublished\":\"2024-10-18T14:32:22+00:00\",\"dateModified\":\"2024-12-06T09:20:51+00:00\",\"description\":\"Vacuactivus Azot Jenerat\u00f6r\u00fc kriyoterapi ve so\u011fuk terapi sistemlerinde kullan\u0131lan kriyo odalar\u0131, insan sa\u011fl\u0131\u011f\u0131na ve estetik uygulamalara katk\u0131 sa\u011flayar.\",\"breadcrumb\":{\"@id\":\"https:\/\/barrsell.com\/urun\/vacuactivus-azot-jeneratoru\/#breadcrumb\"},\"inLanguage\":\"en-US\",\"potentialAction\":[{\"@type\":\"ReadAction\",\"target\":[\"https:\/\/barrsell.com\/urun\/vacuactivus-azot-jeneratoru\/\"]}]},{\"@type\":\"ImageObject\",\"inLanguage\":\"en-US\",\"@id\":\"https:\/\/barrsell.com\/urun\/vacuactivus-azot-jeneratoru\/#primaryimage\",\"url\":\"https:\/\/barrsell.com\/wp-content\/uploads\/2024\/10\/Vacuactivus-Azot-Jeneratoru.png\",\"contentUrl\":\"https:\/\/barrsell.com\/wp-content\/uploads\/2024\/10\/Vacuactivus-Azot-Jeneratoru.png\",\"width\":1200,\"height\":1200,\"caption\":\"Vacuactivus Azot Jenerat\u00f6r\u00fc\"},{\"@type\":\"BreadcrumbList\",\"@id\":\"https:\/\/barrsell.com\/urun\/vacuactivus-azot-jeneratoru\/#breadcrumb\",\"itemListElement\":[{\"@type\":\"ListItem\",\"position\":1,\"name\":\"Home\",\"item\":\"https:\/\/barrsell.com\/\"},{\"@type\":\"ListItem\",\"position\":2,\"name\":\"\u00dcr\u00fcnler\",\"item\":\"https:\/\/barrsell.com\/en\/products\/\"},{\"@type\":\"ListItem\",\"position\":3,\"name\":\"Vacuactivus Azot Jenerat\u00f6r\u00fc\"}]},{\"@type\":\"WebSite\",\"@id\":\"https:\/\/barrsell.com\/#website\",\"url\":\"https:\/\/barrsell.com\/\",\"name\":\"Barrsell End\u00fcstri Makine\",\"description\":\"Teknolojiyle G\u00fc\u00e7lenen End\u00fcstriyel \u00c7\u00f6z\u00fcmler!\",\"potentialAction\":[{\"@type\":\"SearchAction\",\"target\":{\"@type\":\"EntryPoint\",\"urlTemplate\":\"https:\/\/barrsell.com\/?s={search_term_string}\"},\"query-input\":\"required name=search_term_string\"}],\"inLanguage\":\"en-US\"}]}<\/script>\n<!-- \/ Yoast SEO Premium plugin. -->","yoast_head_json":{"title":"Vacuactivus Azot Jenerat\u00f6r\u00fc | Barrsell End\u00fcstri","description":"Vacuactivus Azot Jenerat\u00f6r\u00fc kriyoterapi ve so\u011fuk terapi sistemlerinde kullan\u0131lan kriyo odalar\u0131, insan sa\u011fl\u0131\u011f\u0131na ve estetik uygulamalara katk\u0131 sa\u011flayar.","robots":{"index":"index","follow":"follow","max-snippet":"max-snippet:-1","max-image-preview":"max-image-preview:large","max-video-preview":"max-video-preview:-1"},"canonical":"https:\/\/barrsell.com\/en\/product\/vacuactivus-nitrogen-generator\/","og_locale":"en_US","og_type":"article","og_title":"Vacuactivus Azot Jenerat\u00f6r\u00fc","og_description":"Vacuactivus Azot Jenerat\u00f6r\u00fc kriyoterapi ve so\u011fuk terapi sistemlerinde kullan\u0131lan kriyo odalar\u0131, insan sa\u011fl\u0131\u011f\u0131na ve estetik uygulamalara katk\u0131 sa\u011flayar.","og_url":"https:\/\/barrsell.com\/en\/product\/vacuactivus-nitrogen-generator\/","og_site_name":"Barrsell","article_modified_time":"2024-12-06T09:20:51+00:00","og_image":[{"width":1200,"height":1200,"url":"https:\/\/barrsell.com\/wp-content\/uploads\/2024\/10\/Vacuactivus-Azot-Jeneratoru.png","type":"image\/png"}],"twitter_card":"summary_large_image","twitter_misc":{"Est. reading time":"2 minutes"},"schema":{"@context":"https:\/\/schema.org","@graph":[{"@type":"WebPage","@id":"https:\/\/barrsell.com\/urun\/vacuactivus-azot-jeneratoru\/","url":"https:\/\/barrsell.com\/urun\/vacuactivus-azot-jeneratoru\/","name":"Vacuactivus Azot Jenerat\u00f6r\u00fc | Barrsell End\u00fcstri","isPartOf":{"@id":"https:\/\/barrsell.com\/#website"},"primaryImageOfPage":{"@id":"https:\/\/barrsell.com\/urun\/vacuactivus-azot-jeneratoru\/#primaryimage"},"image":{"@id":"https:\/\/barrsell.com\/urun\/vacuactivus-azot-jeneratoru\/#primaryimage"},"thumbnailUrl":"https:\/\/barrsell.com\/wp-content\/uploads\/2024\/10\/Vacuactivus-Azot-Jeneratoru.png","datePublished":"2024-10-18T14:32:22+00:00","dateModified":"2024-12-06T09:20:51+00:00","description":"Vacuactivus Azot Jenerat\u00f6r\u00fc kriyoterapi ve so\u011fuk terapi sistemlerinde kullan\u0131lan kriyo odalar\u0131, insan sa\u011fl\u0131\u011f\u0131na ve estetik uygulamalara katk\u0131 sa\u011flayar.","breadcrumb":{"@id":"https:\/\/barrsell.com\/urun\/vacuactivus-azot-jeneratoru\/#breadcrumb"},"inLanguage":"en-US","potentialAction":[{"@type":"ReadAction","target":["https:\/\/barrsell.com\/urun\/vacuactivus-azot-jeneratoru\/"]}]},{"@type":"ImageObject","inLanguage":"en-US","@id":"https:\/\/barrsell.com\/urun\/vacuactivus-azot-jeneratoru\/#primaryimage","url":"https:\/\/barrsell.com\/wp-content\/uploads\/2024\/10\/Vacuactivus-Azot-Jeneratoru.png","contentUrl":"https:\/\/barrsell.com\/wp-content\/uploads\/2024\/10\/Vacuactivus-Azot-Jeneratoru.png","width":1200,"height":1200,"caption":"Vacuactivus Azot Jenerat\u00f6r\u00fc"},{"@type":"BreadcrumbList","@id":"https:\/\/barrsell.com\/urun\/vacuactivus-azot-jeneratoru\/#breadcrumb","itemListElement":[{"@type":"ListItem","position":1,"name":"Home","item":"https:\/\/barrsell.com\/"},{"@type":"ListItem","position":2,"name":"\u00dcr\u00fcnler","item":"https:\/\/barrsell.com\/en\/products\/"},{"@type":"ListItem","position":3,"name":"Vacuactivus Azot Jenerat\u00f6r\u00fc"}]},{"@type":"WebSite","@id":"https:\/\/barrsell.com\/#website","url":"https:\/\/barrsell.com\/","name":"Barrsell End\u00fcstri Makine","description":"Teknolojiyle G\u00fc\u00e7lenen End\u00fcstriyel \u00c7\u00f6z\u00fcmler!","potentialAction":[{"@type":"SearchAction","target":{"@type":"EntryPoint","urlTemplate":"https:\/\/barrsell.com\/?s={search_term_string}"},"query-input":"required name=search_term_string"}],"inLanguage":"en-US"}]}},"_links":{"self":[{"href":"https:\/\/barrsell.com\/en\/wp-json\/wp\/v2\/product\/16658","targetHints":{"allow":["GET"]}}],"collection":[{"href":"https:\/\/barrsell.com\/en\/wp-json\/wp\/v2\/product"}],"about":[{"href":"https:\/\/barrsell.com\/en\/wp-json\/wp\/v2\/types\/product"}],"version-history":[{"count":6,"href":"https:\/\/barrsell.com\/en\/wp-json\/wp\/v2\/product\/16658\/revisions"}],"predecessor-version":[{"id":18788,"href":"https:\/\/barrsell.com\/en\/wp-json\/wp\/v2\/product\/16658\/revisions\/18788"}],"wp:featuredmedia":[{"embeddable":true,"href":"https:\/\/barrsell.com\/en\/wp-json\/wp\/v2\/media\/16659"}],"wp:attachment":[{"href":"https:\/\/barrsell.com\/en\/wp-json\/wp\/v2\/media?parent=16658"}],"wp:term":[{"taxonomy":"product_cat","embeddable":true,"href":"https:\/\/barrsell.com\/en\/wp-json\/wp\/v2\/product_cat?post=16658"},{"taxonomy":"product_tag","embeddable":true,"href":"https:\/\/barrsell.com\/en\/wp-json\/wp\/v2\/product_tag?post=16658"}],"curies":[{"name":"wp","href":"https:\/\/api.w.org\/{rel}","templated":true}]}}