{"id":16652,"date":"2024-10-18T14:19:39","date_gmt":"2024-10-18T14:19:39","guid":{"rendered":"https:\/\/barrsell.com\/?post_type=product&#038;p=16652"},"modified":"2024-12-06T09:40:00","modified_gmt":"2024-12-06T09:40:00","slug":"sicak-cryo-kabini","status":"publish","type":"product","link":"https:\/\/barrsell.com\/en\/product\/hot-cryo-cabinet\/","title":{"rendered":"Hot Cryo Cabinet"},"content":{"rendered":"<h2>Hot Cryo Cabinet: Revolutionary Thermal Therapy Device in Slimming and Aesthetic Centers<\/h2>\n<p>Hot Cryo Cabin has become more important than ever to achieve more effective results using advanced technologies in aesthetic and slimming centers. It is an innovative thermal therapy device developed to meet the needs. Shaping the body by offering both hot and cold therapies together, burning fat and improving overall health. It also combines cryotherapy and thermotherapy to speed up metabolism. Thus, it increases skin elasticity and supports the slimming processes.\u00a0 <strong>Kriyoterapi<\/strong> ve <strong>termoterapi<\/strong>yi birle\u015ftirerek metabolizmay\u0131 h\u0131zland\u0131r\u0131r. B\u00f6ylece cilt elastikiyetini art\u0131r\u0131r ve zay\u0131flama s\u00fcre\u00e7lerini destekler.<\/p>\n<h4>Product description<\/h4>\n<p class=\" translation-block\">The Hot Cryo Room is a cryo and thermal therapy room used for body shaping and healing purposes. Cryotherapy (cold therapy) also accelerates fat burning by exposing the body to very low temperatures. At the same time, thermotherapy (hot therapy) improves blood circulation and helps tighten the skin. The combination of these two therapies promotes the breakdown of fat cells, leading to faster results.<\/p>\n<h4>Technical Specifications<\/h4>\n<ol>\n<li><strong>Shooting Mode: Cryotherapy and Thermotherapy<\/strong>\n<ul>\n<li>The Hot Cryo Cabinet combines the benefits of cold and hot therapies by working in two different modes.\n<ul>\n<li class=\" translation-block\"><strong>Kriyotherapy<\/strong> exposes the body to low temperatures, falling to - 120\u00b0C. This allows fat cells to be broken down and metabolized quickly. This, in addition to speeding up fat burning, also reduces the appearance of cellulite.<\/li>\n<li class=\" translation-block\"><strong>Termotherapy<\/strong> increases blood circulation with temperatures up to 60\u00b0C and relaxes muscles. This increases skin elasticity, while helping to flush out toxins from deep tissues.<\/li>\n<\/ul>\n<\/li>\n<\/ul>\n<\/li>\n<li><strong>Metabolism Acceleration<\/strong>\n<ul>\n<li>The Hot Cryo Cabinet significantly accelerates metabolism thanks to the combination of cryotherapy and thermotherapy. Low temperatures force the body to balance its own heat. In this process, energy consumption increases and fat burning accelerates.<\/li>\n<\/ul>\n<\/li>\n<li><strong>Cellulite and Skin Tightening<\/strong>\n<ul>\n<li>Hot Cryo Cabin reduces skin tightness loss through a combination of cold and hot therapies. And thus, it offers effective results in the treatment of cellulite. Cryotherapy helps eliminate excesses under the skin by targeting fat cells. At the same time, thermotherapy improves skin elasticity.<\/li>\n<\/ul>\n<\/li>\n<\/ol>\n<h4>Application Areas<\/h4>\n<ul>\n<li class=\" translation-block\">Slimming and Fat Burning: By targeting fat cells at low temperatures, it speeds up metabolism and promotes fat burning.<\/li>\n<li class=\" translation-block\">Cellulite Treatment: The combination of cryotherapy and thermotherapy significantly reduces the appearance of cellulite by breaking down fat deposits under the skin.<\/li>\n<li class=\" translation-block\">Muscle Regeneration and Rehabilitation: While thermotherapy can relax the muscles, cryotherapy relieves muscle fatigue and accelerates muscle recovery.<\/li>\n<li class=\" translation-block\">Skin Tightening &amp; Elasticity Enhancement: Hot therapy improves skin elasticity and helps tighten it, thus providing a youthful and smooth skin appearance.<\/li>\n<\/ul>","protected":false},"excerpt":{"rendered":"<p>Shooting Mode: Cryotherapy and Thermotherapy<br \/>\nSlimming and Fat Burning<br \/>\nErgonomic and User Friendly Design<\/p>","protected":false},"featured_media":16655,"template":"","meta":[],"product_cat":[745,729,744],"product_tag":[],"class_list":{"0":"post-16652","1":"product","2":"type-product","3":"status-publish","4":"has-post-thumbnail","6":"product_cat-tum-urunler-kirmizi-isiklar","7":"product_cat-rehabilitasyon-odalari","8":"product_cat-tum-urunler-rehabilitasyon-odalari","10":"first","11":"instock","12":"shipping-taxable","13":"product-type-external"},"yoast_head":"<!-- This site is optimized with the Yoast SEO Premium plugin v23.2 (Yoast SEO v23.2) - https:\/\/yoast.com\/wordpress\/plugins\/seo\/ -->\n<title>S\u0131cak Cryo Kabini | Barrsell End\u00fcstri<\/title>\n<meta name=\"description\" content=\"S\u0131cak Cryo Kabini hem s\u0131cak hem de so\u011fuk terapileri bir arada sunar. V\u00fccut \u015fekillendirme, ya\u011f yakma konular\u0131nda devrim niteli\u011finde bir \u00e7\u00f6z\u00fcm sunar.\" \/>\n<meta name=\"robots\" content=\"index, follow, max-snippet:-1, max-image-preview:large, max-video-preview:-1\" \/>\n<link rel=\"canonical\" href=\"https:\/\/barrsell.com\/en\/product\/hot-cryo-cabinet\/\" \/>\n<meta property=\"og:locale\" content=\"en_US\" \/>\n<meta property=\"og:type\" content=\"article\" \/>\n<meta property=\"og:title\" content=\"S\u0131cak Cryo Kabini\" \/>\n<meta property=\"og:description\" content=\"S\u0131cak Cryo Kabini hem s\u0131cak hem de so\u011fuk terapileri bir arada sunar. V\u00fccut \u015fekillendirme, ya\u011f yakma konular\u0131nda devrim niteli\u011finde bir \u00e7\u00f6z\u00fcm sunar.\" \/>\n<meta property=\"og:url\" content=\"https:\/\/barrsell.com\/en\/product\/hot-cryo-cabinet\/\" \/>\n<meta property=\"og:site_name\" content=\"Barrsell\" \/>\n<meta property=\"article:modified_time\" content=\"2024-12-06T09:40:00+00:00\" \/>\n<meta property=\"og:image\" content=\"https:\/\/barrsell.com\/wp-content\/uploads\/2024\/10\/Sicak-Cryo-Odasi.png\" \/>\n\t<meta property=\"og:image:width\" content=\"1200\" \/>\n\t<meta property=\"og:image:height\" content=\"1200\" \/>\n\t<meta property=\"og:image:type\" content=\"image\/png\" \/>\n<meta name=\"twitter:card\" content=\"summary_large_image\" \/>\n<meta name=\"twitter:label1\" content=\"Est. reading time\" \/>\n\t<meta name=\"twitter:data1\" content=\"3 minutes\" \/>\n<script type=\"application\/ld+json\" class=\"yoast-schema-graph\">{\"@context\":\"https:\/\/schema.org\",\"@graph\":[{\"@type\":\"WebPage\",\"@id\":\"https:\/\/barrsell.com\/urun\/sicak-cryo-kabini\/\",\"url\":\"https:\/\/barrsell.com\/urun\/sicak-cryo-kabini\/\",\"name\":\"S\u0131cak Cryo Kabini | Barrsell End\u00fcstri\",\"isPartOf\":{\"@id\":\"https:\/\/barrsell.com\/#website\"},\"primaryImageOfPage\":{\"@id\":\"https:\/\/barrsell.com\/urun\/sicak-cryo-kabini\/#primaryimage\"},\"image\":{\"@id\":\"https:\/\/barrsell.com\/urun\/sicak-cryo-kabini\/#primaryimage\"},\"thumbnailUrl\":\"https:\/\/barrsell.com\/wp-content\/uploads\/2024\/10\/Sicak-Cryo-Odasi.png\",\"datePublished\":\"2024-10-18T14:19:39+00:00\",\"dateModified\":\"2024-12-06T09:40:00+00:00\",\"description\":\"S\u0131cak Cryo Kabini hem s\u0131cak hem de so\u011fuk terapileri bir arada sunar. V\u00fccut \u015fekillendirme, ya\u011f yakma konular\u0131nda devrim niteli\u011finde bir \u00e7\u00f6z\u00fcm sunar.\",\"breadcrumb\":{\"@id\":\"https:\/\/barrsell.com\/urun\/sicak-cryo-kabini\/#breadcrumb\"},\"inLanguage\":\"en-US\",\"potentialAction\":[{\"@type\":\"ReadAction\",\"target\":[\"https:\/\/barrsell.com\/urun\/sicak-cryo-kabini\/\"]}]},{\"@type\":\"ImageObject\",\"inLanguage\":\"en-US\",\"@id\":\"https:\/\/barrsell.com\/urun\/sicak-cryo-kabini\/#primaryimage\",\"url\":\"https:\/\/barrsell.com\/wp-content\/uploads\/2024\/10\/Sicak-Cryo-Odasi.png\",\"contentUrl\":\"https:\/\/barrsell.com\/wp-content\/uploads\/2024\/10\/Sicak-Cryo-Odasi.png\",\"width\":1200,\"height\":1200,\"caption\":\"S\u0131cak Cryo Odas\u0131\"},{\"@type\":\"BreadcrumbList\",\"@id\":\"https:\/\/barrsell.com\/urun\/sicak-cryo-kabini\/#breadcrumb\",\"itemListElement\":[{\"@type\":\"ListItem\",\"position\":1,\"name\":\"Home\",\"item\":\"https:\/\/barrsell.com\/\"},{\"@type\":\"ListItem\",\"position\":2,\"name\":\"\u00dcr\u00fcnler\",\"item\":\"https:\/\/barrsell.com\/en\/products\/\"},{\"@type\":\"ListItem\",\"position\":3,\"name\":\"S\u0131cak Cryo Kabini\"}]},{\"@type\":\"WebSite\",\"@id\":\"https:\/\/barrsell.com\/#website\",\"url\":\"https:\/\/barrsell.com\/\",\"name\":\"Barrsell End\u00fcstri Makine\",\"description\":\"Teknolojiyle G\u00fc\u00e7lenen End\u00fcstriyel \u00c7\u00f6z\u00fcmler!\",\"potentialAction\":[{\"@type\":\"SearchAction\",\"target\":{\"@type\":\"EntryPoint\",\"urlTemplate\":\"https:\/\/barrsell.com\/?s={search_term_string}\"},\"query-input\":\"required name=search_term_string\"}],\"inLanguage\":\"en-US\"}]}<\/script>\n<!-- \/ Yoast SEO Premium plugin. -->","yoast_head_json":{"title":"S\u0131cak Cryo Kabini | Barrsell End\u00fcstri","description":"S\u0131cak Cryo Kabini hem s\u0131cak hem de so\u011fuk terapileri bir arada sunar. V\u00fccut \u015fekillendirme, ya\u011f yakma konular\u0131nda devrim niteli\u011finde bir \u00e7\u00f6z\u00fcm sunar.","robots":{"index":"index","follow":"follow","max-snippet":"max-snippet:-1","max-image-preview":"max-image-preview:large","max-video-preview":"max-video-preview:-1"},"canonical":"https:\/\/barrsell.com\/en\/product\/hot-cryo-cabinet\/","og_locale":"en_US","og_type":"article","og_title":"S\u0131cak Cryo Kabini","og_description":"S\u0131cak Cryo Kabini hem s\u0131cak hem de so\u011fuk terapileri bir arada sunar. V\u00fccut \u015fekillendirme, ya\u011f yakma konular\u0131nda devrim niteli\u011finde bir \u00e7\u00f6z\u00fcm sunar.","og_url":"https:\/\/barrsell.com\/en\/product\/hot-cryo-cabinet\/","og_site_name":"Barrsell","article_modified_time":"2024-12-06T09:40:00+00:00","og_image":[{"width":1200,"height":1200,"url":"https:\/\/barrsell.com\/wp-content\/uploads\/2024\/10\/Sicak-Cryo-Odasi.png","type":"image\/png"}],"twitter_card":"summary_large_image","twitter_misc":{"Est. reading time":"3 minutes"},"schema":{"@context":"https:\/\/schema.org","@graph":[{"@type":"WebPage","@id":"https:\/\/barrsell.com\/urun\/sicak-cryo-kabini\/","url":"https:\/\/barrsell.com\/urun\/sicak-cryo-kabini\/","name":"S\u0131cak Cryo Kabini | Barrsell End\u00fcstri","isPartOf":{"@id":"https:\/\/barrsell.com\/#website"},"primaryImageOfPage":{"@id":"https:\/\/barrsell.com\/urun\/sicak-cryo-kabini\/#primaryimage"},"image":{"@id":"https:\/\/barrsell.com\/urun\/sicak-cryo-kabini\/#primaryimage"},"thumbnailUrl":"https:\/\/barrsell.com\/wp-content\/uploads\/2024\/10\/Sicak-Cryo-Odasi.png","datePublished":"2024-10-18T14:19:39+00:00","dateModified":"2024-12-06T09:40:00+00:00","description":"S\u0131cak Cryo Kabini hem s\u0131cak hem de so\u011fuk terapileri bir arada sunar. V\u00fccut \u015fekillendirme, ya\u011f yakma konular\u0131nda devrim niteli\u011finde bir \u00e7\u00f6z\u00fcm sunar.","breadcrumb":{"@id":"https:\/\/barrsell.com\/urun\/sicak-cryo-kabini\/#breadcrumb"},"inLanguage":"en-US","potentialAction":[{"@type":"ReadAction","target":["https:\/\/barrsell.com\/urun\/sicak-cryo-kabini\/"]}]},{"@type":"ImageObject","inLanguage":"en-US","@id":"https:\/\/barrsell.com\/urun\/sicak-cryo-kabini\/#primaryimage","url":"https:\/\/barrsell.com\/wp-content\/uploads\/2024\/10\/Sicak-Cryo-Odasi.png","contentUrl":"https:\/\/barrsell.com\/wp-content\/uploads\/2024\/10\/Sicak-Cryo-Odasi.png","width":1200,"height":1200,"caption":"S\u0131cak Cryo Odas\u0131"},{"@type":"BreadcrumbList","@id":"https:\/\/barrsell.com\/urun\/sicak-cryo-kabini\/#breadcrumb","itemListElement":[{"@type":"ListItem","position":1,"name":"Home","item":"https:\/\/barrsell.com\/"},{"@type":"ListItem","position":2,"name":"\u00dcr\u00fcnler","item":"https:\/\/barrsell.com\/en\/products\/"},{"@type":"ListItem","position":3,"name":"S\u0131cak Cryo Kabini"}]},{"@type":"WebSite","@id":"https:\/\/barrsell.com\/#website","url":"https:\/\/barrsell.com\/","name":"Barrsell End\u00fcstri Makine","description":"Teknolojiyle G\u00fc\u00e7lenen End\u00fcstriyel \u00c7\u00f6z\u00fcmler!","potentialAction":[{"@type":"SearchAction","target":{"@type":"EntryPoint","urlTemplate":"https:\/\/barrsell.com\/?s={search_term_string}"},"query-input":"required name=search_term_string"}],"inLanguage":"en-US"}]}},"_links":{"self":[{"href":"https:\/\/barrsell.com\/en\/wp-json\/wp\/v2\/product\/16652","targetHints":{"allow":["GET"]}}],"collection":[{"href":"https:\/\/barrsell.com\/en\/wp-json\/wp\/v2\/product"}],"about":[{"href":"https:\/\/barrsell.com\/en\/wp-json\/wp\/v2\/types\/product"}],"version-history":[{"count":4,"href":"https:\/\/barrsell.com\/en\/wp-json\/wp\/v2\/product\/16652\/revisions"}],"predecessor-version":[{"id":18792,"href":"https:\/\/barrsell.com\/en\/wp-json\/wp\/v2\/product\/16652\/revisions\/18792"}],"wp:featuredmedia":[{"embeddable":true,"href":"https:\/\/barrsell.com\/en\/wp-json\/wp\/v2\/media\/16655"}],"wp:attachment":[{"href":"https:\/\/barrsell.com\/en\/wp-json\/wp\/v2\/media?parent=16652"}],"wp:term":[{"taxonomy":"product_cat","embeddable":true,"href":"https:\/\/barrsell.com\/en\/wp-json\/wp\/v2\/product_cat?post=16652"},{"taxonomy":"product_tag","embeddable":true,"href":"https:\/\/barrsell.com\/en\/wp-json\/wp\/v2\/product_tag?post=16652"}],"curies":[{"name":"wp","href":"https:\/\/api.w.org\/{rel}","templated":true}]}}