{"id":16638,"date":"2024-10-18T10:02:11","date_gmt":"2024-10-18T10:02:11","guid":{"rendered":"https:\/\/barrsell.com\/?post_type=product&#038;p=16638"},"modified":"2024-12-06T10:14:17","modified_gmt":"2024-12-06T10:14:17","slug":"vacu-rollstar-mini","status":"publish","type":"product","link":"https:\/\/barrsell.com\/en\/product\/vacu-rollstar-mini\/","title":{"rendered":"Vacu RollStar Mini"},"content":{"rendered":"<h3>Vacu RollStar Mini: Cellulite Remover and Body Shaper Lymphatic Massage Roller<\/h3>\n<p>The Vacu RollStar Mini stands out as a compact lymphatic massage cylinder, designed for use at home or at work. Improving the elasticity of the skin, maintaining moisture balance. And it is also noted for its ability to improve blood and lymphatic circulation in adipose tissue. It is the perfect solution to reduce the appearance of cellulite and achieve your body contouring goals.<\/p>\n<h4>Product features<\/h4>\n<ol>\n<li><strong>Lymphatic Drainage Technology<\/strong>\n<ul>\n<li>RollStar Mini helps to reduce fluid deposits in the body with the method of lymphatic massage. It also provides the removal of edema and contributes to the smoother appearance of the skin.<\/li>\n<\/ul>\n<\/li>\n<li><strong>Infrared Heat and Chromotherapy<\/strong>\n<ul>\n<li>The device makes deep tissue massage with infrared heating technology. And so it helps to relax the muscles and increase blood flow. The chromotherapy feature promotes skin health and improves mood through the use of different color lights.<\/li>\n<\/ul>\n<\/li>\n<li><strong>Complex Massage Applications<\/strong>\n<ul>\n<li>Vacu RollStar Mini combines deep tissue massage, lymphatic drainage and heating technologies. This also offers a high-quality massage experience for maximum styling benefits and overall health improvement.<\/li>\n<\/ul>\n<\/li>\n<\/ol>\n<h4>Target users<\/h4>\n<ul>\n<li class=\" translation-block\"><strong>Fighting Cellulite<\/strong>: Ideal for individuals looking to reduce the appearance of orange peel.<\/li>\n<li class=\" translation-block\"><strong>Body Shaping Those who want<\/strong>: It is an excellent choice especially for those who want to get a slim look and reduce their fat deposits.<\/li>\n<li class=\" translation-block\"><strong>Registers of Relaxation and Recovery<\/strong>: It is the perfect solution for those who want to cope with the stress and fatigue of everyday life.<\/li>\n<\/ul>","protected":false},"excerpt":{"rendered":"<ul>\n<li>Lymphatic Drainage Technology<\/li>\n<li>Infrared Heat and Chromotherapy<\/li>\n<li>Complex Massage Applications<\/li>\n<\/ul>","protected":false},"featured_media":16651,"template":"","meta":[],"product_cat":[745,723,743],"product_tag":[],"class_list":{"0":"post-16638","1":"product","2":"type-product","3":"status-publish","4":"has-post-thumbnail","6":"product_cat-tum-urunler-kirmizi-isiklar","7":"product_cat-rulo-sekillendiriciler","8":"product_cat-tum-urunler-rulo-sekillendiriciler","10":"first","11":"instock","12":"shipping-taxable","13":"product-type-external"},"yoast_head":"<!-- This site is optimized with the Yoast SEO Premium plugin v23.2 (Yoast SEO v23.2) - https:\/\/yoast.com\/wordpress\/plugins\/seo\/ -->\n<title>Vacu RollStar Mini | Barrsell End\u00fcstri<\/title>\n<meta name=\"description\" content=\"Vacu RollStar Mini, evde veya i\u015f yerinde kullan\u0131m i\u00e7in tasarlanm\u0131\u015f, kompakt bir lenfatik masaj silindiri olarak \u00f6ne \u00e7\u0131kmaktad\u0131r.\" \/>\n<meta name=\"robots\" content=\"index, follow, max-snippet:-1, max-image-preview:large, max-video-preview:-1\" \/>\n<link rel=\"canonical\" href=\"https:\/\/barrsell.com\/en\/product\/vacu-rollstar-mini\/\" \/>\n<meta property=\"og:locale\" content=\"en_US\" \/>\n<meta property=\"og:type\" content=\"article\" \/>\n<meta property=\"og:title\" content=\"Vacu RollStar Mini\" \/>\n<meta property=\"og:description\" content=\"Vacu RollStar Mini, evde veya i\u015f yerinde kullan\u0131m i\u00e7in tasarlanm\u0131\u015f, kompakt bir lenfatik masaj silindiri olarak \u00f6ne \u00e7\u0131kmaktad\u0131r.\" \/>\n<meta property=\"og:url\" content=\"https:\/\/barrsell.com\/en\/product\/vacu-rollstar-mini\/\" \/>\n<meta property=\"og:site_name\" content=\"Barrsell\" \/>\n<meta property=\"article:modified_time\" content=\"2024-12-06T10:14:17+00:00\" \/>\n<meta property=\"og:image\" content=\"https:\/\/barrsell.com\/wp-content\/uploads\/2024\/10\/Vacu-RollStar-Mini.png\" \/>\n\t<meta property=\"og:image:width\" content=\"1200\" \/>\n\t<meta property=\"og:image:height\" content=\"1200\" \/>\n\t<meta property=\"og:image:type\" content=\"image\/png\" \/>\n<meta name=\"twitter:card\" content=\"summary_large_image\" \/>\n<meta name=\"twitter:label1\" content=\"Est. reading time\" \/>\n\t<meta name=\"twitter:data1\" content=\"2 minutes\" \/>\n<script type=\"application\/ld+json\" class=\"yoast-schema-graph\">{\"@context\":\"https:\/\/schema.org\",\"@graph\":[{\"@type\":\"WebPage\",\"@id\":\"https:\/\/barrsell.com\/urun\/vacu-rollstar-mini\/\",\"url\":\"https:\/\/barrsell.com\/urun\/vacu-rollstar-mini\/\",\"name\":\"Vacu RollStar Mini | Barrsell End\u00fcstri\",\"isPartOf\":{\"@id\":\"https:\/\/barrsell.com\/#website\"},\"primaryImageOfPage\":{\"@id\":\"https:\/\/barrsell.com\/urun\/vacu-rollstar-mini\/#primaryimage\"},\"image\":{\"@id\":\"https:\/\/barrsell.com\/urun\/vacu-rollstar-mini\/#primaryimage\"},\"thumbnailUrl\":\"https:\/\/barrsell.com\/wp-content\/uploads\/2024\/10\/Vacu-RollStar-Mini.png\",\"datePublished\":\"2024-10-18T10:02:11+00:00\",\"dateModified\":\"2024-12-06T10:14:17+00:00\",\"description\":\"Vacu RollStar Mini, evde veya i\u015f yerinde kullan\u0131m i\u00e7in tasarlanm\u0131\u015f, kompakt bir lenfatik masaj silindiri olarak \u00f6ne \u00e7\u0131kmaktad\u0131r.\",\"breadcrumb\":{\"@id\":\"https:\/\/barrsell.com\/urun\/vacu-rollstar-mini\/#breadcrumb\"},\"inLanguage\":\"en-US\",\"potentialAction\":[{\"@type\":\"ReadAction\",\"target\":[\"https:\/\/barrsell.com\/urun\/vacu-rollstar-mini\/\"]}]},{\"@type\":\"ImageObject\",\"inLanguage\":\"en-US\",\"@id\":\"https:\/\/barrsell.com\/urun\/vacu-rollstar-mini\/#primaryimage\",\"url\":\"https:\/\/barrsell.com\/wp-content\/uploads\/2024\/10\/Vacu-RollStar-Mini.png\",\"contentUrl\":\"https:\/\/barrsell.com\/wp-content\/uploads\/2024\/10\/Vacu-RollStar-Mini.png\",\"width\":1200,\"height\":1200,\"caption\":\"Vacu RollStar Mini\"},{\"@type\":\"BreadcrumbList\",\"@id\":\"https:\/\/barrsell.com\/urun\/vacu-rollstar-mini\/#breadcrumb\",\"itemListElement\":[{\"@type\":\"ListItem\",\"position\":1,\"name\":\"Home\",\"item\":\"https:\/\/barrsell.com\/\"},{\"@type\":\"ListItem\",\"position\":2,\"name\":\"\u00dcr\u00fcnler\",\"item\":\"https:\/\/barrsell.com\/en\/products\/\"},{\"@type\":\"ListItem\",\"position\":3,\"name\":\"Vacu RollStar Mini\"}]},{\"@type\":\"WebSite\",\"@id\":\"https:\/\/barrsell.com\/#website\",\"url\":\"https:\/\/barrsell.com\/\",\"name\":\"Barrsell End\u00fcstri Makine\",\"description\":\"Teknolojiyle G\u00fc\u00e7lenen End\u00fcstriyel \u00c7\u00f6z\u00fcmler!\",\"potentialAction\":[{\"@type\":\"SearchAction\",\"target\":{\"@type\":\"EntryPoint\",\"urlTemplate\":\"https:\/\/barrsell.com\/?s={search_term_string}\"},\"query-input\":\"required name=search_term_string\"}],\"inLanguage\":\"en-US\"}]}<\/script>\n<!-- \/ Yoast SEO Premium plugin. -->","yoast_head_json":{"title":"Vacu RollStar Mini | Barrsell End\u00fcstri","description":"Vacu RollStar Mini, evde veya i\u015f yerinde kullan\u0131m i\u00e7in tasarlanm\u0131\u015f, kompakt bir lenfatik masaj silindiri olarak \u00f6ne \u00e7\u0131kmaktad\u0131r.","robots":{"index":"index","follow":"follow","max-snippet":"max-snippet:-1","max-image-preview":"max-image-preview:large","max-video-preview":"max-video-preview:-1"},"canonical":"https:\/\/barrsell.com\/en\/product\/vacu-rollstar-mini\/","og_locale":"en_US","og_type":"article","og_title":"Vacu RollStar Mini","og_description":"Vacu RollStar Mini, evde veya i\u015f yerinde kullan\u0131m i\u00e7in tasarlanm\u0131\u015f, kompakt bir lenfatik masaj silindiri olarak \u00f6ne \u00e7\u0131kmaktad\u0131r.","og_url":"https:\/\/barrsell.com\/en\/product\/vacu-rollstar-mini\/","og_site_name":"Barrsell","article_modified_time":"2024-12-06T10:14:17+00:00","og_image":[{"width":1200,"height":1200,"url":"https:\/\/barrsell.com\/wp-content\/uploads\/2024\/10\/Vacu-RollStar-Mini.png","type":"image\/png"}],"twitter_card":"summary_large_image","twitter_misc":{"Est. reading time":"2 minutes"},"schema":{"@context":"https:\/\/schema.org","@graph":[{"@type":"WebPage","@id":"https:\/\/barrsell.com\/urun\/vacu-rollstar-mini\/","url":"https:\/\/barrsell.com\/urun\/vacu-rollstar-mini\/","name":"Vacu RollStar Mini | Barrsell End\u00fcstri","isPartOf":{"@id":"https:\/\/barrsell.com\/#website"},"primaryImageOfPage":{"@id":"https:\/\/barrsell.com\/urun\/vacu-rollstar-mini\/#primaryimage"},"image":{"@id":"https:\/\/barrsell.com\/urun\/vacu-rollstar-mini\/#primaryimage"},"thumbnailUrl":"https:\/\/barrsell.com\/wp-content\/uploads\/2024\/10\/Vacu-RollStar-Mini.png","datePublished":"2024-10-18T10:02:11+00:00","dateModified":"2024-12-06T10:14:17+00:00","description":"Vacu RollStar Mini, evde veya i\u015f yerinde kullan\u0131m i\u00e7in tasarlanm\u0131\u015f, kompakt bir lenfatik masaj silindiri olarak \u00f6ne \u00e7\u0131kmaktad\u0131r.","breadcrumb":{"@id":"https:\/\/barrsell.com\/urun\/vacu-rollstar-mini\/#breadcrumb"},"inLanguage":"en-US","potentialAction":[{"@type":"ReadAction","target":["https:\/\/barrsell.com\/urun\/vacu-rollstar-mini\/"]}]},{"@type":"ImageObject","inLanguage":"en-US","@id":"https:\/\/barrsell.com\/urun\/vacu-rollstar-mini\/#primaryimage","url":"https:\/\/barrsell.com\/wp-content\/uploads\/2024\/10\/Vacu-RollStar-Mini.png","contentUrl":"https:\/\/barrsell.com\/wp-content\/uploads\/2024\/10\/Vacu-RollStar-Mini.png","width":1200,"height":1200,"caption":"Vacu RollStar Mini"},{"@type":"BreadcrumbList","@id":"https:\/\/barrsell.com\/urun\/vacu-rollstar-mini\/#breadcrumb","itemListElement":[{"@type":"ListItem","position":1,"name":"Home","item":"https:\/\/barrsell.com\/"},{"@type":"ListItem","position":2,"name":"\u00dcr\u00fcnler","item":"https:\/\/barrsell.com\/en\/products\/"},{"@type":"ListItem","position":3,"name":"Vacu RollStar Mini"}]},{"@type":"WebSite","@id":"https:\/\/barrsell.com\/#website","url":"https:\/\/barrsell.com\/","name":"Barrsell End\u00fcstri Makine","description":"Teknolojiyle G\u00fc\u00e7lenen End\u00fcstriyel \u00c7\u00f6z\u00fcmler!","potentialAction":[{"@type":"SearchAction","target":{"@type":"EntryPoint","urlTemplate":"https:\/\/barrsell.com\/?s={search_term_string}"},"query-input":"required name=search_term_string"}],"inLanguage":"en-US"}]}},"_links":{"self":[{"href":"https:\/\/barrsell.com\/en\/wp-json\/wp\/v2\/product\/16638","targetHints":{"allow":["GET"]}}],"collection":[{"href":"https:\/\/barrsell.com\/en\/wp-json\/wp\/v2\/product"}],"about":[{"href":"https:\/\/barrsell.com\/en\/wp-json\/wp\/v2\/types\/product"}],"version-history":[{"count":6,"href":"https:\/\/barrsell.com\/en\/wp-json\/wp\/v2\/product\/16638\/revisions"}],"predecessor-version":[{"id":18797,"href":"https:\/\/barrsell.com\/en\/wp-json\/wp\/v2\/product\/16638\/revisions\/18797"}],"wp:featuredmedia":[{"embeddable":true,"href":"https:\/\/barrsell.com\/en\/wp-json\/wp\/v2\/media\/16651"}],"wp:attachment":[{"href":"https:\/\/barrsell.com\/en\/wp-json\/wp\/v2\/media?parent=16638"}],"wp:term":[{"taxonomy":"product_cat","embeddable":true,"href":"https:\/\/barrsell.com\/en\/wp-json\/wp\/v2\/product_cat?post=16638"},{"taxonomy":"product_tag","embeddable":true,"href":"https:\/\/barrsell.com\/en\/wp-json\/wp\/v2\/product_tag?post=16638"}],"curies":[{"name":"wp","href":"https:\/\/api.w.org\/{rel}","templated":true}]}}