{"id":16623,"date":"2024-10-18T09:04:49","date_gmt":"2024-10-18T09:04:49","guid":{"rendered":"https:\/\/barrsell.com\/?post_type=product&#038;p=16623"},"modified":"2024-12-06T10:47:32","modified_gmt":"2024-12-06T10:47:32","slug":"vocu-kizilotesi-bisiklet-infrastar","status":"publish","type":"product","link":"https:\/\/barrsell.com\/en\/product\/vocu-kizilotesi-bike-infrastar\/","title":{"rendered":"Vocu Infrared Bike InfraStar"},"content":{"rendered":"<h3>Vocu Infrared Bike InfraStar Driving Pleasure With Intelligent Technology<\/h3>\n<p>Vocu Infrared Cycling InfraStar combines infrared rays and vacuum technology, providing an in-depth effect by targeting subcutaneous tissues. This device is designed to achieve reliable results in aesthetic procedures.<\/p>\n<h4>Technical Specifications<\/h4>\n<ul>\n<li><strong>Advanced-Level Infrared Technology<\/strong><\/li>\n<li>\u00a0InfraStar, by heating cells under the skin, increases blood flow and accelerates metabolism. This helps to achieve a youthful and healthy appearance by increasing the elasticity of the skin. The infrared rays reach the deep layers of the skin and are effective in reducing sagging and fine wrinkles.<\/li>\n<li><strong>Vacuum system<\/strong>\n<ul>\n<li>The integrated vacuum system of the device increases blood flow by compressing the surface of the skin. In this way, it helps to remove toxins from the skin, while reducing the appearance of cellulite. Vacuum applications,increases blood circulation in the skin,improves overall skin health.<\/li>\n<\/ul>\n<\/li>\n<li><strong>Monthly Maintenance Programs<\/strong>\n<ul>\n<li>It adapts to various care programs applied in aesthetic centers. Vacuum system users can create treatment plans according to their individual needs. The device is effective in skin tightening, cellulite treatment and fat burning processes.<\/li>\n<\/ul>\n<\/li>\n<\/ul>\n<h4>Application Areas<\/h4>\n<ul>\n<li class=\" translation-block\"><strong>Skin Rejuvenation<\/strong>: The infrared rays are used to enhance the youthful appearance of the skin. It is aimed to reduce wrinkles and equalize skin tone.<\/li>\n<li class=\" translation-block\">Body shaping: This application, supported by vacuum technology, helps reduce fat cells and correct the contour of the body.<\/li>\n<li class=\" translation-block\">Cellulite treatment: Effective for reducing the appearance of cellulite. Helps reduce cellulite by increasing blood flow in the skin.<\/li>\n<\/ul>\n<p>&nbsp;<\/p>","protected":false},"excerpt":{"rendered":"<ul>\n<li>Skin rejuvenation<\/li>\n<li>Body shaping<\/li>\n<li>Cellulite treatment<\/li>\n<\/ul>","protected":false},"featured_media":16628,"template":"","meta":[],"product_cat":[718,742],"product_tag":[],"class_list":{"0":"post-16623","1":"product","2":"type-product","3":"status-publish","4":"has-post-thumbnail","6":"product_cat-vakum-kriyo-kizilotesi","7":"product_cat-tum-urunler-vakum-kriyo-kizilotesi","9":"first","10":"instock","11":"shipping-taxable","12":"product-type-external"},"yoast_head":"<!-- This site is optimized with the Yoast SEO Premium plugin v23.2 (Yoast SEO v23.2) - https:\/\/yoast.com\/wordpress\/plugins\/seo\/ -->\n<title>Vocu K\u0131z\u0131l\u00f6tesi Bisiklet InfraStar | Barrsell End\u00fcstri<\/title>\n<meta name=\"description\" content=\"Vocu K\u0131z\u0131l\u00f6tesi Bisiklet InfraStar, infraruj \u0131\u015f\u0131nlar\u0131 ve vakum teknolojisini birle\u015ftirerek, cilt alt\u0131 dokular\u0131 hedef alarak derinlemesine bir etki sa\u011flar.\" \/>\n<meta name=\"robots\" content=\"index, follow, max-snippet:-1, max-image-preview:large, max-video-preview:-1\" \/>\n<link rel=\"canonical\" href=\"https:\/\/barrsell.com\/en\/product\/vocu-kizilotesi-bike-infrastar\/\" \/>\n<meta property=\"og:locale\" content=\"en_US\" \/>\n<meta property=\"og:type\" content=\"article\" \/>\n<meta property=\"og:title\" content=\"Vocu K\u0131z\u0131l\u00f6tesi Bisiklet InfraStar\" \/>\n<meta property=\"og:description\" content=\"Vocu K\u0131z\u0131l\u00f6tesi Bisiklet InfraStar, infraruj \u0131\u015f\u0131nlar\u0131 ve vakum teknolojisini birle\u015ftirerek, cilt alt\u0131 dokular\u0131 hedef alarak derinlemesine bir etki sa\u011flar.\" \/>\n<meta property=\"og:url\" content=\"https:\/\/barrsell.com\/en\/product\/vocu-kizilotesi-bike-infrastar\/\" \/>\n<meta property=\"og:site_name\" content=\"Barrsell\" \/>\n<meta property=\"article:modified_time\" content=\"2024-12-06T10:47:32+00:00\" \/>\n<meta property=\"og:image\" content=\"https:\/\/barrsell.com\/wp-content\/uploads\/2024\/10\/Vocu-Kizilotesi-Bisiklet-InfraStar-1.png\" \/>\n\t<meta property=\"og:image:width\" content=\"1200\" \/>\n\t<meta property=\"og:image:height\" content=\"1200\" \/>\n\t<meta property=\"og:image:type\" content=\"image\/png\" \/>\n<meta name=\"twitter:card\" content=\"summary_large_image\" \/>\n<meta name=\"twitter:label1\" content=\"Est. reading time\" \/>\n\t<meta name=\"twitter:data1\" content=\"2 minutes\" \/>\n<script type=\"application\/ld+json\" class=\"yoast-schema-graph\">{\"@context\":\"https:\/\/schema.org\",\"@graph\":[{\"@type\":\"WebPage\",\"@id\":\"https:\/\/barrsell.com\/urun\/vocu-kizilotesi-bisiklet-infrastar\/\",\"url\":\"https:\/\/barrsell.com\/urun\/vocu-kizilotesi-bisiklet-infrastar\/\",\"name\":\"Vocu K\u0131z\u0131l\u00f6tesi Bisiklet InfraStar | Barrsell End\u00fcstri\",\"isPartOf\":{\"@id\":\"https:\/\/barrsell.com\/#website\"},\"primaryImageOfPage\":{\"@id\":\"https:\/\/barrsell.com\/urun\/vocu-kizilotesi-bisiklet-infrastar\/#primaryimage\"},\"image\":{\"@id\":\"https:\/\/barrsell.com\/urun\/vocu-kizilotesi-bisiklet-infrastar\/#primaryimage\"},\"thumbnailUrl\":\"https:\/\/barrsell.com\/wp-content\/uploads\/2024\/10\/Vocu-Kizilotesi-Bisiklet-InfraStar-1.png\",\"datePublished\":\"2024-10-18T09:04:49+00:00\",\"dateModified\":\"2024-12-06T10:47:32+00:00\",\"description\":\"Vocu K\u0131z\u0131l\u00f6tesi Bisiklet InfraStar, infraruj \u0131\u015f\u0131nlar\u0131 ve vakum teknolojisini birle\u015ftirerek, cilt alt\u0131 dokular\u0131 hedef alarak derinlemesine bir etki sa\u011flar.\",\"breadcrumb\":{\"@id\":\"https:\/\/barrsell.com\/urun\/vocu-kizilotesi-bisiklet-infrastar\/#breadcrumb\"},\"inLanguage\":\"en-US\",\"potentialAction\":[{\"@type\":\"ReadAction\",\"target\":[\"https:\/\/barrsell.com\/urun\/vocu-kizilotesi-bisiklet-infrastar\/\"]}]},{\"@type\":\"ImageObject\",\"inLanguage\":\"en-US\",\"@id\":\"https:\/\/barrsell.com\/urun\/vocu-kizilotesi-bisiklet-infrastar\/#primaryimage\",\"url\":\"https:\/\/barrsell.com\/wp-content\/uploads\/2024\/10\/Vocu-Kizilotesi-Bisiklet-InfraStar-1.png\",\"contentUrl\":\"https:\/\/barrsell.com\/wp-content\/uploads\/2024\/10\/Vocu-Kizilotesi-Bisiklet-InfraStar-1.png\",\"width\":1200,\"height\":1200,\"caption\":\"Vocu K\u0131z\u0131l\u00f6tesi Bisiklet InfraStar\"},{\"@type\":\"BreadcrumbList\",\"@id\":\"https:\/\/barrsell.com\/urun\/vocu-kizilotesi-bisiklet-infrastar\/#breadcrumb\",\"itemListElement\":[{\"@type\":\"ListItem\",\"position\":1,\"name\":\"Home\",\"item\":\"https:\/\/barrsell.com\/\"},{\"@type\":\"ListItem\",\"position\":2,\"name\":\"\u00dcr\u00fcnler\",\"item\":\"https:\/\/barrsell.com\/en\/products\/\"},{\"@type\":\"ListItem\",\"position\":3,\"name\":\"Vocu K\u0131z\u0131l\u00f6tesi Bisiklet InfraStar\"}]},{\"@type\":\"WebSite\",\"@id\":\"https:\/\/barrsell.com\/#website\",\"url\":\"https:\/\/barrsell.com\/\",\"name\":\"Barrsell End\u00fcstri Makine\",\"description\":\"Teknolojiyle G\u00fc\u00e7lenen End\u00fcstriyel \u00c7\u00f6z\u00fcmler!\",\"potentialAction\":[{\"@type\":\"SearchAction\",\"target\":{\"@type\":\"EntryPoint\",\"urlTemplate\":\"https:\/\/barrsell.com\/?s={search_term_string}\"},\"query-input\":\"required name=search_term_string\"}],\"inLanguage\":\"en-US\"}]}<\/script>\n<!-- \/ Yoast SEO Premium plugin. -->","yoast_head_json":{"title":"Vocu K\u0131z\u0131l\u00f6tesi Bisiklet InfraStar | Barrsell End\u00fcstri","description":"Vocu K\u0131z\u0131l\u00f6tesi Bisiklet InfraStar, infraruj \u0131\u015f\u0131nlar\u0131 ve vakum teknolojisini birle\u015ftirerek, cilt alt\u0131 dokular\u0131 hedef alarak derinlemesine bir etki sa\u011flar.","robots":{"index":"index","follow":"follow","max-snippet":"max-snippet:-1","max-image-preview":"max-image-preview:large","max-video-preview":"max-video-preview:-1"},"canonical":"https:\/\/barrsell.com\/en\/product\/vocu-kizilotesi-bike-infrastar\/","og_locale":"en_US","og_type":"article","og_title":"Vocu K\u0131z\u0131l\u00f6tesi Bisiklet InfraStar","og_description":"Vocu K\u0131z\u0131l\u00f6tesi Bisiklet InfraStar, infraruj \u0131\u015f\u0131nlar\u0131 ve vakum teknolojisini birle\u015ftirerek, cilt alt\u0131 dokular\u0131 hedef alarak derinlemesine bir etki sa\u011flar.","og_url":"https:\/\/barrsell.com\/en\/product\/vocu-kizilotesi-bike-infrastar\/","og_site_name":"Barrsell","article_modified_time":"2024-12-06T10:47:32+00:00","og_image":[{"width":1200,"height":1200,"url":"https:\/\/barrsell.com\/wp-content\/uploads\/2024\/10\/Vocu-Kizilotesi-Bisiklet-InfraStar-1.png","type":"image\/png"}],"twitter_card":"summary_large_image","twitter_misc":{"Est. reading time":"2 minutes"},"schema":{"@context":"https:\/\/schema.org","@graph":[{"@type":"WebPage","@id":"https:\/\/barrsell.com\/urun\/vocu-kizilotesi-bisiklet-infrastar\/","url":"https:\/\/barrsell.com\/urun\/vocu-kizilotesi-bisiklet-infrastar\/","name":"Vocu K\u0131z\u0131l\u00f6tesi Bisiklet InfraStar | Barrsell End\u00fcstri","isPartOf":{"@id":"https:\/\/barrsell.com\/#website"},"primaryImageOfPage":{"@id":"https:\/\/barrsell.com\/urun\/vocu-kizilotesi-bisiklet-infrastar\/#primaryimage"},"image":{"@id":"https:\/\/barrsell.com\/urun\/vocu-kizilotesi-bisiklet-infrastar\/#primaryimage"},"thumbnailUrl":"https:\/\/barrsell.com\/wp-content\/uploads\/2024\/10\/Vocu-Kizilotesi-Bisiklet-InfraStar-1.png","datePublished":"2024-10-18T09:04:49+00:00","dateModified":"2024-12-06T10:47:32+00:00","description":"Vocu K\u0131z\u0131l\u00f6tesi Bisiklet InfraStar, infraruj \u0131\u015f\u0131nlar\u0131 ve vakum teknolojisini birle\u015ftirerek, cilt alt\u0131 dokular\u0131 hedef alarak derinlemesine bir etki sa\u011flar.","breadcrumb":{"@id":"https:\/\/barrsell.com\/urun\/vocu-kizilotesi-bisiklet-infrastar\/#breadcrumb"},"inLanguage":"en-US","potentialAction":[{"@type":"ReadAction","target":["https:\/\/barrsell.com\/urun\/vocu-kizilotesi-bisiklet-infrastar\/"]}]},{"@type":"ImageObject","inLanguage":"en-US","@id":"https:\/\/barrsell.com\/urun\/vocu-kizilotesi-bisiklet-infrastar\/#primaryimage","url":"https:\/\/barrsell.com\/wp-content\/uploads\/2024\/10\/Vocu-Kizilotesi-Bisiklet-InfraStar-1.png","contentUrl":"https:\/\/barrsell.com\/wp-content\/uploads\/2024\/10\/Vocu-Kizilotesi-Bisiklet-InfraStar-1.png","width":1200,"height":1200,"caption":"Vocu K\u0131z\u0131l\u00f6tesi Bisiklet InfraStar"},{"@type":"BreadcrumbList","@id":"https:\/\/barrsell.com\/urun\/vocu-kizilotesi-bisiklet-infrastar\/#breadcrumb","itemListElement":[{"@type":"ListItem","position":1,"name":"Home","item":"https:\/\/barrsell.com\/"},{"@type":"ListItem","position":2,"name":"\u00dcr\u00fcnler","item":"https:\/\/barrsell.com\/en\/products\/"},{"@type":"ListItem","position":3,"name":"Vocu K\u0131z\u0131l\u00f6tesi Bisiklet InfraStar"}]},{"@type":"WebSite","@id":"https:\/\/barrsell.com\/#website","url":"https:\/\/barrsell.com\/","name":"Barrsell End\u00fcstri Makine","description":"Teknolojiyle G\u00fc\u00e7lenen End\u00fcstriyel \u00c7\u00f6z\u00fcmler!","potentialAction":[{"@type":"SearchAction","target":{"@type":"EntryPoint","urlTemplate":"https:\/\/barrsell.com\/?s={search_term_string}"},"query-input":"required name=search_term_string"}],"inLanguage":"en-US"}]}},"_links":{"self":[{"href":"https:\/\/barrsell.com\/en\/wp-json\/wp\/v2\/product\/16623","targetHints":{"allow":["GET"]}}],"collection":[{"href":"https:\/\/barrsell.com\/en\/wp-json\/wp\/v2\/product"}],"about":[{"href":"https:\/\/barrsell.com\/en\/wp-json\/wp\/v2\/types\/product"}],"version-history":[{"count":7,"href":"https:\/\/barrsell.com\/en\/wp-json\/wp\/v2\/product\/16623\/revisions"}],"predecessor-version":[{"id":18806,"href":"https:\/\/barrsell.com\/en\/wp-json\/wp\/v2\/product\/16623\/revisions\/18806"}],"wp:featuredmedia":[{"embeddable":true,"href":"https:\/\/barrsell.com\/en\/wp-json\/wp\/v2\/media\/16628"}],"wp:attachment":[{"href":"https:\/\/barrsell.com\/en\/wp-json\/wp\/v2\/media?parent=16623"}],"wp:term":[{"taxonomy":"product_cat","embeddable":true,"href":"https:\/\/barrsell.com\/en\/wp-json\/wp\/v2\/product_cat?post=16623"},{"taxonomy":"product_tag","embeddable":true,"href":"https:\/\/barrsell.com\/en\/wp-json\/wp\/v2\/product_tag?post=16623"}],"curies":[{"name":"wp","href":"https:\/\/api.w.org\/{rel}","templated":true}]}}