{"id":16619,"date":"2024-10-18T09:03:18","date_gmt":"2024-10-18T09:03:18","guid":{"rendered":"https:\/\/barrsell.com\/?post_type=product&#038;p=16619"},"modified":"2024-12-06T12:04:43","modified_gmt":"2024-12-06T12:04:43","slug":"vocu-kizilotesi-kosu-bandi","status":"publish","type":"product","link":"https:\/\/barrsell.com\/en\/product\/vocu-kizilotesi-kosu-bandi\/","title":{"rendered":"Vocu Infrared Treadmill"},"content":{"rendered":"<h2><strong>Vocu Infrared Treadmill A Unique and Innovative Running Experience<\/strong><\/h2>\n<p>The Vocu Infrared Treadmill is a prominent option among modern sports equipment. It offers its users a unique experience in terms of both health and performance. It also provides the experience of doing sports at home with high level performance, durability and comfort. If you want to adopt a healthy lifestyle and improve your sports habits, this product will be an excellent option.<\/p>\n<h4>Product features<\/h4>\n<ol>\n<li class=\" translation-block\"><strong>Infrared Technology<\/strong>:Vocu Infrared Treadmill has special infrared technology. Thus, it provides performance increase by heating the muscles of users more effectively. This technology increases blood circulation, reducing the risk of injury and speeding up the healing process.<\/li>\n<li><strong>High Durability<\/strong>: The product is designed for long-lasting use of quality material. Especially the advanced engine system offers maximum speed and durability, allowing you to perform challenging workouts with ease.<\/li>\n<li><strong>Multiple Speed and Tilt Options<\/strong>: Infrared Treadmill allows users to adjust different speed and inclination settings according to their needs. This feature personalizes training programs, helping to achieve more effective results.<\/li>\n<li class=\" translation-block\"><strong>Smart Display and Link Features<\/strong>: User-friendly smart display allows you to instantly track data such as heart rate, wrong calories, distance and duration. You can also use the Treadmill integrated with fitness apps thanks to the Bluetooth connection.<\/li>\n<li><strong>Fldable design<\/strong>: Compact and foldable structure, offers easy storage at home or in the office. This feature provides a great advantage for users with limited space.<\/li>\n<\/ol>","protected":false},"excerpt":{"rendered":"<ul>\n<li>\u0130nfrared technology<\/li>\n<li>High Durability<\/li>\n<\/ul>","protected":false},"featured_media":16620,"template":"","meta":[],"product_cat":[745,718,742],"product_tag":[],"class_list":{"0":"post-16619","1":"product","2":"type-product","3":"status-publish","4":"has-post-thumbnail","6":"product_cat-tum-urunler-kirmizi-isiklar","7":"product_cat-vakum-kriyo-kizilotesi","8":"product_cat-tum-urunler-vakum-kriyo-kizilotesi","10":"first","11":"instock","12":"shipping-taxable","13":"product-type-external"},"yoast_head":"<!-- This site is optimized with the Yoast SEO Premium plugin v23.2 (Yoast SEO v23.2) - https:\/\/yoast.com\/wordpress\/plugins\/seo\/ -->\n<title>Vocu K\u0131z\u0131l\u00f6tesi Ko\u015fu Band\u0131 | Barrsell End\u00fcstri<\/title>\n<meta name=\"description\" content=\"Vocu K\u0131z\u0131l\u00f6tesi Ko\u015fu Band\u0131, modern spor ekipmanlar\u0131 aras\u0131nda \u00f6ne \u00e7\u0131kan kullan\u0131c\u0131lar\u0131na sa\u011fl\u0131k ve performans a\u00e7\u0131s\u0131ndan e\u015fsiz bir deneyim sunar.\" \/>\n<meta name=\"robots\" content=\"index, follow, max-snippet:-1, max-image-preview:large, max-video-preview:-1\" \/>\n<link rel=\"canonical\" href=\"https:\/\/barrsell.com\/en\/product\/vocu-kizilotesi-kosu-bandi\/\" \/>\n<meta property=\"og:locale\" content=\"en_US\" \/>\n<meta property=\"og:type\" content=\"article\" \/>\n<meta property=\"og:title\" content=\"Vocu K\u0131z\u0131l\u00f6tesi Ko\u015fu Band\u0131\" \/>\n<meta property=\"og:description\" content=\"Vocu K\u0131z\u0131l\u00f6tesi Ko\u015fu Band\u0131, modern spor ekipmanlar\u0131 aras\u0131nda \u00f6ne \u00e7\u0131kan kullan\u0131c\u0131lar\u0131na sa\u011fl\u0131k ve performans a\u00e7\u0131s\u0131ndan e\u015fsiz bir deneyim sunar.\" \/>\n<meta property=\"og:url\" content=\"https:\/\/barrsell.com\/en\/product\/vocu-kizilotesi-kosu-bandi\/\" \/>\n<meta property=\"og:site_name\" content=\"Barrsell\" \/>\n<meta property=\"article:modified_time\" content=\"2024-12-06T12:04:43+00:00\" \/>\n<meta property=\"og:image\" content=\"https:\/\/barrsell.com\/wp-content\/uploads\/2024\/10\/Vocu-Kizilotesi-Kosu-Bandi.png\" \/>\n\t<meta property=\"og:image:width\" content=\"1200\" \/>\n\t<meta property=\"og:image:height\" content=\"1200\" \/>\n\t<meta property=\"og:image:type\" content=\"image\/png\" \/>\n<meta name=\"twitter:card\" content=\"summary_large_image\" \/>\n<meta name=\"twitter:label1\" content=\"Est. reading time\" \/>\n\t<meta name=\"twitter:data1\" content=\"2 minutes\" \/>\n<script type=\"application\/ld+json\" class=\"yoast-schema-graph\">{\"@context\":\"https:\/\/schema.org\",\"@graph\":[{\"@type\":\"WebPage\",\"@id\":\"https:\/\/barrsell.com\/urun\/vocu-kizilotesi-kosu-bandi\/\",\"url\":\"https:\/\/barrsell.com\/urun\/vocu-kizilotesi-kosu-bandi\/\",\"name\":\"Vocu K\u0131z\u0131l\u00f6tesi Ko\u015fu Band\u0131 | Barrsell End\u00fcstri\",\"isPartOf\":{\"@id\":\"https:\/\/barrsell.com\/#website\"},\"primaryImageOfPage\":{\"@id\":\"https:\/\/barrsell.com\/urun\/vocu-kizilotesi-kosu-bandi\/#primaryimage\"},\"image\":{\"@id\":\"https:\/\/barrsell.com\/urun\/vocu-kizilotesi-kosu-bandi\/#primaryimage\"},\"thumbnailUrl\":\"https:\/\/barrsell.com\/wp-content\/uploads\/2024\/10\/Vocu-Kizilotesi-Kosu-Bandi.png\",\"datePublished\":\"2024-10-18T09:03:18+00:00\",\"dateModified\":\"2024-12-06T12:04:43+00:00\",\"description\":\"Vocu K\u0131z\u0131l\u00f6tesi Ko\u015fu Band\u0131, modern spor ekipmanlar\u0131 aras\u0131nda \u00f6ne \u00e7\u0131kan kullan\u0131c\u0131lar\u0131na sa\u011fl\u0131k ve performans a\u00e7\u0131s\u0131ndan e\u015fsiz bir deneyim sunar.\",\"breadcrumb\":{\"@id\":\"https:\/\/barrsell.com\/urun\/vocu-kizilotesi-kosu-bandi\/#breadcrumb\"},\"inLanguage\":\"en-US\",\"potentialAction\":[{\"@type\":\"ReadAction\",\"target\":[\"https:\/\/barrsell.com\/urun\/vocu-kizilotesi-kosu-bandi\/\"]}]},{\"@type\":\"ImageObject\",\"inLanguage\":\"en-US\",\"@id\":\"https:\/\/barrsell.com\/urun\/vocu-kizilotesi-kosu-bandi\/#primaryimage\",\"url\":\"https:\/\/barrsell.com\/wp-content\/uploads\/2024\/10\/Vocu-Kizilotesi-Kosu-Bandi.png\",\"contentUrl\":\"https:\/\/barrsell.com\/wp-content\/uploads\/2024\/10\/Vocu-Kizilotesi-Kosu-Bandi.png\",\"width\":1200,\"height\":1200,\"caption\":\"Vocu K\u0131z\u0131l\u00f6tesi Ko\u015fu Band\u0131\"},{\"@type\":\"BreadcrumbList\",\"@id\":\"https:\/\/barrsell.com\/urun\/vocu-kizilotesi-kosu-bandi\/#breadcrumb\",\"itemListElement\":[{\"@type\":\"ListItem\",\"position\":1,\"name\":\"Home\",\"item\":\"https:\/\/barrsell.com\/\"},{\"@type\":\"ListItem\",\"position\":2,\"name\":\"\u00dcr\u00fcnler\",\"item\":\"https:\/\/barrsell.com\/en\/products\/\"},{\"@type\":\"ListItem\",\"position\":3,\"name\":\"Vocu K\u0131z\u0131l\u00f6tesi Ko\u015fu Band\u0131\"}]},{\"@type\":\"WebSite\",\"@id\":\"https:\/\/barrsell.com\/#website\",\"url\":\"https:\/\/barrsell.com\/\",\"name\":\"Barrsell End\u00fcstri Makine\",\"description\":\"Teknolojiyle G\u00fc\u00e7lenen End\u00fcstriyel \u00c7\u00f6z\u00fcmler!\",\"potentialAction\":[{\"@type\":\"SearchAction\",\"target\":{\"@type\":\"EntryPoint\",\"urlTemplate\":\"https:\/\/barrsell.com\/?s={search_term_string}\"},\"query-input\":\"required name=search_term_string\"}],\"inLanguage\":\"en-US\"}]}<\/script>\n<!-- \/ Yoast SEO Premium plugin. -->","yoast_head_json":{"title":"Vocu K\u0131z\u0131l\u00f6tesi Ko\u015fu Band\u0131 | Barrsell End\u00fcstri","description":"Vocu K\u0131z\u0131l\u00f6tesi Ko\u015fu Band\u0131, modern spor ekipmanlar\u0131 aras\u0131nda \u00f6ne \u00e7\u0131kan kullan\u0131c\u0131lar\u0131na sa\u011fl\u0131k ve performans a\u00e7\u0131s\u0131ndan e\u015fsiz bir deneyim sunar.","robots":{"index":"index","follow":"follow","max-snippet":"max-snippet:-1","max-image-preview":"max-image-preview:large","max-video-preview":"max-video-preview:-1"},"canonical":"https:\/\/barrsell.com\/en\/product\/vocu-kizilotesi-kosu-bandi\/","og_locale":"en_US","og_type":"article","og_title":"Vocu K\u0131z\u0131l\u00f6tesi Ko\u015fu Band\u0131","og_description":"Vocu K\u0131z\u0131l\u00f6tesi Ko\u015fu Band\u0131, modern spor ekipmanlar\u0131 aras\u0131nda \u00f6ne \u00e7\u0131kan kullan\u0131c\u0131lar\u0131na sa\u011fl\u0131k ve performans a\u00e7\u0131s\u0131ndan e\u015fsiz bir deneyim sunar.","og_url":"https:\/\/barrsell.com\/en\/product\/vocu-kizilotesi-kosu-bandi\/","og_site_name":"Barrsell","article_modified_time":"2024-12-06T12:04:43+00:00","og_image":[{"width":1200,"height":1200,"url":"https:\/\/barrsell.com\/wp-content\/uploads\/2024\/10\/Vocu-Kizilotesi-Kosu-Bandi.png","type":"image\/png"}],"twitter_card":"summary_large_image","twitter_misc":{"Est. reading time":"2 minutes"},"schema":{"@context":"https:\/\/schema.org","@graph":[{"@type":"WebPage","@id":"https:\/\/barrsell.com\/urun\/vocu-kizilotesi-kosu-bandi\/","url":"https:\/\/barrsell.com\/urun\/vocu-kizilotesi-kosu-bandi\/","name":"Vocu K\u0131z\u0131l\u00f6tesi Ko\u015fu Band\u0131 | Barrsell End\u00fcstri","isPartOf":{"@id":"https:\/\/barrsell.com\/#website"},"primaryImageOfPage":{"@id":"https:\/\/barrsell.com\/urun\/vocu-kizilotesi-kosu-bandi\/#primaryimage"},"image":{"@id":"https:\/\/barrsell.com\/urun\/vocu-kizilotesi-kosu-bandi\/#primaryimage"},"thumbnailUrl":"https:\/\/barrsell.com\/wp-content\/uploads\/2024\/10\/Vocu-Kizilotesi-Kosu-Bandi.png","datePublished":"2024-10-18T09:03:18+00:00","dateModified":"2024-12-06T12:04:43+00:00","description":"Vocu K\u0131z\u0131l\u00f6tesi Ko\u015fu Band\u0131, modern spor ekipmanlar\u0131 aras\u0131nda \u00f6ne \u00e7\u0131kan kullan\u0131c\u0131lar\u0131na sa\u011fl\u0131k ve performans a\u00e7\u0131s\u0131ndan e\u015fsiz bir deneyim sunar.","breadcrumb":{"@id":"https:\/\/barrsell.com\/urun\/vocu-kizilotesi-kosu-bandi\/#breadcrumb"},"inLanguage":"en-US","potentialAction":[{"@type":"ReadAction","target":["https:\/\/barrsell.com\/urun\/vocu-kizilotesi-kosu-bandi\/"]}]},{"@type":"ImageObject","inLanguage":"en-US","@id":"https:\/\/barrsell.com\/urun\/vocu-kizilotesi-kosu-bandi\/#primaryimage","url":"https:\/\/barrsell.com\/wp-content\/uploads\/2024\/10\/Vocu-Kizilotesi-Kosu-Bandi.png","contentUrl":"https:\/\/barrsell.com\/wp-content\/uploads\/2024\/10\/Vocu-Kizilotesi-Kosu-Bandi.png","width":1200,"height":1200,"caption":"Vocu K\u0131z\u0131l\u00f6tesi Ko\u015fu Band\u0131"},{"@type":"BreadcrumbList","@id":"https:\/\/barrsell.com\/urun\/vocu-kizilotesi-kosu-bandi\/#breadcrumb","itemListElement":[{"@type":"ListItem","position":1,"name":"Home","item":"https:\/\/barrsell.com\/"},{"@type":"ListItem","position":2,"name":"\u00dcr\u00fcnler","item":"https:\/\/barrsell.com\/en\/products\/"},{"@type":"ListItem","position":3,"name":"Vocu K\u0131z\u0131l\u00f6tesi Ko\u015fu Band\u0131"}]},{"@type":"WebSite","@id":"https:\/\/barrsell.com\/#website","url":"https:\/\/barrsell.com\/","name":"Barrsell End\u00fcstri Makine","description":"Teknolojiyle G\u00fc\u00e7lenen End\u00fcstriyel \u00c7\u00f6z\u00fcmler!","potentialAction":[{"@type":"SearchAction","target":{"@type":"EntryPoint","urlTemplate":"https:\/\/barrsell.com\/?s={search_term_string}"},"query-input":"required name=search_term_string"}],"inLanguage":"en-US"}]}},"_links":{"self":[{"href":"https:\/\/barrsell.com\/en\/wp-json\/wp\/v2\/product\/16619","targetHints":{"allow":["GET"]}}],"collection":[{"href":"https:\/\/barrsell.com\/en\/wp-json\/wp\/v2\/product"}],"about":[{"href":"https:\/\/barrsell.com\/en\/wp-json\/wp\/v2\/types\/product"}],"version-history":[{"count":4,"href":"https:\/\/barrsell.com\/en\/wp-json\/wp\/v2\/product\/16619\/revisions"}],"predecessor-version":[{"id":18809,"href":"https:\/\/barrsell.com\/en\/wp-json\/wp\/v2\/product\/16619\/revisions\/18809"}],"wp:featuredmedia":[{"embeddable":true,"href":"https:\/\/barrsell.com\/en\/wp-json\/wp\/v2\/media\/16620"}],"wp:attachment":[{"href":"https:\/\/barrsell.com\/en\/wp-json\/wp\/v2\/media?parent=16619"}],"wp:term":[{"taxonomy":"product_cat","embeddable":true,"href":"https:\/\/barrsell.com\/en\/wp-json\/wp\/v2\/product_cat?post=16619"},{"taxonomy":"product_tag","embeddable":true,"href":"https:\/\/barrsell.com\/en\/wp-json\/wp\/v2\/product_tag?post=16619"}],"curies":[{"name":"wp","href":"https:\/\/api.w.org\/{rel}","templated":true}]}}