{"id":16614,"date":"2024-10-18T08:29:54","date_gmt":"2024-10-18T08:29:54","guid":{"rendered":"https:\/\/barrsell.com\/?post_type=product&#038;p=16614"},"modified":"2024-12-06T12:14:52","modified_gmt":"2024-12-06T12:14:52","slug":"iceberg-elektrikli-lokal-kriyo-cihazi","status":"publish","type":"product","link":"https:\/\/barrsell.com\/en\/product\/iceberg-electric-local-cryo-device\/","title":{"rendered":"Iceberg Elektrikli Lokal Kriyo Cihaz\u0131"},"content":{"rendered":"<h2>Iceberg Electric Local Crying Device: Strong Cooling With Unique Technology<\/h2>\n<p class=\" translation-block\">Iceberg Electric Local Crying Device is a high-tech cryo device that offers high efficiency and precise cooling. With its innovative design and low energy consumption, it offers effective local cryo treatment in a variety of areas. Provides rapid cooling in certain areas on the body. Accelerates tissue regeneration, relieves pain, and promotes athlete recovery.<\/p>\n<h4>Technical Specifications<\/h4>\n<ol>\n<li class=\" translation-block\">Cooling Power: Iceberg Local Cryo Device has powerful cooling technology that can reach temperatures from -40\u00b0C to -80\u00b0C in minutes. In this way, you can apply controlled and safe cooling to the tissue under the skin.<\/li>\n<li class=\" translation-block\">Energy Consumption: It offers an environmentally friendly structure with low energy consumption. The device, which can operate with 220V electrical connection, maintains energy efficiency even in long-term use.<\/li>\n<li class=\" translation-block\">User-Friendly Interface: Thanks to its touch-screen interface, you can easily control the temperature settings of the device.<\/li>\n<li class=\" translation-block\">Portable Design: Thanks to its compact and lightweight structure, the Iceberg cryo device can easily transport in different environments. It provides practical use in various areas such as gyms, physiotherapy centers, beauty salons.<\/li>\n<li class=\" translation-block\">Quiet Operation: Delivers a comfortable treatment environment with quiet operation technology. Low noise level allows users to be treated without discomfort.<\/li>\n<li class=\" translation-block\">Safety Features: Thanks to built-in safety sensors, it automatically turns off in case of overcooling or misuse. In this way, the device guarantees both user safety and long-lasting use.<\/li>\n<\/ol>","protected":false},"excerpt":{"rendered":"<ul>\n<li>Sports medicine<\/li>\n<li>Physiotherapy and rehabilitation<\/li>\n<li>Aesthetic applications<\/li>\n<li>Postoperative care<\/li>\n<li>Pain management<\/li>\n<\/ul>","protected":false},"featured_media":16615,"template":"","meta":[],"product_cat":[745,741],"product_tag":[],"class_list":{"0":"post-16614","1":"product","2":"type-product","3":"status-publish","4":"has-post-thumbnail","6":"product_cat-tum-urunler-kirmizi-isiklar","7":"product_cat-tum-urunler-yerel-kriyo","9":"first","10":"instock","11":"shipping-taxable","12":"product-type-external"},"yoast_head":"<!-- This site is optimized with the Yoast SEO Premium plugin v23.2 (Yoast SEO v23.2) - https:\/\/yoast.com\/wordpress\/plugins\/seo\/ -->\n<title>Iceberg Elektrikli Lokal Kriyo Cihaz\u0131 | Barrsell End\u00fcstri<\/title>\n<meta name=\"description\" content=\"Iceberg Elektrikli Lokal Kriyo Cihaz\u0131, y\u00fcksek verimlilik ve hassas so\u011futma sunan ileri teknolojiye sahip bir kriyo cihaz\u0131d\u0131r.\" \/>\n<meta name=\"robots\" content=\"index, follow, max-snippet:-1, max-image-preview:large, max-video-preview:-1\" \/>\n<link rel=\"canonical\" href=\"https:\/\/barrsell.com\/en\/product\/iceberg-electric-local-cryo-device\/\" \/>\n<meta property=\"og:locale\" content=\"en_US\" \/>\n<meta property=\"og:type\" content=\"article\" \/>\n<meta property=\"og:title\" content=\"Iceberg Elektrikli Lokal Kriyo Cihaz\u0131\" \/>\n<meta property=\"og:description\" content=\"Iceberg Elektrikli Lokal Kriyo Cihaz\u0131, y\u00fcksek verimlilik ve hassas so\u011futma sunan ileri teknolojiye sahip bir kriyo cihaz\u0131d\u0131r.\" \/>\n<meta property=\"og:url\" content=\"https:\/\/barrsell.com\/en\/product\/iceberg-electric-local-cryo-device\/\" \/>\n<meta property=\"og:site_name\" content=\"Barrsell\" \/>\n<meta property=\"article:modified_time\" content=\"2024-12-06T12:14:52+00:00\" \/>\n<meta property=\"og:image\" content=\"https:\/\/barrsell.com\/wp-content\/uploads\/2024\/10\/Iceberg-Elektrikli-Lokal-Kriyo-Cihazi.png\" \/>\n\t<meta property=\"og:image:width\" content=\"1200\" \/>\n\t<meta property=\"og:image:height\" content=\"1200\" \/>\n\t<meta property=\"og:image:type\" content=\"image\/png\" \/>\n<meta name=\"twitter:card\" content=\"summary_large_image\" \/>\n<meta name=\"twitter:label1\" content=\"Est. reading time\" \/>\n\t<meta name=\"twitter:data1\" content=\"2 minutes\" \/>\n<script type=\"application\/ld+json\" class=\"yoast-schema-graph\">{\"@context\":\"https:\/\/schema.org\",\"@graph\":[{\"@type\":\"WebPage\",\"@id\":\"https:\/\/barrsell.com\/urun\/iceberg-elektrikli-lokal-kriyo-cihazi\/\",\"url\":\"https:\/\/barrsell.com\/urun\/iceberg-elektrikli-lokal-kriyo-cihazi\/\",\"name\":\"Iceberg Elektrikli Lokal Kriyo Cihaz\u0131 | Barrsell End\u00fcstri\",\"isPartOf\":{\"@id\":\"https:\/\/barrsell.com\/#website\"},\"primaryImageOfPage\":{\"@id\":\"https:\/\/barrsell.com\/urun\/iceberg-elektrikli-lokal-kriyo-cihazi\/#primaryimage\"},\"image\":{\"@id\":\"https:\/\/barrsell.com\/urun\/iceberg-elektrikli-lokal-kriyo-cihazi\/#primaryimage\"},\"thumbnailUrl\":\"https:\/\/barrsell.com\/wp-content\/uploads\/2024\/10\/Iceberg-Elektrikli-Lokal-Kriyo-Cihazi.png\",\"datePublished\":\"2024-10-18T08:29:54+00:00\",\"dateModified\":\"2024-12-06T12:14:52+00:00\",\"description\":\"Iceberg Elektrikli Lokal Kriyo Cihaz\u0131, y\u00fcksek verimlilik ve hassas so\u011futma sunan ileri teknolojiye sahip bir kriyo cihaz\u0131d\u0131r.\",\"breadcrumb\":{\"@id\":\"https:\/\/barrsell.com\/urun\/iceberg-elektrikli-lokal-kriyo-cihazi\/#breadcrumb\"},\"inLanguage\":\"en-US\",\"potentialAction\":[{\"@type\":\"ReadAction\",\"target\":[\"https:\/\/barrsell.com\/urun\/iceberg-elektrikli-lokal-kriyo-cihazi\/\"]}]},{\"@type\":\"ImageObject\",\"inLanguage\":\"en-US\",\"@id\":\"https:\/\/barrsell.com\/urun\/iceberg-elektrikli-lokal-kriyo-cihazi\/#primaryimage\",\"url\":\"https:\/\/barrsell.com\/wp-content\/uploads\/2024\/10\/Iceberg-Elektrikli-Lokal-Kriyo-Cihazi.png\",\"contentUrl\":\"https:\/\/barrsell.com\/wp-content\/uploads\/2024\/10\/Iceberg-Elektrikli-Lokal-Kriyo-Cihazi.png\",\"width\":1200,\"height\":1200,\"caption\":\"Iceberg Elektrikli Lokal Kriyo Cihaz\u0131\"},{\"@type\":\"BreadcrumbList\",\"@id\":\"https:\/\/barrsell.com\/urun\/iceberg-elektrikli-lokal-kriyo-cihazi\/#breadcrumb\",\"itemListElement\":[{\"@type\":\"ListItem\",\"position\":1,\"name\":\"Home\",\"item\":\"https:\/\/barrsell.com\/\"},{\"@type\":\"ListItem\",\"position\":2,\"name\":\"\u00dcr\u00fcnler\",\"item\":\"https:\/\/barrsell.com\/en\/products\/\"},{\"@type\":\"ListItem\",\"position\":3,\"name\":\"Iceberg Elektrikli Lokal Kriyo Cihaz\u0131\"}]},{\"@type\":\"WebSite\",\"@id\":\"https:\/\/barrsell.com\/#website\",\"url\":\"https:\/\/barrsell.com\/\",\"name\":\"Barrsell End\u00fcstri Makine\",\"description\":\"Teknolojiyle G\u00fc\u00e7lenen End\u00fcstriyel \u00c7\u00f6z\u00fcmler!\",\"potentialAction\":[{\"@type\":\"SearchAction\",\"target\":{\"@type\":\"EntryPoint\",\"urlTemplate\":\"https:\/\/barrsell.com\/?s={search_term_string}\"},\"query-input\":\"required name=search_term_string\"}],\"inLanguage\":\"en-US\"}]}<\/script>\n<!-- \/ Yoast SEO Premium plugin. -->","yoast_head_json":{"title":"Iceberg Elektrikli Lokal Kriyo Cihaz\u0131 | Barrsell End\u00fcstri","description":"Iceberg Elektrikli Lokal Kriyo Cihaz\u0131, y\u00fcksek verimlilik ve hassas so\u011futma sunan ileri teknolojiye sahip bir kriyo cihaz\u0131d\u0131r.","robots":{"index":"index","follow":"follow","max-snippet":"max-snippet:-1","max-image-preview":"max-image-preview:large","max-video-preview":"max-video-preview:-1"},"canonical":"https:\/\/barrsell.com\/en\/product\/iceberg-electric-local-cryo-device\/","og_locale":"en_US","og_type":"article","og_title":"Iceberg Elektrikli Lokal Kriyo Cihaz\u0131","og_description":"Iceberg Elektrikli Lokal Kriyo Cihaz\u0131, y\u00fcksek verimlilik ve hassas so\u011futma sunan ileri teknolojiye sahip bir kriyo cihaz\u0131d\u0131r.","og_url":"https:\/\/barrsell.com\/en\/product\/iceberg-electric-local-cryo-device\/","og_site_name":"Barrsell","article_modified_time":"2024-12-06T12:14:52+00:00","og_image":[{"width":1200,"height":1200,"url":"https:\/\/barrsell.com\/wp-content\/uploads\/2024\/10\/Iceberg-Elektrikli-Lokal-Kriyo-Cihazi.png","type":"image\/png"}],"twitter_card":"summary_large_image","twitter_misc":{"Est. reading time":"2 minutes"},"schema":{"@context":"https:\/\/schema.org","@graph":[{"@type":"WebPage","@id":"https:\/\/barrsell.com\/urun\/iceberg-elektrikli-lokal-kriyo-cihazi\/","url":"https:\/\/barrsell.com\/urun\/iceberg-elektrikli-lokal-kriyo-cihazi\/","name":"Iceberg Elektrikli Lokal Kriyo Cihaz\u0131 | Barrsell End\u00fcstri","isPartOf":{"@id":"https:\/\/barrsell.com\/#website"},"primaryImageOfPage":{"@id":"https:\/\/barrsell.com\/urun\/iceberg-elektrikli-lokal-kriyo-cihazi\/#primaryimage"},"image":{"@id":"https:\/\/barrsell.com\/urun\/iceberg-elektrikli-lokal-kriyo-cihazi\/#primaryimage"},"thumbnailUrl":"https:\/\/barrsell.com\/wp-content\/uploads\/2024\/10\/Iceberg-Elektrikli-Lokal-Kriyo-Cihazi.png","datePublished":"2024-10-18T08:29:54+00:00","dateModified":"2024-12-06T12:14:52+00:00","description":"Iceberg Elektrikli Lokal Kriyo Cihaz\u0131, y\u00fcksek verimlilik ve hassas so\u011futma sunan ileri teknolojiye sahip bir kriyo cihaz\u0131d\u0131r.","breadcrumb":{"@id":"https:\/\/barrsell.com\/urun\/iceberg-elektrikli-lokal-kriyo-cihazi\/#breadcrumb"},"inLanguage":"en-US","potentialAction":[{"@type":"ReadAction","target":["https:\/\/barrsell.com\/urun\/iceberg-elektrikli-lokal-kriyo-cihazi\/"]}]},{"@type":"ImageObject","inLanguage":"en-US","@id":"https:\/\/barrsell.com\/urun\/iceberg-elektrikli-lokal-kriyo-cihazi\/#primaryimage","url":"https:\/\/barrsell.com\/wp-content\/uploads\/2024\/10\/Iceberg-Elektrikli-Lokal-Kriyo-Cihazi.png","contentUrl":"https:\/\/barrsell.com\/wp-content\/uploads\/2024\/10\/Iceberg-Elektrikli-Lokal-Kriyo-Cihazi.png","width":1200,"height":1200,"caption":"Iceberg Elektrikli Lokal Kriyo Cihaz\u0131"},{"@type":"BreadcrumbList","@id":"https:\/\/barrsell.com\/urun\/iceberg-elektrikli-lokal-kriyo-cihazi\/#breadcrumb","itemListElement":[{"@type":"ListItem","position":1,"name":"Home","item":"https:\/\/barrsell.com\/"},{"@type":"ListItem","position":2,"name":"\u00dcr\u00fcnler","item":"https:\/\/barrsell.com\/en\/products\/"},{"@type":"ListItem","position":3,"name":"Iceberg Elektrikli Lokal Kriyo Cihaz\u0131"}]},{"@type":"WebSite","@id":"https:\/\/barrsell.com\/#website","url":"https:\/\/barrsell.com\/","name":"Barrsell End\u00fcstri Makine","description":"Teknolojiyle G\u00fc\u00e7lenen End\u00fcstriyel \u00c7\u00f6z\u00fcmler!","potentialAction":[{"@type":"SearchAction","target":{"@type":"EntryPoint","urlTemplate":"https:\/\/barrsell.com\/?s={search_term_string}"},"query-input":"required name=search_term_string"}],"inLanguage":"en-US"}]}},"_links":{"self":[{"href":"https:\/\/barrsell.com\/en\/wp-json\/wp\/v2\/product\/16614","targetHints":{"allow":["GET"]}}],"collection":[{"href":"https:\/\/barrsell.com\/en\/wp-json\/wp\/v2\/product"}],"about":[{"href":"https:\/\/barrsell.com\/en\/wp-json\/wp\/v2\/types\/product"}],"version-history":[{"count":3,"href":"https:\/\/barrsell.com\/en\/wp-json\/wp\/v2\/product\/16614\/revisions"}],"predecessor-version":[{"id":18811,"href":"https:\/\/barrsell.com\/en\/wp-json\/wp\/v2\/product\/16614\/revisions\/18811"}],"wp:featuredmedia":[{"embeddable":true,"href":"https:\/\/barrsell.com\/en\/wp-json\/wp\/v2\/media\/16615"}],"wp:attachment":[{"href":"https:\/\/barrsell.com\/en\/wp-json\/wp\/v2\/media?parent=16614"}],"wp:term":[{"taxonomy":"product_cat","embeddable":true,"href":"https:\/\/barrsell.com\/en\/wp-json\/wp\/v2\/product_cat?post=16614"},{"taxonomy":"product_tag","embeddable":true,"href":"https:\/\/barrsell.com\/en\/wp-json\/wp\/v2\/product_tag?post=16614"}],"curies":[{"name":"wp","href":"https:\/\/api.w.org\/{rel}","templated":true}]}}