{"id":16609,"date":"2024-10-18T08:03:03","date_gmt":"2024-10-18T08:03:03","guid":{"rendered":"https:\/\/barrsell.com\/?post_type=product&#038;p=16609"},"modified":"2024-12-06T12:24:46","modified_gmt":"2024-12-06T12:24:46","slug":"kriyoterapi-unitesi-cryo-iceberg-50l","status":"publish","type":"product","link":"https:\/\/barrsell.com\/en\/product\/cryotherapy-unit-cryo-iceberg-50l\/","title":{"rendered":"Kriyoterapi \u00dcnitesi CRYO ICEBERG 50L"},"content":{"rendered":"<h2><strong>Cryotherapy Unit CRYO ICEBERG 50L Technical Information<\/strong><\/h2>\n<p class=\" translation-block\">Cryotherapy Unit CRYO ICEBERG 50L is specially designed for professional cryotherapy applications. It is also a high-capacity and high-tech cryotherapy unit. It has a wide range of uses from sports injuries to aesthetic treatments. It provides long-term and effective treatment, especially with its large capacity of 50 liters. With its modern digital control system and outstanding cooling technology, the CRYO ICEBERG 50L offers the highest level of efficiency and safety in cryotherapy applications.<\/p>\n<h4>Key features<\/h4>\n<ul>\n<li><strong>Capacity:<\/strong> 50 Litre<\/li>\n<li><strong>Cooling Technology:<\/strong> Fast and efficient cryogenic cooling system.<\/li>\n<li><strong>Temperature Range:<\/strong> Wide temperature adjustments from -40\u00b0C to -85\u00b0C.<\/li>\n<li><strong>Description:<\/strong> Treatment of sports injuries, skin care, removal of muscle spasms. It also controls inflammation, as well as general cryotherapy practices.<\/li>\n<li><strong>Energy Efficiency:<\/strong> Low energy consumption with eco-friendly cooling technology.<\/li>\n<li class=\" translation-block\"><strong>Easy to Movement:<\/strong> Thanks to mobile wheels, CRYO ICEBERG 50L can be transported easily to different treatment areas.<\/li>\n<li class=\" translation-block\"><strong>Security Systems:<\/strong> Also automatic shutdown, temperature deviation alarm and advanced digital control panel.<\/li>\n<\/ul>\n<h4>Application Areas<\/h4>\n<ul>\n<li class=\" translation-block\"><strong>Sport Medicine &amp; Rehabilitation:<\/strong> Provides cooling therapy for muscle and joint injuries, speeding up the healing process and thus alleviating pain.<\/li>\n<li class=\" translation-block\"><strong>Esthetic Applications:<\/strong> Used in aesthetic cryotherapy applications such as skin resurfacing, cellulite treatment, regional fat reduction.<\/li>\n<li class=\" translation-block\"><strong>Pain Management:<\/strong> Cryotherapy Unit is additionally preferred as an effective cooling method for the treatment of muscle spasms, chronic pain and rheumatic disorders.<\/li>\n<li class=\" translation-block\"><strong>Postoperative Support:<\/strong> plays an important role in eliminating postoperative edema and accelerating the healing process.<\/li>\n<\/ul>","protected":false},"excerpt":{"rendered":"<ul>\n<li>Sports medicine<\/li>\n<li>Physiotherapy and rehabilitation<\/li>\n<li>Aesthetic applications<\/li>\n<li>Postoperative care<\/li>\n<\/ul>","protected":false},"featured_media":16610,"template":"","meta":[],"product_cat":[745,741],"product_tag":[],"class_list":{"0":"post-16609","1":"product","2":"type-product","3":"status-publish","4":"has-post-thumbnail","6":"product_cat-tum-urunler-kirmizi-isiklar","7":"product_cat-tum-urunler-yerel-kriyo","9":"first","10":"instock","11":"shipping-taxable","12":"product-type-external"},"yoast_head":"<!-- This site is optimized with the Yoast SEO Premium plugin v23.2 (Yoast SEO v23.2) - https:\/\/yoast.com\/wordpress\/plugins\/seo\/ -->\n<title>Kriyoterapi \u00dcnitesi CRYO ICEBERG 50L | Barrsell End\u00fcstri<\/title>\n<meta name=\"description\" content=\"Kriyoterapi \u00dcnitesi CRYO ICEBERG 50L, profesyonel kriyoterapi uygulamalar\u0131 i\u00e7in \u00f6zel olarak tasarlanm\u0131\u015f, y\u00fcksek kapasiteli ve ileri teknoloji.\" \/>\n<meta name=\"robots\" content=\"index, follow, max-snippet:-1, max-image-preview:large, max-video-preview:-1\" \/>\n<link rel=\"canonical\" href=\"https:\/\/barrsell.com\/en\/product\/cryotherapy-unit-cryo-iceberg-50l\/\" \/>\n<meta property=\"og:locale\" content=\"en_US\" \/>\n<meta property=\"og:type\" content=\"article\" \/>\n<meta property=\"og:title\" content=\"Kriyoterapi \u00dcnitesi CRYO ICEBERG 50L\" \/>\n<meta property=\"og:description\" content=\"Kriyoterapi \u00dcnitesi CRYO ICEBERG 50L, profesyonel kriyoterapi uygulamalar\u0131 i\u00e7in \u00f6zel olarak tasarlanm\u0131\u015f, y\u00fcksek kapasiteli ve ileri teknoloji.\" \/>\n<meta property=\"og:url\" content=\"https:\/\/barrsell.com\/en\/product\/cryotherapy-unit-cryo-iceberg-50l\/\" \/>\n<meta property=\"og:site_name\" content=\"Barrsell\" \/>\n<meta property=\"article:modified_time\" content=\"2024-12-06T12:24:46+00:00\" \/>\n<meta property=\"og:image\" content=\"https:\/\/barrsell.com\/wp-content\/uploads\/2024\/10\/Kriyoterapi-Unitesi-CRYO-ICEBERG-50L.png\" \/>\n\t<meta property=\"og:image:width\" content=\"1200\" \/>\n\t<meta property=\"og:image:height\" content=\"1200\" \/>\n\t<meta property=\"og:image:type\" content=\"image\/png\" \/>\n<meta name=\"twitter:card\" content=\"summary_large_image\" \/>\n<meta name=\"twitter:label1\" content=\"Est. reading time\" \/>\n\t<meta name=\"twitter:data1\" content=\"2 minutes\" \/>\n<script type=\"application\/ld+json\" class=\"yoast-schema-graph\">{\"@context\":\"https:\/\/schema.org\",\"@graph\":[{\"@type\":\"WebPage\",\"@id\":\"https:\/\/barrsell.com\/urun\/kriyoterapi-unitesi-cryo-iceberg-50l\/\",\"url\":\"https:\/\/barrsell.com\/urun\/kriyoterapi-unitesi-cryo-iceberg-50l\/\",\"name\":\"Kriyoterapi \u00dcnitesi CRYO ICEBERG 50L | Barrsell End\u00fcstri\",\"isPartOf\":{\"@id\":\"https:\/\/barrsell.com\/#website\"},\"primaryImageOfPage\":{\"@id\":\"https:\/\/barrsell.com\/urun\/kriyoterapi-unitesi-cryo-iceberg-50l\/#primaryimage\"},\"image\":{\"@id\":\"https:\/\/barrsell.com\/urun\/kriyoterapi-unitesi-cryo-iceberg-50l\/#primaryimage\"},\"thumbnailUrl\":\"https:\/\/barrsell.com\/wp-content\/uploads\/2024\/10\/Kriyoterapi-Unitesi-CRYO-ICEBERG-50L.png\",\"datePublished\":\"2024-10-18T08:03:03+00:00\",\"dateModified\":\"2024-12-06T12:24:46+00:00\",\"description\":\"Kriyoterapi \u00dcnitesi CRYO ICEBERG 50L, profesyonel kriyoterapi uygulamalar\u0131 i\u00e7in \u00f6zel olarak tasarlanm\u0131\u015f, y\u00fcksek kapasiteli ve ileri teknoloji.\",\"breadcrumb\":{\"@id\":\"https:\/\/barrsell.com\/urun\/kriyoterapi-unitesi-cryo-iceberg-50l\/#breadcrumb\"},\"inLanguage\":\"en-US\",\"potentialAction\":[{\"@type\":\"ReadAction\",\"target\":[\"https:\/\/barrsell.com\/urun\/kriyoterapi-unitesi-cryo-iceberg-50l\/\"]}]},{\"@type\":\"ImageObject\",\"inLanguage\":\"en-US\",\"@id\":\"https:\/\/barrsell.com\/urun\/kriyoterapi-unitesi-cryo-iceberg-50l\/#primaryimage\",\"url\":\"https:\/\/barrsell.com\/wp-content\/uploads\/2024\/10\/Kriyoterapi-Unitesi-CRYO-ICEBERG-50L.png\",\"contentUrl\":\"https:\/\/barrsell.com\/wp-content\/uploads\/2024\/10\/Kriyoterapi-Unitesi-CRYO-ICEBERG-50L.png\",\"width\":1200,\"height\":1200,\"caption\":\"Kriyoterapi \u00dcnitesi CRYO ICEBERG 50L\"},{\"@type\":\"BreadcrumbList\",\"@id\":\"https:\/\/barrsell.com\/urun\/kriyoterapi-unitesi-cryo-iceberg-50l\/#breadcrumb\",\"itemListElement\":[{\"@type\":\"ListItem\",\"position\":1,\"name\":\"Home\",\"item\":\"https:\/\/barrsell.com\/\"},{\"@type\":\"ListItem\",\"position\":2,\"name\":\"\u00dcr\u00fcnler\",\"item\":\"https:\/\/barrsell.com\/en\/products\/\"},{\"@type\":\"ListItem\",\"position\":3,\"name\":\"Kriyoterapi \u00dcnitesi CRYO ICEBERG 50L\"}]},{\"@type\":\"WebSite\",\"@id\":\"https:\/\/barrsell.com\/#website\",\"url\":\"https:\/\/barrsell.com\/\",\"name\":\"Barrsell End\u00fcstri Makine\",\"description\":\"Teknolojiyle G\u00fc\u00e7lenen End\u00fcstriyel \u00c7\u00f6z\u00fcmler!\",\"potentialAction\":[{\"@type\":\"SearchAction\",\"target\":{\"@type\":\"EntryPoint\",\"urlTemplate\":\"https:\/\/barrsell.com\/?s={search_term_string}\"},\"query-input\":\"required name=search_term_string\"}],\"inLanguage\":\"en-US\"}]}<\/script>\n<!-- \/ Yoast SEO Premium plugin. -->","yoast_head_json":{"title":"Kriyoterapi \u00dcnitesi CRYO ICEBERG 50L | Barrsell End\u00fcstri","description":"Kriyoterapi \u00dcnitesi CRYO ICEBERG 50L, profesyonel kriyoterapi uygulamalar\u0131 i\u00e7in \u00f6zel olarak tasarlanm\u0131\u015f, y\u00fcksek kapasiteli ve ileri teknoloji.","robots":{"index":"index","follow":"follow","max-snippet":"max-snippet:-1","max-image-preview":"max-image-preview:large","max-video-preview":"max-video-preview:-1"},"canonical":"https:\/\/barrsell.com\/en\/product\/cryotherapy-unit-cryo-iceberg-50l\/","og_locale":"en_US","og_type":"article","og_title":"Kriyoterapi \u00dcnitesi CRYO ICEBERG 50L","og_description":"Kriyoterapi \u00dcnitesi CRYO ICEBERG 50L, profesyonel kriyoterapi uygulamalar\u0131 i\u00e7in \u00f6zel olarak tasarlanm\u0131\u015f, y\u00fcksek kapasiteli ve ileri teknoloji.","og_url":"https:\/\/barrsell.com\/en\/product\/cryotherapy-unit-cryo-iceberg-50l\/","og_site_name":"Barrsell","article_modified_time":"2024-12-06T12:24:46+00:00","og_image":[{"width":1200,"height":1200,"url":"https:\/\/barrsell.com\/wp-content\/uploads\/2024\/10\/Kriyoterapi-Unitesi-CRYO-ICEBERG-50L.png","type":"image\/png"}],"twitter_card":"summary_large_image","twitter_misc":{"Est. reading time":"2 minutes"},"schema":{"@context":"https:\/\/schema.org","@graph":[{"@type":"WebPage","@id":"https:\/\/barrsell.com\/urun\/kriyoterapi-unitesi-cryo-iceberg-50l\/","url":"https:\/\/barrsell.com\/urun\/kriyoterapi-unitesi-cryo-iceberg-50l\/","name":"Kriyoterapi \u00dcnitesi CRYO ICEBERG 50L | Barrsell End\u00fcstri","isPartOf":{"@id":"https:\/\/barrsell.com\/#website"},"primaryImageOfPage":{"@id":"https:\/\/barrsell.com\/urun\/kriyoterapi-unitesi-cryo-iceberg-50l\/#primaryimage"},"image":{"@id":"https:\/\/barrsell.com\/urun\/kriyoterapi-unitesi-cryo-iceberg-50l\/#primaryimage"},"thumbnailUrl":"https:\/\/barrsell.com\/wp-content\/uploads\/2024\/10\/Kriyoterapi-Unitesi-CRYO-ICEBERG-50L.png","datePublished":"2024-10-18T08:03:03+00:00","dateModified":"2024-12-06T12:24:46+00:00","description":"Kriyoterapi \u00dcnitesi CRYO ICEBERG 50L, profesyonel kriyoterapi uygulamalar\u0131 i\u00e7in \u00f6zel olarak tasarlanm\u0131\u015f, y\u00fcksek kapasiteli ve ileri teknoloji.","breadcrumb":{"@id":"https:\/\/barrsell.com\/urun\/kriyoterapi-unitesi-cryo-iceberg-50l\/#breadcrumb"},"inLanguage":"en-US","potentialAction":[{"@type":"ReadAction","target":["https:\/\/barrsell.com\/urun\/kriyoterapi-unitesi-cryo-iceberg-50l\/"]}]},{"@type":"ImageObject","inLanguage":"en-US","@id":"https:\/\/barrsell.com\/urun\/kriyoterapi-unitesi-cryo-iceberg-50l\/#primaryimage","url":"https:\/\/barrsell.com\/wp-content\/uploads\/2024\/10\/Kriyoterapi-Unitesi-CRYO-ICEBERG-50L.png","contentUrl":"https:\/\/barrsell.com\/wp-content\/uploads\/2024\/10\/Kriyoterapi-Unitesi-CRYO-ICEBERG-50L.png","width":1200,"height":1200,"caption":"Kriyoterapi \u00dcnitesi CRYO ICEBERG 50L"},{"@type":"BreadcrumbList","@id":"https:\/\/barrsell.com\/urun\/kriyoterapi-unitesi-cryo-iceberg-50l\/#breadcrumb","itemListElement":[{"@type":"ListItem","position":1,"name":"Home","item":"https:\/\/barrsell.com\/"},{"@type":"ListItem","position":2,"name":"\u00dcr\u00fcnler","item":"https:\/\/barrsell.com\/en\/products\/"},{"@type":"ListItem","position":3,"name":"Kriyoterapi \u00dcnitesi CRYO ICEBERG 50L"}]},{"@type":"WebSite","@id":"https:\/\/barrsell.com\/#website","url":"https:\/\/barrsell.com\/","name":"Barrsell End\u00fcstri Makine","description":"Teknolojiyle G\u00fc\u00e7lenen End\u00fcstriyel \u00c7\u00f6z\u00fcmler!","potentialAction":[{"@type":"SearchAction","target":{"@type":"EntryPoint","urlTemplate":"https:\/\/barrsell.com\/?s={search_term_string}"},"query-input":"required name=search_term_string"}],"inLanguage":"en-US"}]}},"_links":{"self":[{"href":"https:\/\/barrsell.com\/en\/wp-json\/wp\/v2\/product\/16609","targetHints":{"allow":["GET"]}}],"collection":[{"href":"https:\/\/barrsell.com\/en\/wp-json\/wp\/v2\/product"}],"about":[{"href":"https:\/\/barrsell.com\/en\/wp-json\/wp\/v2\/types\/product"}],"version-history":[{"count":3,"href":"https:\/\/barrsell.com\/en\/wp-json\/wp\/v2\/product\/16609\/revisions"}],"predecessor-version":[{"id":18813,"href":"https:\/\/barrsell.com\/en\/wp-json\/wp\/v2\/product\/16609\/revisions\/18813"}],"wp:featuredmedia":[{"embeddable":true,"href":"https:\/\/barrsell.com\/en\/wp-json\/wp\/v2\/media\/16610"}],"wp:attachment":[{"href":"https:\/\/barrsell.com\/en\/wp-json\/wp\/v2\/media?parent=16609"}],"wp:term":[{"taxonomy":"product_cat","embeddable":true,"href":"https:\/\/barrsell.com\/en\/wp-json\/wp\/v2\/product_cat?post=16609"},{"taxonomy":"product_tag","embeddable":true,"href":"https:\/\/barrsell.com\/en\/wp-json\/wp\/v2\/product_tag?post=16609"}],"curies":[{"name":"wp","href":"https:\/\/api.w.org\/{rel}","templated":true}]}}