{"id":16599,"date":"2024-10-17T18:38:22","date_gmt":"2024-10-17T18:38:22","guid":{"rendered":"https:\/\/barrsell.com\/?post_type=product&#038;p=16599"},"modified":"2024-12-06T12:38:33","modified_gmt":"2024-12-06T12:38:33","slug":"antarktika-elektrik","status":"publish","type":"product","link":"https:\/\/barrsell.com\/en\/product\/antarctica-electric\/","title":{"rendered":"Antarctic Electricity"},"content":{"rendered":"<h2>Antarctic Electricity<\/h2>\n<p class=\" translation-block\">Cryotherapy room Antarctica Electricity is designed to improve user experience, safety and efficiency. The state-of-the-art product, offering a range of unique features and technical characteristics, is a fully electric all-body cryotherapy (WBC) unit. Here are the highlights:<\/p>\n<ul>\n<li><strong>Advanced Electric Cooling System<\/strong>: Unlike conventional nitrogen-based chambers, Antarctic Electricity is a fully electric system. And nitrogen free. This design ensures safe, efficient and environmentally friendly operation by cooling the room with controlled, cold air.<\/li>\n<li><strong>Temperature Range and Control<\/strong>: Antarctic Electric chamber that can reach temperatures as low as 100\u00b0C. It offers flexible temperature control to suit a variety of therapeutic needs. This range is ideal for reducing inflammation, helping muscle healing, and improving overall skin health.<\/li>\n<li><strong>User centered design<\/strong>: The interior of the Antarctic Electric hopper is spacious and has ergonomic designs that appeal to user comfort. It also has a large viewing window that allows users to feel less closed while protecting privacy.<\/li>\n<li><strong>Interactive Touch Screen Interface:<\/strong> Provides easy control over session settings such as room, temperature and session duration. It is equipped with an intuitive touch screen. The interface is designed for quick adjustments that simplify use for both users and operators.<\/li>\n<li><strong>Enhanced Security Features<\/strong>: <a href=\"https:\/\/vacuactivus.com\/allproducts\/cryotherapy-chambers\/antarctica-barrel\/?gad_source=1&amp;gclid=Cj0KCQiA3sq6BhD2ARIsAJ8MRwVGBLX2kFAu745nEXrOPoJz00DRXa_pah8Y-SBSni8ZrzzShe8L58EaAlSYEALw_wcB\">Antarctica Electric\u00a0<\/a> haznesinde nitrojen bulunmamas\u0131, do\u011frudan nitr\u00fcrizasyonla ili\u015fkili riskleri ortadan kald\u0131r\u0131r.<\/li>\n<\/ul>","protected":false},"excerpt":{"rendered":"<ul>\n<li>Advanced Electric Cooling System<\/li>\n<li>Temperature Range and Control<\/li>\n<li>User centered design<\/li>\n<\/ul>","protected":false},"featured_media":16600,"template":"","meta":[],"product_cat":[745,735,740],"product_tag":[],"class_list":{"0":"post-16599","1":"product","2":"type-product","3":"status-publish","4":"has-post-thumbnail","6":"product_cat-tum-urunler-kirmizi-isiklar","7":"product_cat-kriyo-odalari","8":"product_cat-tum-urunler-kriyo-odalari","10":"first","11":"instock","12":"shipping-taxable","13":"product-type-external"},"yoast_head":"<!-- This site is optimized with the Yoast SEO Premium plugin v23.2 (Yoast SEO v23.2) - https:\/\/yoast.com\/wordpress\/plugins\/seo\/ -->\n<title>Antarktika Elektrik | Barrsell End\u00fcstri<\/title>\n<meta name=\"description\" content=\"Kriyoterapi odas\u0131 Antarktika Elektrik, kullan\u0131c\u0131 deneyimini, g\u00fcvenli\u011fi ve verimlili\u011fi art\u0131rmak i\u00e7in tasarlanm\u0131\u015f bir dizi benzersiz \u00f6zellik.\" \/>\n<meta name=\"robots\" content=\"index, follow, max-snippet:-1, max-image-preview:large, max-video-preview:-1\" \/>\n<link rel=\"canonical\" href=\"https:\/\/barrsell.com\/en\/product\/antarctica-electric\/\" \/>\n<meta property=\"og:locale\" content=\"en_US\" \/>\n<meta property=\"og:type\" content=\"article\" \/>\n<meta property=\"og:title\" content=\"Antarktika Elektrik\" \/>\n<meta property=\"og:description\" content=\"Kriyoterapi odas\u0131 Antarktika Elektrik, kullan\u0131c\u0131 deneyimini, g\u00fcvenli\u011fi ve verimlili\u011fi art\u0131rmak i\u00e7in tasarlanm\u0131\u015f bir dizi benzersiz \u00f6zellik.\" \/>\n<meta property=\"og:url\" content=\"https:\/\/barrsell.com\/en\/product\/antarctica-electric\/\" \/>\n<meta property=\"og:site_name\" content=\"Barrsell\" \/>\n<meta property=\"article:modified_time\" content=\"2024-12-06T12:38:33+00:00\" \/>\n<meta property=\"og:image\" content=\"https:\/\/barrsell.com\/wp-content\/uploads\/2024\/10\/Antarktika-Elektrik.png\" \/>\n\t<meta property=\"og:image:width\" content=\"1200\" \/>\n\t<meta property=\"og:image:height\" content=\"1200\" \/>\n\t<meta property=\"og:image:type\" content=\"image\/png\" \/>\n<meta name=\"twitter:card\" content=\"summary_large_image\" \/>\n<meta name=\"twitter:label1\" content=\"Est. reading time\" \/>\n\t<meta name=\"twitter:data1\" content=\"2 minutes\" \/>\n<script type=\"application\/ld+json\" class=\"yoast-schema-graph\">{\"@context\":\"https:\/\/schema.org\",\"@graph\":[{\"@type\":\"WebPage\",\"@id\":\"https:\/\/barrsell.com\/urun\/antarktika-elektrik\/\",\"url\":\"https:\/\/barrsell.com\/urun\/antarktika-elektrik\/\",\"name\":\"Antarktika Elektrik | Barrsell End\u00fcstri\",\"isPartOf\":{\"@id\":\"https:\/\/barrsell.com\/#website\"},\"primaryImageOfPage\":{\"@id\":\"https:\/\/barrsell.com\/urun\/antarktika-elektrik\/#primaryimage\"},\"image\":{\"@id\":\"https:\/\/barrsell.com\/urun\/antarktika-elektrik\/#primaryimage\"},\"thumbnailUrl\":\"https:\/\/barrsell.com\/wp-content\/uploads\/2024\/10\/Antarktika-Elektrik.png\",\"datePublished\":\"2024-10-17T18:38:22+00:00\",\"dateModified\":\"2024-12-06T12:38:33+00:00\",\"description\":\"Kriyoterapi odas\u0131 Antarktika Elektrik, kullan\u0131c\u0131 deneyimini, g\u00fcvenli\u011fi ve verimlili\u011fi art\u0131rmak i\u00e7in tasarlanm\u0131\u015f bir dizi benzersiz \u00f6zellik.\",\"breadcrumb\":{\"@id\":\"https:\/\/barrsell.com\/urun\/antarktika-elektrik\/#breadcrumb\"},\"inLanguage\":\"en-US\",\"potentialAction\":[{\"@type\":\"ReadAction\",\"target\":[\"https:\/\/barrsell.com\/urun\/antarktika-elektrik\/\"]}]},{\"@type\":\"ImageObject\",\"inLanguage\":\"en-US\",\"@id\":\"https:\/\/barrsell.com\/urun\/antarktika-elektrik\/#primaryimage\",\"url\":\"https:\/\/barrsell.com\/wp-content\/uploads\/2024\/10\/Antarktika-Elektrik.png\",\"contentUrl\":\"https:\/\/barrsell.com\/wp-content\/uploads\/2024\/10\/Antarktika-Elektrik.png\",\"width\":1200,\"height\":1200,\"caption\":\"Antarktika Elektrik\"},{\"@type\":\"BreadcrumbList\",\"@id\":\"https:\/\/barrsell.com\/urun\/antarktika-elektrik\/#breadcrumb\",\"itemListElement\":[{\"@type\":\"ListItem\",\"position\":1,\"name\":\"Home\",\"item\":\"https:\/\/barrsell.com\/\"},{\"@type\":\"ListItem\",\"position\":2,\"name\":\"\u00dcr\u00fcnler\",\"item\":\"https:\/\/barrsell.com\/en\/products\/\"},{\"@type\":\"ListItem\",\"position\":3,\"name\":\"Antarktika Elektrik\"}]},{\"@type\":\"WebSite\",\"@id\":\"https:\/\/barrsell.com\/#website\",\"url\":\"https:\/\/barrsell.com\/\",\"name\":\"Barrsell End\u00fcstri Makine\",\"description\":\"Teknolojiyle G\u00fc\u00e7lenen End\u00fcstriyel \u00c7\u00f6z\u00fcmler!\",\"potentialAction\":[{\"@type\":\"SearchAction\",\"target\":{\"@type\":\"EntryPoint\",\"urlTemplate\":\"https:\/\/barrsell.com\/?s={search_term_string}\"},\"query-input\":\"required name=search_term_string\"}],\"inLanguage\":\"en-US\"}]}<\/script>\n<!-- \/ Yoast SEO Premium plugin. -->","yoast_head_json":{"title":"Antarktika Elektrik | Barrsell End\u00fcstri","description":"Kriyoterapi odas\u0131 Antarktika Elektrik, kullan\u0131c\u0131 deneyimini, g\u00fcvenli\u011fi ve verimlili\u011fi art\u0131rmak i\u00e7in tasarlanm\u0131\u015f bir dizi benzersiz \u00f6zellik.","robots":{"index":"index","follow":"follow","max-snippet":"max-snippet:-1","max-image-preview":"max-image-preview:large","max-video-preview":"max-video-preview:-1"},"canonical":"https:\/\/barrsell.com\/en\/product\/antarctica-electric\/","og_locale":"en_US","og_type":"article","og_title":"Antarktika Elektrik","og_description":"Kriyoterapi odas\u0131 Antarktika Elektrik, kullan\u0131c\u0131 deneyimini, g\u00fcvenli\u011fi ve verimlili\u011fi art\u0131rmak i\u00e7in tasarlanm\u0131\u015f bir dizi benzersiz \u00f6zellik.","og_url":"https:\/\/barrsell.com\/en\/product\/antarctica-electric\/","og_site_name":"Barrsell","article_modified_time":"2024-12-06T12:38:33+00:00","og_image":[{"width":1200,"height":1200,"url":"https:\/\/barrsell.com\/wp-content\/uploads\/2024\/10\/Antarktika-Elektrik.png","type":"image\/png"}],"twitter_card":"summary_large_image","twitter_misc":{"Est. reading time":"2 minutes"},"schema":{"@context":"https:\/\/schema.org","@graph":[{"@type":"WebPage","@id":"https:\/\/barrsell.com\/urun\/antarktika-elektrik\/","url":"https:\/\/barrsell.com\/urun\/antarktika-elektrik\/","name":"Antarktika Elektrik | Barrsell End\u00fcstri","isPartOf":{"@id":"https:\/\/barrsell.com\/#website"},"primaryImageOfPage":{"@id":"https:\/\/barrsell.com\/urun\/antarktika-elektrik\/#primaryimage"},"image":{"@id":"https:\/\/barrsell.com\/urun\/antarktika-elektrik\/#primaryimage"},"thumbnailUrl":"https:\/\/barrsell.com\/wp-content\/uploads\/2024\/10\/Antarktika-Elektrik.png","datePublished":"2024-10-17T18:38:22+00:00","dateModified":"2024-12-06T12:38:33+00:00","description":"Kriyoterapi odas\u0131 Antarktika Elektrik, kullan\u0131c\u0131 deneyimini, g\u00fcvenli\u011fi ve verimlili\u011fi art\u0131rmak i\u00e7in tasarlanm\u0131\u015f bir dizi benzersiz \u00f6zellik.","breadcrumb":{"@id":"https:\/\/barrsell.com\/urun\/antarktika-elektrik\/#breadcrumb"},"inLanguage":"en-US","potentialAction":[{"@type":"ReadAction","target":["https:\/\/barrsell.com\/urun\/antarktika-elektrik\/"]}]},{"@type":"ImageObject","inLanguage":"en-US","@id":"https:\/\/barrsell.com\/urun\/antarktika-elektrik\/#primaryimage","url":"https:\/\/barrsell.com\/wp-content\/uploads\/2024\/10\/Antarktika-Elektrik.png","contentUrl":"https:\/\/barrsell.com\/wp-content\/uploads\/2024\/10\/Antarktika-Elektrik.png","width":1200,"height":1200,"caption":"Antarktika Elektrik"},{"@type":"BreadcrumbList","@id":"https:\/\/barrsell.com\/urun\/antarktika-elektrik\/#breadcrumb","itemListElement":[{"@type":"ListItem","position":1,"name":"Home","item":"https:\/\/barrsell.com\/"},{"@type":"ListItem","position":2,"name":"\u00dcr\u00fcnler","item":"https:\/\/barrsell.com\/en\/products\/"},{"@type":"ListItem","position":3,"name":"Antarktika Elektrik"}]},{"@type":"WebSite","@id":"https:\/\/barrsell.com\/#website","url":"https:\/\/barrsell.com\/","name":"Barrsell End\u00fcstri Makine","description":"Teknolojiyle G\u00fc\u00e7lenen End\u00fcstriyel \u00c7\u00f6z\u00fcmler!","potentialAction":[{"@type":"SearchAction","target":{"@type":"EntryPoint","urlTemplate":"https:\/\/barrsell.com\/?s={search_term_string}"},"query-input":"required name=search_term_string"}],"inLanguage":"en-US"}]}},"_links":{"self":[{"href":"https:\/\/barrsell.com\/en\/wp-json\/wp\/v2\/product\/16599","targetHints":{"allow":["GET"]}}],"collection":[{"href":"https:\/\/barrsell.com\/en\/wp-json\/wp\/v2\/product"}],"about":[{"href":"https:\/\/barrsell.com\/en\/wp-json\/wp\/v2\/types\/product"}],"version-history":[{"count":4,"href":"https:\/\/barrsell.com\/en\/wp-json\/wp\/v2\/product\/16599\/revisions"}],"predecessor-version":[{"id":18816,"href":"https:\/\/barrsell.com\/en\/wp-json\/wp\/v2\/product\/16599\/revisions\/18816"}],"wp:featuredmedia":[{"embeddable":true,"href":"https:\/\/barrsell.com\/en\/wp-json\/wp\/v2\/media\/16600"}],"wp:attachment":[{"href":"https:\/\/barrsell.com\/en\/wp-json\/wp\/v2\/media?parent=16599"}],"wp:term":[{"taxonomy":"product_cat","embeddable":true,"href":"https:\/\/barrsell.com\/en\/wp-json\/wp\/v2\/product_cat?post=16599"},{"taxonomy":"product_tag","embeddable":true,"href":"https:\/\/barrsell.com\/en\/wp-json\/wp\/v2\/product_tag?post=16599"}],"curies":[{"name":"wp","href":"https:\/\/api.w.org\/{rel}","templated":true}]}}