{"id":16594,"date":"2024-10-17T18:17:59","date_gmt":"2024-10-17T18:17:59","guid":{"rendered":"https:\/\/barrsell.com\/?post_type=product&#038;p=16594"},"modified":"2024-12-06T12:48:32","modified_gmt":"2024-12-06T12:48:32","slug":"antarktika-wbc-azot","status":"publish","type":"product","link":"https:\/\/barrsell.com\/en\/product\/antarctica-wbc-nitrogen\/","title":{"rendered":"Antarctica WBC Nitrogen"},"content":{"rendered":"<h2>Antarctica WBC Nitrogen<\/h2>\n<p>Antarctica is an advanced whole body cryotherapy room from the WBC Nitrogen series and is designed to provide therapeutic benefits by exposing it to extremely cold temperatures. It is especially ideal for sports improvement, healthy living and physical therapy applications. The room ensures that cold air does not contain nitrogen vapor. Using nitrogen-based cooling technology - it offers temperatures as low as - 140\u00b0C. And so it allows users to breathe comfortably throughout the session.<\/p>\n<p class=\" translation-block\">Designed to maximize therapeutic benefits with ultra-low temperatures.\u00a0 At the same time <strong>Antartica WBC Nitrogen<\/strong> is the main technical characteristics of the whole body cryotherapy room below.<\/p>\n<p><strong>Temperature range<\/strong>:<\/p>\n<p class=\" translation-block\">Room with WBC Nitrogen reaches extremely cold temperatures between <strong>-80\u00b0C and -140\u00b0C<\/strong>. This range is ideal for stimulating blood circulation, reducing inflammation and improving muscle and joints.<\/p>\n<p><strong>Nitrogen Cooling Technology<\/strong>:<\/p>\n<p class=\" translation-block\">It uses liquid nitrogen in a special heat exchanger system that provides indirect cooling. This design allows for safe and breathable air circulation inside the room. So users can get treatment without direct exposure to nitrogen vapors.<\/p>\n<p><strong>Security Enhanced Features<\/strong>:<\/p>\n<p>Unlike traditional cryotherapy units, WBC Nitrogen from Antarctica uses an indirect cooling mechanism. This minimizes the risk of exposure to nitrogen gas. It also makes it safer for users by circulating cold air instead of nitrogen in the room.<\/p>\n<p><strong>Large and Ergonomic Design<\/strong>:<\/p>\n<p>Designed to comfortably accommodate users of various sizes, the room allows immersion into the whole body, including the head. In addition, the ergonomic design improves the overall cryotherapy experience and increases the versatility of the reservoir for different treatment needs.<\/p>","protected":false},"excerpt":{"rendered":"<ul>\n<li>Nitrogen Cooling Technology<\/li>\n<li>Security Enhanced Features<\/li>\n<li>Large and Ergonomic Design<\/li>\n<\/ul>","protected":false},"featured_media":16595,"template":"","meta":[],"product_cat":[735,740],"product_tag":[],"class_list":{"0":"post-16594","1":"product","2":"type-product","3":"status-publish","4":"has-post-thumbnail","6":"product_cat-kriyo-odalari","7":"product_cat-tum-urunler-kriyo-odalari","9":"first","10":"instock","11":"shipping-taxable","12":"product-type-external"},"yoast_head":"<!-- This site is optimized with the Yoast SEO Premium plugin v23.2 (Yoast SEO v23.2) - https:\/\/yoast.com\/wordpress\/plugins\/seo\/ -->\n<title>Antarktika WBC Azot | Barrsell End\u00fcstri<\/title>\n<meta name=\"description\" content=\"Antarktika WBC Azot serisinden geli\u015fmi\u015f kriyoterapi odas\u0131d\u0131r ve a\u015f\u0131r\u0131 so\u011fuk s\u0131cakl\u0131klara maruz b\u0131rak\u0131larak terap\u00f6tik faydalar sa\u011flamak \u00fczere tasarlanm\u0131\u015ft\u0131r.\" \/>\n<meta name=\"robots\" content=\"index, follow, max-snippet:-1, max-image-preview:large, max-video-preview:-1\" \/>\n<link rel=\"canonical\" href=\"https:\/\/barrsell.com\/en\/product\/antarctica-wbc-nitrogen\/\" \/>\n<meta property=\"og:locale\" content=\"en_US\" \/>\n<meta property=\"og:type\" content=\"article\" \/>\n<meta property=\"og:title\" content=\"Antarktika WBC Azot\" \/>\n<meta property=\"og:description\" content=\"Antarktika WBC Azot serisinden geli\u015fmi\u015f kriyoterapi odas\u0131d\u0131r ve a\u015f\u0131r\u0131 so\u011fuk s\u0131cakl\u0131klara maruz b\u0131rak\u0131larak terap\u00f6tik faydalar sa\u011flamak \u00fczere tasarlanm\u0131\u015ft\u0131r.\" \/>\n<meta property=\"og:url\" content=\"https:\/\/barrsell.com\/en\/product\/antarctica-wbc-nitrogen\/\" \/>\n<meta property=\"og:site_name\" content=\"Barrsell\" \/>\n<meta property=\"article:modified_time\" content=\"2024-12-06T12:48:32+00:00\" \/>\n<meta property=\"og:image\" content=\"https:\/\/barrsell.com\/wp-content\/uploads\/2024\/10\/Antarktika-WBC-Azot.png\" \/>\n\t<meta property=\"og:image:width\" content=\"1200\" \/>\n\t<meta property=\"og:image:height\" content=\"1200\" \/>\n\t<meta property=\"og:image:type\" content=\"image\/png\" \/>\n<meta name=\"twitter:card\" content=\"summary_large_image\" \/>\n<meta name=\"twitter:label1\" content=\"Est. reading time\" \/>\n\t<meta name=\"twitter:data1\" content=\"2 minutes\" \/>\n<script type=\"application\/ld+json\" class=\"yoast-schema-graph\">{\"@context\":\"https:\/\/schema.org\",\"@graph\":[{\"@type\":\"WebPage\",\"@id\":\"https:\/\/barrsell.com\/urun\/antarktika-wbc-azot\/\",\"url\":\"https:\/\/barrsell.com\/urun\/antarktika-wbc-azot\/\",\"name\":\"Antarktika WBC Azot | Barrsell End\u00fcstri\",\"isPartOf\":{\"@id\":\"https:\/\/barrsell.com\/#website\"},\"primaryImageOfPage\":{\"@id\":\"https:\/\/barrsell.com\/urun\/antarktika-wbc-azot\/#primaryimage\"},\"image\":{\"@id\":\"https:\/\/barrsell.com\/urun\/antarktika-wbc-azot\/#primaryimage\"},\"thumbnailUrl\":\"https:\/\/barrsell.com\/wp-content\/uploads\/2024\/10\/Antarktika-WBC-Azot.png\",\"datePublished\":\"2024-10-17T18:17:59+00:00\",\"dateModified\":\"2024-12-06T12:48:32+00:00\",\"description\":\"Antarktika WBC Azot serisinden geli\u015fmi\u015f kriyoterapi odas\u0131d\u0131r ve a\u015f\u0131r\u0131 so\u011fuk s\u0131cakl\u0131klara maruz b\u0131rak\u0131larak terap\u00f6tik faydalar sa\u011flamak \u00fczere tasarlanm\u0131\u015ft\u0131r.\",\"breadcrumb\":{\"@id\":\"https:\/\/barrsell.com\/urun\/antarktika-wbc-azot\/#breadcrumb\"},\"inLanguage\":\"en-US\",\"potentialAction\":[{\"@type\":\"ReadAction\",\"target\":[\"https:\/\/barrsell.com\/urun\/antarktika-wbc-azot\/\"]}]},{\"@type\":\"ImageObject\",\"inLanguage\":\"en-US\",\"@id\":\"https:\/\/barrsell.com\/urun\/antarktika-wbc-azot\/#primaryimage\",\"url\":\"https:\/\/barrsell.com\/wp-content\/uploads\/2024\/10\/Antarktika-WBC-Azot.png\",\"contentUrl\":\"https:\/\/barrsell.com\/wp-content\/uploads\/2024\/10\/Antarktika-WBC-Azot.png\",\"width\":1200,\"height\":1200,\"caption\":\"Antarktika WBC Azot\"},{\"@type\":\"BreadcrumbList\",\"@id\":\"https:\/\/barrsell.com\/urun\/antarktika-wbc-azot\/#breadcrumb\",\"itemListElement\":[{\"@type\":\"ListItem\",\"position\":1,\"name\":\"Home\",\"item\":\"https:\/\/barrsell.com\/\"},{\"@type\":\"ListItem\",\"position\":2,\"name\":\"\u00dcr\u00fcnler\",\"item\":\"https:\/\/barrsell.com\/en\/products\/\"},{\"@type\":\"ListItem\",\"position\":3,\"name\":\"Antarktika WBC Azot\"}]},{\"@type\":\"WebSite\",\"@id\":\"https:\/\/barrsell.com\/#website\",\"url\":\"https:\/\/barrsell.com\/\",\"name\":\"Barrsell End\u00fcstri Makine\",\"description\":\"Teknolojiyle G\u00fc\u00e7lenen End\u00fcstriyel \u00c7\u00f6z\u00fcmler!\",\"potentialAction\":[{\"@type\":\"SearchAction\",\"target\":{\"@type\":\"EntryPoint\",\"urlTemplate\":\"https:\/\/barrsell.com\/?s={search_term_string}\"},\"query-input\":\"required name=search_term_string\"}],\"inLanguage\":\"en-US\"}]}<\/script>\n<!-- \/ Yoast SEO Premium plugin. -->","yoast_head_json":{"title":"Antarktika WBC Azot | Barrsell End\u00fcstri","description":"Antarktika WBC Azot serisinden geli\u015fmi\u015f kriyoterapi odas\u0131d\u0131r ve a\u015f\u0131r\u0131 so\u011fuk s\u0131cakl\u0131klara maruz b\u0131rak\u0131larak terap\u00f6tik faydalar sa\u011flamak \u00fczere tasarlanm\u0131\u015ft\u0131r.","robots":{"index":"index","follow":"follow","max-snippet":"max-snippet:-1","max-image-preview":"max-image-preview:large","max-video-preview":"max-video-preview:-1"},"canonical":"https:\/\/barrsell.com\/en\/product\/antarctica-wbc-nitrogen\/","og_locale":"en_US","og_type":"article","og_title":"Antarktika WBC Azot","og_description":"Antarktika WBC Azot serisinden geli\u015fmi\u015f kriyoterapi odas\u0131d\u0131r ve a\u015f\u0131r\u0131 so\u011fuk s\u0131cakl\u0131klara maruz b\u0131rak\u0131larak terap\u00f6tik faydalar sa\u011flamak \u00fczere tasarlanm\u0131\u015ft\u0131r.","og_url":"https:\/\/barrsell.com\/en\/product\/antarctica-wbc-nitrogen\/","og_site_name":"Barrsell","article_modified_time":"2024-12-06T12:48:32+00:00","og_image":[{"width":1200,"height":1200,"url":"https:\/\/barrsell.com\/wp-content\/uploads\/2024\/10\/Antarktika-WBC-Azot.png","type":"image\/png"}],"twitter_card":"summary_large_image","twitter_misc":{"Est. reading time":"2 minutes"},"schema":{"@context":"https:\/\/schema.org","@graph":[{"@type":"WebPage","@id":"https:\/\/barrsell.com\/urun\/antarktika-wbc-azot\/","url":"https:\/\/barrsell.com\/urun\/antarktika-wbc-azot\/","name":"Antarktika WBC Azot | Barrsell End\u00fcstri","isPartOf":{"@id":"https:\/\/barrsell.com\/#website"},"primaryImageOfPage":{"@id":"https:\/\/barrsell.com\/urun\/antarktika-wbc-azot\/#primaryimage"},"image":{"@id":"https:\/\/barrsell.com\/urun\/antarktika-wbc-azot\/#primaryimage"},"thumbnailUrl":"https:\/\/barrsell.com\/wp-content\/uploads\/2024\/10\/Antarktika-WBC-Azot.png","datePublished":"2024-10-17T18:17:59+00:00","dateModified":"2024-12-06T12:48:32+00:00","description":"Antarktika WBC Azot serisinden geli\u015fmi\u015f kriyoterapi odas\u0131d\u0131r ve a\u015f\u0131r\u0131 so\u011fuk s\u0131cakl\u0131klara maruz b\u0131rak\u0131larak terap\u00f6tik faydalar sa\u011flamak \u00fczere tasarlanm\u0131\u015ft\u0131r.","breadcrumb":{"@id":"https:\/\/barrsell.com\/urun\/antarktika-wbc-azot\/#breadcrumb"},"inLanguage":"en-US","potentialAction":[{"@type":"ReadAction","target":["https:\/\/barrsell.com\/urun\/antarktika-wbc-azot\/"]}]},{"@type":"ImageObject","inLanguage":"en-US","@id":"https:\/\/barrsell.com\/urun\/antarktika-wbc-azot\/#primaryimage","url":"https:\/\/barrsell.com\/wp-content\/uploads\/2024\/10\/Antarktika-WBC-Azot.png","contentUrl":"https:\/\/barrsell.com\/wp-content\/uploads\/2024\/10\/Antarktika-WBC-Azot.png","width":1200,"height":1200,"caption":"Antarktika WBC Azot"},{"@type":"BreadcrumbList","@id":"https:\/\/barrsell.com\/urun\/antarktika-wbc-azot\/#breadcrumb","itemListElement":[{"@type":"ListItem","position":1,"name":"Home","item":"https:\/\/barrsell.com\/"},{"@type":"ListItem","position":2,"name":"\u00dcr\u00fcnler","item":"https:\/\/barrsell.com\/en\/products\/"},{"@type":"ListItem","position":3,"name":"Antarktika WBC Azot"}]},{"@type":"WebSite","@id":"https:\/\/barrsell.com\/#website","url":"https:\/\/barrsell.com\/","name":"Barrsell End\u00fcstri Makine","description":"Teknolojiyle G\u00fc\u00e7lenen End\u00fcstriyel \u00c7\u00f6z\u00fcmler!","potentialAction":[{"@type":"SearchAction","target":{"@type":"EntryPoint","urlTemplate":"https:\/\/barrsell.com\/?s={search_term_string}"},"query-input":"required name=search_term_string"}],"inLanguage":"en-US"}]}},"_links":{"self":[{"href":"https:\/\/barrsell.com\/en\/wp-json\/wp\/v2\/product\/16594","targetHints":{"allow":["GET"]}}],"collection":[{"href":"https:\/\/barrsell.com\/en\/wp-json\/wp\/v2\/product"}],"about":[{"href":"https:\/\/barrsell.com\/en\/wp-json\/wp\/v2\/types\/product"}],"version-history":[{"count":3,"href":"https:\/\/barrsell.com\/en\/wp-json\/wp\/v2\/product\/16594\/revisions"}],"predecessor-version":[{"id":16598,"href":"https:\/\/barrsell.com\/en\/wp-json\/wp\/v2\/product\/16594\/revisions\/16598"}],"wp:featuredmedia":[{"embeddable":true,"href":"https:\/\/barrsell.com\/en\/wp-json\/wp\/v2\/media\/16595"}],"wp:attachment":[{"href":"https:\/\/barrsell.com\/en\/wp-json\/wp\/v2\/media?parent=16594"}],"wp:term":[{"taxonomy":"product_cat","embeddable":true,"href":"https:\/\/barrsell.com\/en\/wp-json\/wp\/v2\/product_cat?post=16594"},{"taxonomy":"product_tag","embeddable":true,"href":"https:\/\/barrsell.com\/en\/wp-json\/wp\/v2\/product_tag?post=16594"}],"curies":[{"name":"wp","href":"https:\/\/api.w.org\/{rel}","templated":true}]}}